{"id":8707,"date":"2024-05-22T10:18:48","date_gmt":"2024-05-22T08:18:48","guid":{"rendered":"https:\/\/etoropartners.com\/multi-regulated-platform\/"},"modified":"2024-08-21T15:01:01","modified_gmt":"2024-08-21T13:01:01","slug":"multi-regulated-platform","status":"publish","type":"page","link":"https:\/\/etoropartners.com\/it\/multi-regulated-platform\/","title":{"rendered":"Promoting a multi-regulated platform"},"content":{"rendered":"\n<section class=\"wp-block-group wp-block-group-boxed wp-block-group-small-top-padding wp-block-group-small-bottom-padding\"><div class=\"wp-block-group-inner is-layout-flow wp-block-group-is-layout-flow\">\n<div class=\"wp-block-columns are-vertically-aligned-top wp-block-columns-1 is-layout-flex wp-container-core-columns-is-layout-9d6595d7 wp-block-columns-is-layout-flex\">\n<div class=\"wp-block-column wp-block-column-align-desktop-center wp-block-column-align-mobile-center is-layout-flow wp-block-column-is-layout-flow\">\n<h2 class=\"wp-block-heading has-text-align-center\">Promozione di una piattaforma multi-regolamentata<\/h2>\n\n\n\n<figure class=\"wp-block-image size-full\"><img loading=\"lazy\" decoding=\"async\" width=\"1600\" height=\"400\" src=\"https:\/\/etoropartners.com\/wp-content\/uploads\/2024\/05\/Cover_multi-regulated-platform-1.jpg\" alt=\"\" class=\"wp-image-8144 wp-image-desktop\" srcset=\"https:\/\/etoropartners.com\/wp-content\/uploads\/2024\/05\/Cover_multi-regulated-platform-1.jpg 1600w, https:\/\/etoropartners.com\/wp-content\/uploads\/2024\/05\/Cover_multi-regulated-platform-1-300x75.jpg 300w, https:\/\/etoropartners.com\/wp-content\/uploads\/2024\/05\/Cover_multi-regulated-platform-1-1024x256.jpg 1024w, https:\/\/etoropartners.com\/wp-content\/uploads\/2024\/05\/Cover_multi-regulated-platform-1-768x192.jpg 768w, https:\/\/etoropartners.com\/wp-content\/uploads\/2024\/05\/Cover_multi-regulated-platform-1-1536x384.jpg 1536w\" sizes=\"auto, (max-width: 1600px) 100vw, 1600px\" \/><\/figure>\n<\/div>\n<\/div>\n<\/div><\/section>\n\n\n\n<section class=\"wp-block-group wp-block-group-boxed wp-block-group-small-top-padding wp-block-group-small-bottom-padding\"><div class=\"wp-block-group-inner is-layout-flow wp-block-group-is-layout-flow\">\n<div class=\"wp-block-columns are-vertically-aligned-top wp-block-columns-1 is-layout-flex wp-container-core-columns-is-layout-9d6595d7 wp-block-columns-is-layout-flex\">\n<div class=\"wp-block-column is-layout-flow wp-block-column-is-layout-flow\">\n<p>Le societ\u00e0 che compongono il gruppo eToro sono regolamentate da diverse autorit\u00e0. Ne consegue che, a seconda del Paese, si applicano disposizioni e normative diverse, e non \u00e8 consentito promuovere tutti gli asset in ogni nazione. Le normative applicabili dipendono dal Paese del target a cui ci si rivolge, dalla lingua utilizzata sul sito web, dall\u2019estensione di dominio dell\u2019URL e dal riferimento a specifiche nazioni o a elementi ad esse correlati quali valute locali.<\/p>\n<\/div>\n<\/div>\n<\/div><\/section>\n\n\n\n<section class=\"wp-block-group wp-block-group-boxed wp-block-group-small-top-padding wp-block-group-small-bottom-padding\"><div class=\"wp-block-group-inner is-layout-flow wp-block-group-is-layout-flow\">\n<div class=\"wp-block-columns are-vertically-aligned-top wp-block-columns-1 is-layout-flex wp-container-core-columns-is-layout-9d6595d7 wp-block-columns-is-layout-flex\">\n<div class=\"wp-block-column wp-block-column-align-desktop-center wp-block-column-align-mobile-center is-layout-flow wp-block-column-is-layout-flow\">\n<figure class=\"wp-block-embed is-type-rich is-provider-embed-handler wp-block-embed-embed-handler wp-embed-aspect-4-3 wp-has-aspect-ratio\"><div class=\"wp-block-embed__wrapper\">\n<div class=\"ec-video\"><iframe loading=\"lazy\" title=\"IT-Compliance training video 3 - 1:1 - How to promote a multiregulated platform\" width=\"500\" height=\"375\" src=\"https:\/\/www.youtube.com\/embed\/pqqeRPcJY38?feature=oembed\" frameborder=\"0\" allow=\"accelerometer; autoplay; clipboard-write; encrypted-media; gyroscope; picture-in-picture; web-share\" referrerpolicy=\"strict-origin-when-cross-origin\" allowfullscreen><\/iframe><\/div>\n<\/div><\/figure>\n<\/div>\n<\/div>\n<\/div><\/section>\n\n\n\n<section class=\"wp-block-group wp-block-group-boxed wp-block-group-small-top-padding wp-block-group-small-bottom-padding\"><div class=\"wp-block-group-inner is-layout-flow wp-block-group-is-layout-flow\">\n<div class=\"wp-block-columns are-vertically-aligned-top wp-block-columns-1 is-layout-flex wp-container-core-columns-is-layout-9d6595d7 wp-block-columns-is-layout-flex\">\n<div class=\"wp-block-column is-layout-flow wp-block-column-is-layout-flow\">\n<p>Assicurati dunque di <strong>non promuovere eToro in un Paese soggetto a restrizioni<\/strong>, in primo luogo perch\u00e9 non saranno riconosciute CPA in relazione a queste nazioni, ma anche perch\u00e9 promuovere eToro in Paesi soggetti a restrizioni costituisce una grave violazione passibile di tradursi nell\u2019interruzione della partnership. Si raccomanda quindi di prestare la massima attenzione.<\/p>\n\n\n\n<p>Inoltre, assicurati di <strong>promuovere asset che possono essere oggetto di comunicazioni di marketing nel Paese <\/strong>target. Non dimenticare che in alcuni Paesi vigono restrizioni in fatto di promozione di determinati asset, per cui assicurati di aver compreso appieno quali \u00e8 possibile promuovere o meno. Per esempi concreti, si rimanda alle linee guida.<br><br>Ad esempio, negli Stati Uniti \u00e8 consentito promuovere le criptovalute. Se si dispone di un&#8217;approvazione speciale, \u00e8 inoltre possibile promuovere azioni, ETF e opzioni. Ma i CFD NON sono disponibili negli Stati Uniti, per cui forex, materie prime, vendite allo scoperto e leva finanziaria non rientrano nell\u2019offerta e non possono essere oggetto di promozioni negli Stati Uniti.&nbsp;<br><\/p>\n\n\n\n<p>Per ulteriori informazioni sui vari Paesi e sulle restrizioni di prodotto vigenti, visita la nostra<a href=\"https:\/\/etoropartners.com\/it\/guidelines\/\"> sezione delle linee guida<\/a>. Ricorda che l\u2019elenco \u00e8 soggetto a modifiche periodiche.<\/p>\n\n\n\n<p>\u00c8 inoltre importante avere consapevolezza di <strong>quali entit\u00e0 offrono quali prodotti<\/strong>. Ad esempio, negli Stati Uniti, eToro USA LLC mette a disposizione dei clienti statunitensi una piattaforma per l&#8217;acquisto e la vendita di criptovalute, che \u00e8 regolamentata da FinCen; eToro USA Securities Inc. \u00e8 un broker-dealer regolamentato dalla FINRA, che supporta il trading di azioni, ETF e opzioni. Non confondere le due cose.<\/p>\n\n\n\n<p>Puoi consultare l&#8217;elenco completo di entit\u00e0, offerte di prodotti e licenze alla pagina <a href=\"https:\/\/www.etoro.com\/it\/customer-service\/regulation-license\/\">\u201cRegolamenti e Licenze\u201d<\/a> su eToro.&nbsp;<\/p>\n\n\n\n<p><strong>Presta poi attenzione alle avvertenze sui rischi<\/strong>. Le avvertenze sui rischi da utilizzare variano a seconda dei Paesi in cui si promuove eToro, nonch\u00e9 degli asset oggetto di promozione. Consulta il nostro tutorial relativo alle avvertenze sui rischi disponibile nella <a href=\"https:\/\/etoropartners.com\/it\/guidelines\/\">sezione delle linee guida<\/a> per scoprire quali vanno utilizzate e quando.&nbsp;<\/p>\n\n\n\n<p>Se si promuovono pi\u00f9 asset, si raccomanda di utilizzare tutte le avvertenze sui rischi applicabili.&nbsp;<\/p>\n\n\n\n<p>Talvolta sono applicabili pi\u00f9 normative. Ad esempio, quando si promuove in spagnolo o in inglese, \u00e8 possibile che si abbia a che fare con un pubblico eterogeneo residente in Paesi diversi. In casi simili, occorre ottemperare alle disposizioni di tutte le autorit\u00e0 di regolamentazione preposte.<\/p>\n<\/div>\n<\/div>\n<\/div><\/section>\n","protected":false},"excerpt":{"rendered":"<p>Promozione di una piattaforma multi-regolamentata Le societ\u00e0 che compongono il gruppo eToro sono regolamentate da diverse autorit\u00e0. Ne consegue che, a seconda del Paese, si applicano disposizioni e normative diverse, e non \u00e8 consentito promuovere tutti gli asset in ogni nazione. Le normative applicabili dipendono dal Paese del target a cui ci si rivolge, dalla [&hellip;]<\/p>\n","protected":false},"author":11,"featured_media":8123,"parent":0,"menu_order":0,"comment_status":"closed","ping_status":"closed","template":"","meta":{"_acf_changed":false,"sticky_cta_settings":"","footnotes":""},"class_list":["post-8707","page","type-page","status-publish","has-post-thumbnail","hentry"],"acf":[],"yoast_head":"<!-- This site is optimized with the Yoast SEO plugin v27.3 - https:\/\/yoast.com\/product\/yoast-seo-wordpress\/ -->\n<title>Promozione di una piattaforma multi-regolamentata<\/title>\n<meta name=\"description\" content=\"Le societ\u00e0 che compongono il gruppo eToro sono regolamentate da diverse autorit\u00e0. Ne consegue che prescrizioni e norme differenti si applicano a Paesi diversi\" \/>\n<meta name=\"robots\" content=\"index, follow, max-snippet:-1, max-image-preview:large, max-video-preview:-1\" \/>\n<link rel=\"canonical\" href=\"https:\/\/etoropartners.com\/it\/multi-regulated-platform\/\" \/>\n<meta property=\"og:locale\" content=\"it_IT\" \/>\n<meta property=\"og:type\" content=\"article\" \/>\n<meta property=\"og:title\" content=\"Promozione di una piattaforma multi-regolamentata\" \/>\n<meta property=\"og:description\" content=\"Le societ\u00e0 che compongono il gruppo eToro sono regolamentate da diverse autorit\u00e0. Ne consegue che prescrizioni e norme differenti si applicano a Paesi diversi\" \/>\n<meta property=\"og:url\" content=\"https:\/\/etoropartners.com\/it\/multi-regulated-platform\/\" \/>\n<meta property=\"og:site_name\" content=\"eToro Partners\" \/>\n<meta property=\"article:modified_time\" content=\"2024-08-21T13:01:01+00:00\" \/>\n<meta property=\"og:image\" content=\"https:\/\/etoropartners.com\/wp-content\/uploads\/2024\/05\/Featured_multi-regulated-platform.png\" \/>\n\t<meta property=\"og:image:width\" content=\"1200\" \/>\n\t<meta property=\"og:image:height\" content=\"630\" \/>\n\t<meta property=\"og:image:type\" content=\"image\/png\" \/>\n<meta name=\"twitter:card\" content=\"summary_large_image\" \/>\n<meta name=\"twitter:label1\" content=\"Tempo di lettura stimato\" \/>\n\t<meta name=\"twitter:data1\" content=\"3 minuti\" \/>\n<script type=\"application\/ld+json\" class=\"yoast-schema-graph\">{\"@context\":\"https:\\\/\\\/schema.org\",\"@graph\":[{\"@type\":\"WebPage\",\"@id\":\"https:\\\/\\\/etoropartners.com\\\/it\\\/multi-regulated-platform\\\/\",\"url\":\"https:\\\/\\\/etoropartners.com\\\/it\\\/multi-regulated-platform\\\/\",\"name\":\"Promozione di una piattaforma multi-regolamentata\",\"isPartOf\":{\"@id\":\"https:\\\/\\\/etoropartners.com\\\/it\\\/#website\"},\"primaryImageOfPage\":{\"@id\":\"https:\\\/\\\/etoropartners.com\\\/it\\\/multi-regulated-platform\\\/#primaryimage\"},\"image\":{\"@id\":\"https:\\\/\\\/etoropartners.com\\\/it\\\/multi-regulated-platform\\\/#primaryimage\"},\"thumbnailUrl\":\"https:\\\/\\\/etoropartners.com\\\/wp-content\\\/uploads\\\/2024\\\/05\\\/Featured_multi-regulated-platform.png\",\"datePublished\":\"2024-05-22T08:18:48+00:00\",\"dateModified\":\"2024-08-21T13:01:01+00:00\",\"description\":\"Le societ\u00e0 che compongono il gruppo eToro sono regolamentate da diverse autorit\u00e0. Ne consegue che prescrizioni e norme differenti si applicano a Paesi diversi\",\"breadcrumb\":{\"@id\":\"https:\\\/\\\/etoropartners.com\\\/it\\\/multi-regulated-platform\\\/#breadcrumb\"},\"inLanguage\":\"it-IT\",\"potentialAction\":[{\"@type\":\"ReadAction\",\"target\":[\"https:\\\/\\\/etoropartners.com\\\/it\\\/multi-regulated-platform\\\/\"]}]},{\"@type\":\"ImageObject\",\"inLanguage\":\"it-IT\",\"@id\":\"https:\\\/\\\/etoropartners.com\\\/it\\\/multi-regulated-platform\\\/#primaryimage\",\"url\":\"https:\\\/\\\/etoropartners.com\\\/wp-content\\\/uploads\\\/2024\\\/05\\\/Featured_multi-regulated-platform.png\",\"contentUrl\":\"https:\\\/\\\/etoropartners.com\\\/wp-content\\\/uploads\\\/2024\\\/05\\\/Featured_multi-regulated-platform.png\",\"width\":1200,\"height\":630},{\"@type\":\"BreadcrumbList\",\"@id\":\"https:\\\/\\\/etoropartners.com\\\/it\\\/multi-regulated-platform\\\/#breadcrumb\",\"itemListElement\":[{\"@type\":\"ListItem\",\"position\":1,\"name\":\"Home\",\"item\":\"https:\\\/\\\/etoropartners.com\\\/it\\\/\"},{\"@type\":\"ListItem\",\"position\":2,\"name\":\"Promoting a multi-regulated platform\"}]},{\"@type\":\"WebSite\",\"@id\":\"https:\\\/\\\/etoropartners.com\\\/it\\\/#website\",\"url\":\"https:\\\/\\\/etoropartners.com\\\/it\\\/\",\"name\":\"eToro Partners\",\"description\":\"\",\"potentialAction\":[{\"@type\":\"SearchAction\",\"target\":{\"@type\":\"EntryPoint\",\"urlTemplate\":\"https:\\\/\\\/etoropartners.com\\\/it\\\/?s={search_term_string}\"},\"query-input\":{\"@type\":\"PropertyValueSpecification\",\"valueRequired\":true,\"valueName\":\"search_term_string\"}}],\"inLanguage\":\"it-IT\"}]}<\/script>\n<!-- \/ Yoast SEO plugin. -->","yoast_head_json":{"title":"Promozione di una piattaforma multi-regolamentata","description":"Le societ\u00e0 che compongono il gruppo eToro sono regolamentate da diverse autorit\u00e0. Ne consegue che prescrizioni e norme differenti si applicano a Paesi diversi","robots":{"index":"index","follow":"follow","max-snippet":"max-snippet:-1","max-image-preview":"max-image-preview:large","max-video-preview":"max-video-preview:-1"},"canonical":"https:\/\/etoropartners.com\/it\/multi-regulated-platform\/","og_locale":"it_IT","og_type":"article","og_title":"Promozione di una piattaforma multi-regolamentata","og_description":"Le societ\u00e0 che compongono il gruppo eToro sono regolamentate da diverse autorit\u00e0. Ne consegue che prescrizioni e norme differenti si applicano a Paesi diversi","og_url":"https:\/\/etoropartners.com\/it\/multi-regulated-platform\/","og_site_name":"eToro Partners","article_modified_time":"2024-08-21T13:01:01+00:00","og_image":[{"width":1200,"height":630,"url":"https:\/\/etoropartners.com\/wp-content\/uploads\/2024\/05\/Featured_multi-regulated-platform.png","type":"image\/png"}],"twitter_card":"summary_large_image","twitter_misc":{"Tempo di lettura stimato":"3 minuti"},"schema":{"@context":"https:\/\/schema.org","@graph":[{"@type":"WebPage","@id":"https:\/\/etoropartners.com\/it\/multi-regulated-platform\/","url":"https:\/\/etoropartners.com\/it\/multi-regulated-platform\/","name":"Promozione di una piattaforma multi-regolamentata","isPartOf":{"@id":"https:\/\/etoropartners.com\/it\/#website"},"primaryImageOfPage":{"@id":"https:\/\/etoropartners.com\/it\/multi-regulated-platform\/#primaryimage"},"image":{"@id":"https:\/\/etoropartners.com\/it\/multi-regulated-platform\/#primaryimage"},"thumbnailUrl":"https:\/\/etoropartners.com\/wp-content\/uploads\/2024\/05\/Featured_multi-regulated-platform.png","datePublished":"2024-05-22T08:18:48+00:00","dateModified":"2024-08-21T13:01:01+00:00","description":"Le societ\u00e0 che compongono il gruppo eToro sono regolamentate da diverse autorit\u00e0. Ne consegue che prescrizioni e norme differenti si applicano a Paesi diversi","breadcrumb":{"@id":"https:\/\/etoropartners.com\/it\/multi-regulated-platform\/#breadcrumb"},"inLanguage":"it-IT","potentialAction":[{"@type":"ReadAction","target":["https:\/\/etoropartners.com\/it\/multi-regulated-platform\/"]}]},{"@type":"ImageObject","inLanguage":"it-IT","@id":"https:\/\/etoropartners.com\/it\/multi-regulated-platform\/#primaryimage","url":"https:\/\/etoropartners.com\/wp-content\/uploads\/2024\/05\/Featured_multi-regulated-platform.png","contentUrl":"https:\/\/etoropartners.com\/wp-content\/uploads\/2024\/05\/Featured_multi-regulated-platform.png","width":1200,"height":630},{"@type":"BreadcrumbList","@id":"https:\/\/etoropartners.com\/it\/multi-regulated-platform\/#breadcrumb","itemListElement":[{"@type":"ListItem","position":1,"name":"Home","item":"https:\/\/etoropartners.com\/it\/"},{"@type":"ListItem","position":2,"name":"Promoting a multi-regulated platform"}]},{"@type":"WebSite","@id":"https:\/\/etoropartners.com\/it\/#website","url":"https:\/\/etoropartners.com\/it\/","name":"eToro Partners","description":"","potentialAction":[{"@type":"SearchAction","target":{"@type":"EntryPoint","urlTemplate":"https:\/\/etoropartners.com\/it\/?s={search_term_string}"},"query-input":{"@type":"PropertyValueSpecification","valueRequired":true,"valueName":"search_term_string"}}],"inLanguage":"it-IT"}]}},"_links":{"self":[{"href":"https:\/\/etoropartners.com\/it\/wp-json\/wp\/v2\/pages\/8707","targetHints":{"allow":["GET"]}}],"collection":[{"href":"https:\/\/etoropartners.com\/it\/wp-json\/wp\/v2\/pages"}],"about":[{"href":"https:\/\/etoropartners.com\/it\/wp-json\/wp\/v2\/types\/page"}],"author":[{"embeddable":true,"href":"https:\/\/etoropartners.com\/it\/wp-json\/wp\/v2\/users\/11"}],"replies":[{"embeddable":true,"href":"https:\/\/etoropartners.com\/it\/wp-json\/wp\/v2\/comments?post=8707"}],"version-history":[{"count":0,"href":"https:\/\/etoropartners.com\/it\/wp-json\/wp\/v2\/pages\/8707\/revisions"}],"wp:featuredmedia":[{"embeddable":true,"href":"https:\/\/etoropartners.com\/it\/wp-json\/wp\/v2\/media\/8123"}],"wp:attachment":[{"href":"https:\/\/etoropartners.com\/it\/wp-json\/wp\/v2\/media?parent=8707"}],"curies":[{"name":"wp","href":"https:\/\/api.w.org\/{rel}","templated":true}]}}