{"id":8675,"date":"2024-05-22T08:47:21","date_gmt":"2024-05-22T06:47:21","guid":{"rendered":"https:\/\/etoropartners.com\/8-most-important-things\/"},"modified":"2024-08-20T11:35:57","modified_gmt":"2024-08-20T09:35:57","slug":"8-most-important-things","status":"publish","type":"page","link":"https:\/\/etoropartners.com\/it\/8-most-important-things\/","title":{"rendered":"Le 8 cose pi\u00f9 importanti per creare una campagna conforme"},"content":{"rendered":"\n<section class=\"wp-block-group wp-block-group-boxed wp-block-group-small-top-padding wp-block-group-small-bottom-padding\"><div class=\"wp-block-group-inner is-layout-flow wp-block-group-is-layout-flow\">\n<div class=\"wp-block-columns are-vertically-aligned-top wp-block-columns-1 is-layout-flex wp-container-core-columns-is-layout-9d6595d7 wp-block-columns-is-layout-flex\">\n<div class=\"wp-block-column wp-block-column-align-desktop-center wp-block-column-align-mobile-center is-layout-flow wp-block-column-is-layout-flow\">\n<h2 class=\"wp-block-heading has-text-align-center\">Le 8 cose pi\u00f9 importanti per creare una campagna conforme<\/h2>\n\n\n\n<figure class=\"wp-block-image size-full\"><img loading=\"lazy\" decoding=\"async\" width=\"1600\" height=\"400\" src=\"https:\/\/etoropartners.com\/wp-content\/uploads\/2024\/05\/Cover_8-most-important-things.jpg\" alt=\"8 most important things to consider when creating a compliant campaign\" class=\"wp-image-8016 wp-image-desktop\" srcset=\"https:\/\/etoropartners.com\/wp-content\/uploads\/2024\/05\/Cover_8-most-important-things.jpg 1600w, https:\/\/etoropartners.com\/wp-content\/uploads\/2024\/05\/Cover_8-most-important-things-300x75.jpg 300w, https:\/\/etoropartners.com\/wp-content\/uploads\/2024\/05\/Cover_8-most-important-things-1024x256.jpg 1024w, https:\/\/etoropartners.com\/wp-content\/uploads\/2024\/05\/Cover_8-most-important-things-768x192.jpg 768w, https:\/\/etoropartners.com\/wp-content\/uploads\/2024\/05\/Cover_8-most-important-things-1536x384.jpg 1536w\" sizes=\"auto, (max-width: 1600px) 100vw, 1600px\" \/><\/figure>\n<\/div>\n<\/div>\n<\/div><\/section>\n\n\n\n<section class=\"wp-block-group wp-block-group-boxed wp-block-group-small-top-padding wp-block-group-small-bottom-padding\"><div class=\"wp-block-group-inner is-layout-flow wp-block-group-is-layout-flow\">\n<div class=\"wp-block-columns are-vertically-aligned-top wp-block-columns-1 is-layout-flex wp-container-core-columns-is-layout-9d6595d7 wp-block-columns-is-layout-flex\">\n<div class=\"wp-block-column is-layout-flow wp-block-column-is-layout-flow\">\n<p class=\"has-text-align-left\">eToro \u00e8 un brand autorevole, che offre ai trader e agli investitori di tutto il mondo sicurezza e rispetto delle normative nell\u2019attivit\u00e0 di trading. Ecco perch\u00e9 \u00e8 fondamentale creare una campagna che ottemperi ai requisiti normativi e alle<a href=\"https:\/\/etoropartners.com\/it\/guidelines\/\"> linee guida<\/a> della giurisdizione in cui stai promuovendo eToro.<\/p>\n\n\n\n<p>Attieniti alle <a href=\"https:\/\/etoropartners.com\/it\/guidelines\/\">linee guida per gli affiliati<\/a> e alle regole riportate di seguito per assicurarti di creare una partnership conforme. Ti ricordiamo che gli affiliati che promuovono eToro in maniera non conforme sono soggetti a sanzioni. In caso di <strong>violazioni alla compliance <\/strong>o di omessa collaborazione, provvederemo a disattivare il tuo account, potremmo <strong>annullare eventuali pagamenti e revocare la partnership<\/strong>.<\/p>\n\n\n\n<p>Ricordati di controllare periodicamente le tue campagne. Operiamo in un ambiente caratterizzato da un ritmo serrato, che impone piena conformit\u00e0 alle normative e all\u2019evoluzione dei mercati, motivo per cui ci riserviamo la facolt\u00e0 di richiedere rettifiche e\/o revisioni, ove opportuno.<\/p>\n<\/div>\n<\/div>\n<\/div><\/section>\n\n\n\n<section class=\"wp-block-group wp-block-group-boxed wp-block-group-small-top-padding wp-block-group-small-bottom-padding\"><div class=\"wp-block-group-inner is-layout-flow wp-block-group-is-layout-flow\">\n<div class=\"wp-block-columns are-vertically-aligned-top wp-block-columns-1 is-layout-flex wp-container-core-columns-is-layout-9d6595d7 wp-block-columns-is-layout-flex\">\n<div class=\"wp-block-column wp-block-column-align-desktop-center wp-block-column-align-mobile-center is-layout-flow wp-block-column-is-layout-flow\">\n<figure class=\"wp-block-embed is-type-rich is-provider-embed-handler wp-block-embed-embed-handler wp-embed-aspect-16-9 wp-has-aspect-ratio\"><div class=\"wp-block-embed__wrapper\">\n<div class=\"ec-video\"><iframe loading=\"lazy\" title=\"IT-Compliance Training Video 1 - 8 most important things\" width=\"500\" height=\"281\" src=\"https:\/\/www.youtube.com\/embed\/1XOWJrrNuRo?feature=oembed\" frameborder=\"0\" allow=\"accelerometer; autoplay; clipboard-write; encrypted-media; gyroscope; picture-in-picture; web-share\" referrerpolicy=\"strict-origin-when-cross-origin\" allowfullscreen><\/iframe><\/div>\n<\/div><\/figure>\n<\/div>\n<\/div>\n<\/div><\/section>\n\n\n\n<section class=\"wp-block-group wp-block-group-boxed wp-block-group-small-top-padding wp-block-group-small-bottom-padding\"><div class=\"wp-block-group-inner is-layout-flow wp-block-group-is-layout-flow\">\n<div class=\"wp-block-columns are-vertically-aligned-top wp-block-columns-1 is-layout-flex wp-container-core-columns-is-layout-9d6595d7 wp-block-columns-is-layout-flex\">\n<div class=\"wp-block-column is-layout-flow wp-block-column-is-layout-flow\">\n<p class=\"is-style-heading-2\"><strong>Comunica i tuoi URL<\/strong><\/p>\n\n\n\n<p>Assicurati di promuovere eToro ESCLUSIVAMENTE sui siti web che hai indicato a eToro. Se vuoi promuovere eToro su un nuovo canale o sito, devi prima informare il tuo Affiliate Manager e attendere l&#8217;approvazione. Dobbiamo sapere con precisione come e dove viene promosso eToro.&nbsp;<\/p>\n\n\n\n<p class=\"is-style-heading-2\"><strong>Informazioni accurate, coerenti e non fuorvianti\u00a0<\/strong><\/p>\n\n\n\n<p>Sii preciso, coerente e non fuorviante. Assicurati che tutte le informazioni siano corrette e aggiornate. Non dimenticare mai di indicare i rischi. Non descrivere gli investimenti come un\u2019attivit\u00e0 semplice e non fare false promesse o dichiarazioni fuorvianti. Non utilizzare eToro nel tuo nome di dominio e non dichiarare che rappresenti o lavori per eToro.<\/p>\n\n\n\n<p class=\"is-style-heading-2\"><strong>Paesi vietati\u00a0<\/strong><\/p>\n\n\n\n<p>Non promuovere eToro in <a href=\"https:\/\/etoropartners.com\/it\/guidelines\/\">Paesi vietati<\/a>. Ricorda che questo tipo di promozioni non verr\u00e0 retribuito. Puoi consultare l\u2019elenco dei Paesi vietati nelle linee guida. Assicurati di non utilizzare il Paese nell&#8217;URL, l&#8217;estensione dello stesso o la lingua e di non farne menzione nella pagina.<\/p>\n\n\n\n<p class=\"is-style-heading-2\"><strong>Restrizioni sui prodotti<\/strong><\/p>\n\n\n\n<p>Prendi visione delle <a href=\"https:\/\/etoropartners.com\/it\/guidelines\/\">restrizioni sui prodotti<\/a>: non \u00e8 consentito promuovere determinati tipi di asset in alcuni Paesi. Se la tua attivit\u00e0 di promozione avviene in tutto il mondo, assicurati di menzionare cosa e dove \u00e8 disponibile, nonch\u00e9 cosa non lo \u00e8, come ad esempio: \u201cFai trading di criptovalute, azioni, materie prime e forex su eToro (materie prime e forex non sono disponibili negli Stati Uniti)\u201d. Le normative sono passibili di modifiche, per cui accertati periodicamente di verificare le restrizioni.<\/p>\n\n\n\n<p class=\"is-style-heading-2\"><strong>Non dispensiamo consigli o pareri di investimento\u00a0<\/strong><\/p>\n\n\n\n<p>Non citare eToro in materiale recante consigli o pareri di investimento.\u00a0<br><\/p>\n\n\n\n<p class=\"is-style-heading-2\"><strong>Avvertenze sui rischi\u00a0<\/strong><\/p>\n\n\n\n<p>Assicurati sempre di apporre la corretta <a href=\"https:\/\/etoropartners.com\/it\/guidelines\/\">avvertenza sui rischi<\/a> dove richiesto e nella stessa dimensione del resto del testo. Puoi consultare le avvertenze sui rischi nella sezione dedicata alle linee guida. I disclaimer devono essere posizionati in prossimit\u00e0 di ogni link che reindirizza a eToro, in cima a recensioni e articoli, all\u2019interno dei video e nelle rispettive descrizioni.<\/p>\n\n\n\n<p class=\"is-style-heading-2\"><strong>Non creare un senso di urgenza\u00a0<\/strong><\/p>\n\n\n\n<p>Non creare un senso di urgenza per l\u2019acquisto di determinati strumenti.\u00a0<\/p>\n\n\n\n<p class=\"is-style-heading-2\"><strong>Non contribuire alla divulgazione di KYC o a tentativi di truffa\u00a0<\/strong><\/p>\n\n\n\n<p>Non divulgare informazioni riservate, non aiutare i trader a perpetrare truffe ai danni di eToro, non istruire i trader su come rispondere alle domande KYC e non incentivarli a operare sulla piattaforma.\u00a0<br><\/p>\n<\/div>\n<\/div>\n<\/div><\/section>\n","protected":false},"excerpt":{"rendered":"<p>Le 8 cose pi\u00f9 importanti per creare una campagna conforme eToro \u00e8 un brand autorevole, che offre ai trader e agli investitori di tutto il mondo sicurezza e rispetto delle normative nell\u2019attivit\u00e0 di trading. Ecco perch\u00e9 \u00e8 fondamentale creare una campagna che ottemperi ai requisiti normativi e alle linee guida della giurisdizione in cui stai [&hellip;]<\/p>\n","protected":false},"author":11,"featured_media":8070,"parent":0,"menu_order":0,"comment_status":"closed","ping_status":"closed","template":"","meta":{"_acf_changed":false,"sticky_cta_settings":"","footnotes":""},"class_list":["post-8675","page","type-page","status-publish","has-post-thumbnail","hentry"],"acf":[],"yoast_head":"<!-- This site is optimized with the Yoast SEO plugin v27.3 - https:\/\/yoast.com\/product\/yoast-seo-wordpress\/ -->\n<title>Le 8 cose pi\u00f9 importanti per creare una campagna conforme<\/title>\n<meta name=\"description\" content=\"eToro \u00e8 un brand autorevole che offre ai trader e agli investitori di tutto il mondo un&#039;esperienza di trading sicura e regolamentata. \u00c8 fondamentale predisporre una campagna che ottemperi alle prescrizioni normative\" \/>\n<meta name=\"robots\" content=\"index, follow, max-snippet:-1, max-image-preview:large, max-video-preview:-1\" \/>\n<link rel=\"canonical\" href=\"https:\/\/etoropartners.com\/it\/8-most-important-things\/\" \/>\n<meta property=\"og:locale\" content=\"it_IT\" \/>\n<meta property=\"og:type\" content=\"article\" \/>\n<meta property=\"og:title\" content=\"Le 8 cose pi\u00f9 importanti per creare una campagna conforme\" \/>\n<meta property=\"og:description\" content=\"eToro \u00e8 un brand autorevole che offre ai trader e agli investitori di tutto il mondo un&#039;esperienza di trading sicura e regolamentata. \u00c8 fondamentale predisporre una campagna che ottemperi alle prescrizioni normative\" \/>\n<meta property=\"og:url\" content=\"https:\/\/etoropartners.com\/it\/8-most-important-things\/\" \/>\n<meta property=\"og:site_name\" content=\"eToro Partners\" \/>\n<meta property=\"article:modified_time\" content=\"2024-08-20T09:35:57+00:00\" \/>\n<meta property=\"og:image\" content=\"https:\/\/etoropartners.com\/wp-content\/uploads\/2024\/05\/Featured_8-most-important-things.png\" \/>\n\t<meta property=\"og:image:width\" content=\"1200\" \/>\n\t<meta property=\"og:image:height\" content=\"630\" \/>\n\t<meta property=\"og:image:type\" content=\"image\/png\" \/>\n<meta name=\"twitter:card\" content=\"summary_large_image\" \/>\n<meta name=\"twitter:label1\" content=\"Tempo di lettura stimato\" \/>\n\t<meta name=\"twitter:data1\" content=\"4 minuti\" \/>\n<script type=\"application\/ld+json\" class=\"yoast-schema-graph\">{\"@context\":\"https:\\\/\\\/schema.org\",\"@graph\":[{\"@type\":\"WebPage\",\"@id\":\"https:\\\/\\\/etoropartners.com\\\/it\\\/8-most-important-things\\\/\",\"url\":\"https:\\\/\\\/etoropartners.com\\\/it\\\/8-most-important-things\\\/\",\"name\":\"Le 8 cose pi\u00f9 importanti per creare una campagna conforme\",\"isPartOf\":{\"@id\":\"https:\\\/\\\/etoropartners.com\\\/it\\\/#website\"},\"primaryImageOfPage\":{\"@id\":\"https:\\\/\\\/etoropartners.com\\\/it\\\/8-most-important-things\\\/#primaryimage\"},\"image\":{\"@id\":\"https:\\\/\\\/etoropartners.com\\\/it\\\/8-most-important-things\\\/#primaryimage\"},\"thumbnailUrl\":\"https:\\\/\\\/etoropartners.com\\\/wp-content\\\/uploads\\\/2024\\\/05\\\/Featured_8-most-important-things.png\",\"datePublished\":\"2024-05-22T06:47:21+00:00\",\"dateModified\":\"2024-08-20T09:35:57+00:00\",\"description\":\"eToro \u00e8 un brand autorevole che offre ai trader e agli investitori di tutto il mondo un'esperienza di trading sicura e regolamentata. \u00c8 fondamentale predisporre una campagna che ottemperi alle prescrizioni normative\",\"breadcrumb\":{\"@id\":\"https:\\\/\\\/etoropartners.com\\\/it\\\/8-most-important-things\\\/#breadcrumb\"},\"inLanguage\":\"it-IT\",\"potentialAction\":[{\"@type\":\"ReadAction\",\"target\":[\"https:\\\/\\\/etoropartners.com\\\/it\\\/8-most-important-things\\\/\"]}]},{\"@type\":\"ImageObject\",\"inLanguage\":\"it-IT\",\"@id\":\"https:\\\/\\\/etoropartners.com\\\/it\\\/8-most-important-things\\\/#primaryimage\",\"url\":\"https:\\\/\\\/etoropartners.com\\\/wp-content\\\/uploads\\\/2024\\\/05\\\/Featured_8-most-important-things.png\",\"contentUrl\":\"https:\\\/\\\/etoropartners.com\\\/wp-content\\\/uploads\\\/2024\\\/05\\\/Featured_8-most-important-things.png\",\"width\":1200,\"height\":630,\"caption\":\"8 most important things to consider when creating a compliant campaign\"},{\"@type\":\"BreadcrumbList\",\"@id\":\"https:\\\/\\\/etoropartners.com\\\/it\\\/8-most-important-things\\\/#breadcrumb\",\"itemListElement\":[{\"@type\":\"ListItem\",\"position\":1,\"name\":\"Home\",\"item\":\"https:\\\/\\\/etoropartners.com\\\/it\\\/\"},{\"@type\":\"ListItem\",\"position\":2,\"name\":\"Le 8 cose pi\u00f9 importanti per creare una campagna conforme\"}]},{\"@type\":\"WebSite\",\"@id\":\"https:\\\/\\\/etoropartners.com\\\/it\\\/#website\",\"url\":\"https:\\\/\\\/etoropartners.com\\\/it\\\/\",\"name\":\"eToro Partners\",\"description\":\"\",\"potentialAction\":[{\"@type\":\"SearchAction\",\"target\":{\"@type\":\"EntryPoint\",\"urlTemplate\":\"https:\\\/\\\/etoropartners.com\\\/it\\\/?s={search_term_string}\"},\"query-input\":{\"@type\":\"PropertyValueSpecification\",\"valueRequired\":true,\"valueName\":\"search_term_string\"}}],\"inLanguage\":\"it-IT\"}]}<\/script>\n<!-- \/ Yoast SEO plugin. -->","yoast_head_json":{"title":"Le 8 cose pi\u00f9 importanti per creare una campagna conforme","description":"eToro \u00e8 un brand autorevole che offre ai trader e agli investitori di tutto il mondo un'esperienza di trading sicura e regolamentata. \u00c8 fondamentale predisporre una campagna che ottemperi alle prescrizioni normative","robots":{"index":"index","follow":"follow","max-snippet":"max-snippet:-1","max-image-preview":"max-image-preview:large","max-video-preview":"max-video-preview:-1"},"canonical":"https:\/\/etoropartners.com\/it\/8-most-important-things\/","og_locale":"it_IT","og_type":"article","og_title":"Le 8 cose pi\u00f9 importanti per creare una campagna conforme","og_description":"eToro \u00e8 un brand autorevole che offre ai trader e agli investitori di tutto il mondo un'esperienza di trading sicura e regolamentata. \u00c8 fondamentale predisporre una campagna che ottemperi alle prescrizioni normative","og_url":"https:\/\/etoropartners.com\/it\/8-most-important-things\/","og_site_name":"eToro Partners","article_modified_time":"2024-08-20T09:35:57+00:00","og_image":[{"width":1200,"height":630,"url":"https:\/\/etoropartners.com\/wp-content\/uploads\/2024\/05\/Featured_8-most-important-things.png","type":"image\/png"}],"twitter_card":"summary_large_image","twitter_misc":{"Tempo di lettura stimato":"4 minuti"},"schema":{"@context":"https:\/\/schema.org","@graph":[{"@type":"WebPage","@id":"https:\/\/etoropartners.com\/it\/8-most-important-things\/","url":"https:\/\/etoropartners.com\/it\/8-most-important-things\/","name":"Le 8 cose pi\u00f9 importanti per creare una campagna conforme","isPartOf":{"@id":"https:\/\/etoropartners.com\/it\/#website"},"primaryImageOfPage":{"@id":"https:\/\/etoropartners.com\/it\/8-most-important-things\/#primaryimage"},"image":{"@id":"https:\/\/etoropartners.com\/it\/8-most-important-things\/#primaryimage"},"thumbnailUrl":"https:\/\/etoropartners.com\/wp-content\/uploads\/2024\/05\/Featured_8-most-important-things.png","datePublished":"2024-05-22T06:47:21+00:00","dateModified":"2024-08-20T09:35:57+00:00","description":"eToro \u00e8 un brand autorevole che offre ai trader e agli investitori di tutto il mondo un'esperienza di trading sicura e regolamentata. \u00c8 fondamentale predisporre una campagna che ottemperi alle prescrizioni normative","breadcrumb":{"@id":"https:\/\/etoropartners.com\/it\/8-most-important-things\/#breadcrumb"},"inLanguage":"it-IT","potentialAction":[{"@type":"ReadAction","target":["https:\/\/etoropartners.com\/it\/8-most-important-things\/"]}]},{"@type":"ImageObject","inLanguage":"it-IT","@id":"https:\/\/etoropartners.com\/it\/8-most-important-things\/#primaryimage","url":"https:\/\/etoropartners.com\/wp-content\/uploads\/2024\/05\/Featured_8-most-important-things.png","contentUrl":"https:\/\/etoropartners.com\/wp-content\/uploads\/2024\/05\/Featured_8-most-important-things.png","width":1200,"height":630,"caption":"8 most important things to consider when creating a compliant campaign"},{"@type":"BreadcrumbList","@id":"https:\/\/etoropartners.com\/it\/8-most-important-things\/#breadcrumb","itemListElement":[{"@type":"ListItem","position":1,"name":"Home","item":"https:\/\/etoropartners.com\/it\/"},{"@type":"ListItem","position":2,"name":"Le 8 cose pi\u00f9 importanti per creare una campagna conforme"}]},{"@type":"WebSite","@id":"https:\/\/etoropartners.com\/it\/#website","url":"https:\/\/etoropartners.com\/it\/","name":"eToro Partners","description":"","potentialAction":[{"@type":"SearchAction","target":{"@type":"EntryPoint","urlTemplate":"https:\/\/etoropartners.com\/it\/?s={search_term_string}"},"query-input":{"@type":"PropertyValueSpecification","valueRequired":true,"valueName":"search_term_string"}}],"inLanguage":"it-IT"}]}},"_links":{"self":[{"href":"https:\/\/etoropartners.com\/it\/wp-json\/wp\/v2\/pages\/8675","targetHints":{"allow":["GET"]}}],"collection":[{"href":"https:\/\/etoropartners.com\/it\/wp-json\/wp\/v2\/pages"}],"about":[{"href":"https:\/\/etoropartners.com\/it\/wp-json\/wp\/v2\/types\/page"}],"author":[{"embeddable":true,"href":"https:\/\/etoropartners.com\/it\/wp-json\/wp\/v2\/users\/11"}],"replies":[{"embeddable":true,"href":"https:\/\/etoropartners.com\/it\/wp-json\/wp\/v2\/comments?post=8675"}],"version-history":[{"count":0,"href":"https:\/\/etoropartners.com\/it\/wp-json\/wp\/v2\/pages\/8675\/revisions"}],"wp:featuredmedia":[{"embeddable":true,"href":"https:\/\/etoropartners.com\/it\/wp-json\/wp\/v2\/media\/8070"}],"wp:attachment":[{"href":"https:\/\/etoropartners.com\/it\/wp-json\/wp\/v2\/media?parent=8675"}],"curies":[{"name":"wp","href":"https:\/\/api.w.org\/{rel}","templated":true}]}}