{"id":8624,"date":"2024-05-22T13:20:48","date_gmt":"2024-05-22T11:20:48","guid":{"rendered":"https:\/\/etoropartners.com\/youtube-guidelines\/"},"modified":"2026-02-02T13:38:48","modified_gmt":"2026-02-02T11:38:48","slug":"youtube-guidelines","status":"publish","type":"page","link":"https:\/\/etoropartners.com\/it\/youtube-guidelines\/","title":{"rendered":"Guida alla conformit\u00e0 degli influencer"},"content":{"rendered":"\n<section class=\"wp-block-group wp-block-group-boxed wp-block-group-small-top-padding wp-block-group-small-bottom-padding\"><div class=\"wp-block-group-inner is-layout-flow wp-block-group-is-layout-flow\">\n<div class=\"wp-block-columns are-vertically-aligned-top wp-block-columns-1 is-layout-flex wp-container-core-columns-is-layout-9d6595d7 wp-block-columns-is-layout-flex\">\n<div class=\"wp-block-column wp-block-column-align-desktop-center wp-block-column-align-mobile-center is-layout-flow wp-block-column-is-layout-flow\">\n<h2 class=\"wp-block-heading\">Guida alla conformit\u00e0 degli influencer<\/h2>\n\n\n\n<figure class=\"wp-block-image size-large\"><img loading=\"lazy\" decoding=\"async\" width=\"1024\" height=\"256\" src=\"https:\/\/etoropartners.com\/wp-content\/uploads\/2026\/01\/4301-12.10.25-eToro-Affiliate-Program-Influencer-compliance-guide-Header-1600x400px-V2-1024x256.jpg\" alt=\"\" class=\"wp-image-9307 wp-image-desktop\" srcset=\"https:\/\/etoropartners.com\/wp-content\/uploads\/2026\/01\/4301-12.10.25-eToro-Affiliate-Program-Influencer-compliance-guide-Header-1600x400px-V2-1024x256.jpg 1024w, https:\/\/etoropartners.com\/wp-content\/uploads\/2026\/01\/4301-12.10.25-eToro-Affiliate-Program-Influencer-compliance-guide-Header-1600x400px-V2-300x75.jpg 300w, https:\/\/etoropartners.com\/wp-content\/uploads\/2026\/01\/4301-12.10.25-eToro-Affiliate-Program-Influencer-compliance-guide-Header-1600x400px-V2-768x192.jpg 768w, https:\/\/etoropartners.com\/wp-content\/uploads\/2026\/01\/4301-12.10.25-eToro-Affiliate-Program-Influencer-compliance-guide-Header-1600x400px-V2-1536x384.jpg 1536w, https:\/\/etoropartners.com\/wp-content\/uploads\/2026\/01\/4301-12.10.25-eToro-Affiliate-Program-Influencer-compliance-guide-Header-1600x400px-V2.jpg 1600w\" sizes=\"auto, (max-width: 1024px) 100vw, 1024px\" \/><\/figure>\n<\/div>\n<\/div>\n<\/div><\/section>\n\n\n\n<section class=\"wp-block-group wp-block-group-boxed wp-block-group-small-top-padding wp-block-group-small-bottom-padding\"><div class=\"wp-block-group-inner is-layout-flow wp-block-group-is-layout-flow\">\n<div class=\"wp-block-columns are-vertically-aligned-top wp-block-columns-1 is-layout-flex wp-container-core-columns-is-layout-9d6595d7 wp-block-columns-is-layout-flex\">\n<div class=\"wp-block-column is-layout-flow wp-block-column-is-layout-flow\">\n<p>eToro \u00e8 un marchio rispettabile, che offre a trader e investitori di tutto il mondo un&#8217;esperienza di trading sicura e regolamentata. Ci impegniamo a adottare pratiche di marketing trasparenti, eque e responsabili e a sostenere l&#8217;integrit\u00e0 del sistema finanziario. In qualit\u00e0 di influencer, svolgi un ruolo cruciale nel mantenere questa fiducia. Pertanto, \u00e8 fondamentale che ogni campagna che crei sia pienamente in linea con i requisiti normativi e le linee guida della giurisdizione in cui stai promuovendo o in cui ti stai rivolgendo a eToro. Questa guida delinea i principali requisiti di conformit\u00e0 per gli influencer che promuovono eToro, oltre alle linee guida disponibili <a href=\"https:\/\/etoropartners.com\/it\/compliance-guidelines\/\">qui <\/a>.<\/p>\n\n\n\n<p><\/p>\n\n\n\n<p><strong>Revisione iniziale dei contenuti:<\/strong> Prima di pubblicare qualsiasi contenuto su eToro, devi inviare il tuo contenuto o script al tuo Affiliate Manager per la revisione. Questo processo garantisce che tutto il materiale promozionale sia conforme alle politiche e linee guida di eToro e ai requisiti normativi prima della pubblicazione.<\/p>\n\n\n\n<p><\/p>\n\n\n\n<p><strong>Promozione in diversi Paesi:<\/strong> eToro opera in oltre 100 Paesi nel mondo. Tuttavia, in specifiche regioni si applicano restrizioni normative alla promozione dei servizi e di alcuni prodotti di eToro. Quando promuovi eToro, evita di menzionare paesi soggetti a restrizioni o sceglierli come target, compreso l&#8217;utilizzo di lingue o valute specifiche associate a tali paesi, che potrebbero comportare la promozione in un&#8217;area geografica soggetta a restrizioni. Inoltre, evita di promuovere prodotti che sono soggetti a restrizioni nel paese che ti interessa. Informazioni dettagliate sono disponibili nelle nostre <a href=\"https:\/\/etoropartners.com\/it\/compliance-guidelines\/\">linee guida.<\/a><\/p>\n\n\n\n<p><\/p>\n\n\n\n<p><strong>Promozione negli Stati Uniti:<\/strong> Negli Stati Uniti, devi promuovere eToro utilizzando un account statunitense e solo dopo che il tuo account e i tuoi contenuti siano stati approvati dal team di conformit\u00e0 USA. Segui le <a href=\"https:\/\/docs.google.com\/presentation\/d\/1U5-1DmQStR6pC0GPSti47MVmm_ucMxmz1t-ZmNSzSb0\/edit?slide=id.g3452ee07848_1_2#slide=id.g3452ee07848_1_2\">linee guida specifiche per gli USA<\/a> per creare contenuti conformi. Nota che gli account globali non saranno remunerati per i trader USA, e gli account USA saranno remunerati solo per i trader statunitensi.<\/p>\n\n\n\n<p><strong>Requisiti chiave di conformit\u00e0:<\/strong><\/p>\n\n\n\n<ol class=\"wp-block-list wp-block-list\">\n<li><strong>Divulga i tuoi URL:\u00a0<\/strong>\n<ul class=\"wp-block-list wp-block-list wp-block-list-circle\">\n<li>Promuovi eToro solo su siti web e canali che hai comunicato a eToro. Se desideri utilizzare un nuovo canale o sito, invialo al tuo Affiliate manager per l&#8217;approvazione. Dobbiamo sapere come e dove viene promosso eToro.<\/li>\n<\/ul>\n<\/li>\n\n\n\n<li><strong>Esattezza e informazioni non fuorvianti:\u00a0<\/strong>\n<ul class=\"wp-block-list wp-block-list wp-block-list-circle\">\n<li>Assicurati che tutte le informazioni siano <a href=\"https:\/\/etoropartners.com\/it\/be-accurate\/\">accurate, equilibrate e aggiornate<\/a>. Indica i rischi legati agli investimenti. Evita di far sembrare gli investimenti facili, fare promesse false o usare dichiarazioni fuorvianti. Non utilizzare immagini o emoji che suggeriscano ricchezza o tendenze al rialzo (es. pile di soldi, auto costose, razzi). Non usare eToro nel nome del dominio n\u00e9 dichiarare di rappresentare o lavorare per eToro.<\/li>\n<\/ul>\n<\/li>\n\n\n\n<li><strong>Nessun consiglio di investimento:\u00a0<\/strong>\n<ul class=\"wp-block-list wp-block-list wp-block-list-circle\">\n<li>Non includere eToro nei contenuti che offrono consigli sugli investimenti.<\/li>\n<\/ul>\n<\/li>\n\n\n\n<li><strong>Evita di creare un senso di urgenza:\u00a0<\/strong>\n<ul class=\"wp-block-list wp-block-list wp-block-list-circle\">\n<li>Non creare un senso di urgenza nell&#8217;effettuare un acquisto di determinati strumenti.<\/li>\n<\/ul>\n<\/li>\n\n\n\n<li><strong>Riservatezza e lotta alla truffa:\u00a0<\/strong>\n<ul class=\"wp-block-list wp-block-list wp-block-list-circle\">\n<li>Non rivelare informazioni riservate e non assistere gli investitori nella truffa di eToro. Non guidare gli investitori su come rispondere alle domande KYC, n\u00e9 incentivarli a fare trading sulla piattaforma.<\/li>\n<\/ul>\n<\/li>\n<\/ol>\n\n\n\n<p><strong>Avvertenze sui rischi:<\/strong> Assicurati sempre di inserire la <a href=\"https:\/\/etoropartners.com\/it\/risk-warnings\/\">corretta avvertenza sui rischi<\/a> per gli asset promossi e per il paese di destinazione, in dimensioni leggibili. Per i social media, utilizza l\u2019avvertenza sui rischi \u201cGenerica\u201d. Se il tuo contenuto riguarda solo le criptovalute, usa invece l\u2019avvertenza sui rischi relativa alle criptovalute. L\u2019avvertenza deve essere posizionata vicino a ogni link che rimanda a eToro e in ogni post su eToro. Nei contenuti video, l\u2019avvertenza deve essere visibile sullo schermo per 10 secondi alla fine dei video su eToro e comparire anche nelle descrizioni del video, accanto al link di eToro. Su piattaforme come TikTok e Instagram, puoi utilizzare la versione breve dell\u2019avvertenza sui rischi \u201cAzioni e ETF\u201d a causa delle limitazioni di caratteri.<\/p>\n\n\n\n<p><br><strong>Informativa:<\/strong> Per i social media, assicurati che il tuo materiale sia chiaramente identificabile come pubblicit\u00e0. Questo pu\u00f2 essere semplice come includere una dicitura tipo \u201c#advert\u201d.<\/p>\n\n\n\n<p><br><strong>Revisione periodica dei contenuti e conformit\u00e0:<\/strong> eToro revisioner\u00e0 periodicamente i tuoi contenuti promozionali per garantire la conformit\u00e0 continua alle proprie politiche interne e al quadro normativo applicabile. Sei tenuto a collaborare pienamente a qualsiasi revisione di conformit\u00e0 e a implementare prontamente le modifiche richieste. La mancata conformit\u00e0 alle linee guida di eToro pu\u00f2 comportare la cessazione del tuo account o del rapporto con noi.<\/p>\n\n\n\n<p><\/p>\n\n\n\n<p><strong>Grazie per sostenere gli elevati standard di eToro. Non vediamo l&#8217;ora di vedere i tuoi fantastici contenuti!<\/strong><\/p>\n\n\n\n<p>eToro \u00e8 una piattaforma di investimento multi-asset. Il valore dei tuoi investimenti pu\u00f2 aumentare o diminuire.&nbsp; Il tuo capitale \u00e8 a rischio.<\/p>\n\n\n\n<p>eToro AUS Capital Limited, AFSL 491139. eToro \u00e8 una piattaforma di investimento multi-asset. Il valore dei tuoi investimenti pu\u00f2 aumentare o diminuire. Il tuo capitale \u00e8 a rischio. Consulta l&#8217;Informativa sui prodotti (PDS) e la Determinazione del mercato di riferimento (TMD).<\/p>\n<\/div>\n<\/div>\n<\/div><\/section>\n","protected":false},"excerpt":{"rendered":"<p>Guida alla conformit\u00e0 degli influencer eToro \u00e8 un marchio rispettabile, che offre a trader e investitori di tutto il mondo un&#8217;esperienza di trading sicura e regolamentata. Ci impegniamo a adottare pratiche di marketing trasparenti, eque e responsabili e a sostenere l&#8217;integrit\u00e0 del sistema finanziario. In qualit\u00e0 di influencer, svolgi un ruolo cruciale nel mantenere questa [&hellip;]<\/p>\n","protected":false},"author":11,"featured_media":0,"parent":0,"menu_order":0,"comment_status":"closed","ping_status":"closed","template":"","meta":{"_acf_changed":false,"sticky_cta_settings":"","footnotes":""},"class_list":["post-8624","page","type-page","status-publish","hentry"],"acf":[],"yoast_head":"<!-- This site is optimized with the Yoast SEO plugin v27.3 - https:\/\/yoast.com\/product\/yoast-seo-wordpress\/ -->\n<title>Youtube guidelines<\/title>\n<meta name=\"description\" content=\"Learn here about the guidelines for your youtube campaigns\" \/>\n<meta name=\"robots\" content=\"index, follow, max-snippet:-1, max-image-preview:large, max-video-preview:-1\" \/>\n<link rel=\"canonical\" href=\"https:\/\/etoropartners.com\/it\/youtube-guidelines\/\" \/>\n<meta property=\"og:locale\" content=\"it_IT\" \/>\n<meta property=\"og:type\" content=\"article\" \/>\n<meta property=\"og:title\" content=\"Youtube guidelines\" \/>\n<meta property=\"og:description\" content=\"Learn here about the guidelines for your youtube campaigns\" \/>\n<meta property=\"og:url\" content=\"https:\/\/etoropartners.com\/it\/youtube-guidelines\/\" \/>\n<meta property=\"og:site_name\" content=\"eToro Partners\" \/>\n<meta property=\"article:modified_time\" content=\"2026-02-02T11:38:48+00:00\" \/>\n<meta property=\"og:image\" content=\"https:\/\/etoropartners.com\/wp-content\/uploads\/2026\/01\/4301-12.10.25-eToro-Affiliate-Program-Influencer-compliance-guide-Header-1600x400px-V2.jpg\" \/>\n\t<meta property=\"og:image:width\" content=\"1600\" \/>\n\t<meta property=\"og:image:height\" content=\"400\" \/>\n\t<meta property=\"og:image:type\" content=\"image\/jpeg\" \/>\n<meta name=\"twitter:card\" content=\"summary_large_image\" \/>\n<meta name=\"twitter:label1\" content=\"Tempo di lettura stimato\" \/>\n\t<meta name=\"twitter:data1\" content=\"4 minuti\" \/>\n<script type=\"application\/ld+json\" class=\"yoast-schema-graph\">{\"@context\":\"https:\\\/\\\/schema.org\",\"@graph\":[{\"@type\":\"WebPage\",\"@id\":\"https:\\\/\\\/etoropartners.com\\\/it\\\/youtube-guidelines\\\/\",\"url\":\"https:\\\/\\\/etoropartners.com\\\/it\\\/youtube-guidelines\\\/\",\"name\":\"Youtube guidelines\",\"isPartOf\":{\"@id\":\"https:\\\/\\\/etoropartners.com\\\/it\\\/#website\"},\"primaryImageOfPage\":{\"@id\":\"https:\\\/\\\/etoropartners.com\\\/it\\\/youtube-guidelines\\\/#primaryimage\"},\"image\":{\"@id\":\"https:\\\/\\\/etoropartners.com\\\/it\\\/youtube-guidelines\\\/#primaryimage\"},\"thumbnailUrl\":\"https:\\\/\\\/etoropartners.com\\\/wp-content\\\/uploads\\\/2026\\\/01\\\/4301-12.10.25-eToro-Affiliate-Program-Influencer-compliance-guide-Header-1600x400px-V2-1024x256.jpg\",\"datePublished\":\"2024-05-22T11:20:48+00:00\",\"dateModified\":\"2026-02-02T11:38:48+00:00\",\"description\":\"Learn here about the guidelines for your youtube campaigns\",\"breadcrumb\":{\"@id\":\"https:\\\/\\\/etoropartners.com\\\/it\\\/youtube-guidelines\\\/#breadcrumb\"},\"inLanguage\":\"it-IT\",\"potentialAction\":[{\"@type\":\"ReadAction\",\"target\":[\"https:\\\/\\\/etoropartners.com\\\/it\\\/youtube-guidelines\\\/\"]}]},{\"@type\":\"ImageObject\",\"inLanguage\":\"it-IT\",\"@id\":\"https:\\\/\\\/etoropartners.com\\\/it\\\/youtube-guidelines\\\/#primaryimage\",\"url\":\"https:\\\/\\\/etoropartners.com\\\/wp-content\\\/uploads\\\/2026\\\/01\\\/4301-12.10.25-eToro-Affiliate-Program-Influencer-compliance-guide-Header-1600x400px-V2-1024x256.jpg\",\"contentUrl\":\"https:\\\/\\\/etoropartners.com\\\/wp-content\\\/uploads\\\/2026\\\/01\\\/4301-12.10.25-eToro-Affiliate-Program-Influencer-compliance-guide-Header-1600x400px-V2-1024x256.jpg\"},{\"@type\":\"BreadcrumbList\",\"@id\":\"https:\\\/\\\/etoropartners.com\\\/it\\\/youtube-guidelines\\\/#breadcrumb\",\"itemListElement\":[{\"@type\":\"ListItem\",\"position\":1,\"name\":\"Home\",\"item\":\"https:\\\/\\\/etoropartners.com\\\/it\\\/\"},{\"@type\":\"ListItem\",\"position\":2,\"name\":\"Guida alla conformit\u00e0 degli influencer\"}]},{\"@type\":\"WebSite\",\"@id\":\"https:\\\/\\\/etoropartners.com\\\/it\\\/#website\",\"url\":\"https:\\\/\\\/etoropartners.com\\\/it\\\/\",\"name\":\"eToro Partners\",\"description\":\"\",\"potentialAction\":[{\"@type\":\"SearchAction\",\"target\":{\"@type\":\"EntryPoint\",\"urlTemplate\":\"https:\\\/\\\/etoropartners.com\\\/it\\\/?s={search_term_string}\"},\"query-input\":{\"@type\":\"PropertyValueSpecification\",\"valueRequired\":true,\"valueName\":\"search_term_string\"}}],\"inLanguage\":\"it-IT\"}]}<\/script>\n<!-- \/ Yoast SEO plugin. -->","yoast_head_json":{"title":"Youtube guidelines","description":"Learn here about the guidelines for your youtube campaigns","robots":{"index":"index","follow":"follow","max-snippet":"max-snippet:-1","max-image-preview":"max-image-preview:large","max-video-preview":"max-video-preview:-1"},"canonical":"https:\/\/etoropartners.com\/it\/youtube-guidelines\/","og_locale":"it_IT","og_type":"article","og_title":"Youtube guidelines","og_description":"Learn here about the guidelines for your youtube campaigns","og_url":"https:\/\/etoropartners.com\/it\/youtube-guidelines\/","og_site_name":"eToro Partners","article_modified_time":"2026-02-02T11:38:48+00:00","og_image":[{"width":1600,"height":400,"url":"https:\/\/etoropartners.com\/wp-content\/uploads\/2026\/01\/4301-12.10.25-eToro-Affiliate-Program-Influencer-compliance-guide-Header-1600x400px-V2.jpg","type":"image\/jpeg"}],"twitter_card":"summary_large_image","twitter_misc":{"Tempo di lettura stimato":"4 minuti"},"schema":{"@context":"https:\/\/schema.org","@graph":[{"@type":"WebPage","@id":"https:\/\/etoropartners.com\/it\/youtube-guidelines\/","url":"https:\/\/etoropartners.com\/it\/youtube-guidelines\/","name":"Youtube guidelines","isPartOf":{"@id":"https:\/\/etoropartners.com\/it\/#website"},"primaryImageOfPage":{"@id":"https:\/\/etoropartners.com\/it\/youtube-guidelines\/#primaryimage"},"image":{"@id":"https:\/\/etoropartners.com\/it\/youtube-guidelines\/#primaryimage"},"thumbnailUrl":"https:\/\/etoropartners.com\/wp-content\/uploads\/2026\/01\/4301-12.10.25-eToro-Affiliate-Program-Influencer-compliance-guide-Header-1600x400px-V2-1024x256.jpg","datePublished":"2024-05-22T11:20:48+00:00","dateModified":"2026-02-02T11:38:48+00:00","description":"Learn here about the guidelines for your youtube campaigns","breadcrumb":{"@id":"https:\/\/etoropartners.com\/it\/youtube-guidelines\/#breadcrumb"},"inLanguage":"it-IT","potentialAction":[{"@type":"ReadAction","target":["https:\/\/etoropartners.com\/it\/youtube-guidelines\/"]}]},{"@type":"ImageObject","inLanguage":"it-IT","@id":"https:\/\/etoropartners.com\/it\/youtube-guidelines\/#primaryimage","url":"https:\/\/etoropartners.com\/wp-content\/uploads\/2026\/01\/4301-12.10.25-eToro-Affiliate-Program-Influencer-compliance-guide-Header-1600x400px-V2-1024x256.jpg","contentUrl":"https:\/\/etoropartners.com\/wp-content\/uploads\/2026\/01\/4301-12.10.25-eToro-Affiliate-Program-Influencer-compliance-guide-Header-1600x400px-V2-1024x256.jpg"},{"@type":"BreadcrumbList","@id":"https:\/\/etoropartners.com\/it\/youtube-guidelines\/#breadcrumb","itemListElement":[{"@type":"ListItem","position":1,"name":"Home","item":"https:\/\/etoropartners.com\/it\/"},{"@type":"ListItem","position":2,"name":"Guida alla conformit\u00e0 degli influencer"}]},{"@type":"WebSite","@id":"https:\/\/etoropartners.com\/it\/#website","url":"https:\/\/etoropartners.com\/it\/","name":"eToro Partners","description":"","potentialAction":[{"@type":"SearchAction","target":{"@type":"EntryPoint","urlTemplate":"https:\/\/etoropartners.com\/it\/?s={search_term_string}"},"query-input":{"@type":"PropertyValueSpecification","valueRequired":true,"valueName":"search_term_string"}}],"inLanguage":"it-IT"}]}},"_links":{"self":[{"href":"https:\/\/etoropartners.com\/it\/wp-json\/wp\/v2\/pages\/8624","targetHints":{"allow":["GET"]}}],"collection":[{"href":"https:\/\/etoropartners.com\/it\/wp-json\/wp\/v2\/pages"}],"about":[{"href":"https:\/\/etoropartners.com\/it\/wp-json\/wp\/v2\/types\/page"}],"author":[{"embeddable":true,"href":"https:\/\/etoropartners.com\/it\/wp-json\/wp\/v2\/users\/11"}],"replies":[{"embeddable":true,"href":"https:\/\/etoropartners.com\/it\/wp-json\/wp\/v2\/comments?post=8624"}],"version-history":[{"count":0,"href":"https:\/\/etoropartners.com\/it\/wp-json\/wp\/v2\/pages\/8624\/revisions"}],"wp:attachment":[{"href":"https:\/\/etoropartners.com\/it\/wp-json\/wp\/v2\/media?parent=8624"}],"curies":[{"name":"wp","href":"https:\/\/api.w.org\/{rel}","templated":true}]}}