{"id":9693,"date":"2026-04-14T14:46:31","date_gmt":"2026-04-14T12:46:31","guid":{"rendered":"https:\/\/etoropartners.com\/?page_id=9693"},"modified":"2026-04-14T14:46:31","modified_gmt":"2026-04-14T12:46:31","slug":"contact-us","status":"publish","type":"page","link":"https:\/\/etoropartners.com\/fr\/contact-us\/","title":{"rendered":"Contact Us"},"content":{"rendered":"\n<section class=\"wp-block-group wp-block-group-boxed\"><div class=\"wp-block-group-inner is-layout-flow wp-block-group-is-layout-flow\">\n<div class=\"wp-block-columns are-vertically-aligned-top wp-block-columns-1 is-layout-flex wp-container-core-columns-is-layout-9d6595d7 wp-block-columns-is-layout-flex\">\n<div class=\"wp-block-column wp-block-column-align-desktop-center wp-block-column-align-mobile-center is-layout-flow wp-block-column-is-layout-flow\">\n<p>Nous sommes \u00e0 votre disposition pour vous aider \u00e0 tirer le meilleur parti d&rsquo;eToro Partners. Pour les questions de partenaire, envoyez un e-mail \u00e0 votre gestionnaire d&rsquo;affili\u00e9 ci-dessous. Pour les probl\u00e8mes de v\u00e9rification de compte et d\u2019acc\u00e8s, veuillez ouvrir un ticket. Afin de nous aider \u00e0 r\u00e9pondre plus rapidement, veuillez saisir l\u2019adresse e-mail associ\u00e9e \u00e0 votre compte partenaire et l\u2019URL de votre site web.<\/p>\n<\/div>\n<\/div>\n<\/div><\/section>\n\n\n\n<section class=\"wp-block-group wp-block-group-full has-white-background-color has-background hide-on-mobile hide-on-tablet\"><div class=\"wp-block-group-inner is-layout-flow wp-block-group-is-layout-flow\">\n<div class=\"wp-block-columns are-vertically-aligned-top wp-block-columns-1 is-layout-flex wp-container-core-columns-is-layout-9d6595d7 wp-block-columns-is-layout-flex\">\n<div class=\"wp-block-column wp-block-column-align-desktop-center wp-block-column-align-mobile-center is-layout-flow wp-block-column-is-layout-flow\">\n<h2 class=\"wp-block-heading\"><strong>Contacts <b class=\"wp-etoro-format-colored-green\">r\u00e9gionaux<\/b><\/strong><\/h2>\n<\/div>\n<\/div>\n\n\n\n<div class=\"wp-block-columns are-vertically-aligned-top wp-block-columns-4 is-layout-flex wp-container-core-columns-is-layout-9d6595d7 wp-block-columns-is-layout-flex\">\n<div class=\"wp-block-column is-layout-flow wp-block-column-is-layout-flow\"><\/div>\n\n\n\n<div class=\"wp-block-column is-layout-flow wp-block-column-is-layout-flow\">\n<p><strong><b class=\"wp-etoro-format-colored-dark-blue\">Royaume-Uni<\/b><\/strong><br><strong>Sam Kershner<\/strong> \u2013 samke@etoro.com<\/p>\n<\/div>\n\n\n\n<div class=\"wp-block-column is-layout-flow wp-block-column-is-layout-flow\">\n<p class=\"has-text-align-right\"><br><a href=\"https:\/\/calendly.com\/samk-etoro\/30min\" type=\"link\" id=\"https:\/\/calendly.com\/samk-etoro\/30min\">Planifiez un appel de 15 minutes<\/a><\/p>\n<\/div>\n\n\n\n<div class=\"wp-block-column is-layout-flow wp-block-column-is-layout-flow\"><\/div>\n<\/div>\n\n\n\n<div class=\"wp-block-columns are-vertically-aligned-top wp-block-columns-4 is-layout-flex wp-container-core-columns-is-layout-9d6595d7 wp-block-columns-is-layout-flex\">\n<div class=\"wp-block-column is-layout-flow wp-block-column-is-layout-flow\"><\/div>\n\n\n\n<div class=\"wp-block-column is-layout-flow wp-block-column-is-layout-flow\">\n<p><strong><b class=\"wp-etoro-format-colored-dark-blue\">Australie<\/b><\/strong><br><strong>Bri Techert<\/strong> \u2013 brite@etoro.com<\/p>\n<\/div>\n\n\n\n<div class=\"wp-block-column is-layout-flow wp-block-column-is-layout-flow\">\n<p class=\"has-text-align-right\"><br><a href=\"https:\/\/calendly.com\/bri-etoro\/30min\" type=\"link\" id=\"https:\/\/calendly.com\/bri-etoro\/30min\">Planifiez un appel de 15 minutes<\/a><\/p>\n<\/div>\n\n\n\n<div class=\"wp-block-column is-layout-flow wp-block-column-is-layout-flow\"><\/div>\n<\/div>\n\n\n\n<div class=\"wp-block-columns are-vertically-aligned-top wp-block-columns-4 is-layout-flex wp-container-core-columns-is-layout-9d6595d7 wp-block-columns-is-layout-flex\">\n<div class=\"wp-block-column is-layout-flow wp-block-column-is-layout-flow\"><\/div>\n\n\n\n<div class=\"wp-block-column is-layout-flow wp-block-column-is-layout-flow\">\n<p><strong><b class=\"wp-etoro-format-colored-dark-blue\">Allemagne et Pays-Bas<\/b><\/strong><br><strong>Monika Hakak<\/strong> \u2013 monikaha@etoro.com<\/p>\n<\/div>\n\n\n\n<div class=\"wp-block-column is-layout-flow wp-block-column-is-layout-flow\">\n<p class=\"has-text-align-right\"><br><a href=\"https:\/\/calendly.com\/monikaha-etoro\/\" type=\"link\" id=\"https:\/\/calendly.com\/monikaha-etoro\/\">Planifiez un appel de 15 minutes<\/a><\/p>\n<\/div>\n\n\n\n<div class=\"wp-block-column is-layout-flow wp-block-column-is-layout-flow\"><\/div>\n<\/div>\n\n\n\n<div class=\"wp-block-columns are-vertically-aligned-top wp-block-columns-4 is-layout-flex wp-container-core-columns-is-layout-9d6595d7 wp-block-columns-is-layout-flex\">\n<div class=\"wp-block-column is-layout-flow wp-block-column-is-layout-flow\"><\/div>\n\n\n\n<div class=\"wp-block-column is-layout-flow wp-block-column-is-layout-flow\">\n<p><strong><b class=\"wp-etoro-format-colored-dark-blue\">\u00c9tats-Unis, Espagne et LATAM<\/b><\/strong><br><strong>Nimrod Burla<\/strong> \u2013 nimrodbu@etoro.com<\/p>\n<\/div>\n\n\n\n<div class=\"wp-block-column is-layout-flow wp-block-column-is-layout-flow\">\n<p class=\"has-text-align-right\"><br><a href=\"https:\/\/calendly.com\/nimrodbu-etoro\" type=\"link\" id=\"https:\/\/calendly.com\/nimrodbu-etoro\">Planifiez un appel de 15 minutes<\/a><\/p>\n<\/div>\n\n\n\n<div class=\"wp-block-column is-layout-flow wp-block-column-is-layout-flow\"><\/div>\n<\/div>\n\n\n\n<div class=\"wp-block-columns are-vertically-aligned-top wp-block-columns-4 is-layout-flex wp-container-core-columns-is-layout-9d6595d7 wp-block-columns-is-layout-flex\">\n<div class=\"wp-block-column is-layout-flow wp-block-column-is-layout-flow\"><\/div>\n\n\n\n<div class=\"wp-block-column is-layout-flow wp-block-column-is-layout-flow\">\n<p><strong><b class=\"wp-etoro-format-colored-dark-blue\">Italie<\/b><\/strong><br><strong>Ran Regev<\/strong> \u2013 ranre@etoro.com<\/p>\n<\/div>\n\n\n\n<div class=\"wp-block-column is-layout-flow wp-block-column-is-layout-flow\">\n<p class=\"has-text-align-right\"><br><a href=\"https:\/\/calendly.com\/ranre\" type=\"link\" id=\"https:\/\/calendly.com\/ranre\">Planifiez un appel de 15 minutes<\/a><\/p>\n<\/div>\n\n\n\n<div class=\"wp-block-column is-layout-flow wp-block-column-is-layout-flow\"><\/div>\n<\/div>\n\n\n\n<div class=\"wp-block-columns are-vertically-aligned-top wp-block-columns-4 is-layout-flex wp-container-core-columns-is-layout-9d6595d7 wp-block-columns-is-layout-flex\">\n<div class=\"wp-block-column is-layout-flow wp-block-column-is-layout-flow\"><\/div>\n\n\n\n<div class=\"wp-block-column is-layout-flow wp-block-column-is-layout-flow\">\n<p><strong><b class=\"wp-etoro-format-colored-dark-blue\">France et march\u00e9s arabophones<\/b><\/strong><br><strong>Arie Cohen<\/strong> \u2013 arieco@etoro.com<\/p>\n<\/div>\n\n\n\n<div class=\"wp-block-column is-layout-flow wp-block-column-is-layout-flow\">\n<p class=\"has-text-align-right\"><br><br><a href=\"https:\/\/calendly.com\/arieco-etoro\" type=\"link\" id=\"https:\/\/calendly.com\/arieco-etoro\">Planifiez un appel de 15 minutes<\/a><\/p>\n<\/div>\n\n\n\n<div class=\"wp-block-column is-layout-flow wp-block-column-is-layout-flow\"><\/div>\n<\/div>\n\n\n\n<div class=\"wp-block-columns are-vertically-aligned-top wp-block-columns-4 is-layout-flex wp-container-core-columns-is-layout-9d6595d7 wp-block-columns-is-layout-flex\">\n<div class=\"wp-block-column is-layout-flow wp-block-column-is-layout-flow\"><\/div>\n\n\n\n<div class=\"wp-block-column is-layout-flow wp-block-column-is-layout-flow\">\n<p><strong><b class=\"wp-etoro-format-colored-dark-blue\">Europe de l\u2019Est et Pays Nordiques <\/b><\/strong><br><strong>Lucia Ashkenazy<\/strong> \u2013 luciaas@etoro.com<\/p>\n<\/div>\n\n\n\n<div class=\"wp-block-column is-layout-flow wp-block-column-is-layout-flow\">\n<p class=\"has-text-align-right\"><br><a href=\"https:\/\/calendly.com\/lucia_ashkenazy\" type=\"link\" id=\"https:\/\/calendly.com\/lucia_ashkenazy\">Planifiez un appel de 15 minutes<\/a><\/p>\n<\/div>\n\n\n\n<div class=\"wp-block-column is-layout-flow wp-block-column-is-layout-flow\"><\/div>\n<\/div>\n\n\n\n<div class=\"wp-block-columns are-vertically-aligned-top wp-block-columns-4 is-layout-flex wp-container-core-columns-is-layout-9d6595d7 wp-block-columns-is-layout-flex\">\n<div class=\"wp-block-column is-layout-flow wp-block-column-is-layout-flow\"><\/div>\n\n\n\n<div class=\"wp-block-column is-layout-flow wp-block-column-is-layout-flow\">\n<p><strong><b class=\"wp-etoro-format-colored-dark-blue\">Op\u00e9rations et support technique<\/b><\/strong><br><strong>Liora Edelstein Hakak<\/strong> \u2013 lioraed@etoro.com<\/p>\n<\/div>\n\n\n\n<div class=\"wp-block-column is-layout-flow wp-block-column-is-layout-flow\">\n<p class=\"has-text-align-right\"><br><a href=\"https:\/\/calendly.com\/lioraed\" type=\"link\" id=\"https:\/\/calendly.com\/lioraed\">Planifiez un appel de 15 minutes<\/a><\/p>\n<\/div>\n\n\n\n<div class=\"wp-block-column is-layout-flow wp-block-column-is-layout-flow\"><\/div>\n<\/div>\n\n\n\n<div class=\"wp-block-columns are-vertically-aligned-top wp-block-columns-4 is-layout-flex wp-container-core-columns-is-layout-9d6595d7 wp-block-columns-is-layout-flex\">\n<div class=\"wp-block-column is-layout-flow wp-block-column-is-layout-flow\"><\/div>\n\n\n\n<div class=\"wp-block-column is-layout-flow wp-block-column-is-layout-flow\">\n<p><strong><b class=\"wp-etoro-format-colored-dark-blue\">Directeur, Partenariats affili\u00e9s<\/b><\/strong><br><strong>Ofer Farjun<\/strong> \u2013 oferfa@etoro.com<\/p>\n<\/div>\n\n\n\n<div class=\"wp-block-column is-layout-flow wp-block-column-is-layout-flow\">\n<p class=\"has-text-align-right\"><br><a href=\"https:\/\/calendly.com\/oferfa\" type=\"link\" id=\"https:\/\/calendly.com\/oferfa\">Planifiez un appel de 15 minutes<\/a><\/p>\n<\/div>\n\n\n\n<div class=\"wp-block-column is-layout-flow wp-block-column-is-layout-flow\"><\/div>\n<\/div>\n<\/div><\/section>\n\n\n\n<section class=\"wp-block-group wp-block-group-boxed has-white-background-color has-background hide-on-desktop\"><div class=\"wp-block-group-inner is-layout-flow wp-block-group-is-layout-flow\">\n<div class=\"wp-block-columns are-vertically-aligned-top wp-block-columns-1 is-layout-flex wp-container-core-columns-is-layout-9d6595d7 wp-block-columns-is-layout-flex\">\n<div class=\"wp-block-column is-layout-flow wp-block-column-is-layout-flow\">\n<p><strong><b class=\"wp-etoro-format-colored-dark-blue\">Royaume-Uni<\/b><\/strong><br><strong>Sam Kershner<\/strong> \u2013 samke@etoro.com<\/p>\n\n\n\n<p><a href=\"https:\/\/calendly.com\/samk-etoro\/30min\" type=\"link\" id=\"https:\/\/calendly.com\/samk-etoro\/30min\">Planifiez un appel de 15 minutes<\/a><\/p>\n<\/div>\n<\/div>\n\n\n\n<div class=\"wp-block-columns are-vertically-aligned-top wp-block-columns-1 is-layout-flex wp-container-core-columns-is-layout-9d6595d7 wp-block-columns-is-layout-flex\">\n<div class=\"wp-block-column is-layout-flow wp-block-column-is-layout-flow\">\n<p><strong><b class=\"wp-etoro-format-colored-dark-blue\">Australie<\/b><\/strong><br><strong>Bri Techert<\/strong> \u2013 brite@etoro.com<\/p>\n\n\n\n<p><a href=\"https:\/\/calendly.com\/bri-etoro\/30min\" type=\"link\" id=\"https:\/\/calendly.com\/bri-etoro\/30min\">Planifiez un appel de 15 minutes<\/a><\/p>\n<\/div>\n<\/div>\n\n\n\n<div class=\"wp-block-columns are-vertically-aligned-top wp-block-columns-1 is-layout-flex wp-container-core-columns-is-layout-9d6595d7 wp-block-columns-is-layout-flex\">\n<div class=\"wp-block-column is-layout-flow wp-block-column-is-layout-flow\">\n<p><strong><b class=\"wp-etoro-format-colored-dark-blue\">Allemagne et Pays-Bas<\/b><\/strong><br><strong>Monika Hakak<\/strong> \u2013 monikaha@etoro.com<\/p>\n\n\n\n<p><a id=\"https:\/\/calendly.com\/monikaha-etoro\/\" href=\"https:\/\/calendly.com\/monikaha-etoro\/\" type=\"link\">Planifiez un appel de 15 minutes<\/a><\/p>\n<\/div>\n<\/div>\n\n\n\n<div class=\"wp-block-columns are-vertically-aligned-top wp-block-columns-1 is-layout-flex wp-container-core-columns-is-layout-9d6595d7 wp-block-columns-is-layout-flex\">\n<div class=\"wp-block-column is-layout-flow wp-block-column-is-layout-flow\">\n<p><strong><b class=\"wp-etoro-format-colored-dark-blue\">\u00c9tats-Unis, Espagne et LATAM<\/b><\/strong><br><strong>Nimrod Burla<\/strong> \u2013 nimrodbu@etoro.com<\/p>\n\n\n\n<p><a id=\"https:\/\/calendly.com\/nimrodbu-etoro\" href=\"https:\/\/calendly.com\/nimrodbu-etoro\" type=\"link\">Planifiez un appel de 15 minutes<\/a><\/p>\n<\/div>\n<\/div>\n\n\n\n<div class=\"wp-block-columns are-vertically-aligned-top wp-block-columns-1 is-layout-flex wp-container-core-columns-is-layout-9d6595d7 wp-block-columns-is-layout-flex\">\n<div class=\"wp-block-column is-layout-flow wp-block-column-is-layout-flow\">\n<p><strong><b class=\"wp-etoro-format-colored-dark-blue\">Italie<\/b><\/strong><br><strong>Ran Regev<\/strong> \u2013 ranre@etoro.com<\/p>\n\n\n\n<p><a id=\"https:\/\/calendly.com\/ranre\" href=\"https:\/\/calendly.com\/ranre\" type=\"link\">Planifiez un appel de 15 minutes<\/a><\/p>\n<\/div>\n<\/div>\n\n\n\n<div class=\"wp-block-columns are-vertically-aligned-top wp-block-columns-1 is-layout-flex wp-container-core-columns-is-layout-9d6595d7 wp-block-columns-is-layout-flex\">\n<div class=\"wp-block-column is-layout-flow wp-block-column-is-layout-flow\">\n<p><strong><b class=\"wp-etoro-format-colored-dark-blue\">France et march\u00e9s arabophones<\/b><\/strong><br><strong>Arie Cohen<\/strong> \u2013 arieco@etoro.com<\/p>\n\n\n\n<p><a id=\"https:\/\/calendly.com\/arieco-etoro\" href=\"https:\/\/calendly.com\/arieco-etoro\" type=\"link\">Planifiez un appel de 15 minutes<\/a><\/p>\n<\/div>\n<\/div>\n\n\n\n<div class=\"wp-block-columns are-vertically-aligned-top wp-block-columns-1 is-layout-flex wp-container-core-columns-is-layout-9d6595d7 wp-block-columns-is-layout-flex\">\n<div class=\"wp-block-column is-layout-flow wp-block-column-is-layout-flow\">\n<p><strong><b class=\"wp-etoro-format-colored-dark-blue\">Europe de l\u2019Est et Pays Nordiques <\/b><\/strong><br><strong>Lucia Ashkenazy<\/strong> \u2013 luciaas@etoro.com<\/p>\n\n\n\n<p><a id=\"https:\/\/calendly.com\/lucia_ashkenazy\" href=\"https:\/\/calendly.com\/lucia_ashkenazy\" type=\"link\">Planifiez un appel de 15 minutes<\/a><\/p>\n<\/div>\n<\/div>\n\n\n\n<div class=\"wp-block-columns are-vertically-aligned-top wp-block-columns-1 is-layout-flex wp-container-core-columns-is-layout-9d6595d7 wp-block-columns-is-layout-flex\">\n<div class=\"wp-block-column is-layout-flow wp-block-column-is-layout-flow\">\n<p><strong><b class=\"wp-etoro-format-colored-dark-blue\">Op\u00e9rations et support technique<\/b><\/strong><br><strong>Liora Edelstein Hakak<\/strong> \u2013 lioraed@etoro.com<\/p>\n\n\n\n<p><a id=\"https:\/\/calendly.com\/lioraed\" href=\"https:\/\/calendly.com\/lioraed\" type=\"link\">Planifiez un appel de 15 minutes<\/a><\/p>\n<\/div>\n<\/div>\n\n\n\n<div class=\"wp-block-columns are-vertically-aligned-top wp-block-columns-1 is-layout-flex wp-container-core-columns-is-layout-9d6595d7 wp-block-columns-is-layout-flex\">\n<div class=\"wp-block-column is-layout-flow wp-block-column-is-layout-flow\">\n<p><strong><b class=\"wp-etoro-format-colored-dark-blue\">Directeur, Partenariats affili\u00e9s<\/b><\/strong><br><strong>Ofer Farjun<\/strong> \u2013 oferfa@etoro.com<\/p>\n\n\n\n<p><a id=\"https:\/\/calendly.com\/oferfa\" href=\"https:\/\/calendly.com\/oferfa\" type=\"link\">Planifiez un appel de 15 minutes<\/a><\/p>\n<\/div>\n<\/div>\n<\/div><\/section>\n\n\n\n<section class=\"wp-block-group wp-block-group-boxed has-light-blue-background-color has-background\"><div class=\"wp-block-group-inner is-layout-flow wp-block-group-is-layout-flow\">\n<div class=\"wp-block-columns are-vertically-aligned-top wp-block-columns-1 is-layout-flex wp-container-core-columns-is-layout-9d6595d7 wp-block-columns-is-layout-flex\">\n<div class=\"wp-block-column wp-block-column-align-desktop-center wp-block-column-align-mobile-center is-layout-flow wp-block-column-is-layout-flow\">\n<h2 class=\"wp-block-heading\"><strong>V\u00e9rification\/Probl\u00e8mes de compte<\/strong><\/h2>\n\n\n\n<p>Pour les probl\u00e8mes de v\u00e9rification et d\u2019acc\u00e8s \u00e0 votre compte, veuillez ouvrir un ticket, et notre \u00e9quipe vous aidera.<\/p>\n\n\n\n<div class=\"wp-block-buttons is-layout-flex wp-block-buttons-is-layout-flex\">\n<a class=\"e-cta e-cta-alternative\" href=\"https:\/\/www.etoro.com\/customer-service\/?deepLink=type\/programs\/programs_subtype\/partners_program\/\" target=\"_blank\" rel=\"noopener\">Ouvrir un ticket<\/a>\n<\/div>\n<\/div>\n<\/div>\n<\/div><\/section>\n","protected":false},"excerpt":{"rendered":"<p>Nous sommes \u00e0 votre disposition pour vous aider \u00e0 tirer le meilleur parti d&rsquo;eToro Partners. Pour les questions de partenaire, envoyez un e-mail \u00e0 votre gestionnaire d&rsquo;affili\u00e9 ci-dessous. Pour les probl\u00e8mes de v\u00e9rification de compte et d\u2019acc\u00e8s, veuillez ouvrir un ticket. Afin de nous aider \u00e0 r\u00e9pondre plus rapidement, veuillez saisir l\u2019adresse e-mail associ\u00e9e \u00e0 [&hellip;]<\/p>\n","protected":false},"author":21,"featured_media":0,"parent":0,"menu_order":0,"comment_status":"closed","ping_status":"closed","template":"","meta":{"_acf_changed":false,"sticky_cta_settings":"","footnotes":""},"class_list":["post-9693","page","type-page","status-publish","hentry"],"acf":[],"yoast_head":"<!-- This site is optimized with the Yoast SEO plugin v27.3 - https:\/\/yoast.com\/product\/yoast-seo-wordpress\/ -->\n<title>Contacter l\u2019\u00e9quipe eToro Partners | Responsables r\u00e9gionaux des affili\u00e9s<\/title>\n<meta name=\"description\" content=\"Besoin d\u2019aide avec les partenaires eToro ? Envoyez un e-mail \u00e0 votre gestionnaire d\u2019affiliation ou planifiez un appel de 15 minutes. Pour les probl\u00e8mes d\u2019acc\u00e8s \u00e0 votre compte, ouvrez un ticket d\u2019assistance pour obtenir une aide plus rapide.\" \/>\n<meta name=\"robots\" content=\"index, follow, max-snippet:-1, max-image-preview:large, max-video-preview:-1\" \/>\n<link rel=\"canonical\" href=\"https:\/\/etoropartners.com\/fr\/contact-us\/\" \/>\n<meta property=\"og:locale\" content=\"fr_FR\" \/>\n<meta property=\"og:type\" content=\"article\" \/>\n<meta property=\"og:title\" content=\"Contacter l\u2019\u00e9quipe eToro Partners | Responsables r\u00e9gionaux des affili\u00e9s\" \/>\n<meta property=\"og:description\" content=\"Besoin d\u2019aide avec les partenaires eToro ? Envoyez un e-mail \u00e0 votre gestionnaire d\u2019affiliation ou planifiez un appel de 15 minutes. Pour les probl\u00e8mes d\u2019acc\u00e8s \u00e0 votre compte, ouvrez un ticket d\u2019assistance pour obtenir une aide plus rapide.\" \/>\n<meta property=\"og:url\" content=\"https:\/\/etoropartners.com\/fr\/contact-us\/\" \/>\n<meta property=\"og:site_name\" content=\"eToro Partners\" \/>\n<meta name=\"twitter:card\" content=\"summary_large_image\" \/>\n<meta name=\"twitter:label1\" content=\"Dur\u00e9e de lecture estim\u00e9e\" \/>\n\t<meta name=\"twitter:data1\" content=\"2 minutes\" \/>\n<script type=\"application\/ld+json\" class=\"yoast-schema-graph\">{\"@context\":\"https:\\\/\\\/schema.org\",\"@graph\":[{\"@type\":\"WebPage\",\"@id\":\"https:\\\/\\\/etoropartners.com\\\/fr\\\/contact-us\\\/\",\"url\":\"https:\\\/\\\/etoropartners.com\\\/fr\\\/contact-us\\\/\",\"name\":\"Contacter l\u2019\u00e9quipe eToro Partners | Responsables r\u00e9gionaux des affili\u00e9s\",\"isPartOf\":{\"@id\":\"https:\\\/\\\/etoropartners.com\\\/fr\\\/#website\"},\"datePublished\":\"2026-04-14T12:46:31+00:00\",\"description\":\"Besoin d\u2019aide avec les partenaires eToro ? Envoyez un e-mail \u00e0 votre gestionnaire d\u2019affiliation ou planifiez un appel de 15 minutes. Pour les probl\u00e8mes d\u2019acc\u00e8s \u00e0 votre compte, ouvrez un ticket d\u2019assistance pour obtenir une aide plus rapide.\",\"breadcrumb\":{\"@id\":\"https:\\\/\\\/etoropartners.com\\\/fr\\\/contact-us\\\/#breadcrumb\"},\"inLanguage\":\"fr-FR\",\"potentialAction\":[{\"@type\":\"ReadAction\",\"target\":[\"https:\\\/\\\/etoropartners.com\\\/fr\\\/contact-us\\\/\"]}]},{\"@type\":\"BreadcrumbList\",\"@id\":\"https:\\\/\\\/etoropartners.com\\\/fr\\\/contact-us\\\/#breadcrumb\",\"itemListElement\":[{\"@type\":\"ListItem\",\"position\":1,\"name\":\"Home\",\"item\":\"https:\\\/\\\/etoropartners.com\\\/fr\\\/\"},{\"@type\":\"ListItem\",\"position\":2,\"name\":\"Contact Us\"}]},{\"@type\":\"WebSite\",\"@id\":\"https:\\\/\\\/etoropartners.com\\\/fr\\\/#website\",\"url\":\"https:\\\/\\\/etoropartners.com\\\/fr\\\/\",\"name\":\"eToro Partners\",\"description\":\"\",\"potentialAction\":[{\"@type\":\"SearchAction\",\"target\":{\"@type\":\"EntryPoint\",\"urlTemplate\":\"https:\\\/\\\/etoropartners.com\\\/fr\\\/?s={search_term_string}\"},\"query-input\":{\"@type\":\"PropertyValueSpecification\",\"valueRequired\":true,\"valueName\":\"search_term_string\"}}],\"inLanguage\":\"fr-FR\"}]}<\/script>\n<!-- \/ Yoast SEO plugin. -->","yoast_head_json":{"title":"Contacter l\u2019\u00e9quipe eToro Partners | Responsables r\u00e9gionaux des affili\u00e9s","description":"Besoin d\u2019aide avec les partenaires eToro ? Envoyez un e-mail \u00e0 votre gestionnaire d\u2019affiliation ou planifiez un appel de 15 minutes. Pour les probl\u00e8mes d\u2019acc\u00e8s \u00e0 votre compte, ouvrez un ticket d\u2019assistance pour obtenir une aide plus rapide.","robots":{"index":"index","follow":"follow","max-snippet":"max-snippet:-1","max-image-preview":"max-image-preview:large","max-video-preview":"max-video-preview:-1"},"canonical":"https:\/\/etoropartners.com\/fr\/contact-us\/","og_locale":"fr_FR","og_type":"article","og_title":"Contacter l\u2019\u00e9quipe eToro Partners | Responsables r\u00e9gionaux des affili\u00e9s","og_description":"Besoin d\u2019aide avec les partenaires eToro ? Envoyez un e-mail \u00e0 votre gestionnaire d\u2019affiliation ou planifiez un appel de 15 minutes. Pour les probl\u00e8mes d\u2019acc\u00e8s \u00e0 votre compte, ouvrez un ticket d\u2019assistance pour obtenir une aide plus rapide.","og_url":"https:\/\/etoropartners.com\/fr\/contact-us\/","og_site_name":"eToro Partners","twitter_card":"summary_large_image","twitter_misc":{"Dur\u00e9e de lecture estim\u00e9e":"2 minutes"},"schema":{"@context":"https:\/\/schema.org","@graph":[{"@type":"WebPage","@id":"https:\/\/etoropartners.com\/fr\/contact-us\/","url":"https:\/\/etoropartners.com\/fr\/contact-us\/","name":"Contacter l\u2019\u00e9quipe eToro Partners | Responsables r\u00e9gionaux des affili\u00e9s","isPartOf":{"@id":"https:\/\/etoropartners.com\/fr\/#website"},"datePublished":"2026-04-14T12:46:31+00:00","description":"Besoin d\u2019aide avec les partenaires eToro ? Envoyez un e-mail \u00e0 votre gestionnaire d\u2019affiliation ou planifiez un appel de 15 minutes. Pour les probl\u00e8mes d\u2019acc\u00e8s \u00e0 votre compte, ouvrez un ticket d\u2019assistance pour obtenir une aide plus rapide.","breadcrumb":{"@id":"https:\/\/etoropartners.com\/fr\/contact-us\/#breadcrumb"},"inLanguage":"fr-FR","potentialAction":[{"@type":"ReadAction","target":["https:\/\/etoropartners.com\/fr\/contact-us\/"]}]},{"@type":"BreadcrumbList","@id":"https:\/\/etoropartners.com\/fr\/contact-us\/#breadcrumb","itemListElement":[{"@type":"ListItem","position":1,"name":"Home","item":"https:\/\/etoropartners.com\/fr\/"},{"@type":"ListItem","position":2,"name":"Contact Us"}]},{"@type":"WebSite","@id":"https:\/\/etoropartners.com\/fr\/#website","url":"https:\/\/etoropartners.com\/fr\/","name":"eToro Partners","description":"","potentialAction":[{"@type":"SearchAction","target":{"@type":"EntryPoint","urlTemplate":"https:\/\/etoropartners.com\/fr\/?s={search_term_string}"},"query-input":{"@type":"PropertyValueSpecification","valueRequired":true,"valueName":"search_term_string"}}],"inLanguage":"fr-FR"}]}},"_links":{"self":[{"href":"https:\/\/etoropartners.com\/fr\/wp-json\/wp\/v2\/pages\/9693","targetHints":{"allow":["GET"]}}],"collection":[{"href":"https:\/\/etoropartners.com\/fr\/wp-json\/wp\/v2\/pages"}],"about":[{"href":"https:\/\/etoropartners.com\/fr\/wp-json\/wp\/v2\/types\/page"}],"author":[{"embeddable":true,"href":"https:\/\/etoropartners.com\/fr\/wp-json\/wp\/v2\/users\/21"}],"replies":[{"embeddable":true,"href":"https:\/\/etoropartners.com\/fr\/wp-json\/wp\/v2\/comments?post=9693"}],"version-history":[{"count":0,"href":"https:\/\/etoropartners.com\/fr\/wp-json\/wp\/v2\/pages\/9693\/revisions"}],"wp:attachment":[{"href":"https:\/\/etoropartners.com\/fr\/wp-json\/wp\/v2\/media?parent=9693"}],"curies":[{"name":"wp","href":"https:\/\/api.w.org\/{rel}","templated":true}]}}