{"id":8848,"date":"2024-05-22T13:12:03","date_gmt":"2024-05-22T11:12:03","guid":{"rendered":"https:\/\/etoropartners.com\/payment-methods\/"},"modified":"2024-08-27T14:53:55","modified_gmt":"2024-08-27T12:53:55","slug":"les-methodes-de-paiement","status":"publish","type":"page","link":"https:\/\/etoropartners.com\/fr\/les-methodes-de-paiement\/","title":{"rendered":"M\u00e9thodes de paiement"},"content":{"rendered":"\n<section class=\"wp-block-group wp-block-group-boxed wp-block-group-small-top-padding wp-block-group-small-bottom-padding\"><div class=\"wp-block-group-inner is-layout-flow wp-block-group-is-layout-flow\">\n<div class=\"wp-block-columns are-vertically-aligned-top wp-block-columns-1 is-layout-flex wp-container-core-columns-is-layout-9d6595d7 wp-block-columns-is-layout-flex\">\n<div class=\"wp-block-column wp-block-column-align-desktop-center wp-block-column-align-mobile-center is-layout-flow wp-block-column-is-layout-flow\">\n<h2 class=\"wp-block-heading\">M\u00e9thodes de paiement<\/h2>\n\n\n\n<figure class=\"wp-block-image size-full\"><img loading=\"lazy\" decoding=\"async\" width=\"1600\" height=\"400\" src=\"https:\/\/etoropartners.com\/wp-content\/uploads\/2024\/05\/Cover_PAYMENT-METHODS.jpg\" alt=\"\" class=\"wp-image-8271 wp-image-desktop\" srcset=\"https:\/\/etoropartners.com\/wp-content\/uploads\/2024\/05\/Cover_PAYMENT-METHODS.jpg 1600w, https:\/\/etoropartners.com\/wp-content\/uploads\/2024\/05\/Cover_PAYMENT-METHODS-300x75.jpg 300w, https:\/\/etoropartners.com\/wp-content\/uploads\/2024\/05\/Cover_PAYMENT-METHODS-1024x256.jpg 1024w, https:\/\/etoropartners.com\/wp-content\/uploads\/2024\/05\/Cover_PAYMENT-METHODS-768x192.jpg 768w, https:\/\/etoropartners.com\/wp-content\/uploads\/2024\/05\/Cover_PAYMENT-METHODS-1536x384.jpg 1536w\" sizes=\"auto, (max-width: 1600px) 100vw, 1600px\" \/><\/figure>\n<\/div>\n<\/div>\n<\/div><\/section>\n\n\n\n<section class=\"wp-block-group wp-block-group-boxed wp-block-group-small-top-padding wp-block-group-small-bottom-padding\"><div class=\"wp-block-group-inner is-layout-flow wp-block-group-is-layout-flow\">\n<div class=\"wp-block-columns are-vertically-aligned-top wp-block-columns-1 is-layout-flex wp-container-core-columns-is-layout-9d6595d7 wp-block-columns-is-layout-flex\">\n<div class=\"wp-block-column is-layout-flow wp-block-column-is-layout-flow\">\n<h2 class=\"wp-block-heading is-style-heading-1\">\u00c0 quoi devez-vous faire attention lorsque vous mentionnez des m\u00e9thodes de paiement?<\/h2>\n\n\n\n<p class=\"is-style-heading-2\">Soyez pr\u00e9cis<\/p>\n\n\n\n<p>Lorsque vous mentionnez des m\u00e9thodes de paiement, assurez-vous qu&rsquo;elles sont disponibles dans le pays dans lequel vous faites la promotion d&rsquo;eToro. Vous pouvez trouver des informations sur les m\u00e9thodes de paiement et leurs limitations sur <a href=\"https:\/\/www.etoro.com\/fr\/customer-service\/deposit-faq\/\">la page des d\u00e9p\u00f4ts<\/a> d\u2019eToro.<\/p>\n\n\n\n<p class=\"is-style-heading-2\">Exemples d&rsquo;erreurs courantes :<\/p>\n\n\n\n<p>Paypal n&rsquo;est pas disponible dans certains pays (le Royaume-Uni par exemple) et n&rsquo;est disponible qu&rsquo;apr\u00e8s le premier d\u00e9p\u00f4t dans d&rsquo;autres pays (par exemple les Pays-Bas). Comme les traders ne pourront pas effectuer leur premier d\u00e9p\u00f4t par Paypal dans ces pays, Paypal ne doit pas \u00eatre mentionn\u00e9 comme m\u00e9thode de paiement lors de la promotion d&rsquo;eToro dans ces pays. Si votre audience est largeet que vous ciblez des pays o\u00f9 Paypal est disponible et d&rsquo;autres pays o\u00f9 il ne l&rsquo;est pas, mentionnez les listes des pays o\u00f9 il n&rsquo;est pas disponible, ainsi que la liste des pays o\u00f9 il n&rsquo;est pas disponible pour le premier d\u00e9p\u00f4t.<\/p>\n\n\n\n<p class=\"is-style-heading-2\">Cartes de cr\u00e9dit<\/p>\n\n\n\n<p>Royaume-Uni et Espagne : les cartes de cr\u00e9dit ne peuvent pas \u00eatre utilis\u00e9es pour d\u00e9poser des fonds au Royaume-Uni ou en Espagne (les cartes de d\u00e9bit sont disponibles).<\/p>\n<\/div>\n<\/div>\n<\/div><\/section>\n","protected":false},"excerpt":{"rendered":"<p>M\u00e9thodes de paiement \u00c0 quoi devez-vous faire attention lorsque vous mentionnez des m\u00e9thodes de paiement? Soyez pr\u00e9cis Lorsque vous mentionnez des m\u00e9thodes de paiement, assurez-vous qu&rsquo;elles sont disponibles dans le pays dans lequel vous faites la promotion d&rsquo;eToro. Vous pouvez trouver des informations sur les m\u00e9thodes de paiement et leurs limitations sur la page des [&hellip;]<\/p>\n","protected":false},"author":11,"featured_media":8263,"parent":0,"menu_order":0,"comment_status":"closed","ping_status":"closed","template":"","meta":{"_acf_changed":false,"sticky_cta_settings":"","footnotes":""},"class_list":["post-8848","page","type-page","status-publish","has-post-thumbnail","hentry"],"acf":[],"yoast_head":"<!-- This site is optimized with the Yoast SEO plugin v27.3 - https:\/\/yoast.com\/product\/yoast-seo-wordpress\/ -->\n<title>Les m\u00e9thodes de paiement<\/title>\n<meta name=\"description\" content=\"\u00c0 quoi devez-vous faire attention lorsque vous mentionnez des m\u00e9thodes de paiement?\" \/>\n<meta name=\"robots\" content=\"index, follow, max-snippet:-1, max-image-preview:large, max-video-preview:-1\" \/>\n<link rel=\"canonical\" href=\"https:\/\/etoropartners.com\/fr\/les-methodes-de-paiement\/\" \/>\n<meta property=\"og:locale\" content=\"fr_FR\" \/>\n<meta property=\"og:type\" content=\"article\" \/>\n<meta property=\"og:title\" content=\"Les m\u00e9thodes de paiement\" \/>\n<meta property=\"og:description\" content=\"\u00c0 quoi devez-vous faire attention lorsque vous mentionnez des m\u00e9thodes de paiement?\" \/>\n<meta property=\"og:url\" content=\"https:\/\/etoropartners.com\/fr\/les-methodes-de-paiement\/\" \/>\n<meta property=\"og:site_name\" content=\"eToro Partners\" \/>\n<meta property=\"article:modified_time\" content=\"2024-08-27T12:53:55+00:00\" \/>\n<meta property=\"og:image\" content=\"https:\/\/etoropartners.com\/wp-content\/uploads\/2024\/05\/Featured_PAYMENT-METHODS.png\" \/>\n\t<meta property=\"og:image:width\" content=\"1200\" \/>\n\t<meta property=\"og:image:height\" content=\"630\" \/>\n\t<meta property=\"og:image:type\" content=\"image\/png\" \/>\n<meta name=\"twitter:card\" content=\"summary_large_image\" \/>\n<meta name=\"twitter:label1\" content=\"Dur\u00e9e de lecture estim\u00e9e\" \/>\n\t<meta name=\"twitter:data1\" content=\"2 minutes\" \/>\n<script type=\"application\/ld+json\" class=\"yoast-schema-graph\">{\"@context\":\"https:\\\/\\\/schema.org\",\"@graph\":[{\"@type\":\"WebPage\",\"@id\":\"https:\\\/\\\/etoropartners.com\\\/fr\\\/les-methodes-de-paiement\\\/\",\"url\":\"https:\\\/\\\/etoropartners.com\\\/fr\\\/les-methodes-de-paiement\\\/\",\"name\":\"Les m\u00e9thodes de paiement\",\"isPartOf\":{\"@id\":\"https:\\\/\\\/etoropartners.com\\\/fr\\\/#website\"},\"primaryImageOfPage\":{\"@id\":\"https:\\\/\\\/etoropartners.com\\\/fr\\\/les-methodes-de-paiement\\\/#primaryimage\"},\"image\":{\"@id\":\"https:\\\/\\\/etoropartners.com\\\/fr\\\/les-methodes-de-paiement\\\/#primaryimage\"},\"thumbnailUrl\":\"https:\\\/\\\/etoropartners.com\\\/wp-content\\\/uploads\\\/2024\\\/05\\\/Featured_PAYMENT-METHODS.png\",\"datePublished\":\"2024-05-22T11:12:03+00:00\",\"dateModified\":\"2024-08-27T12:53:55+00:00\",\"description\":\"\u00c0 quoi devez-vous faire attention lorsque vous mentionnez des m\u00e9thodes de paiement?\",\"breadcrumb\":{\"@id\":\"https:\\\/\\\/etoropartners.com\\\/fr\\\/les-methodes-de-paiement\\\/#breadcrumb\"},\"inLanguage\":\"fr-FR\",\"potentialAction\":[{\"@type\":\"ReadAction\",\"target\":[\"https:\\\/\\\/etoropartners.com\\\/fr\\\/les-methodes-de-paiement\\\/\"]}]},{\"@type\":\"ImageObject\",\"inLanguage\":\"fr-FR\",\"@id\":\"https:\\\/\\\/etoropartners.com\\\/fr\\\/les-methodes-de-paiement\\\/#primaryimage\",\"url\":\"https:\\\/\\\/etoropartners.com\\\/wp-content\\\/uploads\\\/2024\\\/05\\\/Featured_PAYMENT-METHODS.png\",\"contentUrl\":\"https:\\\/\\\/etoropartners.com\\\/wp-content\\\/uploads\\\/2024\\\/05\\\/Featured_PAYMENT-METHODS.png\",\"width\":1200,\"height\":630},{\"@type\":\"BreadcrumbList\",\"@id\":\"https:\\\/\\\/etoropartners.com\\\/fr\\\/les-methodes-de-paiement\\\/#breadcrumb\",\"itemListElement\":[{\"@type\":\"ListItem\",\"position\":1,\"name\":\"Home\",\"item\":\"https:\\\/\\\/etoropartners.com\\\/fr\\\/\"},{\"@type\":\"ListItem\",\"position\":2,\"name\":\"M\u00e9thodes de paiement\"}]},{\"@type\":\"WebSite\",\"@id\":\"https:\\\/\\\/etoropartners.com\\\/fr\\\/#website\",\"url\":\"https:\\\/\\\/etoropartners.com\\\/fr\\\/\",\"name\":\"eToro Partners\",\"description\":\"\",\"potentialAction\":[{\"@type\":\"SearchAction\",\"target\":{\"@type\":\"EntryPoint\",\"urlTemplate\":\"https:\\\/\\\/etoropartners.com\\\/fr\\\/?s={search_term_string}\"},\"query-input\":{\"@type\":\"PropertyValueSpecification\",\"valueRequired\":true,\"valueName\":\"search_term_string\"}}],\"inLanguage\":\"fr-FR\"}]}<\/script>\n<!-- \/ Yoast SEO plugin. -->","yoast_head_json":{"title":"Les m\u00e9thodes de paiement","description":"\u00c0 quoi devez-vous faire attention lorsque vous mentionnez des m\u00e9thodes de paiement?","robots":{"index":"index","follow":"follow","max-snippet":"max-snippet:-1","max-image-preview":"max-image-preview:large","max-video-preview":"max-video-preview:-1"},"canonical":"https:\/\/etoropartners.com\/fr\/les-methodes-de-paiement\/","og_locale":"fr_FR","og_type":"article","og_title":"Les m\u00e9thodes de paiement","og_description":"\u00c0 quoi devez-vous faire attention lorsque vous mentionnez des m\u00e9thodes de paiement?","og_url":"https:\/\/etoropartners.com\/fr\/les-methodes-de-paiement\/","og_site_name":"eToro Partners","article_modified_time":"2024-08-27T12:53:55+00:00","og_image":[{"width":1200,"height":630,"url":"https:\/\/etoropartners.com\/wp-content\/uploads\/2024\/05\/Featured_PAYMENT-METHODS.png","type":"image\/png"}],"twitter_card":"summary_large_image","twitter_misc":{"Dur\u00e9e de lecture estim\u00e9e":"2 minutes"},"schema":{"@context":"https:\/\/schema.org","@graph":[{"@type":"WebPage","@id":"https:\/\/etoropartners.com\/fr\/les-methodes-de-paiement\/","url":"https:\/\/etoropartners.com\/fr\/les-methodes-de-paiement\/","name":"Les m\u00e9thodes de paiement","isPartOf":{"@id":"https:\/\/etoropartners.com\/fr\/#website"},"primaryImageOfPage":{"@id":"https:\/\/etoropartners.com\/fr\/les-methodes-de-paiement\/#primaryimage"},"image":{"@id":"https:\/\/etoropartners.com\/fr\/les-methodes-de-paiement\/#primaryimage"},"thumbnailUrl":"https:\/\/etoropartners.com\/wp-content\/uploads\/2024\/05\/Featured_PAYMENT-METHODS.png","datePublished":"2024-05-22T11:12:03+00:00","dateModified":"2024-08-27T12:53:55+00:00","description":"\u00c0 quoi devez-vous faire attention lorsque vous mentionnez des m\u00e9thodes de paiement?","breadcrumb":{"@id":"https:\/\/etoropartners.com\/fr\/les-methodes-de-paiement\/#breadcrumb"},"inLanguage":"fr-FR","potentialAction":[{"@type":"ReadAction","target":["https:\/\/etoropartners.com\/fr\/les-methodes-de-paiement\/"]}]},{"@type":"ImageObject","inLanguage":"fr-FR","@id":"https:\/\/etoropartners.com\/fr\/les-methodes-de-paiement\/#primaryimage","url":"https:\/\/etoropartners.com\/wp-content\/uploads\/2024\/05\/Featured_PAYMENT-METHODS.png","contentUrl":"https:\/\/etoropartners.com\/wp-content\/uploads\/2024\/05\/Featured_PAYMENT-METHODS.png","width":1200,"height":630},{"@type":"BreadcrumbList","@id":"https:\/\/etoropartners.com\/fr\/les-methodes-de-paiement\/#breadcrumb","itemListElement":[{"@type":"ListItem","position":1,"name":"Home","item":"https:\/\/etoropartners.com\/fr\/"},{"@type":"ListItem","position":2,"name":"M\u00e9thodes de paiement"}]},{"@type":"WebSite","@id":"https:\/\/etoropartners.com\/fr\/#website","url":"https:\/\/etoropartners.com\/fr\/","name":"eToro Partners","description":"","potentialAction":[{"@type":"SearchAction","target":{"@type":"EntryPoint","urlTemplate":"https:\/\/etoropartners.com\/fr\/?s={search_term_string}"},"query-input":{"@type":"PropertyValueSpecification","valueRequired":true,"valueName":"search_term_string"}}],"inLanguage":"fr-FR"}]}},"_links":{"self":[{"href":"https:\/\/etoropartners.com\/fr\/wp-json\/wp\/v2\/pages\/8848","targetHints":{"allow":["GET"]}}],"collection":[{"href":"https:\/\/etoropartners.com\/fr\/wp-json\/wp\/v2\/pages"}],"about":[{"href":"https:\/\/etoropartners.com\/fr\/wp-json\/wp\/v2\/types\/page"}],"author":[{"embeddable":true,"href":"https:\/\/etoropartners.com\/fr\/wp-json\/wp\/v2\/users\/11"}],"replies":[{"embeddable":true,"href":"https:\/\/etoropartners.com\/fr\/wp-json\/wp\/v2\/comments?post=8848"}],"version-history":[{"count":0,"href":"https:\/\/etoropartners.com\/fr\/wp-json\/wp\/v2\/pages\/8848\/revisions"}],"wp:featuredmedia":[{"embeddable":true,"href":"https:\/\/etoropartners.com\/fr\/wp-json\/wp\/v2\/media\/8263"}],"wp:attachment":[{"href":"https:\/\/etoropartners.com\/fr\/wp-json\/wp\/v2\/media?parent=8848"}],"curies":[{"name":"wp","href":"https:\/\/api.w.org\/{rel}","templated":true}]}}