{"id":8816,"date":"2024-05-22T13:05:01","date_gmt":"2024-05-22T11:05:01","guid":{"rendered":"https:\/\/etoropartners.com\/regulators\/"},"modified":"2024-08-26T15:37:55","modified_gmt":"2024-08-26T13:37:55","slug":"regulators","status":"publish","type":"page","link":"https:\/\/etoropartners.com\/fr\/regulators\/","title":{"rendered":"R\u00e9gulateurs"},"content":{"rendered":"\n<section class=\"wp-block-group wp-block-group-boxed wp-block-group-small-top-padding wp-block-group-small-bottom-padding has-white-background-color has-background\"><div class=\"wp-block-group-inner is-layout-flow wp-block-group-is-layout-flow\">\n<div class=\"wp-block-columns are-vertically-aligned-top wp-block-columns-1 is-layout-flex wp-container-core-columns-is-layout-9d6595d7 wp-block-columns-is-layout-flex\">\n<div class=\"wp-block-column wp-block-column-align-desktop-center wp-block-column-align-mobile-center is-layout-flow wp-block-column-is-layout-flow\">\n<h2 class=\"wp-block-heading\">R\u00e9gulateurs<\/h2>\n\n\n\n<figure class=\"wp-block-image size-full\"><img loading=\"lazy\" decoding=\"async\" width=\"1600\" height=\"400\" src=\"https:\/\/etoropartners.com\/wp-content\/uploads\/2024\/05\/Cover_OUR-REGULATION.jpg\" alt=\"\" class=\"wp-image-8239 wp-image-desktop\" srcset=\"https:\/\/etoropartners.com\/wp-content\/uploads\/2024\/05\/Cover_OUR-REGULATION.jpg 1600w, https:\/\/etoropartners.com\/wp-content\/uploads\/2024\/05\/Cover_OUR-REGULATION-300x75.jpg 300w, https:\/\/etoropartners.com\/wp-content\/uploads\/2024\/05\/Cover_OUR-REGULATION-1024x256.jpg 1024w, https:\/\/etoropartners.com\/wp-content\/uploads\/2024\/05\/Cover_OUR-REGULATION-768x192.jpg 768w, https:\/\/etoropartners.com\/wp-content\/uploads\/2024\/05\/Cover_OUR-REGULATION-1536x384.jpg 1536w\" sizes=\"auto, (max-width: 1600px) 100vw, 1600px\" \/><\/figure>\n<\/div>\n<\/div>\n<\/div><\/section>\n\n\n\n<section class=\"wp-block-group wp-block-group-boxed wp-block-group-small-top-padding wp-block-group-small-bottom-padding has-white-background-color has-background\"><div class=\"wp-block-group-inner is-layout-flow wp-block-group-is-layout-flow\">\n<div class=\"wp-block-columns are-vertically-aligned-top wp-block-columns-1 is-layout-flex wp-container-core-columns-is-layout-9d6595d7 wp-block-columns-is-layout-flex\">\n<div class=\"wp-block-column is-layout-flow wp-block-column-is-layout-flow\">\n<p>eToro est r\u00e9glement\u00e9 dans plusieurs juridictions. <a href=\"https:\/\/www.etoro.com\/fr\/customer-service\/regulation-license\/\">Cliquez ici<\/a> pour en savoir plus sur nos licences et r\u00e9glementations.<\/p>\n\n\n\n<p class=\"is-style-heading-2\"><strong>Pouvez-vous mentionner les r\u00e9gulateurs ?<\/strong><\/p>\n\n\n\n<p>Les r\u00e9gulateurs ne peuvent pas \u00eatre utilis\u00e9s comme argument de vente. Cela signifie que vous devez faire attention \u00e0 la mani\u00e8re dont vous les mentionnez. Voici quelques exemples de ce que vous NE DEVEZ PAS faire :<\/p>\n\n\n\n<ul class=\"wp-block-list wp-block-list wp-block-list-circle\">\n<li>\u00c9crivez ou sugg\u00e9rez aux gens de trader sur eToro parce que c&rsquo;est une marque r\u00e9glement\u00e9e<\/li>\n\n\n\n<li>Mentionnez la r\u00e9glementation comme un \u00ab avantage \u00bb<\/li>\n\n\n\n<li>Comparez eToro avec une autre marque, en utilisant les r\u00e9gulateurs comme un avantage d&rsquo;eToro par rapport aux autres.<\/li>\n\n\n\n<li>Utilisez le logo du r\u00e9gulateur<\/li>\n\n\n\n<li>Utilisez le nom du r\u00e9gulateur dans les banni\u00e8res<\/li>\n<\/ul>\n\n\n\n<p class=\"is-style-heading-2\"><strong>Alors, qu&rsquo;est-ce qui est autoris\u00e9 ?<\/strong><\/p>\n\n\n\n<p>Il est permis de mentionner qu&rsquo;eToro est r\u00e9glement\u00e9 et par quelles entit\u00e9s lorsqu&rsquo;il s&rsquo;agit simplement de mentionner un fait, par exemple comme l&rsquo;un des nombreux \u00e9l\u00e9ments dans la description d&rsquo;eToro et de ses fonctionnalit\u00e9s (dans une critique par exemple).<\/p>\n\n\n\n<p class=\"is-style-heading-2\"><strong>Soyez pr\u00e9cis<\/strong><\/p>\n\n\n\n<p><strong>Cryptomonnaies :<\/strong> les crypto-monnaies ne sont pas des instruments r\u00e9glement\u00e9s. Par cons\u00e9quent, mentionner les r\u00e9gulateurs ou bien qu&rsquo;eToro est r\u00e9gul\u00e9 dans un article ou une page sur les crypto-monnaies serait trompeur. Veuillez \u00e9viter de le faire ou mentionner explicitement que les crypto-monnaies ne sont pas r\u00e9glement\u00e9es (sauf si vous ciblez une audience am\u00e9ricaine, dans ce cas, il n&rsquo;est pas n\u00e9cessaire d&rsquo;ajouter cette mention).<\/p>\n\n\n\n<p><strong>\u00c9tats-Unis :<\/strong> aux \u00c9tats-Unis, eToro USA LLC offre une plateforme permettant aux clients am\u00e9ricains d&rsquo;acheter et de vendre des crypto-monnaies et est r\u00e9glement\u00e9e par FinCen. eToro USA Securities Inc. est un courtier r\u00e9gul\u00e9 par la FINRA qui permet de trader des actions, des ETF et des options. Veuillez ne pas confondre les deux.<\/p>\n<\/div>\n<\/div>\n<\/div><\/section>\n","protected":false},"excerpt":{"rendered":"<p>R\u00e9gulateurs eToro est r\u00e9glement\u00e9 dans plusieurs juridictions. Cliquez ici pour en savoir plus sur nos licences et r\u00e9glementations. Pouvez-vous mentionner les r\u00e9gulateurs ? Les r\u00e9gulateurs ne peuvent pas \u00eatre utilis\u00e9s comme argument de vente. Cela signifie que vous devez faire attention \u00e0 la mani\u00e8re dont vous les mentionnez. Voici quelques exemples de ce que vous [&hellip;]<\/p>\n","protected":false},"author":11,"featured_media":8231,"parent":0,"menu_order":0,"comment_status":"closed","ping_status":"closed","template":"","meta":{"_acf_changed":false,"sticky_cta_settings":"","footnotes":""},"class_list":["post-8816","page","type-page","status-publish","has-post-thumbnail","hentry"],"acf":[],"yoast_head":"<!-- This site is optimized with the Yoast SEO plugin v27.3 - https:\/\/yoast.com\/product\/yoast-seo-wordpress\/ -->\n<title>R\u00e9gulateurs<\/title>\n<meta name=\"description\" content=\"eToro est r\u00e9glement\u00e9e dans plusieurs juridictions. Cliquez ici pour en savoir plus sur nos licences et notre r\u00e9glementation.\" \/>\n<meta name=\"robots\" content=\"index, follow, max-snippet:-1, max-image-preview:large, max-video-preview:-1\" \/>\n<link rel=\"canonical\" href=\"https:\/\/etoropartners.com\/fr\/regulators\/\" \/>\n<meta property=\"og:locale\" content=\"fr_FR\" \/>\n<meta property=\"og:type\" content=\"article\" \/>\n<meta property=\"og:title\" content=\"R\u00e9gulateurs\" \/>\n<meta property=\"og:description\" content=\"eToro est r\u00e9glement\u00e9e dans plusieurs juridictions. Cliquez ici pour en savoir plus sur nos licences et notre r\u00e9glementation.\" \/>\n<meta property=\"og:url\" content=\"https:\/\/etoropartners.com\/fr\/regulators\/\" \/>\n<meta property=\"og:site_name\" content=\"eToro Partners\" \/>\n<meta property=\"article:modified_time\" content=\"2024-08-26T13:37:55+00:00\" \/>\n<meta property=\"og:image\" content=\"https:\/\/etoropartners.com\/wp-content\/uploads\/2024\/05\/Featured_OUR-REGULATION.png\" \/>\n\t<meta property=\"og:image:width\" content=\"1200\" \/>\n\t<meta property=\"og:image:height\" content=\"630\" \/>\n\t<meta property=\"og:image:type\" content=\"image\/png\" \/>\n<meta name=\"twitter:card\" content=\"summary_large_image\" \/>\n<meta name=\"twitter:label1\" content=\"Dur\u00e9e de lecture estim\u00e9e\" \/>\n\t<meta name=\"twitter:data1\" content=\"2 minutes\" \/>\n<script type=\"application\/ld+json\" class=\"yoast-schema-graph\">{\"@context\":\"https:\\\/\\\/schema.org\",\"@graph\":[{\"@type\":\"WebPage\",\"@id\":\"https:\\\/\\\/etoropartners.com\\\/fr\\\/regulators\\\/\",\"url\":\"https:\\\/\\\/etoropartners.com\\\/fr\\\/regulators\\\/\",\"name\":\"R\u00e9gulateurs\",\"isPartOf\":{\"@id\":\"https:\\\/\\\/etoropartners.com\\\/fr\\\/#website\"},\"primaryImageOfPage\":{\"@id\":\"https:\\\/\\\/etoropartners.com\\\/fr\\\/regulators\\\/#primaryimage\"},\"image\":{\"@id\":\"https:\\\/\\\/etoropartners.com\\\/fr\\\/regulators\\\/#primaryimage\"},\"thumbnailUrl\":\"https:\\\/\\\/etoropartners.com\\\/wp-content\\\/uploads\\\/2024\\\/05\\\/Featured_OUR-REGULATION.png\",\"datePublished\":\"2024-05-22T11:05:01+00:00\",\"dateModified\":\"2024-08-26T13:37:55+00:00\",\"description\":\"eToro est r\u00e9glement\u00e9e dans plusieurs juridictions. Cliquez ici pour en savoir plus sur nos licences et notre r\u00e9glementation.\",\"breadcrumb\":{\"@id\":\"https:\\\/\\\/etoropartners.com\\\/fr\\\/regulators\\\/#breadcrumb\"},\"inLanguage\":\"fr-FR\",\"potentialAction\":[{\"@type\":\"ReadAction\",\"target\":[\"https:\\\/\\\/etoropartners.com\\\/fr\\\/regulators\\\/\"]}]},{\"@type\":\"ImageObject\",\"inLanguage\":\"fr-FR\",\"@id\":\"https:\\\/\\\/etoropartners.com\\\/fr\\\/regulators\\\/#primaryimage\",\"url\":\"https:\\\/\\\/etoropartners.com\\\/wp-content\\\/uploads\\\/2024\\\/05\\\/Featured_OUR-REGULATION.png\",\"contentUrl\":\"https:\\\/\\\/etoropartners.com\\\/wp-content\\\/uploads\\\/2024\\\/05\\\/Featured_OUR-REGULATION.png\",\"width\":1200,\"height\":630},{\"@type\":\"BreadcrumbList\",\"@id\":\"https:\\\/\\\/etoropartners.com\\\/fr\\\/regulators\\\/#breadcrumb\",\"itemListElement\":[{\"@type\":\"ListItem\",\"position\":1,\"name\":\"Home\",\"item\":\"https:\\\/\\\/etoropartners.com\\\/fr\\\/\"},{\"@type\":\"ListItem\",\"position\":2,\"name\":\"R\u00e9gulateurs\"}]},{\"@type\":\"WebSite\",\"@id\":\"https:\\\/\\\/etoropartners.com\\\/fr\\\/#website\",\"url\":\"https:\\\/\\\/etoropartners.com\\\/fr\\\/\",\"name\":\"eToro Partners\",\"description\":\"\",\"potentialAction\":[{\"@type\":\"SearchAction\",\"target\":{\"@type\":\"EntryPoint\",\"urlTemplate\":\"https:\\\/\\\/etoropartners.com\\\/fr\\\/?s={search_term_string}\"},\"query-input\":{\"@type\":\"PropertyValueSpecification\",\"valueRequired\":true,\"valueName\":\"search_term_string\"}}],\"inLanguage\":\"fr-FR\"}]}<\/script>\n<!-- \/ Yoast SEO plugin. -->","yoast_head_json":{"title":"R\u00e9gulateurs","description":"eToro est r\u00e9glement\u00e9e dans plusieurs juridictions. Cliquez ici pour en savoir plus sur nos licences et notre r\u00e9glementation.","robots":{"index":"index","follow":"follow","max-snippet":"max-snippet:-1","max-image-preview":"max-image-preview:large","max-video-preview":"max-video-preview:-1"},"canonical":"https:\/\/etoropartners.com\/fr\/regulators\/","og_locale":"fr_FR","og_type":"article","og_title":"R\u00e9gulateurs","og_description":"eToro est r\u00e9glement\u00e9e dans plusieurs juridictions. Cliquez ici pour en savoir plus sur nos licences et notre r\u00e9glementation.","og_url":"https:\/\/etoropartners.com\/fr\/regulators\/","og_site_name":"eToro Partners","article_modified_time":"2024-08-26T13:37:55+00:00","og_image":[{"width":1200,"height":630,"url":"https:\/\/etoropartners.com\/wp-content\/uploads\/2024\/05\/Featured_OUR-REGULATION.png","type":"image\/png"}],"twitter_card":"summary_large_image","twitter_misc":{"Dur\u00e9e de lecture estim\u00e9e":"2 minutes"},"schema":{"@context":"https:\/\/schema.org","@graph":[{"@type":"WebPage","@id":"https:\/\/etoropartners.com\/fr\/regulators\/","url":"https:\/\/etoropartners.com\/fr\/regulators\/","name":"R\u00e9gulateurs","isPartOf":{"@id":"https:\/\/etoropartners.com\/fr\/#website"},"primaryImageOfPage":{"@id":"https:\/\/etoropartners.com\/fr\/regulators\/#primaryimage"},"image":{"@id":"https:\/\/etoropartners.com\/fr\/regulators\/#primaryimage"},"thumbnailUrl":"https:\/\/etoropartners.com\/wp-content\/uploads\/2024\/05\/Featured_OUR-REGULATION.png","datePublished":"2024-05-22T11:05:01+00:00","dateModified":"2024-08-26T13:37:55+00:00","description":"eToro est r\u00e9glement\u00e9e dans plusieurs juridictions. Cliquez ici pour en savoir plus sur nos licences et notre r\u00e9glementation.","breadcrumb":{"@id":"https:\/\/etoropartners.com\/fr\/regulators\/#breadcrumb"},"inLanguage":"fr-FR","potentialAction":[{"@type":"ReadAction","target":["https:\/\/etoropartners.com\/fr\/regulators\/"]}]},{"@type":"ImageObject","inLanguage":"fr-FR","@id":"https:\/\/etoropartners.com\/fr\/regulators\/#primaryimage","url":"https:\/\/etoropartners.com\/wp-content\/uploads\/2024\/05\/Featured_OUR-REGULATION.png","contentUrl":"https:\/\/etoropartners.com\/wp-content\/uploads\/2024\/05\/Featured_OUR-REGULATION.png","width":1200,"height":630},{"@type":"BreadcrumbList","@id":"https:\/\/etoropartners.com\/fr\/regulators\/#breadcrumb","itemListElement":[{"@type":"ListItem","position":1,"name":"Home","item":"https:\/\/etoropartners.com\/fr\/"},{"@type":"ListItem","position":2,"name":"R\u00e9gulateurs"}]},{"@type":"WebSite","@id":"https:\/\/etoropartners.com\/fr\/#website","url":"https:\/\/etoropartners.com\/fr\/","name":"eToro Partners","description":"","potentialAction":[{"@type":"SearchAction","target":{"@type":"EntryPoint","urlTemplate":"https:\/\/etoropartners.com\/fr\/?s={search_term_string}"},"query-input":{"@type":"PropertyValueSpecification","valueRequired":true,"valueName":"search_term_string"}}],"inLanguage":"fr-FR"}]}},"_links":{"self":[{"href":"https:\/\/etoropartners.com\/fr\/wp-json\/wp\/v2\/pages\/8816","targetHints":{"allow":["GET"]}}],"collection":[{"href":"https:\/\/etoropartners.com\/fr\/wp-json\/wp\/v2\/pages"}],"about":[{"href":"https:\/\/etoropartners.com\/fr\/wp-json\/wp\/v2\/types\/page"}],"author":[{"embeddable":true,"href":"https:\/\/etoropartners.com\/fr\/wp-json\/wp\/v2\/users\/11"}],"replies":[{"embeddable":true,"href":"https:\/\/etoropartners.com\/fr\/wp-json\/wp\/v2\/comments?post=8816"}],"version-history":[{"count":0,"href":"https:\/\/etoropartners.com\/fr\/wp-json\/wp\/v2\/pages\/8816\/revisions"}],"wp:featuredmedia":[{"embeddable":true,"href":"https:\/\/etoropartners.com\/fr\/wp-json\/wp\/v2\/media\/8231"}],"wp:attachment":[{"href":"https:\/\/etoropartners.com\/fr\/wp-json\/wp\/v2\/media?parent=8816"}],"curies":[{"name":"wp","href":"https:\/\/api.w.org\/{rel}","templated":true}]}}