{"id":8784,"date":"2024-05-22T10:54:03","date_gmt":"2024-05-22T08:54:03","guid":{"rendered":"https:\/\/etoropartners.com\/how-to-add-risk-warnings\/"},"modified":"2024-08-26T13:03:11","modified_gmt":"2024-08-26T11:03:11","slug":"how-to-add-risk-warnings","status":"publish","type":"page","link":"https:\/\/etoropartners.com\/fr\/how-to-add-risk-warnings\/","title":{"rendered":"How to add risk warnings"},"content":{"rendered":"\n<section class=\"wp-block-group wp-block-group-boxed wp-block-group-small-top-padding wp-block-group-small-bottom-padding\"><div class=\"wp-block-group-inner is-layout-flow wp-block-group-is-layout-flow\">\n<div class=\"wp-block-columns are-vertically-aligned-top wp-block-columns-1 is-layout-flex wp-container-core-columns-is-layout-9d6595d7 wp-block-columns-is-layout-flex\">\n<div class=\"wp-block-column wp-block-column-align-desktop-center wp-block-column-align-mobile-center is-layout-flow wp-block-column-is-layout-flow\">\n<h2 class=\"wp-block-heading has-text-align-center\">Comment ajouter des avertissements sur les risques<\/h2>\n\n\n\n<figure class=\"wp-block-image size-full\"><img loading=\"lazy\" decoding=\"async\" width=\"1600\" height=\"400\" src=\"https:\/\/etoropartners.com\/wp-content\/uploads\/2024\/05\/Cover_how-to-add-risk-warnings.jpg\" alt=\"\" class=\"wp-image-8176 wp-image-desktop\" srcset=\"https:\/\/etoropartners.com\/wp-content\/uploads\/2024\/05\/Cover_how-to-add-risk-warnings.jpg 1600w, https:\/\/etoropartners.com\/wp-content\/uploads\/2024\/05\/Cover_how-to-add-risk-warnings-300x75.jpg 300w, https:\/\/etoropartners.com\/wp-content\/uploads\/2024\/05\/Cover_how-to-add-risk-warnings-1024x256.jpg 1024w, https:\/\/etoropartners.com\/wp-content\/uploads\/2024\/05\/Cover_how-to-add-risk-warnings-768x192.jpg 768w, https:\/\/etoropartners.com\/wp-content\/uploads\/2024\/05\/Cover_how-to-add-risk-warnings-1536x384.jpg 1536w\" sizes=\"auto, (max-width: 1600px) 100vw, 1600px\" \/><\/figure>\n<\/div>\n<\/div>\n<\/div><\/section>\n\n\n\n<section class=\"wp-block-group wp-block-group-boxed wp-block-group-small-top-padding wp-block-group-small-bottom-padding\"><div class=\"wp-block-group-inner is-layout-flow wp-block-group-is-layout-flow\">\n<div class=\"wp-block-columns are-vertically-aligned-top wp-block-columns-1 is-layout-flex wp-container-core-columns-is-layout-9d6595d7 wp-block-columns-is-layout-flex\">\n<div class=\"wp-block-column is-layout-flow wp-block-column-is-layout-flow\">\n<p>Les avertissements sur les risques doivent \u00eatre clairement visibles afin que les consommateurs puissent les lire et les comprendre facilement.<\/p>\n\n\n\n<p class=\"is-style-heading-2\">O\u00f9 les avertissements sur les risques sont-ils n\u00e9cessaires ?<\/p>\n\n\n\n<p>Les avertissements sur les risques doivent \u00eatre ajout\u00e9s \u00e0 chaque publicit\u00e9 eToro, \u00e0 c\u00f4t\u00e9 de chaque lien vers eToro ou <em>call to action, <\/em>CTA.<\/p>\n\n\n\n<p>Pour les avis ou articles sur eToro mentionnant eToro, les avertissements doivent \u00eatre ajout\u00e9s au d\u00e9but du texte. Cependant, si vous avez des sections distinctes sur la m\u00eame page, telles que des banni\u00e8res ou d&rsquo;autres \u00e9l\u00e9ments liant \u00e0 eToro, elles doivent \u00e9galement avoir leurs propres avertissements, proches du lien ou CTA.<\/p>\n\n\n\n<p>Sur une vid\u00e9o, vous pouvez incorporer les avertissements tout au long de la vid\u00e9o ou afficher un \u00e9cran complet avec la d\u00e9claration pendant 10 secondes au d\u00e9but de la vid\u00e9o. La description de la vid\u00e9o doit \u00e9galement toujours contenir l&rsquo;avertissement sur les risques.<\/p>\n\n\n\n<p>Notez que si l&rsquo;espace est limit\u00e9 pour un avertissement complet, vous pouvez utiliser une version abr\u00e9g\u00e9e de l&rsquo;avertissement lorsque cela est disponible.<\/p>\n\n\n\n<p>De plus, si vous devez ajouter plusieurs avertissements sur les risques \u00e0 plusieurs endroits diff\u00e9rents sur une page, vous pouvez \u00e9galement le faire en ajoutant un avertissement de risque flottant qui restera toujours visible sur la page.<\/p>\n<\/div>\n<\/div>\n<\/div><\/section>\n\n\n\n<section class=\"wp-block-group wp-block-group-boxed wp-block-group-small-top-padding wp-block-group-small-bottom-padding\"><div class=\"wp-block-group-inner is-layout-flow wp-block-group-is-layout-flow\">\n<div class=\"wp-block-columns are-vertically-aligned-top wp-block-columns-1 is-layout-flex wp-container-core-columns-is-layout-9d6595d7 wp-block-columns-is-layout-flex\">\n<div class=\"wp-block-column wp-block-column-align-desktop-center wp-block-column-align-mobile-center is-layout-flow wp-block-column-is-layout-flow\">\n<figure class=\"wp-block-embed is-type-rich is-provider-embed-handler wp-block-embed-embed-handler wp-embed-aspect-16-9 wp-has-aspect-ratio\"><div class=\"wp-block-embed__wrapper\">\n<div class=\"ec-video\"><iframe loading=\"lazy\" title=\"FR-Compliance training video 4- 16:9 - How to  add risk warnings\" width=\"500\" height=\"281\" src=\"https:\/\/www.youtube.com\/embed\/WYaWjsGJwng?feature=oembed\" frameborder=\"0\" allow=\"accelerometer; autoplay; clipboard-write; encrypted-media; gyroscope; picture-in-picture; web-share\" referrerpolicy=\"strict-origin-when-cross-origin\" allowfullscreen><\/iframe><\/div>\n<\/div><\/figure>\n<\/div>\n<\/div>\n<\/div><\/section>\n\n\n\n<section class=\"wp-block-group wp-block-group-boxed wp-block-group-small-top-padding wp-block-group-small-bottom-padding\"><div class=\"wp-block-group-inner is-layout-flow wp-block-group-is-layout-flow\">\n<div class=\"wp-block-columns are-vertically-aligned-top wp-block-columns-1 is-layout-flex wp-container-core-columns-is-layout-9d6595d7 wp-block-columns-is-layout-flex\">\n<div class=\"wp-block-column is-layout-flow wp-block-column-is-layout-flow\">\n<p class=\"is-style-heading-2\">Comment trouver les avertissements de risque appropri\u00e9s<\/p>\n\n\n\n<p>Les avertissements de risque que vous devez utiliser sont d\u00e9termin\u00e9s par les pays que vous ciblez et par les produits que vous mentionnez. Dans <a href=\"https:\/\/etoropartners.com\/fr\/guidelines\/\">les directives<\/a>, vous pouvez trouver les avertissements sur les risques pertinents par pays et par cat\u00e9gorie.<\/p>\n\n\n\n<p><br>Si vous ciblez diff\u00e9rents pays, et diff\u00e9rentes cat\u00e9gories, vous devez utiliser tous les avertissements pertinents.<\/p>\n\n\n\n<p class=\"is-style-heading-2\"><br>Il y a trois points \u00e0 garder \u00e0 l&rsquo;esprit ici :<\/p>\n\n\n\n<p class=\"is-style-default\"><br><strong>Point1.<\/strong> Certains pays, comme l&rsquo;Espagne et le Royaume-Uni, ont des avertissements sur les risques li\u00e9s aux crypto-monnaies sp\u00e9cifiques.<\/p>\n\n\n\n<p><strong>Point2<\/strong>. Si vous faites de la promotion sur les r\u00e9seaux sociaux, vous devez indiquer que vous \u00eates un affili\u00e9 ou que la publication est une publicit\u00e9 payante. Cela peut \u00eatre aussi simple qu&rsquo;ajouter le hashtag #advert.<br><br><strong>Point3.<\/strong> Lors de la promotion sur les march\u00e9s am\u00e9ricains, un affili\u00e9 doit divulguer les paiements qu&rsquo;il peut recevoir de la publicit\u00e9 d&rsquo;affiliation.<\/p>\n\n\n\n<p><strong>Dernier point, mais non des moindres<\/strong>&#8230; Il est important de noter que la plupart des avertissements de risque des CFD contiennent un pourcentage, et nous devons modifier ce pourcentage tous les 3 mois. Nous publierons une demande de modification du pourcentage dans la section Actualit\u00e9s du site web d&rsquo;eToro Partners si n\u00e9cessaire. Cependant, nous vous recommandons fortement d&rsquo;utiliser <a href=\"https:\/\/docs.google.com\/presentation\/d\/12qK8XF8UURt3y9hTFKDv3f0nudVZez_BNxgC2ZsvhFo\/edit#slide=id.g1c27c6d4ca5_0_0\">l&rsquo;outil de pourcentage de clause de non-responsabilit\u00e9 dynamique<\/a>. Si vous impl\u00e9mentez cet outil, il affichera automatiquement le pourcentage correct et vous fera gagner beaucoup de temps et de travail.<\/p>\n<\/div>\n<\/div>\n<\/div><\/section>\n","protected":false},"excerpt":{"rendered":"<p>Comment ajouter des avertissements sur les risques Les avertissements sur les risques doivent \u00eatre clairement visibles afin que les consommateurs puissent les lire et les comprendre facilement. O\u00f9 les avertissements sur les risques sont-ils n\u00e9cessaires ? Les avertissements sur les risques doivent \u00eatre ajout\u00e9s \u00e0 chaque publicit\u00e9 eToro, \u00e0 c\u00f4t\u00e9 de chaque lien vers eToro [&hellip;]<\/p>\n","protected":false},"author":11,"featured_media":8168,"parent":0,"menu_order":0,"comment_status":"closed","ping_status":"closed","template":"","meta":{"_acf_changed":false,"sticky_cta_settings":"","footnotes":""},"class_list":["post-8784","page","type-page","status-publish","has-post-thumbnail","hentry"],"acf":[],"yoast_head":"<!-- This site is optimized with the Yoast SEO plugin v27.3 - https:\/\/yoast.com\/product\/yoast-seo-wordpress\/ -->\n<title>Comment ajouter des avertissements de risque<\/title>\n<meta name=\"description\" content=\"Les avertissements de risque doivent \u00eatre affich\u00e9s de mani\u00e8re bien visible pour que les consommateurs puissent les lire et les comprendre facilement. O\u00f9 devez-vous les ajouter ?\" \/>\n<meta name=\"robots\" content=\"index, follow, max-snippet:-1, max-image-preview:large, max-video-preview:-1\" \/>\n<link rel=\"canonical\" href=\"https:\/\/etoropartners.com\/fr\/how-to-add-risk-warnings\/\" \/>\n<meta property=\"og:locale\" content=\"fr_FR\" \/>\n<meta property=\"og:type\" content=\"article\" \/>\n<meta property=\"og:title\" content=\"Comment ajouter des avertissements de risque\" \/>\n<meta property=\"og:description\" content=\"Les avertissements de risque doivent \u00eatre affich\u00e9s de mani\u00e8re bien visible pour que les consommateurs puissent les lire et les comprendre facilement. O\u00f9 devez-vous les ajouter ?\" \/>\n<meta property=\"og:url\" content=\"https:\/\/etoropartners.com\/fr\/how-to-add-risk-warnings\/\" \/>\n<meta property=\"og:site_name\" content=\"eToro Partners\" \/>\n<meta property=\"article:modified_time\" content=\"2024-08-26T11:03:11+00:00\" \/>\n<meta property=\"og:image\" content=\"https:\/\/etoropartners.com\/wp-content\/uploads\/2024\/05\/Featured_how-to-add-risk-warnings.png\" \/>\n\t<meta property=\"og:image:width\" content=\"1200\" \/>\n\t<meta property=\"og:image:height\" content=\"630\" \/>\n\t<meta property=\"og:image:type\" content=\"image\/png\" \/>\n<meta name=\"twitter:card\" content=\"summary_large_image\" \/>\n<meta name=\"twitter:label1\" content=\"Dur\u00e9e de lecture estim\u00e9e\" \/>\n\t<meta name=\"twitter:data1\" content=\"3 minutes\" \/>\n<script type=\"application\/ld+json\" class=\"yoast-schema-graph\">{\"@context\":\"https:\\\/\\\/schema.org\",\"@graph\":[{\"@type\":\"WebPage\",\"@id\":\"https:\\\/\\\/etoropartners.com\\\/fr\\\/how-to-add-risk-warnings\\\/\",\"url\":\"https:\\\/\\\/etoropartners.com\\\/fr\\\/how-to-add-risk-warnings\\\/\",\"name\":\"Comment ajouter des avertissements de risque\",\"isPartOf\":{\"@id\":\"https:\\\/\\\/etoropartners.com\\\/fr\\\/#website\"},\"primaryImageOfPage\":{\"@id\":\"https:\\\/\\\/etoropartners.com\\\/fr\\\/how-to-add-risk-warnings\\\/#primaryimage\"},\"image\":{\"@id\":\"https:\\\/\\\/etoropartners.com\\\/fr\\\/how-to-add-risk-warnings\\\/#primaryimage\"},\"thumbnailUrl\":\"https:\\\/\\\/etoropartners.com\\\/wp-content\\\/uploads\\\/2024\\\/05\\\/Featured_how-to-add-risk-warnings.png\",\"datePublished\":\"2024-05-22T08:54:03+00:00\",\"dateModified\":\"2024-08-26T11:03:11+00:00\",\"description\":\"Les avertissements de risque doivent \u00eatre affich\u00e9s de mani\u00e8re bien visible pour que les consommateurs puissent les lire et les comprendre facilement. O\u00f9 devez-vous les ajouter ?\",\"breadcrumb\":{\"@id\":\"https:\\\/\\\/etoropartners.com\\\/fr\\\/how-to-add-risk-warnings\\\/#breadcrumb\"},\"inLanguage\":\"fr-FR\",\"potentialAction\":[{\"@type\":\"ReadAction\",\"target\":[\"https:\\\/\\\/etoropartners.com\\\/fr\\\/how-to-add-risk-warnings\\\/\"]}]},{\"@type\":\"ImageObject\",\"inLanguage\":\"fr-FR\",\"@id\":\"https:\\\/\\\/etoropartners.com\\\/fr\\\/how-to-add-risk-warnings\\\/#primaryimage\",\"url\":\"https:\\\/\\\/etoropartners.com\\\/wp-content\\\/uploads\\\/2024\\\/05\\\/Featured_how-to-add-risk-warnings.png\",\"contentUrl\":\"https:\\\/\\\/etoropartners.com\\\/wp-content\\\/uploads\\\/2024\\\/05\\\/Featured_how-to-add-risk-warnings.png\",\"width\":1200,\"height\":630},{\"@type\":\"BreadcrumbList\",\"@id\":\"https:\\\/\\\/etoropartners.com\\\/fr\\\/how-to-add-risk-warnings\\\/#breadcrumb\",\"itemListElement\":[{\"@type\":\"ListItem\",\"position\":1,\"name\":\"Home\",\"item\":\"https:\\\/\\\/etoropartners.com\\\/fr\\\/\"},{\"@type\":\"ListItem\",\"position\":2,\"name\":\"How to add risk warnings\"}]},{\"@type\":\"WebSite\",\"@id\":\"https:\\\/\\\/etoropartners.com\\\/fr\\\/#website\",\"url\":\"https:\\\/\\\/etoropartners.com\\\/fr\\\/\",\"name\":\"eToro Partners\",\"description\":\"\",\"potentialAction\":[{\"@type\":\"SearchAction\",\"target\":{\"@type\":\"EntryPoint\",\"urlTemplate\":\"https:\\\/\\\/etoropartners.com\\\/fr\\\/?s={search_term_string}\"},\"query-input\":{\"@type\":\"PropertyValueSpecification\",\"valueRequired\":true,\"valueName\":\"search_term_string\"}}],\"inLanguage\":\"fr-FR\"}]}<\/script>\n<!-- \/ Yoast SEO plugin. -->","yoast_head_json":{"title":"Comment ajouter des avertissements de risque","description":"Les avertissements de risque doivent \u00eatre affich\u00e9s de mani\u00e8re bien visible pour que les consommateurs puissent les lire et les comprendre facilement. O\u00f9 devez-vous les ajouter ?","robots":{"index":"index","follow":"follow","max-snippet":"max-snippet:-1","max-image-preview":"max-image-preview:large","max-video-preview":"max-video-preview:-1"},"canonical":"https:\/\/etoropartners.com\/fr\/how-to-add-risk-warnings\/","og_locale":"fr_FR","og_type":"article","og_title":"Comment ajouter des avertissements de risque","og_description":"Les avertissements de risque doivent \u00eatre affich\u00e9s de mani\u00e8re bien visible pour que les consommateurs puissent les lire et les comprendre facilement. O\u00f9 devez-vous les ajouter ?","og_url":"https:\/\/etoropartners.com\/fr\/how-to-add-risk-warnings\/","og_site_name":"eToro Partners","article_modified_time":"2024-08-26T11:03:11+00:00","og_image":[{"width":1200,"height":630,"url":"https:\/\/etoropartners.com\/wp-content\/uploads\/2024\/05\/Featured_how-to-add-risk-warnings.png","type":"image\/png"}],"twitter_card":"summary_large_image","twitter_misc":{"Dur\u00e9e de lecture estim\u00e9e":"3 minutes"},"schema":{"@context":"https:\/\/schema.org","@graph":[{"@type":"WebPage","@id":"https:\/\/etoropartners.com\/fr\/how-to-add-risk-warnings\/","url":"https:\/\/etoropartners.com\/fr\/how-to-add-risk-warnings\/","name":"Comment ajouter des avertissements de risque","isPartOf":{"@id":"https:\/\/etoropartners.com\/fr\/#website"},"primaryImageOfPage":{"@id":"https:\/\/etoropartners.com\/fr\/how-to-add-risk-warnings\/#primaryimage"},"image":{"@id":"https:\/\/etoropartners.com\/fr\/how-to-add-risk-warnings\/#primaryimage"},"thumbnailUrl":"https:\/\/etoropartners.com\/wp-content\/uploads\/2024\/05\/Featured_how-to-add-risk-warnings.png","datePublished":"2024-05-22T08:54:03+00:00","dateModified":"2024-08-26T11:03:11+00:00","description":"Les avertissements de risque doivent \u00eatre affich\u00e9s de mani\u00e8re bien visible pour que les consommateurs puissent les lire et les comprendre facilement. O\u00f9 devez-vous les ajouter ?","breadcrumb":{"@id":"https:\/\/etoropartners.com\/fr\/how-to-add-risk-warnings\/#breadcrumb"},"inLanguage":"fr-FR","potentialAction":[{"@type":"ReadAction","target":["https:\/\/etoropartners.com\/fr\/how-to-add-risk-warnings\/"]}]},{"@type":"ImageObject","inLanguage":"fr-FR","@id":"https:\/\/etoropartners.com\/fr\/how-to-add-risk-warnings\/#primaryimage","url":"https:\/\/etoropartners.com\/wp-content\/uploads\/2024\/05\/Featured_how-to-add-risk-warnings.png","contentUrl":"https:\/\/etoropartners.com\/wp-content\/uploads\/2024\/05\/Featured_how-to-add-risk-warnings.png","width":1200,"height":630},{"@type":"BreadcrumbList","@id":"https:\/\/etoropartners.com\/fr\/how-to-add-risk-warnings\/#breadcrumb","itemListElement":[{"@type":"ListItem","position":1,"name":"Home","item":"https:\/\/etoropartners.com\/fr\/"},{"@type":"ListItem","position":2,"name":"How to add risk warnings"}]},{"@type":"WebSite","@id":"https:\/\/etoropartners.com\/fr\/#website","url":"https:\/\/etoropartners.com\/fr\/","name":"eToro Partners","description":"","potentialAction":[{"@type":"SearchAction","target":{"@type":"EntryPoint","urlTemplate":"https:\/\/etoropartners.com\/fr\/?s={search_term_string}"},"query-input":{"@type":"PropertyValueSpecification","valueRequired":true,"valueName":"search_term_string"}}],"inLanguage":"fr-FR"}]}},"_links":{"self":[{"href":"https:\/\/etoropartners.com\/fr\/wp-json\/wp\/v2\/pages\/8784","targetHints":{"allow":["GET"]}}],"collection":[{"href":"https:\/\/etoropartners.com\/fr\/wp-json\/wp\/v2\/pages"}],"about":[{"href":"https:\/\/etoropartners.com\/fr\/wp-json\/wp\/v2\/types\/page"}],"author":[{"embeddable":true,"href":"https:\/\/etoropartners.com\/fr\/wp-json\/wp\/v2\/users\/11"}],"replies":[{"embeddable":true,"href":"https:\/\/etoropartners.com\/fr\/wp-json\/wp\/v2\/comments?post=8784"}],"version-history":[{"count":0,"href":"https:\/\/etoropartners.com\/fr\/wp-json\/wp\/v2\/pages\/8784\/revisions"}],"wp:featuredmedia":[{"embeddable":true,"href":"https:\/\/etoropartners.com\/fr\/wp-json\/wp\/v2\/media\/8168"}],"wp:attachment":[{"href":"https:\/\/etoropartners.com\/fr\/wp-json\/wp\/v2\/media?parent=8784"}],"curies":[{"name":"wp","href":"https:\/\/api.w.org\/{rel}","templated":true}]}}