{"id":8753,"date":"2024-05-22T11:00:34","date_gmt":"2024-05-22T09:00:34","guid":{"rendered":"https:\/\/etoropartners.com\/investment-advice\/"},"modified":"2024-08-26T13:19:01","modified_gmt":"2024-08-26T11:19:01","slug":"investment-advice","status":"publish","type":"page","link":"https:\/\/etoropartners.com\/fr\/investment-advice\/","title":{"rendered":"Investment advice"},"content":{"rendered":"\n<section class=\"wp-block-group wp-block-group-boxed wp-block-group-small-top-padding wp-block-group-small-bottom-padding\"><div class=\"wp-block-group-inner is-layout-flow wp-block-group-is-layout-flow\">\n<div class=\"wp-block-columns are-vertically-aligned-top wp-block-columns-1 is-layout-flex wp-container-core-columns-is-layout-9d6595d7 wp-block-columns-is-layout-flex\">\n<div class=\"wp-block-column wp-block-column-align-desktop-center wp-block-column-align-mobile-center is-layout-flow wp-block-column-is-layout-flow\">\n<h2 class=\"wp-block-heading has-text-align-center\">Conseils en investissement<\/h2>\n<\/div>\n<\/div>\n\n\n\n<figure class=\"wp-block-image size-full\"><img loading=\"lazy\" decoding=\"async\" width=\"1600\" height=\"400\" src=\"https:\/\/etoropartners.com\/wp-content\/uploads\/2024\/05\/Cover_Investment-advice.jpg\" alt=\"\" class=\"wp-image-8208 wp-image-desktop\" srcset=\"https:\/\/etoropartners.com\/wp-content\/uploads\/2024\/05\/Cover_Investment-advice.jpg 1600w, https:\/\/etoropartners.com\/wp-content\/uploads\/2024\/05\/Cover_Investment-advice-300x75.jpg 300w, https:\/\/etoropartners.com\/wp-content\/uploads\/2024\/05\/Cover_Investment-advice-1024x256.jpg 1024w, https:\/\/etoropartners.com\/wp-content\/uploads\/2024\/05\/Cover_Investment-advice-768x192.jpg 768w, https:\/\/etoropartners.com\/wp-content\/uploads\/2024\/05\/Cover_Investment-advice-1536x384.jpg 1536w\" sizes=\"auto, (max-width: 1600px) 100vw, 1600px\" \/><\/figure>\n<\/div><\/section>\n\n\n\n<section class=\"wp-block-group wp-block-group-boxed wp-block-group-small-top-padding wp-block-group-small-bottom-padding\"><div class=\"wp-block-group-inner is-layout-flow wp-block-group-is-layout-flow\">\n<div class=\"wp-block-columns are-vertically-aligned-top wp-block-columns-1 is-layout-flex wp-container-core-columns-is-layout-9d6595d7 wp-block-columns-is-layout-flex\">\n<div class=\"wp-block-column is-layout-flow wp-block-column-is-layout-flow\">\n<p>Il n&rsquo;est PAS autoris\u00e9 de proposer des conseils en investissement, mais qu&rsquo;est-ce que cela signifie exactement ?<\/p>\n\n\n\n<p class=\"is-style-heading-2\">Qu&rsquo;est-ce qui est consid\u00e9r\u00e9 comme un conseil en investissement ?<\/p>\n\n\n\n<p>Un conseil en investissement est une recommandation ou une orientation visant \u00e0 \u00e9duquer, informer ou guider un investisseur concernant un produit d&rsquo;investissement particulier ou une s\u00e9rie de produits.<\/p>\n\n\n\n<p>Il n&rsquo;est pas autoris\u00e9 de conseiller les visiteurs d&rsquo;acheter un instrument ou de recommander un certain investissement, que ce soit de mani\u00e8re implicite ou explicite.<\/p>\n\n\n\n<p>Cependant, l&rsquo;analyse ou les pr\u00e9visions d&rsquo;instruments peuvent \u00eatre fournies en tant que recherche d&rsquo;investissement et doivent \u00eatre g\u00e9n\u00e9riques, bas\u00e9es sur des informations publiques et non destin\u00e9es \u00e0 une personne ou \u00e0 un groupe de personnes en particulier.<\/p>\n\n\n\n<p class=\"is-style-heading-2\">Avertissement sur les risques<\/p>\n\n\n\n<p>Lors de la r\u00e9daction d&rsquo;une analyse ou d&rsquo;une pr\u00e9vision d&rsquo;instrument, la clause de non-responsabilit\u00e9 suivante doit \u00eatre ajout\u00e9e (en plus des avertissements sur les risques que vous trouverez dans la section des avertissements sur les risques<a href=\"https:\/\/etoropartners.com\/fr\/guidelines\/\"> des directives<\/a>) :<\/p>\n\n\n\n<p>Cette communication est destin\u00e9e uniquement \u00e0 des fins d&rsquo;information et d&rsquo;\u00e9ducation et ne doit pas \u00eatre consid\u00e9r\u00e9e comme un conseil d&rsquo;investissement, une recommandation personnelle, une offre ou une sollicitation d&rsquo;achat ou de vente d&rsquo;instruments financiers. <strong>Ce mat\u00e9riel a \u00e9t\u00e9 pr\u00e9par\u00e9 sans tenir compte des objectifs d&rsquo;investissement ou de la situation financi\u00e8re d&rsquo;un destinataire particulier, et n&rsquo;a pas \u00e9t\u00e9 pr\u00e9par\u00e9 conform\u00e9ment aux exigences l\u00e9gales et r\u00e9glementaires visant \u00e0 promouvoir une recherche ind\u00e9pendante. <\/strong>Toute r\u00e9f\u00e9rence aux performances pass\u00e9es ou futures d&rsquo;un instrument financier, d&rsquo;un indice ou d&rsquo;un produit d&rsquo;investissement conditionn\u00e9 ne constitue pas et ne doit pas \u00eatre consid\u00e9r\u00e9e comme un indicateur fiable des r\u00e9sultats futurs. eToro ne fait aucune d\u00e9claration et n&rsquo;assume aucune responsabilit\u00e9 quant \u00e0 l&rsquo;exactitude ou \u00e0 l&rsquo;exhaustivit\u00e9 du contenu de cette publication.<\/p>\n\n\n\n<p class=\"is-style-heading-2\">Veuillez pr\u00eater attention<\/p>\n\n\n\n<p><strong>\u00c9tats-Unis : <\/strong>aux \u00c9tats-Unis, il est interdit de promouvoir eToro dans les pr\u00e9visions de prix. Il est autoris\u00e9 de promouvoir eToro dans l&rsquo;analyse d&rsquo;instruments qui ne contient pas de pr\u00e9vision.<\/p>\n\n\n\n<p><strong>Norv\u00e8ge et Suisse : <\/strong>en Norv\u00e8ge et en Suisse, il est interdit de mentionner des instruments sp\u00e9cifiques. Il est \u00e9galement interdit de promouvoir eToro dans un article mentionnant des instruments sp\u00e9cifiques. Vous pouvez toutefois mentionner des groupes d&rsquo;instruments tels que les actions, les CFD ou les crypto-monnaies, mais pas des instruments particuliers comme Tesla ou Apple.En cas de doute, veuillez contacter votre responsable d&rsquo;affiliation ou<a href=\"mailto:lioraed@etoro.com\"> Liora Edelstein<\/a>, ou <a href=\"https:\/\/calendly.com\/lioraed\">fixer un rendez-vous<\/a>.<\/p>\n<\/div>\n<\/div>\n<\/div><\/section>\n","protected":false},"excerpt":{"rendered":"<p>Conseils en investissement Il n&rsquo;est PAS autoris\u00e9 de proposer des conseils en investissement, mais qu&rsquo;est-ce que cela signifie exactement ? Qu&rsquo;est-ce qui est consid\u00e9r\u00e9 comme un conseil en investissement ? Un conseil en investissement est une recommandation ou une orientation visant \u00e0 \u00e9duquer, informer ou guider un investisseur concernant un produit d&rsquo;investissement particulier ou une [&hellip;]<\/p>\n","protected":false},"author":11,"featured_media":8200,"parent":0,"menu_order":0,"comment_status":"closed","ping_status":"closed","template":"","meta":{"_acf_changed":false,"sticky_cta_settings":"","footnotes":""},"class_list":["post-8753","page","type-page","status-publish","has-post-thumbnail","hentry"],"acf":[],"yoast_head":"<!-- This site is optimized with the Yoast SEO plugin v27.3 - https:\/\/yoast.com\/product\/yoast-seo-wordpress\/ -->\n<title>Investment advice<\/title>\n<meta name=\"description\" content=\"Il n&#039;est PAS autoris\u00e9 de proposer des conseils en investissement, mais qu&#039;est-ce que cela signifie ?\" \/>\n<meta name=\"robots\" content=\"index, follow, max-snippet:-1, max-image-preview:large, max-video-preview:-1\" \/>\n<link rel=\"canonical\" href=\"https:\/\/etoropartners.com\/fr\/investment-advice\/\" \/>\n<meta property=\"og:locale\" content=\"fr_FR\" \/>\n<meta property=\"og:type\" content=\"article\" \/>\n<meta property=\"og:title\" content=\"Investment advice\" \/>\n<meta property=\"og:description\" content=\"Il n&#039;est PAS autoris\u00e9 de proposer des conseils en investissement, mais qu&#039;est-ce que cela signifie ?\" \/>\n<meta property=\"og:url\" content=\"https:\/\/etoropartners.com\/fr\/investment-advice\/\" \/>\n<meta property=\"og:site_name\" content=\"eToro Partners\" \/>\n<meta property=\"article:modified_time\" content=\"2024-08-26T11:19:01+00:00\" \/>\n<meta property=\"og:image\" content=\"https:\/\/etoropartners.com\/wp-content\/uploads\/2024\/05\/Featured_Investment-advice.png\" \/>\n\t<meta property=\"og:image:width\" content=\"1200\" \/>\n\t<meta property=\"og:image:height\" content=\"630\" \/>\n\t<meta property=\"og:image:type\" content=\"image\/png\" \/>\n<meta name=\"twitter:card\" content=\"summary_large_image\" \/>\n<meta name=\"twitter:label1\" content=\"Dur\u00e9e de lecture estim\u00e9e\" \/>\n\t<meta name=\"twitter:data1\" content=\"3 minutes\" \/>\n<script type=\"application\/ld+json\" class=\"yoast-schema-graph\">{\"@context\":\"https:\\\/\\\/schema.org\",\"@graph\":[{\"@type\":\"WebPage\",\"@id\":\"https:\\\/\\\/etoropartners.com\\\/fr\\\/investment-advice\\\/\",\"url\":\"https:\\\/\\\/etoropartners.com\\\/fr\\\/investment-advice\\\/\",\"name\":\"Investment advice\",\"isPartOf\":{\"@id\":\"https:\\\/\\\/etoropartners.com\\\/fr\\\/#website\"},\"primaryImageOfPage\":{\"@id\":\"https:\\\/\\\/etoropartners.com\\\/fr\\\/investment-advice\\\/#primaryimage\"},\"image\":{\"@id\":\"https:\\\/\\\/etoropartners.com\\\/fr\\\/investment-advice\\\/#primaryimage\"},\"thumbnailUrl\":\"https:\\\/\\\/etoropartners.com\\\/wp-content\\\/uploads\\\/2024\\\/05\\\/Featured_Investment-advice.png\",\"datePublished\":\"2024-05-22T09:00:34+00:00\",\"dateModified\":\"2024-08-26T11:19:01+00:00\",\"description\":\"Il n'est PAS autoris\u00e9 de proposer des conseils en investissement, mais qu'est-ce que cela signifie ?\",\"breadcrumb\":{\"@id\":\"https:\\\/\\\/etoropartners.com\\\/fr\\\/investment-advice\\\/#breadcrumb\"},\"inLanguage\":\"fr-FR\",\"potentialAction\":[{\"@type\":\"ReadAction\",\"target\":[\"https:\\\/\\\/etoropartners.com\\\/fr\\\/investment-advice\\\/\"]}]},{\"@type\":\"ImageObject\",\"inLanguage\":\"fr-FR\",\"@id\":\"https:\\\/\\\/etoropartners.com\\\/fr\\\/investment-advice\\\/#primaryimage\",\"url\":\"https:\\\/\\\/etoropartners.com\\\/wp-content\\\/uploads\\\/2024\\\/05\\\/Featured_Investment-advice.png\",\"contentUrl\":\"https:\\\/\\\/etoropartners.com\\\/wp-content\\\/uploads\\\/2024\\\/05\\\/Featured_Investment-advice.png\",\"width\":1200,\"height\":630},{\"@type\":\"BreadcrumbList\",\"@id\":\"https:\\\/\\\/etoropartners.com\\\/fr\\\/investment-advice\\\/#breadcrumb\",\"itemListElement\":[{\"@type\":\"ListItem\",\"position\":1,\"name\":\"Home\",\"item\":\"https:\\\/\\\/etoropartners.com\\\/fr\\\/\"},{\"@type\":\"ListItem\",\"position\":2,\"name\":\"Investment advice\"}]},{\"@type\":\"WebSite\",\"@id\":\"https:\\\/\\\/etoropartners.com\\\/fr\\\/#website\",\"url\":\"https:\\\/\\\/etoropartners.com\\\/fr\\\/\",\"name\":\"eToro Partners\",\"description\":\"\",\"potentialAction\":[{\"@type\":\"SearchAction\",\"target\":{\"@type\":\"EntryPoint\",\"urlTemplate\":\"https:\\\/\\\/etoropartners.com\\\/fr\\\/?s={search_term_string}\"},\"query-input\":{\"@type\":\"PropertyValueSpecification\",\"valueRequired\":true,\"valueName\":\"search_term_string\"}}],\"inLanguage\":\"fr-FR\"}]}<\/script>\n<!-- \/ Yoast SEO plugin. -->","yoast_head_json":{"title":"Investment advice","description":"Il n'est PAS autoris\u00e9 de proposer des conseils en investissement, mais qu'est-ce que cela signifie ?","robots":{"index":"index","follow":"follow","max-snippet":"max-snippet:-1","max-image-preview":"max-image-preview:large","max-video-preview":"max-video-preview:-1"},"canonical":"https:\/\/etoropartners.com\/fr\/investment-advice\/","og_locale":"fr_FR","og_type":"article","og_title":"Investment advice","og_description":"Il n'est PAS autoris\u00e9 de proposer des conseils en investissement, mais qu'est-ce que cela signifie ?","og_url":"https:\/\/etoropartners.com\/fr\/investment-advice\/","og_site_name":"eToro Partners","article_modified_time":"2024-08-26T11:19:01+00:00","og_image":[{"width":1200,"height":630,"url":"https:\/\/etoropartners.com\/wp-content\/uploads\/2024\/05\/Featured_Investment-advice.png","type":"image\/png"}],"twitter_card":"summary_large_image","twitter_misc":{"Dur\u00e9e de lecture estim\u00e9e":"3 minutes"},"schema":{"@context":"https:\/\/schema.org","@graph":[{"@type":"WebPage","@id":"https:\/\/etoropartners.com\/fr\/investment-advice\/","url":"https:\/\/etoropartners.com\/fr\/investment-advice\/","name":"Investment advice","isPartOf":{"@id":"https:\/\/etoropartners.com\/fr\/#website"},"primaryImageOfPage":{"@id":"https:\/\/etoropartners.com\/fr\/investment-advice\/#primaryimage"},"image":{"@id":"https:\/\/etoropartners.com\/fr\/investment-advice\/#primaryimage"},"thumbnailUrl":"https:\/\/etoropartners.com\/wp-content\/uploads\/2024\/05\/Featured_Investment-advice.png","datePublished":"2024-05-22T09:00:34+00:00","dateModified":"2024-08-26T11:19:01+00:00","description":"Il n'est PAS autoris\u00e9 de proposer des conseils en investissement, mais qu'est-ce que cela signifie ?","breadcrumb":{"@id":"https:\/\/etoropartners.com\/fr\/investment-advice\/#breadcrumb"},"inLanguage":"fr-FR","potentialAction":[{"@type":"ReadAction","target":["https:\/\/etoropartners.com\/fr\/investment-advice\/"]}]},{"@type":"ImageObject","inLanguage":"fr-FR","@id":"https:\/\/etoropartners.com\/fr\/investment-advice\/#primaryimage","url":"https:\/\/etoropartners.com\/wp-content\/uploads\/2024\/05\/Featured_Investment-advice.png","contentUrl":"https:\/\/etoropartners.com\/wp-content\/uploads\/2024\/05\/Featured_Investment-advice.png","width":1200,"height":630},{"@type":"BreadcrumbList","@id":"https:\/\/etoropartners.com\/fr\/investment-advice\/#breadcrumb","itemListElement":[{"@type":"ListItem","position":1,"name":"Home","item":"https:\/\/etoropartners.com\/fr\/"},{"@type":"ListItem","position":2,"name":"Investment advice"}]},{"@type":"WebSite","@id":"https:\/\/etoropartners.com\/fr\/#website","url":"https:\/\/etoropartners.com\/fr\/","name":"eToro Partners","description":"","potentialAction":[{"@type":"SearchAction","target":{"@type":"EntryPoint","urlTemplate":"https:\/\/etoropartners.com\/fr\/?s={search_term_string}"},"query-input":{"@type":"PropertyValueSpecification","valueRequired":true,"valueName":"search_term_string"}}],"inLanguage":"fr-FR"}]}},"_links":{"self":[{"href":"https:\/\/etoropartners.com\/fr\/wp-json\/wp\/v2\/pages\/8753","targetHints":{"allow":["GET"]}}],"collection":[{"href":"https:\/\/etoropartners.com\/fr\/wp-json\/wp\/v2\/pages"}],"about":[{"href":"https:\/\/etoropartners.com\/fr\/wp-json\/wp\/v2\/types\/page"}],"author":[{"embeddable":true,"href":"https:\/\/etoropartners.com\/fr\/wp-json\/wp\/v2\/users\/11"}],"replies":[{"embeddable":true,"href":"https:\/\/etoropartners.com\/fr\/wp-json\/wp\/v2\/comments?post=8753"}],"version-history":[{"count":0,"href":"https:\/\/etoropartners.com\/fr\/wp-json\/wp\/v2\/pages\/8753\/revisions"}],"wp:featuredmedia":[{"embeddable":true,"href":"https:\/\/etoropartners.com\/fr\/wp-json\/wp\/v2\/media\/8200"}],"wp:attachment":[{"href":"https:\/\/etoropartners.com\/fr\/wp-json\/wp\/v2\/media?parent=8753"}],"curies":[{"name":"wp","href":"https:\/\/api.w.org\/{rel}","templated":true}]}}