{"id":8735,"date":"2024-05-22T09:50:03","date_gmt":"2024-05-22T07:50:03","guid":{"rendered":"https:\/\/etoropartners.com\/be-accurate\/"},"modified":"2024-08-26T10:46:11","modified_gmt":"2024-08-26T08:46:11","slug":"be-accurate","status":"publish","type":"page","link":"https:\/\/etoropartners.com\/fr\/be-accurate\/","title":{"rendered":"How to be accurate, balanced, and not misleading"},"content":{"rendered":"\n<section class=\"wp-block-group wp-block-group-boxed wp-block-group-small-top-padding wp-block-group-small-bottom-padding\"><div class=\"wp-block-group-inner is-layout-flow wp-block-group-is-layout-flow\">\n<div class=\"wp-block-columns are-vertically-aligned-top wp-block-columns-1 is-layout-flex wp-container-core-columns-is-layout-9d6595d7 wp-block-columns-is-layout-flex\">\n<div class=\"wp-block-column wp-block-column-align-desktop-center wp-block-column-align-mobile-center is-layout-flow wp-block-column-is-layout-flow\">\n<h2 class=\"wp-block-heading has-text-align-center\">Comment \u00eatre pr\u00e9cis, \u00e9quilibr\u00e9 et non trompeur\u00a0<\/h2>\n\n\n\n<figure class=\"wp-block-image size-full\"><img loading=\"lazy\" decoding=\"async\" width=\"1600\" height=\"400\" src=\"https:\/\/etoropartners.com\/wp-content\/uploads\/2024\/05\/Cover_be-accurate.jpg\" alt=\"\" class=\"wp-image-8091 wp-image-desktop\" srcset=\"https:\/\/etoropartners.com\/wp-content\/uploads\/2024\/05\/Cover_be-accurate.jpg 1600w, https:\/\/etoropartners.com\/wp-content\/uploads\/2024\/05\/Cover_be-accurate-300x75.jpg 300w, https:\/\/etoropartners.com\/wp-content\/uploads\/2024\/05\/Cover_be-accurate-1024x256.jpg 1024w, https:\/\/etoropartners.com\/wp-content\/uploads\/2024\/05\/Cover_be-accurate-768x192.jpg 768w, https:\/\/etoropartners.com\/wp-content\/uploads\/2024\/05\/Cover_be-accurate-1536x384.jpg 1536w\" sizes=\"auto, (max-width: 1600px) 100vw, 1600px\" \/><\/figure>\n<\/div>\n<\/div>\n<\/div><\/section>\n\n\n\n<section class=\"wp-block-group wp-block-group-boxed wp-block-group-small-top-padding wp-block-group-small-bottom-padding\"><div class=\"wp-block-group-inner is-layout-flow wp-block-group-is-layout-flow\">\n<div class=\"wp-block-columns are-vertically-aligned-top wp-block-columns-1 is-layout-flex wp-container-core-columns-is-layout-9d6595d7 wp-block-columns-is-layout-flex\">\n<div class=\"wp-block-column is-layout-flow wp-block-column-is-layout-flow\">\n<p>L&rsquo;une des principales r\u00e8gles de conformit\u00e9 stipule que votre promotion doit \u00eatre pr\u00e9cise, \u00e9quilibr\u00e9e et non trompeuse. Vous trouverez ci-dessous quelques exemples illustrant\u00a0 exactement ce que cela signifie.<\/p>\n\n\n\n<p class=\"is-style-heading-2\">4 points sur lesquels vous devez \u00eatre pr\u00e9cis :<\/p>\n\n\n\n<p><br>1. Ne pas usurper l&rsquo;identit\u00e9 : ne dites pas que vous repr\u00e9sentez eToro, et n&rsquo;utilisez pas eToro dans le nom de votre domaine.<\/p>\n\n\n\n<p>2. Ne pr\u00e9sentez pas eToro comme une marque locale alors que ce n&rsquo;est pas le cas. Par exemple : une phrase comme \u00ab Le meilleur courtier fran\u00e7ais \u00bb n&rsquo;est pas conforme. Bien qu&rsquo;eToro soit disponible en France, ce n&rsquo;est pas un courtier fran\u00e7ais, \u00e9vitez donc de le d\u00e9crire de cette mani\u00e8re.<\/p>\n\n\n\n<p>3. Ne faites pas la promotion d&rsquo;instruments, de promotions ou de m\u00e9thodes de paiement indisponibles.<\/p>\n\n\n\n<p>4. Soyez pr\u00e9cis sur les options de paiement, les frais et l&rsquo;effet de levier maximal (en fonction de l&rsquo;actif sous-jacent) et assurez-vous de v\u00e9rifier la grille tarifaire sur le site web d&rsquo;eToro pour obtenir les informations les plus r\u00e9centes.<\/p>\n\n\n\n<p>Vous pouvez trouver des liens vers toutes les informations dont vous avez besoin pour r\u00e9diger des campagnes pr\u00e9cises dans la section <a href=\"https:\/\/etoropartners.com\/fr\/find-out-more\/\">\u00ab En savoir plus \u00bb<\/a> du hub des partenaires eToro.<br><\/p>\n<\/div>\n<\/div>\n<\/div><\/section>\n\n\n\n<section class=\"wp-block-group wp-block-group-boxed wp-block-group-small-top-padding wp-block-group-small-bottom-padding\"><div class=\"wp-block-group-inner is-layout-flow wp-block-group-is-layout-flow\">\n<div class=\"wp-block-columns are-vertically-aligned-top wp-block-columns-1 is-layout-flex wp-container-core-columns-is-layout-9d6595d7 wp-block-columns-is-layout-flex\">\n<div class=\"wp-block-column wp-block-column-align-desktop-center wp-block-column-align-mobile-center is-layout-flow wp-block-column-is-layout-flow\">\n<figure class=\"wp-block-embed is-type-rich is-provider-embed-handler wp-block-embed-embed-handler wp-embed-aspect-4-3 wp-has-aspect-ratio\"><div class=\"wp-block-embed__wrapper\">\n<div class=\"ec-video\"><iframe loading=\"lazy\" title=\"FR-Compliance training video 2 - 1:1 - Hot to be accurate, fair, not misleading\" width=\"500\" height=\"375\" src=\"https:\/\/www.youtube.com\/embed\/hDe2LJPDqAI?feature=oembed\" frameborder=\"0\" allow=\"accelerometer; autoplay; clipboard-write; encrypted-media; gyroscope; picture-in-picture; web-share\" referrerpolicy=\"strict-origin-when-cross-origin\" allowfullscreen><\/iframe><\/div>\n<\/div><\/figure>\n<\/div>\n<\/div>\n<\/div><\/section>\n\n\n\n<section class=\"wp-block-group wp-block-group-boxed wp-block-group-small-top-padding wp-block-group-small-bottom-padding\"><div class=\"wp-block-group-inner is-layout-flow wp-block-group-is-layout-flow\">\n<div class=\"wp-block-columns are-vertically-aligned-top wp-block-columns-1 is-layout-flex wp-container-core-columns-is-layout-9d6595d7 wp-block-columns-is-layout-flex\">\n<div class=\"wp-block-column is-layout-flow wp-block-column-is-layout-flow\">\n<p class=\"is-style-heading-2\">Votre promotion doit \u00eatre \u00e9quilibr\u00e9e :<\/p>\n\n\n\n<p>1. Assurez-vous que votre message est \u00e9quilibr\u00e9 : chaque fois que vous mentionnez des gains potentiels, incluez toujours les risques associ\u00e9s et les pertes possibles. De m\u00eame, si vous mentionnez que l\u2019effet de levier peut \u00eatre utilis\u00e9 pour maximiser les gains, mentionnez qu\u2019il maximise \u00e9galement les pertes potentielles.<\/p>\n\n\n\n<p>2. N&rsquo;utilisez pas d&rsquo;images sugg\u00e9rant des gains, comme de l&rsquo;argent, des voitures de luxe, etc.<\/p>\n\n\n\n<p>3. Lorsque vous faites la promotion des Investisseurs Populaires, ne les d\u00e9signez pas comme des \u00ab traders professionnels \u00bb ou \u00ab les meilleurs traders du monde \u00bb. Vous pouvez utiliser des descriptions plus pr\u00e9cises, telles que \u00ab les meilleurs traders sur eToro \u00bb, \u00ab traders exp\u00e9riment\u00e9s \u00bb ou \u00ab traders les plus performants \u00bb.<\/p>\n\n\n\n<p>4. Lorsque vous faites la promotion du CopyTrading, n&rsquo;affirmez pas que \u00ab vous n\u2019avez besoin d\u2019aucune connaissance \u00bb ou \u00ab d\u00e9tendez-vous pendant que les autres travaillent pour vous \u00bb. N\u2019oubliez pas que le CopyTrading est toujours du trading et que des risques et des pertes peuvent toujours survenir.<\/p>\n\n\n\n<p>5. \u00c9vitez de qualifier le march\u00e9 boursier de \u00ab facile \u00bb. Le trading n&rsquo;est pas facile, \u00e9vitez donc d&rsquo;\u00e9crire des phrases telles que \u00ab Le trading est facile sur eToro \u00bb ou \u00ab eToro est pour les d\u00e9butants \u00bb. Vous pouvez plut\u00f4t souligner qu&rsquo;eToro est convivial et propose une plateforme intuitive.<\/p>\n\n\n\n<p class=\"is-style-heading-2\"><br><br>Dernier point, mais non le moindre :\u00a0 ne soyez pas trompeur<\/p>\n\n\n\n<p>Si quelque chose n&rsquo;est ni clair ni \u00e9quilibr\u00e9, cela peut induire le client en erreur et le pousser \u00e0 prendre une d\u00e9cision d&rsquo;achat. \u00c9vitez donc d&rsquo;utiliser des phrases telles que :<\/p>\n\n\n\n<ul class=\"wp-block-list wp-block-list wp-block-list-circle\">\n<li>\u00ab Le trading n&rsquo;a jamais \u00e9t\u00e9 aussi facile \u00bb<\/li>\n\n\n\n<li>\u00ab Commencez votre carri\u00e8re de trader d\u00e8s maintenant \u00bb<\/li>\n\n\n\n<li>\u00ab Vous pouvez utiliser le trading pour g\u00e9n\u00e9rer un revenu secondaire et rembourser vos dettes plus rapidement \u00bb.<\/li>\n<\/ul>\n\n\n\n<p>Pour r\u00e9sumer, n&rsquo;oubliez pas que la conformit\u00e9 peut \u00eatre difficile. En cas de doute, contactez votre responsable d&rsquo;affiliation ou planifiez une r\u00e9union de conformit\u00e9 priv\u00e9e via Calendly.<br><\/p>\n<\/div>\n<\/div>\n<\/div><\/section>\n","protected":false},"excerpt":{"rendered":"<p>Comment \u00eatre pr\u00e9cis, \u00e9quilibr\u00e9 et non trompeur\u00a0 L&rsquo;une des principales r\u00e8gles de conformit\u00e9 stipule que votre promotion doit \u00eatre pr\u00e9cise, \u00e9quilibr\u00e9e et non trompeuse. Vous trouverez ci-dessous quelques exemples illustrant\u00a0 exactement ce que cela signifie. 4 points sur lesquels vous devez \u00eatre pr\u00e9cis : 1. Ne pas usurper l&rsquo;identit\u00e9 : ne dites pas que vous [&hellip;]<\/p>\n","protected":false},"author":11,"featured_media":8083,"parent":0,"menu_order":0,"comment_status":"closed","ping_status":"closed","template":"","meta":{"_acf_changed":false,"sticky_cta_settings":"","footnotes":""},"class_list":["post-8735","page","type-page","status-publish","has-post-thumbnail","hentry"],"acf":[],"yoast_head":"<!-- This site is optimized with the Yoast SEO plugin v27.3 - https:\/\/yoast.com\/product\/yoast-seo-wordpress\/ -->\n<title>Comment \u00eatre pr\u00e9cis, \u00e9quilibr\u00e9 et non trompeur<\/title>\n<meta name=\"description\" content=\"L&#039;une des principales r\u00e8gles de conformit\u00e9 stipule que votre promotion doit \u00eatre pr\u00e9cise, \u00e9quilibr\u00e9e et non trompeuse. Vous trouverez ci-dessous quelques exemples\" \/>\n<meta name=\"robots\" content=\"index, follow, max-snippet:-1, max-image-preview:large, max-video-preview:-1\" \/>\n<link rel=\"canonical\" href=\"https:\/\/etoropartners.com\/fr\/be-accurate\/\" \/>\n<meta property=\"og:locale\" content=\"fr_FR\" \/>\n<meta property=\"og:type\" content=\"article\" \/>\n<meta property=\"og:title\" content=\"Comment \u00eatre pr\u00e9cis, \u00e9quilibr\u00e9 et non trompeur\" \/>\n<meta property=\"og:description\" content=\"L&#039;une des principales r\u00e8gles de conformit\u00e9 stipule que votre promotion doit \u00eatre pr\u00e9cise, \u00e9quilibr\u00e9e et non trompeuse. Vous trouverez ci-dessous quelques exemples\" \/>\n<meta property=\"og:url\" content=\"https:\/\/etoropartners.com\/fr\/be-accurate\/\" \/>\n<meta property=\"og:site_name\" content=\"eToro Partners\" \/>\n<meta property=\"article:modified_time\" content=\"2024-08-26T08:46:11+00:00\" \/>\n<meta property=\"og:image\" content=\"https:\/\/etoropartners.com\/wp-content\/uploads\/2024\/05\/Featured_be-accurate.png\" \/>\n\t<meta property=\"og:image:width\" content=\"1200\" \/>\n\t<meta property=\"og:image:height\" content=\"630\" \/>\n\t<meta property=\"og:image:type\" content=\"image\/png\" \/>\n<meta name=\"twitter:card\" content=\"summary_large_image\" \/>\n<meta name=\"twitter:label1\" content=\"Dur\u00e9e de lecture estim\u00e9e\" \/>\n\t<meta name=\"twitter:data1\" content=\"3 minutes\" \/>\n<script type=\"application\/ld+json\" class=\"yoast-schema-graph\">{\"@context\":\"https:\\\/\\\/schema.org\",\"@graph\":[{\"@type\":\"WebPage\",\"@id\":\"https:\\\/\\\/etoropartners.com\\\/fr\\\/be-accurate\\\/\",\"url\":\"https:\\\/\\\/etoropartners.com\\\/fr\\\/be-accurate\\\/\",\"name\":\"Comment \u00eatre pr\u00e9cis, \u00e9quilibr\u00e9 et non trompeur\",\"isPartOf\":{\"@id\":\"https:\\\/\\\/etoropartners.com\\\/fr\\\/#website\"},\"primaryImageOfPage\":{\"@id\":\"https:\\\/\\\/etoropartners.com\\\/fr\\\/be-accurate\\\/#primaryimage\"},\"image\":{\"@id\":\"https:\\\/\\\/etoropartners.com\\\/fr\\\/be-accurate\\\/#primaryimage\"},\"thumbnailUrl\":\"https:\\\/\\\/etoropartners.com\\\/wp-content\\\/uploads\\\/2024\\\/05\\\/Featured_be-accurate.png\",\"datePublished\":\"2024-05-22T07:50:03+00:00\",\"dateModified\":\"2024-08-26T08:46:11+00:00\",\"description\":\"L'une des principales r\u00e8gles de conformit\u00e9 stipule que votre promotion doit \u00eatre pr\u00e9cise, \u00e9quilibr\u00e9e et non trompeuse. Vous trouverez ci-dessous quelques exemples\",\"breadcrumb\":{\"@id\":\"https:\\\/\\\/etoropartners.com\\\/fr\\\/be-accurate\\\/#breadcrumb\"},\"inLanguage\":\"fr-FR\",\"potentialAction\":[{\"@type\":\"ReadAction\",\"target\":[\"https:\\\/\\\/etoropartners.com\\\/fr\\\/be-accurate\\\/\"]}]},{\"@type\":\"ImageObject\",\"inLanguage\":\"fr-FR\",\"@id\":\"https:\\\/\\\/etoropartners.com\\\/fr\\\/be-accurate\\\/#primaryimage\",\"url\":\"https:\\\/\\\/etoropartners.com\\\/wp-content\\\/uploads\\\/2024\\\/05\\\/Featured_be-accurate.png\",\"contentUrl\":\"https:\\\/\\\/etoropartners.com\\\/wp-content\\\/uploads\\\/2024\\\/05\\\/Featured_be-accurate.png\",\"width\":1200,\"height\":630,\"caption\":\"Be accurate\"},{\"@type\":\"BreadcrumbList\",\"@id\":\"https:\\\/\\\/etoropartners.com\\\/fr\\\/be-accurate\\\/#breadcrumb\",\"itemListElement\":[{\"@type\":\"ListItem\",\"position\":1,\"name\":\"Home\",\"item\":\"https:\\\/\\\/etoropartners.com\\\/fr\\\/\"},{\"@type\":\"ListItem\",\"position\":2,\"name\":\"How to be accurate, balanced, and not misleading\"}]},{\"@type\":\"WebSite\",\"@id\":\"https:\\\/\\\/etoropartners.com\\\/fr\\\/#website\",\"url\":\"https:\\\/\\\/etoropartners.com\\\/fr\\\/\",\"name\":\"eToro Partners\",\"description\":\"\",\"potentialAction\":[{\"@type\":\"SearchAction\",\"target\":{\"@type\":\"EntryPoint\",\"urlTemplate\":\"https:\\\/\\\/etoropartners.com\\\/fr\\\/?s={search_term_string}\"},\"query-input\":{\"@type\":\"PropertyValueSpecification\",\"valueRequired\":true,\"valueName\":\"search_term_string\"}}],\"inLanguage\":\"fr-FR\"}]}<\/script>\n<!-- \/ Yoast SEO plugin. -->","yoast_head_json":{"title":"Comment \u00eatre pr\u00e9cis, \u00e9quilibr\u00e9 et non trompeur","description":"L'une des principales r\u00e8gles de conformit\u00e9 stipule que votre promotion doit \u00eatre pr\u00e9cise, \u00e9quilibr\u00e9e et non trompeuse. Vous trouverez ci-dessous quelques exemples","robots":{"index":"index","follow":"follow","max-snippet":"max-snippet:-1","max-image-preview":"max-image-preview:large","max-video-preview":"max-video-preview:-1"},"canonical":"https:\/\/etoropartners.com\/fr\/be-accurate\/","og_locale":"fr_FR","og_type":"article","og_title":"Comment \u00eatre pr\u00e9cis, \u00e9quilibr\u00e9 et non trompeur","og_description":"L'une des principales r\u00e8gles de conformit\u00e9 stipule que votre promotion doit \u00eatre pr\u00e9cise, \u00e9quilibr\u00e9e et non trompeuse. Vous trouverez ci-dessous quelques exemples","og_url":"https:\/\/etoropartners.com\/fr\/be-accurate\/","og_site_name":"eToro Partners","article_modified_time":"2024-08-26T08:46:11+00:00","og_image":[{"width":1200,"height":630,"url":"https:\/\/etoropartners.com\/wp-content\/uploads\/2024\/05\/Featured_be-accurate.png","type":"image\/png"}],"twitter_card":"summary_large_image","twitter_misc":{"Dur\u00e9e de lecture estim\u00e9e":"3 minutes"},"schema":{"@context":"https:\/\/schema.org","@graph":[{"@type":"WebPage","@id":"https:\/\/etoropartners.com\/fr\/be-accurate\/","url":"https:\/\/etoropartners.com\/fr\/be-accurate\/","name":"Comment \u00eatre pr\u00e9cis, \u00e9quilibr\u00e9 et non trompeur","isPartOf":{"@id":"https:\/\/etoropartners.com\/fr\/#website"},"primaryImageOfPage":{"@id":"https:\/\/etoropartners.com\/fr\/be-accurate\/#primaryimage"},"image":{"@id":"https:\/\/etoropartners.com\/fr\/be-accurate\/#primaryimage"},"thumbnailUrl":"https:\/\/etoropartners.com\/wp-content\/uploads\/2024\/05\/Featured_be-accurate.png","datePublished":"2024-05-22T07:50:03+00:00","dateModified":"2024-08-26T08:46:11+00:00","description":"L'une des principales r\u00e8gles de conformit\u00e9 stipule que votre promotion doit \u00eatre pr\u00e9cise, \u00e9quilibr\u00e9e et non trompeuse. Vous trouverez ci-dessous quelques exemples","breadcrumb":{"@id":"https:\/\/etoropartners.com\/fr\/be-accurate\/#breadcrumb"},"inLanguage":"fr-FR","potentialAction":[{"@type":"ReadAction","target":["https:\/\/etoropartners.com\/fr\/be-accurate\/"]}]},{"@type":"ImageObject","inLanguage":"fr-FR","@id":"https:\/\/etoropartners.com\/fr\/be-accurate\/#primaryimage","url":"https:\/\/etoropartners.com\/wp-content\/uploads\/2024\/05\/Featured_be-accurate.png","contentUrl":"https:\/\/etoropartners.com\/wp-content\/uploads\/2024\/05\/Featured_be-accurate.png","width":1200,"height":630,"caption":"Be accurate"},{"@type":"BreadcrumbList","@id":"https:\/\/etoropartners.com\/fr\/be-accurate\/#breadcrumb","itemListElement":[{"@type":"ListItem","position":1,"name":"Home","item":"https:\/\/etoropartners.com\/fr\/"},{"@type":"ListItem","position":2,"name":"How to be accurate, balanced, and not misleading"}]},{"@type":"WebSite","@id":"https:\/\/etoropartners.com\/fr\/#website","url":"https:\/\/etoropartners.com\/fr\/","name":"eToro Partners","description":"","potentialAction":[{"@type":"SearchAction","target":{"@type":"EntryPoint","urlTemplate":"https:\/\/etoropartners.com\/fr\/?s={search_term_string}"},"query-input":{"@type":"PropertyValueSpecification","valueRequired":true,"valueName":"search_term_string"}}],"inLanguage":"fr-FR"}]}},"_links":{"self":[{"href":"https:\/\/etoropartners.com\/fr\/wp-json\/wp\/v2\/pages\/8735","targetHints":{"allow":["GET"]}}],"collection":[{"href":"https:\/\/etoropartners.com\/fr\/wp-json\/wp\/v2\/pages"}],"about":[{"href":"https:\/\/etoropartners.com\/fr\/wp-json\/wp\/v2\/types\/page"}],"author":[{"embeddable":true,"href":"https:\/\/etoropartners.com\/fr\/wp-json\/wp\/v2\/users\/11"}],"replies":[{"embeddable":true,"href":"https:\/\/etoropartners.com\/fr\/wp-json\/wp\/v2\/comments?post=8735"}],"version-history":[{"count":0,"href":"https:\/\/etoropartners.com\/fr\/wp-json\/wp\/v2\/pages\/8735\/revisions"}],"wp:featuredmedia":[{"embeddable":true,"href":"https:\/\/etoropartners.com\/fr\/wp-json\/wp\/v2\/media\/8083"}],"wp:attachment":[{"href":"https:\/\/etoropartners.com\/fr\/wp-json\/wp\/v2\/media?parent=8735"}],"curies":[{"name":"wp","href":"https:\/\/api.w.org\/{rel}","templated":true}]}}