{"id":8705,"date":"2024-05-22T10:18:48","date_gmt":"2024-05-22T08:18:48","guid":{"rendered":"https:\/\/etoropartners.com\/multi-regulated-platform\/"},"modified":"2024-08-21T15:03:34","modified_gmt":"2024-08-21T13:03:34","slug":"multi-regulated-platform","status":"publish","type":"page","link":"https:\/\/etoropartners.com\/fr\/multi-regulated-platform\/","title":{"rendered":"Promoting a multi-regulated platform"},"content":{"rendered":"\n<section class=\"wp-block-group wp-block-group-boxed wp-block-group-small-top-padding wp-block-group-small-bottom-padding\"><div class=\"wp-block-group-inner is-layout-flow wp-block-group-is-layout-flow\">\n<div class=\"wp-block-columns are-vertically-aligned-top wp-block-columns-1 is-layout-flex wp-container-core-columns-is-layout-9d6595d7 wp-block-columns-is-layout-flex\">\n<div class=\"wp-block-column wp-block-column-align-desktop-center wp-block-column-align-mobile-center is-layout-flow wp-block-column-is-layout-flow\">\n<h2 class=\"wp-block-heading has-text-align-center\">Promouvoir une plateforme r\u00e9gul\u00e9e par plusieurs autorit\u00e9s<\/h2>\n\n\n\n<figure class=\"wp-block-image size-full\"><img loading=\"lazy\" decoding=\"async\" width=\"1600\" height=\"400\" src=\"https:\/\/etoropartners.com\/wp-content\/uploads\/2024\/05\/Cover_multi-regulated-platform-1.jpg\" alt=\"\" class=\"wp-image-8144 wp-image-desktop\" srcset=\"https:\/\/etoropartners.com\/wp-content\/uploads\/2024\/05\/Cover_multi-regulated-platform-1.jpg 1600w, https:\/\/etoropartners.com\/wp-content\/uploads\/2024\/05\/Cover_multi-regulated-platform-1-300x75.jpg 300w, https:\/\/etoropartners.com\/wp-content\/uploads\/2024\/05\/Cover_multi-regulated-platform-1-1024x256.jpg 1024w, https:\/\/etoropartners.com\/wp-content\/uploads\/2024\/05\/Cover_multi-regulated-platform-1-768x192.jpg 768w, https:\/\/etoropartners.com\/wp-content\/uploads\/2024\/05\/Cover_multi-regulated-platform-1-1536x384.jpg 1536w\" sizes=\"auto, (max-width: 1600px) 100vw, 1600px\" \/><\/figure>\n<\/div>\n<\/div>\n<\/div><\/section>\n\n\n\n<section class=\"wp-block-group wp-block-group-boxed wp-block-group-small-top-padding wp-block-group-small-bottom-padding\"><div class=\"wp-block-group-inner is-layout-flow wp-block-group-is-layout-flow\">\n<div class=\"wp-block-columns are-vertically-aligned-top wp-block-columns-1 is-layout-flex wp-container-core-columns-is-layout-9d6595d7 wp-block-columns-is-layout-flex\">\n<div class=\"wp-block-column is-layout-flow wp-block-column-is-layout-flow\">\n<p>Les entreprises qui composent le groupe eToro sont r\u00e9glement\u00e9es par diff\u00e9rentes autorit\u00e9s. Par cons\u00e9quent, diff\u00e9rentes exigences et r\u00e8gles s&rsquo;appliquent selon les pays et tous les actifs ne peuvent pas \u00eatre promus dans chaque pays. La r\u00e9glementation est d\u00e9termin\u00e9e par le pays de votre public, ainsi que par la langue que vous utilisez sur votre site web, l&rsquo;extension d&rsquo;URL et la mention de pays sp\u00e9cifiques ou d&rsquo;\u00e9l\u00e9ments li\u00e9s \u00e0 un pays, tels que les devises locales.<\/p>\n<\/div>\n<\/div>\n<\/div><\/section>\n\n\n\n<section class=\"wp-block-group wp-block-group-boxed wp-block-group-small-top-padding wp-block-group-small-bottom-padding\"><div class=\"wp-block-group-inner is-layout-flow wp-block-group-is-layout-flow\">\n<div class=\"wp-block-columns are-vertically-aligned-top wp-block-columns-1 is-layout-flex wp-container-core-columns-is-layout-9d6595d7 wp-block-columns-is-layout-flex\">\n<div class=\"wp-block-column wp-block-column-align-desktop-center wp-block-column-align-mobile-center is-layout-flow wp-block-column-is-layout-flow\">\n<figure class=\"wp-block-embed is-type-rich is-provider-embed-handler wp-block-embed-embed-handler wp-embed-aspect-4-3 wp-has-aspect-ratio\"><div class=\"wp-block-embed__wrapper\">\n<div class=\"ec-video\"><iframe loading=\"lazy\" title=\"FR-Compliance training video 3 - 1:1 - How to promote a multiregulated platform\" width=\"500\" height=\"375\" src=\"https:\/\/www.youtube.com\/embed\/rkve1VmTJMA?feature=oembed\" frameborder=\"0\" allow=\"accelerometer; autoplay; clipboard-write; encrypted-media; gyroscope; picture-in-picture; web-share\" referrerpolicy=\"strict-origin-when-cross-origin\" allowfullscreen><\/iframe><\/div>\n<\/div><\/figure>\n<\/div>\n<\/div>\n<\/div><\/section>\n\n\n\n<section class=\"wp-block-group wp-block-group-boxed wp-block-group-small-top-padding wp-block-group-small-bottom-padding\"><div class=\"wp-block-group-inner is-layout-flow wp-block-group-is-layout-flow\">\n<div class=\"wp-block-columns are-vertically-aligned-top wp-block-columns-1 is-layout-flex wp-container-core-columns-is-layout-9d6595d7 wp-block-columns-is-layout-flex\">\n<div class=\"wp-block-column is-layout-flow wp-block-column-is-layout-flow\">\n<p>Premi\u00e8rement,<strong> <\/strong>assurez-vous <strong>de ne pas promouvoir eToro dans un pays restreint<\/strong>. Non seulement vous ne gagnerez pas de CPA pour ces pays, mais la promotion d&rsquo;eToro dans un pays restreint est une infraction grave, pouvant entra\u00eener la r\u00e9siliation de notre partenariat. Veuillez donc faire attention.<\/p>\n\n\n\n<p>Assurez-vous \u00e9galement de promouvoir <strong>des actifs qui peuvent \u00eatre promus dans le pays <\/strong>que vous ciblez. Notez \u00e9galement que certains pays ont des restrictions sur la promotion de certains actifs. Assurez-vous donc d&rsquo;\u00eatre align\u00e9 sur les actifs que vous pouvez ou ne pouvez pas promouvoir. Pour des exemples sp\u00e9cifiques, consultez les directives.<br><br>Par exemple, aux \u00c9tats-Unis, vous pouvez promouvoir la crypto. Si vous disposez d&rsquo;une autorisation sp\u00e9ciale, vous pouvez \u00e9galement promouvoir des actions, des ETF et des options. Cependant, les CFD ne sont PAS disponibles aux \u00c9tats-Unis et, par cons\u00e9quent, le Forex, les mati\u00e8res premi\u00e8res, les ventes \u00e0 d\u00e9couvert et l&rsquo;effet de levier ne sont pas disponibles et ne peuvent pas \u00eatre promus aux \u00c9tats-Unis.<br><\/p>\n\n\n\n<p>Vous pouvez trouver toutes les restrictions par pays et par produit dans notre <a href=\"https:\/\/etoropartners.com\/fr\/guidelines\/\">section de directives<\/a>. Veuillez noter que cela peut \u00eatre mis \u00e0 jour r\u00e9guli\u00e8rement.<\/p>\n\n\n\n<p>Il est \u00e9galement important de savoir <strong>quelle entit\u00e9 propose quel produit<\/strong>. Par exemple, aux \u00c9tats-Unis, eToro USA LLC propose une plateforme permettant aux clients am\u00e9ricains d&rsquo;acheter et de vendre des crypto-monnaies et est r\u00e9glement\u00e9e par FinCen ; et eToro USA Securities Inc. est un courtier r\u00e9glement\u00e9 par FINRA qui autorise le trading d&rsquo;actions, d&rsquo;ETF et d&rsquo;options. Veuillez ne pas confondre les deux.<\/p>\n\n\n\n<p>Vous pouvez trouver la liste compl\u00e8te des entit\u00e9s, des offres de produits et des licences sur la page <a href=\"https:\/\/www.etoro.com\/fr\/customer-service\/regulation-license\/\">\u00ab R\u00e9glementations et licences \u00bb<\/a> sur eToro.<\/p>\n\n\n\n<p>Ensuite,<strong> faites attention aux avertissements de risque<\/strong>. Les avertissements de risque que vous devez utiliser sont d\u00e9termin\u00e9s par les pays dans lesquels vous faites la promotion d&rsquo;eToro, ainsi que par les actifs que vous promouvez. Consultez notre tutoriel sur les avertissements de risque dans <a href=\"https:\/\/etoropartners.com\/fr\/guidelines\/\">la section des directives<\/a> pour voir quels avertissements de risque vous devez utiliser et quand.<\/p>\n\n\n\n<p>Si vous faites la promotion de plusieurs actifs, veuillez utiliser tous les avertissements sur les risques applicables.<\/p>\n\n\n\n<p>Parfois, plusieurs r\u00e9glementations s&rsquo;appliquent. Par exemple, si vous faites de la promotion en espagnol ou en anglais, vous pouvez avoir une audience mixte de diff\u00e9rents pays. Dans ces cas, vous devrez vous conformer aux r\u00e8gles de tous les organismes de r\u00e9glementation concern\u00e9s.<\/p>\n<\/div>\n<\/div>\n<\/div><\/section>\n","protected":false},"excerpt":{"rendered":"<p>Promouvoir une plateforme r\u00e9gul\u00e9e par plusieurs autorit\u00e9s Les entreprises qui composent le groupe eToro sont r\u00e9glement\u00e9es par diff\u00e9rentes autorit\u00e9s. Par cons\u00e9quent, diff\u00e9rentes exigences et r\u00e8gles s&rsquo;appliquent selon les pays et tous les actifs ne peuvent pas \u00eatre promus dans chaque pays. La r\u00e9glementation est d\u00e9termin\u00e9e par le pays de votre public, ainsi que par la [&hellip;]<\/p>\n","protected":false},"author":11,"featured_media":8121,"parent":0,"menu_order":0,"comment_status":"closed","ping_status":"closed","template":"","meta":{"_acf_changed":false,"sticky_cta_settings":"","footnotes":""},"class_list":["post-8705","page","type-page","status-publish","has-post-thumbnail","hentry"],"acf":[],"yoast_head":"<!-- This site is optimized with the Yoast SEO plugin v27.3 - https:\/\/yoast.com\/product\/yoast-seo-wordpress\/ -->\n<title>Promouvoir une plateforme r\u00e9gul\u00e9e par plusieurs autorit\u00e9s<\/title>\n<meta name=\"description\" content=\"Les entreprises qui composent le groupe eToro sont r\u00e9gul\u00e9es par diff\u00e9rentes autorit\u00e9s. Par cons\u00e9quent, des exigences et r\u00e8gles vari\u00e9es s&#039;appliquent selon les pays.\" \/>\n<meta name=\"robots\" content=\"index, follow, max-snippet:-1, max-image-preview:large, max-video-preview:-1\" \/>\n<link rel=\"canonical\" href=\"https:\/\/etoropartners.com\/fr\/multi-regulated-platform\/\" \/>\n<meta property=\"og:locale\" content=\"fr_FR\" \/>\n<meta property=\"og:type\" content=\"article\" \/>\n<meta property=\"og:title\" content=\"Promouvoir une plateforme r\u00e9gul\u00e9e par plusieurs autorit\u00e9s\" \/>\n<meta property=\"og:description\" content=\"Les entreprises qui composent le groupe eToro sont r\u00e9gul\u00e9es par diff\u00e9rentes autorit\u00e9s. Par cons\u00e9quent, des exigences et r\u00e8gles vari\u00e9es s&#039;appliquent selon les pays.\" \/>\n<meta property=\"og:url\" content=\"https:\/\/etoropartners.com\/fr\/multi-regulated-platform\/\" \/>\n<meta property=\"og:site_name\" content=\"eToro Partners\" \/>\n<meta property=\"article:modified_time\" content=\"2024-08-21T13:03:34+00:00\" \/>\n<meta property=\"og:image\" content=\"https:\/\/etoropartners.com\/wp-content\/uploads\/2024\/05\/Featured_multi-regulated-platform.png\" \/>\n\t<meta property=\"og:image:width\" content=\"1200\" \/>\n\t<meta property=\"og:image:height\" content=\"630\" \/>\n\t<meta property=\"og:image:type\" content=\"image\/png\" \/>\n<meta name=\"twitter:card\" content=\"summary_large_image\" \/>\n<meta name=\"twitter:label1\" content=\"Dur\u00e9e de lecture estim\u00e9e\" \/>\n\t<meta name=\"twitter:data1\" content=\"3 minutes\" \/>\n<script type=\"application\/ld+json\" class=\"yoast-schema-graph\">{\"@context\":\"https:\\\/\\\/schema.org\",\"@graph\":[{\"@type\":\"WebPage\",\"@id\":\"https:\\\/\\\/etoropartners.com\\\/fr\\\/multi-regulated-platform\\\/\",\"url\":\"https:\\\/\\\/etoropartners.com\\\/fr\\\/multi-regulated-platform\\\/\",\"name\":\"Promouvoir une plateforme r\u00e9gul\u00e9e par plusieurs autorit\u00e9s\",\"isPartOf\":{\"@id\":\"https:\\\/\\\/etoropartners.com\\\/fr\\\/#website\"},\"primaryImageOfPage\":{\"@id\":\"https:\\\/\\\/etoropartners.com\\\/fr\\\/multi-regulated-platform\\\/#primaryimage\"},\"image\":{\"@id\":\"https:\\\/\\\/etoropartners.com\\\/fr\\\/multi-regulated-platform\\\/#primaryimage\"},\"thumbnailUrl\":\"https:\\\/\\\/etoropartners.com\\\/wp-content\\\/uploads\\\/2024\\\/05\\\/Featured_multi-regulated-platform.png\",\"datePublished\":\"2024-05-22T08:18:48+00:00\",\"dateModified\":\"2024-08-21T13:03:34+00:00\",\"description\":\"Les entreprises qui composent le groupe eToro sont r\u00e9gul\u00e9es par diff\u00e9rentes autorit\u00e9s. Par cons\u00e9quent, des exigences et r\u00e8gles vari\u00e9es s'appliquent selon les pays.\",\"breadcrumb\":{\"@id\":\"https:\\\/\\\/etoropartners.com\\\/fr\\\/multi-regulated-platform\\\/#breadcrumb\"},\"inLanguage\":\"fr-FR\",\"potentialAction\":[{\"@type\":\"ReadAction\",\"target\":[\"https:\\\/\\\/etoropartners.com\\\/fr\\\/multi-regulated-platform\\\/\"]}]},{\"@type\":\"ImageObject\",\"inLanguage\":\"fr-FR\",\"@id\":\"https:\\\/\\\/etoropartners.com\\\/fr\\\/multi-regulated-platform\\\/#primaryimage\",\"url\":\"https:\\\/\\\/etoropartners.com\\\/wp-content\\\/uploads\\\/2024\\\/05\\\/Featured_multi-regulated-platform.png\",\"contentUrl\":\"https:\\\/\\\/etoropartners.com\\\/wp-content\\\/uploads\\\/2024\\\/05\\\/Featured_multi-regulated-platform.png\",\"width\":1200,\"height\":630},{\"@type\":\"BreadcrumbList\",\"@id\":\"https:\\\/\\\/etoropartners.com\\\/fr\\\/multi-regulated-platform\\\/#breadcrumb\",\"itemListElement\":[{\"@type\":\"ListItem\",\"position\":1,\"name\":\"Home\",\"item\":\"https:\\\/\\\/etoropartners.com\\\/fr\\\/\"},{\"@type\":\"ListItem\",\"position\":2,\"name\":\"Promoting a multi-regulated platform\"}]},{\"@type\":\"WebSite\",\"@id\":\"https:\\\/\\\/etoropartners.com\\\/fr\\\/#website\",\"url\":\"https:\\\/\\\/etoropartners.com\\\/fr\\\/\",\"name\":\"eToro Partners\",\"description\":\"\",\"potentialAction\":[{\"@type\":\"SearchAction\",\"target\":{\"@type\":\"EntryPoint\",\"urlTemplate\":\"https:\\\/\\\/etoropartners.com\\\/fr\\\/?s={search_term_string}\"},\"query-input\":{\"@type\":\"PropertyValueSpecification\",\"valueRequired\":true,\"valueName\":\"search_term_string\"}}],\"inLanguage\":\"fr-FR\"}]}<\/script>\n<!-- \/ Yoast SEO plugin. -->","yoast_head_json":{"title":"Promouvoir une plateforme r\u00e9gul\u00e9e par plusieurs autorit\u00e9s","description":"Les entreprises qui composent le groupe eToro sont r\u00e9gul\u00e9es par diff\u00e9rentes autorit\u00e9s. Par cons\u00e9quent, des exigences et r\u00e8gles vari\u00e9es s'appliquent selon les pays.","robots":{"index":"index","follow":"follow","max-snippet":"max-snippet:-1","max-image-preview":"max-image-preview:large","max-video-preview":"max-video-preview:-1"},"canonical":"https:\/\/etoropartners.com\/fr\/multi-regulated-platform\/","og_locale":"fr_FR","og_type":"article","og_title":"Promouvoir une plateforme r\u00e9gul\u00e9e par plusieurs autorit\u00e9s","og_description":"Les entreprises qui composent le groupe eToro sont r\u00e9gul\u00e9es par diff\u00e9rentes autorit\u00e9s. Par cons\u00e9quent, des exigences et r\u00e8gles vari\u00e9es s'appliquent selon les pays.","og_url":"https:\/\/etoropartners.com\/fr\/multi-regulated-platform\/","og_site_name":"eToro Partners","article_modified_time":"2024-08-21T13:03:34+00:00","og_image":[{"width":1200,"height":630,"url":"https:\/\/etoropartners.com\/wp-content\/uploads\/2024\/05\/Featured_multi-regulated-platform.png","type":"image\/png"}],"twitter_card":"summary_large_image","twitter_misc":{"Dur\u00e9e de lecture estim\u00e9e":"3 minutes"},"schema":{"@context":"https:\/\/schema.org","@graph":[{"@type":"WebPage","@id":"https:\/\/etoropartners.com\/fr\/multi-regulated-platform\/","url":"https:\/\/etoropartners.com\/fr\/multi-regulated-platform\/","name":"Promouvoir une plateforme r\u00e9gul\u00e9e par plusieurs autorit\u00e9s","isPartOf":{"@id":"https:\/\/etoropartners.com\/fr\/#website"},"primaryImageOfPage":{"@id":"https:\/\/etoropartners.com\/fr\/multi-regulated-platform\/#primaryimage"},"image":{"@id":"https:\/\/etoropartners.com\/fr\/multi-regulated-platform\/#primaryimage"},"thumbnailUrl":"https:\/\/etoropartners.com\/wp-content\/uploads\/2024\/05\/Featured_multi-regulated-platform.png","datePublished":"2024-05-22T08:18:48+00:00","dateModified":"2024-08-21T13:03:34+00:00","description":"Les entreprises qui composent le groupe eToro sont r\u00e9gul\u00e9es par diff\u00e9rentes autorit\u00e9s. Par cons\u00e9quent, des exigences et r\u00e8gles vari\u00e9es s'appliquent selon les pays.","breadcrumb":{"@id":"https:\/\/etoropartners.com\/fr\/multi-regulated-platform\/#breadcrumb"},"inLanguage":"fr-FR","potentialAction":[{"@type":"ReadAction","target":["https:\/\/etoropartners.com\/fr\/multi-regulated-platform\/"]}]},{"@type":"ImageObject","inLanguage":"fr-FR","@id":"https:\/\/etoropartners.com\/fr\/multi-regulated-platform\/#primaryimage","url":"https:\/\/etoropartners.com\/wp-content\/uploads\/2024\/05\/Featured_multi-regulated-platform.png","contentUrl":"https:\/\/etoropartners.com\/wp-content\/uploads\/2024\/05\/Featured_multi-regulated-platform.png","width":1200,"height":630},{"@type":"BreadcrumbList","@id":"https:\/\/etoropartners.com\/fr\/multi-regulated-platform\/#breadcrumb","itemListElement":[{"@type":"ListItem","position":1,"name":"Home","item":"https:\/\/etoropartners.com\/fr\/"},{"@type":"ListItem","position":2,"name":"Promoting a multi-regulated platform"}]},{"@type":"WebSite","@id":"https:\/\/etoropartners.com\/fr\/#website","url":"https:\/\/etoropartners.com\/fr\/","name":"eToro Partners","description":"","potentialAction":[{"@type":"SearchAction","target":{"@type":"EntryPoint","urlTemplate":"https:\/\/etoropartners.com\/fr\/?s={search_term_string}"},"query-input":{"@type":"PropertyValueSpecification","valueRequired":true,"valueName":"search_term_string"}}],"inLanguage":"fr-FR"}]}},"_links":{"self":[{"href":"https:\/\/etoropartners.com\/fr\/wp-json\/wp\/v2\/pages\/8705","targetHints":{"allow":["GET"]}}],"collection":[{"href":"https:\/\/etoropartners.com\/fr\/wp-json\/wp\/v2\/pages"}],"about":[{"href":"https:\/\/etoropartners.com\/fr\/wp-json\/wp\/v2\/types\/page"}],"author":[{"embeddable":true,"href":"https:\/\/etoropartners.com\/fr\/wp-json\/wp\/v2\/users\/11"}],"replies":[{"embeddable":true,"href":"https:\/\/etoropartners.com\/fr\/wp-json\/wp\/v2\/comments?post=8705"}],"version-history":[{"count":0,"href":"https:\/\/etoropartners.com\/fr\/wp-json\/wp\/v2\/pages\/8705\/revisions"}],"wp:featuredmedia":[{"embeddable":true,"href":"https:\/\/etoropartners.com\/fr\/wp-json\/wp\/v2\/media\/8121"}],"wp:attachment":[{"href":"https:\/\/etoropartners.com\/fr\/wp-json\/wp\/v2\/media?parent=8705"}],"curies":[{"name":"wp","href":"https:\/\/api.w.org\/{rel}","templated":true}]}}