{"id":8673,"date":"2024-05-22T08:47:21","date_gmt":"2024-05-22T06:47:21","guid":{"rendered":"https:\/\/etoropartners.com\/8-most-important-things\/"},"modified":"2024-08-20T12:13:08","modified_gmt":"2024-08-20T10:13:08","slug":"8-most-important-things","status":"publish","type":"page","link":"https:\/\/etoropartners.com\/fr\/8-most-important-things\/","title":{"rendered":"8 \u00e9l\u00e9ments essentiels \u00e0 prendre en compte pour cr\u00e9er une campagne conforme"},"content":{"rendered":"\n<section class=\"wp-block-group wp-block-group-boxed wp-block-group-small-top-padding wp-block-group-small-bottom-padding\"><div class=\"wp-block-group-inner is-layout-flow wp-block-group-is-layout-flow\">\n<div class=\"wp-block-columns are-vertically-aligned-top wp-block-columns-1 is-layout-flex wp-container-core-columns-is-layout-9d6595d7 wp-block-columns-is-layout-flex\">\n<div class=\"wp-block-column wp-block-column-align-desktop-center wp-block-column-align-mobile-center is-layout-flow wp-block-column-is-layout-flow\">\n<h2 class=\"wp-block-heading has-text-align-center\"><strong>8 \u00e9l\u00e9ments essentiels \u00e0 prendre en compte pour cr\u00e9er une campagne conforme<\/strong><\/h2>\n\n\n\n<figure class=\"wp-block-image size-full\"><img loading=\"lazy\" decoding=\"async\" width=\"1600\" height=\"400\" src=\"https:\/\/etoropartners.com\/wp-content\/uploads\/2024\/05\/Cover_8-most-important-things.jpg\" alt=\"8 most important things to consider when creating a compliant campaign\" class=\"wp-image-8016 wp-image-desktop\" srcset=\"https:\/\/etoropartners.com\/wp-content\/uploads\/2024\/05\/Cover_8-most-important-things.jpg 1600w, https:\/\/etoropartners.com\/wp-content\/uploads\/2024\/05\/Cover_8-most-important-things-300x75.jpg 300w, https:\/\/etoropartners.com\/wp-content\/uploads\/2024\/05\/Cover_8-most-important-things-1024x256.jpg 1024w, https:\/\/etoropartners.com\/wp-content\/uploads\/2024\/05\/Cover_8-most-important-things-768x192.jpg 768w, https:\/\/etoropartners.com\/wp-content\/uploads\/2024\/05\/Cover_8-most-important-things-1536x384.jpg 1536w\" sizes=\"auto, (max-width: 1600px) 100vw, 1600px\" \/><\/figure>\n<\/div>\n<\/div>\n<\/div><\/section>\n\n\n\n<section class=\"wp-block-group wp-block-group-boxed wp-block-group-small-top-padding wp-block-group-small-bottom-padding\"><div class=\"wp-block-group-inner is-layout-flow wp-block-group-is-layout-flow\">\n<div class=\"wp-block-columns are-vertically-aligned-top wp-block-columns-1 is-layout-flex wp-container-core-columns-is-layout-9d6595d7 wp-block-columns-is-layout-flex\">\n<div class=\"wp-block-column is-layout-flow wp-block-column-is-layout-flow\">\n<p class=\"has-text-align-left\">eToro est une marque de confiance, proposant aux traders et aux investisseurs du monde entier une exp\u00e9rience de trading s\u00e9curis\u00e9e et r\u00e9glement\u00e9e. Par cons\u00e9quent, il est essentiel de cr\u00e9er une campagne qui soit conforme aux exigences r\u00e9glementaires et aux directives de la juridiction dans laquelle vous promouvez eToro.<\/p>\n\n\n\n<p>Suivez les <a href=\"https:\/\/etoropartners.com\/fr\/guidelines\/\">directives et r\u00e8gles d&rsquo;affiliation<\/a> ci-dessous pour \u00eatre sur la bonne voie afin de mettre en place un partenariat conforme. Veuillez noter que nous p\u00e9nalisons les affili\u00e9s qui promeuvent eToro de mani\u00e8re non conforme. En cas de <strong>violation de la conformit\u00e9<\/strong> ou de non-coop\u00e9ration, nous d\u00e9sactiverons votre compte et nous pourrons<strong> annuler le paiement et r\u00e9silier le partenariat<\/strong>.<\/p>\n\n\n\n<p>N&rsquo;oubliez pas de v\u00e9rifier r\u00e9guli\u00e8rement vos campagnes. Nous travaillons \u00e0 un rythme rapide et nous adaptons aux r\u00e9glementations et aux changements du march\u00e9, c&rsquo;est pourquoi nous vous demanderons des corrections et\/ou des modifications si n\u00e9cessaire.<\/p>\n<\/div>\n<\/div>\n<\/div><\/section>\n\n\n\n<section class=\"wp-block-group wp-block-group-boxed wp-block-group-small-top-padding wp-block-group-small-bottom-padding\"><div class=\"wp-block-group-inner is-layout-flow wp-block-group-is-layout-flow\">\n<div class=\"wp-block-columns are-vertically-aligned-top wp-block-columns-1 is-layout-flex wp-container-core-columns-is-layout-9d6595d7 wp-block-columns-is-layout-flex\">\n<div class=\"wp-block-column wp-block-column-align-desktop-center wp-block-column-align-mobile-center is-layout-flow wp-block-column-is-layout-flow\">\n<figure class=\"wp-block-embed is-type-rich is-provider-embed-handler wp-block-embed-embed-handler wp-embed-aspect-16-9 wp-has-aspect-ratio\"><div class=\"wp-block-embed__wrapper\">\n<div class=\"ec-video\"><iframe loading=\"lazy\" title=\"FR-Compliance Training Video 1 - 8 most important things\" width=\"500\" height=\"281\" src=\"https:\/\/www.youtube.com\/embed\/MPi1ZiRIB0g?feature=oembed\" frameborder=\"0\" allow=\"accelerometer; autoplay; clipboard-write; encrypted-media; gyroscope; picture-in-picture; web-share\" referrerpolicy=\"strict-origin-when-cross-origin\" allowfullscreen><\/iframe><\/div>\n<\/div><\/figure>\n<\/div>\n<\/div>\n<\/div><\/section>\n\n\n\n<section class=\"wp-block-group wp-block-group-boxed wp-block-group-small-top-padding wp-block-group-small-bottom-padding\"><div class=\"wp-block-group-inner is-layout-flow wp-block-group-is-layout-flow\">\n<div class=\"wp-block-columns are-vertically-aligned-top wp-block-columns-1 is-layout-flex wp-container-core-columns-is-layout-9d6595d7 wp-block-columns-is-layout-flex\">\n<div class=\"wp-block-column is-layout-flow wp-block-column-is-layout-flow\">\n<p class=\"is-style-heading-2\"><strong>D\u00e9voilez vos URL<\/strong><\/p>\n\n\n\n<p>Assurez-vous de promouvoir UNIQUEMENT eToro sur les sites que vous avez divulgu\u00e9s \u00e0 eToro. Si vous souhaitez promouvoir eToro via un nouveau canal ou site, vous devez d&rsquo;abord le soumettre \u00e0 votre responsable d&rsquo;affiliation pour approbation. Nous devons savoir comment et o\u00f9 eToro est promu.<\/p>\n\n\n\n<p class=\"is-style-heading-2\"><strong>Soyez pr\u00e9cis, juste et non trompeur<\/strong><\/p>\n\n\n\n<p>Soyez pr\u00e9cis, \u00e9quilibr\u00e9 et ne vous induisez pas en erreur. Assurez-vous que toutes les informations sont correctes et \u00e0 jour. N&rsquo;oubliez jamais de mentionner les risques. Ne faites pas croire que les investissements sont faciles ou faites des promesses fausses et des d\u00e9clarations trompeuses. N&rsquo;utilisez pas eToro au nom de votre domaine et ne pr\u00e9tendez pas que vous repr\u00e9sentez ou travaillez pour eToro.<\/p>\n\n\n\n<p class=\"is-style-heading-2\"><strong>Pays interdits<\/strong><\/p>\n\n\n\n<p>Ne promouvez pas eToro dans <a href=\"https:\/\/etoropartners.com\/fr\/guidelines\/\">les pays interdits<\/a>. Veuillez noter que nous ne payons pas pour ces promotions. Vous pouvez trouver la liste des pays interdits dans les directives. Assurez-vous de ne pas utiliser le pays dans l&rsquo;URL, l&rsquo;extension de pays, la langue ou la mention du pays sur la page.<\/p>\n\n\n\n<p class=\"is-style-heading-2\"><strong>Restrictions de produit<\/strong><\/p>\n\n\n\n<p>Soyez conscient des <a href=\"https:\/\/etoropartners.com\/fr\/guidelines\/\">restrictions de produit<\/a> : vous ne pouvez pas promouvoir certains types d&rsquo;actifs dans certains pays. Si vous faites la promotion \u00e0 l&rsquo;\u00e9chelle mondiale, assurez-vous de mentionner ce qui est disponible, o\u00f9, ou ce qui ne l&rsquo;est pas ; par exemple : \u00ab N\u00e9gociez des crypto-monnaies, des actions, des mati\u00e8res premi\u00e8res et forex sur eToro (les mati\u00e8res premi\u00e8res et le forex ne sont pas disponibles aux \u00c9tats-Unis) \u00bb. Les r\u00e9glementations peuvent changer, alors assurez-vous d&rsquo;\u00eatre conscient des restrictions.<\/p>\n\n\n\n<p class=\"is-style-heading-2\"><strong>Pas de conseils en investissement<\/strong><\/p>\n\n\n\n<p>N&rsquo;incluez pas eToro dans du contenu offrant des conseils en investissement.<\/p>\n\n\n\n<p class=\"is-style-heading-2\"><strong>Avertissement sur les risques<\/strong><\/p>\n\n\n\n<p>Assurez-vous toujours d\u2019ajouter un avertissement sur les <a href=\"https:\/\/etoropartners.com\/fr\/guidelines\/\">risques appropri\u00e9s<\/a> au bon endroit et de la m\u00eame taille que le reste de votre texte. Si vous \u00eates conscient du risque, vous devriez \u00eatre averti directement. Les d\u00e9clarations de non-responsabilit\u00e9 doivent figurer \u00e0 proximit\u00e9 de chaque lien qui redirige vers eToro, au-dessus des avis et des articles, dans les vid\u00e9os et dans leurs descriptions.<\/p>\n\n\n\n<p class=\"is-style-heading-2\"><strong>Ne cr\u00e9ez pas un sentiment d&rsquo;urgence non fond\u00e9<\/strong><\/p>\n\n\n\n<p>N&rsquo;incitez pas \u00e0 acheter certains instruments en cr\u00e9ant un sentiment d&rsquo;urgence non justifi\u00e9.<\/p>\n\n\n\n<p class=\"is-style-heading-2\"><strong>Divulgation KYC (know your customer &#8211; connaissance client)<\/strong><\/p>\n\n\n\n<p>Aucune divulgation d&rsquo;informations confidentielles ou assistance pour le trading avec eToro. De ce point de vue, nous ne souhaitons pas effectuer de transactions sans r\u00e9pondre au KYC interne, ni stimuler la transaction sur cette plateforme.<\/p>\n<\/div>\n<\/div>\n<\/div><\/section>\n","protected":false},"excerpt":{"rendered":"<p>8 \u00e9l\u00e9ments essentiels \u00e0 prendre en compte pour cr\u00e9er une campagne conforme eToro est une marque de confiance, proposant aux traders et aux investisseurs du monde entier une exp\u00e9rience de trading s\u00e9curis\u00e9e et r\u00e9glement\u00e9e. Par cons\u00e9quent, il est essentiel de cr\u00e9er une campagne qui soit conforme aux exigences r\u00e9glementaires et aux directives de la juridiction [&hellip;]<\/p>\n","protected":false},"author":11,"featured_media":8068,"parent":0,"menu_order":0,"comment_status":"closed","ping_status":"closed","template":"","meta":{"_acf_changed":false,"sticky_cta_settings":"","footnotes":""},"class_list":["post-8673","page","type-page","status-publish","has-post-thumbnail","hentry"],"acf":[],"yoast_head":"<!-- This site is optimized with the Yoast SEO plugin v27.3 - https:\/\/yoast.com\/product\/yoast-seo-wordpress\/ -->\n<title>Les 8 \u00e9l\u00e9ments essentiels \u00e0 prendre en compte pour cr\u00e9er une campagne conforme<\/title>\n<meta name=\"description\" content=\"eToro is a reputable brand, providing traders and investors with a secure and regulated trading experience. It is paramount that you create a campaign that is in line with the regulatory requirements\" \/>\n<meta name=\"robots\" content=\"index, follow, max-snippet:-1, max-image-preview:large, max-video-preview:-1\" \/>\n<link rel=\"canonical\" href=\"https:\/\/etoropartners.com\/fr\/8-most-important-things\/\" \/>\n<meta property=\"og:locale\" content=\"fr_FR\" \/>\n<meta property=\"og:type\" content=\"article\" \/>\n<meta property=\"og:title\" content=\"Les 8 \u00e9l\u00e9ments essentiels \u00e0 prendre en compte pour cr\u00e9er une campagne conforme\" \/>\n<meta property=\"og:description\" content=\"eToro is a reputable brand, providing traders and investors with a secure and regulated trading experience. It is paramount that you create a campaign that is in line with the regulatory requirements\" \/>\n<meta property=\"og:url\" content=\"https:\/\/etoropartners.com\/fr\/8-most-important-things\/\" \/>\n<meta property=\"og:site_name\" content=\"eToro Partners\" \/>\n<meta property=\"article:modified_time\" content=\"2024-08-20T10:13:08+00:00\" \/>\n<meta property=\"og:image\" content=\"https:\/\/etoropartners.com\/wp-content\/uploads\/2024\/05\/Featured_8-most-important-things.png\" \/>\n\t<meta property=\"og:image:width\" content=\"1200\" \/>\n\t<meta property=\"og:image:height\" content=\"630\" \/>\n\t<meta property=\"og:image:type\" content=\"image\/png\" \/>\n<meta name=\"twitter:card\" content=\"summary_large_image\" \/>\n<meta name=\"twitter:label1\" content=\"Dur\u00e9e de lecture estim\u00e9e\" \/>\n\t<meta name=\"twitter:data1\" content=\"3 minutes\" \/>\n<script type=\"application\/ld+json\" class=\"yoast-schema-graph\">{\"@context\":\"https:\\\/\\\/schema.org\",\"@graph\":[{\"@type\":\"WebPage\",\"@id\":\"https:\\\/\\\/etoropartners.com\\\/fr\\\/8-most-important-things\\\/\",\"url\":\"https:\\\/\\\/etoropartners.com\\\/fr\\\/8-most-important-things\\\/\",\"name\":\"Les 8 \u00e9l\u00e9ments essentiels \u00e0 prendre en compte pour cr\u00e9er une campagne conforme\",\"isPartOf\":{\"@id\":\"https:\\\/\\\/etoropartners.com\\\/fr\\\/#website\"},\"primaryImageOfPage\":{\"@id\":\"https:\\\/\\\/etoropartners.com\\\/fr\\\/8-most-important-things\\\/#primaryimage\"},\"image\":{\"@id\":\"https:\\\/\\\/etoropartners.com\\\/fr\\\/8-most-important-things\\\/#primaryimage\"},\"thumbnailUrl\":\"https:\\\/\\\/etoropartners.com\\\/wp-content\\\/uploads\\\/2024\\\/05\\\/Featured_8-most-important-things.png\",\"datePublished\":\"2024-05-22T06:47:21+00:00\",\"dateModified\":\"2024-08-20T10:13:08+00:00\",\"description\":\"eToro is a reputable brand, providing traders and investors with a secure and regulated trading experience. It is paramount that you create a campaign that is in line with the regulatory requirements\",\"breadcrumb\":{\"@id\":\"https:\\\/\\\/etoropartners.com\\\/fr\\\/8-most-important-things\\\/#breadcrumb\"},\"inLanguage\":\"fr-FR\",\"potentialAction\":[{\"@type\":\"ReadAction\",\"target\":[\"https:\\\/\\\/etoropartners.com\\\/fr\\\/8-most-important-things\\\/\"]}]},{\"@type\":\"ImageObject\",\"inLanguage\":\"fr-FR\",\"@id\":\"https:\\\/\\\/etoropartners.com\\\/fr\\\/8-most-important-things\\\/#primaryimage\",\"url\":\"https:\\\/\\\/etoropartners.com\\\/wp-content\\\/uploads\\\/2024\\\/05\\\/Featured_8-most-important-things.png\",\"contentUrl\":\"https:\\\/\\\/etoropartners.com\\\/wp-content\\\/uploads\\\/2024\\\/05\\\/Featured_8-most-important-things.png\",\"width\":1200,\"height\":630,\"caption\":\"8 most important things to consider when creating a compliant campaign\"},{\"@type\":\"BreadcrumbList\",\"@id\":\"https:\\\/\\\/etoropartners.com\\\/fr\\\/8-most-important-things\\\/#breadcrumb\",\"itemListElement\":[{\"@type\":\"ListItem\",\"position\":1,\"name\":\"Home\",\"item\":\"https:\\\/\\\/etoropartners.com\\\/fr\\\/\"},{\"@type\":\"ListItem\",\"position\":2,\"name\":\"8 \u00e9l\u00e9ments essentiels \u00e0 prendre en compte pour cr\u00e9er une campagne conforme\"}]},{\"@type\":\"WebSite\",\"@id\":\"https:\\\/\\\/etoropartners.com\\\/fr\\\/#website\",\"url\":\"https:\\\/\\\/etoropartners.com\\\/fr\\\/\",\"name\":\"eToro Partners\",\"description\":\"\",\"potentialAction\":[{\"@type\":\"SearchAction\",\"target\":{\"@type\":\"EntryPoint\",\"urlTemplate\":\"https:\\\/\\\/etoropartners.com\\\/fr\\\/?s={search_term_string}\"},\"query-input\":{\"@type\":\"PropertyValueSpecification\",\"valueRequired\":true,\"valueName\":\"search_term_string\"}}],\"inLanguage\":\"fr-FR\"}]}<\/script>\n<!-- \/ Yoast SEO plugin. -->","yoast_head_json":{"title":"Les 8 \u00e9l\u00e9ments essentiels \u00e0 prendre en compte pour cr\u00e9er une campagne conforme","description":"eToro is a reputable brand, providing traders and investors with a secure and regulated trading experience. It is paramount that you create a campaign that is in line with the regulatory requirements","robots":{"index":"index","follow":"follow","max-snippet":"max-snippet:-1","max-image-preview":"max-image-preview:large","max-video-preview":"max-video-preview:-1"},"canonical":"https:\/\/etoropartners.com\/fr\/8-most-important-things\/","og_locale":"fr_FR","og_type":"article","og_title":"Les 8 \u00e9l\u00e9ments essentiels \u00e0 prendre en compte pour cr\u00e9er une campagne conforme","og_description":"eToro is a reputable brand, providing traders and investors with a secure and regulated trading experience. It is paramount that you create a campaign that is in line with the regulatory requirements","og_url":"https:\/\/etoropartners.com\/fr\/8-most-important-things\/","og_site_name":"eToro Partners","article_modified_time":"2024-08-20T10:13:08+00:00","og_image":[{"width":1200,"height":630,"url":"https:\/\/etoropartners.com\/wp-content\/uploads\/2024\/05\/Featured_8-most-important-things.png","type":"image\/png"}],"twitter_card":"summary_large_image","twitter_misc":{"Dur\u00e9e de lecture estim\u00e9e":"3 minutes"},"schema":{"@context":"https:\/\/schema.org","@graph":[{"@type":"WebPage","@id":"https:\/\/etoropartners.com\/fr\/8-most-important-things\/","url":"https:\/\/etoropartners.com\/fr\/8-most-important-things\/","name":"Les 8 \u00e9l\u00e9ments essentiels \u00e0 prendre en compte pour cr\u00e9er une campagne conforme","isPartOf":{"@id":"https:\/\/etoropartners.com\/fr\/#website"},"primaryImageOfPage":{"@id":"https:\/\/etoropartners.com\/fr\/8-most-important-things\/#primaryimage"},"image":{"@id":"https:\/\/etoropartners.com\/fr\/8-most-important-things\/#primaryimage"},"thumbnailUrl":"https:\/\/etoropartners.com\/wp-content\/uploads\/2024\/05\/Featured_8-most-important-things.png","datePublished":"2024-05-22T06:47:21+00:00","dateModified":"2024-08-20T10:13:08+00:00","description":"eToro is a reputable brand, providing traders and investors with a secure and regulated trading experience. It is paramount that you create a campaign that is in line with the regulatory requirements","breadcrumb":{"@id":"https:\/\/etoropartners.com\/fr\/8-most-important-things\/#breadcrumb"},"inLanguage":"fr-FR","potentialAction":[{"@type":"ReadAction","target":["https:\/\/etoropartners.com\/fr\/8-most-important-things\/"]}]},{"@type":"ImageObject","inLanguage":"fr-FR","@id":"https:\/\/etoropartners.com\/fr\/8-most-important-things\/#primaryimage","url":"https:\/\/etoropartners.com\/wp-content\/uploads\/2024\/05\/Featured_8-most-important-things.png","contentUrl":"https:\/\/etoropartners.com\/wp-content\/uploads\/2024\/05\/Featured_8-most-important-things.png","width":1200,"height":630,"caption":"8 most important things to consider when creating a compliant campaign"},{"@type":"BreadcrumbList","@id":"https:\/\/etoropartners.com\/fr\/8-most-important-things\/#breadcrumb","itemListElement":[{"@type":"ListItem","position":1,"name":"Home","item":"https:\/\/etoropartners.com\/fr\/"},{"@type":"ListItem","position":2,"name":"8 \u00e9l\u00e9ments essentiels \u00e0 prendre en compte pour cr\u00e9er une campagne conforme"}]},{"@type":"WebSite","@id":"https:\/\/etoropartners.com\/fr\/#website","url":"https:\/\/etoropartners.com\/fr\/","name":"eToro Partners","description":"","potentialAction":[{"@type":"SearchAction","target":{"@type":"EntryPoint","urlTemplate":"https:\/\/etoropartners.com\/fr\/?s={search_term_string}"},"query-input":{"@type":"PropertyValueSpecification","valueRequired":true,"valueName":"search_term_string"}}],"inLanguage":"fr-FR"}]}},"_links":{"self":[{"href":"https:\/\/etoropartners.com\/fr\/wp-json\/wp\/v2\/pages\/8673","targetHints":{"allow":["GET"]}}],"collection":[{"href":"https:\/\/etoropartners.com\/fr\/wp-json\/wp\/v2\/pages"}],"about":[{"href":"https:\/\/etoropartners.com\/fr\/wp-json\/wp\/v2\/types\/page"}],"author":[{"embeddable":true,"href":"https:\/\/etoropartners.com\/fr\/wp-json\/wp\/v2\/users\/11"}],"replies":[{"embeddable":true,"href":"https:\/\/etoropartners.com\/fr\/wp-json\/wp\/v2\/comments?post=8673"}],"version-history":[{"count":0,"href":"https:\/\/etoropartners.com\/fr\/wp-json\/wp\/v2\/pages\/8673\/revisions"}],"wp:featuredmedia":[{"embeddable":true,"href":"https:\/\/etoropartners.com\/fr\/wp-json\/wp\/v2\/media\/8068"}],"wp:attachment":[{"href":"https:\/\/etoropartners.com\/fr\/wp-json\/wp\/v2\/media?parent=8673"}],"curies":[{"name":"wp","href":"https:\/\/api.w.org\/{rel}","templated":true}]}}