{"id":8622,"date":"2024-05-22T13:20:48","date_gmt":"2024-05-22T11:20:48","guid":{"rendered":"https:\/\/etoropartners.com\/youtube-guidelines\/"},"modified":"2026-02-02T13:31:03","modified_gmt":"2026-02-02T11:31:03","slug":"youtube-guidelines","status":"publish","type":"page","link":"https:\/\/etoropartners.com\/fr\/youtube-guidelines\/","title":{"rendered":"Guide de conformit\u00e9 des influenceurs"},"content":{"rendered":"\n<section class=\"wp-block-group wp-block-group-boxed wp-block-group-small-top-padding wp-block-group-small-bottom-padding\"><div class=\"wp-block-group-inner is-layout-flow wp-block-group-is-layout-flow\">\n<div class=\"wp-block-columns are-vertically-aligned-top wp-block-columns-1 is-layout-flex wp-container-core-columns-is-layout-9d6595d7 wp-block-columns-is-layout-flex\">\n<div class=\"wp-block-column wp-block-column-align-desktop-center wp-block-column-align-mobile-center is-layout-flow wp-block-column-is-layout-flow\">\n<h2 class=\"wp-block-heading\">Guide de conformit\u00e9 des influenceurs<\/h2>\n\n\n\n<figure class=\"wp-block-image size-large\"><img loading=\"lazy\" decoding=\"async\" width=\"1024\" height=\"256\" src=\"https:\/\/etoropartners.com\/wp-content\/uploads\/2026\/01\/4301-12.10.25-eToro-Affiliate-Program-Influencer-compliance-guide-Header-1600x400px-V2-1024x256.jpg\" alt=\"\" class=\"wp-image-9305 wp-image-desktop\" srcset=\"https:\/\/etoropartners.com\/wp-content\/uploads\/2026\/01\/4301-12.10.25-eToro-Affiliate-Program-Influencer-compliance-guide-Header-1600x400px-V2-1024x256.jpg 1024w, https:\/\/etoropartners.com\/wp-content\/uploads\/2026\/01\/4301-12.10.25-eToro-Affiliate-Program-Influencer-compliance-guide-Header-1600x400px-V2-300x75.jpg 300w, https:\/\/etoropartners.com\/wp-content\/uploads\/2026\/01\/4301-12.10.25-eToro-Affiliate-Program-Influencer-compliance-guide-Header-1600x400px-V2-768x192.jpg 768w, https:\/\/etoropartners.com\/wp-content\/uploads\/2026\/01\/4301-12.10.25-eToro-Affiliate-Program-Influencer-compliance-guide-Header-1600x400px-V2-1536x384.jpg 1536w, https:\/\/etoropartners.com\/wp-content\/uploads\/2026\/01\/4301-12.10.25-eToro-Affiliate-Program-Influencer-compliance-guide-Header-1600x400px-V2.jpg 1600w\" sizes=\"auto, (max-width: 1024px) 100vw, 1024px\" \/><\/figure>\n<\/div>\n<\/div>\n<\/div><\/section>\n\n\n\n<section class=\"wp-block-group wp-block-group-boxed wp-block-group-small-top-padding wp-block-group-small-bottom-padding\"><div class=\"wp-block-group-inner is-layout-flow wp-block-group-is-layout-flow\">\n<div class=\"wp-block-columns are-vertically-aligned-top wp-block-columns-1 is-layout-flex wp-container-core-columns-is-layout-9d6595d7 wp-block-columns-is-layout-flex\">\n<div class=\"wp-block-column is-layout-flow wp-block-column-is-layout-flow\">\n<p>eToro est une marque r\u00e9put\u00e9e qui offre aux traders et aux investisseurs du monde entier une exp\u00e9rience de trading s\u00e9curis\u00e9e et r\u00e9glement\u00e9e. Nous nous engageons \u00e0 appliquer des pratiques de marketing transparentes, justes et responsables, ainsi qu&rsquo;\u00e0 d\u00e9fendre l\u2019int\u00e9grit\u00e9 du syst\u00e8me financier. En tant qu\u2019influenceur, vous jouez un r\u00f4le crucial dans le maintien de cette confiance. Il est donc primordial que chaque campagne que vous r\u00e9alisez respecte pleinement les exigences r\u00e9glementaires ainsi que les directives de la juridiction dans laquelle vous faites la promotion &#8211; ou envisagez de faire la promotion &#8211; d\u2019eToro. Ce guide pr\u00e9sente les principales obligations de conformit\u00e9 \u00e0 suivre pour promouvoir eToro, en compl\u00e9ment des directives disponibles <a href=\"https:\/\/etoropartners.com\/fr\/compliance-guidelines\/\">ici<\/a>.<\/p>\n\n\n\n<p><\/p>\n\n\n\n<p><strong>Validation pr\u00e9alable du contenu&nbsp;:<\/strong> avant de publier tout contenu relatif \u00e0 eToro, vous devez soumettre votre texte ou script \u00e0 votre gestionnaire affili\u00e9 pour validation. Cette \u00e9tape permet de garantir que tous les supports promotionnels sont conformes aux politiques et directives d\u2019eToro ainsi qu\u2019aux exigences r\u00e9glementaires, avant toute diffusion.<\/p>\n\n\n\n<p><\/p>\n\n\n\n<p><strong>Promouvoir dans diff\u00e9rents pays\u00a0:<\/strong> eToro op\u00e8re dans plus de 100\u00a0pays \u00e0 travers le monde. Toutefois, des restrictions r\u00e9glementaires s\u2019appliquent \u00e0 la promotion des services eToro et de certains produits dans des r\u00e9gions sp\u00e9cifiques. Lors de la promotion d\u2019eToro, \u00e9vitez de mentionner ou de cibler des pays restreints, y compris en utilisant des langues ou des devises sp\u00e9cifiques associ\u00e9es \u00e0 ces pays, ce qui pourrait impliquer une promotion dans une r\u00e9gion restreinte. De plus, \u00e9vitez de promouvoir des produits qui font l\u2019objet de restrictions dans le pays que vous ciblez. Vous trouverez des informations d\u00e9taill\u00e9es dans nos <a href=\"https:\/\/etoropartners.com\/fr\/compliance-guidelines\/\">directives.<\/a><\/p>\n\n\n\n<p><\/p>\n\n\n\n<p><strong>Promouvoir aux \u00c9tats-Unis&nbsp;:<\/strong> aux \u00c9tats-Unis, vous devez promouvoir eToro en utilisant un compte am\u00e9ricain, et seulement apr\u00e8s que votre compte et votre contenu aient \u00e9t\u00e9 approuv\u00e9s par l\u2019\u00e9quipe de conformit\u00e9 am\u00e9ricaine. Suivez les <a href=\"https:\/\/docs.google.com\/presentation\/d\/1U5-1DmQStR6pC0GPSti47MVmm_ucMxmz1t-ZmNSzSb0\/edit?slide=id.g3452ee07848_1_2#slide=id.g3452ee07848_1_2\">directives sp\u00e9cifiques aux \u00c9tats-Unis<\/a> pour cr\u00e9er du contenu conforme. Notez que les comptes mondiaux ne seront pas r\u00e9mun\u00e9r\u00e9s pour les traders am\u00e9ricains et que les comptes am\u00e9ricains ne seront r\u00e9mun\u00e9r\u00e9s que pour les traders am\u00e9ricains.<\/p>\n\n\n\n<p><strong>Exigences de conformit\u00e9 cl\u00e9s&nbsp;:<\/strong><\/p>\n\n\n\n<ol class=\"wp-block-list wp-block-list\">\n<li><strong>Divulguez vos URL\u00a0:\u00a0<\/strong>\n<ul class=\"wp-block-list wp-block-list wp-block-list-circle\">\n<li>Ne faites la promotion d\u2019eToro que sur les sites web et les canaux que vous avez pr\u00e9alablement d\u00e9clar\u00e9s \u00e0 eToro. Si vous souhaitez utiliser un nouveau canal ou site, vous devez l\u2019envoyer \u00e0 votre gestionnaire affili\u00e9 pour approbation. Nous devons savoir comment et o\u00f9 eToro est promu.<\/li>\n<\/ul>\n<\/li>\n\n\n\n<li><strong>Exactitude et informations non trompeuses\u00a0:\u00a0<\/strong>\n<ul class=\"wp-block-list wp-block-list wp-block-list-circle\">\n<li>Veillez \u00e0 ce que toutes les informations soient <a href=\"https:\/\/etoropartners.com\/fr\/be-accurate\/\">exactes, \u00e9quilibr\u00e9es et \u00e0 jour<\/a>. Mentionnez les risques associ\u00e9s \u00e0 l\u2019investissement. \u00c9vitez de faire croire que l\u2019investissement est facile, de faire de fausses promesses ou de faire des d\u00e9clarations trompeuses. N\u2019utilisez pas d\u2019images ou d\u2019emojis sugg\u00e9rant la richesse ou des tendances \u00e0 la hausse (par exemple, des piles d\u2019argent, des voitures ch\u00e8res, des fus\u00e9es). N\u2019utilisez pas eToro dans votre nom de domaine ou d\u00e9clarez que vous repr\u00e9sentez ou travaillez pour eToro.<\/li>\n<\/ul>\n<\/li>\n\n\n\n<li><strong>Aucun conseil d\u2019investissement\u00a0:\u00a0<\/strong>\n<ul class=\"wp-block-list wp-block-list wp-block-list-circle\">\n<li>N\u2019incluez pas eToro dans tout contenu proposant des conseils d\u2019investissement.<\/li>\n<\/ul>\n<\/li>\n\n\n\n<li><strong>\u00c9vitez de cr\u00e9er un sentiment d\u2019urgence\u00a0:\u00a0<\/strong>\n<ul class=\"wp-block-list wp-block-list wp-block-list-circle\">\n<li>Ne cr\u00e9ez pas de sentiment d\u2019urgence incitant \u00e0 acheter certains instruments financiers.<\/li>\n<\/ul>\n<\/li>\n\n\n\n<li><strong>Confidentialit\u00e9 et lutte contre la fraude\u00a0:\u00a0<\/strong>\n<ul class=\"wp-block-list wp-block-list wp-block-list-circle\">\n<li>Ne divulguez pas d\u2019informations confidentielles et n\u2019aidez pas les traders \u00e0 escroquer eToro. Ne guidez pas les utilisateurs sur la mani\u00e8re de r\u00e9pondre aux questions de v\u00e9rification d\u2019identit\u00e9 (KYC) et ne les incitez pas \u00e0 effectuer des transactions sur la plateforme.<\/li>\n<\/ul>\n<\/li>\n<\/ol>\n\n\n\n<p><strong>Avertissements sur les risques\u00a0:<\/strong> veillez toujours \u00e0 inclure <a href=\"https:\/\/etoropartners.com\/fr\/risk-warnings\/\">l\u2019avertissement sur les risques<\/a> appropri\u00e9, en fonction des actifs promus et du pays cibl\u00e9, dans une taille de police lisible. Sur les r\u00e9seaux sociaux, utilisez l\u2019avertissement \u00ab\u00a0g\u00e9n\u00e9rique\u00a0\u00bb. Si votre contenu porte uniquement sur les cryptos, utilisez \u00e0 la place l\u2019avertissement d\u00e9di\u00e9 aux cryptos. L\u2019avertissement doit \u00eatre plac\u00e9 \u00e0 proximit\u00e9 imm\u00e9diate de chaque lien redirigeant vers eToro, ainsi que dans chaque publication mentionnant eToro. Pour les contenus vid\u00e9o, l\u2019avertissement doit appara\u00eetre \u00e0 l\u2019\u00e9cran pendant 10 secondes \u00e0 la fin de la vid\u00e9o, et figurer \u00e9galement dans la description \u00e0 c\u00f4t\u00e9 du lien vers eToro. Sur des plateformes comme TikTok ou Instagram, vous pouvez utiliser la version abr\u00e9g\u00e9e de l\u2019avertissement pour les actions et ETF, en raison des limitations de caract\u00e8res.<\/p>\n\n\n\n<p><br><strong>Mention obligatoire&nbsp;:<\/strong> sur les r\u00e9seaux sociaux, veillez \u00e0 ce que vos contenus soient clairement identifiables comme des publicit\u00e9s. Il suffit, par exemple, d\u2019ajouter une mention telle que \u00ab&nbsp;#publicit\u00e9&nbsp;\u00bb.<\/p>\n\n\n\n<p><br><strong>Examen p\u00e9riodique du contenu et conformit\u00e9&nbsp;:<\/strong> eToro examinera r\u00e9guli\u00e8rement votre contenu promotionnel pour s&rsquo;assurer de sa conformit\u00e9 avec ses politiques internes et le cadre r\u00e9glementaire applicable. Vous \u00eates tenu de coop\u00e9rer pleinement \u00e0 tout examen de conformit\u00e9 et de mettre en \u0153uvre les modifications demand\u00e9es dans les plus brefs d\u00e9lais. Le non-respect des directives d&rsquo;eToro peut entra\u00eener la cl\u00f4ture de votre compte ou de votre relation avec nous.<\/p>\n\n\n\n<p><\/p>\n\n\n\n<p><strong>Merci de respecter les standards d\u2019excellence d\u2019eToro. Nous avons h\u00e2te de voir votre contenu fantastique&nbsp;!<\/strong><\/p>\n\n\n\n<p>eToro est une plateforme d\u2019investissement multi-actifs. La valeur de vos investissements peut augmenter ou diminuer.&nbsp; Votre capital est expos\u00e9 \u00e0 un risque.<\/p>\n\n\n\n<p><\/p>\n\n\n\n<p>eToro AUS Capital Limited AFSL 491139. eToro est une plateforme d\u2019investissement multi-actifs. La valeur de vos investissements peut augmenter ou diminuer. Votre capital est expos\u00e9 \u00e0 un risque. Consultez le PDS et le TMD<\/p>\n<\/div>\n<\/div>\n<\/div><\/section>\n","protected":false},"excerpt":{"rendered":"<p>Guide de conformit\u00e9 des influenceurs eToro est une marque r\u00e9put\u00e9e qui offre aux traders et aux investisseurs du monde entier une exp\u00e9rience de trading s\u00e9curis\u00e9e et r\u00e9glement\u00e9e. Nous nous engageons \u00e0 appliquer des pratiques de marketing transparentes, justes et responsables, ainsi qu&rsquo;\u00e0 d\u00e9fendre l\u2019int\u00e9grit\u00e9 du syst\u00e8me financier. En tant qu\u2019influenceur, vous jouez un r\u00f4le crucial [&hellip;]<\/p>\n","protected":false},"author":11,"featured_media":0,"parent":0,"menu_order":0,"comment_status":"closed","ping_status":"closed","template":"","meta":{"_acf_changed":false,"sticky_cta_settings":"","footnotes":""},"class_list":["post-8622","page","type-page","status-publish","hentry"],"acf":[],"yoast_head":"<!-- This site is optimized with the Yoast SEO plugin v27.3 - https:\/\/yoast.com\/product\/yoast-seo-wordpress\/ -->\n<title>Directives YouTube<\/title>\n<meta name=\"description\" content=\"D\u00e9couvrez ici les directives pour vos campagnes YouTube\" \/>\n<meta name=\"robots\" content=\"index, follow, max-snippet:-1, max-image-preview:large, max-video-preview:-1\" \/>\n<link rel=\"canonical\" href=\"https:\/\/etoropartners.com\/fr\/youtube-guidelines\/\" \/>\n<meta property=\"og:locale\" content=\"fr_FR\" \/>\n<meta property=\"og:type\" content=\"article\" \/>\n<meta property=\"og:title\" content=\"Directives YouTube\" \/>\n<meta property=\"og:description\" content=\"D\u00e9couvrez ici les directives pour vos campagnes YouTube\" \/>\n<meta property=\"og:url\" content=\"https:\/\/etoropartners.com\/fr\/youtube-guidelines\/\" \/>\n<meta property=\"og:site_name\" content=\"eToro Partners\" \/>\n<meta property=\"article:modified_time\" content=\"2026-02-02T11:31:03+00:00\" \/>\n<meta property=\"og:image\" content=\"https:\/\/etoropartners.com\/wp-content\/uploads\/2026\/01\/4301-12.10.25-eToro-Affiliate-Program-Influencer-compliance-guide-Header-1600x400px-V2.jpg\" \/>\n\t<meta property=\"og:image:width\" content=\"1600\" \/>\n\t<meta property=\"og:image:height\" content=\"400\" \/>\n\t<meta property=\"og:image:type\" content=\"image\/jpeg\" \/>\n<meta name=\"twitter:card\" content=\"summary_large_image\" \/>\n<meta name=\"twitter:label1\" content=\"Dur\u00e9e de lecture estim\u00e9e\" \/>\n\t<meta name=\"twitter:data1\" content=\"4 minutes\" \/>\n<script type=\"application\/ld+json\" class=\"yoast-schema-graph\">{\"@context\":\"https:\\\/\\\/schema.org\",\"@graph\":[{\"@type\":\"WebPage\",\"@id\":\"https:\\\/\\\/etoropartners.com\\\/fr\\\/youtube-guidelines\\\/\",\"url\":\"https:\\\/\\\/etoropartners.com\\\/fr\\\/youtube-guidelines\\\/\",\"name\":\"Directives YouTube\",\"isPartOf\":{\"@id\":\"https:\\\/\\\/etoropartners.com\\\/fr\\\/#website\"},\"primaryImageOfPage\":{\"@id\":\"https:\\\/\\\/etoropartners.com\\\/fr\\\/youtube-guidelines\\\/#primaryimage\"},\"image\":{\"@id\":\"https:\\\/\\\/etoropartners.com\\\/fr\\\/youtube-guidelines\\\/#primaryimage\"},\"thumbnailUrl\":\"https:\\\/\\\/etoropartners.com\\\/wp-content\\\/uploads\\\/2026\\\/01\\\/4301-12.10.25-eToro-Affiliate-Program-Influencer-compliance-guide-Header-1600x400px-V2-1024x256.jpg\",\"datePublished\":\"2024-05-22T11:20:48+00:00\",\"dateModified\":\"2026-02-02T11:31:03+00:00\",\"description\":\"D\u00e9couvrez ici les directives pour vos campagnes YouTube\",\"breadcrumb\":{\"@id\":\"https:\\\/\\\/etoropartners.com\\\/fr\\\/youtube-guidelines\\\/#breadcrumb\"},\"inLanguage\":\"fr-FR\",\"potentialAction\":[{\"@type\":\"ReadAction\",\"target\":[\"https:\\\/\\\/etoropartners.com\\\/fr\\\/youtube-guidelines\\\/\"]}]},{\"@type\":\"ImageObject\",\"inLanguage\":\"fr-FR\",\"@id\":\"https:\\\/\\\/etoropartners.com\\\/fr\\\/youtube-guidelines\\\/#primaryimage\",\"url\":\"https:\\\/\\\/etoropartners.com\\\/wp-content\\\/uploads\\\/2026\\\/01\\\/4301-12.10.25-eToro-Affiliate-Program-Influencer-compliance-guide-Header-1600x400px-V2-1024x256.jpg\",\"contentUrl\":\"https:\\\/\\\/etoropartners.com\\\/wp-content\\\/uploads\\\/2026\\\/01\\\/4301-12.10.25-eToro-Affiliate-Program-Influencer-compliance-guide-Header-1600x400px-V2-1024x256.jpg\"},{\"@type\":\"BreadcrumbList\",\"@id\":\"https:\\\/\\\/etoropartners.com\\\/fr\\\/youtube-guidelines\\\/#breadcrumb\",\"itemListElement\":[{\"@type\":\"ListItem\",\"position\":1,\"name\":\"Home\",\"item\":\"https:\\\/\\\/etoropartners.com\\\/fr\\\/\"},{\"@type\":\"ListItem\",\"position\":2,\"name\":\"Guide de conformit\u00e9 des influenceurs\"}]},{\"@type\":\"WebSite\",\"@id\":\"https:\\\/\\\/etoropartners.com\\\/fr\\\/#website\",\"url\":\"https:\\\/\\\/etoropartners.com\\\/fr\\\/\",\"name\":\"eToro Partners\",\"description\":\"\",\"potentialAction\":[{\"@type\":\"SearchAction\",\"target\":{\"@type\":\"EntryPoint\",\"urlTemplate\":\"https:\\\/\\\/etoropartners.com\\\/fr\\\/?s={search_term_string}\"},\"query-input\":{\"@type\":\"PropertyValueSpecification\",\"valueRequired\":true,\"valueName\":\"search_term_string\"}}],\"inLanguage\":\"fr-FR\"}]}<\/script>\n<!-- \/ Yoast SEO plugin. -->","yoast_head_json":{"title":"Directives YouTube","description":"D\u00e9couvrez ici les directives pour vos campagnes YouTube","robots":{"index":"index","follow":"follow","max-snippet":"max-snippet:-1","max-image-preview":"max-image-preview:large","max-video-preview":"max-video-preview:-1"},"canonical":"https:\/\/etoropartners.com\/fr\/youtube-guidelines\/","og_locale":"fr_FR","og_type":"article","og_title":"Directives YouTube","og_description":"D\u00e9couvrez ici les directives pour vos campagnes YouTube","og_url":"https:\/\/etoropartners.com\/fr\/youtube-guidelines\/","og_site_name":"eToro Partners","article_modified_time":"2026-02-02T11:31:03+00:00","og_image":[{"width":1600,"height":400,"url":"https:\/\/etoropartners.com\/wp-content\/uploads\/2026\/01\/4301-12.10.25-eToro-Affiliate-Program-Influencer-compliance-guide-Header-1600x400px-V2.jpg","type":"image\/jpeg"}],"twitter_card":"summary_large_image","twitter_misc":{"Dur\u00e9e de lecture estim\u00e9e":"4 minutes"},"schema":{"@context":"https:\/\/schema.org","@graph":[{"@type":"WebPage","@id":"https:\/\/etoropartners.com\/fr\/youtube-guidelines\/","url":"https:\/\/etoropartners.com\/fr\/youtube-guidelines\/","name":"Directives YouTube","isPartOf":{"@id":"https:\/\/etoropartners.com\/fr\/#website"},"primaryImageOfPage":{"@id":"https:\/\/etoropartners.com\/fr\/youtube-guidelines\/#primaryimage"},"image":{"@id":"https:\/\/etoropartners.com\/fr\/youtube-guidelines\/#primaryimage"},"thumbnailUrl":"https:\/\/etoropartners.com\/wp-content\/uploads\/2026\/01\/4301-12.10.25-eToro-Affiliate-Program-Influencer-compliance-guide-Header-1600x400px-V2-1024x256.jpg","datePublished":"2024-05-22T11:20:48+00:00","dateModified":"2026-02-02T11:31:03+00:00","description":"D\u00e9couvrez ici les directives pour vos campagnes YouTube","breadcrumb":{"@id":"https:\/\/etoropartners.com\/fr\/youtube-guidelines\/#breadcrumb"},"inLanguage":"fr-FR","potentialAction":[{"@type":"ReadAction","target":["https:\/\/etoropartners.com\/fr\/youtube-guidelines\/"]}]},{"@type":"ImageObject","inLanguage":"fr-FR","@id":"https:\/\/etoropartners.com\/fr\/youtube-guidelines\/#primaryimage","url":"https:\/\/etoropartners.com\/wp-content\/uploads\/2026\/01\/4301-12.10.25-eToro-Affiliate-Program-Influencer-compliance-guide-Header-1600x400px-V2-1024x256.jpg","contentUrl":"https:\/\/etoropartners.com\/wp-content\/uploads\/2026\/01\/4301-12.10.25-eToro-Affiliate-Program-Influencer-compliance-guide-Header-1600x400px-V2-1024x256.jpg"},{"@type":"BreadcrumbList","@id":"https:\/\/etoropartners.com\/fr\/youtube-guidelines\/#breadcrumb","itemListElement":[{"@type":"ListItem","position":1,"name":"Home","item":"https:\/\/etoropartners.com\/fr\/"},{"@type":"ListItem","position":2,"name":"Guide de conformit\u00e9 des influenceurs"}]},{"@type":"WebSite","@id":"https:\/\/etoropartners.com\/fr\/#website","url":"https:\/\/etoropartners.com\/fr\/","name":"eToro Partners","description":"","potentialAction":[{"@type":"SearchAction","target":{"@type":"EntryPoint","urlTemplate":"https:\/\/etoropartners.com\/fr\/?s={search_term_string}"},"query-input":{"@type":"PropertyValueSpecification","valueRequired":true,"valueName":"search_term_string"}}],"inLanguage":"fr-FR"}]}},"_links":{"self":[{"href":"https:\/\/etoropartners.com\/fr\/wp-json\/wp\/v2\/pages\/8622","targetHints":{"allow":["GET"]}}],"collection":[{"href":"https:\/\/etoropartners.com\/fr\/wp-json\/wp\/v2\/pages"}],"about":[{"href":"https:\/\/etoropartners.com\/fr\/wp-json\/wp\/v2\/types\/page"}],"author":[{"embeddable":true,"href":"https:\/\/etoropartners.com\/fr\/wp-json\/wp\/v2\/users\/11"}],"replies":[{"embeddable":true,"href":"https:\/\/etoropartners.com\/fr\/wp-json\/wp\/v2\/comments?post=8622"}],"version-history":[{"count":0,"href":"https:\/\/etoropartners.com\/fr\/wp-json\/wp\/v2\/pages\/8622\/revisions"}],"wp:attachment":[{"href":"https:\/\/etoropartners.com\/fr\/wp-json\/wp\/v2\/media?parent=8622"}],"curies":[{"name":"wp","href":"https:\/\/api.w.org\/{rel}","templated":true}]}}