{"id":2867,"date":"2021-10-19T08:25:25","date_gmt":"2021-10-19T08:25:25","guid":{"rendered":"https:\/\/etoropartners.wpengine.com\/example-review\/"},"modified":"2026-01-13T11:10:01","modified_gmt":"2026-01-13T09:10:01","slug":"example-review","status":"publish","type":"page","link":"https:\/\/etoropartners.com\/fr\/example-review\/","title":{"rendered":"Example Review"},"content":{"rendered":"","protected":false},"excerpt":{"rendered":"","protected":false},"author":5,"featured_media":3921,"parent":0,"menu_order":0,"comment_status":"closed","ping_status":"closed","template":"","meta":{"_acf_changed":false,"sticky_cta_settings":"","footnotes":""},"class_list":["post-2867","page","type-page","status-publish","has-post-thumbnail","hentry"],"acf":[],"yoast_head":"<!-- This site is optimized with the Yoast SEO plugin v27.3 - https:\/\/yoast.com\/product\/yoast-seo-wordpress\/ -->\n<title>Exemple de revue et d&#039;\u00e9valuation d&#039;eToro pour les affili\u00e9s eToro<\/title>\n<meta name=\"description\" content=\"L&#039;une des m\u00e9thodes les plus populaires pour promouvoir eToro est d&#039;\u00e9crire un avis d&#039;eToro sur votre site internet. \u00c0 l&#039;int\u00e9rieur, vous trouverez un exemple d&#039;un tel avis.\" \/>\n<meta name=\"robots\" content=\"index, follow, max-snippet:-1, max-image-preview:large, max-video-preview:-1\" \/>\n<link rel=\"canonical\" href=\"https:\/\/etoropartners.com\/fr\/example-review\/\" \/>\n<meta property=\"og:locale\" content=\"fr_FR\" \/>\n<meta property=\"og:type\" content=\"article\" \/>\n<meta property=\"og:title\" content=\"Exemple de revue et d&#039;\u00e9valuation d&#039;eToro pour les affili\u00e9s eToro\" \/>\n<meta property=\"og:description\" content=\"L&#039;une des m\u00e9thodes les plus populaires pour promouvoir eToro est d&#039;\u00e9crire un avis d&#039;eToro sur votre site internet. \u00c0 l&#039;int\u00e9rieur, vous trouverez un exemple d&#039;un tel avis.\" \/>\n<meta property=\"og:url\" content=\"https:\/\/etoropartners.com\/fr\/example-review\/\" \/>\n<meta property=\"og:site_name\" content=\"eToro Partners\" \/>\n<meta property=\"article:modified_time\" content=\"2026-01-13T09:10:01+00:00\" \/>\n<meta property=\"og:image\" content=\"https:\/\/etoropartners.com\/wp-content\/uploads\/2023\/02\/Example-review.png\" \/>\n\t<meta property=\"og:image:width\" content=\"1600\" \/>\n\t<meta property=\"og:image:height\" content=\"400\" \/>\n\t<meta property=\"og:image:type\" content=\"image\/png\" \/>\n<meta name=\"twitter:card\" content=\"summary_large_image\" \/>\n<meta name=\"twitter:label1\" content=\"Dur\u00e9e de lecture estim\u00e9e\" \/>\n\t<meta name=\"twitter:data1\" content=\"1 minute\" \/>\n<script type=\"application\/ld+json\" class=\"yoast-schema-graph\">{\"@context\":\"https:\\\/\\\/schema.org\",\"@graph\":[{\"@type\":\"WebPage\",\"@id\":\"https:\\\/\\\/etoropartners.com\\\/fr\\\/example-review\\\/\",\"url\":\"https:\\\/\\\/etoropartners.com\\\/fr\\\/example-review\\\/\",\"name\":\"Exemple de revue et d'\u00e9valuation d'eToro pour les affili\u00e9s eToro\",\"isPartOf\":{\"@id\":\"https:\\\/\\\/etoropartners.com\\\/fr\\\/#website\"},\"primaryImageOfPage\":{\"@id\":\"https:\\\/\\\/etoropartners.com\\\/fr\\\/example-review\\\/#primaryimage\"},\"image\":{\"@id\":\"https:\\\/\\\/etoropartners.com\\\/fr\\\/example-review\\\/#primaryimage\"},\"thumbnailUrl\":\"https:\\\/\\\/etoropartners.com\\\/wp-content\\\/uploads\\\/2023\\\/02\\\/Example-review.png\",\"datePublished\":\"2021-10-19T08:25:25+00:00\",\"dateModified\":\"2026-01-13T09:10:01+00:00\",\"description\":\"L'une des m\u00e9thodes les plus populaires pour promouvoir eToro est d'\u00e9crire un avis d'eToro sur votre site internet. \u00c0 l'int\u00e9rieur, vous trouverez un exemple d'un tel avis.\",\"breadcrumb\":{\"@id\":\"https:\\\/\\\/etoropartners.com\\\/fr\\\/example-review\\\/#breadcrumb\"},\"inLanguage\":\"fr-FR\",\"potentialAction\":[{\"@type\":\"ReadAction\",\"target\":[\"https:\\\/\\\/etoropartners.com\\\/fr\\\/example-review\\\/\"]}]},{\"@type\":\"ImageObject\",\"inLanguage\":\"fr-FR\",\"@id\":\"https:\\\/\\\/etoropartners.com\\\/fr\\\/example-review\\\/#primaryimage\",\"url\":\"https:\\\/\\\/etoropartners.com\\\/wp-content\\\/uploads\\\/2023\\\/02\\\/Example-review.png\",\"contentUrl\":\"https:\\\/\\\/etoropartners.com\\\/wp-content\\\/uploads\\\/2023\\\/02\\\/Example-review.png\",\"width\":1600,\"height\":400},{\"@type\":\"BreadcrumbList\",\"@id\":\"https:\\\/\\\/etoropartners.com\\\/fr\\\/example-review\\\/#breadcrumb\",\"itemListElement\":[{\"@type\":\"ListItem\",\"position\":1,\"name\":\"Home\",\"item\":\"https:\\\/\\\/etoropartners.com\\\/fr\\\/\"},{\"@type\":\"ListItem\",\"position\":2,\"name\":\"Example Review\"}]},{\"@type\":\"WebSite\",\"@id\":\"https:\\\/\\\/etoropartners.com\\\/fr\\\/#website\",\"url\":\"https:\\\/\\\/etoropartners.com\\\/fr\\\/\",\"name\":\"eToro Partners\",\"description\":\"\",\"potentialAction\":[{\"@type\":\"SearchAction\",\"target\":{\"@type\":\"EntryPoint\",\"urlTemplate\":\"https:\\\/\\\/etoropartners.com\\\/fr\\\/?s={search_term_string}\"},\"query-input\":{\"@type\":\"PropertyValueSpecification\",\"valueRequired\":true,\"valueName\":\"search_term_string\"}}],\"inLanguage\":\"fr-FR\"}]}<\/script>\n<!-- \/ Yoast SEO plugin. -->","yoast_head_json":{"title":"Exemple de revue et d'\u00e9valuation d'eToro pour les affili\u00e9s eToro","description":"L'une des m\u00e9thodes les plus populaires pour promouvoir eToro est d'\u00e9crire un avis d'eToro sur votre site internet. \u00c0 l'int\u00e9rieur, vous trouverez un exemple d'un tel avis.","robots":{"index":"index","follow":"follow","max-snippet":"max-snippet:-1","max-image-preview":"max-image-preview:large","max-video-preview":"max-video-preview:-1"},"canonical":"https:\/\/etoropartners.com\/fr\/example-review\/","og_locale":"fr_FR","og_type":"article","og_title":"Exemple de revue et d'\u00e9valuation d'eToro pour les affili\u00e9s eToro","og_description":"L'une des m\u00e9thodes les plus populaires pour promouvoir eToro est d'\u00e9crire un avis d'eToro sur votre site internet. \u00c0 l'int\u00e9rieur, vous trouverez un exemple d'un tel avis.","og_url":"https:\/\/etoropartners.com\/fr\/example-review\/","og_site_name":"eToro Partners","article_modified_time":"2026-01-13T09:10:01+00:00","og_image":[{"width":1600,"height":400,"url":"https:\/\/etoropartners.com\/wp-content\/uploads\/2023\/02\/Example-review.png","type":"image\/png"}],"twitter_card":"summary_large_image","twitter_misc":{"Dur\u00e9e de lecture estim\u00e9e":"1 minute"},"schema":{"@context":"https:\/\/schema.org","@graph":[{"@type":"WebPage","@id":"https:\/\/etoropartners.com\/fr\/example-review\/","url":"https:\/\/etoropartners.com\/fr\/example-review\/","name":"Exemple de revue et d'\u00e9valuation d'eToro pour les affili\u00e9s eToro","isPartOf":{"@id":"https:\/\/etoropartners.com\/fr\/#website"},"primaryImageOfPage":{"@id":"https:\/\/etoropartners.com\/fr\/example-review\/#primaryimage"},"image":{"@id":"https:\/\/etoropartners.com\/fr\/example-review\/#primaryimage"},"thumbnailUrl":"https:\/\/etoropartners.com\/wp-content\/uploads\/2023\/02\/Example-review.png","datePublished":"2021-10-19T08:25:25+00:00","dateModified":"2026-01-13T09:10:01+00:00","description":"L'une des m\u00e9thodes les plus populaires pour promouvoir eToro est d'\u00e9crire un avis d'eToro sur votre site internet. \u00c0 l'int\u00e9rieur, vous trouverez un exemple d'un tel avis.","breadcrumb":{"@id":"https:\/\/etoropartners.com\/fr\/example-review\/#breadcrumb"},"inLanguage":"fr-FR","potentialAction":[{"@type":"ReadAction","target":["https:\/\/etoropartners.com\/fr\/example-review\/"]}]},{"@type":"ImageObject","inLanguage":"fr-FR","@id":"https:\/\/etoropartners.com\/fr\/example-review\/#primaryimage","url":"https:\/\/etoropartners.com\/wp-content\/uploads\/2023\/02\/Example-review.png","contentUrl":"https:\/\/etoropartners.com\/wp-content\/uploads\/2023\/02\/Example-review.png","width":1600,"height":400},{"@type":"BreadcrumbList","@id":"https:\/\/etoropartners.com\/fr\/example-review\/#breadcrumb","itemListElement":[{"@type":"ListItem","position":1,"name":"Home","item":"https:\/\/etoropartners.com\/fr\/"},{"@type":"ListItem","position":2,"name":"Example Review"}]},{"@type":"WebSite","@id":"https:\/\/etoropartners.com\/fr\/#website","url":"https:\/\/etoropartners.com\/fr\/","name":"eToro Partners","description":"","potentialAction":[{"@type":"SearchAction","target":{"@type":"EntryPoint","urlTemplate":"https:\/\/etoropartners.com\/fr\/?s={search_term_string}"},"query-input":{"@type":"PropertyValueSpecification","valueRequired":true,"valueName":"search_term_string"}}],"inLanguage":"fr-FR"}]}},"_links":{"self":[{"href":"https:\/\/etoropartners.com\/fr\/wp-json\/wp\/v2\/pages\/2867","targetHints":{"allow":["GET"]}}],"collection":[{"href":"https:\/\/etoropartners.com\/fr\/wp-json\/wp\/v2\/pages"}],"about":[{"href":"https:\/\/etoropartners.com\/fr\/wp-json\/wp\/v2\/types\/page"}],"author":[{"embeddable":true,"href":"https:\/\/etoropartners.com\/fr\/wp-json\/wp\/v2\/users\/5"}],"replies":[{"embeddable":true,"href":"https:\/\/etoropartners.com\/fr\/wp-json\/wp\/v2\/comments?post=2867"}],"version-history":[{"count":0,"href":"https:\/\/etoropartners.com\/fr\/wp-json\/wp\/v2\/pages\/2867\/revisions"}],"wp:featuredmedia":[{"embeddable":true,"href":"https:\/\/etoropartners.com\/fr\/wp-json\/wp\/v2\/media\/3921"}],"wp:attachment":[{"href":"https:\/\/etoropartners.com\/fr\/wp-json\/wp\/v2\/media?parent=2867"}],"curies":[{"name":"wp","href":"https:\/\/api.w.org\/{rel}","templated":true}]}}