{"id":2851,"date":"2021-11-23T13:01:44","date_gmt":"2021-11-23T13:01:44","guid":{"rendered":"https:\/\/etoropartners.wpengine.com\/lets-get-techy\/"},"modified":"2023-07-26T15:49:55","modified_gmt":"2023-07-26T13:49:55","slug":"lets-get-techy","status":"publish","type":"page","link":"https:\/\/etoropartners.com\/fr\/lets-get-techy\/","title":{"rendered":"Let\u2019s get techy"},"content":{"rendered":"","protected":false},"excerpt":{"rendered":"","protected":false},"author":5,"featured_media":0,"parent":0,"menu_order":0,"comment_status":"closed","ping_status":"closed","template":"","meta":{"_acf_changed":false,"sticky_cta_settings":"","footnotes":""},"class_list":["post-2851","page","type-page","status-publish","hentry"],"acf":[],"yoast_head":"<!-- This site is optimized with the Yoast SEO plugin v27.3 - https:\/\/yoast.com\/product\/yoast-seo-wordpress\/ -->\n<title>eToro Partners, parlons technologie<\/title>\n<meta name=\"description\" content=\"Le programme eToro Partners propose plusieurs outils de suivi. \u00c0 l&#039;int\u00e9rieur, vous trouverez un aper\u00e7u de ce qu&#039;ils sont et comment les utiliser.\" \/>\n<meta name=\"robots\" content=\"index, follow, max-snippet:-1, max-image-preview:large, max-video-preview:-1\" \/>\n<link rel=\"canonical\" href=\"https:\/\/etoropartners.com\/fr\/lets-get-techy\/\" \/>\n<meta property=\"og:locale\" content=\"fr_FR\" \/>\n<meta property=\"og:type\" content=\"article\" \/>\n<meta property=\"og:title\" content=\"eToro Partners, parlons technologie\" \/>\n<meta property=\"og:description\" content=\"Le programme eToro Partners propose plusieurs outils de suivi. \u00c0 l&#039;int\u00e9rieur, vous trouverez un aper\u00e7u de ce qu&#039;ils sont et comment les utiliser.\" \/>\n<meta property=\"og:url\" content=\"https:\/\/etoropartners.com\/fr\/lets-get-techy\/\" \/>\n<meta property=\"og:site_name\" content=\"eToro Partners\" \/>\n<meta property=\"article:modified_time\" content=\"2023-07-26T13:49:55+00:00\" \/>\n<meta name=\"twitter:card\" content=\"summary_large_image\" \/>\n<script type=\"application\/ld+json\" class=\"yoast-schema-graph\">{\"@context\":\"https:\\\/\\\/schema.org\",\"@graph\":[{\"@type\":\"WebPage\",\"@id\":\"https:\\\/\\\/etoropartners.com\\\/fr\\\/lets-get-techy\\\/\",\"url\":\"https:\\\/\\\/etoropartners.com\\\/fr\\\/lets-get-techy\\\/\",\"name\":\"eToro Partners, parlons technologie\",\"isPartOf\":{\"@id\":\"https:\\\/\\\/etoropartners.com\\\/fr\\\/#website\"},\"datePublished\":\"2021-11-23T13:01:44+00:00\",\"dateModified\":\"2023-07-26T13:49:55+00:00\",\"description\":\"Le programme eToro Partners propose plusieurs outils de suivi. \u00c0 l'int\u00e9rieur, vous trouverez un aper\u00e7u de ce qu'ils sont et comment les utiliser.\",\"breadcrumb\":{\"@id\":\"https:\\\/\\\/etoropartners.com\\\/fr\\\/lets-get-techy\\\/#breadcrumb\"},\"inLanguage\":\"fr-FR\",\"potentialAction\":[{\"@type\":\"ReadAction\",\"target\":[\"https:\\\/\\\/etoropartners.com\\\/fr\\\/lets-get-techy\\\/\"]}]},{\"@type\":\"BreadcrumbList\",\"@id\":\"https:\\\/\\\/etoropartners.com\\\/fr\\\/lets-get-techy\\\/#breadcrumb\",\"itemListElement\":[{\"@type\":\"ListItem\",\"position\":1,\"name\":\"Home\",\"item\":\"https:\\\/\\\/etoropartners.com\\\/fr\\\/\"},{\"@type\":\"ListItem\",\"position\":2,\"name\":\"Let\u2019s get techy\"}]},{\"@type\":\"WebSite\",\"@id\":\"https:\\\/\\\/etoropartners.com\\\/fr\\\/#website\",\"url\":\"https:\\\/\\\/etoropartners.com\\\/fr\\\/\",\"name\":\"eToro Partners\",\"description\":\"\",\"potentialAction\":[{\"@type\":\"SearchAction\",\"target\":{\"@type\":\"EntryPoint\",\"urlTemplate\":\"https:\\\/\\\/etoropartners.com\\\/fr\\\/?s={search_term_string}\"},\"query-input\":{\"@type\":\"PropertyValueSpecification\",\"valueRequired\":true,\"valueName\":\"search_term_string\"}}],\"inLanguage\":\"fr-FR\"}]}<\/script>\n<!-- \/ Yoast SEO plugin. -->","yoast_head_json":{"title":"eToro Partners, parlons technologie","description":"Le programme eToro Partners propose plusieurs outils de suivi. \u00c0 l'int\u00e9rieur, vous trouverez un aper\u00e7u de ce qu'ils sont et comment les utiliser.","robots":{"index":"index","follow":"follow","max-snippet":"max-snippet:-1","max-image-preview":"max-image-preview:large","max-video-preview":"max-video-preview:-1"},"canonical":"https:\/\/etoropartners.com\/fr\/lets-get-techy\/","og_locale":"fr_FR","og_type":"article","og_title":"eToro Partners, parlons technologie","og_description":"Le programme eToro Partners propose plusieurs outils de suivi. \u00c0 l'int\u00e9rieur, vous trouverez un aper\u00e7u de ce qu'ils sont et comment les utiliser.","og_url":"https:\/\/etoropartners.com\/fr\/lets-get-techy\/","og_site_name":"eToro Partners","article_modified_time":"2023-07-26T13:49:55+00:00","twitter_card":"summary_large_image","schema":{"@context":"https:\/\/schema.org","@graph":[{"@type":"WebPage","@id":"https:\/\/etoropartners.com\/fr\/lets-get-techy\/","url":"https:\/\/etoropartners.com\/fr\/lets-get-techy\/","name":"eToro Partners, parlons technologie","isPartOf":{"@id":"https:\/\/etoropartners.com\/fr\/#website"},"datePublished":"2021-11-23T13:01:44+00:00","dateModified":"2023-07-26T13:49:55+00:00","description":"Le programme eToro Partners propose plusieurs outils de suivi. \u00c0 l'int\u00e9rieur, vous trouverez un aper\u00e7u de ce qu'ils sont et comment les utiliser.","breadcrumb":{"@id":"https:\/\/etoropartners.com\/fr\/lets-get-techy\/#breadcrumb"},"inLanguage":"fr-FR","potentialAction":[{"@type":"ReadAction","target":["https:\/\/etoropartners.com\/fr\/lets-get-techy\/"]}]},{"@type":"BreadcrumbList","@id":"https:\/\/etoropartners.com\/fr\/lets-get-techy\/#breadcrumb","itemListElement":[{"@type":"ListItem","position":1,"name":"Home","item":"https:\/\/etoropartners.com\/fr\/"},{"@type":"ListItem","position":2,"name":"Let\u2019s get techy"}]},{"@type":"WebSite","@id":"https:\/\/etoropartners.com\/fr\/#website","url":"https:\/\/etoropartners.com\/fr\/","name":"eToro Partners","description":"","potentialAction":[{"@type":"SearchAction","target":{"@type":"EntryPoint","urlTemplate":"https:\/\/etoropartners.com\/fr\/?s={search_term_string}"},"query-input":{"@type":"PropertyValueSpecification","valueRequired":true,"valueName":"search_term_string"}}],"inLanguage":"fr-FR"}]}},"_links":{"self":[{"href":"https:\/\/etoropartners.com\/fr\/wp-json\/wp\/v2\/pages\/2851","targetHints":{"allow":["GET"]}}],"collection":[{"href":"https:\/\/etoropartners.com\/fr\/wp-json\/wp\/v2\/pages"}],"about":[{"href":"https:\/\/etoropartners.com\/fr\/wp-json\/wp\/v2\/types\/page"}],"author":[{"embeddable":true,"href":"https:\/\/etoropartners.com\/fr\/wp-json\/wp\/v2\/users\/5"}],"replies":[{"embeddable":true,"href":"https:\/\/etoropartners.com\/fr\/wp-json\/wp\/v2\/comments?post=2851"}],"version-history":[{"count":0,"href":"https:\/\/etoropartners.com\/fr\/wp-json\/wp\/v2\/pages\/2851\/revisions"}],"wp:attachment":[{"href":"https:\/\/etoropartners.com\/fr\/wp-json\/wp\/v2\/media?parent=2851"}],"curies":[{"name":"wp","href":"https:\/\/api.w.org\/{rel}","templated":true}]}}