{"id":2828,"date":"2021-10-19T07:28:36","date_gmt":"2021-10-19T07:28:36","guid":{"rendered":"https:\/\/etoropartners.wpengine.com\/key-features-for-etoro-partners\/"},"modified":"2026-01-13T10:41:39","modified_gmt":"2026-01-13T08:41:39","slug":"key-features-for-etoro-partners","status":"publish","type":"page","link":"https:\/\/etoropartners.com\/fr\/key-features-for-etoro-partners\/","title":{"rendered":"Key Features"},"content":{"rendered":"","protected":false},"excerpt":{"rendered":"","protected":false},"author":5,"featured_media":3977,"parent":0,"menu_order":0,"comment_status":"closed","ping_status":"closed","template":"","meta":{"_acf_changed":false,"sticky_cta_settings":"","footnotes":""},"class_list":["post-2828","page","type-page","status-publish","has-post-thumbnail","hentry"],"acf":[],"yoast_head":"<!-- This site is optimized with the Yoast SEO plugin v27.3 - https:\/\/yoast.com\/product\/yoast-seo-wordpress\/ -->\n<title>Principales fonctionnalit\u00e9s d&#039;eToro Partners<\/title>\n<meta name=\"description\" content=\"eToro est disponible dans de nombreux pays. \u00c9tant donn\u00e9 que les r\u00e9glementations varient selon les pays, nous avons not\u00e9 les pays dans lesquels un actif ou une fonctionnalit\u00e9 sp\u00e9cifique n&#039;est pas disponible.\" \/>\n<meta name=\"robots\" content=\"index, follow, max-snippet:-1, max-image-preview:large, max-video-preview:-1\" \/>\n<link rel=\"canonical\" href=\"https:\/\/etoropartners.com\/fr\/key-features-for-etoro-partners\/\" \/>\n<meta property=\"og:locale\" content=\"fr_FR\" \/>\n<meta property=\"og:type\" content=\"article\" \/>\n<meta property=\"og:title\" content=\"Principales fonctionnalit\u00e9s d&#039;eToro Partners\" \/>\n<meta property=\"og:description\" content=\"eToro est disponible dans de nombreux pays. \u00c9tant donn\u00e9 que les r\u00e9glementations varient selon les pays, nous avons not\u00e9 les pays dans lesquels un actif ou une fonctionnalit\u00e9 sp\u00e9cifique n&#039;est pas disponible.\" \/>\n<meta property=\"og:url\" content=\"https:\/\/etoropartners.com\/fr\/key-features-for-etoro-partners\/\" \/>\n<meta property=\"og:site_name\" content=\"eToro Partners\" \/>\n<meta property=\"article:modified_time\" content=\"2026-01-13T08:41:39+00:00\" \/>\n<meta property=\"og:image\" content=\"https:\/\/etoropartners.com\/wp-content\/uploads\/2023\/02\/Key-Features-for-eToro-Partners.png\" \/>\n\t<meta property=\"og:image:width\" content=\"1600\" \/>\n\t<meta property=\"og:image:height\" content=\"400\" \/>\n\t<meta property=\"og:image:type\" content=\"image\/png\" \/>\n<meta name=\"twitter:card\" content=\"summary_large_image\" \/>\n<meta name=\"twitter:label1\" content=\"Dur\u00e9e de lecture estim\u00e9e\" \/>\n\t<meta name=\"twitter:data1\" content=\"1 minute\" \/>\n<script type=\"application\/ld+json\" class=\"yoast-schema-graph\">{\"@context\":\"https:\\\/\\\/schema.org\",\"@graph\":[{\"@type\":\"WebPage\",\"@id\":\"https:\\\/\\\/etoropartners.com\\\/fr\\\/key-features-for-etoro-partners\\\/\",\"url\":\"https:\\\/\\\/etoropartners.com\\\/fr\\\/key-features-for-etoro-partners\\\/\",\"name\":\"Principales fonctionnalit\u00e9s d'eToro Partners\",\"isPartOf\":{\"@id\":\"https:\\\/\\\/etoropartners.com\\\/fr\\\/#website\"},\"primaryImageOfPage\":{\"@id\":\"https:\\\/\\\/etoropartners.com\\\/fr\\\/key-features-for-etoro-partners\\\/#primaryimage\"},\"image\":{\"@id\":\"https:\\\/\\\/etoropartners.com\\\/fr\\\/key-features-for-etoro-partners\\\/#primaryimage\"},\"thumbnailUrl\":\"https:\\\/\\\/etoropartners.com\\\/wp-content\\\/uploads\\\/2023\\\/02\\\/Key-Features-for-eToro-Partners.png\",\"datePublished\":\"2021-10-19T07:28:36+00:00\",\"dateModified\":\"2026-01-13T08:41:39+00:00\",\"description\":\"eToro est disponible dans de nombreux pays. \u00c9tant donn\u00e9 que les r\u00e9glementations varient selon les pays, nous avons not\u00e9 les pays dans lesquels un actif ou une fonctionnalit\u00e9 sp\u00e9cifique n'est pas disponible.\",\"breadcrumb\":{\"@id\":\"https:\\\/\\\/etoropartners.com\\\/fr\\\/key-features-for-etoro-partners\\\/#breadcrumb\"},\"inLanguage\":\"fr-FR\",\"potentialAction\":[{\"@type\":\"ReadAction\",\"target\":[\"https:\\\/\\\/etoropartners.com\\\/fr\\\/key-features-for-etoro-partners\\\/\"]}]},{\"@type\":\"ImageObject\",\"inLanguage\":\"fr-FR\",\"@id\":\"https:\\\/\\\/etoropartners.com\\\/fr\\\/key-features-for-etoro-partners\\\/#primaryimage\",\"url\":\"https:\\\/\\\/etoropartners.com\\\/wp-content\\\/uploads\\\/2023\\\/02\\\/Key-Features-for-eToro-Partners.png\",\"contentUrl\":\"https:\\\/\\\/etoropartners.com\\\/wp-content\\\/uploads\\\/2023\\\/02\\\/Key-Features-for-eToro-Partners.png\",\"width\":1600,\"height\":400},{\"@type\":\"BreadcrumbList\",\"@id\":\"https:\\\/\\\/etoropartners.com\\\/fr\\\/key-features-for-etoro-partners\\\/#breadcrumb\",\"itemListElement\":[{\"@type\":\"ListItem\",\"position\":1,\"name\":\"Home\",\"item\":\"https:\\\/\\\/etoropartners.com\\\/fr\\\/\"},{\"@type\":\"ListItem\",\"position\":2,\"name\":\"Key Features\"}]},{\"@type\":\"WebSite\",\"@id\":\"https:\\\/\\\/etoropartners.com\\\/fr\\\/#website\",\"url\":\"https:\\\/\\\/etoropartners.com\\\/fr\\\/\",\"name\":\"eToro Partners\",\"description\":\"\",\"potentialAction\":[{\"@type\":\"SearchAction\",\"target\":{\"@type\":\"EntryPoint\",\"urlTemplate\":\"https:\\\/\\\/etoropartners.com\\\/fr\\\/?s={search_term_string}\"},\"query-input\":{\"@type\":\"PropertyValueSpecification\",\"valueRequired\":true,\"valueName\":\"search_term_string\"}}],\"inLanguage\":\"fr-FR\"}]}<\/script>\n<!-- \/ Yoast SEO plugin. -->","yoast_head_json":{"title":"Principales fonctionnalit\u00e9s d'eToro Partners","description":"eToro est disponible dans de nombreux pays. \u00c9tant donn\u00e9 que les r\u00e9glementations varient selon les pays, nous avons not\u00e9 les pays dans lesquels un actif ou une fonctionnalit\u00e9 sp\u00e9cifique n'est pas disponible.","robots":{"index":"index","follow":"follow","max-snippet":"max-snippet:-1","max-image-preview":"max-image-preview:large","max-video-preview":"max-video-preview:-1"},"canonical":"https:\/\/etoropartners.com\/fr\/key-features-for-etoro-partners\/","og_locale":"fr_FR","og_type":"article","og_title":"Principales fonctionnalit\u00e9s d'eToro Partners","og_description":"eToro est disponible dans de nombreux pays. \u00c9tant donn\u00e9 que les r\u00e9glementations varient selon les pays, nous avons not\u00e9 les pays dans lesquels un actif ou une fonctionnalit\u00e9 sp\u00e9cifique n'est pas disponible.","og_url":"https:\/\/etoropartners.com\/fr\/key-features-for-etoro-partners\/","og_site_name":"eToro Partners","article_modified_time":"2026-01-13T08:41:39+00:00","og_image":[{"width":1600,"height":400,"url":"https:\/\/etoropartners.com\/wp-content\/uploads\/2023\/02\/Key-Features-for-eToro-Partners.png","type":"image\/png"}],"twitter_card":"summary_large_image","twitter_misc":{"Dur\u00e9e de lecture estim\u00e9e":"1 minute"},"schema":{"@context":"https:\/\/schema.org","@graph":[{"@type":"WebPage","@id":"https:\/\/etoropartners.com\/fr\/key-features-for-etoro-partners\/","url":"https:\/\/etoropartners.com\/fr\/key-features-for-etoro-partners\/","name":"Principales fonctionnalit\u00e9s d'eToro Partners","isPartOf":{"@id":"https:\/\/etoropartners.com\/fr\/#website"},"primaryImageOfPage":{"@id":"https:\/\/etoropartners.com\/fr\/key-features-for-etoro-partners\/#primaryimage"},"image":{"@id":"https:\/\/etoropartners.com\/fr\/key-features-for-etoro-partners\/#primaryimage"},"thumbnailUrl":"https:\/\/etoropartners.com\/wp-content\/uploads\/2023\/02\/Key-Features-for-eToro-Partners.png","datePublished":"2021-10-19T07:28:36+00:00","dateModified":"2026-01-13T08:41:39+00:00","description":"eToro est disponible dans de nombreux pays. \u00c9tant donn\u00e9 que les r\u00e9glementations varient selon les pays, nous avons not\u00e9 les pays dans lesquels un actif ou une fonctionnalit\u00e9 sp\u00e9cifique n'est pas disponible.","breadcrumb":{"@id":"https:\/\/etoropartners.com\/fr\/key-features-for-etoro-partners\/#breadcrumb"},"inLanguage":"fr-FR","potentialAction":[{"@type":"ReadAction","target":["https:\/\/etoropartners.com\/fr\/key-features-for-etoro-partners\/"]}]},{"@type":"ImageObject","inLanguage":"fr-FR","@id":"https:\/\/etoropartners.com\/fr\/key-features-for-etoro-partners\/#primaryimage","url":"https:\/\/etoropartners.com\/wp-content\/uploads\/2023\/02\/Key-Features-for-eToro-Partners.png","contentUrl":"https:\/\/etoropartners.com\/wp-content\/uploads\/2023\/02\/Key-Features-for-eToro-Partners.png","width":1600,"height":400},{"@type":"BreadcrumbList","@id":"https:\/\/etoropartners.com\/fr\/key-features-for-etoro-partners\/#breadcrumb","itemListElement":[{"@type":"ListItem","position":1,"name":"Home","item":"https:\/\/etoropartners.com\/fr\/"},{"@type":"ListItem","position":2,"name":"Key Features"}]},{"@type":"WebSite","@id":"https:\/\/etoropartners.com\/fr\/#website","url":"https:\/\/etoropartners.com\/fr\/","name":"eToro Partners","description":"","potentialAction":[{"@type":"SearchAction","target":{"@type":"EntryPoint","urlTemplate":"https:\/\/etoropartners.com\/fr\/?s={search_term_string}"},"query-input":{"@type":"PropertyValueSpecification","valueRequired":true,"valueName":"search_term_string"}}],"inLanguage":"fr-FR"}]}},"_links":{"self":[{"href":"https:\/\/etoropartners.com\/fr\/wp-json\/wp\/v2\/pages\/2828","targetHints":{"allow":["GET"]}}],"collection":[{"href":"https:\/\/etoropartners.com\/fr\/wp-json\/wp\/v2\/pages"}],"about":[{"href":"https:\/\/etoropartners.com\/fr\/wp-json\/wp\/v2\/types\/page"}],"author":[{"embeddable":true,"href":"https:\/\/etoropartners.com\/fr\/wp-json\/wp\/v2\/users\/5"}],"replies":[{"embeddable":true,"href":"https:\/\/etoropartners.com\/fr\/wp-json\/wp\/v2\/comments?post=2828"}],"version-history":[{"count":0,"href":"https:\/\/etoropartners.com\/fr\/wp-json\/wp\/v2\/pages\/2828\/revisions"}],"wp:featuredmedia":[{"embeddable":true,"href":"https:\/\/etoropartners.com\/fr\/wp-json\/wp\/v2\/media\/3977"}],"wp:attachment":[{"href":"https:\/\/etoropartners.com\/fr\/wp-json\/wp\/v2\/media?parent=2828"}],"curies":[{"name":"wp","href":"https:\/\/api.w.org\/{rel}","templated":true}]}}