{"id":1261,"date":"2021-01-14T11:31:50","date_gmt":"2021-01-14T11:31:50","guid":{"rendered":"http:\/\/etoropartners.wpengine.com\/terms-and-conditions\/"},"modified":"2023-05-23T16:37:51","modified_gmt":"2023-05-23T14:37:51","slug":"terms-and-conditions","status":"publish","type":"page","link":"https:\/\/etoropartners.com\/fr\/terms-and-conditions\/","title":{"rendered":"Terms and Conditions"},"content":{"rendered":"","protected":false},"excerpt":{"rendered":"","protected":false},"author":5,"featured_media":0,"parent":0,"menu_order":0,"comment_status":"closed","ping_status":"closed","template":"","meta":{"_acf_changed":false,"sticky_cta_settings":"","footnotes":""},"class_list":["post-1261","page","type-page","status-publish","hentry"],"acf":[],"yoast_head":"<!-- This site is optimized with the Yoast SEO plugin v27.3 - https:\/\/yoast.com\/product\/yoast-seo-wordpress\/ -->\n<title>Conditions g\u00e9n\u00e9rales du programme d&#039;affiliation d&#039;eToro<\/title>\n<meta name=\"description\" content=\"D\u00e9couvrez les conditions g\u00e9n\u00e9rales de participation au programme d&#039;affiliation d&#039;eToro - son fonctionnement et les r\u00e8gles qui s&#039;appliquent.\" \/>\n<meta name=\"robots\" content=\"index, follow, max-snippet:-1, max-image-preview:large, max-video-preview:-1\" \/>\n<link rel=\"canonical\" href=\"https:\/\/etoropartners.com\/fr\/terms-and-conditions\/\" \/>\n<meta property=\"og:locale\" content=\"fr_FR\" \/>\n<meta property=\"og:type\" content=\"article\" \/>\n<meta property=\"og:title\" content=\"Conditions g\u00e9n\u00e9rales du programme d&#039;affiliation d&#039;eToro\" \/>\n<meta property=\"og:description\" content=\"D\u00e9couvrez les conditions g\u00e9n\u00e9rales de participation au programme d&#039;affiliation d&#039;eToro - son fonctionnement et les r\u00e8gles qui s&#039;appliquent.\" \/>\n<meta property=\"og:url\" content=\"https:\/\/etoropartners.com\/fr\/terms-and-conditions\/\" \/>\n<meta property=\"og:site_name\" content=\"eToro Partners\" \/>\n<meta property=\"article:modified_time\" content=\"2023-05-23T14:37:51+00:00\" \/>\n<meta name=\"twitter:card\" content=\"summary_large_image\" \/>\n<script type=\"application\/ld+json\" class=\"yoast-schema-graph\">{\"@context\":\"https:\\\/\\\/schema.org\",\"@graph\":[{\"@type\":\"WebPage\",\"@id\":\"https:\\\/\\\/etoropartners.com\\\/fr\\\/terms-and-conditions\\\/\",\"url\":\"https:\\\/\\\/etoropartners.com\\\/fr\\\/terms-and-conditions\\\/\",\"name\":\"Conditions g\u00e9n\u00e9rales du programme d'affiliation d'eToro\",\"isPartOf\":{\"@id\":\"https:\\\/\\\/etoropartners.com\\\/fr\\\/#website\"},\"datePublished\":\"2021-01-14T11:31:50+00:00\",\"dateModified\":\"2023-05-23T14:37:51+00:00\",\"description\":\"D\u00e9couvrez les conditions g\u00e9n\u00e9rales de participation au programme d'affiliation d'eToro - son fonctionnement et les r\u00e8gles qui s'appliquent.\",\"breadcrumb\":{\"@id\":\"https:\\\/\\\/etoropartners.com\\\/fr\\\/terms-and-conditions\\\/#breadcrumb\"},\"inLanguage\":\"fr-FR\",\"potentialAction\":[{\"@type\":\"ReadAction\",\"target\":[\"https:\\\/\\\/etoropartners.com\\\/fr\\\/terms-and-conditions\\\/\"]}]},{\"@type\":\"BreadcrumbList\",\"@id\":\"https:\\\/\\\/etoropartners.com\\\/fr\\\/terms-and-conditions\\\/#breadcrumb\",\"itemListElement\":[{\"@type\":\"ListItem\",\"position\":1,\"name\":\"Home\",\"item\":\"https:\\\/\\\/etoropartners.com\\\/fr\\\/\"},{\"@type\":\"ListItem\",\"position\":2,\"name\":\"CONDITIONS G\u00c9N\u00c9RALES\"}]},{\"@type\":\"WebSite\",\"@id\":\"https:\\\/\\\/etoropartners.com\\\/fr\\\/#website\",\"url\":\"https:\\\/\\\/etoropartners.com\\\/fr\\\/\",\"name\":\"eToro Partners\",\"description\":\"\",\"potentialAction\":[{\"@type\":\"SearchAction\",\"target\":{\"@type\":\"EntryPoint\",\"urlTemplate\":\"https:\\\/\\\/etoropartners.com\\\/fr\\\/?s={search_term_string}\"},\"query-input\":{\"@type\":\"PropertyValueSpecification\",\"valueRequired\":true,\"valueName\":\"search_term_string\"}}],\"inLanguage\":\"fr-FR\"}]}<\/script>\n<!-- \/ Yoast SEO plugin. -->","yoast_head_json":{"title":"Conditions g\u00e9n\u00e9rales du programme d'affiliation d'eToro","description":"D\u00e9couvrez les conditions g\u00e9n\u00e9rales de participation au programme d'affiliation d'eToro - son fonctionnement et les r\u00e8gles qui s'appliquent.","robots":{"index":"index","follow":"follow","max-snippet":"max-snippet:-1","max-image-preview":"max-image-preview:large","max-video-preview":"max-video-preview:-1"},"canonical":"https:\/\/etoropartners.com\/fr\/terms-and-conditions\/","og_locale":"fr_FR","og_type":"article","og_title":"Conditions g\u00e9n\u00e9rales du programme d'affiliation d'eToro","og_description":"D\u00e9couvrez les conditions g\u00e9n\u00e9rales de participation au programme d'affiliation d'eToro - son fonctionnement et les r\u00e8gles qui s'appliquent.","og_url":"https:\/\/etoropartners.com\/fr\/terms-and-conditions\/","og_site_name":"eToro Partners","article_modified_time":"2023-05-23T14:37:51+00:00","twitter_card":"summary_large_image","schema":{"@context":"https:\/\/schema.org","@graph":[{"@type":"WebPage","@id":"https:\/\/etoropartners.com\/fr\/terms-and-conditions\/","url":"https:\/\/etoropartners.com\/fr\/terms-and-conditions\/","name":"Conditions g\u00e9n\u00e9rales du programme d'affiliation d'eToro","isPartOf":{"@id":"https:\/\/etoropartners.com\/fr\/#website"},"datePublished":"2021-01-14T11:31:50+00:00","dateModified":"2023-05-23T14:37:51+00:00","description":"D\u00e9couvrez les conditions g\u00e9n\u00e9rales de participation au programme d'affiliation d'eToro - son fonctionnement et les r\u00e8gles qui s'appliquent.","breadcrumb":{"@id":"https:\/\/etoropartners.com\/fr\/terms-and-conditions\/#breadcrumb"},"inLanguage":"fr-FR","potentialAction":[{"@type":"ReadAction","target":["https:\/\/etoropartners.com\/fr\/terms-and-conditions\/"]}]},{"@type":"BreadcrumbList","@id":"https:\/\/etoropartners.com\/fr\/terms-and-conditions\/#breadcrumb","itemListElement":[{"@type":"ListItem","position":1,"name":"Home","item":"https:\/\/etoropartners.com\/fr\/"},{"@type":"ListItem","position":2,"name":"CONDITIONS G\u00c9N\u00c9RALES"}]},{"@type":"WebSite","@id":"https:\/\/etoropartners.com\/fr\/#website","url":"https:\/\/etoropartners.com\/fr\/","name":"eToro Partners","description":"","potentialAction":[{"@type":"SearchAction","target":{"@type":"EntryPoint","urlTemplate":"https:\/\/etoropartners.com\/fr\/?s={search_term_string}"},"query-input":{"@type":"PropertyValueSpecification","valueRequired":true,"valueName":"search_term_string"}}],"inLanguage":"fr-FR"}]}},"_links":{"self":[{"href":"https:\/\/etoropartners.com\/fr\/wp-json\/wp\/v2\/pages\/1261","targetHints":{"allow":["GET"]}}],"collection":[{"href":"https:\/\/etoropartners.com\/fr\/wp-json\/wp\/v2\/pages"}],"about":[{"href":"https:\/\/etoropartners.com\/fr\/wp-json\/wp\/v2\/types\/page"}],"author":[{"embeddable":true,"href":"https:\/\/etoropartners.com\/fr\/wp-json\/wp\/v2\/users\/5"}],"replies":[{"embeddable":true,"href":"https:\/\/etoropartners.com\/fr\/wp-json\/wp\/v2\/comments?post=1261"}],"version-history":[{"count":0,"href":"https:\/\/etoropartners.com\/fr\/wp-json\/wp\/v2\/pages\/1261\/revisions"}],"wp:attachment":[{"href":"https:\/\/etoropartners.com\/fr\/wp-json\/wp\/v2\/media?parent=1261"}],"curies":[{"name":"wp","href":"https:\/\/api.w.org\/{rel}","templated":true}]}}