{"id":1225,"date":"2021-01-14T11:11:13","date_gmt":"2021-01-14T11:11:13","guid":{"rendered":"http:\/\/etoropartners.wpengine.com\/partners\/"},"modified":"2023-08-30T12:22:11","modified_gmt":"2023-08-30T10:22:11","slug":"partners","status":"publish","type":"page","link":"https:\/\/etoropartners.com\/fr\/","title":{"rendered":"Partners"},"content":{"rendered":"","protected":false},"excerpt":{"rendered":"","protected":false},"author":5,"featured_media":0,"parent":0,"menu_order":0,"comment_status":"closed","ping_status":"closed","template":"","meta":{"_acf_changed":false,"sticky_cta_settings":"","footnotes":""},"class_list":["post-1225","page","type-page","status-publish","hentry"],"acf":[],"yoast_head":"<!-- This site is optimized with the Yoast SEO plugin v27.3 - https:\/\/yoast.com\/product\/yoast-seo-wordpress\/ -->\n<title>Rejoignez le programme d&#039;affiliation d&#039;eToro - Devenez partenaire financier<\/title>\n<meta name=\"description\" content=\"Associez-vous avec une soci\u00e9t\u00e9 Fintech \u00e9tablie de premier plan \u00e0 l&#039;\u00e9chelle internationale. La r\u00e9putation d&#039;eToro en mati\u00e8re de partenariats solides est la raison pour laquelle elle est reconnue comme courtier mondial de premier plan.\" \/>\n<meta name=\"robots\" content=\"index, follow, max-snippet:-1, max-image-preview:large, max-video-preview:-1\" \/>\n<link rel=\"canonical\" href=\"https:\/\/etoropartners.com\/fr\/\" \/>\n<meta property=\"og:locale\" content=\"fr_FR\" \/>\n<meta property=\"og:type\" content=\"article\" \/>\n<meta property=\"og:title\" content=\"Rejoignez le programme d&#039;affiliation d&#039;eToro - Devenez partenaire financier\" \/>\n<meta property=\"og:description\" content=\"Associez-vous avec une soci\u00e9t\u00e9 Fintech \u00e9tablie de premier plan \u00e0 l&#039;\u00e9chelle internationale. La r\u00e9putation d&#039;eToro en mati\u00e8re de partenariats solides est la raison pour laquelle elle est reconnue comme courtier mondial de premier plan.\" \/>\n<meta property=\"og:url\" content=\"https:\/\/etoropartners.com\/fr\/\" \/>\n<meta property=\"og:site_name\" content=\"eToro Partners\" \/>\n<meta property=\"article:modified_time\" content=\"2023-08-30T10:22:11+00:00\" \/>\n<meta name=\"twitter:card\" content=\"summary_large_image\" \/>\n<script type=\"application\/ld+json\" class=\"yoast-schema-graph\">{\"@context\":\"https:\\\/\\\/schema.org\",\"@graph\":[{\"@type\":\"WebPage\",\"@id\":\"https:\\\/\\\/etoropartners.com\\\/fr\\\/\",\"url\":\"https:\\\/\\\/etoropartners.com\\\/fr\\\/\",\"name\":\"Rejoignez le programme d'affiliation d'eToro - Devenez partenaire financier\",\"isPartOf\":{\"@id\":\"https:\\\/\\\/etoropartners.com\\\/fr\\\/#website\"},\"datePublished\":\"2021-01-14T11:11:13+00:00\",\"dateModified\":\"2023-08-30T10:22:11+00:00\",\"description\":\"Associez-vous avec une soci\u00e9t\u00e9 Fintech \u00e9tablie de premier plan \u00e0 l'\u00e9chelle internationale. La r\u00e9putation d'eToro en mati\u00e8re de partenariats solides est la raison pour laquelle elle est reconnue comme courtier mondial de premier plan.\",\"breadcrumb\":{\"@id\":\"https:\\\/\\\/etoropartners.com\\\/fr\\\/#breadcrumb\"},\"inLanguage\":\"fr-FR\",\"potentialAction\":[{\"@type\":\"ReadAction\",\"target\":[\"https:\\\/\\\/etoropartners.com\\\/fr\\\/\"]}]},{\"@type\":\"BreadcrumbList\",\"@id\":\"https:\\\/\\\/etoropartners.com\\\/fr\\\/#breadcrumb\",\"itemListElement\":[{\"@type\":\"ListItem\",\"position\":1,\"name\":\"Home\",\"item\":\"https:\\\/\\\/etoropartners.com\\\/fr\\\/\"},{\"@type\":\"ListItem\",\"position\":2,\"name\":\"ACCUEIL\"}]},{\"@type\":\"WebSite\",\"@id\":\"https:\\\/\\\/etoropartners.com\\\/fr\\\/#website\",\"url\":\"https:\\\/\\\/etoropartners.com\\\/fr\\\/\",\"name\":\"eToro Partners\",\"description\":\"\",\"potentialAction\":[{\"@type\":\"SearchAction\",\"target\":{\"@type\":\"EntryPoint\",\"urlTemplate\":\"https:\\\/\\\/etoropartners.com\\\/fr\\\/?s={search_term_string}\"},\"query-input\":{\"@type\":\"PropertyValueSpecification\",\"valueRequired\":true,\"valueName\":\"search_term_string\"}}],\"inLanguage\":\"fr-FR\"}]}<\/script>\n<!-- \/ Yoast SEO plugin. -->","yoast_head_json":{"title":"Rejoignez le programme d'affiliation d'eToro - Devenez partenaire financier","description":"Associez-vous avec une soci\u00e9t\u00e9 Fintech \u00e9tablie de premier plan \u00e0 l'\u00e9chelle internationale. La r\u00e9putation d'eToro en mati\u00e8re de partenariats solides est la raison pour laquelle elle est reconnue comme courtier mondial de premier plan.","robots":{"index":"index","follow":"follow","max-snippet":"max-snippet:-1","max-image-preview":"max-image-preview:large","max-video-preview":"max-video-preview:-1"},"canonical":"https:\/\/etoropartners.com\/fr\/","og_locale":"fr_FR","og_type":"article","og_title":"Rejoignez le programme d'affiliation d'eToro - Devenez partenaire financier","og_description":"Associez-vous avec une soci\u00e9t\u00e9 Fintech \u00e9tablie de premier plan \u00e0 l'\u00e9chelle internationale. La r\u00e9putation d'eToro en mati\u00e8re de partenariats solides est la raison pour laquelle elle est reconnue comme courtier mondial de premier plan.","og_url":"https:\/\/etoropartners.com\/fr\/","og_site_name":"eToro Partners","article_modified_time":"2023-08-30T10:22:11+00:00","twitter_card":"summary_large_image","schema":{"@context":"https:\/\/schema.org","@graph":[{"@type":"WebPage","@id":"https:\/\/etoropartners.com\/fr\/","url":"https:\/\/etoropartners.com\/fr\/","name":"Rejoignez le programme d'affiliation d'eToro - Devenez partenaire financier","isPartOf":{"@id":"https:\/\/etoropartners.com\/fr\/#website"},"datePublished":"2021-01-14T11:11:13+00:00","dateModified":"2023-08-30T10:22:11+00:00","description":"Associez-vous avec une soci\u00e9t\u00e9 Fintech \u00e9tablie de premier plan \u00e0 l'\u00e9chelle internationale. La r\u00e9putation d'eToro en mati\u00e8re de partenariats solides est la raison pour laquelle elle est reconnue comme courtier mondial de premier plan.","breadcrumb":{"@id":"https:\/\/etoropartners.com\/fr\/#breadcrumb"},"inLanguage":"fr-FR","potentialAction":[{"@type":"ReadAction","target":["https:\/\/etoropartners.com\/fr\/"]}]},{"@type":"BreadcrumbList","@id":"https:\/\/etoropartners.com\/fr\/#breadcrumb","itemListElement":[{"@type":"ListItem","position":1,"name":"Home","item":"https:\/\/etoropartners.com\/fr\/"},{"@type":"ListItem","position":2,"name":"ACCUEIL"}]},{"@type":"WebSite","@id":"https:\/\/etoropartners.com\/fr\/#website","url":"https:\/\/etoropartners.com\/fr\/","name":"eToro Partners","description":"","potentialAction":[{"@type":"SearchAction","target":{"@type":"EntryPoint","urlTemplate":"https:\/\/etoropartners.com\/fr\/?s={search_term_string}"},"query-input":{"@type":"PropertyValueSpecification","valueRequired":true,"valueName":"search_term_string"}}],"inLanguage":"fr-FR"}]}},"_links":{"self":[{"href":"https:\/\/etoropartners.com\/fr\/wp-json\/wp\/v2\/pages\/1225","targetHints":{"allow":["GET"]}}],"collection":[{"href":"https:\/\/etoropartners.com\/fr\/wp-json\/wp\/v2\/pages"}],"about":[{"href":"https:\/\/etoropartners.com\/fr\/wp-json\/wp\/v2\/types\/page"}],"author":[{"embeddable":true,"href":"https:\/\/etoropartners.com\/fr\/wp-json\/wp\/v2\/users\/5"}],"replies":[{"embeddable":true,"href":"https:\/\/etoropartners.com\/fr\/wp-json\/wp\/v2\/comments?post=1225"}],"version-history":[{"count":0,"href":"https:\/\/etoropartners.com\/fr\/wp-json\/wp\/v2\/pages\/1225\/revisions"}],"wp:attachment":[{"href":"https:\/\/etoropartners.com\/fr\/wp-json\/wp\/v2\/media?parent=1225"}],"curies":[{"name":"wp","href":"https:\/\/api.w.org\/{rel}","templated":true}]}}