{"id":8847,"date":"2024-05-22T13:12:03","date_gmt":"2024-05-22T11:12:03","guid":{"rendered":"https:\/\/etoropartners.com\/payment-methods\/"},"modified":"2024-08-27T14:49:53","modified_gmt":"2024-08-27T12:49:53","slug":"maksutavat","status":"publish","type":"page","link":"https:\/\/etoropartners.com\/fi\/maksutavat\/","title":{"rendered":"Maksutavat"},"content":{"rendered":"\n<section class=\"wp-block-group wp-block-group-boxed wp-block-group-small-top-padding wp-block-group-small-bottom-padding\"><div class=\"wp-block-group-inner is-layout-flow wp-block-group-is-layout-flow\">\n<div class=\"wp-block-columns are-vertically-aligned-top wp-block-columns-1 is-layout-flex wp-container-core-columns-is-layout-9d6595d7 wp-block-columns-is-layout-flex\">\n<div class=\"wp-block-column wp-block-column-align-desktop-center wp-block-column-align-mobile-center is-layout-flow wp-block-column-is-layout-flow\">\n<h2 class=\"wp-block-heading\">Maksutavat<\/h2>\n\n\n\n<figure class=\"wp-block-image size-full\"><img loading=\"lazy\" decoding=\"async\" width=\"1600\" height=\"400\" src=\"https:\/\/etoropartners.com\/wp-content\/uploads\/2024\/05\/Cover_PAYMENT-METHODS.jpg\" alt=\"\" class=\"wp-image-8271 wp-image-desktop\" srcset=\"https:\/\/etoropartners.com\/wp-content\/uploads\/2024\/05\/Cover_PAYMENT-METHODS.jpg 1600w, https:\/\/etoropartners.com\/wp-content\/uploads\/2024\/05\/Cover_PAYMENT-METHODS-300x75.jpg 300w, https:\/\/etoropartners.com\/wp-content\/uploads\/2024\/05\/Cover_PAYMENT-METHODS-1024x256.jpg 1024w, https:\/\/etoropartners.com\/wp-content\/uploads\/2024\/05\/Cover_PAYMENT-METHODS-768x192.jpg 768w, https:\/\/etoropartners.com\/wp-content\/uploads\/2024\/05\/Cover_PAYMENT-METHODS-1536x384.jpg 1536w\" sizes=\"auto, (max-width: 1600px) 100vw, 1600px\" \/><\/figure>\n<\/div>\n<\/div>\n<\/div><\/section>\n\n\n\n<section class=\"wp-block-group wp-block-group-boxed wp-block-group-small-top-padding wp-block-group-small-bottom-padding\"><div class=\"wp-block-group-inner is-layout-flow wp-block-group-is-layout-flow\">\n<div class=\"wp-block-columns are-vertically-aligned-top wp-block-columns-1 is-layout-flex wp-container-core-columns-is-layout-9d6595d7 wp-block-columns-is-layout-flex\">\n<div class=\"wp-block-column is-layout-flow wp-block-column-is-layout-flow\">\n<h2 class=\"wp-block-heading is-style-heading-1\">Mihin sinun tulisi kiinnitt\u00e4\u00e4 huomiota, kun mainitset maksutavoista?<\/h2>\n\n\n\n<p class=\"is-style-heading-2\">Ole tarkka<\/p>\n\n\n\n<p>Kun mainitset maksutapoja, varmista, ett\u00e4 ne ovat saatavilla maassa, jossa mainostat eToroa. L\u00f6yd\u00e4t tietoa maksutavoista ja rajoituksista eToron <a href=\"https:\/\/www.etoro.com\/fi\/customer-service\/deposit-faq\/\">Talletukset-sivulta<\/a>.<\/p>\n\n\n\n<p class=\"is-style-heading-2\">Esimerkkej\u00e4 yleisist\u00e4 virheist\u00e4:<\/p>\n\n\n\n<p>PayPal ei ole k\u00e4ytett\u00e4viss\u00e4 joissakin maissa (esimerkiksi Yhdistyneess\u00e4 kuningaskunnassa), ja muissa maissa (esimerkiksi Alankomaissa) se on k\u00e4ytett\u00e4viss\u00e4 vasta ensimm\u00e4isen talletuksen j\u00e4lkeen. Koska n\u00e4iss\u00e4 maissa kaupank\u00e4vij\u00e4t eiv\u00e4t voi tehd\u00e4 ensimm\u00e4ist\u00e4 talletustaan PayPalilla, PayPalia ei my\u00f6sk\u00e4\u00e4n tule mainita maksutapana eToroa mainostettaessa n\u00e4iss\u00e4 maissa. Jos verkkoliikenteesi on sekalaista ja kohdemaidesi joukossa on maita, joissa PayPal on k\u00e4ytett\u00e4viss\u00e4, ja my\u00f6s maita, joissa se ei ole k\u00e4ytett\u00e4viss\u00e4, mainitse luettelot maista, joissa se ei ole k\u00e4ytett\u00e4viss\u00e4, ja luettelo maista, joissa se ei ole k\u00e4ytett\u00e4viss\u00e4 ensitalletuksen tekemiseen.<br><\/p>\n\n\n\n<p class=\"is-style-heading-2\">Luottokortit<\/p>\n\n\n\n<p>Yhdistynyt kuningaskunta and Espanja: Luottokortteja ei voi k\u00e4ytt\u00e4\u00e4 varojen tallettamiseen Yhdistyneess\u00e4 kuningaskunnassa tai Espanjassa (pankkikortit puolestaan ovat k\u00e4ytett\u00e4viss\u00e4).<\/p>\n<\/div>\n<\/div>\n<\/div><\/section>\n","protected":false},"excerpt":{"rendered":"<p>Maksutavat Mihin sinun tulisi kiinnitt\u00e4\u00e4 huomiota, kun mainitset maksutavoista? Ole tarkka Kun mainitset maksutapoja, varmista, ett\u00e4 ne ovat saatavilla maassa, jossa mainostat eToroa. L\u00f6yd\u00e4t tietoa maksutavoista ja rajoituksista eToron Talletukset-sivulta. Esimerkkej\u00e4 yleisist\u00e4 virheist\u00e4: PayPal ei ole k\u00e4ytett\u00e4viss\u00e4 joissakin maissa (esimerkiksi Yhdistyneess\u00e4 kuningaskunnassa), ja muissa maissa (esimerkiksi Alankomaissa) se on k\u00e4ytett\u00e4viss\u00e4 vasta ensimm\u00e4isen talletuksen j\u00e4lkeen. Koska [&hellip;]<\/p>\n","protected":false},"author":11,"featured_media":8262,"parent":0,"menu_order":0,"comment_status":"closed","ping_status":"closed","template":"","meta":{"_acf_changed":false,"sticky_cta_settings":"","footnotes":""},"class_list":["post-8847","page","type-page","status-publish","has-post-thumbnail","hentry"],"acf":[],"yoast_head":"<!-- This site is optimized with the Yoast SEO plugin v27.3 - https:\/\/yoast.com\/product\/yoast-seo-wordpress\/ -->\n<title>Maksutavat<\/title>\n<meta name=\"description\" content=\"Mihin sinun tulisi kiinnitt\u00e4\u00e4 huomiota, kun mainitset maksutavoista?\" \/>\n<meta name=\"robots\" content=\"index, follow, max-snippet:-1, max-image-preview:large, max-video-preview:-1\" \/>\n<link rel=\"canonical\" href=\"https:\/\/etoropartners.com\/fi\/maksutavat\/\" \/>\n<meta property=\"og:locale\" content=\"fi_FI\" \/>\n<meta property=\"og:type\" content=\"article\" \/>\n<meta property=\"og:title\" content=\"Maksutavat\" \/>\n<meta property=\"og:description\" content=\"Mihin sinun tulisi kiinnitt\u00e4\u00e4 huomiota, kun mainitset maksutavoista?\" \/>\n<meta property=\"og:url\" content=\"https:\/\/etoropartners.com\/fi\/maksutavat\/\" \/>\n<meta property=\"og:site_name\" content=\"eToro Partners\" \/>\n<meta property=\"article:modified_time\" content=\"2024-08-27T12:49:53+00:00\" \/>\n<meta property=\"og:image\" content=\"https:\/\/etoropartners.com\/wp-content\/uploads\/2024\/05\/Featured_PAYMENT-METHODS.png\" \/>\n\t<meta property=\"og:image:width\" content=\"1200\" \/>\n\t<meta property=\"og:image:height\" content=\"630\" \/>\n\t<meta property=\"og:image:type\" content=\"image\/png\" \/>\n<meta name=\"twitter:card\" content=\"summary_large_image\" \/>\n<meta name=\"twitter:label1\" content=\"Arvioitu lukuaika\" \/>\n\t<meta name=\"twitter:data1\" content=\"1 minuutti\" \/>\n<script type=\"application\/ld+json\" class=\"yoast-schema-graph\">{\"@context\":\"https:\\\/\\\/schema.org\",\"@graph\":[{\"@type\":\"WebPage\",\"@id\":\"https:\\\/\\\/etoropartners.com\\\/fi\\\/maksutavat\\\/\",\"url\":\"https:\\\/\\\/etoropartners.com\\\/fi\\\/maksutavat\\\/\",\"name\":\"Maksutavat\",\"isPartOf\":{\"@id\":\"https:\\\/\\\/etoropartners.com\\\/fi\\\/#website\"},\"primaryImageOfPage\":{\"@id\":\"https:\\\/\\\/etoropartners.com\\\/fi\\\/maksutavat\\\/#primaryimage\"},\"image\":{\"@id\":\"https:\\\/\\\/etoropartners.com\\\/fi\\\/maksutavat\\\/#primaryimage\"},\"thumbnailUrl\":\"https:\\\/\\\/etoropartners.com\\\/wp-content\\\/uploads\\\/2024\\\/05\\\/Featured_PAYMENT-METHODS.png\",\"datePublished\":\"2024-05-22T11:12:03+00:00\",\"dateModified\":\"2024-08-27T12:49:53+00:00\",\"description\":\"Mihin sinun tulisi kiinnitt\u00e4\u00e4 huomiota, kun mainitset maksutavoista?\",\"breadcrumb\":{\"@id\":\"https:\\\/\\\/etoropartners.com\\\/fi\\\/maksutavat\\\/#breadcrumb\"},\"inLanguage\":\"fi\",\"potentialAction\":[{\"@type\":\"ReadAction\",\"target\":[\"https:\\\/\\\/etoropartners.com\\\/fi\\\/maksutavat\\\/\"]}]},{\"@type\":\"ImageObject\",\"inLanguage\":\"fi\",\"@id\":\"https:\\\/\\\/etoropartners.com\\\/fi\\\/maksutavat\\\/#primaryimage\",\"url\":\"https:\\\/\\\/etoropartners.com\\\/wp-content\\\/uploads\\\/2024\\\/05\\\/Featured_PAYMENT-METHODS.png\",\"contentUrl\":\"https:\\\/\\\/etoropartners.com\\\/wp-content\\\/uploads\\\/2024\\\/05\\\/Featured_PAYMENT-METHODS.png\",\"width\":1200,\"height\":630},{\"@type\":\"BreadcrumbList\",\"@id\":\"https:\\\/\\\/etoropartners.com\\\/fi\\\/maksutavat\\\/#breadcrumb\",\"itemListElement\":[{\"@type\":\"ListItem\",\"position\":1,\"name\":\"Home\",\"item\":\"https:\\\/\\\/etoropartners.com\\\/fi\\\/\"},{\"@type\":\"ListItem\",\"position\":2,\"name\":\"Maksutavat\"}]},{\"@type\":\"WebSite\",\"@id\":\"https:\\\/\\\/etoropartners.com\\\/fi\\\/#website\",\"url\":\"https:\\\/\\\/etoropartners.com\\\/fi\\\/\",\"name\":\"eToro Partners\",\"description\":\"\",\"potentialAction\":[{\"@type\":\"SearchAction\",\"target\":{\"@type\":\"EntryPoint\",\"urlTemplate\":\"https:\\\/\\\/etoropartners.com\\\/fi\\\/?s={search_term_string}\"},\"query-input\":{\"@type\":\"PropertyValueSpecification\",\"valueRequired\":true,\"valueName\":\"search_term_string\"}}],\"inLanguage\":\"fi\"}]}<\/script>\n<!-- \/ Yoast SEO plugin. -->","yoast_head_json":{"title":"Maksutavat","description":"Mihin sinun tulisi kiinnitt\u00e4\u00e4 huomiota, kun mainitset maksutavoista?","robots":{"index":"index","follow":"follow","max-snippet":"max-snippet:-1","max-image-preview":"max-image-preview:large","max-video-preview":"max-video-preview:-1"},"canonical":"https:\/\/etoropartners.com\/fi\/maksutavat\/","og_locale":"fi_FI","og_type":"article","og_title":"Maksutavat","og_description":"Mihin sinun tulisi kiinnitt\u00e4\u00e4 huomiota, kun mainitset maksutavoista?","og_url":"https:\/\/etoropartners.com\/fi\/maksutavat\/","og_site_name":"eToro Partners","article_modified_time":"2024-08-27T12:49:53+00:00","og_image":[{"width":1200,"height":630,"url":"https:\/\/etoropartners.com\/wp-content\/uploads\/2024\/05\/Featured_PAYMENT-METHODS.png","type":"image\/png"}],"twitter_card":"summary_large_image","twitter_misc":{"Arvioitu lukuaika":"1 minuutti"},"schema":{"@context":"https:\/\/schema.org","@graph":[{"@type":"WebPage","@id":"https:\/\/etoropartners.com\/fi\/maksutavat\/","url":"https:\/\/etoropartners.com\/fi\/maksutavat\/","name":"Maksutavat","isPartOf":{"@id":"https:\/\/etoropartners.com\/fi\/#website"},"primaryImageOfPage":{"@id":"https:\/\/etoropartners.com\/fi\/maksutavat\/#primaryimage"},"image":{"@id":"https:\/\/etoropartners.com\/fi\/maksutavat\/#primaryimage"},"thumbnailUrl":"https:\/\/etoropartners.com\/wp-content\/uploads\/2024\/05\/Featured_PAYMENT-METHODS.png","datePublished":"2024-05-22T11:12:03+00:00","dateModified":"2024-08-27T12:49:53+00:00","description":"Mihin sinun tulisi kiinnitt\u00e4\u00e4 huomiota, kun mainitset maksutavoista?","breadcrumb":{"@id":"https:\/\/etoropartners.com\/fi\/maksutavat\/#breadcrumb"},"inLanguage":"fi","potentialAction":[{"@type":"ReadAction","target":["https:\/\/etoropartners.com\/fi\/maksutavat\/"]}]},{"@type":"ImageObject","inLanguage":"fi","@id":"https:\/\/etoropartners.com\/fi\/maksutavat\/#primaryimage","url":"https:\/\/etoropartners.com\/wp-content\/uploads\/2024\/05\/Featured_PAYMENT-METHODS.png","contentUrl":"https:\/\/etoropartners.com\/wp-content\/uploads\/2024\/05\/Featured_PAYMENT-METHODS.png","width":1200,"height":630},{"@type":"BreadcrumbList","@id":"https:\/\/etoropartners.com\/fi\/maksutavat\/#breadcrumb","itemListElement":[{"@type":"ListItem","position":1,"name":"Home","item":"https:\/\/etoropartners.com\/fi\/"},{"@type":"ListItem","position":2,"name":"Maksutavat"}]},{"@type":"WebSite","@id":"https:\/\/etoropartners.com\/fi\/#website","url":"https:\/\/etoropartners.com\/fi\/","name":"eToro Partners","description":"","potentialAction":[{"@type":"SearchAction","target":{"@type":"EntryPoint","urlTemplate":"https:\/\/etoropartners.com\/fi\/?s={search_term_string}"},"query-input":{"@type":"PropertyValueSpecification","valueRequired":true,"valueName":"search_term_string"}}],"inLanguage":"fi"}]}},"_links":{"self":[{"href":"https:\/\/etoropartners.com\/fi\/wp-json\/wp\/v2\/pages\/8847","targetHints":{"allow":["GET"]}}],"collection":[{"href":"https:\/\/etoropartners.com\/fi\/wp-json\/wp\/v2\/pages"}],"about":[{"href":"https:\/\/etoropartners.com\/fi\/wp-json\/wp\/v2\/types\/page"}],"author":[{"embeddable":true,"href":"https:\/\/etoropartners.com\/fi\/wp-json\/wp\/v2\/users\/11"}],"replies":[{"embeddable":true,"href":"https:\/\/etoropartners.com\/fi\/wp-json\/wp\/v2\/comments?post=8847"}],"version-history":[{"count":0,"href":"https:\/\/etoropartners.com\/fi\/wp-json\/wp\/v2\/pages\/8847\/revisions"}],"wp:featuredmedia":[{"embeddable":true,"href":"https:\/\/etoropartners.com\/fi\/wp-json\/wp\/v2\/media\/8262"}],"wp:attachment":[{"href":"https:\/\/etoropartners.com\/fi\/wp-json\/wp\/v2\/media?parent=8847"}],"curies":[{"name":"wp","href":"https:\/\/api.w.org\/{rel}","templated":true}]}}