{"id":8815,"date":"2024-05-22T13:05:01","date_gmt":"2024-05-22T11:05:01","guid":{"rendered":"https:\/\/etoropartners.com\/regulators\/"},"modified":"2024-08-26T15:40:16","modified_gmt":"2024-08-26T13:40:16","slug":"regulators","status":"publish","type":"page","link":"https:\/\/etoropartners.com\/fi\/regulators\/","title":{"rendered":"S\u00e4\u00e4telij\u00e4t"},"content":{"rendered":"\n<section class=\"wp-block-group wp-block-group-boxed wp-block-group-small-top-padding wp-block-group-small-bottom-padding has-white-background-color has-background\"><div class=\"wp-block-group-inner is-layout-flow wp-block-group-is-layout-flow\">\n<div class=\"wp-block-columns are-vertically-aligned-top wp-block-columns-1 is-layout-flex wp-container-core-columns-is-layout-9d6595d7 wp-block-columns-is-layout-flex\">\n<div class=\"wp-block-column wp-block-column-align-desktop-center wp-block-column-align-mobile-center is-layout-flow wp-block-column-is-layout-flow\">\n<h2 class=\"wp-block-heading\">S\u00e4\u00e4telij\u00e4t<\/h2>\n\n\n\n<figure class=\"wp-block-image size-full\"><img loading=\"lazy\" decoding=\"async\" width=\"1600\" height=\"400\" src=\"https:\/\/etoropartners.com\/wp-content\/uploads\/2024\/05\/Cover_OUR-REGULATION.jpg\" alt=\"\" class=\"wp-image-8239 wp-image-desktop\" srcset=\"https:\/\/etoropartners.com\/wp-content\/uploads\/2024\/05\/Cover_OUR-REGULATION.jpg 1600w, https:\/\/etoropartners.com\/wp-content\/uploads\/2024\/05\/Cover_OUR-REGULATION-300x75.jpg 300w, https:\/\/etoropartners.com\/wp-content\/uploads\/2024\/05\/Cover_OUR-REGULATION-1024x256.jpg 1024w, https:\/\/etoropartners.com\/wp-content\/uploads\/2024\/05\/Cover_OUR-REGULATION-768x192.jpg 768w, https:\/\/etoropartners.com\/wp-content\/uploads\/2024\/05\/Cover_OUR-REGULATION-1536x384.jpg 1536w\" sizes=\"auto, (max-width: 1600px) 100vw, 1600px\" \/><\/figure>\n<\/div>\n<\/div>\n<\/div><\/section>\n\n\n\n<section class=\"wp-block-group wp-block-group-boxed wp-block-group-small-top-padding wp-block-group-small-bottom-padding has-white-background-color has-background\"><div class=\"wp-block-group-inner is-layout-flow wp-block-group-is-layout-flow\">\n<div class=\"wp-block-columns are-vertically-aligned-top wp-block-columns-1 is-layout-flex wp-container-core-columns-is-layout-9d6595d7 wp-block-columns-is-layout-flex\">\n<div class=\"wp-block-column is-layout-flow wp-block-column-is-layout-flow\">\n<p>eToroa s\u00e4\u00e4nnell\u00e4\u00e4n useilla laink\u00e4ytt\u00f6alueilla, <a href=\"https:\/\/www.etoro.com\/fi\/customer-service\/regulation-license\/\">klikkaa t\u00e4st\u00e4<\/a> saadaksesi lis\u00e4tietoja lisensseist\u00e4mme ja s\u00e4\u00e4ntelyst\u00e4mme.<\/p>\n\n\n\n<p class=\"is-style-heading-2\"><strong>Voitko mainita s\u00e4\u00e4ntelyviranomaiset?<\/strong><\/p>\n\n\n\n<p>S\u00e4\u00e4ntelyviranomaisia ei saa k\u00e4ytt\u00e4\u00e4 myyntivalttina. T\u00e4m\u00e4 tarkoittaa, ett\u00e4 sinun on oltava varovainen sen suhteen, miten mainitset ne. Alla on muutamia esimerkkej\u00e4 siit\u00e4, miten s\u00e4\u00e4ntelyviranomaisia EI SAA mainita:<\/p>\n\n\n\n<ul class=\"wp-block-list wp-block-list wp-block-list-circle\">\n<li>Kirjoittaa tai ehdottaa, ett\u00e4 ihmisten pit\u00e4isi k\u00e4yd\u00e4 kauppaa eTorossa, koska se on s\u00e4\u00e4nnelty br\u00e4ndi.<\/li>\n\n\n\n<li>Mainita s\u00e4\u00e4ntely\u00e4 \u201cetuna\u201d.\u00a0\u00a0<\/li>\n\n\n\n<li>Verrata eToroa toiseen br\u00e4ndiin ja k\u00e4ytt\u00e4\u00e4 s\u00e4\u00e4ntelyviranomaisia eToron etuna muihin n\u00e4hden.\u00a0<\/li>\n\n\n\n<li>K\u00e4ytt\u00e4\u00e4 s\u00e4\u00e4ntelyviranomaisen logoa.<\/li>\n\n\n\n<li>K\u00e4ytt\u00e4\u00e4 s\u00e4\u00e4ntelyviranomaisen nime\u00e4 bannereissa.<\/li>\n<\/ul>\n\n\n\n<p class=\"is-style-heading-2\"><strong>Mik\u00e4 on siis sallittua?\u00a0<\/strong><\/p>\n\n\n\n<p>On sallittua mainita, ett\u00e4 eToroa s\u00e4\u00e4nnell\u00e4\u00e4n ja mitk\u00e4 tahot sit\u00e4 s\u00e4\u00e4ntelev\u00e4t silloin, kun se mainitaan faktana, kuten yhten\u00e4 monista kohdista eToroa ja sen ominaisuuksia kuvatessa (esimerkiksi arvostelussa).<\/p>\n\n\n\n<p class=\"is-style-heading-2\"><strong>OLE TARKKANA\u00a0<\/strong><\/p>\n\n\n\n<p><strong>Kryptovaluutat: <\/strong>Kryptovaluutat ovat s\u00e4\u00e4ntelem\u00e4tt\u00f6mi\u00e4 instrumentteja, joten s\u00e4\u00e4ntelyviranomaisten mainitseminen tai eToron s\u00e4\u00e4ntelyn mainitseminen kryptovaluuttoja k\u00e4sittelev\u00e4ss\u00e4 artikkelissa tai sivulla olisi harhaanjohtavaa. Pyyd\u00e4mme sinua v\u00e4ltt\u00e4m\u00e4\u00e4n t\u00e4t\u00e4 tai mainitsemaan selv\u00e4sti, ett\u00e4 kryptovaluutat eiv\u00e4t ole s\u00e4\u00e4nneltyj\u00e4 (ellet suuntaa sis\u00e4lt\u00f6\u00e4si yhdysvaltalaiselle kohdeyleis\u00f6lle, jolloin sit\u00e4 ei tarvitse lis\u00e4t\u00e4).<\/p>\n\n\n\n<p><strong>Yhdysvallat:<\/strong> Yhdysvalloissa eToro USA LLC tarjoaa yhdysvaltalaisille asiakkaille alustan kryptojen ostamiseen ja myymiseen, ja sit\u00e4 s\u00e4\u00e4ntelee FinCen, ja eToro USA Securities Inc. on FINRA:n s\u00e4\u00e4ntelem\u00e4 v\u00e4litt\u00e4j\u00e4, joka mahdollistaa kaupank\u00e4ynnin osakkeilla, ETF-rahastoilla ja optioilla. \u00c4l\u00e4 sekoita n\u00e4it\u00e4 kahta.<\/p>\n<\/div>\n<\/div>\n<\/div><\/section>\n","protected":false},"excerpt":{"rendered":"<p>S\u00e4\u00e4telij\u00e4t eToroa s\u00e4\u00e4nnell\u00e4\u00e4n useilla laink\u00e4ytt\u00f6alueilla, klikkaa t\u00e4st\u00e4 saadaksesi lis\u00e4tietoja lisensseist\u00e4mme ja s\u00e4\u00e4ntelyst\u00e4mme. Voitko mainita s\u00e4\u00e4ntelyviranomaiset? S\u00e4\u00e4ntelyviranomaisia ei saa k\u00e4ytt\u00e4\u00e4 myyntivalttina. T\u00e4m\u00e4 tarkoittaa, ett\u00e4 sinun on oltava varovainen sen suhteen, miten mainitset ne. Alla on muutamia esimerkkej\u00e4 siit\u00e4, miten s\u00e4\u00e4ntelyviranomaisia EI SAA mainita: Mik\u00e4 on siis sallittua?\u00a0 On sallittua mainita, ett\u00e4 eToroa s\u00e4\u00e4nnell\u00e4\u00e4n ja mitk\u00e4 tahot [&hellip;]<\/p>\n","protected":false},"author":11,"featured_media":8230,"parent":0,"menu_order":0,"comment_status":"closed","ping_status":"closed","template":"","meta":{"_acf_changed":false,"sticky_cta_settings":"","footnotes":""},"class_list":["post-8815","page","type-page","status-publish","has-post-thumbnail","hentry"],"acf":[],"yoast_head":"<!-- This site is optimized with the Yoast SEO plugin v27.3 - https:\/\/yoast.com\/product\/yoast-seo-wordpress\/ -->\n<title>S\u00e4\u00e4telij\u00e4t<\/title>\n<meta name=\"description\" content=\"eToroa s\u00e4\u00e4nnell\u00e4\u00e4n useilla laink\u00e4ytt\u00f6alueilla, klikkaa t\u00e4st\u00e4 saadaksesi lis\u00e4tietoja lisensseist\u00e4mme ja s\u00e4\u00e4nn\u00f6ksist\u00e4mme.\" \/>\n<meta name=\"robots\" content=\"index, follow, max-snippet:-1, max-image-preview:large, max-video-preview:-1\" \/>\n<link rel=\"canonical\" href=\"https:\/\/etoropartners.com\/fi\/regulators\/\" \/>\n<meta property=\"og:locale\" content=\"fi_FI\" \/>\n<meta property=\"og:type\" content=\"article\" \/>\n<meta property=\"og:title\" content=\"S\u00e4\u00e4telij\u00e4t\" \/>\n<meta property=\"og:description\" content=\"eToroa s\u00e4\u00e4nnell\u00e4\u00e4n useilla laink\u00e4ytt\u00f6alueilla, klikkaa t\u00e4st\u00e4 saadaksesi lis\u00e4tietoja lisensseist\u00e4mme ja s\u00e4\u00e4nn\u00f6ksist\u00e4mme.\" \/>\n<meta property=\"og:url\" content=\"https:\/\/etoropartners.com\/fi\/regulators\/\" \/>\n<meta property=\"og:site_name\" content=\"eToro Partners\" \/>\n<meta property=\"article:modified_time\" content=\"2024-08-26T13:40:16+00:00\" \/>\n<meta property=\"og:image\" content=\"https:\/\/etoropartners.com\/wp-content\/uploads\/2024\/05\/Featured_OUR-REGULATION.png\" \/>\n\t<meta property=\"og:image:width\" content=\"1200\" \/>\n\t<meta property=\"og:image:height\" content=\"630\" \/>\n\t<meta property=\"og:image:type\" content=\"image\/png\" \/>\n<meta name=\"twitter:card\" content=\"summary_large_image\" \/>\n<meta name=\"twitter:label1\" content=\"Arvioitu lukuaika\" \/>\n\t<meta name=\"twitter:data1\" content=\"2 minuuttia\" \/>\n<script type=\"application\/ld+json\" class=\"yoast-schema-graph\">{\"@context\":\"https:\\\/\\\/schema.org\",\"@graph\":[{\"@type\":\"WebPage\",\"@id\":\"https:\\\/\\\/etoropartners.com\\\/fi\\\/regulators\\\/\",\"url\":\"https:\\\/\\\/etoropartners.com\\\/fi\\\/regulators\\\/\",\"name\":\"S\u00e4\u00e4telij\u00e4t\",\"isPartOf\":{\"@id\":\"https:\\\/\\\/etoropartners.com\\\/fi\\\/#website\"},\"primaryImageOfPage\":{\"@id\":\"https:\\\/\\\/etoropartners.com\\\/fi\\\/regulators\\\/#primaryimage\"},\"image\":{\"@id\":\"https:\\\/\\\/etoropartners.com\\\/fi\\\/regulators\\\/#primaryimage\"},\"thumbnailUrl\":\"https:\\\/\\\/etoropartners.com\\\/wp-content\\\/uploads\\\/2024\\\/05\\\/Featured_OUR-REGULATION.png\",\"datePublished\":\"2024-05-22T11:05:01+00:00\",\"dateModified\":\"2024-08-26T13:40:16+00:00\",\"description\":\"eToroa s\u00e4\u00e4nnell\u00e4\u00e4n useilla laink\u00e4ytt\u00f6alueilla, klikkaa t\u00e4st\u00e4 saadaksesi lis\u00e4tietoja lisensseist\u00e4mme ja s\u00e4\u00e4nn\u00f6ksist\u00e4mme.\",\"breadcrumb\":{\"@id\":\"https:\\\/\\\/etoropartners.com\\\/fi\\\/regulators\\\/#breadcrumb\"},\"inLanguage\":\"fi\",\"potentialAction\":[{\"@type\":\"ReadAction\",\"target\":[\"https:\\\/\\\/etoropartners.com\\\/fi\\\/regulators\\\/\"]}]},{\"@type\":\"ImageObject\",\"inLanguage\":\"fi\",\"@id\":\"https:\\\/\\\/etoropartners.com\\\/fi\\\/regulators\\\/#primaryimage\",\"url\":\"https:\\\/\\\/etoropartners.com\\\/wp-content\\\/uploads\\\/2024\\\/05\\\/Featured_OUR-REGULATION.png\",\"contentUrl\":\"https:\\\/\\\/etoropartners.com\\\/wp-content\\\/uploads\\\/2024\\\/05\\\/Featured_OUR-REGULATION.png\",\"width\":1200,\"height\":630},{\"@type\":\"BreadcrumbList\",\"@id\":\"https:\\\/\\\/etoropartners.com\\\/fi\\\/regulators\\\/#breadcrumb\",\"itemListElement\":[{\"@type\":\"ListItem\",\"position\":1,\"name\":\"Home\",\"item\":\"https:\\\/\\\/etoropartners.com\\\/fi\\\/\"},{\"@type\":\"ListItem\",\"position\":2,\"name\":\"S\u00e4\u00e4telij\u00e4t\"}]},{\"@type\":\"WebSite\",\"@id\":\"https:\\\/\\\/etoropartners.com\\\/fi\\\/#website\",\"url\":\"https:\\\/\\\/etoropartners.com\\\/fi\\\/\",\"name\":\"eToro Partners\",\"description\":\"\",\"potentialAction\":[{\"@type\":\"SearchAction\",\"target\":{\"@type\":\"EntryPoint\",\"urlTemplate\":\"https:\\\/\\\/etoropartners.com\\\/fi\\\/?s={search_term_string}\"},\"query-input\":{\"@type\":\"PropertyValueSpecification\",\"valueRequired\":true,\"valueName\":\"search_term_string\"}}],\"inLanguage\":\"fi\"}]}<\/script>\n<!-- \/ Yoast SEO plugin. -->","yoast_head_json":{"title":"S\u00e4\u00e4telij\u00e4t","description":"eToroa s\u00e4\u00e4nnell\u00e4\u00e4n useilla laink\u00e4ytt\u00f6alueilla, klikkaa t\u00e4st\u00e4 saadaksesi lis\u00e4tietoja lisensseist\u00e4mme ja s\u00e4\u00e4nn\u00f6ksist\u00e4mme.","robots":{"index":"index","follow":"follow","max-snippet":"max-snippet:-1","max-image-preview":"max-image-preview:large","max-video-preview":"max-video-preview:-1"},"canonical":"https:\/\/etoropartners.com\/fi\/regulators\/","og_locale":"fi_FI","og_type":"article","og_title":"S\u00e4\u00e4telij\u00e4t","og_description":"eToroa s\u00e4\u00e4nnell\u00e4\u00e4n useilla laink\u00e4ytt\u00f6alueilla, klikkaa t\u00e4st\u00e4 saadaksesi lis\u00e4tietoja lisensseist\u00e4mme ja s\u00e4\u00e4nn\u00f6ksist\u00e4mme.","og_url":"https:\/\/etoropartners.com\/fi\/regulators\/","og_site_name":"eToro Partners","article_modified_time":"2024-08-26T13:40:16+00:00","og_image":[{"width":1200,"height":630,"url":"https:\/\/etoropartners.com\/wp-content\/uploads\/2024\/05\/Featured_OUR-REGULATION.png","type":"image\/png"}],"twitter_card":"summary_large_image","twitter_misc":{"Arvioitu lukuaika":"2 minuuttia"},"schema":{"@context":"https:\/\/schema.org","@graph":[{"@type":"WebPage","@id":"https:\/\/etoropartners.com\/fi\/regulators\/","url":"https:\/\/etoropartners.com\/fi\/regulators\/","name":"S\u00e4\u00e4telij\u00e4t","isPartOf":{"@id":"https:\/\/etoropartners.com\/fi\/#website"},"primaryImageOfPage":{"@id":"https:\/\/etoropartners.com\/fi\/regulators\/#primaryimage"},"image":{"@id":"https:\/\/etoropartners.com\/fi\/regulators\/#primaryimage"},"thumbnailUrl":"https:\/\/etoropartners.com\/wp-content\/uploads\/2024\/05\/Featured_OUR-REGULATION.png","datePublished":"2024-05-22T11:05:01+00:00","dateModified":"2024-08-26T13:40:16+00:00","description":"eToroa s\u00e4\u00e4nnell\u00e4\u00e4n useilla laink\u00e4ytt\u00f6alueilla, klikkaa t\u00e4st\u00e4 saadaksesi lis\u00e4tietoja lisensseist\u00e4mme ja s\u00e4\u00e4nn\u00f6ksist\u00e4mme.","breadcrumb":{"@id":"https:\/\/etoropartners.com\/fi\/regulators\/#breadcrumb"},"inLanguage":"fi","potentialAction":[{"@type":"ReadAction","target":["https:\/\/etoropartners.com\/fi\/regulators\/"]}]},{"@type":"ImageObject","inLanguage":"fi","@id":"https:\/\/etoropartners.com\/fi\/regulators\/#primaryimage","url":"https:\/\/etoropartners.com\/wp-content\/uploads\/2024\/05\/Featured_OUR-REGULATION.png","contentUrl":"https:\/\/etoropartners.com\/wp-content\/uploads\/2024\/05\/Featured_OUR-REGULATION.png","width":1200,"height":630},{"@type":"BreadcrumbList","@id":"https:\/\/etoropartners.com\/fi\/regulators\/#breadcrumb","itemListElement":[{"@type":"ListItem","position":1,"name":"Home","item":"https:\/\/etoropartners.com\/fi\/"},{"@type":"ListItem","position":2,"name":"S\u00e4\u00e4telij\u00e4t"}]},{"@type":"WebSite","@id":"https:\/\/etoropartners.com\/fi\/#website","url":"https:\/\/etoropartners.com\/fi\/","name":"eToro Partners","description":"","potentialAction":[{"@type":"SearchAction","target":{"@type":"EntryPoint","urlTemplate":"https:\/\/etoropartners.com\/fi\/?s={search_term_string}"},"query-input":{"@type":"PropertyValueSpecification","valueRequired":true,"valueName":"search_term_string"}}],"inLanguage":"fi"}]}},"_links":{"self":[{"href":"https:\/\/etoropartners.com\/fi\/wp-json\/wp\/v2\/pages\/8815","targetHints":{"allow":["GET"]}}],"collection":[{"href":"https:\/\/etoropartners.com\/fi\/wp-json\/wp\/v2\/pages"}],"about":[{"href":"https:\/\/etoropartners.com\/fi\/wp-json\/wp\/v2\/types\/page"}],"author":[{"embeddable":true,"href":"https:\/\/etoropartners.com\/fi\/wp-json\/wp\/v2\/users\/11"}],"replies":[{"embeddable":true,"href":"https:\/\/etoropartners.com\/fi\/wp-json\/wp\/v2\/comments?post=8815"}],"version-history":[{"count":0,"href":"https:\/\/etoropartners.com\/fi\/wp-json\/wp\/v2\/pages\/8815\/revisions"}],"wp:featuredmedia":[{"embeddable":true,"href":"https:\/\/etoropartners.com\/fi\/wp-json\/wp\/v2\/media\/8230"}],"wp:attachment":[{"href":"https:\/\/etoropartners.com\/fi\/wp-json\/wp\/v2\/media?parent=8815"}],"curies":[{"name":"wp","href":"https:\/\/api.w.org\/{rel}","templated":true}]}}