{"id":8783,"date":"2024-05-22T10:54:03","date_gmt":"2024-05-22T08:54:03","guid":{"rendered":"https:\/\/etoropartners.com\/how-to-add-risk-warnings\/"},"modified":"2024-08-26T13:07:54","modified_gmt":"2024-08-26T11:07:54","slug":"how-to-add-risk-warnings","status":"publish","type":"page","link":"https:\/\/etoropartners.com\/fi\/how-to-add-risk-warnings\/","title":{"rendered":"How to add risk warnings"},"content":{"rendered":"\n<section class=\"wp-block-group wp-block-group-boxed wp-block-group-small-top-padding wp-block-group-small-bottom-padding\"><div class=\"wp-block-group-inner is-layout-flow wp-block-group-is-layout-flow\">\n<div class=\"wp-block-columns are-vertically-aligned-top wp-block-columns-1 is-layout-flex wp-container-core-columns-is-layout-9d6595d7 wp-block-columns-is-layout-flex\">\n<div class=\"wp-block-column wp-block-column-align-desktop-center wp-block-column-align-mobile-center is-layout-flow wp-block-column-is-layout-flow\">\n<h2 class=\"wp-block-heading has-text-align-center\">Kuinka lis\u00e4t\u00e4 riskivaroitukset<\/h2>\n\n\n\n<figure class=\"wp-block-image size-full\"><img loading=\"lazy\" decoding=\"async\" width=\"1600\" height=\"400\" src=\"https:\/\/etoropartners.com\/wp-content\/uploads\/2024\/05\/Cover_how-to-add-risk-warnings.jpg\" alt=\"\" class=\"wp-image-8176 wp-image-desktop\" srcset=\"https:\/\/etoropartners.com\/wp-content\/uploads\/2024\/05\/Cover_how-to-add-risk-warnings.jpg 1600w, https:\/\/etoropartners.com\/wp-content\/uploads\/2024\/05\/Cover_how-to-add-risk-warnings-300x75.jpg 300w, https:\/\/etoropartners.com\/wp-content\/uploads\/2024\/05\/Cover_how-to-add-risk-warnings-1024x256.jpg 1024w, https:\/\/etoropartners.com\/wp-content\/uploads\/2024\/05\/Cover_how-to-add-risk-warnings-768x192.jpg 768w, https:\/\/etoropartners.com\/wp-content\/uploads\/2024\/05\/Cover_how-to-add-risk-warnings-1536x384.jpg 1536w\" sizes=\"auto, (max-width: 1600px) 100vw, 1600px\" \/><\/figure>\n<\/div>\n<\/div>\n<\/div><\/section>\n\n\n\n<section class=\"wp-block-group wp-block-group-boxed wp-block-group-small-top-padding wp-block-group-small-bottom-padding\"><div class=\"wp-block-group-inner is-layout-flow wp-block-group-is-layout-flow\">\n<div class=\"wp-block-columns are-vertically-aligned-top wp-block-columns-1 is-layout-flex wp-container-core-columns-is-layout-9d6595d7 wp-block-columns-is-layout-flex\">\n<div class=\"wp-block-column is-layout-flow wp-block-column-is-layout-flow\">\n<p>Riskivaroitusten on oltava n\u00e4kyv\u00e4sti esill\u00e4, jotta kuluttajat voivat helposti lukea ja ymm\u00e4rt\u00e4\u00e4 ne.<\/p>\n\n\n\n<p class=\"is-style-heading-2\">Miss\u00e4 riskivaroituksia tarvitaan?\u00a0\u00a0<\/p>\n\n\n\n<p>Riskivaroitukset on lis\u00e4tt\u00e4v\u00e4 jokaiseen eToro-mainokseen, jokaisen eToroon johtavan linkin tai toimintakehoituksen viereen.<\/p>\n\n\n\n<p>eToro-arvosteluihin tai artikkeleihin, joissa mainitaan eToro, on lis\u00e4tt\u00e4v\u00e4 riskivaroitukset tekstin alkuun. Jos samalla sivulla on kuitenkin erillisi\u00e4 osioita, kuten bannereita tai muita eToroon viittaavia elementtej\u00e4, ne tarvitsevat my\u00f6s omat riskivaroituksensa linkin tai toimintakehoituksen l\u00e4heisyydess\u00e4.<\/p>\n\n\n\n<p>Voit sis\u00e4llytt\u00e4\u00e4 riskivaroitukset videoon koko videon keston ajaksi tai esitt\u00e4\u00e4 vastuuvapauslausekkeen koko ruudulla 10 sekunnin ajan videon alussa. My\u00f6s videon kuvaukseen on aina sis\u00e4llytett\u00e4v\u00e4 riskivaroitus.&nbsp;<\/p>\n\n\n\n<p>Huomaa, ett\u00e4 jos n\u00e4iss\u00e4 elementeiss\u00e4 ei ole tilaa t\u00e4ysipitk\u00e4lle riskivaroitukselle, voit k\u00e4ytt\u00e4\u00e4 riskivaroituksen lyhennetty\u00e4 versiota, jos sellainen on saatavilla.<\/p>\n\n\n\n<p>Jos haluat lis\u00e4t\u00e4 useita riskivaroituksia moniin eri paikkoihin sivulla, voit tehd\u00e4 sen my\u00f6s lis\u00e4\u00e4m\u00e4ll\u00e4 kelluvan riskivaroituksen, joka on aina n\u00e4kyviss\u00e4 sivulla.<\/p>\n<\/div>\n<\/div>\n<\/div><\/section>\n\n\n\n<section class=\"wp-block-group wp-block-group-boxed wp-block-group-small-top-padding wp-block-group-small-bottom-padding\"><div class=\"wp-block-group-inner is-layout-flow wp-block-group-is-layout-flow\">\n<div class=\"wp-block-columns are-vertically-aligned-top wp-block-columns-1 is-layout-flex wp-container-core-columns-is-layout-9d6595d7 wp-block-columns-is-layout-flex\">\n<div class=\"wp-block-column wp-block-column-align-desktop-center wp-block-column-align-mobile-center is-layout-flow wp-block-column-is-layout-flow\">\n<figure class=\"wp-block-embed is-type-rich is-provider-embed-handler wp-block-embed-embed-handler wp-embed-aspect-16-9 wp-has-aspect-ratio\"><div class=\"wp-block-embed__wrapper\">\n<div class=\"ec-video\"><iframe loading=\"lazy\" title=\"Compliance training video 4- 16:9 - How to  add risk warnings\" width=\"500\" height=\"281\" src=\"https:\/\/www.youtube.com\/embed\/Ar9eFGOq1xg?feature=oembed\" frameborder=\"0\" allow=\"accelerometer; autoplay; clipboard-write; encrypted-media; gyroscope; picture-in-picture; web-share\" referrerpolicy=\"strict-origin-when-cross-origin\" allowfullscreen><\/iframe><\/div>\n<\/div><\/figure>\n<\/div>\n<\/div>\n<\/div><\/section>\n\n\n\n<section class=\"wp-block-group wp-block-group-boxed wp-block-group-small-top-padding wp-block-group-small-bottom-padding\"><div class=\"wp-block-group-inner is-layout-flow wp-block-group-is-layout-flow\">\n<div class=\"wp-block-columns are-vertically-aligned-top wp-block-columns-1 is-layout-flex wp-container-core-columns-is-layout-9d6595d7 wp-block-columns-is-layout-flex\">\n<div class=\"wp-block-column is-layout-flow wp-block-column-is-layout-flow\">\n<p class=\"is-style-heading-2\">Kuinka l\u00f6yt\u00e4\u00e4 asianmukaiset riskivaroitukset<\/p>\n\n\n\n<p>K\u00e4ytett\u00e4v\u00e4t riskivaroitukset m\u00e4\u00e4r\u00e4ytyv\u00e4t kohdemaiden ja mainitsemiesi tuotteiden perusteella. <a href=\"https:\/\/etoropartners.com\/guidelines\/\">Ohjeista<\/a> l\u00f6yd\u00e4t asiaankuuluvat riskivaroitukset maittain ja luokittain.<\/p>\n\n\n\n<p>Jos kohderyhm\u00e4n\u00e4si on eri maita eri kategorioissa, sinun on k\u00e4ytett\u00e4v\u00e4 kaikkia asiaankuuluvia vastuuvapauslausekkeita.<\/p>\n\n\n\n<p class=\"is-style-heading-2\"><br>Kolme asiaa, jotka on pidett\u00e4v\u00e4 mieless\u00e4 :<\/p>\n\n\n\n<p class=\"is-style-default\"><br><strong>Numero 1. <\/strong>Huomaa, ett\u00e4 joissakin maissa, kuten Espanjassa ja Yhdistyneess\u00e4 kuningaskunnassa, on erityisi\u00e4 varoituksia kryptoriskeist\u00e4.\u00a0<\/p>\n\n\n\n<p><strong>Numero 2.<\/strong> Jos mainostat sosiaalisessa mediassa, sinun on mainittava, ett\u00e4 olet kumppani tai ett\u00e4 kyseess\u00e4 on maksettu mainos. T\u00e4m\u00e4 voi olla niinkin yksinkertaista kuin #mainos-hashtagin lis\u00e4\u00e4minen.<br><br><strong>Numero 3<\/strong>. Jos kohdistat markkinointia Yhdysvaltojen markkinoille, sinun on ilmoitettava palkkiot, joita voit saada kumppanuusmainonnasta.<\/p>\n\n\n\n<p><strong>Viimeisen\u00e4 mutta ei v\u00e4h\u00e4isimp\u00e4n\u00e4<\/strong>\u2026on t\u00e4rke\u00e4\u00e4 ottaa huomioon, ett\u00e4 useimmissa CFD-riskivaroituksissa on prosenttiosuus, ja meid\u00e4n on muutettava t\u00e4t\u00e4 prosenttiosuutta kolmen kuukauden v\u00e4lein. Julkaisemme tarvittaessa pyynn\u00f6n muuttaa prosenttiosuutta eToro Partners -sivuston uutisosiossa. Suosittelemme kuitenkin vahvasti, ett\u00e4 k\u00e4yt\u00e4t <a href=\"https:\/\/docs.google.com\/presentation\/d\/12qK8XF8UURt3y9hTFKDv3f0nudVZez_BNxgC2ZsvhFo\/edit#slide=id.g1c27c6d4ca5_0_0\">dynaamista vastuuvapauslausekeprosenttity\u00f6kalua<\/a>. Jos otat t\u00e4m\u00e4n ty\u00f6kalun k\u00e4ytt\u00f6\u00f6n, se n\u00e4ytt\u00e4\u00e4 oikean prosenttiosuuden automaattisesti ja s\u00e4\u00e4st\u00e4\u00e4 sinulta paljon aikaa ja vaivaa.\u00a0<\/p>\n<\/div>\n<\/div>\n<\/div><\/section>\n","protected":false},"excerpt":{"rendered":"<p>Kuinka lis\u00e4t\u00e4 riskivaroitukset Riskivaroitusten on oltava n\u00e4kyv\u00e4sti esill\u00e4, jotta kuluttajat voivat helposti lukea ja ymm\u00e4rt\u00e4\u00e4 ne. Miss\u00e4 riskivaroituksia tarvitaan?\u00a0\u00a0 Riskivaroitukset on lis\u00e4tt\u00e4v\u00e4 jokaiseen eToro-mainokseen, jokaisen eToroon johtavan linkin tai toimintakehoituksen viereen. eToro-arvosteluihin tai artikkeleihin, joissa mainitaan eToro, on lis\u00e4tt\u00e4v\u00e4 riskivaroitukset tekstin alkuun. Jos samalla sivulla on kuitenkin erillisi\u00e4 osioita, kuten bannereita tai muita eToroon viittaavia [&hellip;]<\/p>\n","protected":false},"author":11,"featured_media":8167,"parent":0,"menu_order":0,"comment_status":"closed","ping_status":"closed","template":"","meta":{"_acf_changed":false,"sticky_cta_settings":"","footnotes":""},"class_list":["post-8783","page","type-page","status-publish","has-post-thumbnail","hentry"],"acf":[],"yoast_head":"<!-- This site is optimized with the Yoast SEO plugin v27.3 - https:\/\/yoast.com\/product\/yoast-seo-wordpress\/ -->\n<title>Kuinka lis\u00e4t\u00e4 riskivaroitukset<\/title>\n<meta name=\"description\" content=\"Riskivaroitusten on oltava n\u00e4kyv\u00e4sti esill\u00e4, jotta kuluttajat voivat helposti lukea ja ymm\u00e4rt\u00e4\u00e4 ne. Mihin ne pit\u00e4isi lis\u00e4t\u00e4?\" \/>\n<meta name=\"robots\" content=\"index, follow, max-snippet:-1, max-image-preview:large, max-video-preview:-1\" \/>\n<link rel=\"canonical\" href=\"https:\/\/etoropartners.com\/fi\/how-to-add-risk-warnings\/\" \/>\n<meta property=\"og:locale\" content=\"fi_FI\" \/>\n<meta property=\"og:type\" content=\"article\" \/>\n<meta property=\"og:title\" content=\"Kuinka lis\u00e4t\u00e4 riskivaroitukset\" \/>\n<meta property=\"og:description\" content=\"Riskivaroitusten on oltava n\u00e4kyv\u00e4sti esill\u00e4, jotta kuluttajat voivat helposti lukea ja ymm\u00e4rt\u00e4\u00e4 ne. Mihin ne pit\u00e4isi lis\u00e4t\u00e4?\" \/>\n<meta property=\"og:url\" content=\"https:\/\/etoropartners.com\/fi\/how-to-add-risk-warnings\/\" \/>\n<meta property=\"og:site_name\" content=\"eToro Partners\" \/>\n<meta property=\"article:modified_time\" content=\"2024-08-26T11:07:54+00:00\" \/>\n<meta property=\"og:image\" content=\"https:\/\/etoropartners.com\/wp-content\/uploads\/2024\/05\/Featured_how-to-add-risk-warnings.png\" \/>\n\t<meta property=\"og:image:width\" content=\"1200\" \/>\n\t<meta property=\"og:image:height\" content=\"630\" \/>\n\t<meta property=\"og:image:type\" content=\"image\/png\" \/>\n<meta name=\"twitter:card\" content=\"summary_large_image\" \/>\n<meta name=\"twitter:label1\" content=\"Arvioitu lukuaika\" \/>\n\t<meta name=\"twitter:data1\" content=\"2 minuuttia\" \/>\n<script type=\"application\/ld+json\" class=\"yoast-schema-graph\">{\"@context\":\"https:\\\/\\\/schema.org\",\"@graph\":[{\"@type\":\"WebPage\",\"@id\":\"https:\\\/\\\/etoropartners.com\\\/fi\\\/how-to-add-risk-warnings\\\/\",\"url\":\"https:\\\/\\\/etoropartners.com\\\/fi\\\/how-to-add-risk-warnings\\\/\",\"name\":\"Kuinka lis\u00e4t\u00e4 riskivaroitukset\",\"isPartOf\":{\"@id\":\"https:\\\/\\\/etoropartners.com\\\/fi\\\/#website\"},\"primaryImageOfPage\":{\"@id\":\"https:\\\/\\\/etoropartners.com\\\/fi\\\/how-to-add-risk-warnings\\\/#primaryimage\"},\"image\":{\"@id\":\"https:\\\/\\\/etoropartners.com\\\/fi\\\/how-to-add-risk-warnings\\\/#primaryimage\"},\"thumbnailUrl\":\"https:\\\/\\\/etoropartners.com\\\/wp-content\\\/uploads\\\/2024\\\/05\\\/Featured_how-to-add-risk-warnings.png\",\"datePublished\":\"2024-05-22T08:54:03+00:00\",\"dateModified\":\"2024-08-26T11:07:54+00:00\",\"description\":\"Riskivaroitusten on oltava n\u00e4kyv\u00e4sti esill\u00e4, jotta kuluttajat voivat helposti lukea ja ymm\u00e4rt\u00e4\u00e4 ne. Mihin ne pit\u00e4isi lis\u00e4t\u00e4?\",\"breadcrumb\":{\"@id\":\"https:\\\/\\\/etoropartners.com\\\/fi\\\/how-to-add-risk-warnings\\\/#breadcrumb\"},\"inLanguage\":\"fi\",\"potentialAction\":[{\"@type\":\"ReadAction\",\"target\":[\"https:\\\/\\\/etoropartners.com\\\/fi\\\/how-to-add-risk-warnings\\\/\"]}]},{\"@type\":\"ImageObject\",\"inLanguage\":\"fi\",\"@id\":\"https:\\\/\\\/etoropartners.com\\\/fi\\\/how-to-add-risk-warnings\\\/#primaryimage\",\"url\":\"https:\\\/\\\/etoropartners.com\\\/wp-content\\\/uploads\\\/2024\\\/05\\\/Featured_how-to-add-risk-warnings.png\",\"contentUrl\":\"https:\\\/\\\/etoropartners.com\\\/wp-content\\\/uploads\\\/2024\\\/05\\\/Featured_how-to-add-risk-warnings.png\",\"width\":1200,\"height\":630},{\"@type\":\"BreadcrumbList\",\"@id\":\"https:\\\/\\\/etoropartners.com\\\/fi\\\/how-to-add-risk-warnings\\\/#breadcrumb\",\"itemListElement\":[{\"@type\":\"ListItem\",\"position\":1,\"name\":\"Home\",\"item\":\"https:\\\/\\\/etoropartners.com\\\/fi\\\/\"},{\"@type\":\"ListItem\",\"position\":2,\"name\":\"How to add risk warnings\"}]},{\"@type\":\"WebSite\",\"@id\":\"https:\\\/\\\/etoropartners.com\\\/fi\\\/#website\",\"url\":\"https:\\\/\\\/etoropartners.com\\\/fi\\\/\",\"name\":\"eToro Partners\",\"description\":\"\",\"potentialAction\":[{\"@type\":\"SearchAction\",\"target\":{\"@type\":\"EntryPoint\",\"urlTemplate\":\"https:\\\/\\\/etoropartners.com\\\/fi\\\/?s={search_term_string}\"},\"query-input\":{\"@type\":\"PropertyValueSpecification\",\"valueRequired\":true,\"valueName\":\"search_term_string\"}}],\"inLanguage\":\"fi\"}]}<\/script>\n<!-- \/ Yoast SEO plugin. -->","yoast_head_json":{"title":"Kuinka lis\u00e4t\u00e4 riskivaroitukset","description":"Riskivaroitusten on oltava n\u00e4kyv\u00e4sti esill\u00e4, jotta kuluttajat voivat helposti lukea ja ymm\u00e4rt\u00e4\u00e4 ne. Mihin ne pit\u00e4isi lis\u00e4t\u00e4?","robots":{"index":"index","follow":"follow","max-snippet":"max-snippet:-1","max-image-preview":"max-image-preview:large","max-video-preview":"max-video-preview:-1"},"canonical":"https:\/\/etoropartners.com\/fi\/how-to-add-risk-warnings\/","og_locale":"fi_FI","og_type":"article","og_title":"Kuinka lis\u00e4t\u00e4 riskivaroitukset","og_description":"Riskivaroitusten on oltava n\u00e4kyv\u00e4sti esill\u00e4, jotta kuluttajat voivat helposti lukea ja ymm\u00e4rt\u00e4\u00e4 ne. Mihin ne pit\u00e4isi lis\u00e4t\u00e4?","og_url":"https:\/\/etoropartners.com\/fi\/how-to-add-risk-warnings\/","og_site_name":"eToro Partners","article_modified_time":"2024-08-26T11:07:54+00:00","og_image":[{"width":1200,"height":630,"url":"https:\/\/etoropartners.com\/wp-content\/uploads\/2024\/05\/Featured_how-to-add-risk-warnings.png","type":"image\/png"}],"twitter_card":"summary_large_image","twitter_misc":{"Arvioitu lukuaika":"2 minuuttia"},"schema":{"@context":"https:\/\/schema.org","@graph":[{"@type":"WebPage","@id":"https:\/\/etoropartners.com\/fi\/how-to-add-risk-warnings\/","url":"https:\/\/etoropartners.com\/fi\/how-to-add-risk-warnings\/","name":"Kuinka lis\u00e4t\u00e4 riskivaroitukset","isPartOf":{"@id":"https:\/\/etoropartners.com\/fi\/#website"},"primaryImageOfPage":{"@id":"https:\/\/etoropartners.com\/fi\/how-to-add-risk-warnings\/#primaryimage"},"image":{"@id":"https:\/\/etoropartners.com\/fi\/how-to-add-risk-warnings\/#primaryimage"},"thumbnailUrl":"https:\/\/etoropartners.com\/wp-content\/uploads\/2024\/05\/Featured_how-to-add-risk-warnings.png","datePublished":"2024-05-22T08:54:03+00:00","dateModified":"2024-08-26T11:07:54+00:00","description":"Riskivaroitusten on oltava n\u00e4kyv\u00e4sti esill\u00e4, jotta kuluttajat voivat helposti lukea ja ymm\u00e4rt\u00e4\u00e4 ne. Mihin ne pit\u00e4isi lis\u00e4t\u00e4?","breadcrumb":{"@id":"https:\/\/etoropartners.com\/fi\/how-to-add-risk-warnings\/#breadcrumb"},"inLanguage":"fi","potentialAction":[{"@type":"ReadAction","target":["https:\/\/etoropartners.com\/fi\/how-to-add-risk-warnings\/"]}]},{"@type":"ImageObject","inLanguage":"fi","@id":"https:\/\/etoropartners.com\/fi\/how-to-add-risk-warnings\/#primaryimage","url":"https:\/\/etoropartners.com\/wp-content\/uploads\/2024\/05\/Featured_how-to-add-risk-warnings.png","contentUrl":"https:\/\/etoropartners.com\/wp-content\/uploads\/2024\/05\/Featured_how-to-add-risk-warnings.png","width":1200,"height":630},{"@type":"BreadcrumbList","@id":"https:\/\/etoropartners.com\/fi\/how-to-add-risk-warnings\/#breadcrumb","itemListElement":[{"@type":"ListItem","position":1,"name":"Home","item":"https:\/\/etoropartners.com\/fi\/"},{"@type":"ListItem","position":2,"name":"How to add risk warnings"}]},{"@type":"WebSite","@id":"https:\/\/etoropartners.com\/fi\/#website","url":"https:\/\/etoropartners.com\/fi\/","name":"eToro Partners","description":"","potentialAction":[{"@type":"SearchAction","target":{"@type":"EntryPoint","urlTemplate":"https:\/\/etoropartners.com\/fi\/?s={search_term_string}"},"query-input":{"@type":"PropertyValueSpecification","valueRequired":true,"valueName":"search_term_string"}}],"inLanguage":"fi"}]}},"_links":{"self":[{"href":"https:\/\/etoropartners.com\/fi\/wp-json\/wp\/v2\/pages\/8783","targetHints":{"allow":["GET"]}}],"collection":[{"href":"https:\/\/etoropartners.com\/fi\/wp-json\/wp\/v2\/pages"}],"about":[{"href":"https:\/\/etoropartners.com\/fi\/wp-json\/wp\/v2\/types\/page"}],"author":[{"embeddable":true,"href":"https:\/\/etoropartners.com\/fi\/wp-json\/wp\/v2\/users\/11"}],"replies":[{"embeddable":true,"href":"https:\/\/etoropartners.com\/fi\/wp-json\/wp\/v2\/comments?post=8783"}],"version-history":[{"count":0,"href":"https:\/\/etoropartners.com\/fi\/wp-json\/wp\/v2\/pages\/8783\/revisions"}],"wp:featuredmedia":[{"embeddable":true,"href":"https:\/\/etoropartners.com\/fi\/wp-json\/wp\/v2\/media\/8167"}],"wp:attachment":[{"href":"https:\/\/etoropartners.com\/fi\/wp-json\/wp\/v2\/media?parent=8783"}],"curies":[{"name":"wp","href":"https:\/\/api.w.org\/{rel}","templated":true}]}}