{"id":8752,"date":"2024-05-22T11:00:34","date_gmt":"2024-05-22T09:00:34","guid":{"rendered":"https:\/\/etoropartners.com\/investment-advice\/"},"modified":"2024-08-27T13:36:34","modified_gmt":"2024-08-27T11:36:34","slug":"sijoitusneuvonta","status":"publish","type":"page","link":"https:\/\/etoropartners.com\/fi\/sijoitusneuvonta\/","title":{"rendered":"Sijoitusneuvonta"},"content":{"rendered":"\n<section class=\"wp-block-group wp-block-group-boxed wp-block-group-small-top-padding wp-block-group-small-bottom-padding\"><div class=\"wp-block-group-inner is-layout-flow wp-block-group-is-layout-flow\">\n<div class=\"wp-block-columns are-vertically-aligned-top wp-block-columns-1 is-layout-flex wp-container-core-columns-is-layout-9d6595d7 wp-block-columns-is-layout-flex\">\n<div class=\"wp-block-column wp-block-column-align-desktop-center wp-block-column-align-mobile-center is-layout-flow wp-block-column-is-layout-flow\">\n<h2 class=\"wp-block-heading has-text-align-center\">Sijoitusneuvonta<\/h2>\n<\/div>\n<\/div>\n\n\n\n<figure class=\"wp-block-image size-full\"><img loading=\"lazy\" decoding=\"async\" width=\"1600\" height=\"400\" src=\"https:\/\/etoropartners.com\/wp-content\/uploads\/2024\/05\/Cover_Investment-advice.jpg\" alt=\"\" class=\"wp-image-8208 wp-image-desktop\" srcset=\"https:\/\/etoropartners.com\/wp-content\/uploads\/2024\/05\/Cover_Investment-advice.jpg 1600w, https:\/\/etoropartners.com\/wp-content\/uploads\/2024\/05\/Cover_Investment-advice-300x75.jpg 300w, https:\/\/etoropartners.com\/wp-content\/uploads\/2024\/05\/Cover_Investment-advice-1024x256.jpg 1024w, https:\/\/etoropartners.com\/wp-content\/uploads\/2024\/05\/Cover_Investment-advice-768x192.jpg 768w, https:\/\/etoropartners.com\/wp-content\/uploads\/2024\/05\/Cover_Investment-advice-1536x384.jpg 1536w\" sizes=\"auto, (max-width: 1600px) 100vw, 1600px\" \/><\/figure>\n<\/div><\/section>\n\n\n\n<section class=\"wp-block-group wp-block-group-boxed wp-block-group-small-top-padding wp-block-group-small-bottom-padding\"><div class=\"wp-block-group-inner is-layout-flow wp-block-group-is-layout-flow\">\n<div class=\"wp-block-columns are-vertically-aligned-top wp-block-columns-1 is-layout-flex wp-container-core-columns-is-layout-9d6595d7 wp-block-columns-is-layout-flex\">\n<div class=\"wp-block-column is-layout-flow wp-block-column-is-layout-flow\">\n<p>Sijoitusnevonnan tarjoaminen EI ole sallittua. Mutta mit\u00e4 on sijoitusneuvonta?<\/p>\n\n\n\n<p class=\"is-style-heading-2\">Mit\u00e4 pidet\u00e4\u00e4n sijoitusneuvontana?<\/p>\n\n\n\n<p>Sijoitusneuvonta on mit\u00e4 tahansa suositusta tai opastusta, jolla pyrit\u00e4\u00e4n valistamaan, tiedottamaan tai opastamaan sijoittajaa jonkin tietyn sijoitustuotteen tai -tuotteiden osalta.<\/p>\n\n\n\n<p>K\u00e4vij\u00f6it\u00e4 ei saa neuvoa ostamaan jotakin instrumenttia eik\u00e4 suositella tietty\u00e4 sijoitusta, ei ep\u00e4suorasti eik\u00e4 suorasti.<\/p>\n\n\n\n<p>Instrumenttianalyysej\u00e4 tai -ennusteita voidaan kuitenkin tarjota sijoitustutkimuksena, ja niiden on oltava yleisi\u00e4, julkiseen tietoon perustuvia eik\u00e4 niit\u00e4 saa suunnata tietylle henkil\u00f6lle tai henkil\u00f6ryhm\u00e4lle.<\/p>\n\n\n\n<p class=\"is-style-heading-2\"><strong>Riskivaroitus<\/strong><\/p>\n\n\n\n<p>Kun kirjoitat instrumenttianalyysi\u00e4 tai -ennustetta, seuraava vastuuvapauslauseke on lis\u00e4tt\u00e4v\u00e4 (lis\u00e4ksi riskivaroitukset l\u00f6ytyv\u00e4t <a href=\"https:\/\/etoropartners.com\/guidelines\/\">ohjeiden<\/a> riskivaroituksia koskevasta osiosta):<\/p>\n\n\n\n<p>N\u00e4m\u00e4 tiedot on tarkoitettu ainoastaan tiedotus- ja koulutustarkoituksiin, eik\u00e4 niit\u00e4 pid\u00e4 pit\u00e4\u00e4 sijoitusneuvontana, henkil\u00f6kohtaisena suosituksena tai rahoitusv\u00e4lineiden osto- tai myyntitarjouksena tai -pyynt\u00f6n\u00e4. <strong>T\u00e4m\u00e4 aineisto on laadittu ottamatta huomioon vastaanottajan sijoitustavoitteita tai taloudellista tilannetta, eik\u00e4 sit\u00e4 ole laadittu riippumattoman tutkimuksen edist\u00e4mist\u00e4 koskevien lakis\u00e4\u00e4teisten ja lains\u00e4\u00e4d\u00e4nn\u00f6llisten vaatimusten mukaisesti.<\/strong> Viittaukset rahoitusv\u00e4lineen, indeksin tai paketoidun sijoitustuotteen aiempaan tai tulevaan suorituskykyyn eiv\u00e4t ole, eik\u00e4 niit\u00e4 tule pit\u00e4\u00e4 luotettavana indikaattorina tulevista tuloksista. eToro ei esit\u00e4 eik\u00e4 ota vastuuta t\u00e4m\u00e4n julkaisun sis\u00e4ll\u00f6n tarkkuudesta tai t\u00e4ydellisyydest\u00e4.<\/p>\n\n\n\n<p class=\"is-style-heading-2\">Kiinnit\u00e4 huomiota<\/p>\n\n\n\n<p><strong>Yhdysvallat: <\/strong>Yhdysvalloissa et voi mainostaa eToroa hintaennusteissa. eToroa on sallittua mainostaa instrumenttianalyysiss\u00e4, joka ei sis\u00e4ll\u00e4 ennustetta.<\/p>\n\n\n\n<p><strong>Norja and Sveitsi:<\/strong> Norjassa ja Sveitsiss\u00e4 ei saa mainita mit\u00e4\u00e4n tietty\u00e4 instrumenttia. eToroa ei my\u00f6sk\u00e4\u00e4n saa mainostaa miss\u00e4\u00e4n artikkelissa, jossa mainitaan tiettyj\u00e4 instrumentteja. Voit mainita instrumenttiryhmi\u00e4, kuten osakkeita, CFD:it\u00e4 tai kryptoja, mutta et yksitt\u00e4isi\u00e4 instrumentteja, kuten Tesla tai Apple.<\/p>\n\n\n\n<p>Jos olet ep\u00e4varma, ota yhteytt\u00e4 kumppanuusp\u00e4\u00e4llikk\u00f6\u00f6si tai <a href=\"mailto:lioraed@etoro.com\">Liora Edelsteiniin<\/a> tai sovi <a href=\"https:\/\/calendly.com\/lioraed\">tapaaminen<\/a>.<\/p>\n<\/div>\n<\/div>\n<\/div><\/section>\n","protected":false},"excerpt":{"rendered":"<p>Sijoitusneuvonta Sijoitusnevonnan tarjoaminen EI ole sallittua. Mutta mit\u00e4 on sijoitusneuvonta? Mit\u00e4 pidet\u00e4\u00e4n sijoitusneuvontana? Sijoitusneuvonta on mit\u00e4 tahansa suositusta tai opastusta, jolla pyrit\u00e4\u00e4n valistamaan, tiedottamaan tai opastamaan sijoittajaa jonkin tietyn sijoitustuotteen tai -tuotteiden osalta. K\u00e4vij\u00f6it\u00e4 ei saa neuvoa ostamaan jotakin instrumenttia eik\u00e4 suositella tietty\u00e4 sijoitusta, ei ep\u00e4suorasti eik\u00e4 suorasti. Instrumenttianalyysej\u00e4 tai -ennusteita voidaan kuitenkin tarjota sijoitustutkimuksena, [&hellip;]<\/p>\n","protected":false},"author":11,"featured_media":8199,"parent":0,"menu_order":0,"comment_status":"closed","ping_status":"closed","template":"","meta":{"_acf_changed":false,"sticky_cta_settings":"","footnotes":""},"class_list":["post-8752","page","type-page","status-publish","has-post-thumbnail","hentry"],"acf":[],"yoast_head":"<!-- This site is optimized with the Yoast SEO plugin v27.3 - https:\/\/yoast.com\/product\/yoast-seo-wordpress\/ -->\n<title>Sijoitusneuvonta<\/title>\n<meta name=\"description\" content=\"Sijoitusnevonnan tarjoaminen EI ole sallittua. Mutta mit\u00e4 on sijoitusneuvonta?\" \/>\n<meta name=\"robots\" content=\"index, follow, max-snippet:-1, max-image-preview:large, max-video-preview:-1\" \/>\n<link rel=\"canonical\" href=\"https:\/\/etoropartners.com\/fi\/sijoitusneuvonta\/\" \/>\n<meta property=\"og:locale\" content=\"fi_FI\" \/>\n<meta property=\"og:type\" content=\"article\" \/>\n<meta property=\"og:title\" content=\"Sijoitusneuvonta\" \/>\n<meta property=\"og:description\" content=\"Sijoitusnevonnan tarjoaminen EI ole sallittua. Mutta mit\u00e4 on sijoitusneuvonta?\" \/>\n<meta property=\"og:url\" content=\"https:\/\/etoropartners.com\/fi\/sijoitusneuvonta\/\" \/>\n<meta property=\"og:site_name\" content=\"eToro Partners\" \/>\n<meta property=\"article:modified_time\" content=\"2024-08-27T11:36:34+00:00\" \/>\n<meta property=\"og:image\" content=\"https:\/\/etoropartners.com\/wp-content\/uploads\/2024\/05\/Featured_Investment-advice.png\" \/>\n\t<meta property=\"og:image:width\" content=\"1200\" \/>\n\t<meta property=\"og:image:height\" content=\"630\" \/>\n\t<meta property=\"og:image:type\" content=\"image\/png\" \/>\n<meta name=\"twitter:card\" content=\"summary_large_image\" \/>\n<meta name=\"twitter:label1\" content=\"Arvioitu lukuaika\" \/>\n\t<meta name=\"twitter:data1\" content=\"2 minuuttia\" \/>\n<script type=\"application\/ld+json\" class=\"yoast-schema-graph\">{\"@context\":\"https:\\\/\\\/schema.org\",\"@graph\":[{\"@type\":\"WebPage\",\"@id\":\"https:\\\/\\\/etoropartners.com\\\/fi\\\/sijoitusneuvonta\\\/\",\"url\":\"https:\\\/\\\/etoropartners.com\\\/fi\\\/sijoitusneuvonta\\\/\",\"name\":\"Sijoitusneuvonta\",\"isPartOf\":{\"@id\":\"https:\\\/\\\/etoropartners.com\\\/fi\\\/#website\"},\"primaryImageOfPage\":{\"@id\":\"https:\\\/\\\/etoropartners.com\\\/fi\\\/sijoitusneuvonta\\\/#primaryimage\"},\"image\":{\"@id\":\"https:\\\/\\\/etoropartners.com\\\/fi\\\/sijoitusneuvonta\\\/#primaryimage\"},\"thumbnailUrl\":\"https:\\\/\\\/etoropartners.com\\\/wp-content\\\/uploads\\\/2024\\\/05\\\/Featured_Investment-advice.png\",\"datePublished\":\"2024-05-22T09:00:34+00:00\",\"dateModified\":\"2024-08-27T11:36:34+00:00\",\"description\":\"Sijoitusnevonnan tarjoaminen EI ole sallittua. Mutta mit\u00e4 on sijoitusneuvonta?\",\"breadcrumb\":{\"@id\":\"https:\\\/\\\/etoropartners.com\\\/fi\\\/sijoitusneuvonta\\\/#breadcrumb\"},\"inLanguage\":\"fi\",\"potentialAction\":[{\"@type\":\"ReadAction\",\"target\":[\"https:\\\/\\\/etoropartners.com\\\/fi\\\/sijoitusneuvonta\\\/\"]}]},{\"@type\":\"ImageObject\",\"inLanguage\":\"fi\",\"@id\":\"https:\\\/\\\/etoropartners.com\\\/fi\\\/sijoitusneuvonta\\\/#primaryimage\",\"url\":\"https:\\\/\\\/etoropartners.com\\\/wp-content\\\/uploads\\\/2024\\\/05\\\/Featured_Investment-advice.png\",\"contentUrl\":\"https:\\\/\\\/etoropartners.com\\\/wp-content\\\/uploads\\\/2024\\\/05\\\/Featured_Investment-advice.png\",\"width\":1200,\"height\":630},{\"@type\":\"BreadcrumbList\",\"@id\":\"https:\\\/\\\/etoropartners.com\\\/fi\\\/sijoitusneuvonta\\\/#breadcrumb\",\"itemListElement\":[{\"@type\":\"ListItem\",\"position\":1,\"name\":\"Home\",\"item\":\"https:\\\/\\\/etoropartners.com\\\/fi\\\/\"},{\"@type\":\"ListItem\",\"position\":2,\"name\":\"Sijoitusneuvonta\"}]},{\"@type\":\"WebSite\",\"@id\":\"https:\\\/\\\/etoropartners.com\\\/fi\\\/#website\",\"url\":\"https:\\\/\\\/etoropartners.com\\\/fi\\\/\",\"name\":\"eToro Partners\",\"description\":\"\",\"potentialAction\":[{\"@type\":\"SearchAction\",\"target\":{\"@type\":\"EntryPoint\",\"urlTemplate\":\"https:\\\/\\\/etoropartners.com\\\/fi\\\/?s={search_term_string}\"},\"query-input\":{\"@type\":\"PropertyValueSpecification\",\"valueRequired\":true,\"valueName\":\"search_term_string\"}}],\"inLanguage\":\"fi\"}]}<\/script>\n<!-- \/ Yoast SEO plugin. -->","yoast_head_json":{"title":"Sijoitusneuvonta","description":"Sijoitusnevonnan tarjoaminen EI ole sallittua. Mutta mit\u00e4 on sijoitusneuvonta?","robots":{"index":"index","follow":"follow","max-snippet":"max-snippet:-1","max-image-preview":"max-image-preview:large","max-video-preview":"max-video-preview:-1"},"canonical":"https:\/\/etoropartners.com\/fi\/sijoitusneuvonta\/","og_locale":"fi_FI","og_type":"article","og_title":"Sijoitusneuvonta","og_description":"Sijoitusnevonnan tarjoaminen EI ole sallittua. Mutta mit\u00e4 on sijoitusneuvonta?","og_url":"https:\/\/etoropartners.com\/fi\/sijoitusneuvonta\/","og_site_name":"eToro Partners","article_modified_time":"2024-08-27T11:36:34+00:00","og_image":[{"width":1200,"height":630,"url":"https:\/\/etoropartners.com\/wp-content\/uploads\/2024\/05\/Featured_Investment-advice.png","type":"image\/png"}],"twitter_card":"summary_large_image","twitter_misc":{"Arvioitu lukuaika":"2 minuuttia"},"schema":{"@context":"https:\/\/schema.org","@graph":[{"@type":"WebPage","@id":"https:\/\/etoropartners.com\/fi\/sijoitusneuvonta\/","url":"https:\/\/etoropartners.com\/fi\/sijoitusneuvonta\/","name":"Sijoitusneuvonta","isPartOf":{"@id":"https:\/\/etoropartners.com\/fi\/#website"},"primaryImageOfPage":{"@id":"https:\/\/etoropartners.com\/fi\/sijoitusneuvonta\/#primaryimage"},"image":{"@id":"https:\/\/etoropartners.com\/fi\/sijoitusneuvonta\/#primaryimage"},"thumbnailUrl":"https:\/\/etoropartners.com\/wp-content\/uploads\/2024\/05\/Featured_Investment-advice.png","datePublished":"2024-05-22T09:00:34+00:00","dateModified":"2024-08-27T11:36:34+00:00","description":"Sijoitusnevonnan tarjoaminen EI ole sallittua. Mutta mit\u00e4 on sijoitusneuvonta?","breadcrumb":{"@id":"https:\/\/etoropartners.com\/fi\/sijoitusneuvonta\/#breadcrumb"},"inLanguage":"fi","potentialAction":[{"@type":"ReadAction","target":["https:\/\/etoropartners.com\/fi\/sijoitusneuvonta\/"]}]},{"@type":"ImageObject","inLanguage":"fi","@id":"https:\/\/etoropartners.com\/fi\/sijoitusneuvonta\/#primaryimage","url":"https:\/\/etoropartners.com\/wp-content\/uploads\/2024\/05\/Featured_Investment-advice.png","contentUrl":"https:\/\/etoropartners.com\/wp-content\/uploads\/2024\/05\/Featured_Investment-advice.png","width":1200,"height":630},{"@type":"BreadcrumbList","@id":"https:\/\/etoropartners.com\/fi\/sijoitusneuvonta\/#breadcrumb","itemListElement":[{"@type":"ListItem","position":1,"name":"Home","item":"https:\/\/etoropartners.com\/fi\/"},{"@type":"ListItem","position":2,"name":"Sijoitusneuvonta"}]},{"@type":"WebSite","@id":"https:\/\/etoropartners.com\/fi\/#website","url":"https:\/\/etoropartners.com\/fi\/","name":"eToro Partners","description":"","potentialAction":[{"@type":"SearchAction","target":{"@type":"EntryPoint","urlTemplate":"https:\/\/etoropartners.com\/fi\/?s={search_term_string}"},"query-input":{"@type":"PropertyValueSpecification","valueRequired":true,"valueName":"search_term_string"}}],"inLanguage":"fi"}]}},"_links":{"self":[{"href":"https:\/\/etoropartners.com\/fi\/wp-json\/wp\/v2\/pages\/8752","targetHints":{"allow":["GET"]}}],"collection":[{"href":"https:\/\/etoropartners.com\/fi\/wp-json\/wp\/v2\/pages"}],"about":[{"href":"https:\/\/etoropartners.com\/fi\/wp-json\/wp\/v2\/types\/page"}],"author":[{"embeddable":true,"href":"https:\/\/etoropartners.com\/fi\/wp-json\/wp\/v2\/users\/11"}],"replies":[{"embeddable":true,"href":"https:\/\/etoropartners.com\/fi\/wp-json\/wp\/v2\/comments?post=8752"}],"version-history":[{"count":0,"href":"https:\/\/etoropartners.com\/fi\/wp-json\/wp\/v2\/pages\/8752\/revisions"}],"wp:featuredmedia":[{"embeddable":true,"href":"https:\/\/etoropartners.com\/fi\/wp-json\/wp\/v2\/media\/8199"}],"wp:attachment":[{"href":"https:\/\/etoropartners.com\/fi\/wp-json\/wp\/v2\/media?parent=8752"}],"curies":[{"name":"wp","href":"https:\/\/api.w.org\/{rel}","templated":true}]}}