{"id":8734,"date":"2024-05-22T09:50:03","date_gmt":"2024-05-22T07:50:03","guid":{"rendered":"https:\/\/etoropartners.com\/be-accurate\/"},"modified":"2024-08-26T10:52:13","modified_gmt":"2024-08-26T08:52:13","slug":"be-accurate","status":"publish","type":"page","link":"https:\/\/etoropartners.com\/fi\/be-accurate\/","title":{"rendered":"How to be accurate, balanced, and not misleading"},"content":{"rendered":"\n<section class=\"wp-block-group wp-block-group-boxed wp-block-group-small-top-padding wp-block-group-small-bottom-padding\"><div class=\"wp-block-group-inner is-layout-flow wp-block-group-is-layout-flow\">\n<div class=\"wp-block-columns are-vertically-aligned-top wp-block-columns-1 is-layout-flex wp-container-core-columns-is-layout-9d6595d7 wp-block-columns-is-layout-flex\">\n<div class=\"wp-block-column wp-block-column-align-desktop-center wp-block-column-align-mobile-center is-layout-flow wp-block-column-is-layout-flow\">\n<h2 class=\"wp-block-heading has-text-align-center\">Kuinka olla t\u00e4sm\u00e4llinen, tasapuolinen eik\u00e4 harhaanjohtava<\/h2>\n\n\n\n<figure class=\"wp-block-image size-full\"><img loading=\"lazy\" decoding=\"async\" width=\"1600\" height=\"400\" src=\"https:\/\/etoropartners.com\/wp-content\/uploads\/2024\/05\/Cover_be-accurate.jpg\" alt=\"\" class=\"wp-image-8091 wp-image-desktop\" srcset=\"https:\/\/etoropartners.com\/wp-content\/uploads\/2024\/05\/Cover_be-accurate.jpg 1600w, https:\/\/etoropartners.com\/wp-content\/uploads\/2024\/05\/Cover_be-accurate-300x75.jpg 300w, https:\/\/etoropartners.com\/wp-content\/uploads\/2024\/05\/Cover_be-accurate-1024x256.jpg 1024w, https:\/\/etoropartners.com\/wp-content\/uploads\/2024\/05\/Cover_be-accurate-768x192.jpg 768w, https:\/\/etoropartners.com\/wp-content\/uploads\/2024\/05\/Cover_be-accurate-1536x384.jpg 1536w\" sizes=\"auto, (max-width: 1600px) 100vw, 1600px\" \/><\/figure>\n<\/div>\n<\/div>\n<\/div><\/section>\n\n\n\n<section class=\"wp-block-group wp-block-group-boxed wp-block-group-small-top-padding wp-block-group-small-bottom-padding\"><div class=\"wp-block-group-inner is-layout-flow wp-block-group-is-layout-flow\">\n<div class=\"wp-block-columns are-vertically-aligned-top wp-block-columns-1 is-layout-flex wp-container-core-columns-is-layout-9d6595d7 wp-block-columns-is-layout-flex\">\n<div class=\"wp-block-column is-layout-flow wp-block-column-is-layout-flow\">\n<p>Yksi t\u00e4rkeimmist\u00e4 s\u00e4\u00e4nt\u00f6jen noudattamista koskevista s\u00e4\u00e4nn\u00f6ist\u00e4 kuuluu seuraavasti: mainonnan on oltava t\u00e4sm\u00e4llist\u00e4, tasapainoista eik\u00e4 harhaanjohtavaa. Seuraavassa on muutamia esimerkkej\u00e4 siit\u00e4, mit\u00e4 t\u00e4m\u00e4 tarkoittaa.<\/p>\n\n\n\n<p class=\"is-style-heading-2\">Nelj\u00e4 asiaa, joista sinun tulisi olla tarkka:<\/p>\n\n\n\n<p><br>1. \u00c4l\u00e4 esiinny jonakin muuna: \u00e4l\u00e4 sano edustavasi eToroa tai k\u00e4yt\u00e4 eToroa verkkotunnuksessasi.<\/p>\n\n\n\n<p>2. \u00c4l\u00e4 esit\u00e4 eToroa paikallisena tuotemerkkin\u00e4, kun se ei ole. Esimerkiksi: Lause, kuten &#8221;Paras ranskalainen v\u00e4litt\u00e4j\u00e4&#8221; ei ole s\u00e4\u00e4nt\u00f6jen mukainen. Vaikka eToro voi olla saatavilla Ranskassa, se ei ole ranskalainen v\u00e4litt\u00e4j\u00e4, joten v\u00e4lt\u00e4 kuvaamasta sit\u00e4 sellaisena.<\/p>\n\n\n\n<p>3. \u00c4l\u00e4 mainosta instrumentteja, kampanjoita tai maksutapoja, jotka eiv\u00e4t ole saatavilla.<\/p>\n\n\n\n<p>4. Ole tarkka maksuvaihtoehdoista, maksuista ja vipuvaikutuksen enimm\u00e4ism\u00e4\u00e4r\u00e4st\u00e4 (riippuen kohde-etuudesta) ja varmista, ett\u00e4 tarkistat maksuluettelon eToron verkkosivustolta saadaksesi ajantasaisimmat tiedot.<\/p>\n\n\n\n<p>L\u00f6yd\u00e4t linkit kaikkiin tietoihin, joita tarvitset t\u00e4sm\u00e4llisten kampanjoiden kirjoittamiseen, eToron Kumppanit-osion <a href=\"https:\/\/etoropartners.com\/fi\/find-out-more\/\">&#8221;Lis\u00e4tietoja&#8221;<\/a>-kohdasta.<br><\/p>\n<\/div>\n<\/div>\n<\/div><\/section>\n\n\n\n<section class=\"wp-block-group wp-block-group-boxed wp-block-group-small-top-padding wp-block-group-small-bottom-padding\"><div class=\"wp-block-group-inner is-layout-flow wp-block-group-is-layout-flow\">\n<div class=\"wp-block-columns are-vertically-aligned-top wp-block-columns-1 is-layout-flex wp-container-core-columns-is-layout-9d6595d7 wp-block-columns-is-layout-flex\">\n<div class=\"wp-block-column wp-block-column-align-desktop-center wp-block-column-align-mobile-center is-layout-flow wp-block-column-is-layout-flow\">\n<figure class=\"wp-block-embed is-type-rich is-provider-embed-handler wp-block-embed-embed-handler wp-embed-aspect-16-9 wp-has-aspect-ratio\"><div class=\"wp-block-embed__wrapper\">\n<div class=\"ec-video\"><iframe loading=\"lazy\" title=\"Compliance training video 2 - 16:9 - How to be accurate, fair, not misleading\" width=\"500\" height=\"281\" src=\"https:\/\/www.youtube.com\/embed\/Im2UgdX05dg?feature=oembed\" frameborder=\"0\" allow=\"accelerometer; autoplay; clipboard-write; encrypted-media; gyroscope; picture-in-picture; web-share\" referrerpolicy=\"strict-origin-when-cross-origin\" allowfullscreen><\/iframe><\/div>\n<\/div><\/figure>\n<\/div>\n<\/div>\n<\/div><\/section>\n\n\n\n<section class=\"wp-block-group wp-block-group-boxed wp-block-group-small-top-padding wp-block-group-small-bottom-padding\"><div class=\"wp-block-group-inner is-layout-flow wp-block-group-is-layout-flow\">\n<div class=\"wp-block-columns are-vertically-aligned-top wp-block-columns-1 is-layout-flex wp-container-core-columns-is-layout-9d6595d7 wp-block-columns-is-layout-flex\">\n<div class=\"wp-block-column is-layout-flow wp-block-column-is-layout-flow\">\n<p class=\"is-style-heading-2\">Myynninedist\u00e4misesi tulisi olla tasapuolista:<\/p>\n\n\n\n<p>1. Varmista, ett\u00e4 viestisi on tasapuolinen: kun mainitset mahdolliset hy\u00f6dyt, mainitse aina my\u00f6s niihin liittyv\u00e4t riskit ja mahdolliset tappiot. Jos mainitset, ett\u00e4 vipuvaikutusta voidaan k\u00e4ytt\u00e4\u00e4 voittojen maksimointiin, mainitse my\u00f6s, ett\u00e4 se maksimoi mahdolliset tappiot.&nbsp;<\/p>\n\n\n\n<p>2. \u00c4l\u00e4 k\u00e4yt\u00e4 kuvia, jotka viittaavat voittoihin, kuten rahaan, luksusautoihin jne.&nbsp;<\/p>\n\n\n\n<p>3. Kun mainostat Popular Investor -sijoittajia, \u00e4l\u00e4 kutsu heit\u00e4 &#8221;ammattimaisina sijoittajina&#8221; tai &#8221;maailman parhaina sijoittajina&#8221;. Voit k\u00e4ytt\u00e4\u00e4 tarkempia kuvauksia, kuten &#8221;eToron parhaat sijoittajat&#8221; tai &#8221;kokeneet sijoittajat&#8221; tai &#8221;parhaiten suoriutuvat sijoittajat\u201d.<\/p>\n\n\n\n<p>4. Kun mainostat CopyTradingia, \u00e4l\u00e4 esit\u00e4 v\u00e4itt\u00e4mi\u00e4, kuten &#8221;et tarvitse mit\u00e4\u00e4n tietoa&#8221; tai &#8221;istu alas ja rentoudu, kun muut tekev\u00e4t ty\u00f6n puolestasi&#8221;. Muista, ett\u00e4 CopyTrading on kaupank\u00e4ynti\u00e4, ja riskej\u00e4 ja tappioita voi silti aiheutua.<\/p>\n\n\n\n<p>5. \u00c4l\u00e4 k\u00e4yt\u00e4 sanaa &#8221;helppo&#8221; osakemarkkinoista puhuttaessa. Kaupank\u00e4ynti ei ole helppoa, joten v\u00e4lt\u00e4 kirjoittamasta lauseita kuten &#8221;Kaupank\u00e4ynti on helppoa eTorossa&#8221; tai &#8221;eToro sopii aloittelijoille&#8221;. Sen sijaan voit korostaa, ett\u00e4 eToro on k\u00e4ytt\u00e4j\u00e4yst\u00e4v\u00e4llinen, ja sen alusta on intuitiivinen.<\/p>\n\n\n\n<p class=\"is-style-heading-2\"><br><br>Viimeisen\u00e4 mutta ei v\u00e4h\u00e4isimp\u00e4n\u00e4 \u2014 Ei harhaanjohtamista.<\/p>\n\n\n\n<p>Jos jokin asia ei ole selke\u00e4 tai tasapuolinen, se todenn\u00e4k\u00f6isesti johtaa asiakasta harhaan ostop\u00e4\u00e4t\u00f6ksen tekemisess\u00e4. V\u00e4lt\u00e4 siis k\u00e4ytt\u00e4m\u00e4st\u00e4 lauseita, kuten:<\/p>\n\n\n\n<ul class=\"wp-block-list wp-block-list wp-block-list-circle\">\n<li>\u201cKaupank\u00e4ynti ei ole koskaan ollut n\u00e4in helppoa\u201d<\/li>\n\n\n\n<li>\u201cAloita urasi kaupank\u00e4vij\u00e4n\u00e4 nyt heti\u201d<\/li>\n\n\n\n<li>\u201cVoit k\u00e4ytt\u00e4\u00e4 kaupank\u00e4ynti\u00e4 lis\u00e4tulojen hankkimiseen ja velkojen maksamiseen nopeammin.\u201d<\/li>\n<\/ul>\n\n\n\n<p>Yhteenveto: muistathan, ett\u00e4 vaatimusten noudattaminen voi olla haastavaa, joten jos olet ep\u00e4varma, ota yhteytt\u00e4 kumppanuusp\u00e4\u00e4llikk\u00f6si tai varaa yksityinen vaatimusten noudattamista koskeva tapaaminen Calendlyn kautta.\u00a0<\/p>\n<\/div>\n<\/div>\n<\/div><\/section>\n","protected":false},"excerpt":{"rendered":"<p>Kuinka olla t\u00e4sm\u00e4llinen, tasapuolinen eik\u00e4 harhaanjohtava Yksi t\u00e4rkeimmist\u00e4 s\u00e4\u00e4nt\u00f6jen noudattamista koskevista s\u00e4\u00e4nn\u00f6ist\u00e4 kuuluu seuraavasti: mainonnan on oltava t\u00e4sm\u00e4llist\u00e4, tasapainoista eik\u00e4 harhaanjohtavaa. Seuraavassa on muutamia esimerkkej\u00e4 siit\u00e4, mit\u00e4 t\u00e4m\u00e4 tarkoittaa. Nelj\u00e4 asiaa, joista sinun tulisi olla tarkka: 1. \u00c4l\u00e4 esiinny jonakin muuna: \u00e4l\u00e4 sano edustavasi eToroa tai k\u00e4yt\u00e4 eToroa verkkotunnuksessasi. 2. \u00c4l\u00e4 esit\u00e4 eToroa paikallisena tuotemerkkin\u00e4, [&hellip;]<\/p>\n","protected":false},"author":11,"featured_media":8082,"parent":0,"menu_order":0,"comment_status":"closed","ping_status":"closed","template":"","meta":{"_acf_changed":false,"sticky_cta_settings":"","footnotes":""},"class_list":["post-8734","page","type-page","status-publish","has-post-thumbnail","hentry"],"acf":[],"yoast_head":"<!-- This site is optimized with the Yoast SEO plugin v27.3 - https:\/\/yoast.com\/product\/yoast-seo-wordpress\/ -->\n<title>Kuinka olla t\u00e4sm\u00e4llinen ja tasapuolinen, eik\u00e4 harhaanjohtava<\/title>\n<meta name=\"description\" content=\"Yksi t\u00e4rkeimmist\u00e4 vaatimustenmukaisuutta koskevista s\u00e4\u00e4nn\u00f6ist\u00e4 kuuluu seuraavasti: myynninedist\u00e4misen on oltava t\u00e4sm\u00e4llist\u00e4, tasapuolista eik\u00e4 se saa olla harhaanjohtavaa. Alla on muutamia esimerkkej\u00e4\" \/>\n<meta name=\"robots\" content=\"index, follow, max-snippet:-1, max-image-preview:large, max-video-preview:-1\" \/>\n<link rel=\"canonical\" href=\"https:\/\/etoropartners.com\/fi\/be-accurate\/\" \/>\n<meta property=\"og:locale\" content=\"fi_FI\" \/>\n<meta property=\"og:type\" content=\"article\" \/>\n<meta property=\"og:title\" content=\"Kuinka olla t\u00e4sm\u00e4llinen ja tasapuolinen, eik\u00e4 harhaanjohtava\" \/>\n<meta property=\"og:description\" content=\"Yksi t\u00e4rkeimmist\u00e4 vaatimustenmukaisuutta koskevista s\u00e4\u00e4nn\u00f6ist\u00e4 kuuluu seuraavasti: myynninedist\u00e4misen on oltava t\u00e4sm\u00e4llist\u00e4, tasapuolista eik\u00e4 se saa olla harhaanjohtavaa. Alla on muutamia esimerkkej\u00e4\" \/>\n<meta property=\"og:url\" content=\"https:\/\/etoropartners.com\/fi\/be-accurate\/\" \/>\n<meta property=\"og:site_name\" content=\"eToro Partners\" \/>\n<meta property=\"article:modified_time\" content=\"2024-08-26T08:52:13+00:00\" \/>\n<meta property=\"og:image\" content=\"https:\/\/etoropartners.com\/wp-content\/uploads\/2024\/05\/Featured_be-accurate.png\" \/>\n\t<meta property=\"og:image:width\" content=\"1200\" \/>\n\t<meta property=\"og:image:height\" content=\"630\" \/>\n\t<meta property=\"og:image:type\" content=\"image\/png\" \/>\n<meta name=\"twitter:card\" content=\"summary_large_image\" \/>\n<meta name=\"twitter:label1\" content=\"Arvioitu lukuaika\" \/>\n\t<meta name=\"twitter:data1\" content=\"2 minuuttia\" \/>\n<script type=\"application\/ld+json\" class=\"yoast-schema-graph\">{\"@context\":\"https:\\\/\\\/schema.org\",\"@graph\":[{\"@type\":\"WebPage\",\"@id\":\"https:\\\/\\\/etoropartners.com\\\/fi\\\/be-accurate\\\/\",\"url\":\"https:\\\/\\\/etoropartners.com\\\/fi\\\/be-accurate\\\/\",\"name\":\"Kuinka olla t\u00e4sm\u00e4llinen ja tasapuolinen, eik\u00e4 harhaanjohtava\",\"isPartOf\":{\"@id\":\"https:\\\/\\\/etoropartners.com\\\/fi\\\/#website\"},\"primaryImageOfPage\":{\"@id\":\"https:\\\/\\\/etoropartners.com\\\/fi\\\/be-accurate\\\/#primaryimage\"},\"image\":{\"@id\":\"https:\\\/\\\/etoropartners.com\\\/fi\\\/be-accurate\\\/#primaryimage\"},\"thumbnailUrl\":\"https:\\\/\\\/etoropartners.com\\\/wp-content\\\/uploads\\\/2024\\\/05\\\/Featured_be-accurate.png\",\"datePublished\":\"2024-05-22T07:50:03+00:00\",\"dateModified\":\"2024-08-26T08:52:13+00:00\",\"description\":\"Yksi t\u00e4rkeimmist\u00e4 vaatimustenmukaisuutta koskevista s\u00e4\u00e4nn\u00f6ist\u00e4 kuuluu seuraavasti: myynninedist\u00e4misen on oltava t\u00e4sm\u00e4llist\u00e4, tasapuolista eik\u00e4 se saa olla harhaanjohtavaa. Alla on muutamia esimerkkej\u00e4\",\"breadcrumb\":{\"@id\":\"https:\\\/\\\/etoropartners.com\\\/fi\\\/be-accurate\\\/#breadcrumb\"},\"inLanguage\":\"fi\",\"potentialAction\":[{\"@type\":\"ReadAction\",\"target\":[\"https:\\\/\\\/etoropartners.com\\\/fi\\\/be-accurate\\\/\"]}]},{\"@type\":\"ImageObject\",\"inLanguage\":\"fi\",\"@id\":\"https:\\\/\\\/etoropartners.com\\\/fi\\\/be-accurate\\\/#primaryimage\",\"url\":\"https:\\\/\\\/etoropartners.com\\\/wp-content\\\/uploads\\\/2024\\\/05\\\/Featured_be-accurate.png\",\"contentUrl\":\"https:\\\/\\\/etoropartners.com\\\/wp-content\\\/uploads\\\/2024\\\/05\\\/Featured_be-accurate.png\",\"width\":1200,\"height\":630,\"caption\":\"Be accurate\"},{\"@type\":\"BreadcrumbList\",\"@id\":\"https:\\\/\\\/etoropartners.com\\\/fi\\\/be-accurate\\\/#breadcrumb\",\"itemListElement\":[{\"@type\":\"ListItem\",\"position\":1,\"name\":\"Home\",\"item\":\"https:\\\/\\\/etoropartners.com\\\/fi\\\/\"},{\"@type\":\"ListItem\",\"position\":2,\"name\":\"How to be accurate, balanced, and not misleading\"}]},{\"@type\":\"WebSite\",\"@id\":\"https:\\\/\\\/etoropartners.com\\\/fi\\\/#website\",\"url\":\"https:\\\/\\\/etoropartners.com\\\/fi\\\/\",\"name\":\"eToro Partners\",\"description\":\"\",\"potentialAction\":[{\"@type\":\"SearchAction\",\"target\":{\"@type\":\"EntryPoint\",\"urlTemplate\":\"https:\\\/\\\/etoropartners.com\\\/fi\\\/?s={search_term_string}\"},\"query-input\":{\"@type\":\"PropertyValueSpecification\",\"valueRequired\":true,\"valueName\":\"search_term_string\"}}],\"inLanguage\":\"fi\"}]}<\/script>\n<!-- \/ Yoast SEO plugin. -->","yoast_head_json":{"title":"Kuinka olla t\u00e4sm\u00e4llinen ja tasapuolinen, eik\u00e4 harhaanjohtava","description":"Yksi t\u00e4rkeimmist\u00e4 vaatimustenmukaisuutta koskevista s\u00e4\u00e4nn\u00f6ist\u00e4 kuuluu seuraavasti: myynninedist\u00e4misen on oltava t\u00e4sm\u00e4llist\u00e4, tasapuolista eik\u00e4 se saa olla harhaanjohtavaa. Alla on muutamia esimerkkej\u00e4","robots":{"index":"index","follow":"follow","max-snippet":"max-snippet:-1","max-image-preview":"max-image-preview:large","max-video-preview":"max-video-preview:-1"},"canonical":"https:\/\/etoropartners.com\/fi\/be-accurate\/","og_locale":"fi_FI","og_type":"article","og_title":"Kuinka olla t\u00e4sm\u00e4llinen ja tasapuolinen, eik\u00e4 harhaanjohtava","og_description":"Yksi t\u00e4rkeimmist\u00e4 vaatimustenmukaisuutta koskevista s\u00e4\u00e4nn\u00f6ist\u00e4 kuuluu seuraavasti: myynninedist\u00e4misen on oltava t\u00e4sm\u00e4llist\u00e4, tasapuolista eik\u00e4 se saa olla harhaanjohtavaa. Alla on muutamia esimerkkej\u00e4","og_url":"https:\/\/etoropartners.com\/fi\/be-accurate\/","og_site_name":"eToro Partners","article_modified_time":"2024-08-26T08:52:13+00:00","og_image":[{"width":1200,"height":630,"url":"https:\/\/etoropartners.com\/wp-content\/uploads\/2024\/05\/Featured_be-accurate.png","type":"image\/png"}],"twitter_card":"summary_large_image","twitter_misc":{"Arvioitu lukuaika":"2 minuuttia"},"schema":{"@context":"https:\/\/schema.org","@graph":[{"@type":"WebPage","@id":"https:\/\/etoropartners.com\/fi\/be-accurate\/","url":"https:\/\/etoropartners.com\/fi\/be-accurate\/","name":"Kuinka olla t\u00e4sm\u00e4llinen ja tasapuolinen, eik\u00e4 harhaanjohtava","isPartOf":{"@id":"https:\/\/etoropartners.com\/fi\/#website"},"primaryImageOfPage":{"@id":"https:\/\/etoropartners.com\/fi\/be-accurate\/#primaryimage"},"image":{"@id":"https:\/\/etoropartners.com\/fi\/be-accurate\/#primaryimage"},"thumbnailUrl":"https:\/\/etoropartners.com\/wp-content\/uploads\/2024\/05\/Featured_be-accurate.png","datePublished":"2024-05-22T07:50:03+00:00","dateModified":"2024-08-26T08:52:13+00:00","description":"Yksi t\u00e4rkeimmist\u00e4 vaatimustenmukaisuutta koskevista s\u00e4\u00e4nn\u00f6ist\u00e4 kuuluu seuraavasti: myynninedist\u00e4misen on oltava t\u00e4sm\u00e4llist\u00e4, tasapuolista eik\u00e4 se saa olla harhaanjohtavaa. Alla on muutamia esimerkkej\u00e4","breadcrumb":{"@id":"https:\/\/etoropartners.com\/fi\/be-accurate\/#breadcrumb"},"inLanguage":"fi","potentialAction":[{"@type":"ReadAction","target":["https:\/\/etoropartners.com\/fi\/be-accurate\/"]}]},{"@type":"ImageObject","inLanguage":"fi","@id":"https:\/\/etoropartners.com\/fi\/be-accurate\/#primaryimage","url":"https:\/\/etoropartners.com\/wp-content\/uploads\/2024\/05\/Featured_be-accurate.png","contentUrl":"https:\/\/etoropartners.com\/wp-content\/uploads\/2024\/05\/Featured_be-accurate.png","width":1200,"height":630,"caption":"Be accurate"},{"@type":"BreadcrumbList","@id":"https:\/\/etoropartners.com\/fi\/be-accurate\/#breadcrumb","itemListElement":[{"@type":"ListItem","position":1,"name":"Home","item":"https:\/\/etoropartners.com\/fi\/"},{"@type":"ListItem","position":2,"name":"How to be accurate, balanced, and not misleading"}]},{"@type":"WebSite","@id":"https:\/\/etoropartners.com\/fi\/#website","url":"https:\/\/etoropartners.com\/fi\/","name":"eToro Partners","description":"","potentialAction":[{"@type":"SearchAction","target":{"@type":"EntryPoint","urlTemplate":"https:\/\/etoropartners.com\/fi\/?s={search_term_string}"},"query-input":{"@type":"PropertyValueSpecification","valueRequired":true,"valueName":"search_term_string"}}],"inLanguage":"fi"}]}},"_links":{"self":[{"href":"https:\/\/etoropartners.com\/fi\/wp-json\/wp\/v2\/pages\/8734","targetHints":{"allow":["GET"]}}],"collection":[{"href":"https:\/\/etoropartners.com\/fi\/wp-json\/wp\/v2\/pages"}],"about":[{"href":"https:\/\/etoropartners.com\/fi\/wp-json\/wp\/v2\/types\/page"}],"author":[{"embeddable":true,"href":"https:\/\/etoropartners.com\/fi\/wp-json\/wp\/v2\/users\/11"}],"replies":[{"embeddable":true,"href":"https:\/\/etoropartners.com\/fi\/wp-json\/wp\/v2\/comments?post=8734"}],"version-history":[{"count":0,"href":"https:\/\/etoropartners.com\/fi\/wp-json\/wp\/v2\/pages\/8734\/revisions"}],"wp:featuredmedia":[{"embeddable":true,"href":"https:\/\/etoropartners.com\/fi\/wp-json\/wp\/v2\/media\/8082"}],"wp:attachment":[{"href":"https:\/\/etoropartners.com\/fi\/wp-json\/wp\/v2\/media?parent=8734"}],"curies":[{"name":"wp","href":"https:\/\/api.w.org\/{rel}","templated":true}]}}