{"id":8704,"date":"2024-05-22T10:18:48","date_gmt":"2024-05-22T08:18:48","guid":{"rendered":"https:\/\/etoropartners.com\/multi-regulated-platform\/"},"modified":"2024-08-21T15:07:48","modified_gmt":"2024-08-21T13:07:48","slug":"multi-regulated-platform","status":"publish","type":"page","link":"https:\/\/etoropartners.com\/fi\/multi-regulated-platform\/","title":{"rendered":"Promoting a multi-regulated platform"},"content":{"rendered":"\n<section class=\"wp-block-group wp-block-group-boxed wp-block-group-small-top-padding wp-block-group-small-bottom-padding\"><div class=\"wp-block-group-inner is-layout-flow wp-block-group-is-layout-flow\">\n<div class=\"wp-block-columns are-vertically-aligned-top wp-block-columns-1 is-layout-flex wp-container-core-columns-is-layout-9d6595d7 wp-block-columns-is-layout-flex\">\n<div class=\"wp-block-column wp-block-column-align-desktop-center wp-block-column-align-mobile-center is-layout-flow wp-block-column-is-layout-flow\">\n<h2 class=\"wp-block-heading has-text-align-center\">Monis\u00e4\u00e4nnellyn alustan mainostaminen<\/h2>\n\n\n\n<figure class=\"wp-block-image size-full\"><img loading=\"lazy\" decoding=\"async\" width=\"1600\" height=\"400\" src=\"https:\/\/etoropartners.com\/wp-content\/uploads\/2024\/05\/Cover_multi-regulated-platform-1.jpg\" alt=\"\" class=\"wp-image-8144 wp-image-desktop\" srcset=\"https:\/\/etoropartners.com\/wp-content\/uploads\/2024\/05\/Cover_multi-regulated-platform-1.jpg 1600w, https:\/\/etoropartners.com\/wp-content\/uploads\/2024\/05\/Cover_multi-regulated-platform-1-300x75.jpg 300w, https:\/\/etoropartners.com\/wp-content\/uploads\/2024\/05\/Cover_multi-regulated-platform-1-1024x256.jpg 1024w, https:\/\/etoropartners.com\/wp-content\/uploads\/2024\/05\/Cover_multi-regulated-platform-1-768x192.jpg 768w, https:\/\/etoropartners.com\/wp-content\/uploads\/2024\/05\/Cover_multi-regulated-platform-1-1536x384.jpg 1536w\" sizes=\"auto, (max-width: 1600px) 100vw, 1600px\" \/><\/figure>\n<\/div>\n<\/div>\n<\/div><\/section>\n\n\n\n<section class=\"wp-block-group wp-block-group-boxed wp-block-group-small-top-padding wp-block-group-small-bottom-padding\"><div class=\"wp-block-group-inner is-layout-flow wp-block-group-is-layout-flow\">\n<div class=\"wp-block-columns are-vertically-aligned-top wp-block-columns-1 is-layout-flex wp-container-core-columns-is-layout-9d6595d7 wp-block-columns-is-layout-flex\">\n<div class=\"wp-block-column is-layout-flow wp-block-column-is-layout-flow\">\n<p>eToro-konsernin yrityksi\u00e4 s\u00e4\u00e4ntelev\u00e4t eri viranomaiset. Sen vuoksi eri maissa sovelletaan erilaisia vaatimuksia ja s\u00e4\u00e4nt\u00f6j\u00e4, eik\u00e4 kaikkia omaisuuseri\u00e4 voida mainostaa jokaisessa maassa. S\u00e4\u00e4ntely m\u00e4\u00e4r\u00e4ytyy yleis\u00f6si maan mukaan ja my\u00f6s verkkosivustollasi k\u00e4ytt\u00e4m\u00e4si kielen, URL-p\u00e4\u00e4tteen ja tiettyjen maiden tai maakohtaisten asioiden, kuten paikallisten valuuttojen, mainitsemisen perusteella.<br><\/p>\n<\/div>\n<\/div>\n<\/div><\/section>\n\n\n\n<section class=\"wp-block-group wp-block-group-boxed wp-block-group-small-top-padding wp-block-group-small-bottom-padding\"><div class=\"wp-block-group-inner is-layout-flow wp-block-group-is-layout-flow\">\n<div class=\"wp-block-columns are-vertically-aligned-top wp-block-columns-1 is-layout-flex wp-container-core-columns-is-layout-9d6595d7 wp-block-columns-is-layout-flex\">\n<div class=\"wp-block-column wp-block-column-align-desktop-center wp-block-column-align-mobile-center is-layout-flow wp-block-column-is-layout-flow\">\n<figure class=\"wp-block-embed is-type-rich is-provider-embed-handler wp-block-embed-embed-handler wp-embed-aspect-16-9 wp-has-aspect-ratio\"><div class=\"wp-block-embed__wrapper\">\n<div class=\"ec-video\"><iframe loading=\"lazy\" title=\"Compliance training video 3 - 16:9 - How to  promote a multiregulated platform\" width=\"500\" height=\"281\" src=\"https:\/\/www.youtube.com\/embed\/u3qzbbYTbjI?feature=oembed\" frameborder=\"0\" allow=\"accelerometer; autoplay; clipboard-write; encrypted-media; gyroscope; picture-in-picture; web-share\" referrerpolicy=\"strict-origin-when-cross-origin\" allowfullscreen><\/iframe><\/div>\n<\/div><\/figure>\n<\/div>\n<\/div>\n<\/div><\/section>\n\n\n\n<section class=\"wp-block-group wp-block-group-boxed wp-block-group-small-top-padding wp-block-group-small-bottom-padding\"><div class=\"wp-block-group-inner is-layout-flow wp-block-group-is-layout-flow\">\n<div class=\"wp-block-columns are-vertically-aligned-top wp-block-columns-1 is-layout-flex wp-container-core-columns-is-layout-9d6595d7 wp-block-columns-is-layout-flex\">\n<div class=\"wp-block-column is-layout-flow wp-block-column-is-layout-flow\">\n<p>T\u00e4rkeimm\u00e4t asiat ensin. Varmista, <strong>ettet mainosta eToroa rajoitetussa maassa<\/strong>, ei vain siksi ett\u00e4 et ansaitse CPA:ta n\u00e4iss\u00e4 maissa, vaan siksi, ett\u00e4 eToron mainostaminen rajoitetussa maassa on vakava rikkomus, joka voi johtaa kumppanuutemme p\u00e4\u00e4ttymiseen. Ole siis tarkkana.<\/p>\n\n\n\n<p>Varmista my\u00f6s, ett\u00e4 <strong>mainostat vain sellaisia omaisuuseri\u00e4, joita voidaan mainostaa kohdemaassasi.<\/strong> Huomaa, ett\u00e4 joissakin maissa tiettyjen omaisuuserien mainostamiselle on rajoituksia, joten varmista, ett\u00e4 tied\u00e4t, mit\u00e4 omaisuueri\u00e4 voit mainostaa ja mit\u00e4 et. Tarkemmat esimerkit l\u00f6yd\u00e4t ohjeista.<br><br>Esimerkiksi Yhdysvalloissa on sallittua mainostaa kryptoja. Jos sinulla on erityislupa, voit mainostaa my\u00f6s osakkeita, ETF-rahastoja ja optioita. CFD:t EIV\u00c4T kuitenkaan ole saatavilla Yhdysvalloissa, joten my\u00f6sk\u00e4\u00e4n valuuttakauppa, hy\u00f6dykkeet, lyhyeksi myynti ja vipuvaikutus eiv\u00e4t ole saatavilla, eik\u00e4 niit\u00e4 tule mainostaa Yhdysvalloissa.&nbsp;<\/p>\n\n\n\n<p>L\u00f6yd\u00e4t kaikki maat ja tuoterajoitukset <a href=\"https:\/\/etoropartners.com\/guidelines\/\">ohje-osiosta<\/a>. Muistathan, ett\u00e4 sivua voidaan p\u00e4ivitt\u00e4\u00e4 aika ajoin.<\/p>\n\n\n\n<p>On my\u00f6s t\u00e4rke\u00e4\u00e4 olla tietoinen siit\u00e4, <strong>mik\u00e4 taho tarjoaa mit\u00e4kin tuotetta<\/strong>. Esimerkiksi Yhdysvalloissa eToro USA LLC tarjoaa yhdysvaltalaisille asiakkaille alustan kryptojen ostamiseen ja myymiseen, ja sit\u00e4 s\u00e4\u00e4ntelee FinCen. Puolestaan&nbsp; eToro USA Securities Inc. on FINRA:n s\u00e4\u00e4ntelem\u00e4 v\u00e4litt\u00e4j\u00e4-kauppias, joka sallii kaupank\u00e4ynnin osakkeilla, ETF-rahastoilla ja optioilla. \u00c4l\u00e4 sekoita n\u00e4it\u00e4 kahta.<\/p>\n\n\n\n<p>L\u00f6yd\u00e4t t\u00e4yden luettelon tahoista, tarjoamasta ja toimiluvista eToron <a href=\"https:\/\/www.etoro.com\/fi\/customer-service\/regulation-license\/\">&#8221;S\u00e4\u00e4ntely ja toimilupa&#8221;<\/a> -sivulta.<\/p>\n\n\n\n<p><strong>Kiinnit\u00e4 my\u00f6s huomiota riskivaroituksiin<\/strong>. Riskivaroitukset, joita sinun on k\u00e4ytett\u00e4v\u00e4, m\u00e4\u00e4r\u00e4ytyv\u00e4t niiden maiden s\u00e4\u00e4nt\u00f6jen mukaan, joissa markkinoit eToroa, sek\u00e4 niiden omaisuuserien mukaan, joita mainostat. Tutustu riskivaroituksia koskevaan ohjeistukseemme <a href=\"https:\/\/etoropartners.com\/guidelines\/\">ohje-osiossa<\/a> n\u00e4hd\u00e4ksesi, mit\u00e4 riskivaroituksia sinun tulisi k\u00e4ytt\u00e4\u00e4 ja milloin.<\/p>\n\n\n\n<p>Jos mainostat useita omaisuuseri\u00e4, k\u00e4yt\u00e4 kaikkia sovellettavia riskivaroituksia.<\/p>\n\n\n\n<p>Joskus sovelletaan useita s\u00e4\u00e4nn\u00f6ksi\u00e4. Esimerkiksi jos mainostat espanjaksi tai englanniksi, yleis\u00f6si voi olla eri maista. N\u00e4iss\u00e4 tapauksissa sinun on noudatettava kaikkien asiaankuuluvien s\u00e4\u00e4ntelyviranomaisten vaatimuksia.<\/p>\n<\/div>\n<\/div>\n<\/div><\/section>\n","protected":false},"excerpt":{"rendered":"<p>Monis\u00e4\u00e4nnellyn alustan mainostaminen eToro-konsernin yrityksi\u00e4 s\u00e4\u00e4ntelev\u00e4t eri viranomaiset. Sen vuoksi eri maissa sovelletaan erilaisia vaatimuksia ja s\u00e4\u00e4nt\u00f6j\u00e4, eik\u00e4 kaikkia omaisuuseri\u00e4 voida mainostaa jokaisessa maassa. S\u00e4\u00e4ntely m\u00e4\u00e4r\u00e4ytyy yleis\u00f6si maan mukaan ja my\u00f6s verkkosivustollasi k\u00e4ytt\u00e4m\u00e4si kielen, URL-p\u00e4\u00e4tteen ja tiettyjen maiden tai maakohtaisten asioiden, kuten paikallisten valuuttojen, mainitsemisen perusteella. T\u00e4rkeimm\u00e4t asiat ensin. Varmista, ettet mainosta eToroa rajoitetussa maassa, [&hellip;]<\/p>\n","protected":false},"author":11,"featured_media":8120,"parent":0,"menu_order":0,"comment_status":"closed","ping_status":"closed","template":"","meta":{"_acf_changed":false,"sticky_cta_settings":"","footnotes":""},"class_list":["post-8704","page","type-page","status-publish","has-post-thumbnail","hentry"],"acf":[],"yoast_head":"<!-- This site is optimized with the Yoast SEO plugin v27.3 - https:\/\/yoast.com\/product\/yoast-seo-wordpress\/ -->\n<title>Monis\u00e4\u00e4nnellyn alustan mainostaminen<\/title>\n<meta name=\"description\" content=\"eToro-konsernin yrityksi\u00e4 s\u00e4\u00e4ntelev\u00e4t eri viranomaiset. Siksi eri maissa sovelletaan erilaisia vaatimuksia ja s\u00e4\u00e4nt\u00f6j\u00e4.\" \/>\n<meta name=\"robots\" content=\"index, follow, max-snippet:-1, max-image-preview:large, max-video-preview:-1\" \/>\n<link rel=\"canonical\" href=\"https:\/\/etoropartners.com\/fi\/multi-regulated-platform\/\" \/>\n<meta property=\"og:locale\" content=\"fi_FI\" \/>\n<meta property=\"og:type\" content=\"article\" \/>\n<meta property=\"og:title\" content=\"Monis\u00e4\u00e4nnellyn alustan mainostaminen\" \/>\n<meta property=\"og:description\" content=\"eToro-konsernin yrityksi\u00e4 s\u00e4\u00e4ntelev\u00e4t eri viranomaiset. Siksi eri maissa sovelletaan erilaisia vaatimuksia ja s\u00e4\u00e4nt\u00f6j\u00e4.\" \/>\n<meta property=\"og:url\" content=\"https:\/\/etoropartners.com\/fi\/multi-regulated-platform\/\" \/>\n<meta property=\"og:site_name\" content=\"eToro Partners\" \/>\n<meta property=\"article:modified_time\" content=\"2024-08-21T13:07:48+00:00\" \/>\n<meta property=\"og:image\" content=\"https:\/\/etoropartners.com\/wp-content\/uploads\/2024\/05\/Featured_multi-regulated-platform.png\" \/>\n\t<meta property=\"og:image:width\" content=\"1200\" \/>\n\t<meta property=\"og:image:height\" content=\"630\" \/>\n\t<meta property=\"og:image:type\" content=\"image\/png\" \/>\n<meta name=\"twitter:card\" content=\"summary_large_image\" \/>\n<meta name=\"twitter:label1\" content=\"Arvioitu lukuaika\" \/>\n\t<meta name=\"twitter:data1\" content=\"2 minuuttia\" \/>\n<script type=\"application\/ld+json\" class=\"yoast-schema-graph\">{\"@context\":\"https:\\\/\\\/schema.org\",\"@graph\":[{\"@type\":\"WebPage\",\"@id\":\"https:\\\/\\\/etoropartners.com\\\/fi\\\/multi-regulated-platform\\\/\",\"url\":\"https:\\\/\\\/etoropartners.com\\\/fi\\\/multi-regulated-platform\\\/\",\"name\":\"Monis\u00e4\u00e4nnellyn alustan mainostaminen\",\"isPartOf\":{\"@id\":\"https:\\\/\\\/etoropartners.com\\\/fi\\\/#website\"},\"primaryImageOfPage\":{\"@id\":\"https:\\\/\\\/etoropartners.com\\\/fi\\\/multi-regulated-platform\\\/#primaryimage\"},\"image\":{\"@id\":\"https:\\\/\\\/etoropartners.com\\\/fi\\\/multi-regulated-platform\\\/#primaryimage\"},\"thumbnailUrl\":\"https:\\\/\\\/etoropartners.com\\\/wp-content\\\/uploads\\\/2024\\\/05\\\/Featured_multi-regulated-platform.png\",\"datePublished\":\"2024-05-22T08:18:48+00:00\",\"dateModified\":\"2024-08-21T13:07:48+00:00\",\"description\":\"eToro-konsernin yrityksi\u00e4 s\u00e4\u00e4ntelev\u00e4t eri viranomaiset. Siksi eri maissa sovelletaan erilaisia vaatimuksia ja s\u00e4\u00e4nt\u00f6j\u00e4.\",\"breadcrumb\":{\"@id\":\"https:\\\/\\\/etoropartners.com\\\/fi\\\/multi-regulated-platform\\\/#breadcrumb\"},\"inLanguage\":\"fi\",\"potentialAction\":[{\"@type\":\"ReadAction\",\"target\":[\"https:\\\/\\\/etoropartners.com\\\/fi\\\/multi-regulated-platform\\\/\"]}]},{\"@type\":\"ImageObject\",\"inLanguage\":\"fi\",\"@id\":\"https:\\\/\\\/etoropartners.com\\\/fi\\\/multi-regulated-platform\\\/#primaryimage\",\"url\":\"https:\\\/\\\/etoropartners.com\\\/wp-content\\\/uploads\\\/2024\\\/05\\\/Featured_multi-regulated-platform.png\",\"contentUrl\":\"https:\\\/\\\/etoropartners.com\\\/wp-content\\\/uploads\\\/2024\\\/05\\\/Featured_multi-regulated-platform.png\",\"width\":1200,\"height\":630},{\"@type\":\"BreadcrumbList\",\"@id\":\"https:\\\/\\\/etoropartners.com\\\/fi\\\/multi-regulated-platform\\\/#breadcrumb\",\"itemListElement\":[{\"@type\":\"ListItem\",\"position\":1,\"name\":\"Home\",\"item\":\"https:\\\/\\\/etoropartners.com\\\/fi\\\/\"},{\"@type\":\"ListItem\",\"position\":2,\"name\":\"Promoting a multi-regulated platform\"}]},{\"@type\":\"WebSite\",\"@id\":\"https:\\\/\\\/etoropartners.com\\\/fi\\\/#website\",\"url\":\"https:\\\/\\\/etoropartners.com\\\/fi\\\/\",\"name\":\"eToro Partners\",\"description\":\"\",\"potentialAction\":[{\"@type\":\"SearchAction\",\"target\":{\"@type\":\"EntryPoint\",\"urlTemplate\":\"https:\\\/\\\/etoropartners.com\\\/fi\\\/?s={search_term_string}\"},\"query-input\":{\"@type\":\"PropertyValueSpecification\",\"valueRequired\":true,\"valueName\":\"search_term_string\"}}],\"inLanguage\":\"fi\"}]}<\/script>\n<!-- \/ Yoast SEO plugin. -->","yoast_head_json":{"title":"Monis\u00e4\u00e4nnellyn alustan mainostaminen","description":"eToro-konsernin yrityksi\u00e4 s\u00e4\u00e4ntelev\u00e4t eri viranomaiset. Siksi eri maissa sovelletaan erilaisia vaatimuksia ja s\u00e4\u00e4nt\u00f6j\u00e4.","robots":{"index":"index","follow":"follow","max-snippet":"max-snippet:-1","max-image-preview":"max-image-preview:large","max-video-preview":"max-video-preview:-1"},"canonical":"https:\/\/etoropartners.com\/fi\/multi-regulated-platform\/","og_locale":"fi_FI","og_type":"article","og_title":"Monis\u00e4\u00e4nnellyn alustan mainostaminen","og_description":"eToro-konsernin yrityksi\u00e4 s\u00e4\u00e4ntelev\u00e4t eri viranomaiset. Siksi eri maissa sovelletaan erilaisia vaatimuksia ja s\u00e4\u00e4nt\u00f6j\u00e4.","og_url":"https:\/\/etoropartners.com\/fi\/multi-regulated-platform\/","og_site_name":"eToro Partners","article_modified_time":"2024-08-21T13:07:48+00:00","og_image":[{"width":1200,"height":630,"url":"https:\/\/etoropartners.com\/wp-content\/uploads\/2024\/05\/Featured_multi-regulated-platform.png","type":"image\/png"}],"twitter_card":"summary_large_image","twitter_misc":{"Arvioitu lukuaika":"2 minuuttia"},"schema":{"@context":"https:\/\/schema.org","@graph":[{"@type":"WebPage","@id":"https:\/\/etoropartners.com\/fi\/multi-regulated-platform\/","url":"https:\/\/etoropartners.com\/fi\/multi-regulated-platform\/","name":"Monis\u00e4\u00e4nnellyn alustan mainostaminen","isPartOf":{"@id":"https:\/\/etoropartners.com\/fi\/#website"},"primaryImageOfPage":{"@id":"https:\/\/etoropartners.com\/fi\/multi-regulated-platform\/#primaryimage"},"image":{"@id":"https:\/\/etoropartners.com\/fi\/multi-regulated-platform\/#primaryimage"},"thumbnailUrl":"https:\/\/etoropartners.com\/wp-content\/uploads\/2024\/05\/Featured_multi-regulated-platform.png","datePublished":"2024-05-22T08:18:48+00:00","dateModified":"2024-08-21T13:07:48+00:00","description":"eToro-konsernin yrityksi\u00e4 s\u00e4\u00e4ntelev\u00e4t eri viranomaiset. Siksi eri maissa sovelletaan erilaisia vaatimuksia ja s\u00e4\u00e4nt\u00f6j\u00e4.","breadcrumb":{"@id":"https:\/\/etoropartners.com\/fi\/multi-regulated-platform\/#breadcrumb"},"inLanguage":"fi","potentialAction":[{"@type":"ReadAction","target":["https:\/\/etoropartners.com\/fi\/multi-regulated-platform\/"]}]},{"@type":"ImageObject","inLanguage":"fi","@id":"https:\/\/etoropartners.com\/fi\/multi-regulated-platform\/#primaryimage","url":"https:\/\/etoropartners.com\/wp-content\/uploads\/2024\/05\/Featured_multi-regulated-platform.png","contentUrl":"https:\/\/etoropartners.com\/wp-content\/uploads\/2024\/05\/Featured_multi-regulated-platform.png","width":1200,"height":630},{"@type":"BreadcrumbList","@id":"https:\/\/etoropartners.com\/fi\/multi-regulated-platform\/#breadcrumb","itemListElement":[{"@type":"ListItem","position":1,"name":"Home","item":"https:\/\/etoropartners.com\/fi\/"},{"@type":"ListItem","position":2,"name":"Promoting a multi-regulated platform"}]},{"@type":"WebSite","@id":"https:\/\/etoropartners.com\/fi\/#website","url":"https:\/\/etoropartners.com\/fi\/","name":"eToro Partners","description":"","potentialAction":[{"@type":"SearchAction","target":{"@type":"EntryPoint","urlTemplate":"https:\/\/etoropartners.com\/fi\/?s={search_term_string}"},"query-input":{"@type":"PropertyValueSpecification","valueRequired":true,"valueName":"search_term_string"}}],"inLanguage":"fi"}]}},"_links":{"self":[{"href":"https:\/\/etoropartners.com\/fi\/wp-json\/wp\/v2\/pages\/8704","targetHints":{"allow":["GET"]}}],"collection":[{"href":"https:\/\/etoropartners.com\/fi\/wp-json\/wp\/v2\/pages"}],"about":[{"href":"https:\/\/etoropartners.com\/fi\/wp-json\/wp\/v2\/types\/page"}],"author":[{"embeddable":true,"href":"https:\/\/etoropartners.com\/fi\/wp-json\/wp\/v2\/users\/11"}],"replies":[{"embeddable":true,"href":"https:\/\/etoropartners.com\/fi\/wp-json\/wp\/v2\/comments?post=8704"}],"version-history":[{"count":0,"href":"https:\/\/etoropartners.com\/fi\/wp-json\/wp\/v2\/pages\/8704\/revisions"}],"wp:featuredmedia":[{"embeddable":true,"href":"https:\/\/etoropartners.com\/fi\/wp-json\/wp\/v2\/media\/8120"}],"wp:attachment":[{"href":"https:\/\/etoropartners.com\/fi\/wp-json\/wp\/v2\/media?parent=8704"}],"curies":[{"name":"wp","href":"https:\/\/api.w.org\/{rel}","templated":true}]}}