{"id":8672,"date":"2024-05-22T08:47:21","date_gmt":"2024-05-22T06:47:21","guid":{"rendered":"https:\/\/etoropartners.com\/8-most-important-things\/"},"modified":"2024-08-20T12:20:01","modified_gmt":"2024-08-20T10:20:01","slug":"8-most-important-things","status":"publish","type":"page","link":"https:\/\/etoropartners.com\/fi\/8-most-important-things\/","title":{"rendered":"The 8 most important things to a compliant campaign"},"content":{"rendered":"\n<section class=\"wp-block-group wp-block-group-boxed wp-block-group-small-top-padding wp-block-group-small-bottom-padding\"><div class=\"wp-block-group-inner is-layout-flow wp-block-group-is-layout-flow\">\n<div class=\"wp-block-columns are-vertically-aligned-top wp-block-columns-1 is-layout-flex wp-container-core-columns-is-layout-9d6595d7 wp-block-columns-is-layout-flex\">\n<div class=\"wp-block-column wp-block-column-align-desktop-center wp-block-column-align-mobile-center is-layout-flow wp-block-column-is-layout-flow\">\n<h2 class=\"wp-block-heading has-text-align-center\">Kahdeksan t\u00e4rkeint\u00e4 asiaa, jotka on otettava huomioon s\u00e4\u00e4nt\u00f6jenmukaista kampanjaa luotaessa<\/h2>\n\n\n\n<figure class=\"wp-block-image size-full\"><img loading=\"lazy\" decoding=\"async\" width=\"1600\" height=\"400\" src=\"https:\/\/etoropartners.com\/wp-content\/uploads\/2024\/05\/Cover_8-most-important-things.jpg\" alt=\"8 most important things to consider when creating a compliant campaign\" class=\"wp-image-8016 wp-image-desktop\" srcset=\"https:\/\/etoropartners.com\/wp-content\/uploads\/2024\/05\/Cover_8-most-important-things.jpg 1600w, https:\/\/etoropartners.com\/wp-content\/uploads\/2024\/05\/Cover_8-most-important-things-300x75.jpg 300w, https:\/\/etoropartners.com\/wp-content\/uploads\/2024\/05\/Cover_8-most-important-things-1024x256.jpg 1024w, https:\/\/etoropartners.com\/wp-content\/uploads\/2024\/05\/Cover_8-most-important-things-768x192.jpg 768w, https:\/\/etoropartners.com\/wp-content\/uploads\/2024\/05\/Cover_8-most-important-things-1536x384.jpg 1536w\" sizes=\"auto, (max-width: 1600px) 100vw, 1600px\" \/><\/figure>\n<\/div>\n<\/div>\n<\/div><\/section>\n\n\n\n<section class=\"wp-block-group wp-block-group-boxed wp-block-group-small-top-padding wp-block-group-small-bottom-padding\"><div class=\"wp-block-group-inner is-layout-flow wp-block-group-is-layout-flow\">\n<div class=\"wp-block-columns are-vertically-aligned-top wp-block-columns-1 is-layout-flex wp-container-core-columns-is-layout-9d6595d7 wp-block-columns-is-layout-flex\">\n<div class=\"wp-block-column is-layout-flow wp-block-column-is-layout-flow\">\n<p class=\"has-text-align-left\">eToro on arvostettu tuotemerkki, joka tarjoaa kaupank\u00e4vij\u00f6ille ja sijoittajille ymp\u00e4ri maailmaa turvallisen ja s\u00e4\u00e4nnellyn kaupank\u00e4yntikokemuksen. Siksi on ensiarvoisen t\u00e4rke\u00e4\u00e4, ett\u00e4 luot kampanjan, joka on s\u00e4\u00e4ntelyvaatimusten ja sen laink\u00e4ytt\u00f6alueen <a href=\"https:\/\/etoropartners.com\/guidelines\/\">ohjeiden<\/a> mukainen, kun mainostat eToroa.<\/p>\n\n\n\n<p>Noudata<a href=\"https:\/\/etoropartners.com\/guidelines\/\"> affiliate-ohjeita<\/a> ja alla olevia s\u00e4\u00e4nt\u00f6j\u00e4 niin olet oikealla tiell\u00e4 luodaksesi s\u00e4\u00e4nt\u00f6jenmukaisen kumppanuuden. Muistathan, ett\u00e4 rankaisemme kumppaneita, jotka mainostavat eToroa s\u00e4\u00e4nt\u00f6jenvastaisella tavalla. Jos <strong>s\u00e4\u00e4nt\u00f6j\u00e4 rikotaan<\/strong> tai yhteisty\u00f6h\u00f6n ei suostuta, poistamme tilisi k\u00e4yt\u00f6st\u00e4 ja voimme <strong>mit\u00e4t\u00f6id\u00e4 maksusi sek\u00e4 lopettaa kumppanuuden<\/strong>.<\/p>\n\n\n\n<p>Muistathan tarkistaa kampanjasi s\u00e4\u00e4nn\u00f6llisesti. Ty\u00f6skentelemme nopealla tahdilla, mukaudumme s\u00e4\u00e4nn\u00f6sten ja markkinoiden muutoksiin sek\u00e4 pyyd\u00e4mme tarvittaessa korjauksia ja\/tai muutoksia.&nbsp;<\/p>\n<\/div>\n<\/div>\n<\/div><\/section>\n\n\n\n<section class=\"wp-block-group wp-block-group-boxed wp-block-group-small-top-padding wp-block-group-small-bottom-padding\"><div class=\"wp-block-group-inner is-layout-flow wp-block-group-is-layout-flow\">\n<div class=\"wp-block-columns are-vertically-aligned-top wp-block-columns-1 is-layout-flex wp-container-core-columns-is-layout-9d6595d7 wp-block-columns-is-layout-flex\">\n<div class=\"wp-block-column wp-block-column-align-desktop-center wp-block-column-align-mobile-center is-layout-flow wp-block-column-is-layout-flow\">\n<figure class=\"wp-block-embed is-type-rich is-provider-embed-handler wp-block-embed-embed-handler wp-embed-aspect-16-9 wp-has-aspect-ratio\"><div class=\"wp-block-embed__wrapper\">\n<div class=\"ec-video\"><iframe loading=\"lazy\" title=\"compliance Training Video - N1 - 8 Most Important things to be compliant\" width=\"500\" height=\"281\" src=\"https:\/\/www.youtube.com\/embed\/UGYqpMcdc84?feature=oembed\" frameborder=\"0\" allow=\"accelerometer; autoplay; clipboard-write; encrypted-media; gyroscope; picture-in-picture; web-share\" referrerpolicy=\"strict-origin-when-cross-origin\" allowfullscreen><\/iframe><\/div>\n<\/div><\/figure>\n<\/div>\n<\/div>\n<\/div><\/section>\n\n\n\n<section class=\"wp-block-group wp-block-group-boxed wp-block-group-small-top-padding wp-block-group-small-bottom-padding\"><div class=\"wp-block-group-inner is-layout-flow wp-block-group-is-layout-flow\">\n<div class=\"wp-block-columns are-vertically-aligned-top wp-block-columns-1 is-layout-flex wp-container-core-columns-is-layout-9d6595d7 wp-block-columns-is-layout-flex\">\n<div class=\"wp-block-column is-layout-flow wp-block-column-is-layout-flow\">\n<p class=\"is-style-heading-2\"><strong>Kerro URL-osoitteesi<\/strong><\/p>\n\n\n\n<p>Varmista, ett\u00e4 mainostat eToroa AINOASTAAN sivustoilla, jotka olet ilmoittanut eTorolle. Kun haluat mainostaa eToroa uuden kanavan tai sivuston kautta, sinun on l\u00e4hetett\u00e4v\u00e4 se ensin kumppanuusp\u00e4\u00e4llik\u00f6llesi hyv\u00e4ksynt\u00e4\u00e4 varten. Meid\u00e4n on tiedett\u00e4v\u00e4, miten ja miss\u00e4 eToroa mainostetaan,<\/p>\n\n\n\n<p class=\"is-style-heading-2\"><strong>Tarkka, tasapuolinen eik\u00e4 harhaanjohtava<\/strong><\/p>\n\n\n\n<p>Ole tarkka ja tasapuolinen \u2013 ei harhaanjohtava. Varmista, ett\u00e4 kaikki tiedot ovat virheett\u00f6mi\u00e4 ja ajantasaisia. Muista aina mainita riskit. \u00c4l\u00e4 anna sijoittamisen kuulostaa helpolta tai anna v\u00e4\u00e4ri\u00e4 lupauksia ja harhaanjohtavia lausuntoja. \u00c4l\u00e4 k\u00e4yt\u00e4 eToroa verkkotunnuksessasi \u00e4l\u00e4k\u00e4 ilmoita edustavasi tai ty\u00f6skentelev\u00e4si eTorolle.<\/p>\n\n\n\n<p class=\"is-style-heading-2\"><strong>Kielletyt maat<\/strong><\/p>\n\n\n\n<p>\u00c4l\u00e4 mainosta eToroa<a href=\"https:\/\/etoropartners.com\/guidelines\/\"> kielletyiss\u00e4 maissa<\/a>. Muista, ett\u00e4 emme maksa n\u00e4ist\u00e4 mainoksista. L\u00f6yd\u00e4t kiellettyjen maiden luettelon ohjeista. Varmista, ettet k\u00e4yt\u00e4 maata URL-osoitteessa, tai maap\u00e4\u00e4tett\u00e4, kielt\u00e4 tai mainintaa maasta sivulla.<\/p>\n\n\n\n<p class=\"is-style-heading-2\"><strong>Tuoterajoitukset<\/strong><\/p>\n\n\n\n<p>Ole tietoinen<a href=\"https:\/\/etoropartners.com\/guidelines\/\"> tuoterajoituksista<\/a>: et voi mainostaa tiettyj\u00e4 omaisuuser\u00e4tyyppej\u00e4 tietyiss\u00e4 maissa. Jos mainostat maailmanlaajuisesti, muista mainita, mit\u00e4 omaisuuseri\u00e4 on saatavilla miss\u00e4kin maassa ja mit\u00e4 ei. Esimerkiksi: &#8221;Kaupank\u00e4ynti kryptoilla, osakkeilla, hy\u00f6dykkeill\u00e4 ja valuutoilla eTorossa (hy\u00f6dykkeet ja valuuttakauppa eiv\u00e4t ole saatavilla Yhdysvalloissa)&#8221;. S\u00e4\u00e4d\u00f6kset voivat muuttua, joten varmista, ett\u00e4 olet linjassa rajoitusten kanssa.<\/p>\n\n\n\n<p class=\"is-style-heading-2\"><strong>Ei sijoitusneuvontaa<\/strong><\/p>\n\n\n\n<p>\u00c4l\u00e4 sis\u00e4llyt\u00e4 eToroa sijoitusneuvontaa tarjoavaan sis\u00e4lt\u00f6\u00f6n.<\/p>\n\n\n\n<p class=\"is-style-heading-2\"><strong>Riskivaroitukset<\/strong><\/p>\n\n\n\n<p>Varmista aina, ett\u00e4 lis\u00e4\u00e4t oikean<a href=\"https:\/\/etoropartners.com\/guidelines\/\"> riskivaroituksen<\/a> oikeaan kohtaan ja samankokoisena kuin muu teksti. L\u00f6yd\u00e4t riskivaroitukset ohjeista. Varoitusten on oltava jokaisen eToroon ohjaavan linkin l\u00e4hell\u00e4, arvostelujen ja artikkeleiden p\u00e4\u00e4ll\u00e4 sek\u00e4 videoissa ja niiden kuvauksissa.<\/p>\n\n\n\n<p class=\"is-style-heading-2\"><strong>\u00c4l\u00e4 luo kiireen tuntua<\/strong><\/p>\n\n\n\n<p>\u00c4l\u00e4 luo kiireen tuntua tiettyjen instrumenttien ostamiseen.<\/p>\n\n\n\n<p class=\"is-style-heading-2\"><strong>Ei KYC-tietojen paljastamista, ei huijaamista&nbsp;<\/strong><\/p>\n\n\n\n<p>\u00c4l\u00e4 paljasta luottamuksellisia tietoja tai auta kaupank\u00e4vij\u00f6it\u00e4 huijaamaan eToroa, \u00e4l\u00e4 opasta kauppiaita vastaamaan KYC-kysymyksiin tai kannusta heit\u00e4 k\u00e4ym\u00e4\u00e4n kauppaa alustalla.<br><\/p>\n<\/div>\n<\/div>\n<\/div><\/section>\n","protected":false},"excerpt":{"rendered":"<p>Kahdeksan t\u00e4rkeint\u00e4 asiaa, jotka on otettava huomioon s\u00e4\u00e4nt\u00f6jenmukaista kampanjaa luotaessa eToro on arvostettu tuotemerkki, joka tarjoaa kaupank\u00e4vij\u00f6ille ja sijoittajille ymp\u00e4ri maailmaa turvallisen ja s\u00e4\u00e4nnellyn kaupank\u00e4yntikokemuksen. Siksi on ensiarvoisen t\u00e4rke\u00e4\u00e4, ett\u00e4 luot kampanjan, joka on s\u00e4\u00e4ntelyvaatimusten ja sen laink\u00e4ytt\u00f6alueen ohjeiden mukainen, kun mainostat eToroa. Noudata affiliate-ohjeita ja alla olevia s\u00e4\u00e4nt\u00f6j\u00e4 niin olet oikealla tiell\u00e4 luodaksesi s\u00e4\u00e4nt\u00f6jenmukaisen [&hellip;]<\/p>\n","protected":false},"author":11,"featured_media":8067,"parent":0,"menu_order":0,"comment_status":"closed","ping_status":"closed","template":"","meta":{"_acf_changed":false,"sticky_cta_settings":"","footnotes":""},"class_list":["post-8672","page","type-page","status-publish","has-post-thumbnail","hentry"],"acf":[],"yoast_head":"<!-- This site is optimized with the Yoast SEO plugin v27.3 - https:\/\/yoast.com\/product\/yoast-seo-wordpress\/ -->\n<title>Vaatimustenmukaisen kampanjan kahdeksan t\u00e4rkeint\u00e4 asiaa<\/title>\n<meta name=\"description\" content=\"eToro on arvostettu br\u00e4ndi, joka tarjoaa kaupank\u00e4vij\u00f6ille ja sijoittajille turvallisen ja s\u00e4\u00e4nnellyn kaupank\u00e4yntikokemuksen. On ensiarvoisen t\u00e4rke\u00e4\u00e4, ett\u00e4 luot kampanjan, joka on s\u00e4\u00e4ntelyvaatimusten mukainen.\" \/>\n<meta name=\"robots\" content=\"index, follow, max-snippet:-1, max-image-preview:large, max-video-preview:-1\" \/>\n<link rel=\"canonical\" href=\"https:\/\/etoropartners.com\/fi\/8-most-important-things\/\" \/>\n<meta property=\"og:locale\" content=\"fi_FI\" \/>\n<meta property=\"og:type\" content=\"article\" \/>\n<meta property=\"og:title\" content=\"Vaatimustenmukaisen kampanjan kahdeksan t\u00e4rkeint\u00e4 asiaa\" \/>\n<meta property=\"og:description\" content=\"eToro on arvostettu br\u00e4ndi, joka tarjoaa kaupank\u00e4vij\u00f6ille ja sijoittajille turvallisen ja s\u00e4\u00e4nnellyn kaupank\u00e4yntikokemuksen. On ensiarvoisen t\u00e4rke\u00e4\u00e4, ett\u00e4 luot kampanjan, joka on s\u00e4\u00e4ntelyvaatimusten mukainen.\" \/>\n<meta property=\"og:url\" content=\"https:\/\/etoropartners.com\/fi\/8-most-important-things\/\" \/>\n<meta property=\"og:site_name\" content=\"eToro Partners\" \/>\n<meta property=\"article:modified_time\" content=\"2024-08-20T10:20:01+00:00\" \/>\n<meta property=\"og:image\" content=\"https:\/\/etoropartners.com\/wp-content\/uploads\/2024\/05\/Featured_8-most-important-things.png\" \/>\n\t<meta property=\"og:image:width\" content=\"1200\" \/>\n\t<meta property=\"og:image:height\" content=\"630\" \/>\n\t<meta property=\"og:image:type\" content=\"image\/png\" \/>\n<meta name=\"twitter:card\" content=\"summary_large_image\" \/>\n<meta name=\"twitter:label1\" content=\"Arvioitu lukuaika\" \/>\n\t<meta name=\"twitter:data1\" content=\"2 minuuttia\" \/>\n<script type=\"application\/ld+json\" class=\"yoast-schema-graph\">{\"@context\":\"https:\\\/\\\/schema.org\",\"@graph\":[{\"@type\":\"WebPage\",\"@id\":\"https:\\\/\\\/etoropartners.com\\\/fi\\\/8-most-important-things\\\/\",\"url\":\"https:\\\/\\\/etoropartners.com\\\/fi\\\/8-most-important-things\\\/\",\"name\":\"Vaatimustenmukaisen kampanjan kahdeksan t\u00e4rkeint\u00e4 asiaa\",\"isPartOf\":{\"@id\":\"https:\\\/\\\/etoropartners.com\\\/fi\\\/#website\"},\"primaryImageOfPage\":{\"@id\":\"https:\\\/\\\/etoropartners.com\\\/fi\\\/8-most-important-things\\\/#primaryimage\"},\"image\":{\"@id\":\"https:\\\/\\\/etoropartners.com\\\/fi\\\/8-most-important-things\\\/#primaryimage\"},\"thumbnailUrl\":\"https:\\\/\\\/etoropartners.com\\\/wp-content\\\/uploads\\\/2024\\\/05\\\/Featured_8-most-important-things.png\",\"datePublished\":\"2024-05-22T06:47:21+00:00\",\"dateModified\":\"2024-08-20T10:20:01+00:00\",\"description\":\"eToro on arvostettu br\u00e4ndi, joka tarjoaa kaupank\u00e4vij\u00f6ille ja sijoittajille turvallisen ja s\u00e4\u00e4nnellyn kaupank\u00e4yntikokemuksen. On ensiarvoisen t\u00e4rke\u00e4\u00e4, ett\u00e4 luot kampanjan, joka on s\u00e4\u00e4ntelyvaatimusten mukainen.\",\"breadcrumb\":{\"@id\":\"https:\\\/\\\/etoropartners.com\\\/fi\\\/8-most-important-things\\\/#breadcrumb\"},\"inLanguage\":\"fi\",\"potentialAction\":[{\"@type\":\"ReadAction\",\"target\":[\"https:\\\/\\\/etoropartners.com\\\/fi\\\/8-most-important-things\\\/\"]}]},{\"@type\":\"ImageObject\",\"inLanguage\":\"fi\",\"@id\":\"https:\\\/\\\/etoropartners.com\\\/fi\\\/8-most-important-things\\\/#primaryimage\",\"url\":\"https:\\\/\\\/etoropartners.com\\\/wp-content\\\/uploads\\\/2024\\\/05\\\/Featured_8-most-important-things.png\",\"contentUrl\":\"https:\\\/\\\/etoropartners.com\\\/wp-content\\\/uploads\\\/2024\\\/05\\\/Featured_8-most-important-things.png\",\"width\":1200,\"height\":630,\"caption\":\"8 most important things to consider when creating a compliant campaign\"},{\"@type\":\"BreadcrumbList\",\"@id\":\"https:\\\/\\\/etoropartners.com\\\/fi\\\/8-most-important-things\\\/#breadcrumb\",\"itemListElement\":[{\"@type\":\"ListItem\",\"position\":1,\"name\":\"Home\",\"item\":\"https:\\\/\\\/etoropartners.com\\\/fi\\\/\"},{\"@type\":\"ListItem\",\"position\":2,\"name\":\"The 8 most important things to a compliant campaign\"}]},{\"@type\":\"WebSite\",\"@id\":\"https:\\\/\\\/etoropartners.com\\\/fi\\\/#website\",\"url\":\"https:\\\/\\\/etoropartners.com\\\/fi\\\/\",\"name\":\"eToro Partners\",\"description\":\"\",\"potentialAction\":[{\"@type\":\"SearchAction\",\"target\":{\"@type\":\"EntryPoint\",\"urlTemplate\":\"https:\\\/\\\/etoropartners.com\\\/fi\\\/?s={search_term_string}\"},\"query-input\":{\"@type\":\"PropertyValueSpecification\",\"valueRequired\":true,\"valueName\":\"search_term_string\"}}],\"inLanguage\":\"fi\"}]}<\/script>\n<!-- \/ Yoast SEO plugin. -->","yoast_head_json":{"title":"Vaatimustenmukaisen kampanjan kahdeksan t\u00e4rkeint\u00e4 asiaa","description":"eToro on arvostettu br\u00e4ndi, joka tarjoaa kaupank\u00e4vij\u00f6ille ja sijoittajille turvallisen ja s\u00e4\u00e4nnellyn kaupank\u00e4yntikokemuksen. On ensiarvoisen t\u00e4rke\u00e4\u00e4, ett\u00e4 luot kampanjan, joka on s\u00e4\u00e4ntelyvaatimusten mukainen.","robots":{"index":"index","follow":"follow","max-snippet":"max-snippet:-1","max-image-preview":"max-image-preview:large","max-video-preview":"max-video-preview:-1"},"canonical":"https:\/\/etoropartners.com\/fi\/8-most-important-things\/","og_locale":"fi_FI","og_type":"article","og_title":"Vaatimustenmukaisen kampanjan kahdeksan t\u00e4rkeint\u00e4 asiaa","og_description":"eToro on arvostettu br\u00e4ndi, joka tarjoaa kaupank\u00e4vij\u00f6ille ja sijoittajille turvallisen ja s\u00e4\u00e4nnellyn kaupank\u00e4yntikokemuksen. On ensiarvoisen t\u00e4rke\u00e4\u00e4, ett\u00e4 luot kampanjan, joka on s\u00e4\u00e4ntelyvaatimusten mukainen.","og_url":"https:\/\/etoropartners.com\/fi\/8-most-important-things\/","og_site_name":"eToro Partners","article_modified_time":"2024-08-20T10:20:01+00:00","og_image":[{"width":1200,"height":630,"url":"https:\/\/etoropartners.com\/wp-content\/uploads\/2024\/05\/Featured_8-most-important-things.png","type":"image\/png"}],"twitter_card":"summary_large_image","twitter_misc":{"Arvioitu lukuaika":"2 minuuttia"},"schema":{"@context":"https:\/\/schema.org","@graph":[{"@type":"WebPage","@id":"https:\/\/etoropartners.com\/fi\/8-most-important-things\/","url":"https:\/\/etoropartners.com\/fi\/8-most-important-things\/","name":"Vaatimustenmukaisen kampanjan kahdeksan t\u00e4rkeint\u00e4 asiaa","isPartOf":{"@id":"https:\/\/etoropartners.com\/fi\/#website"},"primaryImageOfPage":{"@id":"https:\/\/etoropartners.com\/fi\/8-most-important-things\/#primaryimage"},"image":{"@id":"https:\/\/etoropartners.com\/fi\/8-most-important-things\/#primaryimage"},"thumbnailUrl":"https:\/\/etoropartners.com\/wp-content\/uploads\/2024\/05\/Featured_8-most-important-things.png","datePublished":"2024-05-22T06:47:21+00:00","dateModified":"2024-08-20T10:20:01+00:00","description":"eToro on arvostettu br\u00e4ndi, joka tarjoaa kaupank\u00e4vij\u00f6ille ja sijoittajille turvallisen ja s\u00e4\u00e4nnellyn kaupank\u00e4yntikokemuksen. On ensiarvoisen t\u00e4rke\u00e4\u00e4, ett\u00e4 luot kampanjan, joka on s\u00e4\u00e4ntelyvaatimusten mukainen.","breadcrumb":{"@id":"https:\/\/etoropartners.com\/fi\/8-most-important-things\/#breadcrumb"},"inLanguage":"fi","potentialAction":[{"@type":"ReadAction","target":["https:\/\/etoropartners.com\/fi\/8-most-important-things\/"]}]},{"@type":"ImageObject","inLanguage":"fi","@id":"https:\/\/etoropartners.com\/fi\/8-most-important-things\/#primaryimage","url":"https:\/\/etoropartners.com\/wp-content\/uploads\/2024\/05\/Featured_8-most-important-things.png","contentUrl":"https:\/\/etoropartners.com\/wp-content\/uploads\/2024\/05\/Featured_8-most-important-things.png","width":1200,"height":630,"caption":"8 most important things to consider when creating a compliant campaign"},{"@type":"BreadcrumbList","@id":"https:\/\/etoropartners.com\/fi\/8-most-important-things\/#breadcrumb","itemListElement":[{"@type":"ListItem","position":1,"name":"Home","item":"https:\/\/etoropartners.com\/fi\/"},{"@type":"ListItem","position":2,"name":"The 8 most important things to a compliant campaign"}]},{"@type":"WebSite","@id":"https:\/\/etoropartners.com\/fi\/#website","url":"https:\/\/etoropartners.com\/fi\/","name":"eToro Partners","description":"","potentialAction":[{"@type":"SearchAction","target":{"@type":"EntryPoint","urlTemplate":"https:\/\/etoropartners.com\/fi\/?s={search_term_string}"},"query-input":{"@type":"PropertyValueSpecification","valueRequired":true,"valueName":"search_term_string"}}],"inLanguage":"fi"}]}},"_links":{"self":[{"href":"https:\/\/etoropartners.com\/fi\/wp-json\/wp\/v2\/pages\/8672","targetHints":{"allow":["GET"]}}],"collection":[{"href":"https:\/\/etoropartners.com\/fi\/wp-json\/wp\/v2\/pages"}],"about":[{"href":"https:\/\/etoropartners.com\/fi\/wp-json\/wp\/v2\/types\/page"}],"author":[{"embeddable":true,"href":"https:\/\/etoropartners.com\/fi\/wp-json\/wp\/v2\/users\/11"}],"replies":[{"embeddable":true,"href":"https:\/\/etoropartners.com\/fi\/wp-json\/wp\/v2\/comments?post=8672"}],"version-history":[{"count":0,"href":"https:\/\/etoropartners.com\/fi\/wp-json\/wp\/v2\/pages\/8672\/revisions"}],"wp:featuredmedia":[{"embeddable":true,"href":"https:\/\/etoropartners.com\/fi\/wp-json\/wp\/v2\/media\/8067"}],"wp:attachment":[{"href":"https:\/\/etoropartners.com\/fi\/wp-json\/wp\/v2\/media?parent=8672"}],"curies":[{"name":"wp","href":"https:\/\/api.w.org\/{rel}","templated":true}]}}