{"id":8621,"date":"2024-05-22T13:20:48","date_gmt":"2024-05-22T11:20:48","guid":{"rendered":"https:\/\/etoropartners.com\/youtube-guidelines\/"},"modified":"2026-02-02T13:15:41","modified_gmt":"2026-02-02T11:15:41","slug":"youtube-ohjeet","status":"publish","type":"page","link":"https:\/\/etoropartners.com\/fi\/youtube-ohjeet\/","title":{"rendered":"Vaikuttajan compliance-opas"},"content":{"rendered":"\n<section class=\"wp-block-group wp-block-group-boxed wp-block-group-small-top-padding wp-block-group-small-bottom-padding\"><div class=\"wp-block-group-inner is-layout-flow wp-block-group-is-layout-flow\">\n<div class=\"wp-block-columns are-vertically-aligned-top wp-block-columns-1 is-layout-flex wp-container-core-columns-is-layout-9d6595d7 wp-block-columns-is-layout-flex\">\n<div class=\"wp-block-column wp-block-column-align-desktop-center wp-block-column-align-mobile-center is-layout-flow wp-block-column-is-layout-flow\">\n<h2 class=\"wp-block-heading\">Vaikuttajan compliance-opas<\/h2>\n\n\n\n<figure class=\"wp-block-image size-full\"><img loading=\"lazy\" decoding=\"async\" width=\"1600\" height=\"400\" src=\"https:\/\/etoropartners.com\/wp-content\/uploads\/2024\/05\/Cover_YouTube-GUIDELINES.jpg\" alt=\"\" class=\"wp-image-8303 wp-image-desktop\" srcset=\"https:\/\/etoropartners.com\/wp-content\/uploads\/2024\/05\/Cover_YouTube-GUIDELINES.jpg 1600w, https:\/\/etoropartners.com\/wp-content\/uploads\/2024\/05\/Cover_YouTube-GUIDELINES-300x75.jpg 300w, https:\/\/etoropartners.com\/wp-content\/uploads\/2024\/05\/Cover_YouTube-GUIDELINES-1024x256.jpg 1024w, https:\/\/etoropartners.com\/wp-content\/uploads\/2024\/05\/Cover_YouTube-GUIDELINES-768x192.jpg 768w, https:\/\/etoropartners.com\/wp-content\/uploads\/2024\/05\/Cover_YouTube-GUIDELINES-1536x384.jpg 1536w\" sizes=\"auto, (max-width: 1600px) 100vw, 1600px\" \/><\/figure>\n<\/div>\n<\/div>\n<\/div><\/section>\n\n\n\n<section class=\"wp-block-group wp-block-group-boxed wp-block-group-small-top-padding wp-block-group-small-bottom-padding\"><div class=\"wp-block-group-inner is-layout-flow wp-block-group-is-layout-flow\">\n<div class=\"wp-block-columns are-vertically-aligned-top wp-block-columns-1 is-layout-flex wp-container-core-columns-is-layout-9d6595d7 wp-block-columns-is-layout-flex\">\n<div class=\"wp-block-column is-layout-flow wp-block-column-is-layout-flow\">\n<p>eToro on hyv\u00e4maineinen br\u00e4ndi, joka tarjoaa maailmanlaajuisille kauppiaille ja sijoittajille turvallisen ja s\u00e4\u00e4dellyn kaupank\u00e4yntikokemuksen. Olemme sitoutuneet avoimiin, reiluihin ja vastuullisiin markkinointik\u00e4yt\u00e4nt\u00f6ihin sek\u00e4 rahoitusj\u00e4rjestelm\u00e4n eheyden vaalimiseen. Vaikuttajana sinulla on ratkaiseva rooli t\u00e4m\u00e4n luottamuksen s\u00e4ilytt\u00e4misess\u00e4. Siksi on ensiarvoisen t\u00e4rke\u00e4\u00e4, ett\u00e4 jokainen luomasi kampanja on t\u00e4ysin sen laink\u00e4ytt\u00f6alueen s\u00e4\u00e4ntelyvaatimusten ja ohjeiden mukainen, jossa mainostat eToroa tai johon kohdistat mainostamista. T\u00e4ss\u00e4 oppaassa kuvataan eToroa mainostavien vaikuttajien keskeiset vaatimustenmukaisuuss\u00e4\u00e4nn\u00f6t <a href=\"https:\/\/etoropartners.com\/fi\/compliance-guidelines\/\">t\u00e4\u00e4lt\u00e4 <\/a>\u00a0saatavilla olevien ohjeiden lis\u00e4ksi.<\/p>\n\n\n\n<p><\/p>\n\n\n\n<p><strong>Sis\u00e4ll\u00f6n ensitarkastus:<\/strong> Ennen kuin julkaiset eToroa koskevaa sis\u00e4lt\u00f6\u00e4, sinun on l\u00e4hetett\u00e4v\u00e4 sis\u00e4lt\u00f6si tai k\u00e4sikirjoituksesi tarkistettavaksi kumppanuusp\u00e4\u00e4llik\u00f6llesi. T\u00e4m\u00e4 prosessi varmistaa, ett\u00e4 kaikki mainosmateriaali on eToron k\u00e4yt\u00e4nt\u00f6jen, ohjeiden ja s\u00e4\u00e4ntelyvaatimusten mukaista ennen julkaisua.<\/p>\n\n\n\n<p><\/p>\n\n\n\n<p><strong>Mainostaminen eri maissa:<\/strong> eToro toimii yli 100 maassa maailmanlaajuisesti. eToron palvelujen ja tiettyjen tuotteiden mainostamiseen sovelletaan kuitenkin s\u00e4\u00e4ntelyrajoituksia tietyill\u00e4 alueilla. Kun mainostat eToroa, \u00e4l\u00e4 mainitse tai kohdista rajoitettuja maita, \u00e4l\u00e4k\u00e4 k\u00e4yt\u00e4 tiettyj\u00e4 n\u00e4ihin maihin liittyvi\u00e4 kieli\u00e4 tai valuuttoja, mik\u00e4 voi tarkoittaa mainostamista rajoitetulla alueella. V\u00e4lt\u00e4 my\u00f6s sellaisten tuotteiden mainostamista, jotka ovat rajoitettuja kohdemaassa. Tarkemmat tiedot l\u00f6ytyv\u00e4t <a href=\"https:\/\/etoropartners.com\/fi\/compliance-guidelines\/\">ohjeistamme.<\/a><\/p>\n\n\n\n<p><\/p>\n\n\n\n<p><strong>Mainostaminen Yhdysvalloissa:<\/strong> Yhdysvalloissa sinun on mainostettava eToroa k\u00e4ytt\u00e4m\u00e4ll\u00e4 yhdysvaltalaista tili\u00e4 ja vasta sen j\u00e4lkeen, kun Yhdysvaltain compliance-tiimi on hyv\u00e4ksynyt tilisi ja sis\u00e4lt\u00f6si. Noudata <a href=\"https:\/\/docs.google.com\/presentation\/d\/1U5-1DmQStR6pC0GPSti47MVmm_ucMxmz1t-ZmNSzSb0\/edit?slide=id.g3452ee07848_1_2#slide=id.g3452ee07848_1_2\">yhdysvaltalaisia ohjeita<\/a> luodaksesi vaatimustenmukaista sis\u00e4lt\u00f6\u00e4. Ota huomioon, ett\u00e4 globaaleista tileist\u00e4 ei makseta korvausta yhdysvaltalaisille kauppiaille, ja yhdysvaltalaisista tileist\u00e4 korvataan vain yhdysvaltalaisille kauppiaille.<\/p>\n\n\n\n<p><strong>Keskeiset vaatimustenmukaisuuss\u00e4\u00e4nn\u00f6t:<\/strong><\/p>\n\n\n\n<ol class=\"wp-block-list wp-block-list\">\n<li><strong>Ilmoita URL-osoitteesi:\u00a0<\/strong>\n<ul class=\"wp-block-list wp-block-list wp-block-list-circle\">\n<li>Mainosta eToroa vain verkkosivustoilla ja kanavilla, jotka olet ilmoittanut eTorolle. Jos haluat k\u00e4ytt\u00e4\u00e4 uutta kanavaa tai sivustoa, l\u00e4het\u00e4 se kumppanuusp\u00e4\u00e4llikk\u00f6\u00f6si hyv\u00e4ksytt\u00e4v\u00e4ksi. Meid\u00e4n on tiedett\u00e4v\u00e4, miten ja miss\u00e4 eToroa mainostetaan.<\/li>\n<\/ul>\n<\/li>\n\n\n\n<li><strong>Tarkkuus ja ei-harhaanjohtavat tiedot:\u00a0<\/strong>\n<ul class=\"wp-block-list wp-block-list wp-block-list-circle\">\n<li>Varmista, ett\u00e4 kaikki tiedot ovat <a href=\"https:\/\/etoropartners.com\/fi\/be-accurate\/\">tarkkoja, tasapainoisia ja ajantasaisia<\/a>. Mainitse sijoittamiseen liittyv\u00e4t riskit. V\u00e4lt\u00e4 mainitsemasta, ett\u00e4 sijoittaminen on helppoa, tekem\u00e4st\u00e4 v\u00e4\u00e4ri\u00e4 lupauksia tai k\u00e4ytt\u00e4m\u00e4st\u00e4 harhaanjohtavia lausuntoja. \u00c4l\u00e4 k\u00e4yt\u00e4 kuvia tai emojeja, jotka viittaavat vaurauteen tai vaurauden nousuun (esim. rahapinot, kalliit autot, raketit). \u00c4l\u00e4 k\u00e4yt\u00e4 eToroa verkkotunnuksessasi tai ilmoita, ett\u00e4 edustat eToroa tai ty\u00f6skentelet eTorolla.<\/li>\n<\/ul>\n<\/li>\n\n\n\n<li><strong>Ei sijoitusneuvontaa:\u00a0<\/strong>\n<ul class=\"wp-block-list wp-block-list wp-block-list-circle\">\n<li>\u00c4l\u00e4 sis\u00e4llyt\u00e4 eToroa sijoitusneuvontaa tarjoavaan sis\u00e4lt\u00f6\u00f6n.<\/li>\n<\/ul>\n<\/li>\n\n\n\n<li><strong>V\u00e4lt\u00e4 luomasta kiireellisyyden tunnetta:\u00a0<\/strong>\n<ul class=\"wp-block-list wp-block-list wp-block-list-circle\">\n<li>\u00c4l\u00e4 aiheuta kiireen tunnetta ostaa tiettyj\u00e4 instrumentteja.<\/li>\n<\/ul>\n<\/li>\n\n\n\n<li><strong>Luottamuksellisuus ja huijauksen torjunta:\u00a0<\/strong>\n<ul class=\"wp-block-list wp-block-list wp-block-list-circle\">\n<li>\u00c4l\u00e4 paljasta luottamuksellisia tietoja tai auta kauppiaita huijaamaan eToroa. \u00c4l\u00e4 opasta kauppiaita vastaamaan KYC-kysymyksiin tai kannusta heit\u00e4 k\u00e4ym\u00e4\u00e4n kauppaa alustalla.<\/li>\n<\/ul>\n<\/li>\n<\/ol>\n\n\n\n<p><strong>Riskivaroitukset:<\/strong> Varmista aina, ett\u00e4 lis\u00e4\u00e4t oikean <a href=\"https:\/\/etoropartners.com\/fi\/risk-warnings\/\">riskivaroituksen<\/a> luettavassa koossa mainostetuille omaisuuserille ja maalle, johon mainoksesi kohdistuu. K\u00e4yt\u00e4 sosiaalisessa mediassa &#8221;Yleist\u00e4&#8221; riskivaroitusta. Jos sis\u00e4lt\u00f6si koskee vain kryptoa, k\u00e4yt\u00e4 sen sijaan kryptoriskivaroitusta. Riskivaroitus on sijoitettava l\u00e4helle jokaista eToroon ohjaavaa linkki\u00e4 ja jokaista eToroa koskevaa viesti\u00e4. Videosis\u00e4ll\u00f6ss\u00e4 varoituksen tulee olla n\u00e4kyviss\u00e4 n\u00e4yt\u00f6ll\u00e4 10 sekunnin ajan eToroa koskevien videoiden lopussa ja n\u00e4ytett\u00e4v\u00e4 my\u00f6s videoiden kuvauksissa eToro-linkin vieress\u00e4. TikTokin ja Instagramin kaltaisilla alustoilla voit k\u00e4ytt\u00e4\u00e4 &#8221;Osakkeet ja ETF:t&#8221; -riskivaroituksen lyhytt\u00e4 versiota merkkirajoitusten vuoksi.<\/p>\n\n\n\n<p><br><strong>Tietojen julkistaminen:<\/strong> Varmista sosiaalisessa mediassa, ett\u00e4 materiaalisi on selv\u00e4sti tunnistettavissa mainoksena. T\u00e4m\u00e4 voi olla yksinkertaisesti lausunto, kuten &#8221;#mainos&#8221;.<\/p>\n\n\n\n<p><br><strong>S\u00e4\u00e4nn\u00f6llinen sis\u00e4ll\u00f6n tarkistus ja vaatimustenmukaisuus:<\/strong> eToro tarkistaa ajoittain kampanjasis\u00e4lt\u00f6si varmistaakseen, ett\u00e4 se on jatkuvasti sen sis\u00e4isten k\u00e4yt\u00e4nt\u00f6jen ja sovellettavan s\u00e4\u00e4ntelykehyksen mukainen. Sinun on teht\u00e4v\u00e4 t\u00e4ysim\u00e4\u00e4r\u00e4ist\u00e4 yhteisty\u00f6t\u00e4 kaikissa vaatimustenmukaisuustarkastuksissa ja teht\u00e4v\u00e4 pyydetyt muutokset nopeasti. eToron s\u00e4\u00e4nt\u00f6jen noudattamatta j\u00e4tt\u00e4minen voi johtaa tilisi\/suhteesi sulkemiseen.<\/p>\n\n\n\n<p><\/p>\n\n\n\n<p><strong>Kiitos, ett\u00e4 yll\u00e4pid\u00e4t eToron korkeita standardeja. Odotamme innolla mahtavaa sis\u00e4lt\u00f6\u00e4si!<\/strong><\/p>\n\n\n\n<p>eToro on monen omaisuuslajin sijoitusalusta. Sijoitustesi arvo voi nousta tai laskea.&nbsp; P\u00e4\u00e4omasi on vaarassa.<\/p>\n\n\n\n<p>eToro AUS Capital Limited AFSL 491139. eToro on monen omaisuuslajin sijoitusalusta. Sijoitustesi arvo voi nousta tai laskea. P\u00e4\u00e4omasi on vaarassa. Katso PDS ja TMD.<\/p>\n<\/div>\n<\/div>\n<\/div><\/section>\n","protected":false},"excerpt":{"rendered":"<p>Vaikuttajan compliance-opas eToro on hyv\u00e4maineinen br\u00e4ndi, joka tarjoaa maailmanlaajuisille kauppiaille ja sijoittajille turvallisen ja s\u00e4\u00e4dellyn kaupank\u00e4yntikokemuksen. Olemme sitoutuneet avoimiin, reiluihin ja vastuullisiin markkinointik\u00e4yt\u00e4nt\u00f6ihin sek\u00e4 rahoitusj\u00e4rjestelm\u00e4n eheyden vaalimiseen. Vaikuttajana sinulla on ratkaiseva rooli t\u00e4m\u00e4n luottamuksen s\u00e4ilytt\u00e4misess\u00e4. Siksi on ensiarvoisen t\u00e4rke\u00e4\u00e4, ett\u00e4 jokainen luomasi kampanja on t\u00e4ysin sen laink\u00e4ytt\u00f6alueen s\u00e4\u00e4ntelyvaatimusten ja ohjeiden mukainen, jossa mainostat eToroa tai [&hellip;]<\/p>\n","protected":false},"author":11,"featured_media":0,"parent":0,"menu_order":0,"comment_status":"closed","ping_status":"closed","template":"","meta":{"_acf_changed":false,"sticky_cta_settings":"","footnotes":""},"class_list":["post-8621","page","type-page","status-publish","hentry"],"acf":[],"yoast_head":"<!-- This site is optimized with the Yoast SEO plugin v27.3 - https:\/\/yoast.com\/product\/yoast-seo-wordpress\/ -->\n<title>Youtube guidelines<\/title>\n<meta name=\"description\" content=\"Lue t\u00e4\u00e4lt\u00e4 YouTube-kampanjoita koskevista ohjeista.\" \/>\n<meta name=\"robots\" content=\"index, follow, max-snippet:-1, max-image-preview:large, max-video-preview:-1\" \/>\n<link rel=\"canonical\" href=\"https:\/\/etoropartners.com\/fi\/youtube-ohjeet\/\" \/>\n<meta property=\"og:locale\" content=\"fi_FI\" \/>\n<meta property=\"og:type\" content=\"article\" \/>\n<meta property=\"og:title\" content=\"Youtube guidelines\" \/>\n<meta property=\"og:description\" content=\"Lue t\u00e4\u00e4lt\u00e4 YouTube-kampanjoita koskevista ohjeista.\" \/>\n<meta property=\"og:url\" content=\"https:\/\/etoropartners.com\/fi\/youtube-ohjeet\/\" \/>\n<meta property=\"og:site_name\" content=\"eToro Partners\" \/>\n<meta property=\"article:modified_time\" content=\"2026-02-02T11:15:41+00:00\" \/>\n<meta property=\"og:image\" content=\"https:\/\/etoropartners.com\/wp-content\/uploads\/2024\/05\/Cover_YouTube-GUIDELINES.jpg\" \/>\n\t<meta property=\"og:image:width\" content=\"1600\" \/>\n\t<meta property=\"og:image:height\" content=\"400\" \/>\n\t<meta property=\"og:image:type\" content=\"image\/jpeg\" \/>\n<meta name=\"twitter:card\" content=\"summary_large_image\" \/>\n<meta name=\"twitter:label1\" content=\"Arvioitu lukuaika\" \/>\n\t<meta name=\"twitter:data1\" content=\"3 minuuttia\" \/>\n<script type=\"application\/ld+json\" class=\"yoast-schema-graph\">{\"@context\":\"https:\\\/\\\/schema.org\",\"@graph\":[{\"@type\":\"WebPage\",\"@id\":\"https:\\\/\\\/etoropartners.com\\\/fi\\\/youtube-ohjeet\\\/\",\"url\":\"https:\\\/\\\/etoropartners.com\\\/fi\\\/youtube-ohjeet\\\/\",\"name\":\"Youtube guidelines\",\"isPartOf\":{\"@id\":\"https:\\\/\\\/etoropartners.com\\\/fi\\\/#website\"},\"primaryImageOfPage\":{\"@id\":\"https:\\\/\\\/etoropartners.com\\\/fi\\\/youtube-ohjeet\\\/#primaryimage\"},\"image\":{\"@id\":\"https:\\\/\\\/etoropartners.com\\\/fi\\\/youtube-ohjeet\\\/#primaryimage\"},\"thumbnailUrl\":\"https:\\\/\\\/etoropartners.com\\\/wp-content\\\/uploads\\\/2024\\\/05\\\/Cover_YouTube-GUIDELINES.jpg\",\"datePublished\":\"2024-05-22T11:20:48+00:00\",\"dateModified\":\"2026-02-02T11:15:41+00:00\",\"description\":\"Lue t\u00e4\u00e4lt\u00e4 YouTube-kampanjoita koskevista ohjeista.\",\"breadcrumb\":{\"@id\":\"https:\\\/\\\/etoropartners.com\\\/fi\\\/youtube-ohjeet\\\/#breadcrumb\"},\"inLanguage\":\"fi\",\"potentialAction\":[{\"@type\":\"ReadAction\",\"target\":[\"https:\\\/\\\/etoropartners.com\\\/fi\\\/youtube-ohjeet\\\/\"]}]},{\"@type\":\"ImageObject\",\"inLanguage\":\"fi\",\"@id\":\"https:\\\/\\\/etoropartners.com\\\/fi\\\/youtube-ohjeet\\\/#primaryimage\",\"url\":\"https:\\\/\\\/etoropartners.com\\\/wp-content\\\/uploads\\\/2024\\\/05\\\/Cover_YouTube-GUIDELINES.jpg\",\"contentUrl\":\"https:\\\/\\\/etoropartners.com\\\/wp-content\\\/uploads\\\/2024\\\/05\\\/Cover_YouTube-GUIDELINES.jpg\"},{\"@type\":\"BreadcrumbList\",\"@id\":\"https:\\\/\\\/etoropartners.com\\\/fi\\\/youtube-ohjeet\\\/#breadcrumb\",\"itemListElement\":[{\"@type\":\"ListItem\",\"position\":1,\"name\":\"Home\",\"item\":\"https:\\\/\\\/etoropartners.com\\\/fi\\\/\"},{\"@type\":\"ListItem\",\"position\":2,\"name\":\"Vaikuttajan compliance-opas\"}]},{\"@type\":\"WebSite\",\"@id\":\"https:\\\/\\\/etoropartners.com\\\/fi\\\/#website\",\"url\":\"https:\\\/\\\/etoropartners.com\\\/fi\\\/\",\"name\":\"eToro Partners\",\"description\":\"\",\"potentialAction\":[{\"@type\":\"SearchAction\",\"target\":{\"@type\":\"EntryPoint\",\"urlTemplate\":\"https:\\\/\\\/etoropartners.com\\\/fi\\\/?s={search_term_string}\"},\"query-input\":{\"@type\":\"PropertyValueSpecification\",\"valueRequired\":true,\"valueName\":\"search_term_string\"}}],\"inLanguage\":\"fi\"}]}<\/script>\n<!-- \/ Yoast SEO plugin. -->","yoast_head_json":{"title":"Youtube guidelines","description":"Lue t\u00e4\u00e4lt\u00e4 YouTube-kampanjoita koskevista ohjeista.","robots":{"index":"index","follow":"follow","max-snippet":"max-snippet:-1","max-image-preview":"max-image-preview:large","max-video-preview":"max-video-preview:-1"},"canonical":"https:\/\/etoropartners.com\/fi\/youtube-ohjeet\/","og_locale":"fi_FI","og_type":"article","og_title":"Youtube guidelines","og_description":"Lue t\u00e4\u00e4lt\u00e4 YouTube-kampanjoita koskevista ohjeista.","og_url":"https:\/\/etoropartners.com\/fi\/youtube-ohjeet\/","og_site_name":"eToro Partners","article_modified_time":"2026-02-02T11:15:41+00:00","og_image":[{"width":1600,"height":400,"url":"https:\/\/etoropartners.com\/wp-content\/uploads\/2024\/05\/Cover_YouTube-GUIDELINES.jpg","type":"image\/jpeg"}],"twitter_card":"summary_large_image","twitter_misc":{"Arvioitu lukuaika":"3 minuuttia"},"schema":{"@context":"https:\/\/schema.org","@graph":[{"@type":"WebPage","@id":"https:\/\/etoropartners.com\/fi\/youtube-ohjeet\/","url":"https:\/\/etoropartners.com\/fi\/youtube-ohjeet\/","name":"Youtube guidelines","isPartOf":{"@id":"https:\/\/etoropartners.com\/fi\/#website"},"primaryImageOfPage":{"@id":"https:\/\/etoropartners.com\/fi\/youtube-ohjeet\/#primaryimage"},"image":{"@id":"https:\/\/etoropartners.com\/fi\/youtube-ohjeet\/#primaryimage"},"thumbnailUrl":"https:\/\/etoropartners.com\/wp-content\/uploads\/2024\/05\/Cover_YouTube-GUIDELINES.jpg","datePublished":"2024-05-22T11:20:48+00:00","dateModified":"2026-02-02T11:15:41+00:00","description":"Lue t\u00e4\u00e4lt\u00e4 YouTube-kampanjoita koskevista ohjeista.","breadcrumb":{"@id":"https:\/\/etoropartners.com\/fi\/youtube-ohjeet\/#breadcrumb"},"inLanguage":"fi","potentialAction":[{"@type":"ReadAction","target":["https:\/\/etoropartners.com\/fi\/youtube-ohjeet\/"]}]},{"@type":"ImageObject","inLanguage":"fi","@id":"https:\/\/etoropartners.com\/fi\/youtube-ohjeet\/#primaryimage","url":"https:\/\/etoropartners.com\/wp-content\/uploads\/2024\/05\/Cover_YouTube-GUIDELINES.jpg","contentUrl":"https:\/\/etoropartners.com\/wp-content\/uploads\/2024\/05\/Cover_YouTube-GUIDELINES.jpg"},{"@type":"BreadcrumbList","@id":"https:\/\/etoropartners.com\/fi\/youtube-ohjeet\/#breadcrumb","itemListElement":[{"@type":"ListItem","position":1,"name":"Home","item":"https:\/\/etoropartners.com\/fi\/"},{"@type":"ListItem","position":2,"name":"Vaikuttajan compliance-opas"}]},{"@type":"WebSite","@id":"https:\/\/etoropartners.com\/fi\/#website","url":"https:\/\/etoropartners.com\/fi\/","name":"eToro Partners","description":"","potentialAction":[{"@type":"SearchAction","target":{"@type":"EntryPoint","urlTemplate":"https:\/\/etoropartners.com\/fi\/?s={search_term_string}"},"query-input":{"@type":"PropertyValueSpecification","valueRequired":true,"valueName":"search_term_string"}}],"inLanguage":"fi"}]}},"_links":{"self":[{"href":"https:\/\/etoropartners.com\/fi\/wp-json\/wp\/v2\/pages\/8621","targetHints":{"allow":["GET"]}}],"collection":[{"href":"https:\/\/etoropartners.com\/fi\/wp-json\/wp\/v2\/pages"}],"about":[{"href":"https:\/\/etoropartners.com\/fi\/wp-json\/wp\/v2\/types\/page"}],"author":[{"embeddable":true,"href":"https:\/\/etoropartners.com\/fi\/wp-json\/wp\/v2\/users\/11"}],"replies":[{"embeddable":true,"href":"https:\/\/etoropartners.com\/fi\/wp-json\/wp\/v2\/comments?post=8621"}],"version-history":[{"count":0,"href":"https:\/\/etoropartners.com\/fi\/wp-json\/wp\/v2\/pages\/8621\/revisions"}],"wp:attachment":[{"href":"https:\/\/etoropartners.com\/fi\/wp-json\/wp\/v2\/media?parent=8621"}],"curies":[{"name":"wp","href":"https:\/\/api.w.org\/{rel}","templated":true}]}}