{"id":2884,"date":"2021-11-23T10:37:10","date_gmt":"2021-11-23T10:37:10","guid":{"rendered":"https:\/\/etoropartners.wpengine.com\/find-out-more\/"},"modified":"2023-05-24T12:06:16","modified_gmt":"2023-05-24T10:06:16","slug":"find-out-more","status":"publish","type":"page","link":"https:\/\/etoropartners.com\/fi\/find-out-more\/","title":{"rendered":"Find out more"},"content":{"rendered":"","protected":false},"excerpt":{"rendered":"","protected":false},"author":5,"featured_media":0,"parent":0,"menu_order":0,"comment_status":"closed","ping_status":"closed","template":"","meta":{"_acf_changed":false,"sticky_cta_settings":"","footnotes":""},"class_list":["post-2884","page","type-page","status-publish","hentry"],"acf":[],"yoast_head":"<!-- This site is optimized with the Yoast SEO plugin v27.3 - https:\/\/yoast.com\/product\/yoast-seo-wordpress\/ -->\n<title>Lue lis\u00e4\u00e4 eToro Partnersista<\/title>\n<meta name=\"description\" content=\"Mit\u00e4 enemm\u00e4n tietoa sinulla on eTorosta, sit\u00e4 paremmat valmiudet sinulla on luoda laadukkaita kampanjoita.\" \/>\n<meta name=\"robots\" content=\"index, follow, max-snippet:-1, max-image-preview:large, max-video-preview:-1\" \/>\n<link rel=\"canonical\" href=\"https:\/\/etoropartners.com\/fi\/find-out-more\/\" \/>\n<meta property=\"og:locale\" content=\"fi_FI\" \/>\n<meta property=\"og:type\" content=\"article\" \/>\n<meta property=\"og:title\" content=\"Lue lis\u00e4\u00e4 eToro Partnersista\" \/>\n<meta property=\"og:description\" content=\"Mit\u00e4 enemm\u00e4n tietoa sinulla on eTorosta, sit\u00e4 paremmat valmiudet sinulla on luoda laadukkaita kampanjoita.\" \/>\n<meta property=\"og:url\" content=\"https:\/\/etoropartners.com\/fi\/find-out-more\/\" \/>\n<meta property=\"og:site_name\" content=\"eToro Partners\" \/>\n<meta property=\"article:modified_time\" content=\"2023-05-24T10:06:16+00:00\" \/>\n<meta name=\"twitter:card\" content=\"summary_large_image\" \/>\n<script type=\"application\/ld+json\" class=\"yoast-schema-graph\">{\"@context\":\"https:\\\/\\\/schema.org\",\"@graph\":[{\"@type\":\"WebPage\",\"@id\":\"https:\\\/\\\/etoropartners.com\\\/fi\\\/find-out-more\\\/\",\"url\":\"https:\\\/\\\/etoropartners.com\\\/fi\\\/find-out-more\\\/\",\"name\":\"Lue lis\u00e4\u00e4 eToro Partnersista\",\"isPartOf\":{\"@id\":\"https:\\\/\\\/etoropartners.com\\\/fi\\\/#website\"},\"datePublished\":\"2021-11-23T10:37:10+00:00\",\"dateModified\":\"2023-05-24T10:06:16+00:00\",\"description\":\"Mit\u00e4 enemm\u00e4n tietoa sinulla on eTorosta, sit\u00e4 paremmat valmiudet sinulla on luoda laadukkaita kampanjoita.\",\"breadcrumb\":{\"@id\":\"https:\\\/\\\/etoropartners.com\\\/fi\\\/find-out-more\\\/#breadcrumb\"},\"inLanguage\":\"fi\",\"potentialAction\":[{\"@type\":\"ReadAction\",\"target\":[\"https:\\\/\\\/etoropartners.com\\\/fi\\\/find-out-more\\\/\"]}]},{\"@type\":\"BreadcrumbList\",\"@id\":\"https:\\\/\\\/etoropartners.com\\\/fi\\\/find-out-more\\\/#breadcrumb\",\"itemListElement\":[{\"@type\":\"ListItem\",\"position\":1,\"name\":\"Home\",\"item\":\"https:\\\/\\\/etoropartners.com\\\/fi\\\/\"},{\"@type\":\"ListItem\",\"position\":2,\"name\":\"Find out more\"}]},{\"@type\":\"WebSite\",\"@id\":\"https:\\\/\\\/etoropartners.com\\\/fi\\\/#website\",\"url\":\"https:\\\/\\\/etoropartners.com\\\/fi\\\/\",\"name\":\"eToro Partners\",\"description\":\"\",\"potentialAction\":[{\"@type\":\"SearchAction\",\"target\":{\"@type\":\"EntryPoint\",\"urlTemplate\":\"https:\\\/\\\/etoropartners.com\\\/fi\\\/?s={search_term_string}\"},\"query-input\":{\"@type\":\"PropertyValueSpecification\",\"valueRequired\":true,\"valueName\":\"search_term_string\"}}],\"inLanguage\":\"fi\"}]}<\/script>\n<!-- \/ Yoast SEO plugin. -->","yoast_head_json":{"title":"Lue lis\u00e4\u00e4 eToro Partnersista","description":"Mit\u00e4 enemm\u00e4n tietoa sinulla on eTorosta, sit\u00e4 paremmat valmiudet sinulla on luoda laadukkaita kampanjoita.","robots":{"index":"index","follow":"follow","max-snippet":"max-snippet:-1","max-image-preview":"max-image-preview:large","max-video-preview":"max-video-preview:-1"},"canonical":"https:\/\/etoropartners.com\/fi\/find-out-more\/","og_locale":"fi_FI","og_type":"article","og_title":"Lue lis\u00e4\u00e4 eToro Partnersista","og_description":"Mit\u00e4 enemm\u00e4n tietoa sinulla on eTorosta, sit\u00e4 paremmat valmiudet sinulla on luoda laadukkaita kampanjoita.","og_url":"https:\/\/etoropartners.com\/fi\/find-out-more\/","og_site_name":"eToro Partners","article_modified_time":"2023-05-24T10:06:16+00:00","twitter_card":"summary_large_image","schema":{"@context":"https:\/\/schema.org","@graph":[{"@type":"WebPage","@id":"https:\/\/etoropartners.com\/fi\/find-out-more\/","url":"https:\/\/etoropartners.com\/fi\/find-out-more\/","name":"Lue lis\u00e4\u00e4 eToro Partnersista","isPartOf":{"@id":"https:\/\/etoropartners.com\/fi\/#website"},"datePublished":"2021-11-23T10:37:10+00:00","dateModified":"2023-05-24T10:06:16+00:00","description":"Mit\u00e4 enemm\u00e4n tietoa sinulla on eTorosta, sit\u00e4 paremmat valmiudet sinulla on luoda laadukkaita kampanjoita.","breadcrumb":{"@id":"https:\/\/etoropartners.com\/fi\/find-out-more\/#breadcrumb"},"inLanguage":"fi","potentialAction":[{"@type":"ReadAction","target":["https:\/\/etoropartners.com\/fi\/find-out-more\/"]}]},{"@type":"BreadcrumbList","@id":"https:\/\/etoropartners.com\/fi\/find-out-more\/#breadcrumb","itemListElement":[{"@type":"ListItem","position":1,"name":"Home","item":"https:\/\/etoropartners.com\/fi\/"},{"@type":"ListItem","position":2,"name":"Find out more"}]},{"@type":"WebSite","@id":"https:\/\/etoropartners.com\/fi\/#website","url":"https:\/\/etoropartners.com\/fi\/","name":"eToro Partners","description":"","potentialAction":[{"@type":"SearchAction","target":{"@type":"EntryPoint","urlTemplate":"https:\/\/etoropartners.com\/fi\/?s={search_term_string}"},"query-input":{"@type":"PropertyValueSpecification","valueRequired":true,"valueName":"search_term_string"}}],"inLanguage":"fi"}]}},"_links":{"self":[{"href":"https:\/\/etoropartners.com\/fi\/wp-json\/wp\/v2\/pages\/2884","targetHints":{"allow":["GET"]}}],"collection":[{"href":"https:\/\/etoropartners.com\/fi\/wp-json\/wp\/v2\/pages"}],"about":[{"href":"https:\/\/etoropartners.com\/fi\/wp-json\/wp\/v2\/types\/page"}],"author":[{"embeddable":true,"href":"https:\/\/etoropartners.com\/fi\/wp-json\/wp\/v2\/users\/5"}],"replies":[{"embeddable":true,"href":"https:\/\/etoropartners.com\/fi\/wp-json\/wp\/v2\/comments?post=2884"}],"version-history":[{"count":0,"href":"https:\/\/etoropartners.com\/fi\/wp-json\/wp\/v2\/pages\/2884\/revisions"}],"wp:attachment":[{"href":"https:\/\/etoropartners.com\/fi\/wp-json\/wp\/v2\/media?parent=2884"}],"curies":[{"name":"wp","href":"https:\/\/api.w.org\/{rel}","templated":true}]}}