{"id":1951,"date":"2021-01-14T11:31:50","date_gmt":"2021-01-14T11:31:50","guid":{"rendered":"https:\/\/etoropartners.wpengine.com\/terms-and-conditions\/"},"modified":"2023-05-23T16:47:58","modified_gmt":"2023-05-23T14:47:58","slug":"terms-and-conditions","status":"publish","type":"page","link":"https:\/\/etoropartners.com\/fi\/terms-and-conditions\/","title":{"rendered":"Terms and Conditions"},"content":{"rendered":"","protected":false},"excerpt":{"rendered":"","protected":false},"author":5,"featured_media":0,"parent":0,"menu_order":0,"comment_status":"closed","ping_status":"closed","template":"","meta":{"_acf_changed":false,"sticky_cta_settings":"","footnotes":""},"class_list":["post-1951","page","type-page","status-publish","hentry"],"acf":[],"yoast_head":"<!-- This site is optimized with the Yoast SEO plugin v27.3 - https:\/\/yoast.com\/product\/yoast-seo-wordpress\/ -->\n<title>eToron kumppaniohjelman ehdot<\/title>\n<meta name=\"description\" content=\"Tutustu eToron kumppaniohjelmaan osallistumista koskeviin ehtoihin - Miten se toimii ja mit\u00e4 s\u00e4\u00e4nt\u00f6j\u00e4 sovelletaan.\" \/>\n<meta name=\"robots\" content=\"index, follow, max-snippet:-1, max-image-preview:large, max-video-preview:-1\" \/>\n<link rel=\"canonical\" href=\"https:\/\/etoropartners.com\/fi\/terms-and-conditions\/\" \/>\n<meta property=\"og:locale\" content=\"fi_FI\" \/>\n<meta property=\"og:type\" content=\"article\" \/>\n<meta property=\"og:title\" content=\"eToron kumppaniohjelman ehdot\" \/>\n<meta property=\"og:description\" content=\"Tutustu eToron kumppaniohjelmaan osallistumista koskeviin ehtoihin - Miten se toimii ja mit\u00e4 s\u00e4\u00e4nt\u00f6j\u00e4 sovelletaan.\" \/>\n<meta property=\"og:url\" content=\"https:\/\/etoropartners.com\/fi\/terms-and-conditions\/\" \/>\n<meta property=\"og:site_name\" content=\"eToro Partners\" \/>\n<meta property=\"article:modified_time\" content=\"2023-05-23T14:47:58+00:00\" \/>\n<meta name=\"twitter:card\" content=\"summary_large_image\" \/>\n<script type=\"application\/ld+json\" class=\"yoast-schema-graph\">{\"@context\":\"https:\\\/\\\/schema.org\",\"@graph\":[{\"@type\":\"WebPage\",\"@id\":\"https:\\\/\\\/etoropartners.com\\\/fi\\\/terms-and-conditions\\\/\",\"url\":\"https:\\\/\\\/etoropartners.com\\\/fi\\\/terms-and-conditions\\\/\",\"name\":\"eToron kumppaniohjelman ehdot\",\"isPartOf\":{\"@id\":\"https:\\\/\\\/etoropartners.com\\\/fi\\\/#website\"},\"datePublished\":\"2021-01-14T11:31:50+00:00\",\"dateModified\":\"2023-05-23T14:47:58+00:00\",\"description\":\"Tutustu eToron kumppaniohjelmaan osallistumista koskeviin ehtoihin - Miten se toimii ja mit\u00e4 s\u00e4\u00e4nt\u00f6j\u00e4 sovelletaan.\",\"breadcrumb\":{\"@id\":\"https:\\\/\\\/etoropartners.com\\\/fi\\\/terms-and-conditions\\\/#breadcrumb\"},\"inLanguage\":\"fi\",\"potentialAction\":[{\"@type\":\"ReadAction\",\"target\":[\"https:\\\/\\\/etoropartners.com\\\/fi\\\/terms-and-conditions\\\/\"]}]},{\"@type\":\"BreadcrumbList\",\"@id\":\"https:\\\/\\\/etoropartners.com\\\/fi\\\/terms-and-conditions\\\/#breadcrumb\",\"itemListElement\":[{\"@type\":\"ListItem\",\"position\":1,\"name\":\"Home\",\"item\":\"https:\\\/\\\/etoropartners.com\\\/fi\\\/\"},{\"@type\":\"ListItem\",\"position\":2,\"name\":\"EHDOT\"}]},{\"@type\":\"WebSite\",\"@id\":\"https:\\\/\\\/etoropartners.com\\\/fi\\\/#website\",\"url\":\"https:\\\/\\\/etoropartners.com\\\/fi\\\/\",\"name\":\"eToro Partners\",\"description\":\"\",\"potentialAction\":[{\"@type\":\"SearchAction\",\"target\":{\"@type\":\"EntryPoint\",\"urlTemplate\":\"https:\\\/\\\/etoropartners.com\\\/fi\\\/?s={search_term_string}\"},\"query-input\":{\"@type\":\"PropertyValueSpecification\",\"valueRequired\":true,\"valueName\":\"search_term_string\"}}],\"inLanguage\":\"fi\"}]}<\/script>\n<!-- \/ Yoast SEO plugin. -->","yoast_head_json":{"title":"eToron kumppaniohjelman ehdot","description":"Tutustu eToron kumppaniohjelmaan osallistumista koskeviin ehtoihin - Miten se toimii ja mit\u00e4 s\u00e4\u00e4nt\u00f6j\u00e4 sovelletaan.","robots":{"index":"index","follow":"follow","max-snippet":"max-snippet:-1","max-image-preview":"max-image-preview:large","max-video-preview":"max-video-preview:-1"},"canonical":"https:\/\/etoropartners.com\/fi\/terms-and-conditions\/","og_locale":"fi_FI","og_type":"article","og_title":"eToron kumppaniohjelman ehdot","og_description":"Tutustu eToron kumppaniohjelmaan osallistumista koskeviin ehtoihin - Miten se toimii ja mit\u00e4 s\u00e4\u00e4nt\u00f6j\u00e4 sovelletaan.","og_url":"https:\/\/etoropartners.com\/fi\/terms-and-conditions\/","og_site_name":"eToro Partners","article_modified_time":"2023-05-23T14:47:58+00:00","twitter_card":"summary_large_image","schema":{"@context":"https:\/\/schema.org","@graph":[{"@type":"WebPage","@id":"https:\/\/etoropartners.com\/fi\/terms-and-conditions\/","url":"https:\/\/etoropartners.com\/fi\/terms-and-conditions\/","name":"eToron kumppaniohjelman ehdot","isPartOf":{"@id":"https:\/\/etoropartners.com\/fi\/#website"},"datePublished":"2021-01-14T11:31:50+00:00","dateModified":"2023-05-23T14:47:58+00:00","description":"Tutustu eToron kumppaniohjelmaan osallistumista koskeviin ehtoihin - Miten se toimii ja mit\u00e4 s\u00e4\u00e4nt\u00f6j\u00e4 sovelletaan.","breadcrumb":{"@id":"https:\/\/etoropartners.com\/fi\/terms-and-conditions\/#breadcrumb"},"inLanguage":"fi","potentialAction":[{"@type":"ReadAction","target":["https:\/\/etoropartners.com\/fi\/terms-and-conditions\/"]}]},{"@type":"BreadcrumbList","@id":"https:\/\/etoropartners.com\/fi\/terms-and-conditions\/#breadcrumb","itemListElement":[{"@type":"ListItem","position":1,"name":"Home","item":"https:\/\/etoropartners.com\/fi\/"},{"@type":"ListItem","position":2,"name":"EHDOT"}]},{"@type":"WebSite","@id":"https:\/\/etoropartners.com\/fi\/#website","url":"https:\/\/etoropartners.com\/fi\/","name":"eToro Partners","description":"","potentialAction":[{"@type":"SearchAction","target":{"@type":"EntryPoint","urlTemplate":"https:\/\/etoropartners.com\/fi\/?s={search_term_string}"},"query-input":{"@type":"PropertyValueSpecification","valueRequired":true,"valueName":"search_term_string"}}],"inLanguage":"fi"}]}},"_links":{"self":[{"href":"https:\/\/etoropartners.com\/fi\/wp-json\/wp\/v2\/pages\/1951","targetHints":{"allow":["GET"]}}],"collection":[{"href":"https:\/\/etoropartners.com\/fi\/wp-json\/wp\/v2\/pages"}],"about":[{"href":"https:\/\/etoropartners.com\/fi\/wp-json\/wp\/v2\/types\/page"}],"author":[{"embeddable":true,"href":"https:\/\/etoropartners.com\/fi\/wp-json\/wp\/v2\/users\/5"}],"replies":[{"embeddable":true,"href":"https:\/\/etoropartners.com\/fi\/wp-json\/wp\/v2\/comments?post=1951"}],"version-history":[{"count":0,"href":"https:\/\/etoropartners.com\/fi\/wp-json\/wp\/v2\/pages\/1951\/revisions"}],"wp:attachment":[{"href":"https:\/\/etoropartners.com\/fi\/wp-json\/wp\/v2\/media?parent=1951"}],"curies":[{"name":"wp","href":"https:\/\/api.w.org\/{rel}","templated":true}]}}