{"id":1949,"date":"2021-01-14T11:30:05","date_gmt":"2021-01-14T11:30:05","guid":{"rendered":"https:\/\/etoropartners.wpengine.com\/plans\/"},"modified":"2023-10-02T15:02:33","modified_gmt":"2023-10-02T13:02:33","slug":"plans","status":"publish","type":"page","link":"https:\/\/etoropartners.com\/fi\/plans\/","title":{"rendered":"Plans"},"content":{"rendered":"","protected":false},"excerpt":{"rendered":"","protected":false},"author":5,"featured_media":0,"parent":0,"menu_order":0,"comment_status":"closed","ping_status":"closed","template":"","meta":{"_acf_changed":false,"sticky_cta_settings":"","footnotes":""},"class_list":["post-1949","page","type-page","status-publish","hentry"],"acf":[],"yoast_head":"<!-- This site is optimized with the Yoast SEO plugin v27.3 - https:\/\/yoast.com\/product\/yoast-seo-wordpress\/ -->\n<title>eToron kumppaniohjelman palkkio-ohjelmat<\/title>\n<meta name=\"description\" content=\"eToron kumppanit voivat ansaita palkkioita kutsumalla kaupank\u00e4vij\u00f6it\u00e4 eToroon. Tutustu palkkioihin, joita voit ansaita kumppaniohjelmamme kautta.\" \/>\n<meta name=\"robots\" content=\"index, follow, max-snippet:-1, max-image-preview:large, max-video-preview:-1\" \/>\n<link rel=\"canonical\" href=\"https:\/\/etoropartners.com\/fi\/plans\/\" \/>\n<meta property=\"og:locale\" content=\"fi_FI\" \/>\n<meta property=\"og:type\" content=\"article\" \/>\n<meta property=\"og:title\" content=\"eToron kumppaniohjelman palkkio-ohjelmat\" \/>\n<meta property=\"og:description\" content=\"eToron kumppanit voivat ansaita palkkioita kutsumalla kaupank\u00e4vij\u00f6it\u00e4 eToroon. Tutustu palkkioihin, joita voit ansaita kumppaniohjelmamme kautta.\" \/>\n<meta property=\"og:url\" content=\"https:\/\/etoropartners.com\/fi\/plans\/\" \/>\n<meta property=\"og:site_name\" content=\"eToro Partners\" \/>\n<meta property=\"article:modified_time\" content=\"2023-10-02T13:02:33+00:00\" \/>\n<meta name=\"twitter:card\" content=\"summary_large_image\" \/>\n<script type=\"application\/ld+json\" class=\"yoast-schema-graph\">{\"@context\":\"https:\\\/\\\/schema.org\",\"@graph\":[{\"@type\":\"WebPage\",\"@id\":\"https:\\\/\\\/etoropartners.com\\\/fi\\\/plans\\\/\",\"url\":\"https:\\\/\\\/etoropartners.com\\\/fi\\\/plans\\\/\",\"name\":\"eToron kumppaniohjelman palkkio-ohjelmat\",\"isPartOf\":{\"@id\":\"https:\\\/\\\/etoropartners.com\\\/fi\\\/#website\"},\"datePublished\":\"2021-01-14T11:30:05+00:00\",\"dateModified\":\"2023-10-02T13:02:33+00:00\",\"description\":\"eToron kumppanit voivat ansaita palkkioita kutsumalla kaupank\u00e4vij\u00f6it\u00e4 eToroon. Tutustu palkkioihin, joita voit ansaita kumppaniohjelmamme kautta.\",\"breadcrumb\":{\"@id\":\"https:\\\/\\\/etoropartners.com\\\/fi\\\/plans\\\/#breadcrumb\"},\"inLanguage\":\"fi\",\"potentialAction\":[{\"@type\":\"ReadAction\",\"target\":[\"https:\\\/\\\/etoropartners.com\\\/fi\\\/plans\\\/\"]}]},{\"@type\":\"BreadcrumbList\",\"@id\":\"https:\\\/\\\/etoropartners.com\\\/fi\\\/plans\\\/#breadcrumb\",\"itemListElement\":[{\"@type\":\"ListItem\",\"position\":1,\"name\":\"Home\",\"item\":\"https:\\\/\\\/etoropartners.com\\\/fi\\\/\"},{\"@type\":\"ListItem\",\"position\":2,\"name\":\"Ohjelmat\"}]},{\"@type\":\"WebSite\",\"@id\":\"https:\\\/\\\/etoropartners.com\\\/fi\\\/#website\",\"url\":\"https:\\\/\\\/etoropartners.com\\\/fi\\\/\",\"name\":\"eToro Partners\",\"description\":\"\",\"potentialAction\":[{\"@type\":\"SearchAction\",\"target\":{\"@type\":\"EntryPoint\",\"urlTemplate\":\"https:\\\/\\\/etoropartners.com\\\/fi\\\/?s={search_term_string}\"},\"query-input\":{\"@type\":\"PropertyValueSpecification\",\"valueRequired\":true,\"valueName\":\"search_term_string\"}}],\"inLanguage\":\"fi\"}]}<\/script>\n<!-- \/ Yoast SEO plugin. -->","yoast_head_json":{"title":"eToron kumppaniohjelman palkkio-ohjelmat","description":"eToron kumppanit voivat ansaita palkkioita kutsumalla kaupank\u00e4vij\u00f6it\u00e4 eToroon. Tutustu palkkioihin, joita voit ansaita kumppaniohjelmamme kautta.","robots":{"index":"index","follow":"follow","max-snippet":"max-snippet:-1","max-image-preview":"max-image-preview:large","max-video-preview":"max-video-preview:-1"},"canonical":"https:\/\/etoropartners.com\/fi\/plans\/","og_locale":"fi_FI","og_type":"article","og_title":"eToron kumppaniohjelman palkkio-ohjelmat","og_description":"eToron kumppanit voivat ansaita palkkioita kutsumalla kaupank\u00e4vij\u00f6it\u00e4 eToroon. Tutustu palkkioihin, joita voit ansaita kumppaniohjelmamme kautta.","og_url":"https:\/\/etoropartners.com\/fi\/plans\/","og_site_name":"eToro Partners","article_modified_time":"2023-10-02T13:02:33+00:00","twitter_card":"summary_large_image","schema":{"@context":"https:\/\/schema.org","@graph":[{"@type":"WebPage","@id":"https:\/\/etoropartners.com\/fi\/plans\/","url":"https:\/\/etoropartners.com\/fi\/plans\/","name":"eToron kumppaniohjelman palkkio-ohjelmat","isPartOf":{"@id":"https:\/\/etoropartners.com\/fi\/#website"},"datePublished":"2021-01-14T11:30:05+00:00","dateModified":"2023-10-02T13:02:33+00:00","description":"eToron kumppanit voivat ansaita palkkioita kutsumalla kaupank\u00e4vij\u00f6it\u00e4 eToroon. Tutustu palkkioihin, joita voit ansaita kumppaniohjelmamme kautta.","breadcrumb":{"@id":"https:\/\/etoropartners.com\/fi\/plans\/#breadcrumb"},"inLanguage":"fi","potentialAction":[{"@type":"ReadAction","target":["https:\/\/etoropartners.com\/fi\/plans\/"]}]},{"@type":"BreadcrumbList","@id":"https:\/\/etoropartners.com\/fi\/plans\/#breadcrumb","itemListElement":[{"@type":"ListItem","position":1,"name":"Home","item":"https:\/\/etoropartners.com\/fi\/"},{"@type":"ListItem","position":2,"name":"Ohjelmat"}]},{"@type":"WebSite","@id":"https:\/\/etoropartners.com\/fi\/#website","url":"https:\/\/etoropartners.com\/fi\/","name":"eToro Partners","description":"","potentialAction":[{"@type":"SearchAction","target":{"@type":"EntryPoint","urlTemplate":"https:\/\/etoropartners.com\/fi\/?s={search_term_string}"},"query-input":{"@type":"PropertyValueSpecification","valueRequired":true,"valueName":"search_term_string"}}],"inLanguage":"fi"}]}},"_links":{"self":[{"href":"https:\/\/etoropartners.com\/fi\/wp-json\/wp\/v2\/pages\/1949","targetHints":{"allow":["GET"]}}],"collection":[{"href":"https:\/\/etoropartners.com\/fi\/wp-json\/wp\/v2\/pages"}],"about":[{"href":"https:\/\/etoropartners.com\/fi\/wp-json\/wp\/v2\/types\/page"}],"author":[{"embeddable":true,"href":"https:\/\/etoropartners.com\/fi\/wp-json\/wp\/v2\/users\/5"}],"replies":[{"embeddable":true,"href":"https:\/\/etoropartners.com\/fi\/wp-json\/wp\/v2\/comments?post=1949"}],"version-history":[{"count":0,"href":"https:\/\/etoropartners.com\/fi\/wp-json\/wp\/v2\/pages\/1949\/revisions"}],"wp:attachment":[{"href":"https:\/\/etoropartners.com\/fi\/wp-json\/wp\/v2\/media?parent=1949"}],"curies":[{"name":"wp","href":"https:\/\/api.w.org\/{rel}","templated":true}]}}