{"id":9631,"date":"2026-04-14T14:40:27","date_gmt":"2026-04-14T12:40:27","guid":{"rendered":"https:\/\/etoropartners.com\/?page_id=9631"},"modified":"2026-04-14T14:40:28","modified_gmt":"2026-04-14T12:40:28","slug":"contact-us","status":"publish","type":"page","link":"https:\/\/etoropartners.com\/es\/contact-us\/","title":{"rendered":"Contact Us"},"content":{"rendered":"\n<section class=\"wp-block-group wp-block-group-boxed\"><div class=\"wp-block-group-inner is-layout-flow wp-block-group-is-layout-flow\">\n<div class=\"wp-block-columns are-vertically-aligned-top wp-block-columns-1 is-layout-flex wp-container-core-columns-is-layout-9d6595d7 wp-block-columns-is-layout-flex\">\n<div class=\"wp-block-column wp-block-column-align-desktop-center wp-block-column-align-mobile-center is-layout-flow wp-block-column-is-layout-flow\">\n<p>Estamos aqu\u00ed para ayudarle a aprovechar al m\u00e1ximo eToro Partners. Si tiene alguna pregunta, env\u00ede un correo electr\u00f3nico a su gestor de afiliados a continuaci\u00f3n. Para la verificaci\u00f3n de la cuenta y problemas de acceso, abra una incidencia. Para ayudarnos a responder m\u00e1s r\u00e1pido, introduzca la direcci\u00f3n de correo electr\u00f3nico asociada a su cuenta de socio y la URL de su sitio web.<\/p>\n<\/div>\n<\/div>\n<\/div><\/section>\n\n\n\n<section class=\"wp-block-group wp-block-group-full has-white-background-color has-background hide-on-mobile hide-on-tablet\"><div class=\"wp-block-group-inner is-layout-flow wp-block-group-is-layout-flow\">\n<div class=\"wp-block-columns are-vertically-aligned-top wp-block-columns-1 is-layout-flex wp-container-core-columns-is-layout-9d6595d7 wp-block-columns-is-layout-flex\">\n<div class=\"wp-block-column wp-block-column-align-desktop-center wp-block-column-align-mobile-center is-layout-flow wp-block-column-is-layout-flow\">\n<h2 class=\"wp-block-heading\"><strong>Contactos <b class=\"wp-etoro-format-colored-green\">regionales<\/b><\/strong><\/h2>\n<\/div>\n<\/div>\n\n\n\n<div class=\"wp-block-columns are-vertically-aligned-top wp-block-columns-4 is-layout-flex wp-container-core-columns-is-layout-9d6595d7 wp-block-columns-is-layout-flex\">\n<div class=\"wp-block-column is-layout-flow wp-block-column-is-layout-flow\"><\/div>\n\n\n\n<div class=\"wp-block-column is-layout-flow wp-block-column-is-layout-flow\">\n<p><strong><b class=\"wp-etoro-format-colored-dark-blue\">Reino Unido<\/b><\/strong><br><strong>Sam Kershner<\/strong> \u2013 samke@etoro.com<\/p>\n<\/div>\n\n\n\n<div class=\"wp-block-column is-layout-flow wp-block-column-is-layout-flow\">\n<p class=\"has-text-align-right\"><br><a href=\"https:\/\/calendly.com\/samk-etoro\/30min\" type=\"link\" id=\"https:\/\/calendly.com\/samk-etoro\/30min\">Concertar una llamada de 15 minutos<\/a><\/p>\n<\/div>\n\n\n\n<div class=\"wp-block-column is-layout-flow wp-block-column-is-layout-flow\"><\/div>\n<\/div>\n\n\n\n<div class=\"wp-block-columns are-vertically-aligned-top wp-block-columns-4 is-layout-flex wp-container-core-columns-is-layout-9d6595d7 wp-block-columns-is-layout-flex\">\n<div class=\"wp-block-column is-layout-flow wp-block-column-is-layout-flow\"><\/div>\n\n\n\n<div class=\"wp-block-column is-layout-flow wp-block-column-is-layout-flow\">\n<p><strong><b class=\"wp-etoro-format-colored-dark-blue\">Australia<\/b><\/strong><br><strong>Bri Techert<\/strong> \u2013 brite@etoro.com<\/p>\n<\/div>\n\n\n\n<div class=\"wp-block-column is-layout-flow wp-block-column-is-layout-flow\">\n<p class=\"has-text-align-right\"><br><a href=\"https:\/\/calendly.com\/bri-etoro\/30min\" type=\"link\" id=\"https:\/\/calendly.com\/bri-etoro\/30min\">Concertar una llamada de 15 minutos<\/a><\/p>\n<\/div>\n\n\n\n<div class=\"wp-block-column is-layout-flow wp-block-column-is-layout-flow\"><\/div>\n<\/div>\n\n\n\n<div class=\"wp-block-columns are-vertically-aligned-top wp-block-columns-4 is-layout-flex wp-container-core-columns-is-layout-9d6595d7 wp-block-columns-is-layout-flex\">\n<div class=\"wp-block-column is-layout-flow wp-block-column-is-layout-flow\"><\/div>\n\n\n\n<div class=\"wp-block-column is-layout-flow wp-block-column-is-layout-flow\">\n<p><strong><b class=\"wp-etoro-format-colored-dark-blue\">Alemania y Pa\u00edses Bajos<\/b><\/strong><br><strong>Monika Hakak<\/strong> \u2013 monikaha@etoro.com<\/p>\n<\/div>\n\n\n\n<div class=\"wp-block-column is-layout-flow wp-block-column-is-layout-flow\">\n<p class=\"has-text-align-right\"><br><a href=\"https:\/\/calendly.com\/monikaha-etoro\/\" type=\"link\" id=\"https:\/\/calendly.com\/monikaha-etoro\/\">Concertar una llamada de 15 minutos<\/a><\/p>\n<\/div>\n\n\n\n<div class=\"wp-block-column is-layout-flow wp-block-column-is-layout-flow\"><\/div>\n<\/div>\n\n\n\n<div class=\"wp-block-columns are-vertically-aligned-top wp-block-columns-4 is-layout-flex wp-container-core-columns-is-layout-9d6595d7 wp-block-columns-is-layout-flex\">\n<div class=\"wp-block-column is-layout-flow wp-block-column-is-layout-flow\"><\/div>\n\n\n\n<div class=\"wp-block-column is-layout-flow wp-block-column-is-layout-flow\">\n<p><strong><b class=\"wp-etoro-format-colored-dark-blue\">Estados Unidos, Espa\u00f1a y Latinoam\u00e9rica<\/b><\/strong><br><strong>Nimrod Burla<\/strong> \u2013 nimrodbu@etoro.com<\/p>\n<\/div>\n\n\n\n<div class=\"wp-block-column is-layout-flow wp-block-column-is-layout-flow\">\n<p class=\"has-text-align-right\"><br><a href=\"https:\/\/calendly.com\/nimrodbu-etoro\" type=\"link\" id=\"https:\/\/calendly.com\/nimrodbu-etoro\">Concertar una llamada de 15 minutos<\/a><\/p>\n<\/div>\n\n\n\n<div class=\"wp-block-column is-layout-flow wp-block-column-is-layout-flow\"><\/div>\n<\/div>\n\n\n\n<div class=\"wp-block-columns are-vertically-aligned-top wp-block-columns-4 is-layout-flex wp-container-core-columns-is-layout-9d6595d7 wp-block-columns-is-layout-flex\">\n<div class=\"wp-block-column is-layout-flow wp-block-column-is-layout-flow\"><\/div>\n\n\n\n<div class=\"wp-block-column is-layout-flow wp-block-column-is-layout-flow\">\n<p><strong><b class=\"wp-etoro-format-colored-dark-blue\">Italia<\/b><\/strong><br><strong>Ran Regev<\/strong> \u2013 ranre@etoro.com<\/p>\n<\/div>\n\n\n\n<div class=\"wp-block-column is-layout-flow wp-block-column-is-layout-flow\">\n<p class=\"has-text-align-right\"><br><a href=\"https:\/\/calendly.com\/ranre\" type=\"link\" id=\"https:\/\/calendly.com\/ranre\">Concertar una llamada de 15 minutos<\/a><\/p>\n<\/div>\n\n\n\n<div class=\"wp-block-column is-layout-flow wp-block-column-is-layout-flow\"><\/div>\n<\/div>\n\n\n\n<div class=\"wp-block-columns are-vertically-aligned-top wp-block-columns-4 is-layout-flex wp-container-core-columns-is-layout-9d6595d7 wp-block-columns-is-layout-flex\">\n<div class=\"wp-block-column is-layout-flow wp-block-column-is-layout-flow\"><\/div>\n\n\n\n<div class=\"wp-block-column is-layout-flow wp-block-column-is-layout-flow\">\n<p><strong><b class=\"wp-etoro-format-colored-dark-blue\">Francia y mercados de habla \u00e1rabe<\/b><\/strong><br><strong>Arie Cohen<\/strong> \u2013 arieco@etoro.com<\/p>\n<\/div>\n\n\n\n<div class=\"wp-block-column is-layout-flow wp-block-column-is-layout-flow\">\n<p class=\"has-text-align-right\"><br><br><a href=\"https:\/\/calendly.com\/arieco-etoro\" type=\"link\" id=\"https:\/\/calendly.com\/arieco-etoro\">Concertar una llamada de 15 minutos<\/a><\/p>\n<\/div>\n\n\n\n<div class=\"wp-block-column is-layout-flow wp-block-column-is-layout-flow\"><\/div>\n<\/div>\n\n\n\n<div class=\"wp-block-columns are-vertically-aligned-top wp-block-columns-4 is-layout-flex wp-container-core-columns-is-layout-9d6595d7 wp-block-columns-is-layout-flex\">\n<div class=\"wp-block-column is-layout-flow wp-block-column-is-layout-flow\"><\/div>\n\n\n\n<div class=\"wp-block-column is-layout-flow wp-block-column-is-layout-flow\">\n<p><strong><b class=\"wp-etoro-format-colored-dark-blue\">Europa del Este y pa\u00edses n\u00f3rdicos<\/b><\/strong><br><strong>Lucia Ashkenazy<\/strong> \u2013 luciaas@etoro.com<\/p>\n<\/div>\n\n\n\n<div class=\"wp-block-column is-layout-flow wp-block-column-is-layout-flow\">\n<p class=\"has-text-align-right\"><br><a href=\"https:\/\/calendly.com\/lucia_ashkenazy\" type=\"link\" id=\"https:\/\/calendly.com\/lucia_ashkenazy\">Concertar una llamada de 15 minutos<\/a><\/p>\n<\/div>\n\n\n\n<div class=\"wp-block-column is-layout-flow wp-block-column-is-layout-flow\"><\/div>\n<\/div>\n\n\n\n<div class=\"wp-block-columns are-vertically-aligned-top wp-block-columns-4 is-layout-flex wp-container-core-columns-is-layout-9d6595d7 wp-block-columns-is-layout-flex\">\n<div class=\"wp-block-column is-layout-flow wp-block-column-is-layout-flow\"><\/div>\n\n\n\n<div class=\"wp-block-column is-layout-flow wp-block-column-is-layout-flow\">\n<p><strong><b class=\"wp-etoro-format-colored-dark-blue\">Operaciones y soporte t\u00e9cnico<\/b><\/strong><br><strong>Liora Edelstein Hakak<\/strong> \u2013 lioraed@etoro.com<\/p>\n<\/div>\n\n\n\n<div class=\"wp-block-column is-layout-flow wp-block-column-is-layout-flow\">\n<p class=\"has-text-align-right\"><br><a href=\"https:\/\/calendly.com\/lioraed\" type=\"link\" id=\"https:\/\/calendly.com\/lioraed\">Concertar una llamada de 15 minutos<\/a><\/p>\n<\/div>\n\n\n\n<div class=\"wp-block-column is-layout-flow wp-block-column-is-layout-flow\"><\/div>\n<\/div>\n\n\n\n<div class=\"wp-block-columns are-vertically-aligned-top wp-block-columns-4 is-layout-flex wp-container-core-columns-is-layout-9d6595d7 wp-block-columns-is-layout-flex\">\n<div class=\"wp-block-column is-layout-flow wp-block-column-is-layout-flow\"><\/div>\n\n\n\n<div class=\"wp-block-column is-layout-flow wp-block-column-is-layout-flow\">\n<p><strong><b class=\"wp-etoro-format-colored-dark-blue\">Director, colaboraciones con afiliados<\/b><\/strong><br><strong>Ofer Farjun<\/strong> \u2013 oferfa@etoro.com<\/p>\n<\/div>\n\n\n\n<div class=\"wp-block-column is-layout-flow wp-block-column-is-layout-flow\">\n<p class=\"has-text-align-right\"><br><a href=\"https:\/\/calendly.com\/oferfa\" type=\"link\" id=\"https:\/\/calendly.com\/oferfa\">Concertar una llamada de 15 minutos<\/a><\/p>\n<\/div>\n\n\n\n<div class=\"wp-block-column is-layout-flow wp-block-column-is-layout-flow\"><\/div>\n<\/div>\n<\/div><\/section>\n\n\n\n<section class=\"wp-block-group wp-block-group-boxed has-white-background-color has-background hide-on-desktop\"><div class=\"wp-block-group-inner is-layout-flow wp-block-group-is-layout-flow\">\n<div class=\"wp-block-columns are-vertically-aligned-top wp-block-columns-1 is-layout-flex wp-container-core-columns-is-layout-9d6595d7 wp-block-columns-is-layout-flex\">\n<div class=\"wp-block-column is-layout-flow wp-block-column-is-layout-flow\">\n<p><strong><b class=\"wp-etoro-format-colored-dark-blue\">Reino Unido<\/b><\/strong><br><strong>Sam Kershner<\/strong> \u2013 samke@etoro.com<\/p>\n\n\n\n<p><a href=\"https:\/\/calendly.com\/samk-etoro\/30min\" type=\"link\" id=\"https:\/\/calendly.com\/samk-etoro\/30min\">Concertar una llamada de 15 minutos<\/a><\/p>\n<\/div>\n<\/div>\n\n\n\n<div class=\"wp-block-columns are-vertically-aligned-top wp-block-columns-1 is-layout-flex wp-container-core-columns-is-layout-9d6595d7 wp-block-columns-is-layout-flex\">\n<div class=\"wp-block-column is-layout-flow wp-block-column-is-layout-flow\">\n<p><strong><b class=\"wp-etoro-format-colored-dark-blue\">Australia<\/b><\/strong><br><strong>Bri Techert<\/strong> \u2013 brite@etoro.com<\/p>\n\n\n\n<p><a href=\"https:\/\/calendly.com\/bri-etoro\/30min\" type=\"link\" id=\"https:\/\/calendly.com\/bri-etoro\/30min\">Concertar una llamada de 15 minutos<\/a><\/p>\n<\/div>\n<\/div>\n\n\n\n<div class=\"wp-block-columns are-vertically-aligned-top wp-block-columns-1 is-layout-flex wp-container-core-columns-is-layout-9d6595d7 wp-block-columns-is-layout-flex\">\n<div class=\"wp-block-column is-layout-flow wp-block-column-is-layout-flow\">\n<p><strong><b class=\"wp-etoro-format-colored-dark-blue\">Alemania y Pa\u00edses Bajos<\/b><\/strong><br><strong>Monika Hakak<\/strong> \u2013 monikaha@etoro.com<\/p>\n\n\n\n<p><a id=\"https:\/\/calendly.com\/monikaha-etoro\/\" href=\"https:\/\/calendly.com\/monikaha-etoro\/\" type=\"link\">Concertar una llamada de 15 minutos<\/a><\/p>\n<\/div>\n<\/div>\n\n\n\n<div class=\"wp-block-columns are-vertically-aligned-top wp-block-columns-1 is-layout-flex wp-container-core-columns-is-layout-9d6595d7 wp-block-columns-is-layout-flex\">\n<div class=\"wp-block-column is-layout-flow wp-block-column-is-layout-flow\">\n<p><strong><b class=\"wp-etoro-format-colored-dark-blue\">Estados Unidos, Espa\u00f1a y Latinoam\u00e9rica<\/b><\/strong><br><strong>Nimrod Burla<\/strong> \u2013 nimrodbu@etoro.com<\/p>\n\n\n\n<p><a id=\"https:\/\/calendly.com\/nimrodbu-etoro\" href=\"https:\/\/calendly.com\/nimrodbu-etoro\" type=\"link\">Concertar una llamada de 15 minutos<\/a><\/p>\n<\/div>\n<\/div>\n\n\n\n<div class=\"wp-block-columns are-vertically-aligned-top wp-block-columns-1 is-layout-flex wp-container-core-columns-is-layout-9d6595d7 wp-block-columns-is-layout-flex\">\n<div class=\"wp-block-column is-layout-flow wp-block-column-is-layout-flow\">\n<p><strong><b class=\"wp-etoro-format-colored-dark-blue\">Italia<\/b><\/strong><br><strong>Ran Regev<\/strong> \u2013 ranre@etoro.com<\/p>\n\n\n\n<p><a id=\"https:\/\/calendly.com\/ranre\" href=\"https:\/\/calendly.com\/ranre\" type=\"link\">Concertar una llamada de 15 minutos<\/a><\/p>\n<\/div>\n<\/div>\n\n\n\n<div class=\"wp-block-columns are-vertically-aligned-top wp-block-columns-1 is-layout-flex wp-container-core-columns-is-layout-9d6595d7 wp-block-columns-is-layout-flex\">\n<div class=\"wp-block-column is-layout-flow wp-block-column-is-layout-flow\">\n<p><strong><b class=\"wp-etoro-format-colored-dark-blue\">Francia y mercados de habla \u00e1rabe<\/b><\/strong><br><strong>Arie Cohen<\/strong> \u2013 arieco@etoro.com<\/p>\n\n\n\n<p><a id=\"https:\/\/calendly.com\/arieco-etoro\" href=\"https:\/\/calendly.com\/arieco-etoro\" type=\"link\">Concertar una llamada de 15 minutos<\/a><\/p>\n<\/div>\n<\/div>\n\n\n\n<div class=\"wp-block-columns are-vertically-aligned-top wp-block-columns-1 is-layout-flex wp-container-core-columns-is-layout-9d6595d7 wp-block-columns-is-layout-flex\">\n<div class=\"wp-block-column is-layout-flow wp-block-column-is-layout-flow\">\n<p><strong><b class=\"wp-etoro-format-colored-dark-blue\">Europa del Este y pa\u00edses n\u00f3rdicos<\/b><\/strong><br><strong>Lucia Ashkenazy<\/strong> \u2013 luciaas@etoro.com<\/p>\n\n\n\n<p><a id=\"https:\/\/calendly.com\/lucia_ashkenazy\" href=\"https:\/\/calendly.com\/lucia_ashkenazy\" type=\"link\">Concertar una llamada de 15 minutos<\/a><\/p>\n<\/div>\n<\/div>\n\n\n\n<div class=\"wp-block-columns are-vertically-aligned-top wp-block-columns-1 is-layout-flex wp-container-core-columns-is-layout-9d6595d7 wp-block-columns-is-layout-flex\">\n<div class=\"wp-block-column is-layout-flow wp-block-column-is-layout-flow\">\n<p><strong><b class=\"wp-etoro-format-colored-dark-blue\">Operaciones y soporte t\u00e9cnico<\/b><\/strong><br><strong>Liora Edelstein Hakak<\/strong> \u2013 lioraed@etoro.com<\/p>\n\n\n\n<p><a id=\"https:\/\/calendly.com\/lioraed\" href=\"https:\/\/calendly.com\/lioraed\" type=\"link\">Concertar una llamada de 15 minutos<\/a><\/p>\n<\/div>\n<\/div>\n\n\n\n<div class=\"wp-block-columns are-vertically-aligned-top wp-block-columns-1 is-layout-flex wp-container-core-columns-is-layout-9d6595d7 wp-block-columns-is-layout-flex\">\n<div class=\"wp-block-column is-layout-flow wp-block-column-is-layout-flow\">\n<p><strong><b class=\"wp-etoro-format-colored-dark-blue\">Director, colaboraciones con afiliados<\/b><\/strong><br><strong>Ofer Farjun<\/strong> \u2013 oferfa@etoro.com<\/p>\n\n\n\n<p><a id=\"https:\/\/calendly.com\/oferfa\" href=\"https:\/\/calendly.com\/oferfa\" type=\"link\">Concertar una llamada de 15 minutos<\/a><\/p>\n<\/div>\n<\/div>\n<\/div><\/section>\n\n\n\n<section class=\"wp-block-group wp-block-group-boxed has-light-blue-background-color has-background\"><div class=\"wp-block-group-inner is-layout-flow wp-block-group-is-layout-flow\">\n<div class=\"wp-block-columns are-vertically-aligned-top wp-block-columns-1 is-layout-flex wp-container-core-columns-is-layout-9d6595d7 wp-block-columns-is-layout-flex\">\n<div class=\"wp-block-column wp-block-column-align-desktop-center wp-block-column-align-mobile-center is-layout-flow wp-block-column-is-layout-flow\">\n<h2 class=\"wp-block-heading\"><strong>Problemas con la cuenta y verificaci\u00f3n<\/strong><\/h2>\n\n\n\n<p>Para problemas de verificaci\u00f3n y acceso a la cuenta, abra una incidencia y nuestro equipo le ayudar\u00e1.<\/p>\n\n\n\n<div class=\"wp-block-buttons is-layout-flex wp-block-buttons-is-layout-flex\">\n<a class=\"e-cta e-cta-alternative\" href=\"https:\/\/www.etoro.com\/customer-service\/?deepLink=type\/programs\/programs_subtype\/partners_program\/\" target=\"_blank\" rel=\"noopener\">Abrir una incidencia<\/a>\n<\/div>\n<\/div>\n<\/div>\n<\/div><\/section>\n","protected":false},"excerpt":{"rendered":"<p>Estamos aqu\u00ed para ayudarle a aprovechar al m\u00e1ximo eToro Partners. Si tiene alguna pregunta, env\u00ede un correo electr\u00f3nico a su gestor de afiliados a continuaci\u00f3n. Para la verificaci\u00f3n de la cuenta y problemas de acceso, abra una incidencia. Para ayudarnos a responder m\u00e1s r\u00e1pido, introduzca la direcci\u00f3n de correo electr\u00f3nico asociada a su cuenta de [&hellip;]<\/p>\n","protected":false},"author":21,"featured_media":0,"parent":0,"menu_order":0,"comment_status":"closed","ping_status":"closed","template":"","meta":{"_acf_changed":false,"sticky_cta_settings":"","footnotes":""},"class_list":["post-9631","page","type-page","status-publish","hentry"],"acf":[],"yoast_head":"<!-- This site is optimized with the Yoast SEO plugin v27.3 - https:\/\/yoast.com\/product\/yoast-seo-wordpress\/ -->\n<title>Contacte con el equipo de eToro Partners | Gestores regionales de afiliados<\/title>\n<meta name=\"description\" content=\"\u00bfNecesita ayuda con eToro Partners? Env\u00ede un correo electr\u00f3nico a su gestor de afiliados o concierte una llamada de 15 minutos. Para problemas de acceso a la cuenta, abra una incidencia para obtener ayuda m\u00e1s r\u00e1pida.\" \/>\n<meta name=\"robots\" content=\"index, follow, max-snippet:-1, max-image-preview:large, max-video-preview:-1\" \/>\n<link rel=\"canonical\" href=\"https:\/\/etoropartners.com\/es\/contact-us\/\" \/>\n<meta property=\"og:locale\" content=\"es_ES\" \/>\n<meta property=\"og:type\" content=\"article\" \/>\n<meta property=\"og:title\" content=\"Contacte con el equipo de eToro Partners | Gestores regionales de afiliados\" \/>\n<meta property=\"og:description\" content=\"\u00bfNecesita ayuda con eToro Partners? Env\u00ede un correo electr\u00f3nico a su gestor de afiliados o concierte una llamada de 15 minutos. Para problemas de acceso a la cuenta, abra una incidencia para obtener ayuda m\u00e1s r\u00e1pida.\" \/>\n<meta property=\"og:url\" content=\"https:\/\/etoropartners.com\/es\/contact-us\/\" \/>\n<meta property=\"og:site_name\" content=\"eToro Partners\" \/>\n<meta property=\"article:modified_time\" content=\"2026-04-14T12:40:28+00:00\" \/>\n<meta name=\"twitter:card\" content=\"summary_large_image\" \/>\n<meta name=\"twitter:label1\" content=\"Tiempo de lectura\" \/>\n\t<meta name=\"twitter:data1\" content=\"2 minutos\" \/>\n<script type=\"application\/ld+json\" class=\"yoast-schema-graph\">{\"@context\":\"https:\\\/\\\/schema.org\",\"@graph\":[{\"@type\":\"WebPage\",\"@id\":\"https:\\\/\\\/etoropartners.com\\\/es\\\/contact-us\\\/\",\"url\":\"https:\\\/\\\/etoropartners.com\\\/es\\\/contact-us\\\/\",\"name\":\"Contacte con el equipo de eToro Partners | Gestores regionales de afiliados\",\"isPartOf\":{\"@id\":\"https:\\\/\\\/etoropartners.com\\\/es\\\/#website\"},\"datePublished\":\"2026-04-14T12:40:27+00:00\",\"dateModified\":\"2026-04-14T12:40:28+00:00\",\"description\":\"\u00bfNecesita ayuda con eToro Partners? Env\u00ede un correo electr\u00f3nico a su gestor de afiliados o concierte una llamada de 15 minutos. Para problemas de acceso a la cuenta, abra una incidencia para obtener ayuda m\u00e1s r\u00e1pida.\",\"breadcrumb\":{\"@id\":\"https:\\\/\\\/etoropartners.com\\\/es\\\/contact-us\\\/#breadcrumb\"},\"inLanguage\":\"es\",\"potentialAction\":[{\"@type\":\"ReadAction\",\"target\":[\"https:\\\/\\\/etoropartners.com\\\/es\\\/contact-us\\\/\"]}]},{\"@type\":\"BreadcrumbList\",\"@id\":\"https:\\\/\\\/etoropartners.com\\\/es\\\/contact-us\\\/#breadcrumb\",\"itemListElement\":[{\"@type\":\"ListItem\",\"position\":1,\"name\":\"Home\",\"item\":\"https:\\\/\\\/etoropartners.com\\\/es\\\/\"},{\"@type\":\"ListItem\",\"position\":2,\"name\":\"Contact Us\"}]},{\"@type\":\"WebSite\",\"@id\":\"https:\\\/\\\/etoropartners.com\\\/es\\\/#website\",\"url\":\"https:\\\/\\\/etoropartners.com\\\/es\\\/\",\"name\":\"eToro Partners\",\"description\":\"\",\"potentialAction\":[{\"@type\":\"SearchAction\",\"target\":{\"@type\":\"EntryPoint\",\"urlTemplate\":\"https:\\\/\\\/etoropartners.com\\\/es\\\/?s={search_term_string}\"},\"query-input\":{\"@type\":\"PropertyValueSpecification\",\"valueRequired\":true,\"valueName\":\"search_term_string\"}}],\"inLanguage\":\"es\"}]}<\/script>\n<!-- \/ Yoast SEO plugin. -->","yoast_head_json":{"title":"Contacte con el equipo de eToro Partners | Gestores regionales de afiliados","description":"\u00bfNecesita ayuda con eToro Partners? Env\u00ede un correo electr\u00f3nico a su gestor de afiliados o concierte una llamada de 15 minutos. Para problemas de acceso a la cuenta, abra una incidencia para obtener ayuda m\u00e1s r\u00e1pida.","robots":{"index":"index","follow":"follow","max-snippet":"max-snippet:-1","max-image-preview":"max-image-preview:large","max-video-preview":"max-video-preview:-1"},"canonical":"https:\/\/etoropartners.com\/es\/contact-us\/","og_locale":"es_ES","og_type":"article","og_title":"Contacte con el equipo de eToro Partners | Gestores regionales de afiliados","og_description":"\u00bfNecesita ayuda con eToro Partners? Env\u00ede un correo electr\u00f3nico a su gestor de afiliados o concierte una llamada de 15 minutos. Para problemas de acceso a la cuenta, abra una incidencia para obtener ayuda m\u00e1s r\u00e1pida.","og_url":"https:\/\/etoropartners.com\/es\/contact-us\/","og_site_name":"eToro Partners","article_modified_time":"2026-04-14T12:40:28+00:00","twitter_card":"summary_large_image","twitter_misc":{"Tiempo de lectura":"2 minutos"},"schema":{"@context":"https:\/\/schema.org","@graph":[{"@type":"WebPage","@id":"https:\/\/etoropartners.com\/es\/contact-us\/","url":"https:\/\/etoropartners.com\/es\/contact-us\/","name":"Contacte con el equipo de eToro Partners | Gestores regionales de afiliados","isPartOf":{"@id":"https:\/\/etoropartners.com\/es\/#website"},"datePublished":"2026-04-14T12:40:27+00:00","dateModified":"2026-04-14T12:40:28+00:00","description":"\u00bfNecesita ayuda con eToro Partners? Env\u00ede un correo electr\u00f3nico a su gestor de afiliados o concierte una llamada de 15 minutos. Para problemas de acceso a la cuenta, abra una incidencia para obtener ayuda m\u00e1s r\u00e1pida.","breadcrumb":{"@id":"https:\/\/etoropartners.com\/es\/contact-us\/#breadcrumb"},"inLanguage":"es","potentialAction":[{"@type":"ReadAction","target":["https:\/\/etoropartners.com\/es\/contact-us\/"]}]},{"@type":"BreadcrumbList","@id":"https:\/\/etoropartners.com\/es\/contact-us\/#breadcrumb","itemListElement":[{"@type":"ListItem","position":1,"name":"Home","item":"https:\/\/etoropartners.com\/es\/"},{"@type":"ListItem","position":2,"name":"Contact Us"}]},{"@type":"WebSite","@id":"https:\/\/etoropartners.com\/es\/#website","url":"https:\/\/etoropartners.com\/es\/","name":"eToro Partners","description":"","potentialAction":[{"@type":"SearchAction","target":{"@type":"EntryPoint","urlTemplate":"https:\/\/etoropartners.com\/es\/?s={search_term_string}"},"query-input":{"@type":"PropertyValueSpecification","valueRequired":true,"valueName":"search_term_string"}}],"inLanguage":"es"}]}},"_links":{"self":[{"href":"https:\/\/etoropartners.com\/es\/wp-json\/wp\/v2\/pages\/9631","targetHints":{"allow":["GET"]}}],"collection":[{"href":"https:\/\/etoropartners.com\/es\/wp-json\/wp\/v2\/pages"}],"about":[{"href":"https:\/\/etoropartners.com\/es\/wp-json\/wp\/v2\/types\/page"}],"author":[{"embeddable":true,"href":"https:\/\/etoropartners.com\/es\/wp-json\/wp\/v2\/users\/21"}],"replies":[{"embeddable":true,"href":"https:\/\/etoropartners.com\/es\/wp-json\/wp\/v2\/comments?post=9631"}],"version-history":[{"count":0,"href":"https:\/\/etoropartners.com\/es\/wp-json\/wp\/v2\/pages\/9631\/revisions"}],"wp:attachment":[{"href":"https:\/\/etoropartners.com\/es\/wp-json\/wp\/v2\/media?parent=9631"}],"curies":[{"name":"wp","href":"https:\/\/api.w.org\/{rel}","templated":true}]}}