{"id":8822,"date":"2024-05-22T13:05:01","date_gmt":"2024-05-22T11:05:01","guid":{"rendered":"https:\/\/etoropartners.com\/regulators\/"},"modified":"2024-08-26T15:19:50","modified_gmt":"2024-08-26T13:19:50","slug":"regulators","status":"publish","type":"page","link":"https:\/\/etoropartners.com\/es\/regulators\/","title":{"rendered":"Reguladores"},"content":{"rendered":"\n<section class=\"wp-block-group wp-block-group-boxed wp-block-group-small-top-padding wp-block-group-small-bottom-padding has-white-background-color has-background\"><div class=\"wp-block-group-inner is-layout-flow wp-block-group-is-layout-flow\">\n<div class=\"wp-block-columns are-vertically-aligned-top wp-block-columns-1 is-layout-flex wp-container-core-columns-is-layout-9d6595d7 wp-block-columns-is-layout-flex\">\n<div class=\"wp-block-column wp-block-column-align-desktop-center wp-block-column-align-mobile-center is-layout-flow wp-block-column-is-layout-flow\">\n<h2 class=\"wp-block-heading\"><strong>Reguladores<\/strong><\/h2>\n\n\n\n<figure class=\"wp-block-image size-full\"><img loading=\"lazy\" decoding=\"async\" width=\"1600\" height=\"400\" src=\"https:\/\/etoropartners.com\/wp-content\/uploads\/2024\/05\/Cover_OUR-REGULATION.jpg\" alt=\"\" class=\"wp-image-8239 wp-image-desktop\" srcset=\"https:\/\/etoropartners.com\/wp-content\/uploads\/2024\/05\/Cover_OUR-REGULATION.jpg 1600w, https:\/\/etoropartners.com\/wp-content\/uploads\/2024\/05\/Cover_OUR-REGULATION-300x75.jpg 300w, https:\/\/etoropartners.com\/wp-content\/uploads\/2024\/05\/Cover_OUR-REGULATION-1024x256.jpg 1024w, https:\/\/etoropartners.com\/wp-content\/uploads\/2024\/05\/Cover_OUR-REGULATION-768x192.jpg 768w, https:\/\/etoropartners.com\/wp-content\/uploads\/2024\/05\/Cover_OUR-REGULATION-1536x384.jpg 1536w\" sizes=\"auto, (max-width: 1600px) 100vw, 1600px\" \/><\/figure>\n<\/div>\n<\/div>\n<\/div><\/section>\n\n\n\n<section class=\"wp-block-group wp-block-group-boxed wp-block-group-small-top-padding wp-block-group-small-bottom-padding has-white-background-color has-background\"><div class=\"wp-block-group-inner is-layout-flow wp-block-group-is-layout-flow\">\n<div class=\"wp-block-columns are-vertically-aligned-top wp-block-columns-1 is-layout-flex wp-container-core-columns-is-layout-9d6595d7 wp-block-columns-is-layout-flex\">\n<div class=\"wp-block-column is-layout-flow wp-block-column-is-layout-flow\">\n<p>eToro est\u00e1 regulado en m\u00faltiples jurisdicciones. <a href=\"https:\/\/www.etoro.com\/es\/customer-service\/regulation-license\/\">Haz clic aqu\u00ed<\/a> para conocer m\u00e1s sobre nuestras licencias y regulaciones.<\/p>\n\n\n\n<p class=\"is-style-heading-2\"><strong>\u00bfPuedes mencionar a los reguladores?<\/strong><\/p>\n\n\n\n<p>No puedes mencionar a los reguladores como puntos de venta. Esto significa que debes tener cuidado en c\u00f3mo los mencionas. A continuaci\u00f3n, presentamos algunos ejemplos de c\u00f3mo NO mencionar a los reguladores:<\/p>\n\n\n\n<ul class=\"wp-block-list wp-block-list wp-block-list-circle\">\n<li>Escribir o sugerir que es buena idea operar en eToro, ya que es una marca regulada.<\/li>\n\n\n\n<li>Mencionar las regulaciones como una ventaja.<\/li>\n\n\n\n<li>Comparar eToro con otra marca y usar los reguladores como una ventaja.<\/li>\n\n\n\n<li>Usar el logotipo del regulador.<\/li>\n\n\n\n<li>Usar el nombre del regulador en los <em>banners<\/em>.<\/li>\n<\/ul>\n\n\n\n<p class=\"is-style-heading-2\"><strong>Entonces, \u00bfqu\u00e9 est\u00e1 permitido?<br><\/strong><\/p>\n\n\n\n<p>Est\u00e1 bien mencionar que eToro est\u00e1 regulado por varias entidades cuando simplemente lo mencionas como un hecho. Por ejemplo, como uno de muchos elementos en la descripci\u00f3n de eToro y sus caracter\u00edsticas (por ejemplo, en una rese\u00f1a).<br><\/p>\n\n\n\n<p class=\"is-style-heading-2\"><strong>Recuerda la precisi\u00f3n<\/strong><\/p>\n\n\n\n<p><strong>Criptomonedas:<\/strong> las criptomonedas son instrumentos no regulados. Por lo tanto, mencionar a los reguladores, o decir que eToro est\u00e1 regulado en un art\u00edculo sobre criptomonedas ser\u00eda enga\u00f1oso. Por favor, no lo hagas o menciona expl\u00edcitamente que las criptomonedas no est\u00e1n reguladas (a menos que te dirijas a un p\u00fablico estadounidense, en cuyo caso no es necesario a\u00f1adirlo).<\/p>\n\n\n\n<p><strong>EE. UU.:<\/strong> en los EE. UU., eToro USA LLC ofrece una plataforma regulada por FinCen para que los clientes estadounidenses compren y vendan criptomonedas. Por otro lado, eToro USA Securities Inc. es un <em>broker-dealer<\/em> regulado por FINRA que permite la negociaci\u00f3n de acciones, ETFs y opciones. Por favor, no las confundas.<\/p>\n<\/div>\n<\/div>\n<\/div><\/section>\n","protected":false},"excerpt":{"rendered":"<p>Reguladores eToro est\u00e1 regulado en m\u00faltiples jurisdicciones. Haz clic aqu\u00ed para conocer m\u00e1s sobre nuestras licencias y regulaciones. \u00bfPuedes mencionar a los reguladores? No puedes mencionar a los reguladores como puntos de venta. Esto significa que debes tener cuidado en c\u00f3mo los mencionas. A continuaci\u00f3n, presentamos algunos ejemplos de c\u00f3mo NO mencionar a los reguladores: [&hellip;]<\/p>\n","protected":false},"author":11,"featured_media":8237,"parent":0,"menu_order":0,"comment_status":"closed","ping_status":"closed","template":"","meta":{"_acf_changed":false,"sticky_cta_settings":"","footnotes":""},"class_list":["post-8822","page","type-page","status-publish","has-post-thumbnail","hentry"],"acf":[],"yoast_head":"<!-- This site is optimized with the Yoast SEO plugin v27.3 - https:\/\/yoast.com\/product\/yoast-seo-wordpress\/ -->\n<title>Reguladores<\/title>\n<meta name=\"description\" content=\"eToro est\u00e1 regulado en m\u00faltiples jurisdicciones. Haz clic aqu\u00ed para conocer m\u00e1s sobre nuestras licencias y regulaciones.\" \/>\n<meta name=\"robots\" content=\"index, follow, max-snippet:-1, max-image-preview:large, max-video-preview:-1\" \/>\n<link rel=\"canonical\" href=\"https:\/\/etoropartners.com\/es\/regulators\/\" \/>\n<meta property=\"og:locale\" content=\"es_ES\" \/>\n<meta property=\"og:type\" content=\"article\" \/>\n<meta property=\"og:title\" content=\"Reguladores\" \/>\n<meta property=\"og:description\" content=\"eToro est\u00e1 regulado en m\u00faltiples jurisdicciones. Haz clic aqu\u00ed para conocer m\u00e1s sobre nuestras licencias y regulaciones.\" \/>\n<meta property=\"og:url\" content=\"https:\/\/etoropartners.com\/es\/regulators\/\" \/>\n<meta property=\"og:site_name\" content=\"eToro Partners\" \/>\n<meta property=\"article:modified_time\" content=\"2024-08-26T13:19:50+00:00\" \/>\n<meta property=\"og:image\" content=\"https:\/\/etoropartners.com\/wp-content\/uploads\/2024\/05\/Featured_OUR-REGULATION.png\" \/>\n\t<meta property=\"og:image:width\" content=\"1200\" \/>\n\t<meta property=\"og:image:height\" content=\"630\" \/>\n\t<meta property=\"og:image:type\" content=\"image\/png\" \/>\n<meta name=\"twitter:card\" content=\"summary_large_image\" \/>\n<meta name=\"twitter:label1\" content=\"Tiempo de lectura\" \/>\n\t<meta name=\"twitter:data1\" content=\"2 minutos\" \/>\n<script type=\"application\/ld+json\" class=\"yoast-schema-graph\">{\"@context\":\"https:\\\/\\\/schema.org\",\"@graph\":[{\"@type\":\"WebPage\",\"@id\":\"https:\\\/\\\/etoropartners.com\\\/es\\\/regulators\\\/\",\"url\":\"https:\\\/\\\/etoropartners.com\\\/es\\\/regulators\\\/\",\"name\":\"Reguladores\",\"isPartOf\":{\"@id\":\"https:\\\/\\\/etoropartners.com\\\/es\\\/#website\"},\"primaryImageOfPage\":{\"@id\":\"https:\\\/\\\/etoropartners.com\\\/es\\\/regulators\\\/#primaryimage\"},\"image\":{\"@id\":\"https:\\\/\\\/etoropartners.com\\\/es\\\/regulators\\\/#primaryimage\"},\"thumbnailUrl\":\"https:\\\/\\\/etoropartners.com\\\/wp-content\\\/uploads\\\/2024\\\/05\\\/Featured_OUR-REGULATION.png\",\"datePublished\":\"2024-05-22T11:05:01+00:00\",\"dateModified\":\"2024-08-26T13:19:50+00:00\",\"description\":\"eToro est\u00e1 regulado en m\u00faltiples jurisdicciones. Haz clic aqu\u00ed para conocer m\u00e1s sobre nuestras licencias y regulaciones.\",\"breadcrumb\":{\"@id\":\"https:\\\/\\\/etoropartners.com\\\/es\\\/regulators\\\/#breadcrumb\"},\"inLanguage\":\"es\",\"potentialAction\":[{\"@type\":\"ReadAction\",\"target\":[\"https:\\\/\\\/etoropartners.com\\\/es\\\/regulators\\\/\"]}]},{\"@type\":\"ImageObject\",\"inLanguage\":\"es\",\"@id\":\"https:\\\/\\\/etoropartners.com\\\/es\\\/regulators\\\/#primaryimage\",\"url\":\"https:\\\/\\\/etoropartners.com\\\/wp-content\\\/uploads\\\/2024\\\/05\\\/Featured_OUR-REGULATION.png\",\"contentUrl\":\"https:\\\/\\\/etoropartners.com\\\/wp-content\\\/uploads\\\/2024\\\/05\\\/Featured_OUR-REGULATION.png\",\"width\":1200,\"height\":630},{\"@type\":\"BreadcrumbList\",\"@id\":\"https:\\\/\\\/etoropartners.com\\\/es\\\/regulators\\\/#breadcrumb\",\"itemListElement\":[{\"@type\":\"ListItem\",\"position\":1,\"name\":\"Home\",\"item\":\"https:\\\/\\\/etoropartners.com\\\/es\\\/\"},{\"@type\":\"ListItem\",\"position\":2,\"name\":\"Reguladores\"}]},{\"@type\":\"WebSite\",\"@id\":\"https:\\\/\\\/etoropartners.com\\\/es\\\/#website\",\"url\":\"https:\\\/\\\/etoropartners.com\\\/es\\\/\",\"name\":\"eToro Partners\",\"description\":\"\",\"potentialAction\":[{\"@type\":\"SearchAction\",\"target\":{\"@type\":\"EntryPoint\",\"urlTemplate\":\"https:\\\/\\\/etoropartners.com\\\/es\\\/?s={search_term_string}\"},\"query-input\":{\"@type\":\"PropertyValueSpecification\",\"valueRequired\":true,\"valueName\":\"search_term_string\"}}],\"inLanguage\":\"es\"}]}<\/script>\n<!-- \/ Yoast SEO plugin. -->","yoast_head_json":{"title":"Reguladores","description":"eToro est\u00e1 regulado en m\u00faltiples jurisdicciones. Haz clic aqu\u00ed para conocer m\u00e1s sobre nuestras licencias y regulaciones.","robots":{"index":"index","follow":"follow","max-snippet":"max-snippet:-1","max-image-preview":"max-image-preview:large","max-video-preview":"max-video-preview:-1"},"canonical":"https:\/\/etoropartners.com\/es\/regulators\/","og_locale":"es_ES","og_type":"article","og_title":"Reguladores","og_description":"eToro est\u00e1 regulado en m\u00faltiples jurisdicciones. Haz clic aqu\u00ed para conocer m\u00e1s sobre nuestras licencias y regulaciones.","og_url":"https:\/\/etoropartners.com\/es\/regulators\/","og_site_name":"eToro Partners","article_modified_time":"2024-08-26T13:19:50+00:00","og_image":[{"width":1200,"height":630,"url":"https:\/\/etoropartners.com\/wp-content\/uploads\/2024\/05\/Featured_OUR-REGULATION.png","type":"image\/png"}],"twitter_card":"summary_large_image","twitter_misc":{"Tiempo de lectura":"2 minutos"},"schema":{"@context":"https:\/\/schema.org","@graph":[{"@type":"WebPage","@id":"https:\/\/etoropartners.com\/es\/regulators\/","url":"https:\/\/etoropartners.com\/es\/regulators\/","name":"Reguladores","isPartOf":{"@id":"https:\/\/etoropartners.com\/es\/#website"},"primaryImageOfPage":{"@id":"https:\/\/etoropartners.com\/es\/regulators\/#primaryimage"},"image":{"@id":"https:\/\/etoropartners.com\/es\/regulators\/#primaryimage"},"thumbnailUrl":"https:\/\/etoropartners.com\/wp-content\/uploads\/2024\/05\/Featured_OUR-REGULATION.png","datePublished":"2024-05-22T11:05:01+00:00","dateModified":"2024-08-26T13:19:50+00:00","description":"eToro est\u00e1 regulado en m\u00faltiples jurisdicciones. Haz clic aqu\u00ed para conocer m\u00e1s sobre nuestras licencias y regulaciones.","breadcrumb":{"@id":"https:\/\/etoropartners.com\/es\/regulators\/#breadcrumb"},"inLanguage":"es","potentialAction":[{"@type":"ReadAction","target":["https:\/\/etoropartners.com\/es\/regulators\/"]}]},{"@type":"ImageObject","inLanguage":"es","@id":"https:\/\/etoropartners.com\/es\/regulators\/#primaryimage","url":"https:\/\/etoropartners.com\/wp-content\/uploads\/2024\/05\/Featured_OUR-REGULATION.png","contentUrl":"https:\/\/etoropartners.com\/wp-content\/uploads\/2024\/05\/Featured_OUR-REGULATION.png","width":1200,"height":630},{"@type":"BreadcrumbList","@id":"https:\/\/etoropartners.com\/es\/regulators\/#breadcrumb","itemListElement":[{"@type":"ListItem","position":1,"name":"Home","item":"https:\/\/etoropartners.com\/es\/"},{"@type":"ListItem","position":2,"name":"Reguladores"}]},{"@type":"WebSite","@id":"https:\/\/etoropartners.com\/es\/#website","url":"https:\/\/etoropartners.com\/es\/","name":"eToro Partners","description":"","potentialAction":[{"@type":"SearchAction","target":{"@type":"EntryPoint","urlTemplate":"https:\/\/etoropartners.com\/es\/?s={search_term_string}"},"query-input":{"@type":"PropertyValueSpecification","valueRequired":true,"valueName":"search_term_string"}}],"inLanguage":"es"}]}},"_links":{"self":[{"href":"https:\/\/etoropartners.com\/es\/wp-json\/wp\/v2\/pages\/8822","targetHints":{"allow":["GET"]}}],"collection":[{"href":"https:\/\/etoropartners.com\/es\/wp-json\/wp\/v2\/pages"}],"about":[{"href":"https:\/\/etoropartners.com\/es\/wp-json\/wp\/v2\/types\/page"}],"author":[{"embeddable":true,"href":"https:\/\/etoropartners.com\/es\/wp-json\/wp\/v2\/users\/11"}],"replies":[{"embeddable":true,"href":"https:\/\/etoropartners.com\/es\/wp-json\/wp\/v2\/comments?post=8822"}],"version-history":[{"count":0,"href":"https:\/\/etoropartners.com\/es\/wp-json\/wp\/v2\/pages\/8822\/revisions"}],"wp:featuredmedia":[{"embeddable":true,"href":"https:\/\/etoropartners.com\/es\/wp-json\/wp\/v2\/media\/8237"}],"wp:attachment":[{"href":"https:\/\/etoropartners.com\/es\/wp-json\/wp\/v2\/media?parent=8822"}],"curies":[{"name":"wp","href":"https:\/\/api.w.org\/{rel}","templated":true}]}}