{"id":8790,"date":"2024-05-22T10:54:03","date_gmt":"2024-05-22T08:54:03","guid":{"rendered":"https:\/\/etoropartners.com\/how-to-add-risk-warnings\/"},"modified":"2024-08-26T12:33:35","modified_gmt":"2024-08-26T10:33:35","slug":"how-to-add-risk-warnings","status":"publish","type":"page","link":"https:\/\/etoropartners.com\/es\/how-to-add-risk-warnings\/","title":{"rendered":"How to add risk warnings"},"content":{"rendered":"\n<section class=\"wp-block-group wp-block-group-boxed wp-block-group-small-top-padding wp-block-group-small-bottom-padding\"><div class=\"wp-block-group-inner is-layout-flow wp-block-group-is-layout-flow\">\n<div class=\"wp-block-columns are-vertically-aligned-top wp-block-columns-1 is-layout-flex wp-container-core-columns-is-layout-9d6595d7 wp-block-columns-is-layout-flex\">\n<div class=\"wp-block-column wp-block-column-align-desktop-center wp-block-column-align-mobile-center is-layout-flow wp-block-column-is-layout-flow\">\n<h2 class=\"wp-block-heading has-text-align-center\">C\u00f3mo a\u00f1adir advertencias de riesgo<\/h2>\n\n\n\n<figure class=\"wp-block-image size-full\"><img loading=\"lazy\" decoding=\"async\" width=\"1600\" height=\"400\" src=\"https:\/\/etoropartners.com\/wp-content\/uploads\/2024\/05\/Cover_how-to-add-risk-warnings.jpg\" alt=\"\" class=\"wp-image-8176 wp-image-desktop\" srcset=\"https:\/\/etoropartners.com\/wp-content\/uploads\/2024\/05\/Cover_how-to-add-risk-warnings.jpg 1600w, https:\/\/etoropartners.com\/wp-content\/uploads\/2024\/05\/Cover_how-to-add-risk-warnings-300x75.jpg 300w, https:\/\/etoropartners.com\/wp-content\/uploads\/2024\/05\/Cover_how-to-add-risk-warnings-1024x256.jpg 1024w, https:\/\/etoropartners.com\/wp-content\/uploads\/2024\/05\/Cover_how-to-add-risk-warnings-768x192.jpg 768w, https:\/\/etoropartners.com\/wp-content\/uploads\/2024\/05\/Cover_how-to-add-risk-warnings-1536x384.jpg 1536w\" sizes=\"auto, (max-width: 1600px) 100vw, 1600px\" \/><\/figure>\n<\/div>\n<\/div>\n<\/div><\/section>\n\n\n\n<section class=\"wp-block-group wp-block-group-boxed wp-block-group-small-top-padding wp-block-group-small-bottom-padding\"><div class=\"wp-block-group-inner is-layout-flow wp-block-group-is-layout-flow\">\n<div class=\"wp-block-columns are-vertically-aligned-top wp-block-columns-1 is-layout-flex wp-container-core-columns-is-layout-9d6595d7 wp-block-columns-is-layout-flex\">\n<div class=\"wp-block-column is-layout-flow wp-block-column-is-layout-flow\">\n<p>Es esencial que las advertencias de riesgo est\u00e9n claramente visibles para que los usuarios puedan leerlas y comprenderlas f\u00e1cilmente.<\/p>\n\n\n\n<p class=\"is-style-heading-2\">\u00bfD\u00f3nde deben a\u00f1adirse las advertencias de riesgo?<\/p>\n\n\n\n<p>Deben a\u00f1adirse a cada anuncio de eToro y junto a cada enlace dirigido hacia eToro o CTA (llamado a la acci\u00f3n).<\/p>\n\n\n\n<p>Para rese\u00f1as o art\u00edculos que mencionen a eToro, es necesario incluir advertencias de riesgo al inicio del texto. Sin embargo, si en la misma p\u00e1gina hay varias secciones separadas, como <em>banners <\/em>u otros elementos que enlacen a eToro, cada una tambi\u00e9n requerir\u00e1 sus propias advertencias de riesgo, ubicadas cerca del enlace o del CTA.<\/p>\n\n\n\n<p>En un video, puedes incluir advertencias de riesgo durante la duraci\u00f3n del mismo o mostrar una pantalla completa con la advertencia durante 10 segundos al inicio del video. La descripci\u00f3n del video siempre debe tener la advertencia de riesgo.<\/p>\n\n\n\n<p>Ten en cuenta que, si no hay espacio para una advertencia de riesgo completa en estos elementos, puedes utilizar la versi\u00f3n m\u00e1s corta cuando est\u00e9 disponible.<\/p>\n\n\n\n<p>Si necesitas a\u00f1adir varias advertencias de riesgo en lugares diferentes de una misma p\u00e1gina, puedes optar por a\u00f1adir una sola advertencia de riesgo flotante que siempre est\u00e9 visible.<\/p>\n<\/div>\n<\/div>\n<\/div><\/section>\n\n\n\n<section class=\"wp-block-group wp-block-group-boxed wp-block-group-small-top-padding wp-block-group-small-bottom-padding\"><div class=\"wp-block-group-inner is-layout-flow wp-block-group-is-layout-flow\">\n<div class=\"wp-block-columns are-vertically-aligned-top wp-block-columns-1 is-layout-flex wp-container-core-columns-is-layout-9d6595d7 wp-block-columns-is-layout-flex\">\n<div class=\"wp-block-column wp-block-column-align-desktop-center wp-block-column-align-mobile-center is-layout-flow wp-block-column-is-layout-flow\">\n<figure class=\"wp-block-embed is-type-rich is-provider-embed-handler wp-block-embed-embed-handler wp-embed-aspect-16-9 wp-has-aspect-ratio\"><div class=\"wp-block-embed__wrapper\">\n<div class=\"ec-video\"><iframe loading=\"lazy\" title=\"ES-Compliance training video 4- 16:9 - How to  add risk warnings\" width=\"500\" height=\"281\" src=\"https:\/\/www.youtube.com\/embed\/kdJKG1yY2Jg?feature=oembed\" frameborder=\"0\" allow=\"accelerometer; autoplay; clipboard-write; encrypted-media; gyroscope; picture-in-picture; web-share\" referrerpolicy=\"strict-origin-when-cross-origin\" allowfullscreen><\/iframe><\/div>\n<\/div><\/figure>\n<\/div>\n<\/div>\n<\/div><\/section>\n\n\n\n<section class=\"wp-block-group wp-block-group-boxed wp-block-group-small-top-padding wp-block-group-small-bottom-padding\"><div class=\"wp-block-group-inner is-layout-flow wp-block-group-is-layout-flow\">\n<div class=\"wp-block-columns are-vertically-aligned-top wp-block-columns-1 is-layout-flex wp-container-core-columns-is-layout-9d6595d7 wp-block-columns-is-layout-flex\">\n<div class=\"wp-block-column is-layout-flow wp-block-column-is-layout-flow\">\n<p class=\"is-style-heading-2\">C\u00f3mo encontrar las advertencias de riesgo apropiadas<\/p>\n\n\n\n<p>Las advertencias de riesgo que debes usar vienen determinadas por los pa\u00edses a los que te diriges y los productos que mencionas. En las <a href=\"https:\/\/etoropartners.com\/es\/guidelines\/\">directrices<\/a> puedes encontrar las advertencias de riesgo correspondientes por pa\u00eds y categor\u00eda.<\/p>\n\n\n\n<p>Si te diriges a diferentes pa\u00edses en varias categor\u00edas distintas, tienes que usar todas las advertencias de riesgo pertinentes.<\/p>\n\n\n\n<p class=\"is-style-heading-2\"><br>Hay tres aspectos importantes que debes considerar:<\/p>\n\n\n\n<p class=\"is-style-default\"><br><strong>N\u00famero 1.\u00a0<\/strong> Algunos pa\u00edses, como Espa\u00f1a y el Reino Unido, tienen advertencias de riesgo espec\u00edficas para operar con criptomonedas.<\/p>\n\n\n\n<p><strong>N\u00famero 2.<\/strong> Si est\u00e1s promocionando en redes sociales, necesitas mencionar que eres un afiliado o que se trata de un anuncio pago. Para hacerlo, puedes simplemente a\u00f1adir el <em>hashtag <\/em>#anuncio.<\/p>\n\n\n\n<p><strong>N\u00famero 3<\/strong>. Si te diriges al mercado estadounidense, como afiliado debes divulgar los pagos que puedas recibir por publicidad de afiliaci\u00f3n.<\/p>\n\n\n\n<p><strong>Por \u00faltimo, pero no menos importante<\/strong>\u2026 Debes saber que la mayor\u00eda de las advertencias de riesgo de CFD incluyen un porcentaje y que estamos obligados a cambiar ese porcentaje cada 3 meses. Cuando sea necesario, publicaremos una solicitud para cambiar el porcentaje en la secci\u00f3n de noticias del sitio web de eToro Partners. Sin embargo, te recomendamos encarecidamente que utilices la <a href=\"https:\/\/docs.google.com\/presentation\/d\/12qK8XF8UURt3y9hTFKDv3f0nudVZez_BNxgC2ZsvhFo\/edit#slide=id.g1c27c6d4ca5_0_0\">herramienta de porcentaje de advertencia din\u00e1mica<\/a>. Al implementar esta herramienta, obtendr\u00e1s autom\u00e1ticamente el porcentaje correcto, lo que te ahorra mucho tiempo y esfuerzo.<\/p>\n<\/div>\n<\/div>\n<\/div><\/section>\n","protected":false},"excerpt":{"rendered":"<p>C\u00f3mo a\u00f1adir advertencias de riesgo Es esencial que las advertencias de riesgo est\u00e9n claramente visibles para que los usuarios puedan leerlas y comprenderlas f\u00e1cilmente. \u00bfD\u00f3nde deben a\u00f1adirse las advertencias de riesgo? Deben a\u00f1adirse a cada anuncio de eToro y junto a cada enlace dirigido hacia eToro o CTA (llamado a la acci\u00f3n). Para rese\u00f1as o [&hellip;]<\/p>\n","protected":false},"author":11,"featured_media":8174,"parent":0,"menu_order":0,"comment_status":"closed","ping_status":"closed","template":"","meta":{"_acf_changed":false,"sticky_cta_settings":"","footnotes":""},"class_list":["post-8790","page","type-page","status-publish","has-post-thumbnail","hentry"],"acf":[],"yoast_head":"<!-- This site is optimized with the Yoast SEO plugin v27.3 - https:\/\/yoast.com\/product\/yoast-seo-wordpress\/ -->\n<title>C\u00f3mo a\u00f1adir advertencias de riesgo<\/title>\n<meta name=\"description\" content=\"Las advertencias de riesgo deben mostrarse de manera prominente para que los consumidores las puedan leer y comprender f\u00e1cilmente. \u00bfD\u00f3nde deben agregarse?\" \/>\n<meta name=\"robots\" content=\"index, follow, max-snippet:-1, max-image-preview:large, max-video-preview:-1\" \/>\n<link rel=\"canonical\" href=\"https:\/\/etoropartners.com\/es\/how-to-add-risk-warnings\/\" \/>\n<meta property=\"og:locale\" content=\"es_ES\" \/>\n<meta property=\"og:type\" content=\"article\" \/>\n<meta property=\"og:title\" content=\"C\u00f3mo a\u00f1adir advertencias de riesgo\" \/>\n<meta property=\"og:description\" content=\"Las advertencias de riesgo deben mostrarse de manera prominente para que los consumidores las puedan leer y comprender f\u00e1cilmente. \u00bfD\u00f3nde deben agregarse?\" \/>\n<meta property=\"og:url\" content=\"https:\/\/etoropartners.com\/es\/how-to-add-risk-warnings\/\" \/>\n<meta property=\"og:site_name\" content=\"eToro Partners\" \/>\n<meta property=\"article:modified_time\" content=\"2024-08-26T10:33:35+00:00\" \/>\n<meta property=\"og:image\" content=\"https:\/\/etoropartners.com\/wp-content\/uploads\/2024\/05\/Featured_how-to-add-risk-warnings.png\" \/>\n\t<meta property=\"og:image:width\" content=\"1200\" \/>\n\t<meta property=\"og:image:height\" content=\"630\" \/>\n\t<meta property=\"og:image:type\" content=\"image\/png\" \/>\n<meta name=\"twitter:card\" content=\"summary_large_image\" \/>\n<meta name=\"twitter:label1\" content=\"Tiempo de lectura\" \/>\n\t<meta name=\"twitter:data1\" content=\"3 minutos\" \/>\n<script type=\"application\/ld+json\" class=\"yoast-schema-graph\">{\"@context\":\"https:\\\/\\\/schema.org\",\"@graph\":[{\"@type\":\"WebPage\",\"@id\":\"https:\\\/\\\/etoropartners.com\\\/es\\\/how-to-add-risk-warnings\\\/\",\"url\":\"https:\\\/\\\/etoropartners.com\\\/es\\\/how-to-add-risk-warnings\\\/\",\"name\":\"C\u00f3mo a\u00f1adir advertencias de riesgo\",\"isPartOf\":{\"@id\":\"https:\\\/\\\/etoropartners.com\\\/es\\\/#website\"},\"primaryImageOfPage\":{\"@id\":\"https:\\\/\\\/etoropartners.com\\\/es\\\/how-to-add-risk-warnings\\\/#primaryimage\"},\"image\":{\"@id\":\"https:\\\/\\\/etoropartners.com\\\/es\\\/how-to-add-risk-warnings\\\/#primaryimage\"},\"thumbnailUrl\":\"https:\\\/\\\/etoropartners.com\\\/wp-content\\\/uploads\\\/2024\\\/05\\\/Featured_how-to-add-risk-warnings.png\",\"datePublished\":\"2024-05-22T08:54:03+00:00\",\"dateModified\":\"2024-08-26T10:33:35+00:00\",\"description\":\"Las advertencias de riesgo deben mostrarse de manera prominente para que los consumidores las puedan leer y comprender f\u00e1cilmente. \u00bfD\u00f3nde deben agregarse?\",\"breadcrumb\":{\"@id\":\"https:\\\/\\\/etoropartners.com\\\/es\\\/how-to-add-risk-warnings\\\/#breadcrumb\"},\"inLanguage\":\"es\",\"potentialAction\":[{\"@type\":\"ReadAction\",\"target\":[\"https:\\\/\\\/etoropartners.com\\\/es\\\/how-to-add-risk-warnings\\\/\"]}]},{\"@type\":\"ImageObject\",\"inLanguage\":\"es\",\"@id\":\"https:\\\/\\\/etoropartners.com\\\/es\\\/how-to-add-risk-warnings\\\/#primaryimage\",\"url\":\"https:\\\/\\\/etoropartners.com\\\/wp-content\\\/uploads\\\/2024\\\/05\\\/Featured_how-to-add-risk-warnings.png\",\"contentUrl\":\"https:\\\/\\\/etoropartners.com\\\/wp-content\\\/uploads\\\/2024\\\/05\\\/Featured_how-to-add-risk-warnings.png\",\"width\":1200,\"height\":630},{\"@type\":\"BreadcrumbList\",\"@id\":\"https:\\\/\\\/etoropartners.com\\\/es\\\/how-to-add-risk-warnings\\\/#breadcrumb\",\"itemListElement\":[{\"@type\":\"ListItem\",\"position\":1,\"name\":\"Home\",\"item\":\"https:\\\/\\\/etoropartners.com\\\/es\\\/\"},{\"@type\":\"ListItem\",\"position\":2,\"name\":\"How to add risk warnings\"}]},{\"@type\":\"WebSite\",\"@id\":\"https:\\\/\\\/etoropartners.com\\\/es\\\/#website\",\"url\":\"https:\\\/\\\/etoropartners.com\\\/es\\\/\",\"name\":\"eToro Partners\",\"description\":\"\",\"potentialAction\":[{\"@type\":\"SearchAction\",\"target\":{\"@type\":\"EntryPoint\",\"urlTemplate\":\"https:\\\/\\\/etoropartners.com\\\/es\\\/?s={search_term_string}\"},\"query-input\":{\"@type\":\"PropertyValueSpecification\",\"valueRequired\":true,\"valueName\":\"search_term_string\"}}],\"inLanguage\":\"es\"}]}<\/script>\n<!-- \/ Yoast SEO plugin. -->","yoast_head_json":{"title":"C\u00f3mo a\u00f1adir advertencias de riesgo","description":"Las advertencias de riesgo deben mostrarse de manera prominente para que los consumidores las puedan leer y comprender f\u00e1cilmente. \u00bfD\u00f3nde deben agregarse?","robots":{"index":"index","follow":"follow","max-snippet":"max-snippet:-1","max-image-preview":"max-image-preview:large","max-video-preview":"max-video-preview:-1"},"canonical":"https:\/\/etoropartners.com\/es\/how-to-add-risk-warnings\/","og_locale":"es_ES","og_type":"article","og_title":"C\u00f3mo a\u00f1adir advertencias de riesgo","og_description":"Las advertencias de riesgo deben mostrarse de manera prominente para que los consumidores las puedan leer y comprender f\u00e1cilmente. \u00bfD\u00f3nde deben agregarse?","og_url":"https:\/\/etoropartners.com\/es\/how-to-add-risk-warnings\/","og_site_name":"eToro Partners","article_modified_time":"2024-08-26T10:33:35+00:00","og_image":[{"width":1200,"height":630,"url":"https:\/\/etoropartners.com\/wp-content\/uploads\/2024\/05\/Featured_how-to-add-risk-warnings.png","type":"image\/png"}],"twitter_card":"summary_large_image","twitter_misc":{"Tiempo de lectura":"3 minutos"},"schema":{"@context":"https:\/\/schema.org","@graph":[{"@type":"WebPage","@id":"https:\/\/etoropartners.com\/es\/how-to-add-risk-warnings\/","url":"https:\/\/etoropartners.com\/es\/how-to-add-risk-warnings\/","name":"C\u00f3mo a\u00f1adir advertencias de riesgo","isPartOf":{"@id":"https:\/\/etoropartners.com\/es\/#website"},"primaryImageOfPage":{"@id":"https:\/\/etoropartners.com\/es\/how-to-add-risk-warnings\/#primaryimage"},"image":{"@id":"https:\/\/etoropartners.com\/es\/how-to-add-risk-warnings\/#primaryimage"},"thumbnailUrl":"https:\/\/etoropartners.com\/wp-content\/uploads\/2024\/05\/Featured_how-to-add-risk-warnings.png","datePublished":"2024-05-22T08:54:03+00:00","dateModified":"2024-08-26T10:33:35+00:00","description":"Las advertencias de riesgo deben mostrarse de manera prominente para que los consumidores las puedan leer y comprender f\u00e1cilmente. \u00bfD\u00f3nde deben agregarse?","breadcrumb":{"@id":"https:\/\/etoropartners.com\/es\/how-to-add-risk-warnings\/#breadcrumb"},"inLanguage":"es","potentialAction":[{"@type":"ReadAction","target":["https:\/\/etoropartners.com\/es\/how-to-add-risk-warnings\/"]}]},{"@type":"ImageObject","inLanguage":"es","@id":"https:\/\/etoropartners.com\/es\/how-to-add-risk-warnings\/#primaryimage","url":"https:\/\/etoropartners.com\/wp-content\/uploads\/2024\/05\/Featured_how-to-add-risk-warnings.png","contentUrl":"https:\/\/etoropartners.com\/wp-content\/uploads\/2024\/05\/Featured_how-to-add-risk-warnings.png","width":1200,"height":630},{"@type":"BreadcrumbList","@id":"https:\/\/etoropartners.com\/es\/how-to-add-risk-warnings\/#breadcrumb","itemListElement":[{"@type":"ListItem","position":1,"name":"Home","item":"https:\/\/etoropartners.com\/es\/"},{"@type":"ListItem","position":2,"name":"How to add risk warnings"}]},{"@type":"WebSite","@id":"https:\/\/etoropartners.com\/es\/#website","url":"https:\/\/etoropartners.com\/es\/","name":"eToro Partners","description":"","potentialAction":[{"@type":"SearchAction","target":{"@type":"EntryPoint","urlTemplate":"https:\/\/etoropartners.com\/es\/?s={search_term_string}"},"query-input":{"@type":"PropertyValueSpecification","valueRequired":true,"valueName":"search_term_string"}}],"inLanguage":"es"}]}},"_links":{"self":[{"href":"https:\/\/etoropartners.com\/es\/wp-json\/wp\/v2\/pages\/8790","targetHints":{"allow":["GET"]}}],"collection":[{"href":"https:\/\/etoropartners.com\/es\/wp-json\/wp\/v2\/pages"}],"about":[{"href":"https:\/\/etoropartners.com\/es\/wp-json\/wp\/v2\/types\/page"}],"author":[{"embeddable":true,"href":"https:\/\/etoropartners.com\/es\/wp-json\/wp\/v2\/users\/11"}],"replies":[{"embeddable":true,"href":"https:\/\/etoropartners.com\/es\/wp-json\/wp\/v2\/comments?post=8790"}],"version-history":[{"count":0,"href":"https:\/\/etoropartners.com\/es\/wp-json\/wp\/v2\/pages\/8790\/revisions"}],"wp:featuredmedia":[{"embeddable":true,"href":"https:\/\/etoropartners.com\/es\/wp-json\/wp\/v2\/media\/8174"}],"wp:attachment":[{"href":"https:\/\/etoropartners.com\/es\/wp-json\/wp\/v2\/media?parent=8790"}],"curies":[{"name":"wp","href":"https:\/\/api.w.org\/{rel}","templated":true}]}}