{"id":8741,"date":"2024-05-22T09:50:03","date_gmt":"2024-05-22T07:50:03","guid":{"rendered":"https:\/\/etoropartners.com\/be-accurate\/"},"modified":"2024-08-21T15:45:46","modified_gmt":"2024-08-21T13:45:46","slug":"be-accurate","status":"publish","type":"page","link":"https:\/\/etoropartners.com\/es\/be-accurate\/","title":{"rendered":"How to be accurate, balanced, and not misleading"},"content":{"rendered":"\n<section class=\"wp-block-group wp-block-group-boxed wp-block-group-small-top-padding wp-block-group-small-bottom-padding\"><div class=\"wp-block-group-inner is-layout-flow wp-block-group-is-layout-flow\">\n<div class=\"wp-block-columns are-vertically-aligned-top wp-block-columns-1 is-layout-flex wp-container-core-columns-is-layout-9d6595d7 wp-block-columns-is-layout-flex\">\n<div class=\"wp-block-column wp-block-column-align-desktop-center wp-block-column-align-mobile-center is-layout-flow wp-block-column-is-layout-flow\">\n<h2 class=\"wp-block-heading has-text-align-center\">C\u00f3mo hacer promociones precisas, equilibradas y sin enga\u00f1os<\/h2>\n\n\n\n<figure class=\"wp-block-image size-full\"><img loading=\"lazy\" decoding=\"async\" width=\"1600\" height=\"400\" src=\"https:\/\/etoropartners.com\/wp-content\/uploads\/2024\/05\/Cover_be-accurate.jpg\" alt=\"\" class=\"wp-image-8091 wp-image-desktop\" srcset=\"https:\/\/etoropartners.com\/wp-content\/uploads\/2024\/05\/Cover_be-accurate.jpg 1600w, https:\/\/etoropartners.com\/wp-content\/uploads\/2024\/05\/Cover_be-accurate-300x75.jpg 300w, https:\/\/etoropartners.com\/wp-content\/uploads\/2024\/05\/Cover_be-accurate-1024x256.jpg 1024w, https:\/\/etoropartners.com\/wp-content\/uploads\/2024\/05\/Cover_be-accurate-768x192.jpg 768w, https:\/\/etoropartners.com\/wp-content\/uploads\/2024\/05\/Cover_be-accurate-1536x384.jpg 1536w\" sizes=\"auto, (max-width: 1600px) 100vw, 1600px\" \/><\/figure>\n<\/div>\n<\/div>\n<\/div><\/section>\n\n\n\n<section class=\"wp-block-group wp-block-group-boxed wp-block-group-small-top-padding wp-block-group-small-bottom-padding\"><div class=\"wp-block-group-inner is-layout-flow wp-block-group-is-layout-flow\">\n<div class=\"wp-block-columns are-vertically-aligned-top wp-block-columns-1 is-layout-flex wp-container-core-columns-is-layout-9d6595d7 wp-block-columns-is-layout-flex\">\n<div class=\"wp-block-column is-layout-flow wp-block-column-is-layout-flow\">\n<p>Una de las principales normas indica que tu promoci\u00f3n debe ser precisa, equilibrada y libre de enga\u00f1os. A continuaci\u00f3n, ver\u00e1s algunos ejemplos que ilustran exactamente qu\u00e9 significa esto.<\/p>\n\n\n\n<p class=\"is-style-heading-2\">4 aspectos sobre la precisi\u00f3n:<\/p>\n\n\n\n<p><br>1.  No personifiques: no afirmes que representas a eToro ni uses nuestra marca en tu dominio.<\/p>\n\n\n\n<p>2. No presentes a eToro como una marca local cuando no lo es. Por ejemplo, una frase como \u00abEl mejor br\u00f3ker franc\u00e9s\u00bb no es v\u00e1lida. Aunque eToro pueda estar disponible en Francia, no es un br\u00f3ker franc\u00e9s, as\u00ed que evita describirlo de esa manera.<\/p>\n\n\n\n<p>3. No debes promocionar instrumentos, ofertas o m\u00e9todos de pago no disponibles.<\/p>\n\n\n\n<p>4. Describe con precisi\u00f3n las opciones de pago, las comisiones y el apalancamiento m\u00e1ximo (dependiendo del activo subyacente). Adem\u00e1s, aseg\u00farate de consultar el calendario de comisiones en el sitio web de eToro para estar al d\u00eda con la informaci\u00f3n m\u00e1s actualizada.<\/p>\n\n\n\n<p>Puedes encontrar enlaces a toda la informaci\u00f3n que necesitas para crear campa\u00f1as precisas en la secci\u00f3n \u00ab<a href=\"https:\/\/etoropartners.com\/es\/find-out-more\/\">Descubre m\u00e1s<\/a>\u00bb en el centro de eToro Partners.<br><\/p>\n<\/div>\n<\/div>\n<\/div><\/section>\n\n\n\n<section class=\"wp-block-group wp-block-group-boxed wp-block-group-small-top-padding wp-block-group-small-bottom-padding\"><div class=\"wp-block-group-inner is-layout-flow wp-block-group-is-layout-flow\">\n<div class=\"wp-block-columns are-vertically-aligned-top wp-block-columns-1 is-layout-flex wp-container-core-columns-is-layout-9d6595d7 wp-block-columns-is-layout-flex\">\n<div class=\"wp-block-column wp-block-column-align-desktop-center wp-block-column-align-mobile-center is-layout-flow wp-block-column-is-layout-flow\">\n<figure class=\"wp-block-embed is-type-rich is-provider-embed-handler wp-block-embed-embed-handler wp-embed-aspect-16-9 wp-has-aspect-ratio\"><div class=\"wp-block-embed__wrapper\">\n<div class=\"ec-video\"><iframe loading=\"lazy\" title=\"ES-Compliance training video 2 - 16:9 - Hot to be accurate, fair, not misleading\" width=\"500\" height=\"281\" src=\"https:\/\/www.youtube.com\/embed\/eMHK-L0B0Go?feature=oembed\" frameborder=\"0\" allow=\"accelerometer; autoplay; clipboard-write; encrypted-media; gyroscope; picture-in-picture; web-share\" referrerpolicy=\"strict-origin-when-cross-origin\" allowfullscreen><\/iframe><\/div>\n<\/div><\/figure>\n<\/div>\n<\/div>\n<\/div><\/section>\n\n\n\n<section class=\"wp-block-group wp-block-group-boxed wp-block-group-small-top-padding wp-block-group-small-bottom-padding\"><div class=\"wp-block-group-inner is-layout-flow wp-block-group-is-layout-flow\">\n<div class=\"wp-block-columns are-vertically-aligned-top wp-block-columns-1 is-layout-flex wp-container-core-columns-is-layout-9d6595d7 wp-block-columns-is-layout-flex\">\n<div class=\"wp-block-column is-layout-flow wp-block-column-is-layout-flow\">\n<p class=\"is-style-heading-2\">Tu promoci\u00f3n debe ser equilibrada:<\/p>\n\n\n\n<p>1. Aseg\u00farate de que tu mensaje sea equilibrado: siempre que menciones posibles ganancias, incluye tambi\u00e9n los riesgos asociados y las posibles p\u00e9rdidas . Del mismo modo, si mencionas que el apalancamiento puede usarse para maximizar las ganancias, menciona tambi\u00e9n que puede maximizar las p\u00e9rdidas.\u00a0<\/p>\n\n\n\n<p>2. Por favor, no uses im\u00e1genes que sugieran ganancias, como dinero, autos de lujo, etc.<\/p>\n\n\n\n<p>3. Al promocionar a los<em> Popular Investors<\/em>, no los nombres como \u00ab<em>traders<\/em> profesionales\u00bb o \u00ablos mejores <em>traders <\/em>del mundo\u00bb. Puedes usar descripciones m\u00e1s precisas, tales como \u00ablos mejores <em>traders <\/em>en eToro\u00ab o \u00ab<em>traders<\/em> experimentados\u00ab o \u00ab<em>traders<\/em> de alto rendimiento\u00bb.<\/p>\n\n\n\n<p>4. Al promocionar el CopyTrading, no hagas declaraciones como \u00abno necesitas ning\u00fan conocimiento\u00bb o \u00abrel\u00e1jate mientras otros hacen el trabajo por ti\u00bb. Recuerda que el CopyTrading sigue siendo <em>trading<\/em>, y puede conllevar riesgos y p\u00e9rdidas.<\/p>\n\n\n\n<p>5. No te refieras al mercado de valores como algo \u00abf\u00e1cil\u00bb. El <em>trading <\/em>no es f\u00e1cil, as\u00ed que evita frases como \u00abEl <em>trading <\/em>es f\u00e1cil en eToro\u00bb o \u00abeToro es para principiantes\u00bb. En su lugar, puedes destacar que eToro es amigable para el usuario, ya que posee una plataforma intuitiva.<\/p>\n\n\n\n<p class=\"is-style-heading-2\"><br>Por \u00faltimo, pero no menos importante: sin enga\u00f1ar.<\/p>\n\n\n\n<p>Si tus promociones no son claras ni equilibradas, probablemente puedan enga\u00f1ar al cliente a la hora de tomar una decisi\u00f3n de compra. As\u00ed que por favor evita usar frases como:<\/p>\n\n\n\n<ul class=\"wp-block-list wp-block-list wp-block-list-circle\">\n<li>\u00abEl <em>trading <\/em>nunca ha sido tan f\u00e1cil\u00bb.<\/li>\n\n\n\n<li>\u00abEmpieza tu carrera como <em>trader <\/em>ahora mismo\u00bb.<\/li>\n\n\n\n<li>\u00abPuedes usar el <em>trading <\/em>para generar un ingreso secundario y pagar tus deudas m\u00e1s r\u00e1pidamente\u00bb.<\/li>\n<\/ul>\n\n\n\n<p>En pocas palabras, cumplir con las normativas puede parecer complicado As\u00ed que, si tienes dudas, contacta con tu gestor de afiliados o programa una reuni\u00f3n privada a trav\u00e9s de Calendly para despejar tus dudas antes de continuar.<br><\/p>\n<\/div>\n<\/div>\n<\/div><\/section>\n","protected":false},"excerpt":{"rendered":"<p>C\u00f3mo hacer promociones precisas, equilibradas y sin enga\u00f1os Una de las principales normas indica que tu promoci\u00f3n debe ser precisa, equilibrada y libre de enga\u00f1os. A continuaci\u00f3n, ver\u00e1s algunos ejemplos que ilustran exactamente qu\u00e9 significa esto. 4 aspectos sobre la precisi\u00f3n: 1. No personifiques: no afirmes que representas a eToro ni uses nuestra marca en [&hellip;]<\/p>\n","protected":false},"author":11,"featured_media":8089,"parent":0,"menu_order":0,"comment_status":"closed","ping_status":"closed","template":"","meta":{"_acf_changed":false,"sticky_cta_settings":"","footnotes":""},"class_list":["post-8741","page","type-page","status-publish","has-post-thumbnail","hentry"],"acf":[],"yoast_head":"<!-- This site is optimized with the Yoast SEO plugin v27.3 - https:\/\/yoast.com\/product\/yoast-seo-wordpress\/ -->\n<title>C\u00f3mo hacer promociones precisas, equilibradas y sin enga\u00f1os<\/title>\n<meta name=\"description\" content=\"Una de las principales reglas de conformidad establece que tu promoci\u00f3n debe ser acertada, balanceada y no enga\u00f1osa. Debajo ver\u00e1s algunos ejemplos\" \/>\n<meta name=\"robots\" content=\"index, follow, max-snippet:-1, max-image-preview:large, max-video-preview:-1\" \/>\n<link rel=\"canonical\" href=\"https:\/\/etoropartners.com\/es\/be-accurate\/\" \/>\n<meta property=\"og:locale\" content=\"es_ES\" \/>\n<meta property=\"og:type\" content=\"article\" \/>\n<meta property=\"og:title\" content=\"C\u00f3mo hacer promociones precisas, equilibradas y sin enga\u00f1os\" \/>\n<meta property=\"og:description\" content=\"Una de las principales reglas de conformidad establece que tu promoci\u00f3n debe ser acertada, balanceada y no enga\u00f1osa. Debajo ver\u00e1s algunos ejemplos\" \/>\n<meta property=\"og:url\" content=\"https:\/\/etoropartners.com\/es\/be-accurate\/\" \/>\n<meta property=\"og:site_name\" content=\"eToro Partners\" \/>\n<meta property=\"article:modified_time\" content=\"2024-08-21T13:45:46+00:00\" \/>\n<meta property=\"og:image\" content=\"https:\/\/etoropartners.com\/wp-content\/uploads\/2024\/05\/Featured_be-accurate.png\" \/>\n\t<meta property=\"og:image:width\" content=\"1200\" \/>\n\t<meta property=\"og:image:height\" content=\"630\" \/>\n\t<meta property=\"og:image:type\" content=\"image\/png\" \/>\n<meta name=\"twitter:card\" content=\"summary_large_image\" \/>\n<meta name=\"twitter:label1\" content=\"Tiempo de lectura\" \/>\n\t<meta name=\"twitter:data1\" content=\"3 minutos\" \/>\n<script type=\"application\/ld+json\" class=\"yoast-schema-graph\">{\"@context\":\"https:\\\/\\\/schema.org\",\"@graph\":[{\"@type\":\"WebPage\",\"@id\":\"https:\\\/\\\/etoropartners.com\\\/es\\\/be-accurate\\\/\",\"url\":\"https:\\\/\\\/etoropartners.com\\\/es\\\/be-accurate\\\/\",\"name\":\"C\u00f3mo hacer promociones precisas, equilibradas y sin enga\u00f1os\",\"isPartOf\":{\"@id\":\"https:\\\/\\\/etoropartners.com\\\/es\\\/#website\"},\"primaryImageOfPage\":{\"@id\":\"https:\\\/\\\/etoropartners.com\\\/es\\\/be-accurate\\\/#primaryimage\"},\"image\":{\"@id\":\"https:\\\/\\\/etoropartners.com\\\/es\\\/be-accurate\\\/#primaryimage\"},\"thumbnailUrl\":\"https:\\\/\\\/etoropartners.com\\\/wp-content\\\/uploads\\\/2024\\\/05\\\/Featured_be-accurate.png\",\"datePublished\":\"2024-05-22T07:50:03+00:00\",\"dateModified\":\"2024-08-21T13:45:46+00:00\",\"description\":\"Una de las principales reglas de conformidad establece que tu promoci\u00f3n debe ser acertada, balanceada y no enga\u00f1osa. Debajo ver\u00e1s algunos ejemplos\",\"breadcrumb\":{\"@id\":\"https:\\\/\\\/etoropartners.com\\\/es\\\/be-accurate\\\/#breadcrumb\"},\"inLanguage\":\"es\",\"potentialAction\":[{\"@type\":\"ReadAction\",\"target\":[\"https:\\\/\\\/etoropartners.com\\\/es\\\/be-accurate\\\/\"]}]},{\"@type\":\"ImageObject\",\"inLanguage\":\"es\",\"@id\":\"https:\\\/\\\/etoropartners.com\\\/es\\\/be-accurate\\\/#primaryimage\",\"url\":\"https:\\\/\\\/etoropartners.com\\\/wp-content\\\/uploads\\\/2024\\\/05\\\/Featured_be-accurate.png\",\"contentUrl\":\"https:\\\/\\\/etoropartners.com\\\/wp-content\\\/uploads\\\/2024\\\/05\\\/Featured_be-accurate.png\",\"width\":1200,\"height\":630,\"caption\":\"Be accurate\"},{\"@type\":\"BreadcrumbList\",\"@id\":\"https:\\\/\\\/etoropartners.com\\\/es\\\/be-accurate\\\/#breadcrumb\",\"itemListElement\":[{\"@type\":\"ListItem\",\"position\":1,\"name\":\"Home\",\"item\":\"https:\\\/\\\/etoropartners.com\\\/es\\\/\"},{\"@type\":\"ListItem\",\"position\":2,\"name\":\"How to be accurate, balanced, and not misleading\"}]},{\"@type\":\"WebSite\",\"@id\":\"https:\\\/\\\/etoropartners.com\\\/es\\\/#website\",\"url\":\"https:\\\/\\\/etoropartners.com\\\/es\\\/\",\"name\":\"eToro Partners\",\"description\":\"\",\"potentialAction\":[{\"@type\":\"SearchAction\",\"target\":{\"@type\":\"EntryPoint\",\"urlTemplate\":\"https:\\\/\\\/etoropartners.com\\\/es\\\/?s={search_term_string}\"},\"query-input\":{\"@type\":\"PropertyValueSpecification\",\"valueRequired\":true,\"valueName\":\"search_term_string\"}}],\"inLanguage\":\"es\"}]}<\/script>\n<!-- \/ Yoast SEO plugin. -->","yoast_head_json":{"title":"C\u00f3mo hacer promociones precisas, equilibradas y sin enga\u00f1os","description":"Una de las principales reglas de conformidad establece que tu promoci\u00f3n debe ser acertada, balanceada y no enga\u00f1osa. Debajo ver\u00e1s algunos ejemplos","robots":{"index":"index","follow":"follow","max-snippet":"max-snippet:-1","max-image-preview":"max-image-preview:large","max-video-preview":"max-video-preview:-1"},"canonical":"https:\/\/etoropartners.com\/es\/be-accurate\/","og_locale":"es_ES","og_type":"article","og_title":"C\u00f3mo hacer promociones precisas, equilibradas y sin enga\u00f1os","og_description":"Una de las principales reglas de conformidad establece que tu promoci\u00f3n debe ser acertada, balanceada y no enga\u00f1osa. Debajo ver\u00e1s algunos ejemplos","og_url":"https:\/\/etoropartners.com\/es\/be-accurate\/","og_site_name":"eToro Partners","article_modified_time":"2024-08-21T13:45:46+00:00","og_image":[{"width":1200,"height":630,"url":"https:\/\/etoropartners.com\/wp-content\/uploads\/2024\/05\/Featured_be-accurate.png","type":"image\/png"}],"twitter_card":"summary_large_image","twitter_misc":{"Tiempo de lectura":"3 minutos"},"schema":{"@context":"https:\/\/schema.org","@graph":[{"@type":"WebPage","@id":"https:\/\/etoropartners.com\/es\/be-accurate\/","url":"https:\/\/etoropartners.com\/es\/be-accurate\/","name":"C\u00f3mo hacer promociones precisas, equilibradas y sin enga\u00f1os","isPartOf":{"@id":"https:\/\/etoropartners.com\/es\/#website"},"primaryImageOfPage":{"@id":"https:\/\/etoropartners.com\/es\/be-accurate\/#primaryimage"},"image":{"@id":"https:\/\/etoropartners.com\/es\/be-accurate\/#primaryimage"},"thumbnailUrl":"https:\/\/etoropartners.com\/wp-content\/uploads\/2024\/05\/Featured_be-accurate.png","datePublished":"2024-05-22T07:50:03+00:00","dateModified":"2024-08-21T13:45:46+00:00","description":"Una de las principales reglas de conformidad establece que tu promoci\u00f3n debe ser acertada, balanceada y no enga\u00f1osa. Debajo ver\u00e1s algunos ejemplos","breadcrumb":{"@id":"https:\/\/etoropartners.com\/es\/be-accurate\/#breadcrumb"},"inLanguage":"es","potentialAction":[{"@type":"ReadAction","target":["https:\/\/etoropartners.com\/es\/be-accurate\/"]}]},{"@type":"ImageObject","inLanguage":"es","@id":"https:\/\/etoropartners.com\/es\/be-accurate\/#primaryimage","url":"https:\/\/etoropartners.com\/wp-content\/uploads\/2024\/05\/Featured_be-accurate.png","contentUrl":"https:\/\/etoropartners.com\/wp-content\/uploads\/2024\/05\/Featured_be-accurate.png","width":1200,"height":630,"caption":"Be accurate"},{"@type":"BreadcrumbList","@id":"https:\/\/etoropartners.com\/es\/be-accurate\/#breadcrumb","itemListElement":[{"@type":"ListItem","position":1,"name":"Home","item":"https:\/\/etoropartners.com\/es\/"},{"@type":"ListItem","position":2,"name":"How to be accurate, balanced, and not misleading"}]},{"@type":"WebSite","@id":"https:\/\/etoropartners.com\/es\/#website","url":"https:\/\/etoropartners.com\/es\/","name":"eToro Partners","description":"","potentialAction":[{"@type":"SearchAction","target":{"@type":"EntryPoint","urlTemplate":"https:\/\/etoropartners.com\/es\/?s={search_term_string}"},"query-input":{"@type":"PropertyValueSpecification","valueRequired":true,"valueName":"search_term_string"}}],"inLanguage":"es"}]}},"_links":{"self":[{"href":"https:\/\/etoropartners.com\/es\/wp-json\/wp\/v2\/pages\/8741","targetHints":{"allow":["GET"]}}],"collection":[{"href":"https:\/\/etoropartners.com\/es\/wp-json\/wp\/v2\/pages"}],"about":[{"href":"https:\/\/etoropartners.com\/es\/wp-json\/wp\/v2\/types\/page"}],"author":[{"embeddable":true,"href":"https:\/\/etoropartners.com\/es\/wp-json\/wp\/v2\/users\/11"}],"replies":[{"embeddable":true,"href":"https:\/\/etoropartners.com\/es\/wp-json\/wp\/v2\/comments?post=8741"}],"version-history":[{"count":0,"href":"https:\/\/etoropartners.com\/es\/wp-json\/wp\/v2\/pages\/8741\/revisions"}],"wp:featuredmedia":[{"embeddable":true,"href":"https:\/\/etoropartners.com\/es\/wp-json\/wp\/v2\/media\/8089"}],"wp:attachment":[{"href":"https:\/\/etoropartners.com\/es\/wp-json\/wp\/v2\/media?parent=8741"}],"curies":[{"name":"wp","href":"https:\/\/api.w.org\/{rel}","templated":true}]}}