{"id":8711,"date":"2024-05-22T10:18:48","date_gmt":"2024-05-22T08:18:48","guid":{"rendered":"https:\/\/etoropartners.com\/multi-regulated-platform\/"},"modified":"2024-08-21T15:21:56","modified_gmt":"2024-08-21T13:21:56","slug":"multi-regulated-platform","status":"publish","type":"page","link":"https:\/\/etoropartners.com\/es\/multi-regulated-platform\/","title":{"rendered":"Promoting a multi-regulated platform"},"content":{"rendered":"\n<section class=\"wp-block-group wp-block-group-boxed wp-block-group-small-top-padding wp-block-group-small-bottom-padding\"><div class=\"wp-block-group-inner is-layout-flow wp-block-group-is-layout-flow\">\n<div class=\"wp-block-columns are-vertically-aligned-top wp-block-columns-1 is-layout-flex wp-container-core-columns-is-layout-9d6595d7 wp-block-columns-is-layout-flex\">\n<div class=\"wp-block-column wp-block-column-align-desktop-center wp-block-column-align-mobile-center is-layout-flow wp-block-column-is-layout-flow\">\n<h2 class=\"wp-block-heading has-text-align-center\">Promoci\u00f3n de una plataforma multirregulada<\/h2>\n\n\n\n<figure class=\"wp-block-image size-full\"><img loading=\"lazy\" decoding=\"async\" width=\"1600\" height=\"400\" src=\"https:\/\/etoropartners.com\/wp-content\/uploads\/2024\/05\/Cover_multi-regulated-platform-1.jpg\" alt=\"\" class=\"wp-image-8144 wp-image-desktop\" srcset=\"https:\/\/etoropartners.com\/wp-content\/uploads\/2024\/05\/Cover_multi-regulated-platform-1.jpg 1600w, https:\/\/etoropartners.com\/wp-content\/uploads\/2024\/05\/Cover_multi-regulated-platform-1-300x75.jpg 300w, https:\/\/etoropartners.com\/wp-content\/uploads\/2024\/05\/Cover_multi-regulated-platform-1-1024x256.jpg 1024w, https:\/\/etoropartners.com\/wp-content\/uploads\/2024\/05\/Cover_multi-regulated-platform-1-768x192.jpg 768w, https:\/\/etoropartners.com\/wp-content\/uploads\/2024\/05\/Cover_multi-regulated-platform-1-1536x384.jpg 1536w\" sizes=\"auto, (max-width: 1600px) 100vw, 1600px\" \/><\/figure>\n<\/div>\n<\/div>\n<\/div><\/section>\n\n\n\n<section class=\"wp-block-group wp-block-group-boxed wp-block-group-small-top-padding wp-block-group-small-bottom-padding\"><div class=\"wp-block-group-inner is-layout-flow wp-block-group-is-layout-flow\">\n<div class=\"wp-block-columns are-vertically-aligned-top wp-block-columns-1 is-layout-flex wp-container-core-columns-is-layout-9d6595d7 wp-block-columns-is-layout-flex\">\n<div class=\"wp-block-column is-layout-flow wp-block-column-is-layout-flow\">\n<p>Las empresas que forman parte del grupo eToro est\u00e1n reguladas por diferentes autoridades. Por lo tanto, cada pa\u00eds tiene sus propios requisitos y reglas. Adem\u00e1s, no puedes promocionar la lista completa de activos en todos los pa\u00edses. La regulaci\u00f3n viene determinada por el pa\u00eds de tu p\u00fablico, el idioma que est\u00e1s utilizando en tu sitio web, la extensi\u00f3n de la URL y la menci\u00f3n de pa\u00edses espec\u00edficos o elementos relacionados con el pa\u00eds (por ejemplo, las monedas locales).<\/p>\n<\/div>\n<\/div>\n<\/div><\/section>\n\n\n\n<section class=\"wp-block-group wp-block-group-boxed wp-block-group-small-top-padding wp-block-group-small-bottom-padding\"><div class=\"wp-block-group-inner is-layout-flow wp-block-group-is-layout-flow\">\n<div class=\"wp-block-columns are-vertically-aligned-top wp-block-columns-1 is-layout-flex wp-container-core-columns-is-layout-9d6595d7 wp-block-columns-is-layout-flex\">\n<div class=\"wp-block-column wp-block-column-align-desktop-center wp-block-column-align-mobile-center is-layout-flow wp-block-column-is-layout-flow\">\n<figure class=\"wp-block-embed is-type-rich is-provider-embed-handler wp-block-embed-embed-handler wp-embed-aspect-4-3 wp-has-aspect-ratio\"><div class=\"wp-block-embed__wrapper\">\n<div class=\"ec-video\"><iframe loading=\"lazy\" title=\"ES-Compliance training video 3 - 1:1 - How to promote a multiregulated platform\" width=\"500\" height=\"375\" src=\"https:\/\/www.youtube.com\/embed\/VHiAxA1xJjk?feature=oembed\" frameborder=\"0\" allow=\"accelerometer; autoplay; clipboard-write; encrypted-media; gyroscope; picture-in-picture; web-share\" referrerpolicy=\"strict-origin-when-cross-origin\" allowfullscreen><\/iframe><\/div>\n<\/div><\/figure>\n<\/div>\n<\/div>\n<\/div><\/section>\n\n\n\n<section class=\"wp-block-group wp-block-group-boxed wp-block-group-small-top-padding wp-block-group-small-bottom-padding\"><div class=\"wp-block-group-inner is-layout-flow wp-block-group-is-layout-flow\">\n<div class=\"wp-block-columns are-vertically-aligned-top wp-block-columns-1 is-layout-flex wp-container-core-columns-is-layout-9d6595d7 wp-block-columns-is-layout-flex\">\n<div class=\"wp-block-column is-layout-flow wp-block-column-is-layout-flow\">\n<p>Con lo anterior en cuenta, aseg\u00farate de <strong>no promocionar a eToro en un pa\u00eds restringido<\/strong>, ya que no solo no ganar\u00e1s ning\u00fan CPA por estos pa\u00edses, sino que hacerlo es una infracci\u00f3n grave que puede llevar a la terminaci\u00f3n de nuestra asociaci\u00f3n. As\u00ed que, por favor, presta atenci\u00f3n.<\/p>\n\n\n\n<p>Adem\u00e1s, aseg\u00farate de <strong>promocionar \u00fanicamente activos v\u00e1lidos en el pa\u00eds al que te diriges<\/strong>. Ten en cuenta que algunas naciones tienen restricciones sobre la promoci\u00f3n de ciertos instrumentos Por lo tanto, debes familiarizarte con qu\u00e9 activos puedes promocionar o no. Para ejemplos espec\u00edficos, visita las directrices.<\/p>\n\n\n\n<p>Por ejemplo, en los EE. UU. puedes promocionar criptomonedas. Asimismo, si tienes una aprobaci\u00f3n especial, tambi\u00e9n puedes promocionar acciones, ETFs y opciones. Sin embargo, los CFDs NO est\u00e1n disponibles en los EE. UU. y, por lo tanto, Forex, las materias primas, el <em>shorting <\/em>y el apalancamiento no est\u00e1n disponibles y no pueden mencionarse en esta naci\u00f3n.<\/p>\n\n\n\n<p>Puedes encontrar todos los pa\u00edses y restricciones de productos en nuestra secci\u00f3n de <a href=\"https:\/\/etoropartners.com\/es\/guidelines\/\">pautas<\/a>. Por favor, recuerda que esta informaci\u00f3n est\u00e1 sujeta a actualizaciones.<\/p>\n\n\n\n<p>Tambi\u00e9n debes estar al tanto de qu\u00e9 entidad ofrece cada producto. Por ejemplo, en los EE. UU., eToro USA LLC ofrece una plataforma regulada por FinCen para que los clientes estadounidenses compren y vendan criptomonedas. Por otro lado, eToro USA Securities Inc. es un <em>broker-dealer<\/em> regulado por FINRA que permite la negociaci\u00f3n de acciones, ETFs y opciones. Por favor, no las confundas.<\/p>\n\n\n\n<p>Puedes encontrar la lista completa de entidades, ofertas de productos y licencias en la p\u00e1gina de <a href=\"https:\/\/www.etoro.com\/es\/customer-service\/regulation-license\/\">regulaciones y licencias<\/a> en eToro.<\/p>\n\n\n\n<p><strong>Presta atenci\u00f3n a las advertencias de riesgo<\/strong>. Las advertencias de riesgo que necesitas usar vienen determinadas por los pa\u00edses en los que promocionas a eToro, as\u00ed como por los activos que mencionas. Consulta nuestro tutorial sobre advertencias de riesgo en la <a href=\"https:\/\/etoropartners.com\/es\/guidelines\/\">secci\u00f3n de pautas<\/a> para ver qu\u00e9 advertencias de riesgo debes usar y cu\u00e1ndo hacerlo.<\/p>\n\n\n\n<p>Si promocionas varios activos diferentes, por favor usa todas las advertencias de riesgo aplicables.<\/p>\n\n\n\n<p>Ten en cuenta que, a veces, pueden aplicar m\u00faltiples regulaciones. Por ejemplo, si promocionas en espa\u00f1ol y en ingl\u00e9s, puedes tener un p\u00fablico mixto de diferentes pa\u00edses. En estos casos, necesitar\u00e1s cumplir con las reglas de todos los reguladores relevantes.<\/p>\n<\/div>\n<\/div>\n<\/div><\/section>\n","protected":false},"excerpt":{"rendered":"<p>Promoci\u00f3n de una plataforma multirregulada Las empresas que forman parte del grupo eToro est\u00e1n reguladas por diferentes autoridades. Por lo tanto, cada pa\u00eds tiene sus propios requisitos y reglas. Adem\u00e1s, no puedes promocionar la lista completa de activos en todos los pa\u00edses. La regulaci\u00f3n viene determinada por el pa\u00eds de tu p\u00fablico, el idioma que [&hellip;]<\/p>\n","protected":false},"author":11,"featured_media":8127,"parent":0,"menu_order":0,"comment_status":"closed","ping_status":"closed","template":"","meta":{"_acf_changed":false,"sticky_cta_settings":"","footnotes":""},"class_list":["post-8711","page","type-page","status-publish","has-post-thumbnail","hentry"],"acf":[],"yoast_head":"<!-- This site is optimized with the Yoast SEO plugin v27.3 - https:\/\/yoast.com\/product\/yoast-seo-wordpress\/ -->\n<title>Promoci\u00f3n de una plataforma multirregulada<\/title>\n<meta name=\"description\" content=\"Las empresas que forman parte del grupo eToro est\u00e1n reguladas por diferentes autoridades. Por lo tanto, cada pa\u00eds tiene sus propios requisitos y reglas\" \/>\n<meta name=\"robots\" content=\"index, follow, max-snippet:-1, max-image-preview:large, max-video-preview:-1\" \/>\n<link rel=\"canonical\" href=\"https:\/\/etoropartners.com\/es\/multi-regulated-platform\/\" \/>\n<meta property=\"og:locale\" content=\"es_ES\" \/>\n<meta property=\"og:type\" content=\"article\" \/>\n<meta property=\"og:title\" content=\"Promoci\u00f3n de una plataforma multirregulada\" \/>\n<meta property=\"og:description\" content=\"Las empresas que forman parte del grupo eToro est\u00e1n reguladas por diferentes autoridades. Por lo tanto, cada pa\u00eds tiene sus propios requisitos y reglas\" \/>\n<meta property=\"og:url\" content=\"https:\/\/etoropartners.com\/es\/multi-regulated-platform\/\" \/>\n<meta property=\"og:site_name\" content=\"eToro Partners\" \/>\n<meta property=\"article:modified_time\" content=\"2024-08-21T13:21:56+00:00\" \/>\n<meta property=\"og:image\" content=\"https:\/\/etoropartners.com\/wp-content\/uploads\/2024\/05\/Featured_multi-regulated-platform.png\" \/>\n\t<meta property=\"og:image:width\" content=\"1200\" \/>\n\t<meta property=\"og:image:height\" content=\"630\" \/>\n\t<meta property=\"og:image:type\" content=\"image\/png\" \/>\n<meta name=\"twitter:card\" content=\"summary_large_image\" \/>\n<meta name=\"twitter:label1\" content=\"Tiempo de lectura\" \/>\n\t<meta name=\"twitter:data1\" content=\"3 minutos\" \/>\n<script type=\"application\/ld+json\" class=\"yoast-schema-graph\">{\"@context\":\"https:\\\/\\\/schema.org\",\"@graph\":[{\"@type\":\"WebPage\",\"@id\":\"https:\\\/\\\/etoropartners.com\\\/es\\\/multi-regulated-platform\\\/\",\"url\":\"https:\\\/\\\/etoropartners.com\\\/es\\\/multi-regulated-platform\\\/\",\"name\":\"Promoci\u00f3n de una plataforma multirregulada\",\"isPartOf\":{\"@id\":\"https:\\\/\\\/etoropartners.com\\\/es\\\/#website\"},\"primaryImageOfPage\":{\"@id\":\"https:\\\/\\\/etoropartners.com\\\/es\\\/multi-regulated-platform\\\/#primaryimage\"},\"image\":{\"@id\":\"https:\\\/\\\/etoropartners.com\\\/es\\\/multi-regulated-platform\\\/#primaryimage\"},\"thumbnailUrl\":\"https:\\\/\\\/etoropartners.com\\\/wp-content\\\/uploads\\\/2024\\\/05\\\/Featured_multi-regulated-platform.png\",\"datePublished\":\"2024-05-22T08:18:48+00:00\",\"dateModified\":\"2024-08-21T13:21:56+00:00\",\"description\":\"Las empresas que forman parte del grupo eToro est\u00e1n reguladas por diferentes autoridades. Por lo tanto, cada pa\u00eds tiene sus propios requisitos y reglas\",\"breadcrumb\":{\"@id\":\"https:\\\/\\\/etoropartners.com\\\/es\\\/multi-regulated-platform\\\/#breadcrumb\"},\"inLanguage\":\"es\",\"potentialAction\":[{\"@type\":\"ReadAction\",\"target\":[\"https:\\\/\\\/etoropartners.com\\\/es\\\/multi-regulated-platform\\\/\"]}]},{\"@type\":\"ImageObject\",\"inLanguage\":\"es\",\"@id\":\"https:\\\/\\\/etoropartners.com\\\/es\\\/multi-regulated-platform\\\/#primaryimage\",\"url\":\"https:\\\/\\\/etoropartners.com\\\/wp-content\\\/uploads\\\/2024\\\/05\\\/Featured_multi-regulated-platform.png\",\"contentUrl\":\"https:\\\/\\\/etoropartners.com\\\/wp-content\\\/uploads\\\/2024\\\/05\\\/Featured_multi-regulated-platform.png\",\"width\":1200,\"height\":630},{\"@type\":\"BreadcrumbList\",\"@id\":\"https:\\\/\\\/etoropartners.com\\\/es\\\/multi-regulated-platform\\\/#breadcrumb\",\"itemListElement\":[{\"@type\":\"ListItem\",\"position\":1,\"name\":\"Home\",\"item\":\"https:\\\/\\\/etoropartners.com\\\/es\\\/\"},{\"@type\":\"ListItem\",\"position\":2,\"name\":\"Promoting a multi-regulated platform\"}]},{\"@type\":\"WebSite\",\"@id\":\"https:\\\/\\\/etoropartners.com\\\/es\\\/#website\",\"url\":\"https:\\\/\\\/etoropartners.com\\\/es\\\/\",\"name\":\"eToro Partners\",\"description\":\"\",\"potentialAction\":[{\"@type\":\"SearchAction\",\"target\":{\"@type\":\"EntryPoint\",\"urlTemplate\":\"https:\\\/\\\/etoropartners.com\\\/es\\\/?s={search_term_string}\"},\"query-input\":{\"@type\":\"PropertyValueSpecification\",\"valueRequired\":true,\"valueName\":\"search_term_string\"}}],\"inLanguage\":\"es\"}]}<\/script>\n<!-- \/ Yoast SEO plugin. -->","yoast_head_json":{"title":"Promoci\u00f3n de una plataforma multirregulada","description":"Las empresas que forman parte del grupo eToro est\u00e1n reguladas por diferentes autoridades. Por lo tanto, cada pa\u00eds tiene sus propios requisitos y reglas","robots":{"index":"index","follow":"follow","max-snippet":"max-snippet:-1","max-image-preview":"max-image-preview:large","max-video-preview":"max-video-preview:-1"},"canonical":"https:\/\/etoropartners.com\/es\/multi-regulated-platform\/","og_locale":"es_ES","og_type":"article","og_title":"Promoci\u00f3n de una plataforma multirregulada","og_description":"Las empresas que forman parte del grupo eToro est\u00e1n reguladas por diferentes autoridades. Por lo tanto, cada pa\u00eds tiene sus propios requisitos y reglas","og_url":"https:\/\/etoropartners.com\/es\/multi-regulated-platform\/","og_site_name":"eToro Partners","article_modified_time":"2024-08-21T13:21:56+00:00","og_image":[{"width":1200,"height":630,"url":"https:\/\/etoropartners.com\/wp-content\/uploads\/2024\/05\/Featured_multi-regulated-platform.png","type":"image\/png"}],"twitter_card":"summary_large_image","twitter_misc":{"Tiempo de lectura":"3 minutos"},"schema":{"@context":"https:\/\/schema.org","@graph":[{"@type":"WebPage","@id":"https:\/\/etoropartners.com\/es\/multi-regulated-platform\/","url":"https:\/\/etoropartners.com\/es\/multi-regulated-platform\/","name":"Promoci\u00f3n de una plataforma multirregulada","isPartOf":{"@id":"https:\/\/etoropartners.com\/es\/#website"},"primaryImageOfPage":{"@id":"https:\/\/etoropartners.com\/es\/multi-regulated-platform\/#primaryimage"},"image":{"@id":"https:\/\/etoropartners.com\/es\/multi-regulated-platform\/#primaryimage"},"thumbnailUrl":"https:\/\/etoropartners.com\/wp-content\/uploads\/2024\/05\/Featured_multi-regulated-platform.png","datePublished":"2024-05-22T08:18:48+00:00","dateModified":"2024-08-21T13:21:56+00:00","description":"Las empresas que forman parte del grupo eToro est\u00e1n reguladas por diferentes autoridades. Por lo tanto, cada pa\u00eds tiene sus propios requisitos y reglas","breadcrumb":{"@id":"https:\/\/etoropartners.com\/es\/multi-regulated-platform\/#breadcrumb"},"inLanguage":"es","potentialAction":[{"@type":"ReadAction","target":["https:\/\/etoropartners.com\/es\/multi-regulated-platform\/"]}]},{"@type":"ImageObject","inLanguage":"es","@id":"https:\/\/etoropartners.com\/es\/multi-regulated-platform\/#primaryimage","url":"https:\/\/etoropartners.com\/wp-content\/uploads\/2024\/05\/Featured_multi-regulated-platform.png","contentUrl":"https:\/\/etoropartners.com\/wp-content\/uploads\/2024\/05\/Featured_multi-regulated-platform.png","width":1200,"height":630},{"@type":"BreadcrumbList","@id":"https:\/\/etoropartners.com\/es\/multi-regulated-platform\/#breadcrumb","itemListElement":[{"@type":"ListItem","position":1,"name":"Home","item":"https:\/\/etoropartners.com\/es\/"},{"@type":"ListItem","position":2,"name":"Promoting a multi-regulated platform"}]},{"@type":"WebSite","@id":"https:\/\/etoropartners.com\/es\/#website","url":"https:\/\/etoropartners.com\/es\/","name":"eToro Partners","description":"","potentialAction":[{"@type":"SearchAction","target":{"@type":"EntryPoint","urlTemplate":"https:\/\/etoropartners.com\/es\/?s={search_term_string}"},"query-input":{"@type":"PropertyValueSpecification","valueRequired":true,"valueName":"search_term_string"}}],"inLanguage":"es"}]}},"_links":{"self":[{"href":"https:\/\/etoropartners.com\/es\/wp-json\/wp\/v2\/pages\/8711","targetHints":{"allow":["GET"]}}],"collection":[{"href":"https:\/\/etoropartners.com\/es\/wp-json\/wp\/v2\/pages"}],"about":[{"href":"https:\/\/etoropartners.com\/es\/wp-json\/wp\/v2\/types\/page"}],"author":[{"embeddable":true,"href":"https:\/\/etoropartners.com\/es\/wp-json\/wp\/v2\/users\/11"}],"replies":[{"embeddable":true,"href":"https:\/\/etoropartners.com\/es\/wp-json\/wp\/v2\/comments?post=8711"}],"version-history":[{"count":0,"href":"https:\/\/etoropartners.com\/es\/wp-json\/wp\/v2\/pages\/8711\/revisions"}],"wp:featuredmedia":[{"embeddable":true,"href":"https:\/\/etoropartners.com\/es\/wp-json\/wp\/v2\/media\/8127"}],"wp:attachment":[{"href":"https:\/\/etoropartners.com\/es\/wp-json\/wp\/v2\/media?parent=8711"}],"curies":[{"name":"wp","href":"https:\/\/api.w.org\/{rel}","templated":true}]}}