{"id":8679,"date":"2024-05-22T08:47:21","date_gmt":"2024-05-22T06:47:21","guid":{"rendered":"https:\/\/etoropartners.com\/8-most-important-things\/"},"modified":"2024-08-20T10:54:14","modified_gmt":"2024-08-20T08:54:14","slug":"8-most-important-things","status":"publish","type":"page","link":"https:\/\/etoropartners.com\/es\/8-most-important-things\/","title":{"rendered":"8 consideraciones clave para crear una campa\u00f1a adecuada a las normativas"},"content":{"rendered":"\n<section class=\"wp-block-group wp-block-group-boxed wp-block-group-small-top-padding wp-block-group-small-bottom-padding\"><div class=\"wp-block-group-inner is-layout-flow wp-block-group-is-layout-flow\">\n<div class=\"wp-block-columns are-vertically-aligned-top wp-block-columns-1 is-layout-flex wp-container-core-columns-is-layout-9d6595d7 wp-block-columns-is-layout-flex\">\n<div class=\"wp-block-column wp-block-column-align-desktop-center wp-block-column-align-mobile-center is-layout-flow wp-block-column-is-layout-flow\">\n<h2 class=\"wp-block-heading has-text-align-center\">8 consideraciones clave para crear una campa\u00f1a adecuada a las normativas<\/h2>\n\n\n\n<figure class=\"wp-block-image size-full\"><img loading=\"lazy\" decoding=\"async\" width=\"1600\" height=\"400\" src=\"https:\/\/etoropartners.com\/wp-content\/uploads\/2024\/05\/Cover_8-most-important-things.jpg\" alt=\"8 most important things to consider when creating a compliant campaign\" class=\"wp-image-8016 wp-image-desktop\" srcset=\"https:\/\/etoropartners.com\/wp-content\/uploads\/2024\/05\/Cover_8-most-important-things.jpg 1600w, https:\/\/etoropartners.com\/wp-content\/uploads\/2024\/05\/Cover_8-most-important-things-300x75.jpg 300w, https:\/\/etoropartners.com\/wp-content\/uploads\/2024\/05\/Cover_8-most-important-things-1024x256.jpg 1024w, https:\/\/etoropartners.com\/wp-content\/uploads\/2024\/05\/Cover_8-most-important-things-768x192.jpg 768w, https:\/\/etoropartners.com\/wp-content\/uploads\/2024\/05\/Cover_8-most-important-things-1536x384.jpg 1536w\" sizes=\"auto, (max-width: 1600px) 100vw, 1600px\" \/><\/figure>\n<\/div>\n<\/div>\n<\/div><\/section>\n\n\n\n<section class=\"wp-block-group wp-block-group-boxed wp-block-group-small-top-padding wp-block-group-small-bottom-padding\"><div class=\"wp-block-group-inner is-layout-flow wp-block-group-is-layout-flow\">\n<div class=\"wp-block-columns are-vertically-aligned-top wp-block-columns-1 is-layout-flex wp-container-core-columns-is-layout-9d6595d7 wp-block-columns-is-layout-flex\">\n<div class=\"wp-block-column is-layout-flow wp-block-column-is-layout-flow\">\n<p class=\"has-text-align-left\">eToro es una marca prestigiosa que ofrece a <em>traders <\/em>e inversores de todo el mundo una experiencia segura y regulada. Por ello, es crucial que dise\u00f1es una campa\u00f1a que cumpla con los requisitos regulatorios y las directrices de la jurisdicci\u00f3n donde promociones nuestra marca.<\/p>\n\n\n\n<p>Sigue las <a href=\"https:\/\/etoropartners.com\/es\/guidelines\/\">pautas para afiliados<\/a> y las reglas mencionadas a continuaci\u00f3n para asegurarte de establecer una asociaci\u00f3n que cumpla con la normativa. Ten en cuenta que sancionamos a los afiliados que promocionan a eToro <strong>sin seguir estas normas<\/strong>. En caso de violaciones de las normas o falta de cooperaci\u00f3n, adem\u00e1s de desactivar tu cuenta,<strong> podr\u00edamos anular tu pago y finalizar la asociaci\u00f3n.<\/strong><\/p>\n\n\n\n<p>Recuerda revisar tus campa\u00f1as con frecuencia. Trabajamos a un ritmo acelerado y nos adaptamos a las regulaciones y variaciones del mercado, por lo que podemos solicitar correcciones o cambios seg\u00fan sea necesario.\u00a0<\/p>\n<\/div>\n<\/div>\n<\/div><\/section>\n\n\n\n<section class=\"wp-block-group wp-block-group-boxed wp-block-group-small-top-padding wp-block-group-small-bottom-padding\"><div class=\"wp-block-group-inner is-layout-flow wp-block-group-is-layout-flow\">\n<div class=\"wp-block-columns are-vertically-aligned-top wp-block-columns-1 is-layout-flex wp-container-core-columns-is-layout-9d6595d7 wp-block-columns-is-layout-flex\">\n<div class=\"wp-block-column wp-block-column-align-desktop-center wp-block-column-align-mobile-center is-layout-flow wp-block-column-is-layout-flow\">\n<figure class=\"wp-block-embed is-type-rich is-provider-embed-handler wp-block-embed-embed-handler wp-embed-aspect-16-9 wp-has-aspect-ratio\"><div class=\"wp-block-embed__wrapper\">\n<div class=\"ec-video\"><iframe loading=\"lazy\" title=\"ES-Compliance Training Video 1 - 16:9 - 8 most important things\" width=\"500\" height=\"281\" src=\"https:\/\/www.youtube.com\/embed\/LSnJN3QZU2o?feature=oembed\" frameborder=\"0\" allow=\"accelerometer; autoplay; clipboard-write; encrypted-media; gyroscope; picture-in-picture; web-share\" referrerpolicy=\"strict-origin-when-cross-origin\" allowfullscreen><\/iframe><\/div>\n<\/div><\/figure>\n<\/div>\n<\/div>\n<\/div><\/section>\n\n\n\n<section class=\"wp-block-group wp-block-group-boxed wp-block-group-small-top-padding wp-block-group-small-bottom-padding\"><div class=\"wp-block-group-inner is-layout-flow wp-block-group-is-layout-flow\">\n<div class=\"wp-block-columns are-vertically-aligned-top wp-block-columns-1 is-layout-flex wp-container-core-columns-is-layout-9d6595d7 wp-block-columns-is-layout-flex\">\n<div class=\"wp-block-column is-layout-flow wp-block-column-is-layout-flow\">\n<p class=\"is-style-heading-2\"><strong>Revela tus URL<\/strong><\/p>\n\n\n\n<p>Aseg\u00farate de promocionar a eToro SOLO en los sitios web que nos hayas proporcionado con antelaci\u00f3n. Si deseas promocionar a eToro a trav\u00e9s de un nuevo canal o sitio, primero debes enviarlo a tu gestor de afiliados para su aprobaci\u00f3n. Para nosotros es imprescindible saber c\u00f3mo y d\u00f3nde se promociona nuestra marca.<\/p>\n\n\n\n<p class=\"is-style-heading-2\"><strong>Preciso, equilibrado y sin enga\u00f1ar<\/strong><\/p>\n\n\n\n<p>Debes mantener la precisi\u00f3n, el equilibrio y la veracidad en tus promociones. Verifica que toda la informaci\u00f3n sea correcta y est\u00e9 actualizada. Recuerda siempre mencionar los riesgos. No presentes la inversi\u00f3n como algo sencillo, ni hagas promesas falsas o declaraciones enga\u00f1osas. No uses nuestra marca en tu dominio ni afirmes que representas o trabajas para eToro.<\/p>\n\n\n\n<p class=\"is-style-heading-2\"><strong>Pa\u00edses prohibidos<\/strong><\/p>\n\n\n\n<p>No promociones a eToro en <a href=\"https:\/\/etoropartners.com\/es\/guidelines\/\">pa\u00edses prohibidos<\/a>. Ten en cuenta que no pagamos por estas promociones. Puedes encontrar la lista de pa\u00edses prohibidos en las pautas para afiliados. Aseg\u00farate de no mencionar el pa\u00eds en la URL, ni su extensi\u00f3n o idioma. Tampoco menciones el pa\u00eds en la p\u00e1gina.<\/p>\n\n\n\n<p class=\"is-style-heading-2\"><strong>Restricciones de productos\u00a0<\/strong><\/p>\n\n\n\n<p>Ten en cuenta las <a href=\"https:\/\/etoropartners.com\/es\/guidelines\/\">restricciones de productos<\/a>.Esto significa que no puedes promocionar ciertos tipos de activos en algunos pa\u00edses. Si promocionas a nivel mundial, aseg\u00farate de mencionar cu\u00e1les activos est\u00e1n disponibles o no en cada pa\u00eds. Por ejemplo: \u00abOpera con criptomonedas, acciones, materias primas y Forex en eToro (las materias primas y Forex no est\u00e1n disponibles en los Estados Unidos).\u00bb. Las regulaciones pueden cambiar, as\u00ed que aseg\u00farate de estar al tanto de las restricciones.<\/p>\n\n\n\n<p class=\"is-style-heading-2\"><strong>No ofrezcas asesoramiento de inversi\u00f3n<\/strong><\/p>\n\n\n\n<p>No incluyas etoro en contenido que ofrezca asesoramiento de inversi\u00f3n.<br><\/p>\n\n\n\n<p class=\"is-style-heading-2\"><strong>Advertencias de riesgo<\/strong><\/p>\n\n\n\n<p>Siempre aseg\u00farate de agregar la <a href=\"https:\/\/etoropartners.com\/es\/guidelines\/\">advertencia de riesgo<\/a> correcta en el lugar adecuado y del mismo tama\u00f1o que el resto del texto. Puedes encontrar las advertencias de riesgo en la secci\u00f3n de pautas. Los avisos deben estar cerca de cada enlace que redirija a eToro, en la parte superior de rese\u00f1as y art\u00edculos, y en videos y sus descripciones.<\/p>\n\n\n\n<p class=\"is-style-heading-2\"><strong>No crees un sentido de urgencia<\/strong><\/p>\n\n\n\n<p>No debes generar un sentido de urgencia para comprar ciertos instrumentos financieros.<\/p>\n\n\n\n<p class=\"is-style-heading-2\"><strong>No reveles informaci\u00f3n del proceso de \u00abKYC\u00bb ni estafes<\/strong><\/p>\n\n\n\n<p>No divulgues informaci\u00f3n confidencial ni ayudes a los <em>traders <\/em>a estafar a eToro. No gu\u00edes a los <em>traders <\/em>sobre c\u00f3mo responder a las preguntas de KYC ni los incentives a operar en la plataforma.<\/p>\n<\/div>\n<\/div>\n<\/div><\/section>\n","protected":false},"excerpt":{"rendered":"<p>8 consideraciones clave para crear una campa\u00f1a adecuada a las normativas eToro es una marca prestigiosa que ofrece a traders e inversores de todo el mundo una experiencia segura y regulada. Por ello, es crucial que dise\u00f1es una campa\u00f1a que cumpla con los requisitos regulatorios y las directrices de la jurisdicci\u00f3n donde promociones nuestra marca. [&hellip;]<\/p>\n","protected":false},"author":11,"featured_media":8074,"parent":0,"menu_order":0,"comment_status":"closed","ping_status":"closed","template":"","meta":{"_acf_changed":false,"sticky_cta_settings":"","footnotes":""},"class_list":["post-8679","page","type-page","status-publish","has-post-thumbnail","hentry"],"acf":[],"yoast_head":"<!-- This site is optimized with the Yoast SEO plugin v27.3 - https:\/\/yoast.com\/product\/yoast-seo-wordpress\/ -->\n<title>8 consideraciones clave para una campa\u00f1a adecuada a las normativas<\/title>\n<meta name=\"description\" content=\"eToro es una marca prestigiosa que ofrece a traders e inversores de todo el mundo una experiencia segura y regulada. Por ello, es crucial que dise\u00f1es una campa\u00f1a que cumpla con los requisitos regulatorios y las directrices de la jurisdicci\u00f3n donde promociones nuestra marca.\" \/>\n<meta name=\"robots\" content=\"index, follow, max-snippet:-1, max-image-preview:large, max-video-preview:-1\" \/>\n<link rel=\"canonical\" href=\"https:\/\/etoropartners.com\/es\/8-most-important-things\/\" \/>\n<meta property=\"og:locale\" content=\"es_ES\" \/>\n<meta property=\"og:type\" content=\"article\" \/>\n<meta property=\"og:title\" content=\"8 consideraciones clave para una campa\u00f1a adecuada a las normativas\" \/>\n<meta property=\"og:description\" content=\"eToro es una marca prestigiosa que ofrece a traders e inversores de todo el mundo una experiencia segura y regulada. Por ello, es crucial que dise\u00f1es una campa\u00f1a que cumpla con los requisitos regulatorios y las directrices de la jurisdicci\u00f3n donde promociones nuestra marca.\" \/>\n<meta property=\"og:url\" content=\"https:\/\/etoropartners.com\/es\/8-most-important-things\/\" \/>\n<meta property=\"og:site_name\" content=\"eToro Partners\" \/>\n<meta property=\"article:modified_time\" content=\"2024-08-20T08:54:14+00:00\" \/>\n<meta property=\"og:image\" content=\"https:\/\/etoropartners.com\/wp-content\/uploads\/2024\/05\/Featured_8-most-important-things.png\" \/>\n\t<meta property=\"og:image:width\" content=\"1200\" \/>\n\t<meta property=\"og:image:height\" content=\"630\" \/>\n\t<meta property=\"og:image:type\" content=\"image\/png\" \/>\n<meta name=\"twitter:card\" content=\"summary_large_image\" \/>\n<meta name=\"twitter:label1\" content=\"Tiempo de lectura\" \/>\n\t<meta name=\"twitter:data1\" content=\"3 minutos\" \/>\n<script type=\"application\/ld+json\" class=\"yoast-schema-graph\">{\"@context\":\"https:\\\/\\\/schema.org\",\"@graph\":[{\"@type\":\"WebPage\",\"@id\":\"https:\\\/\\\/etoropartners.com\\\/es\\\/8-most-important-things\\\/\",\"url\":\"https:\\\/\\\/etoropartners.com\\\/es\\\/8-most-important-things\\\/\",\"name\":\"8 consideraciones clave para una campa\u00f1a adecuada a las normativas\",\"isPartOf\":{\"@id\":\"https:\\\/\\\/etoropartners.com\\\/es\\\/#website\"},\"primaryImageOfPage\":{\"@id\":\"https:\\\/\\\/etoropartners.com\\\/es\\\/8-most-important-things\\\/#primaryimage\"},\"image\":{\"@id\":\"https:\\\/\\\/etoropartners.com\\\/es\\\/8-most-important-things\\\/#primaryimage\"},\"thumbnailUrl\":\"https:\\\/\\\/etoropartners.com\\\/wp-content\\\/uploads\\\/2024\\\/05\\\/Featured_8-most-important-things.png\",\"datePublished\":\"2024-05-22T06:47:21+00:00\",\"dateModified\":\"2024-08-20T08:54:14+00:00\",\"description\":\"eToro es una marca prestigiosa que ofrece a traders e inversores de todo el mundo una experiencia segura y regulada. Por ello, es crucial que dise\u00f1es una campa\u00f1a que cumpla con los requisitos regulatorios y las directrices de la jurisdicci\u00f3n donde promociones nuestra marca.\",\"breadcrumb\":{\"@id\":\"https:\\\/\\\/etoropartners.com\\\/es\\\/8-most-important-things\\\/#breadcrumb\"},\"inLanguage\":\"es\",\"potentialAction\":[{\"@type\":\"ReadAction\",\"target\":[\"https:\\\/\\\/etoropartners.com\\\/es\\\/8-most-important-things\\\/\"]}]},{\"@type\":\"ImageObject\",\"inLanguage\":\"es\",\"@id\":\"https:\\\/\\\/etoropartners.com\\\/es\\\/8-most-important-things\\\/#primaryimage\",\"url\":\"https:\\\/\\\/etoropartners.com\\\/wp-content\\\/uploads\\\/2024\\\/05\\\/Featured_8-most-important-things.png\",\"contentUrl\":\"https:\\\/\\\/etoropartners.com\\\/wp-content\\\/uploads\\\/2024\\\/05\\\/Featured_8-most-important-things.png\",\"width\":1200,\"height\":630,\"caption\":\"8 most important things to consider when creating a compliant campaign\"},{\"@type\":\"BreadcrumbList\",\"@id\":\"https:\\\/\\\/etoropartners.com\\\/es\\\/8-most-important-things\\\/#breadcrumb\",\"itemListElement\":[{\"@type\":\"ListItem\",\"position\":1,\"name\":\"Home\",\"item\":\"https:\\\/\\\/etoropartners.com\\\/es\\\/\"},{\"@type\":\"ListItem\",\"position\":2,\"name\":\"8 consideraciones clave para crear una campa\u00f1a adecuada a las normativas\"}]},{\"@type\":\"WebSite\",\"@id\":\"https:\\\/\\\/etoropartners.com\\\/es\\\/#website\",\"url\":\"https:\\\/\\\/etoropartners.com\\\/es\\\/\",\"name\":\"eToro Partners\",\"description\":\"\",\"potentialAction\":[{\"@type\":\"SearchAction\",\"target\":{\"@type\":\"EntryPoint\",\"urlTemplate\":\"https:\\\/\\\/etoropartners.com\\\/es\\\/?s={search_term_string}\"},\"query-input\":{\"@type\":\"PropertyValueSpecification\",\"valueRequired\":true,\"valueName\":\"search_term_string\"}}],\"inLanguage\":\"es\"}]}<\/script>\n<!-- \/ Yoast SEO plugin. -->","yoast_head_json":{"title":"8 consideraciones clave para una campa\u00f1a adecuada a las normativas","description":"eToro es una marca prestigiosa que ofrece a traders e inversores de todo el mundo una experiencia segura y regulada. Por ello, es crucial que dise\u00f1es una campa\u00f1a que cumpla con los requisitos regulatorios y las directrices de la jurisdicci\u00f3n donde promociones nuestra marca.","robots":{"index":"index","follow":"follow","max-snippet":"max-snippet:-1","max-image-preview":"max-image-preview:large","max-video-preview":"max-video-preview:-1"},"canonical":"https:\/\/etoropartners.com\/es\/8-most-important-things\/","og_locale":"es_ES","og_type":"article","og_title":"8 consideraciones clave para una campa\u00f1a adecuada a las normativas","og_description":"eToro es una marca prestigiosa que ofrece a traders e inversores de todo el mundo una experiencia segura y regulada. Por ello, es crucial que dise\u00f1es una campa\u00f1a que cumpla con los requisitos regulatorios y las directrices de la jurisdicci\u00f3n donde promociones nuestra marca.","og_url":"https:\/\/etoropartners.com\/es\/8-most-important-things\/","og_site_name":"eToro Partners","article_modified_time":"2024-08-20T08:54:14+00:00","og_image":[{"width":1200,"height":630,"url":"https:\/\/etoropartners.com\/wp-content\/uploads\/2024\/05\/Featured_8-most-important-things.png","type":"image\/png"}],"twitter_card":"summary_large_image","twitter_misc":{"Tiempo de lectura":"3 minutos"},"schema":{"@context":"https:\/\/schema.org","@graph":[{"@type":"WebPage","@id":"https:\/\/etoropartners.com\/es\/8-most-important-things\/","url":"https:\/\/etoropartners.com\/es\/8-most-important-things\/","name":"8 consideraciones clave para una campa\u00f1a adecuada a las normativas","isPartOf":{"@id":"https:\/\/etoropartners.com\/es\/#website"},"primaryImageOfPage":{"@id":"https:\/\/etoropartners.com\/es\/8-most-important-things\/#primaryimage"},"image":{"@id":"https:\/\/etoropartners.com\/es\/8-most-important-things\/#primaryimage"},"thumbnailUrl":"https:\/\/etoropartners.com\/wp-content\/uploads\/2024\/05\/Featured_8-most-important-things.png","datePublished":"2024-05-22T06:47:21+00:00","dateModified":"2024-08-20T08:54:14+00:00","description":"eToro es una marca prestigiosa que ofrece a traders e inversores de todo el mundo una experiencia segura y regulada. Por ello, es crucial que dise\u00f1es una campa\u00f1a que cumpla con los requisitos regulatorios y las directrices de la jurisdicci\u00f3n donde promociones nuestra marca.","breadcrumb":{"@id":"https:\/\/etoropartners.com\/es\/8-most-important-things\/#breadcrumb"},"inLanguage":"es","potentialAction":[{"@type":"ReadAction","target":["https:\/\/etoropartners.com\/es\/8-most-important-things\/"]}]},{"@type":"ImageObject","inLanguage":"es","@id":"https:\/\/etoropartners.com\/es\/8-most-important-things\/#primaryimage","url":"https:\/\/etoropartners.com\/wp-content\/uploads\/2024\/05\/Featured_8-most-important-things.png","contentUrl":"https:\/\/etoropartners.com\/wp-content\/uploads\/2024\/05\/Featured_8-most-important-things.png","width":1200,"height":630,"caption":"8 most important things to consider when creating a compliant campaign"},{"@type":"BreadcrumbList","@id":"https:\/\/etoropartners.com\/es\/8-most-important-things\/#breadcrumb","itemListElement":[{"@type":"ListItem","position":1,"name":"Home","item":"https:\/\/etoropartners.com\/es\/"},{"@type":"ListItem","position":2,"name":"8 consideraciones clave para crear una campa\u00f1a adecuada a las normativas"}]},{"@type":"WebSite","@id":"https:\/\/etoropartners.com\/es\/#website","url":"https:\/\/etoropartners.com\/es\/","name":"eToro Partners","description":"","potentialAction":[{"@type":"SearchAction","target":{"@type":"EntryPoint","urlTemplate":"https:\/\/etoropartners.com\/es\/?s={search_term_string}"},"query-input":{"@type":"PropertyValueSpecification","valueRequired":true,"valueName":"search_term_string"}}],"inLanguage":"es"}]}},"_links":{"self":[{"href":"https:\/\/etoropartners.com\/es\/wp-json\/wp\/v2\/pages\/8679","targetHints":{"allow":["GET"]}}],"collection":[{"href":"https:\/\/etoropartners.com\/es\/wp-json\/wp\/v2\/pages"}],"about":[{"href":"https:\/\/etoropartners.com\/es\/wp-json\/wp\/v2\/types\/page"}],"author":[{"embeddable":true,"href":"https:\/\/etoropartners.com\/es\/wp-json\/wp\/v2\/users\/11"}],"replies":[{"embeddable":true,"href":"https:\/\/etoropartners.com\/es\/wp-json\/wp\/v2\/comments?post=8679"}],"version-history":[{"count":0,"href":"https:\/\/etoropartners.com\/es\/wp-json\/wp\/v2\/pages\/8679\/revisions"}],"wp:featuredmedia":[{"embeddable":true,"href":"https:\/\/etoropartners.com\/es\/wp-json\/wp\/v2\/media\/8074"}],"wp:attachment":[{"href":"https:\/\/etoropartners.com\/es\/wp-json\/wp\/v2\/media?parent=8679"}],"curies":[{"name":"wp","href":"https:\/\/api.w.org\/{rel}","templated":true}]}}