{"id":8615,"date":"2024-05-22T13:20:48","date_gmt":"2024-05-22T11:20:48","guid":{"rendered":"https:\/\/etoropartners.com\/youtube-guidelines\/"},"modified":"2026-02-02T14:23:16","modified_gmt":"2026-02-02T12:23:16","slug":"youtube-guidelines","status":"publish","type":"page","link":"https:\/\/etoropartners.com\/es\/youtube-guidelines\/","title":{"rendered":"Gu\u00eda de cumplimiento para influencers"},"content":{"rendered":"\n<section class=\"wp-block-group wp-block-group-boxed wp-block-group-small-top-padding wp-block-group-small-bottom-padding\"><div class=\"wp-block-group-inner is-layout-flow wp-block-group-is-layout-flow\">\n<div class=\"wp-block-columns are-vertically-aligned-top wp-block-columns-1 is-layout-flex wp-container-core-columns-is-layout-9d6595d7 wp-block-columns-is-layout-flex\">\n<div class=\"wp-block-column wp-block-column-align-desktop-center wp-block-column-align-mobile-center is-layout-flow wp-block-column-is-layout-flow\">\n<h2 class=\"wp-block-heading\">Gu\u00eda de cumplimiento para influencers<\/h2>\n\n\n\n<figure class=\"wp-block-image size-large\"><img loading=\"lazy\" decoding=\"async\" width=\"1024\" height=\"256\" src=\"https:\/\/etoropartners.com\/wp-content\/uploads\/2026\/01\/4301-12.10.25-eToro-Affiliate-Program-Influencer-compliance-guide-Header-1600x400px-V2-1024x256.jpg\" alt=\"\" class=\"wp-image-9311 wp-image-desktop\" srcset=\"https:\/\/etoropartners.com\/wp-content\/uploads\/2026\/01\/4301-12.10.25-eToro-Affiliate-Program-Influencer-compliance-guide-Header-1600x400px-V2-1024x256.jpg 1024w, https:\/\/etoropartners.com\/wp-content\/uploads\/2026\/01\/4301-12.10.25-eToro-Affiliate-Program-Influencer-compliance-guide-Header-1600x400px-V2-300x75.jpg 300w, https:\/\/etoropartners.com\/wp-content\/uploads\/2026\/01\/4301-12.10.25-eToro-Affiliate-Program-Influencer-compliance-guide-Header-1600x400px-V2-768x192.jpg 768w, https:\/\/etoropartners.com\/wp-content\/uploads\/2026\/01\/4301-12.10.25-eToro-Affiliate-Program-Influencer-compliance-guide-Header-1600x400px-V2-1536x384.jpg 1536w, https:\/\/etoropartners.com\/wp-content\/uploads\/2026\/01\/4301-12.10.25-eToro-Affiliate-Program-Influencer-compliance-guide-Header-1600x400px-V2.jpg 1600w\" sizes=\"auto, (max-width: 1024px) 100vw, 1024px\" \/><\/figure>\n<\/div>\n<\/div>\n<\/div><\/section>\n\n\n\n<section class=\"wp-block-group wp-block-group-boxed wp-block-group-small-top-padding wp-block-group-small-bottom-padding\"><div class=\"wp-block-group-inner is-layout-flow wp-block-group-is-layout-flow\">\n<div class=\"wp-block-columns are-vertically-aligned-top wp-block-columns-1 is-layout-flex wp-container-core-columns-is-layout-9d6595d7 wp-block-columns-is-layout-flex\">\n<div class=\"wp-block-column is-layout-flow wp-block-column-is-layout-flow\">\n<p>eToro es una marca de renombre que ofrece a operadores e inversores de todo el mundo una experiencia de inversi\u00f3n segura y regulada. Promovemos pr\u00e1cticas de marketing transparentes, justas y responsables, y defendemos la integridad del sistema financiero. Como influencer, desempe\u00f1a un papel crucial en el mantenimiento de esta confianza. Por lo tanto, es fundamental que todas las campa\u00f1as que cree cumplan plenamente con los requisitos normativos y las directrices de la jurisdicci\u00f3n en la que promociona o se propone promocionar eToro. Esta gu\u00eda describe los requisitos de cumplimiento clave para los influencers que promocionan eToro, adem\u00e1s de las directrices disponibles <a href=\"https:\/\/etoropartners.com\/es\/compliance-guidelines\/\">aqu\u00ed <\/a>.<\/p>\n\n\n\n<p><\/p>\n\n\n\n<p><strong>Revisi\u00f3n inicial del contenido:<\/strong> antes de publicar cualquier contenido sobre eToro, debe enviar su contenido o gui\u00f3n para que lo revise su gestor de afiliados. Este proceso garantiza que todo el material promocional cumpla con las pol\u00edticas\/directrices y los requisitos reglamentarios de eToro antes de su publicaci\u00f3n.<\/p>\n\n\n\n<p><\/p>\n\n\n\n<p><strong>Promoci\u00f3n en diferentes pa\u00edses:<\/strong> eToro opera en m\u00e1s de 100 pa\u00edses en todo el mundo. Sin embargo, se aplican restricciones reglamentarias a la promoci\u00f3n de los servicios de eToro y de ciertos productos en regiones espec\u00edficas. Cuando promocione eToro, abst\u00e9ngase de mencionar o dirigirse a pa\u00edses restringidos, incluido el uso de idiomas o divisas espec\u00edficos asociados con estos pa\u00edses que podr\u00edan implicar la promoci\u00f3n en una regi\u00f3n restringida. Adem\u00e1s, evite promocionar productos que est\u00e9n restringidos en el pa\u00eds al que se dirige. Puede encontrar informaci\u00f3n detallada en nuestras <a href=\"https:\/\/etoropartners.com\/es\/compliance-guidelines\/\">directrices.<\/a><\/p>\n\n\n\n<p><\/p>\n\n\n\n<p><strong>Promoci\u00f3n en Estados Unidos:<\/strong> en Estados Unidos, debe promocionar eToro utilizando una cuenta estadounidense, y solo despu\u00e9s de que su cuenta y contenido hayan sido aprobados por el equipo de cumplimiento estadounidense. Siga las <a href=\"https:\/\/docs.google.com\/presentation\/d\/1U5-1DmQStR6pC0GPSti47MVmm_ucMxmz1t-ZmNSzSb0\/edit?slide=id.g3452ee07848_1_2#slide=id.g3452ee07848_1_2\">directrices espec\u00edficas de Estados Unidos<\/a> para crear contenido compatible. No olvide que las cuentas globales no recibir\u00e1n remuneraci\u00f3n por los inversores estadounidenses, y las cuentas estadounidenses solo recibir\u00e1n remuneraci\u00f3n por estos.<\/p>\n\n\n\n<p><\/p>\n\n\n\n<p><strong>Requisitos clave de cumplimiento:<\/strong><\/p>\n\n\n\n<ol class=\"wp-block-list wp-block-list\">\n<li><strong>Revele sus URL:\u00a0<\/strong>\n<ul class=\"wp-block-list wp-block-list wp-block-list-circle\">\n<li>Promocione eToro \u00fanicamente en los sitios web y canales que haya comunicado a eToro. Si desea utilizar un nuevo canal o sitio, env\u00edelo a su gestor de afiliados para su aprobaci\u00f3n. Debemos saber c\u00f3mo y d\u00f3nde se promociona eToro.<\/li>\n<\/ul>\n<\/li>\n\n\n\n<li><strong>Exactitud e informaci\u00f3n no enga\u00f1osa:\u00a0<\/strong>\n<ul class=\"wp-block-list wp-block-list wp-block-list-circle\">\n<li>Aseg\u00farese de que toda la informaci\u00f3n sea <a href=\"https:\/\/etoropartners.com\/es\/be-accurate\/\">precisa, equilibrada y actualizada<\/a>. Mencione los riesgos asociados a la inversi\u00f3n. Evite hacer que la inversi\u00f3n parezca f\u00e1cil, hacer promesas falsas o utilizar declaraciones enga\u00f1osas. No utilice im\u00e1genes o emojis que sugieran riqueza o tendencias al alza (por ejemplo, pilas de dinero, coches caros, cohetes). No utilice eToro en su nombre de dominio ni afirme que representa o trabaja para eToro.<\/li>\n<\/ul>\n<\/li>\n\n\n\n<li><strong>No debe haber consejos de inversi\u00f3n:\u00a0<\/strong>\n<ul class=\"wp-block-list wp-block-list wp-block-list-circle\">\n<li>No incluya eToro en contenidos que ofrezcan consejos de inversi\u00f3n.<\/li>\n<\/ul>\n<\/li>\n\n\n\n<li><strong>Evite crear sensaci\u00f3n de urgencia:\u00a0<\/strong>\n<ul class=\"wp-block-list wp-block-list wp-block-list-circle\">\n<li>No cree sensaci\u00f3n de urgencia para comprar determinados instrumentos.<\/li>\n<\/ul>\n<\/li>\n\n\n\n<li><strong>Confidencialidad y lucha contra el fraude:\u00a0<\/strong>\n<ul class=\"wp-block-list wp-block-list wp-block-list-circle\">\n<li>No revele informaci\u00f3n confidencial ni ayude a los inversores a estafar a eToro. No diga a los inversores c\u00f3mo responder a las preguntas sobre CSC ni les incentive a operar en la plataforma.<\/li>\n<\/ul>\n<\/li>\n<\/ol>\n\n\n\n<p><strong>Advertencias de riesgo:<\/strong> aseg\u00farese siempre de a\u00f1adir la <a href=\"https:\/\/etoropartners.com\/es\/risk-warnings\/\">advertencia de riesgo<\/a> correcta para los activos promocionados y el pa\u00eds al que se dirige, en un tama\u00f1o legible. En redes sociales, utilice la advertencia de riesgo \u00abgen\u00e9rica\u00bb. En caso de que su contenido sea solo sobre criptos, utilice la advertencia de riesgo de criptos en su lugar. La advertencia de riesgo debe colocarse cerca de cada enlace que redirija a eToro y en cada publicaci\u00f3n sobre eToro. En contenido de v\u00eddeo, la advertencia debe estar visible en pantalla durante 10 segundos al final de los v\u00eddeos sobre eToro y tambi\u00e9n aparecer en las descripciones de los v\u00eddeos, junto al enlace de eToro. En plataformas como TikTok e Instagram, puede utilizar la versi\u00f3n corta de la advertencia de riesgo de \u00abAcciones y ETF\u00bb debido a la limitaci\u00f3n de caracteres.<\/p>\n\n\n\n<p><br><strong>Difusi\u00f3n:<\/strong> en redes sociales, aseg\u00farese de que su material sea claramente identificable como un anuncio. Puede ser tan simple como indicar \u00ab#anuncio\u00bb.<\/p>\n\n\n\n<p><br><strong>Revisi\u00f3n peri\u00f3dica del contenido y cumplimiento:<\/strong> eToro revisar\u00e1 peri\u00f3dicamente su contenido promocional para garantizar el cumplimiento continuo de sus pol\u00edticas internas y el marco normativo aplicable. Debe cooperar plenamente con cualquier revisi\u00f3n de cumplimiento e implementar los cambios solicitados con prontitud. El incumplimiento de las directrices de eToro puede dar lugar a la rescisi\u00f3n de su cuenta\/relaci\u00f3n con nosotros.<\/p>\n\n\n\n<p><\/p>\n\n\n\n<p><strong>Gracias por mantener los altos est\u00e1ndares de eToro. \u00a1Esperamos con inter\u00e9s su fant\u00e1stico contenido!<\/strong><\/p>\n\n\n\n<p>eToro es una plataforma de inversi\u00f3n multiactivo. El valor de sus inversiones puede subir o bajar.&nbsp; Su capital est\u00e1 en riesgo.<\/p>\n\n\n\n<p>*eToro AUS Capital Limited AFSL 491139. eToro es una plataforma de inversi\u00f3n multiactivo. El valor de sus inversiones puede subir o bajar. Su capital est\u00e1 en riesgo. Lea la ficha t\u00e9cnica del producto y la determinaci\u00f3n del mercado objetivo.<\/p>\n<\/div>\n<\/div>\n<\/div><\/section>\n","protected":false},"excerpt":{"rendered":"<p>Gu\u00eda de cumplimiento para influencers eToro es una marca de renombre que ofrece a operadores e inversores de todo el mundo una experiencia de inversi\u00f3n segura y regulada. Promovemos pr\u00e1cticas de marketing transparentes, justas y responsables, y defendemos la integridad del sistema financiero. Como influencer, desempe\u00f1a un papel crucial en el mantenimiento de esta confianza. [&hellip;]<\/p>\n","protected":false},"author":11,"featured_media":0,"parent":0,"menu_order":0,"comment_status":"closed","ping_status":"closed","template":"","meta":{"_acf_changed":false,"sticky_cta_settings":"","footnotes":""},"class_list":["post-8615","page","type-page","status-publish","hentry"],"acf":[],"yoast_head":"<!-- This site is optimized with the Yoast SEO plugin v27.3 - https:\/\/yoast.com\/product\/yoast-seo-wordpress\/ -->\n<title>Directrices de YouTube<\/title>\n<meta name=\"description\" content=\"Aprenda m\u00e1s aqu\u00ed sobre las gu\u00edas para campa\u00f1as de YouTube\" \/>\n<meta name=\"robots\" content=\"index, follow, max-snippet:-1, max-image-preview:large, max-video-preview:-1\" \/>\n<link rel=\"canonical\" href=\"https:\/\/etoropartners.com\/es\/youtube-guidelines\/\" \/>\n<meta property=\"og:locale\" content=\"es_ES\" \/>\n<meta property=\"og:type\" content=\"article\" \/>\n<meta property=\"og:title\" content=\"Directrices de YouTube\" \/>\n<meta property=\"og:description\" content=\"Aprenda m\u00e1s aqu\u00ed sobre las gu\u00edas para campa\u00f1as de YouTube\" \/>\n<meta property=\"og:url\" content=\"https:\/\/etoropartners.com\/es\/youtube-guidelines\/\" \/>\n<meta property=\"og:site_name\" content=\"eToro Partners\" \/>\n<meta property=\"article:modified_time\" content=\"2026-02-02T12:23:16+00:00\" \/>\n<meta property=\"og:image\" content=\"https:\/\/etoropartners.com\/wp-content\/uploads\/2026\/01\/4301-12.10.25-eToro-Affiliate-Program-Influencer-compliance-guide-Header-1600x400px-V2.jpg\" \/>\n\t<meta property=\"og:image:width\" content=\"1600\" \/>\n\t<meta property=\"og:image:height\" content=\"400\" \/>\n\t<meta property=\"og:image:type\" content=\"image\/jpeg\" \/>\n<meta name=\"twitter:card\" content=\"summary_large_image\" \/>\n<meta name=\"twitter:label1\" content=\"Tiempo de lectura\" \/>\n\t<meta name=\"twitter:data1\" content=\"4 minutos\" \/>\n<script type=\"application\/ld+json\" class=\"yoast-schema-graph\">{\"@context\":\"https:\\\/\\\/schema.org\",\"@graph\":[{\"@type\":\"WebPage\",\"@id\":\"https:\\\/\\\/etoropartners.com\\\/es\\\/youtube-guidelines\\\/\",\"url\":\"https:\\\/\\\/etoropartners.com\\\/es\\\/youtube-guidelines\\\/\",\"name\":\"Directrices de YouTube\",\"isPartOf\":{\"@id\":\"https:\\\/\\\/etoropartners.com\\\/es\\\/#website\"},\"primaryImageOfPage\":{\"@id\":\"https:\\\/\\\/etoropartners.com\\\/es\\\/youtube-guidelines\\\/#primaryimage\"},\"image\":{\"@id\":\"https:\\\/\\\/etoropartners.com\\\/es\\\/youtube-guidelines\\\/#primaryimage\"},\"thumbnailUrl\":\"https:\\\/\\\/etoropartners.com\\\/wp-content\\\/uploads\\\/2026\\\/01\\\/4301-12.10.25-eToro-Affiliate-Program-Influencer-compliance-guide-Header-1600x400px-V2-1024x256.jpg\",\"datePublished\":\"2024-05-22T11:20:48+00:00\",\"dateModified\":\"2026-02-02T12:23:16+00:00\",\"description\":\"Aprenda m\u00e1s aqu\u00ed sobre las gu\u00edas para campa\u00f1as de YouTube\",\"breadcrumb\":{\"@id\":\"https:\\\/\\\/etoropartners.com\\\/es\\\/youtube-guidelines\\\/#breadcrumb\"},\"inLanguage\":\"es\",\"potentialAction\":[{\"@type\":\"ReadAction\",\"target\":[\"https:\\\/\\\/etoropartners.com\\\/es\\\/youtube-guidelines\\\/\"]}]},{\"@type\":\"ImageObject\",\"inLanguage\":\"es\",\"@id\":\"https:\\\/\\\/etoropartners.com\\\/es\\\/youtube-guidelines\\\/#primaryimage\",\"url\":\"https:\\\/\\\/etoropartners.com\\\/wp-content\\\/uploads\\\/2026\\\/01\\\/4301-12.10.25-eToro-Affiliate-Program-Influencer-compliance-guide-Header-1600x400px-V2-1024x256.jpg\",\"contentUrl\":\"https:\\\/\\\/etoropartners.com\\\/wp-content\\\/uploads\\\/2026\\\/01\\\/4301-12.10.25-eToro-Affiliate-Program-Influencer-compliance-guide-Header-1600x400px-V2-1024x256.jpg\"},{\"@type\":\"BreadcrumbList\",\"@id\":\"https:\\\/\\\/etoropartners.com\\\/es\\\/youtube-guidelines\\\/#breadcrumb\",\"itemListElement\":[{\"@type\":\"ListItem\",\"position\":1,\"name\":\"Home\",\"item\":\"https:\\\/\\\/etoropartners.com\\\/es\\\/\"},{\"@type\":\"ListItem\",\"position\":2,\"name\":\"Gu\u00eda de cumplimiento para influencers\"}]},{\"@type\":\"WebSite\",\"@id\":\"https:\\\/\\\/etoropartners.com\\\/es\\\/#website\",\"url\":\"https:\\\/\\\/etoropartners.com\\\/es\\\/\",\"name\":\"eToro Partners\",\"description\":\"\",\"potentialAction\":[{\"@type\":\"SearchAction\",\"target\":{\"@type\":\"EntryPoint\",\"urlTemplate\":\"https:\\\/\\\/etoropartners.com\\\/es\\\/?s={search_term_string}\"},\"query-input\":{\"@type\":\"PropertyValueSpecification\",\"valueRequired\":true,\"valueName\":\"search_term_string\"}}],\"inLanguage\":\"es\"}]}<\/script>\n<!-- \/ Yoast SEO plugin. -->","yoast_head_json":{"title":"Directrices de YouTube","description":"Aprenda m\u00e1s aqu\u00ed sobre las gu\u00edas para campa\u00f1as de YouTube","robots":{"index":"index","follow":"follow","max-snippet":"max-snippet:-1","max-image-preview":"max-image-preview:large","max-video-preview":"max-video-preview:-1"},"canonical":"https:\/\/etoropartners.com\/es\/youtube-guidelines\/","og_locale":"es_ES","og_type":"article","og_title":"Directrices de YouTube","og_description":"Aprenda m\u00e1s aqu\u00ed sobre las gu\u00edas para campa\u00f1as de YouTube","og_url":"https:\/\/etoropartners.com\/es\/youtube-guidelines\/","og_site_name":"eToro Partners","article_modified_time":"2026-02-02T12:23:16+00:00","og_image":[{"width":1600,"height":400,"url":"https:\/\/etoropartners.com\/wp-content\/uploads\/2026\/01\/4301-12.10.25-eToro-Affiliate-Program-Influencer-compliance-guide-Header-1600x400px-V2.jpg","type":"image\/jpeg"}],"twitter_card":"summary_large_image","twitter_misc":{"Tiempo de lectura":"4 minutos"},"schema":{"@context":"https:\/\/schema.org","@graph":[{"@type":"WebPage","@id":"https:\/\/etoropartners.com\/es\/youtube-guidelines\/","url":"https:\/\/etoropartners.com\/es\/youtube-guidelines\/","name":"Directrices de YouTube","isPartOf":{"@id":"https:\/\/etoropartners.com\/es\/#website"},"primaryImageOfPage":{"@id":"https:\/\/etoropartners.com\/es\/youtube-guidelines\/#primaryimage"},"image":{"@id":"https:\/\/etoropartners.com\/es\/youtube-guidelines\/#primaryimage"},"thumbnailUrl":"https:\/\/etoropartners.com\/wp-content\/uploads\/2026\/01\/4301-12.10.25-eToro-Affiliate-Program-Influencer-compliance-guide-Header-1600x400px-V2-1024x256.jpg","datePublished":"2024-05-22T11:20:48+00:00","dateModified":"2026-02-02T12:23:16+00:00","description":"Aprenda m\u00e1s aqu\u00ed sobre las gu\u00edas para campa\u00f1as de YouTube","breadcrumb":{"@id":"https:\/\/etoropartners.com\/es\/youtube-guidelines\/#breadcrumb"},"inLanguage":"es","potentialAction":[{"@type":"ReadAction","target":["https:\/\/etoropartners.com\/es\/youtube-guidelines\/"]}]},{"@type":"ImageObject","inLanguage":"es","@id":"https:\/\/etoropartners.com\/es\/youtube-guidelines\/#primaryimage","url":"https:\/\/etoropartners.com\/wp-content\/uploads\/2026\/01\/4301-12.10.25-eToro-Affiliate-Program-Influencer-compliance-guide-Header-1600x400px-V2-1024x256.jpg","contentUrl":"https:\/\/etoropartners.com\/wp-content\/uploads\/2026\/01\/4301-12.10.25-eToro-Affiliate-Program-Influencer-compliance-guide-Header-1600x400px-V2-1024x256.jpg"},{"@type":"BreadcrumbList","@id":"https:\/\/etoropartners.com\/es\/youtube-guidelines\/#breadcrumb","itemListElement":[{"@type":"ListItem","position":1,"name":"Home","item":"https:\/\/etoropartners.com\/es\/"},{"@type":"ListItem","position":2,"name":"Gu\u00eda de cumplimiento para influencers"}]},{"@type":"WebSite","@id":"https:\/\/etoropartners.com\/es\/#website","url":"https:\/\/etoropartners.com\/es\/","name":"eToro Partners","description":"","potentialAction":[{"@type":"SearchAction","target":{"@type":"EntryPoint","urlTemplate":"https:\/\/etoropartners.com\/es\/?s={search_term_string}"},"query-input":{"@type":"PropertyValueSpecification","valueRequired":true,"valueName":"search_term_string"}}],"inLanguage":"es"}]}},"_links":{"self":[{"href":"https:\/\/etoropartners.com\/es\/wp-json\/wp\/v2\/pages\/8615","targetHints":{"allow":["GET"]}}],"collection":[{"href":"https:\/\/etoropartners.com\/es\/wp-json\/wp\/v2\/pages"}],"about":[{"href":"https:\/\/etoropartners.com\/es\/wp-json\/wp\/v2\/types\/page"}],"author":[{"embeddable":true,"href":"https:\/\/etoropartners.com\/es\/wp-json\/wp\/v2\/users\/11"}],"replies":[{"embeddable":true,"href":"https:\/\/etoropartners.com\/es\/wp-json\/wp\/v2\/comments?post=8615"}],"version-history":[{"count":0,"href":"https:\/\/etoropartners.com\/es\/wp-json\/wp\/v2\/pages\/8615\/revisions"}],"wp:attachment":[{"href":"https:\/\/etoropartners.com\/es\/wp-json\/wp\/v2\/media?parent=8615"}],"curies":[{"name":"wp","href":"https:\/\/api.w.org\/{rel}","templated":true}]}}