{"id":8849,"date":"2024-05-22T13:12:03","date_gmt":"2024-05-22T11:12:03","guid":{"rendered":"https:\/\/etoropartners.com\/payment-methods\/"},"modified":"2024-08-27T13:54:09","modified_gmt":"2024-08-27T11:54:09","slug":"payment-methods","status":"publish","type":"page","link":"https:\/\/etoropartners.com\/de\/payment-methods\/","title":{"rendered":"Zahlungsmethoden"},"content":{"rendered":"\n<section class=\"wp-block-group wp-block-group-boxed wp-block-group-small-top-padding wp-block-group-small-bottom-padding\"><div class=\"wp-block-group-inner is-layout-flow wp-block-group-is-layout-flow\">\n<div class=\"wp-block-columns are-vertically-aligned-top wp-block-columns-1 is-layout-flex wp-container-core-columns-is-layout-9d6595d7 wp-block-columns-is-layout-flex\">\n<div class=\"wp-block-column wp-block-column-align-desktop-center wp-block-column-align-mobile-center is-layout-flow wp-block-column-is-layout-flow\">\n<h2 class=\"wp-block-heading\">Zahlungsmethoden<\/h2>\n\n\n\n<figure class=\"wp-block-image size-full\"><img loading=\"lazy\" decoding=\"async\" width=\"1600\" height=\"400\" src=\"https:\/\/etoropartners.com\/wp-content\/uploads\/2024\/05\/Cover_PAYMENT-METHODS.jpg\" alt=\"\" class=\"wp-image-8271 wp-image-desktop\" srcset=\"https:\/\/etoropartners.com\/wp-content\/uploads\/2024\/05\/Cover_PAYMENT-METHODS.jpg 1600w, https:\/\/etoropartners.com\/wp-content\/uploads\/2024\/05\/Cover_PAYMENT-METHODS-300x75.jpg 300w, https:\/\/etoropartners.com\/wp-content\/uploads\/2024\/05\/Cover_PAYMENT-METHODS-1024x256.jpg 1024w, https:\/\/etoropartners.com\/wp-content\/uploads\/2024\/05\/Cover_PAYMENT-METHODS-768x192.jpg 768w, https:\/\/etoropartners.com\/wp-content\/uploads\/2024\/05\/Cover_PAYMENT-METHODS-1536x384.jpg 1536w\" sizes=\"auto, (max-width: 1600px) 100vw, 1600px\" \/><\/figure>\n<\/div>\n<\/div>\n<\/div><\/section>\n\n\n\n<section class=\"wp-block-group wp-block-group-boxed wp-block-group-small-top-padding wp-block-group-small-bottom-padding\"><div class=\"wp-block-group-inner is-layout-flow wp-block-group-is-layout-flow\">\n<div class=\"wp-block-columns are-vertically-aligned-top wp-block-columns-1 is-layout-flex wp-container-core-columns-is-layout-9d6595d7 wp-block-columns-is-layout-flex\">\n<div class=\"wp-block-column is-layout-flow wp-block-column-is-layout-flow\">\n<h2 class=\"wp-block-heading is-style-heading-1\">Worauf sollten Sie bei der Angabe von Zahlungsmethoden achten?<\/h2>\n\n\n\n<p class=\"is-style-heading-2\"><strong>Seien Sie pr\u00e4zise<\/strong><\/p>\n\n\n\n<p>Wenn Sie Zahlungsmethoden erw\u00e4hnen, stellen Sie sicher, dass diese in dem Land verf\u00fcgbar sind, in dem Sie f\u00fcr eToro werben. Informationen zu Zahlungsmethoden und Einschr\u00e4nkungen finden Sie auf der eToro-Webseite <a href=\"https:\/\/www.etoro.com\/de\/customer-service\/deposit-faq\/\">\u201eEinzahlungen\u201c<\/a>.<\/p>\n\n\n\n<p class=\"is-style-heading-2\">Beispiele f\u00fcr h\u00e4ufige Fehler:\u00a0<\/p>\n\n\n\n<p>Paypal ist in einigen L\u00e4ndern nicht verf\u00fcgbar (z. B. Gro\u00dfbritannien) und in anderen L\u00e4ndern (z. B. den Niederlanden) erst nach der ersten Einzahlung verf\u00fcgbar. Da Trader in diesen L\u00e4ndern ihre erste Einzahlung nicht per Paypal vornehmen k\u00f6nnen, sollte Paypal bei der Werbung f\u00fcr eToro in diesen L\u00e4ndern nicht als Zahlungsmethode erw\u00e4hnt werden. Wenn Ihr Traffic gemischt ist und Sie auf L\u00e4nder abzielen, in denen Paypal verf\u00fcgbar ist, und auf andere L\u00e4nder, in denen es nicht verf\u00fcgbar ist, erw\u00e4hnen Sie die Liste der L\u00e4nder, in denen es nicht verf\u00fcgbar ist, und die Liste der L\u00e4nder, in denen es f\u00fcr die erste Einzahlung nicht verf\u00fcgbar ist.<\/p>\n\n\n\n<p class=\"is-style-heading-2\"><strong>Kreditkarten<\/strong><\/p>\n\n\n\n<p>Gro\u00dfbritannien und Spanien: Kreditkarten k\u00f6nnen nicht f\u00fcr Einzahlungen im Vereinigten K\u00f6nigreich oder in Spanien verwendet werden (Debitkarten sind verf\u00fcgbar).\u00a0<br><\/p>\n<\/div>\n<\/div>\n<\/div><\/section>\n","protected":false},"excerpt":{"rendered":"<p>Zahlungsmethoden Worauf sollten Sie bei der Angabe von Zahlungsmethoden achten? Seien Sie pr\u00e4zise Wenn Sie Zahlungsmethoden erw\u00e4hnen, stellen Sie sicher, dass diese in dem Land verf\u00fcgbar sind, in dem Sie f\u00fcr eToro werben. Informationen zu Zahlungsmethoden und Einschr\u00e4nkungen finden Sie auf der eToro-Webseite \u201eEinzahlungen\u201c. Beispiele f\u00fcr h\u00e4ufige Fehler:\u00a0 Paypal ist in einigen L\u00e4ndern nicht verf\u00fcgbar [&hellip;]<\/p>\n","protected":false},"author":11,"featured_media":8264,"parent":0,"menu_order":0,"comment_status":"closed","ping_status":"closed","template":"","meta":{"_acf_changed":false,"sticky_cta_settings":"","footnotes":""},"class_list":["post-8849","page","type-page","status-publish","has-post-thumbnail","hentry"],"acf":[],"yoast_head":"<!-- This site is optimized with the Yoast SEO plugin v27.3 - https:\/\/yoast.com\/product\/yoast-seo-wordpress\/ -->\n<title>Zahlungsmethoden<\/title>\n<meta name=\"description\" content=\"Worauf sollten Sie bei der Angabe von Zahlungsmethoden achten?\" \/>\n<meta name=\"robots\" content=\"index, follow, max-snippet:-1, max-image-preview:large, max-video-preview:-1\" \/>\n<link rel=\"canonical\" href=\"https:\/\/etoropartners.com\/de\/payment-methods\/\" \/>\n<meta property=\"og:locale\" content=\"de_DE\" \/>\n<meta property=\"og:type\" content=\"article\" \/>\n<meta property=\"og:title\" content=\"Zahlungsmethoden\" \/>\n<meta property=\"og:description\" content=\"Worauf sollten Sie bei der Angabe von Zahlungsmethoden achten?\" \/>\n<meta property=\"og:url\" content=\"https:\/\/etoropartners.com\/de\/payment-methods\/\" \/>\n<meta property=\"og:site_name\" content=\"eToro Partners\" \/>\n<meta property=\"article:modified_time\" content=\"2024-08-27T11:54:09+00:00\" \/>\n<meta property=\"og:image\" content=\"https:\/\/etoropartners.com\/wp-content\/uploads\/2024\/05\/Featured_PAYMENT-METHODS.png\" \/>\n\t<meta property=\"og:image:width\" content=\"1200\" \/>\n\t<meta property=\"og:image:height\" content=\"630\" \/>\n\t<meta property=\"og:image:type\" content=\"image\/png\" \/>\n<meta name=\"twitter:card\" content=\"summary_large_image\" \/>\n<meta name=\"twitter:label1\" content=\"Gesch\u00e4tzte Lesezeit\" \/>\n\t<meta name=\"twitter:data1\" content=\"2 Minuten\" \/>\n<script type=\"application\/ld+json\" class=\"yoast-schema-graph\">{\"@context\":\"https:\\\/\\\/schema.org\",\"@graph\":[{\"@type\":\"WebPage\",\"@id\":\"https:\\\/\\\/etoropartners.com\\\/de\\\/payment-methods\\\/\",\"url\":\"https:\\\/\\\/etoropartners.com\\\/de\\\/payment-methods\\\/\",\"name\":\"Zahlungsmethoden\",\"isPartOf\":{\"@id\":\"https:\\\/\\\/etoropartners.com\\\/de\\\/#website\"},\"primaryImageOfPage\":{\"@id\":\"https:\\\/\\\/etoropartners.com\\\/de\\\/payment-methods\\\/#primaryimage\"},\"image\":{\"@id\":\"https:\\\/\\\/etoropartners.com\\\/de\\\/payment-methods\\\/#primaryimage\"},\"thumbnailUrl\":\"https:\\\/\\\/etoropartners.com\\\/wp-content\\\/uploads\\\/2024\\\/05\\\/Featured_PAYMENT-METHODS.png\",\"datePublished\":\"2024-05-22T11:12:03+00:00\",\"dateModified\":\"2024-08-27T11:54:09+00:00\",\"description\":\"Worauf sollten Sie bei der Angabe von Zahlungsmethoden achten?\",\"breadcrumb\":{\"@id\":\"https:\\\/\\\/etoropartners.com\\\/de\\\/payment-methods\\\/#breadcrumb\"},\"inLanguage\":\"de-DE\",\"potentialAction\":[{\"@type\":\"ReadAction\",\"target\":[\"https:\\\/\\\/etoropartners.com\\\/de\\\/payment-methods\\\/\"]}]},{\"@type\":\"ImageObject\",\"inLanguage\":\"de-DE\",\"@id\":\"https:\\\/\\\/etoropartners.com\\\/de\\\/payment-methods\\\/#primaryimage\",\"url\":\"https:\\\/\\\/etoropartners.com\\\/wp-content\\\/uploads\\\/2024\\\/05\\\/Featured_PAYMENT-METHODS.png\",\"contentUrl\":\"https:\\\/\\\/etoropartners.com\\\/wp-content\\\/uploads\\\/2024\\\/05\\\/Featured_PAYMENT-METHODS.png\",\"width\":1200,\"height\":630},{\"@type\":\"BreadcrumbList\",\"@id\":\"https:\\\/\\\/etoropartners.com\\\/de\\\/payment-methods\\\/#breadcrumb\",\"itemListElement\":[{\"@type\":\"ListItem\",\"position\":1,\"name\":\"Home\",\"item\":\"https:\\\/\\\/etoropartners.com\\\/de\\\/\"},{\"@type\":\"ListItem\",\"position\":2,\"name\":\"Zahlungsmethoden\"}]},{\"@type\":\"WebSite\",\"@id\":\"https:\\\/\\\/etoropartners.com\\\/de\\\/#website\",\"url\":\"https:\\\/\\\/etoropartners.com\\\/de\\\/\",\"name\":\"eToro Partners\",\"description\":\"\",\"potentialAction\":[{\"@type\":\"SearchAction\",\"target\":{\"@type\":\"EntryPoint\",\"urlTemplate\":\"https:\\\/\\\/etoropartners.com\\\/de\\\/?s={search_term_string}\"},\"query-input\":{\"@type\":\"PropertyValueSpecification\",\"valueRequired\":true,\"valueName\":\"search_term_string\"}}],\"inLanguage\":\"de-DE\"}]}<\/script>\n<!-- \/ Yoast SEO plugin. -->","yoast_head_json":{"title":"Zahlungsmethoden","description":"Worauf sollten Sie bei der Angabe von Zahlungsmethoden achten?","robots":{"index":"index","follow":"follow","max-snippet":"max-snippet:-1","max-image-preview":"max-image-preview:large","max-video-preview":"max-video-preview:-1"},"canonical":"https:\/\/etoropartners.com\/de\/payment-methods\/","og_locale":"de_DE","og_type":"article","og_title":"Zahlungsmethoden","og_description":"Worauf sollten Sie bei der Angabe von Zahlungsmethoden achten?","og_url":"https:\/\/etoropartners.com\/de\/payment-methods\/","og_site_name":"eToro Partners","article_modified_time":"2024-08-27T11:54:09+00:00","og_image":[{"width":1200,"height":630,"url":"https:\/\/etoropartners.com\/wp-content\/uploads\/2024\/05\/Featured_PAYMENT-METHODS.png","type":"image\/png"}],"twitter_card":"summary_large_image","twitter_misc":{"Gesch\u00e4tzte Lesezeit":"2 Minuten"},"schema":{"@context":"https:\/\/schema.org","@graph":[{"@type":"WebPage","@id":"https:\/\/etoropartners.com\/de\/payment-methods\/","url":"https:\/\/etoropartners.com\/de\/payment-methods\/","name":"Zahlungsmethoden","isPartOf":{"@id":"https:\/\/etoropartners.com\/de\/#website"},"primaryImageOfPage":{"@id":"https:\/\/etoropartners.com\/de\/payment-methods\/#primaryimage"},"image":{"@id":"https:\/\/etoropartners.com\/de\/payment-methods\/#primaryimage"},"thumbnailUrl":"https:\/\/etoropartners.com\/wp-content\/uploads\/2024\/05\/Featured_PAYMENT-METHODS.png","datePublished":"2024-05-22T11:12:03+00:00","dateModified":"2024-08-27T11:54:09+00:00","description":"Worauf sollten Sie bei der Angabe von Zahlungsmethoden achten?","breadcrumb":{"@id":"https:\/\/etoropartners.com\/de\/payment-methods\/#breadcrumb"},"inLanguage":"de-DE","potentialAction":[{"@type":"ReadAction","target":["https:\/\/etoropartners.com\/de\/payment-methods\/"]}]},{"@type":"ImageObject","inLanguage":"de-DE","@id":"https:\/\/etoropartners.com\/de\/payment-methods\/#primaryimage","url":"https:\/\/etoropartners.com\/wp-content\/uploads\/2024\/05\/Featured_PAYMENT-METHODS.png","contentUrl":"https:\/\/etoropartners.com\/wp-content\/uploads\/2024\/05\/Featured_PAYMENT-METHODS.png","width":1200,"height":630},{"@type":"BreadcrumbList","@id":"https:\/\/etoropartners.com\/de\/payment-methods\/#breadcrumb","itemListElement":[{"@type":"ListItem","position":1,"name":"Home","item":"https:\/\/etoropartners.com\/de\/"},{"@type":"ListItem","position":2,"name":"Zahlungsmethoden"}]},{"@type":"WebSite","@id":"https:\/\/etoropartners.com\/de\/#website","url":"https:\/\/etoropartners.com\/de\/","name":"eToro Partners","description":"","potentialAction":[{"@type":"SearchAction","target":{"@type":"EntryPoint","urlTemplate":"https:\/\/etoropartners.com\/de\/?s={search_term_string}"},"query-input":{"@type":"PropertyValueSpecification","valueRequired":true,"valueName":"search_term_string"}}],"inLanguage":"de-DE"}]}},"_links":{"self":[{"href":"https:\/\/etoropartners.com\/de\/wp-json\/wp\/v2\/pages\/8849","targetHints":{"allow":["GET"]}}],"collection":[{"href":"https:\/\/etoropartners.com\/de\/wp-json\/wp\/v2\/pages"}],"about":[{"href":"https:\/\/etoropartners.com\/de\/wp-json\/wp\/v2\/types\/page"}],"author":[{"embeddable":true,"href":"https:\/\/etoropartners.com\/de\/wp-json\/wp\/v2\/users\/11"}],"replies":[{"embeddable":true,"href":"https:\/\/etoropartners.com\/de\/wp-json\/wp\/v2\/comments?post=8849"}],"version-history":[{"count":0,"href":"https:\/\/etoropartners.com\/de\/wp-json\/wp\/v2\/pages\/8849\/revisions"}],"wp:featuredmedia":[{"embeddable":true,"href":"https:\/\/etoropartners.com\/de\/wp-json\/wp\/v2\/media\/8264"}],"wp:attachment":[{"href":"https:\/\/etoropartners.com\/de\/wp-json\/wp\/v2\/media?parent=8849"}],"curies":[{"name":"wp","href":"https:\/\/api.w.org\/{rel}","templated":true}]}}