{"id":8817,"date":"2024-05-22T13:05:01","date_gmt":"2024-05-22T11:05:01","guid":{"rendered":"https:\/\/etoropartners.com\/regulators\/"},"modified":"2024-08-26T15:35:21","modified_gmt":"2024-08-26T13:35:21","slug":"regulators","status":"publish","type":"page","link":"https:\/\/etoropartners.com\/de\/regulators\/","title":{"rendered":"Regulierungsbeh\u00f6rden"},"content":{"rendered":"\n<section class=\"wp-block-group wp-block-group-boxed wp-block-group-small-top-padding wp-block-group-small-bottom-padding has-white-background-color has-background\"><div class=\"wp-block-group-inner is-layout-flow wp-block-group-is-layout-flow\">\n<div class=\"wp-block-columns are-vertically-aligned-top wp-block-columns-1 is-layout-flex wp-container-core-columns-is-layout-9d6595d7 wp-block-columns-is-layout-flex\">\n<div class=\"wp-block-column wp-block-column-align-desktop-center wp-block-column-align-mobile-center is-layout-flow wp-block-column-is-layout-flow\">\n<h2 class=\"wp-block-heading\">Regulierungsbeh\u00f6rden<\/h2>\n\n\n\n<figure class=\"wp-block-image size-full\"><img loading=\"lazy\" decoding=\"async\" width=\"1600\" height=\"400\" src=\"https:\/\/etoropartners.com\/wp-content\/uploads\/2024\/05\/Cover_OUR-REGULATION.jpg\" alt=\"\" class=\"wp-image-8239 wp-image-desktop\" srcset=\"https:\/\/etoropartners.com\/wp-content\/uploads\/2024\/05\/Cover_OUR-REGULATION.jpg 1600w, https:\/\/etoropartners.com\/wp-content\/uploads\/2024\/05\/Cover_OUR-REGULATION-300x75.jpg 300w, https:\/\/etoropartners.com\/wp-content\/uploads\/2024\/05\/Cover_OUR-REGULATION-1024x256.jpg 1024w, https:\/\/etoropartners.com\/wp-content\/uploads\/2024\/05\/Cover_OUR-REGULATION-768x192.jpg 768w, https:\/\/etoropartners.com\/wp-content\/uploads\/2024\/05\/Cover_OUR-REGULATION-1536x384.jpg 1536w\" sizes=\"auto, (max-width: 1600px) 100vw, 1600px\" \/><\/figure>\n<\/div>\n<\/div>\n<\/div><\/section>\n\n\n\n<section class=\"wp-block-group wp-block-group-boxed wp-block-group-small-top-padding wp-block-group-small-bottom-padding has-white-background-color has-background\"><div class=\"wp-block-group-inner is-layout-flow wp-block-group-is-layout-flow\">\n<div class=\"wp-block-columns are-vertically-aligned-top wp-block-columns-1 is-layout-flex wp-container-core-columns-is-layout-9d6595d7 wp-block-columns-is-layout-flex\">\n<div class=\"wp-block-column is-layout-flow wp-block-column-is-layout-flow\">\n<p>eToro ist in verschiedenen Jurisdiktionen geregelt. Klicken Sie <a href=\"https:\/\/www.etoro.com\/de\/customer-service\/regulation-license\/\">hier<\/a>, um mehr \u00fcber unsere Lizenzen und Vorschriften zu erfahren.\u00a0<\/p>\n\n\n\n<p class=\"is-style-heading-2\"><strong>Kann man die Regulierungsbeh\u00f6rden erw\u00e4hnen?<\/strong><\/p>\n\n\n\n<p>Regulierungsbeh\u00f6rden k\u00f6nnen nicht als Verkaufsargument verwendet werden. Das bedeutet, dass Sie bei der Erw\u00e4hnung dieser vorsichtig sein m\u00fcssen. Nachfolgend finden Sie einige Beispiele daf\u00fcr, wie Sie die Regulierungsbeh\u00f6rden NICHT erw\u00e4hnen d\u00fcrfen:\u00a0<\/p>\n\n\n\n<ul class=\"wp-block-list wp-block-list wp-block-list-circle\">\n<li>Schreiben oder vorschlagen, dass Menschen bei eToro handeln sollten, da es sich um eine regulierte Marke handelt<\/li>\n\n\n\n<li>Erw\u00e4hnung der Regeln als \u201ePro\u201c<\/li>\n\n\n\n<li>Vergleich von eToro mit einer anderen Marke, unter Verwendung der Regulierungsbeh\u00f6rden als Vorteil von eToro gegen\u00fcber anderen.\u00a0<\/li>\n\n\n\n<li>Verwendung des Logos der Regulierungsbeh\u00f6rde<\/li>\n\n\n\n<li>Verwendung des Namens der Regulierungsbeh\u00f6rde in Bannern<\/li>\n<\/ul>\n\n\n\n<p class=\"is-style-heading-2\"><strong>Was ist also erlaubt?<\/strong><\/p>\n\n\n\n<p>Es ist in Ordnung zu erw\u00e4hnen, dass eToro geregelt ist und durch welche Beh\u00f6rden, wenn es sich lediglich um die Erw\u00e4hnung einer Tatsache handelt, beispielsweise als einer von vielen Punkten in der Beschreibung von eToro und seinen Funktionen (beispielsweise in einer Review).<\/p>\n\n\n\n<p class=\"is-style-heading-2\"><strong>SEIEN SIE PR\u00c4ZISE<\/strong><\/p>\n\n\n\n<p><strong>Kryptow\u00e4hrungen: <\/strong>Kryptow\u00e4hrungen sind nicht reguliert. Daher w\u00e4re es irref\u00fchrend, in einem Artikel oder auf einer Seite \u00fcber Kryptow\u00e4hrungen die Regulierungsbeh\u00f6rden oder die Regulierung von eToro zu erw\u00e4hnen. Bitte vermeiden Sie dies oder erw\u00e4hnen Sie ausdr\u00fccklich, dass Kryptow\u00e4hrungen nicht reguliert sind (es sei denn, Sie richten sich an ein US-Publikum, dann ist es nicht n\u00f6tig, dies hinzuzuf\u00fcgen).<\/p>\n\n\n\n<p><strong>USA:<\/strong> In den USA bietet eToro USA LLC US-Kunden eine Plattform zum Kaufen und Verkaufen von Kryptow\u00e4hrungen und wird von der FinCen reguliert. eToro USA Securities Inc. ist ein von der FINRA regulierter Broker-Dealer, der den Handel mit Aktien, ETFs und Optionen erm\u00f6glicht. Bitte verwechseln Sie die beiden nicht.<\/p>\n<\/div>\n<\/div>\n<\/div><\/section>\n","protected":false},"excerpt":{"rendered":"<p>Regulierungsbeh\u00f6rden eToro ist in verschiedenen Jurisdiktionen geregelt. Klicken Sie hier, um mehr \u00fcber unsere Lizenzen und Vorschriften zu erfahren.\u00a0 Kann man die Regulierungsbeh\u00f6rden erw\u00e4hnen? Regulierungsbeh\u00f6rden k\u00f6nnen nicht als Verkaufsargument verwendet werden. Das bedeutet, dass Sie bei der Erw\u00e4hnung dieser vorsichtig sein m\u00fcssen. Nachfolgend finden Sie einige Beispiele daf\u00fcr, wie Sie die Regulierungsbeh\u00f6rden NICHT erw\u00e4hnen d\u00fcrfen:\u00a0 [&hellip;]<\/p>\n","protected":false},"author":11,"featured_media":8232,"parent":0,"menu_order":0,"comment_status":"closed","ping_status":"closed","template":"","meta":{"_acf_changed":false,"sticky_cta_settings":"","footnotes":""},"class_list":["post-8817","page","type-page","status-publish","has-post-thumbnail","hentry"],"acf":[],"yoast_head":"<!-- This site is optimized with the Yoast SEO plugin v27.3 - https:\/\/yoast.com\/product\/yoast-seo-wordpress\/ -->\n<title>Regulierungsbeh\u00f6rden<\/title>\n<meta name=\"description\" content=\"eToro ist in verschiedenen Jurisdiktionen geregelt. Klicken Sie hier, um mehr \u00fcber unsere Lizenzen und Vorschriften zu erfahren.\" \/>\n<meta name=\"robots\" content=\"index, follow, max-snippet:-1, max-image-preview:large, max-video-preview:-1\" \/>\n<link rel=\"canonical\" href=\"https:\/\/etoropartners.com\/de\/regulators\/\" \/>\n<meta property=\"og:locale\" content=\"de_DE\" \/>\n<meta property=\"og:type\" content=\"article\" \/>\n<meta property=\"og:title\" content=\"Regulierungsbeh\u00f6rden\" \/>\n<meta property=\"og:description\" content=\"eToro ist in verschiedenen Jurisdiktionen geregelt. Klicken Sie hier, um mehr \u00fcber unsere Lizenzen und Vorschriften zu erfahren.\" \/>\n<meta property=\"og:url\" content=\"https:\/\/etoropartners.com\/de\/regulators\/\" \/>\n<meta property=\"og:site_name\" content=\"eToro Partners\" \/>\n<meta property=\"article:modified_time\" content=\"2024-08-26T13:35:21+00:00\" \/>\n<meta property=\"og:image\" content=\"https:\/\/etoropartners.com\/wp-content\/uploads\/2024\/05\/Featured_OUR-REGULATION.png\" \/>\n\t<meta property=\"og:image:width\" content=\"1200\" \/>\n\t<meta property=\"og:image:height\" content=\"630\" \/>\n\t<meta property=\"og:image:type\" content=\"image\/png\" \/>\n<meta name=\"twitter:card\" content=\"summary_large_image\" \/>\n<meta name=\"twitter:label1\" content=\"Gesch\u00e4tzte Lesezeit\" \/>\n\t<meta name=\"twitter:data1\" content=\"2 Minuten\" \/>\n<script type=\"application\/ld+json\" class=\"yoast-schema-graph\">{\"@context\":\"https:\\\/\\\/schema.org\",\"@graph\":[{\"@type\":\"WebPage\",\"@id\":\"https:\\\/\\\/etoropartners.com\\\/de\\\/regulators\\\/\",\"url\":\"https:\\\/\\\/etoropartners.com\\\/de\\\/regulators\\\/\",\"name\":\"Regulierungsbeh\u00f6rden\",\"isPartOf\":{\"@id\":\"https:\\\/\\\/etoropartners.com\\\/de\\\/#website\"},\"primaryImageOfPage\":{\"@id\":\"https:\\\/\\\/etoropartners.com\\\/de\\\/regulators\\\/#primaryimage\"},\"image\":{\"@id\":\"https:\\\/\\\/etoropartners.com\\\/de\\\/regulators\\\/#primaryimage\"},\"thumbnailUrl\":\"https:\\\/\\\/etoropartners.com\\\/wp-content\\\/uploads\\\/2024\\\/05\\\/Featured_OUR-REGULATION.png\",\"datePublished\":\"2024-05-22T11:05:01+00:00\",\"dateModified\":\"2024-08-26T13:35:21+00:00\",\"description\":\"eToro ist in verschiedenen Jurisdiktionen geregelt. Klicken Sie hier, um mehr \u00fcber unsere Lizenzen und Vorschriften zu erfahren.\",\"breadcrumb\":{\"@id\":\"https:\\\/\\\/etoropartners.com\\\/de\\\/regulators\\\/#breadcrumb\"},\"inLanguage\":\"de-DE\",\"potentialAction\":[{\"@type\":\"ReadAction\",\"target\":[\"https:\\\/\\\/etoropartners.com\\\/de\\\/regulators\\\/\"]}]},{\"@type\":\"ImageObject\",\"inLanguage\":\"de-DE\",\"@id\":\"https:\\\/\\\/etoropartners.com\\\/de\\\/regulators\\\/#primaryimage\",\"url\":\"https:\\\/\\\/etoropartners.com\\\/wp-content\\\/uploads\\\/2024\\\/05\\\/Featured_OUR-REGULATION.png\",\"contentUrl\":\"https:\\\/\\\/etoropartners.com\\\/wp-content\\\/uploads\\\/2024\\\/05\\\/Featured_OUR-REGULATION.png\",\"width\":1200,\"height\":630},{\"@type\":\"BreadcrumbList\",\"@id\":\"https:\\\/\\\/etoropartners.com\\\/de\\\/regulators\\\/#breadcrumb\",\"itemListElement\":[{\"@type\":\"ListItem\",\"position\":1,\"name\":\"Home\",\"item\":\"https:\\\/\\\/etoropartners.com\\\/de\\\/\"},{\"@type\":\"ListItem\",\"position\":2,\"name\":\"Regulierungsbeh\u00f6rden\"}]},{\"@type\":\"WebSite\",\"@id\":\"https:\\\/\\\/etoropartners.com\\\/de\\\/#website\",\"url\":\"https:\\\/\\\/etoropartners.com\\\/de\\\/\",\"name\":\"eToro Partners\",\"description\":\"\",\"potentialAction\":[{\"@type\":\"SearchAction\",\"target\":{\"@type\":\"EntryPoint\",\"urlTemplate\":\"https:\\\/\\\/etoropartners.com\\\/de\\\/?s={search_term_string}\"},\"query-input\":{\"@type\":\"PropertyValueSpecification\",\"valueRequired\":true,\"valueName\":\"search_term_string\"}}],\"inLanguage\":\"de-DE\"}]}<\/script>\n<!-- \/ Yoast SEO plugin. -->","yoast_head_json":{"title":"Regulierungsbeh\u00f6rden","description":"eToro ist in verschiedenen Jurisdiktionen geregelt. Klicken Sie hier, um mehr \u00fcber unsere Lizenzen und Vorschriften zu erfahren.","robots":{"index":"index","follow":"follow","max-snippet":"max-snippet:-1","max-image-preview":"max-image-preview:large","max-video-preview":"max-video-preview:-1"},"canonical":"https:\/\/etoropartners.com\/de\/regulators\/","og_locale":"de_DE","og_type":"article","og_title":"Regulierungsbeh\u00f6rden","og_description":"eToro ist in verschiedenen Jurisdiktionen geregelt. Klicken Sie hier, um mehr \u00fcber unsere Lizenzen und Vorschriften zu erfahren.","og_url":"https:\/\/etoropartners.com\/de\/regulators\/","og_site_name":"eToro Partners","article_modified_time":"2024-08-26T13:35:21+00:00","og_image":[{"width":1200,"height":630,"url":"https:\/\/etoropartners.com\/wp-content\/uploads\/2024\/05\/Featured_OUR-REGULATION.png","type":"image\/png"}],"twitter_card":"summary_large_image","twitter_misc":{"Gesch\u00e4tzte Lesezeit":"2 Minuten"},"schema":{"@context":"https:\/\/schema.org","@graph":[{"@type":"WebPage","@id":"https:\/\/etoropartners.com\/de\/regulators\/","url":"https:\/\/etoropartners.com\/de\/regulators\/","name":"Regulierungsbeh\u00f6rden","isPartOf":{"@id":"https:\/\/etoropartners.com\/de\/#website"},"primaryImageOfPage":{"@id":"https:\/\/etoropartners.com\/de\/regulators\/#primaryimage"},"image":{"@id":"https:\/\/etoropartners.com\/de\/regulators\/#primaryimage"},"thumbnailUrl":"https:\/\/etoropartners.com\/wp-content\/uploads\/2024\/05\/Featured_OUR-REGULATION.png","datePublished":"2024-05-22T11:05:01+00:00","dateModified":"2024-08-26T13:35:21+00:00","description":"eToro ist in verschiedenen Jurisdiktionen geregelt. Klicken Sie hier, um mehr \u00fcber unsere Lizenzen und Vorschriften zu erfahren.","breadcrumb":{"@id":"https:\/\/etoropartners.com\/de\/regulators\/#breadcrumb"},"inLanguage":"de-DE","potentialAction":[{"@type":"ReadAction","target":["https:\/\/etoropartners.com\/de\/regulators\/"]}]},{"@type":"ImageObject","inLanguage":"de-DE","@id":"https:\/\/etoropartners.com\/de\/regulators\/#primaryimage","url":"https:\/\/etoropartners.com\/wp-content\/uploads\/2024\/05\/Featured_OUR-REGULATION.png","contentUrl":"https:\/\/etoropartners.com\/wp-content\/uploads\/2024\/05\/Featured_OUR-REGULATION.png","width":1200,"height":630},{"@type":"BreadcrumbList","@id":"https:\/\/etoropartners.com\/de\/regulators\/#breadcrumb","itemListElement":[{"@type":"ListItem","position":1,"name":"Home","item":"https:\/\/etoropartners.com\/de\/"},{"@type":"ListItem","position":2,"name":"Regulierungsbeh\u00f6rden"}]},{"@type":"WebSite","@id":"https:\/\/etoropartners.com\/de\/#website","url":"https:\/\/etoropartners.com\/de\/","name":"eToro Partners","description":"","potentialAction":[{"@type":"SearchAction","target":{"@type":"EntryPoint","urlTemplate":"https:\/\/etoropartners.com\/de\/?s={search_term_string}"},"query-input":{"@type":"PropertyValueSpecification","valueRequired":true,"valueName":"search_term_string"}}],"inLanguage":"de-DE"}]}},"_links":{"self":[{"href":"https:\/\/etoropartners.com\/de\/wp-json\/wp\/v2\/pages\/8817","targetHints":{"allow":["GET"]}}],"collection":[{"href":"https:\/\/etoropartners.com\/de\/wp-json\/wp\/v2\/pages"}],"about":[{"href":"https:\/\/etoropartners.com\/de\/wp-json\/wp\/v2\/types\/page"}],"author":[{"embeddable":true,"href":"https:\/\/etoropartners.com\/de\/wp-json\/wp\/v2\/users\/11"}],"replies":[{"embeddable":true,"href":"https:\/\/etoropartners.com\/de\/wp-json\/wp\/v2\/comments?post=8817"}],"version-history":[{"count":0,"href":"https:\/\/etoropartners.com\/de\/wp-json\/wp\/v2\/pages\/8817\/revisions"}],"wp:featuredmedia":[{"embeddable":true,"href":"https:\/\/etoropartners.com\/de\/wp-json\/wp\/v2\/media\/8232"}],"wp:attachment":[{"href":"https:\/\/etoropartners.com\/de\/wp-json\/wp\/v2\/media?parent=8817"}],"curies":[{"name":"wp","href":"https:\/\/api.w.org\/{rel}","templated":true}]}}