{"id":8785,"date":"2024-05-22T10:54:03","date_gmt":"2024-05-22T08:54:03","guid":{"rendered":"https:\/\/etoropartners.com\/how-to-add-risk-warnings\/"},"modified":"2024-08-26T12:58:57","modified_gmt":"2024-08-26T10:58:57","slug":"how-to-add-risk-warnings","status":"publish","type":"page","link":"https:\/\/etoropartners.com\/de\/how-to-add-risk-warnings\/","title":{"rendered":"How to add risk warnings"},"content":{"rendered":"\n<section class=\"wp-block-group wp-block-group-boxed wp-block-group-small-top-padding wp-block-group-small-bottom-padding\"><div class=\"wp-block-group-inner is-layout-flow wp-block-group-is-layout-flow\">\n<div class=\"wp-block-columns are-vertically-aligned-top wp-block-columns-1 is-layout-flex wp-container-core-columns-is-layout-9d6595d7 wp-block-columns-is-layout-flex\">\n<div class=\"wp-block-column wp-block-column-align-desktop-center wp-block-column-align-mobile-center is-layout-flow wp-block-column-is-layout-flow\">\n<h2 class=\"wp-block-heading has-text-align-center\">Wie man Risikowarnungen hinzuf\u00fcgt<\/h2>\n\n\n\n<figure class=\"wp-block-image size-full\"><img loading=\"lazy\" decoding=\"async\" width=\"1600\" height=\"400\" src=\"https:\/\/etoropartners.com\/wp-content\/uploads\/2024\/05\/Cover_how-to-add-risk-warnings.jpg\" alt=\"\" class=\"wp-image-8176 wp-image-desktop\" srcset=\"https:\/\/etoropartners.com\/wp-content\/uploads\/2024\/05\/Cover_how-to-add-risk-warnings.jpg 1600w, https:\/\/etoropartners.com\/wp-content\/uploads\/2024\/05\/Cover_how-to-add-risk-warnings-300x75.jpg 300w, https:\/\/etoropartners.com\/wp-content\/uploads\/2024\/05\/Cover_how-to-add-risk-warnings-1024x256.jpg 1024w, https:\/\/etoropartners.com\/wp-content\/uploads\/2024\/05\/Cover_how-to-add-risk-warnings-768x192.jpg 768w, https:\/\/etoropartners.com\/wp-content\/uploads\/2024\/05\/Cover_how-to-add-risk-warnings-1536x384.jpg 1536w\" sizes=\"auto, (max-width: 1600px) 100vw, 1600px\" \/><\/figure>\n<\/div>\n<\/div>\n<\/div><\/section>\n\n\n\n<section class=\"wp-block-group wp-block-group-boxed wp-block-group-small-top-padding wp-block-group-small-bottom-padding\"><div class=\"wp-block-group-inner is-layout-flow wp-block-group-is-layout-flow\">\n<div class=\"wp-block-columns are-vertically-aligned-top wp-block-columns-1 is-layout-flex wp-container-core-columns-is-layout-9d6595d7 wp-block-columns-is-layout-flex\">\n<div class=\"wp-block-column is-layout-flow wp-block-column-is-layout-flow\">\n<p>Der Risikohinweis sollte an gut sichtbarer Stelle platziert werden, damit die Verbraucher ihn leicht lesen und verstehen k\u00f6nnen.\u00a0<\/p>\n\n\n\n<p class=\"is-style-heading-2\">Wo sind Risikowarnungen erforderlich?\u00a0\u00a0<\/p>\n\n\n\n<p>Risikowarnungen m\u00fcssen zu jeder eToro-Anzeige, neben jedem Link zu eToro oder jeder Handlungsaufforderung (CTA) hinzugef\u00fcgt werden.<\/p>\n\n\n\n<p>Bei eToro-Bewertungen oder Artikeln, die eToro erw\u00e4hnen, m\u00fcssen Risikohinweise am Anfang des Textes hinzugef\u00fcgt werden. Wenn Sie jedoch mehrere Abschnitte auf derselben Seite haben, wie z. B. ein Banner oder andere Elemente, die zu eToro verlinken, ben\u00f6tigen diese separate Risikohinweise in der N\u00e4he des Links oder der Handlungsaufforderung (CTA).<\/p>\n\n\n\n<p>In einem Video k\u00f6nnen Sie Risikohinweise w\u00e4hrend der gesamten Videodauer einbinden oder den Haftungsausschluss im Vollbildmodus zu Beginn des Videos 10 Sekunden lang anzeigen lassen. Auch die Beschreibung des Videos muss immer den Risikohinweis enthalten.&nbsp;<\/p>\n\n\n\n<p>Beachten Sie: Wenn in diesen Elementen nicht genug Platz f\u00fcr einen vollst\u00e4ndigen Risikohinweis ist, k\u00f6nnen Sie (sofern verf\u00fcgbar) auch die k\u00fcrzere Version verwenden.<\/p>\n\n\n\n<p>Wenn Sie mehrere Risikohinweise an vielen verschiedenen Stellen auf einer Seite hinzuf\u00fcgen m\u00fcssen, k\u00f6nnen Sie dies auch tun, indem Sie einen schwebenden Risikohinweis hinzuf\u00fcgen, der auf der Seite immer sichtbar ist.<\/p>\n<\/div>\n<\/div>\n<\/div><\/section>\n\n\n\n<section class=\"wp-block-group wp-block-group-boxed wp-block-group-small-top-padding wp-block-group-small-bottom-padding\"><div class=\"wp-block-group-inner is-layout-flow wp-block-group-is-layout-flow\">\n<div class=\"wp-block-columns are-vertically-aligned-top wp-block-columns-1 is-layout-flex wp-container-core-columns-is-layout-9d6595d7 wp-block-columns-is-layout-flex\">\n<div class=\"wp-block-column wp-block-column-align-desktop-center wp-block-column-align-mobile-center is-layout-flow wp-block-column-is-layout-flow\">\n<figure class=\"wp-block-embed is-type-rich is-provider-embed-handler wp-block-embed-embed-handler wp-embed-aspect-16-9 wp-has-aspect-ratio\"><div class=\"wp-block-embed__wrapper\">\n<div class=\"ec-video\"><iframe loading=\"lazy\" title=\"DE-Compliance training video 4- 16:9 - How to  add risk warnings\" width=\"500\" height=\"281\" src=\"https:\/\/www.youtube.com\/embed\/FKBm9qYB6KA?feature=oembed\" frameborder=\"0\" allow=\"accelerometer; autoplay; clipboard-write; encrypted-media; gyroscope; picture-in-picture; web-share\" referrerpolicy=\"strict-origin-when-cross-origin\" allowfullscreen><\/iframe><\/div>\n<\/div><\/figure>\n<\/div>\n<\/div>\n<\/div><\/section>\n\n\n\n<section class=\"wp-block-group wp-block-group-boxed wp-block-group-small-top-padding wp-block-group-small-bottom-padding\"><div class=\"wp-block-group-inner is-layout-flow wp-block-group-is-layout-flow\">\n<div class=\"wp-block-columns are-vertically-aligned-top wp-block-columns-1 is-layout-flex wp-container-core-columns-is-layout-9d6595d7 wp-block-columns-is-layout-flex\">\n<div class=\"wp-block-column is-layout-flow wp-block-column-is-layout-flow\">\n<p class=\"is-style-heading-2\">Wie man die richtigen Risikowarnungen findet<\/p>\n\n\n\n<p>Welche Risikohinweise Sie verwenden m\u00fcssen, h\u00e4ngt von den Ziell\u00e4ndern und den Produkten ab, die Sie erw\u00e4hnen. In den <a href=\"https:\/\/etoropartners.com\/de\/guidelines\/\">Richtlinien<\/a> finden Sie die relevanten Risikohinweise nach Land und Kategorie.<\/p>\n\n\n\n<p><br>Wenn Sie auf unterschiedliche L\u00e4nder und unterschiedliche Kategorien abzielen, m\u00fcssen Sie alle relevanten Risikohinweise verwenden.<\/p>\n\n\n\n<p class=\"is-style-heading-2\"><br>Dabei sind drei Dinge zu beachten:<\/p>\n\n\n\n<p class=\"is-style-default\"><br><strong>Nummer 1:<\/strong> Bitte beachten Sie, dass in einigen L\u00e4ndern, beispielsweise Spanien und Gro\u00dfbritannien, spezielle Krypto-Risikowarnungen gelten.\u00a0<\/p>\n\n\n\n<p><strong>Nummer 2:<\/strong> Wenn Sie in sozialen Medien werben, m\u00fcssen Sie erw\u00e4hnen, dass Sie ein Partner sind oder dass es sich um eine bezahlte Anzeige handelt. Dazu reicht es aus, einfach das Hashtag #anzeige hinzuzuf\u00fcgen.<br><br><strong>Nummer 3:<\/strong> Bei der Werbung f\u00fcr M\u00e4rkte in den USA muss ein Partner Zahlungen angeben, die er aus der Partnerwerbung erhalten kann.<\/p>\n\n\n\n<p><strong>Zu guter Letzt<\/strong>\u2026 ist es wichtig zu beachten, dass die meisten CFD-Risikowarnungen einen Prozentsatz haben und wir verpflichtet sind, diesen Prozentsatz alle 3 Monate zu \u00e4ndern. Bei Bedarf werden wir eine Aufforderung zur \u00c4nderung des Prozentsatzes im News-Bereich der eToro Partners-Website ver\u00f6ffentlichen. Wir empfehlen Ihnen jedoch dringend, <a href=\"https:\/\/docs.google.com\/presentation\/d\/12qK8XF8UURt3y9hTFKDv3f0nudVZez_BNxgC2ZsvhFo\/edit#slide=id.g1c27c6d4ca5_0_0\">das dynamische Haftungsausschluss-Prozent-Tool<\/a> zu verwenden. Wenn Sie dieses Tool einsetzen, wird automatisch der richtige Prozentsatz angezeigt, was Ihnen viel Zeit und Arbeit erspart.\u00a0<\/p>\n<\/div>\n<\/div>\n<\/div><\/section>\n","protected":false},"excerpt":{"rendered":"<p>Wie man Risikowarnungen hinzuf\u00fcgt Der Risikohinweis sollte an gut sichtbarer Stelle platziert werden, damit die Verbraucher ihn leicht lesen und verstehen k\u00f6nnen.\u00a0 Wo sind Risikowarnungen erforderlich?\u00a0\u00a0 Risikowarnungen m\u00fcssen zu jeder eToro-Anzeige, neben jedem Link zu eToro oder jeder Handlungsaufforderung (CTA) hinzugef\u00fcgt werden. Bei eToro-Bewertungen oder Artikeln, die eToro erw\u00e4hnen, m\u00fcssen Risikohinweise am Anfang des Textes [&hellip;]<\/p>\n","protected":false},"author":11,"featured_media":8169,"parent":0,"menu_order":0,"comment_status":"closed","ping_status":"closed","template":"","meta":{"_acf_changed":false,"sticky_cta_settings":"","footnotes":""},"class_list":["post-8785","page","type-page","status-publish","has-post-thumbnail","hentry"],"acf":[],"yoast_head":"<!-- This site is optimized with the Yoast SEO plugin v27.3 - https:\/\/yoast.com\/product\/yoast-seo-wordpress\/ -->\n<title>Wie man Risikowarnungen hinzuf\u00fcgt<\/title>\n<meta name=\"description\" content=\"Der Risikohinweis sollte an gut sichtbarer Stelle platziert werden, damit die Verbraucher ihn leicht lesen und verstehen k\u00f6nnen. Wo sind Risikowarnungen erforderlich?\" \/>\n<meta name=\"robots\" content=\"index, follow, max-snippet:-1, max-image-preview:large, max-video-preview:-1\" \/>\n<link rel=\"canonical\" href=\"https:\/\/etoropartners.com\/de\/how-to-add-risk-warnings\/\" \/>\n<meta property=\"og:locale\" content=\"de_DE\" \/>\n<meta property=\"og:type\" content=\"article\" \/>\n<meta property=\"og:title\" content=\"Wie man Risikowarnungen hinzuf\u00fcgt\" \/>\n<meta property=\"og:description\" content=\"Der Risikohinweis sollte an gut sichtbarer Stelle platziert werden, damit die Verbraucher ihn leicht lesen und verstehen k\u00f6nnen. Wo sind Risikowarnungen erforderlich?\" \/>\n<meta property=\"og:url\" content=\"https:\/\/etoropartners.com\/de\/how-to-add-risk-warnings\/\" \/>\n<meta property=\"og:site_name\" content=\"eToro Partners\" \/>\n<meta property=\"article:modified_time\" content=\"2024-08-26T10:58:57+00:00\" \/>\n<meta property=\"og:image\" content=\"https:\/\/etoropartners.com\/wp-content\/uploads\/2024\/05\/Featured_how-to-add-risk-warnings.png\" \/>\n\t<meta property=\"og:image:width\" content=\"1200\" \/>\n\t<meta property=\"og:image:height\" content=\"630\" \/>\n\t<meta property=\"og:image:type\" content=\"image\/png\" \/>\n<meta name=\"twitter:card\" content=\"summary_large_image\" \/>\n<meta name=\"twitter:label1\" content=\"Gesch\u00e4tzte Lesezeit\" \/>\n\t<meta name=\"twitter:data1\" content=\"3 Minuten\" \/>\n<script type=\"application\/ld+json\" class=\"yoast-schema-graph\">{\"@context\":\"https:\\\/\\\/schema.org\",\"@graph\":[{\"@type\":\"WebPage\",\"@id\":\"https:\\\/\\\/etoropartners.com\\\/de\\\/how-to-add-risk-warnings\\\/\",\"url\":\"https:\\\/\\\/etoropartners.com\\\/de\\\/how-to-add-risk-warnings\\\/\",\"name\":\"Wie man Risikowarnungen hinzuf\u00fcgt\",\"isPartOf\":{\"@id\":\"https:\\\/\\\/etoropartners.com\\\/de\\\/#website\"},\"primaryImageOfPage\":{\"@id\":\"https:\\\/\\\/etoropartners.com\\\/de\\\/how-to-add-risk-warnings\\\/#primaryimage\"},\"image\":{\"@id\":\"https:\\\/\\\/etoropartners.com\\\/de\\\/how-to-add-risk-warnings\\\/#primaryimage\"},\"thumbnailUrl\":\"https:\\\/\\\/etoropartners.com\\\/wp-content\\\/uploads\\\/2024\\\/05\\\/Featured_how-to-add-risk-warnings.png\",\"datePublished\":\"2024-05-22T08:54:03+00:00\",\"dateModified\":\"2024-08-26T10:58:57+00:00\",\"description\":\"Der Risikohinweis sollte an gut sichtbarer Stelle platziert werden, damit die Verbraucher ihn leicht lesen und verstehen k\u00f6nnen. Wo sind Risikowarnungen erforderlich?\",\"breadcrumb\":{\"@id\":\"https:\\\/\\\/etoropartners.com\\\/de\\\/how-to-add-risk-warnings\\\/#breadcrumb\"},\"inLanguage\":\"de-DE\",\"potentialAction\":[{\"@type\":\"ReadAction\",\"target\":[\"https:\\\/\\\/etoropartners.com\\\/de\\\/how-to-add-risk-warnings\\\/\"]}]},{\"@type\":\"ImageObject\",\"inLanguage\":\"de-DE\",\"@id\":\"https:\\\/\\\/etoropartners.com\\\/de\\\/how-to-add-risk-warnings\\\/#primaryimage\",\"url\":\"https:\\\/\\\/etoropartners.com\\\/wp-content\\\/uploads\\\/2024\\\/05\\\/Featured_how-to-add-risk-warnings.png\",\"contentUrl\":\"https:\\\/\\\/etoropartners.com\\\/wp-content\\\/uploads\\\/2024\\\/05\\\/Featured_how-to-add-risk-warnings.png\",\"width\":1200,\"height\":630},{\"@type\":\"BreadcrumbList\",\"@id\":\"https:\\\/\\\/etoropartners.com\\\/de\\\/how-to-add-risk-warnings\\\/#breadcrumb\",\"itemListElement\":[{\"@type\":\"ListItem\",\"position\":1,\"name\":\"Home\",\"item\":\"https:\\\/\\\/etoropartners.com\\\/de\\\/\"},{\"@type\":\"ListItem\",\"position\":2,\"name\":\"How to add risk warnings\"}]},{\"@type\":\"WebSite\",\"@id\":\"https:\\\/\\\/etoropartners.com\\\/de\\\/#website\",\"url\":\"https:\\\/\\\/etoropartners.com\\\/de\\\/\",\"name\":\"eToro Partners\",\"description\":\"\",\"potentialAction\":[{\"@type\":\"SearchAction\",\"target\":{\"@type\":\"EntryPoint\",\"urlTemplate\":\"https:\\\/\\\/etoropartners.com\\\/de\\\/?s={search_term_string}\"},\"query-input\":{\"@type\":\"PropertyValueSpecification\",\"valueRequired\":true,\"valueName\":\"search_term_string\"}}],\"inLanguage\":\"de-DE\"}]}<\/script>\n<!-- \/ Yoast SEO plugin. -->","yoast_head_json":{"title":"Wie man Risikowarnungen hinzuf\u00fcgt","description":"Der Risikohinweis sollte an gut sichtbarer Stelle platziert werden, damit die Verbraucher ihn leicht lesen und verstehen k\u00f6nnen. Wo sind Risikowarnungen erforderlich?","robots":{"index":"index","follow":"follow","max-snippet":"max-snippet:-1","max-image-preview":"max-image-preview:large","max-video-preview":"max-video-preview:-1"},"canonical":"https:\/\/etoropartners.com\/de\/how-to-add-risk-warnings\/","og_locale":"de_DE","og_type":"article","og_title":"Wie man Risikowarnungen hinzuf\u00fcgt","og_description":"Der Risikohinweis sollte an gut sichtbarer Stelle platziert werden, damit die Verbraucher ihn leicht lesen und verstehen k\u00f6nnen. Wo sind Risikowarnungen erforderlich?","og_url":"https:\/\/etoropartners.com\/de\/how-to-add-risk-warnings\/","og_site_name":"eToro Partners","article_modified_time":"2024-08-26T10:58:57+00:00","og_image":[{"width":1200,"height":630,"url":"https:\/\/etoropartners.com\/wp-content\/uploads\/2024\/05\/Featured_how-to-add-risk-warnings.png","type":"image\/png"}],"twitter_card":"summary_large_image","twitter_misc":{"Gesch\u00e4tzte Lesezeit":"3 Minuten"},"schema":{"@context":"https:\/\/schema.org","@graph":[{"@type":"WebPage","@id":"https:\/\/etoropartners.com\/de\/how-to-add-risk-warnings\/","url":"https:\/\/etoropartners.com\/de\/how-to-add-risk-warnings\/","name":"Wie man Risikowarnungen hinzuf\u00fcgt","isPartOf":{"@id":"https:\/\/etoropartners.com\/de\/#website"},"primaryImageOfPage":{"@id":"https:\/\/etoropartners.com\/de\/how-to-add-risk-warnings\/#primaryimage"},"image":{"@id":"https:\/\/etoropartners.com\/de\/how-to-add-risk-warnings\/#primaryimage"},"thumbnailUrl":"https:\/\/etoropartners.com\/wp-content\/uploads\/2024\/05\/Featured_how-to-add-risk-warnings.png","datePublished":"2024-05-22T08:54:03+00:00","dateModified":"2024-08-26T10:58:57+00:00","description":"Der Risikohinweis sollte an gut sichtbarer Stelle platziert werden, damit die Verbraucher ihn leicht lesen und verstehen k\u00f6nnen. Wo sind Risikowarnungen erforderlich?","breadcrumb":{"@id":"https:\/\/etoropartners.com\/de\/how-to-add-risk-warnings\/#breadcrumb"},"inLanguage":"de-DE","potentialAction":[{"@type":"ReadAction","target":["https:\/\/etoropartners.com\/de\/how-to-add-risk-warnings\/"]}]},{"@type":"ImageObject","inLanguage":"de-DE","@id":"https:\/\/etoropartners.com\/de\/how-to-add-risk-warnings\/#primaryimage","url":"https:\/\/etoropartners.com\/wp-content\/uploads\/2024\/05\/Featured_how-to-add-risk-warnings.png","contentUrl":"https:\/\/etoropartners.com\/wp-content\/uploads\/2024\/05\/Featured_how-to-add-risk-warnings.png","width":1200,"height":630},{"@type":"BreadcrumbList","@id":"https:\/\/etoropartners.com\/de\/how-to-add-risk-warnings\/#breadcrumb","itemListElement":[{"@type":"ListItem","position":1,"name":"Home","item":"https:\/\/etoropartners.com\/de\/"},{"@type":"ListItem","position":2,"name":"How to add risk warnings"}]},{"@type":"WebSite","@id":"https:\/\/etoropartners.com\/de\/#website","url":"https:\/\/etoropartners.com\/de\/","name":"eToro Partners","description":"","potentialAction":[{"@type":"SearchAction","target":{"@type":"EntryPoint","urlTemplate":"https:\/\/etoropartners.com\/de\/?s={search_term_string}"},"query-input":{"@type":"PropertyValueSpecification","valueRequired":true,"valueName":"search_term_string"}}],"inLanguage":"de-DE"}]}},"_links":{"self":[{"href":"https:\/\/etoropartners.com\/de\/wp-json\/wp\/v2\/pages\/8785","targetHints":{"allow":["GET"]}}],"collection":[{"href":"https:\/\/etoropartners.com\/de\/wp-json\/wp\/v2\/pages"}],"about":[{"href":"https:\/\/etoropartners.com\/de\/wp-json\/wp\/v2\/types\/page"}],"author":[{"embeddable":true,"href":"https:\/\/etoropartners.com\/de\/wp-json\/wp\/v2\/users\/11"}],"replies":[{"embeddable":true,"href":"https:\/\/etoropartners.com\/de\/wp-json\/wp\/v2\/comments?post=8785"}],"version-history":[{"count":0,"href":"https:\/\/etoropartners.com\/de\/wp-json\/wp\/v2\/pages\/8785\/revisions"}],"wp:featuredmedia":[{"embeddable":true,"href":"https:\/\/etoropartners.com\/de\/wp-json\/wp\/v2\/media\/8169"}],"wp:attachment":[{"href":"https:\/\/etoropartners.com\/de\/wp-json\/wp\/v2\/media?parent=8785"}],"curies":[{"name":"wp","href":"https:\/\/api.w.org\/{rel}","templated":true}]}}