{"id":8754,"date":"2024-05-22T11:00:34","date_gmt":"2024-05-22T09:00:34","guid":{"rendered":"https:\/\/etoropartners.com\/investment-advice\/"},"modified":"2024-08-22T12:04:46","modified_gmt":"2024-08-22T10:04:46","slug":"anlageberatung","status":"publish","type":"page","link":"https:\/\/etoropartners.com\/de\/anlageberatung\/","title":{"rendered":"Anlageberatung"},"content":{"rendered":"\n<section class=\"wp-block-group wp-block-group-boxed wp-block-group-small-top-padding wp-block-group-small-bottom-padding\"><div class=\"wp-block-group-inner is-layout-flow wp-block-group-is-layout-flow\">\n<div class=\"wp-block-columns are-vertically-aligned-top wp-block-columns-1 is-layout-flex wp-container-core-columns-is-layout-9d6595d7 wp-block-columns-is-layout-flex\">\n<div class=\"wp-block-column wp-block-column-align-desktop-center wp-block-column-align-mobile-center is-layout-flow wp-block-column-is-layout-flow\">\n<h2 class=\"wp-block-heading has-text-align-center\">Anlageberatung<\/h2>\n<\/div>\n<\/div>\n\n\n\n<figure class=\"wp-block-image size-full\"><img loading=\"lazy\" decoding=\"async\" width=\"1600\" height=\"400\" src=\"https:\/\/etoropartners.com\/wp-content\/uploads\/2024\/05\/Cover_Investment-advice.jpg\" alt=\"\" class=\"wp-image-8208 wp-image-desktop\" srcset=\"https:\/\/etoropartners.com\/wp-content\/uploads\/2024\/05\/Cover_Investment-advice.jpg 1600w, https:\/\/etoropartners.com\/wp-content\/uploads\/2024\/05\/Cover_Investment-advice-300x75.jpg 300w, https:\/\/etoropartners.com\/wp-content\/uploads\/2024\/05\/Cover_Investment-advice-1024x256.jpg 1024w, https:\/\/etoropartners.com\/wp-content\/uploads\/2024\/05\/Cover_Investment-advice-768x192.jpg 768w, https:\/\/etoropartners.com\/wp-content\/uploads\/2024\/05\/Cover_Investment-advice-1536x384.jpg 1536w\" sizes=\"auto, (max-width: 1600px) 100vw, 1600px\" \/><\/figure>\n<\/div><\/section>\n\n\n\n<section class=\"wp-block-group wp-block-group-boxed wp-block-group-small-top-padding wp-block-group-small-bottom-padding\"><div class=\"wp-block-group-inner is-layout-flow wp-block-group-is-layout-flow\">\n<div class=\"wp-block-columns are-vertically-aligned-top wp-block-columns-1 is-layout-flex wp-container-core-columns-is-layout-9d6595d7 wp-block-columns-is-layout-flex\">\n<div class=\"wp-block-column is-layout-flow wp-block-column-is-layout-flow\">\n<p>Es ist NICHT erlaubt, eine Anlageberatung anzubieten, aber was ist eine Anlageberatung?<\/p>\n\n\n\n<p class=\"is-style-heading-2\">Was wird als Anlageberatung betrachtet?<\/p>\n\n\n\n<p>Unter Anlageberatung versteht man jede Empfehlung oder Anleitung, die darauf abzielt, einen Anleger hinsichtlich eines bestimmten Anlageproduktes oder einer Reihe von Anlageprodukten aufzukl\u00e4ren, zu informieren oder anzuleiten.<\/p>\n\n\n\n<p>Es ist nicht erlaubt, Besuchern weder implizit noch explizit zum Kauf eines Instruments zu raten oder eine bestimmte Investition zu empfehlen.&nbsp;<\/p>\n\n\n\n<p>Jedoch k\u00f6nnen Instrumentenanalysen oder Prognosen als Anlageforschung bereitgestellt werden und m\u00fcssen allgemein formuliert werden, auf \u00f6ffentlichen Informationen basieren und d\u00fcrfen sich nicht an eine bestimmte Person oder Personengruppe richten.<\/p>\n\n\n\n<p class=\"is-style-heading-2\">Risikowarnung<br><\/p>\n\n\n\n<p>Beim Verfassen einer Instrumentenanalyse oder -prognose muss der folgende Haftungsausschluss hinzugef\u00fcgt werden (zus\u00e4tzlich zu den Risikowarnungen, die Sie im Abschnitt \u201eRisikowarnungen\u201c der <a href=\"https:\/\/etoropartners.com\/de\/guidelines\/\">Richtlinien<\/a> finden):<\/p>\n\n\n\n<p>Diese Mitteilung dient ausschlie\u00dflich zu Informations- und Bildungszwecken und sollte nicht als Anlageberatung, pers\u00f6nliche Empfehlung oder als Angebot oder Aufforderung zum Kauf oder Verkauf von Finanzinstrumenten verstanden werden. <strong>Dieses Material wurde ohne Ber\u00fccksichtigung der Anlageziele oder der finanziellen Situation einer bestimmten Empf\u00e4ngerin bzw. eines bestimmten Empf\u00e4ngers erstellt und wurde nicht in \u00dcbereinstimmung mit den gesetzlichen und aufsichtsrechtlichen Anforderungen zur F\u00f6rderung unabh\u00e4ngiger Forschung erstellt.<\/strong> Jegliche Verweise auf die vergangene oder zuk\u00fcnftige Wertentwicklung eines Finanzinstruments, eines Index oder eines verpackten Anlageproduktes sind kein verl\u00e4sslicher Indikator f\u00fcr zuk\u00fcnftige Ergebnisse und sollten auch nicht als solcher angesehen werden. eToro gibt keine Zusicherung und \u00fcbernimmt keine Haftung f\u00fcr die Richtigkeit oder Vollst\u00e4ndigkeit des Inhalts dieser Ver\u00f6ffentlichung.<\/p>\n\n\n\n<p class=\"is-style-heading-2\">Bitte beachten Sie:<\/p>\n\n\n\n<p><strong>\u00a0<\/strong><strong>USA:<\/strong> In den USA d\u00fcrfen Sie nicht f\u00fcr eToro in Kursprognosen werben. Es ist erlaubt, f\u00fcr eToro in der Instrumentenanalyse zu werben, die keine Prognose enth\u00e4lt.&nbsp;<\/p>\n\n\n\n<p><strong>Norwegen und Schweiz:<\/strong> In Norwegen und der Schweiz ist es nicht erlaubt, ein spezifisches Instrument zu erw\u00e4hnen. eToro darf auch nicht in Artikeln beworben werden, in denen ein spezifischer Instrumentenname erw\u00e4hnt wird. Sie d\u00fcrfen Instrumentengruppen wie Aktien, CFDs oder Kryptow\u00e4hrungen erw\u00e4hnen, aber keine spezifischen Instrumente wie Tesla oder Apple.<\/p>\n\n\n\n<p>Im Zweifelsfall kontaktieren Sie bitte Ihren Affiliate-Manager oder <a href=\"mailto:lioraed@etoro.com\">Liora Edelstein<\/a> oder <a href=\"https:\/\/calendly.com\/lioraed\">vereinbaren Sie einen Termin<\/a>.<\/p>\n<\/div>\n<\/div>\n<\/div><\/section>\n","protected":false},"excerpt":{"rendered":"<p>Anlageberatung Es ist NICHT erlaubt, eine Anlageberatung anzubieten, aber was ist eine Anlageberatung? Was wird als Anlageberatung betrachtet? Unter Anlageberatung versteht man jede Empfehlung oder Anleitung, die darauf abzielt, einen Anleger hinsichtlich eines bestimmten Anlageproduktes oder einer Reihe von Anlageprodukten aufzukl\u00e4ren, zu informieren oder anzuleiten. Es ist nicht erlaubt, Besuchern weder implizit noch explizit zum [&hellip;]<\/p>\n","protected":false},"author":11,"featured_media":8201,"parent":0,"menu_order":0,"comment_status":"closed","ping_status":"closed","template":"","meta":{"_acf_changed":false,"sticky_cta_settings":"","footnotes":""},"class_list":["post-8754","page","type-page","status-publish","has-post-thumbnail","hentry"],"acf":[],"yoast_head":"<!-- This site is optimized with the Yoast SEO plugin v27.3 - https:\/\/yoast.com\/product\/yoast-seo-wordpress\/ -->\n<title>Anlageberatung<\/title>\n<meta name=\"description\" content=\"Es ist NICHT erlaubt, eine Anlageberatung anzubieten, aber was ist eine Anlageberatung?\" \/>\n<meta name=\"robots\" content=\"index, follow, max-snippet:-1, max-image-preview:large, max-video-preview:-1\" \/>\n<link rel=\"canonical\" href=\"https:\/\/etoropartners.com\/de\/anlageberatung\/\" \/>\n<meta property=\"og:locale\" content=\"de_DE\" \/>\n<meta property=\"og:type\" content=\"article\" \/>\n<meta property=\"og:title\" content=\"Anlageberatung\" \/>\n<meta property=\"og:description\" content=\"Es ist NICHT erlaubt, eine Anlageberatung anzubieten, aber was ist eine Anlageberatung?\" \/>\n<meta property=\"og:url\" content=\"https:\/\/etoropartners.com\/de\/anlageberatung\/\" \/>\n<meta property=\"og:site_name\" content=\"eToro Partners\" \/>\n<meta property=\"article:modified_time\" content=\"2024-08-22T10:04:46+00:00\" \/>\n<meta property=\"og:image\" content=\"https:\/\/etoropartners.com\/wp-content\/uploads\/2024\/05\/Featured_Investment-advice.png\" \/>\n\t<meta property=\"og:image:width\" content=\"1200\" \/>\n\t<meta property=\"og:image:height\" content=\"630\" \/>\n\t<meta property=\"og:image:type\" content=\"image\/png\" \/>\n<meta name=\"twitter:card\" content=\"summary_large_image\" \/>\n<meta name=\"twitter:label1\" content=\"Gesch\u00e4tzte Lesezeit\" \/>\n\t<meta name=\"twitter:data1\" content=\"2 Minuten\" \/>\n<script type=\"application\/ld+json\" class=\"yoast-schema-graph\">{\"@context\":\"https:\\\/\\\/schema.org\",\"@graph\":[{\"@type\":\"WebPage\",\"@id\":\"https:\\\/\\\/etoropartners.com\\\/de\\\/anlageberatung\\\/\",\"url\":\"https:\\\/\\\/etoropartners.com\\\/de\\\/anlageberatung\\\/\",\"name\":\"Anlageberatung\",\"isPartOf\":{\"@id\":\"https:\\\/\\\/etoropartners.com\\\/de\\\/#website\"},\"primaryImageOfPage\":{\"@id\":\"https:\\\/\\\/etoropartners.com\\\/de\\\/anlageberatung\\\/#primaryimage\"},\"image\":{\"@id\":\"https:\\\/\\\/etoropartners.com\\\/de\\\/anlageberatung\\\/#primaryimage\"},\"thumbnailUrl\":\"https:\\\/\\\/etoropartners.com\\\/wp-content\\\/uploads\\\/2024\\\/05\\\/Featured_Investment-advice.png\",\"datePublished\":\"2024-05-22T09:00:34+00:00\",\"dateModified\":\"2024-08-22T10:04:46+00:00\",\"description\":\"Es ist NICHT erlaubt, eine Anlageberatung anzubieten, aber was ist eine Anlageberatung?\",\"breadcrumb\":{\"@id\":\"https:\\\/\\\/etoropartners.com\\\/de\\\/anlageberatung\\\/#breadcrumb\"},\"inLanguage\":\"de-DE\",\"potentialAction\":[{\"@type\":\"ReadAction\",\"target\":[\"https:\\\/\\\/etoropartners.com\\\/de\\\/anlageberatung\\\/\"]}]},{\"@type\":\"ImageObject\",\"inLanguage\":\"de-DE\",\"@id\":\"https:\\\/\\\/etoropartners.com\\\/de\\\/anlageberatung\\\/#primaryimage\",\"url\":\"https:\\\/\\\/etoropartners.com\\\/wp-content\\\/uploads\\\/2024\\\/05\\\/Featured_Investment-advice.png\",\"contentUrl\":\"https:\\\/\\\/etoropartners.com\\\/wp-content\\\/uploads\\\/2024\\\/05\\\/Featured_Investment-advice.png\",\"width\":1200,\"height\":630},{\"@type\":\"BreadcrumbList\",\"@id\":\"https:\\\/\\\/etoropartners.com\\\/de\\\/anlageberatung\\\/#breadcrumb\",\"itemListElement\":[{\"@type\":\"ListItem\",\"position\":1,\"name\":\"Home\",\"item\":\"https:\\\/\\\/etoropartners.com\\\/de\\\/\"},{\"@type\":\"ListItem\",\"position\":2,\"name\":\"Anlageberatung\"}]},{\"@type\":\"WebSite\",\"@id\":\"https:\\\/\\\/etoropartners.com\\\/de\\\/#website\",\"url\":\"https:\\\/\\\/etoropartners.com\\\/de\\\/\",\"name\":\"eToro Partners\",\"description\":\"\",\"potentialAction\":[{\"@type\":\"SearchAction\",\"target\":{\"@type\":\"EntryPoint\",\"urlTemplate\":\"https:\\\/\\\/etoropartners.com\\\/de\\\/?s={search_term_string}\"},\"query-input\":{\"@type\":\"PropertyValueSpecification\",\"valueRequired\":true,\"valueName\":\"search_term_string\"}}],\"inLanguage\":\"de-DE\"}]}<\/script>\n<!-- \/ Yoast SEO plugin. -->","yoast_head_json":{"title":"Anlageberatung","description":"Es ist NICHT erlaubt, eine Anlageberatung anzubieten, aber was ist eine Anlageberatung?","robots":{"index":"index","follow":"follow","max-snippet":"max-snippet:-1","max-image-preview":"max-image-preview:large","max-video-preview":"max-video-preview:-1"},"canonical":"https:\/\/etoropartners.com\/de\/anlageberatung\/","og_locale":"de_DE","og_type":"article","og_title":"Anlageberatung","og_description":"Es ist NICHT erlaubt, eine Anlageberatung anzubieten, aber was ist eine Anlageberatung?","og_url":"https:\/\/etoropartners.com\/de\/anlageberatung\/","og_site_name":"eToro Partners","article_modified_time":"2024-08-22T10:04:46+00:00","og_image":[{"width":1200,"height":630,"url":"https:\/\/etoropartners.com\/wp-content\/uploads\/2024\/05\/Featured_Investment-advice.png","type":"image\/png"}],"twitter_card":"summary_large_image","twitter_misc":{"Gesch\u00e4tzte Lesezeit":"2 Minuten"},"schema":{"@context":"https:\/\/schema.org","@graph":[{"@type":"WebPage","@id":"https:\/\/etoropartners.com\/de\/anlageberatung\/","url":"https:\/\/etoropartners.com\/de\/anlageberatung\/","name":"Anlageberatung","isPartOf":{"@id":"https:\/\/etoropartners.com\/de\/#website"},"primaryImageOfPage":{"@id":"https:\/\/etoropartners.com\/de\/anlageberatung\/#primaryimage"},"image":{"@id":"https:\/\/etoropartners.com\/de\/anlageberatung\/#primaryimage"},"thumbnailUrl":"https:\/\/etoropartners.com\/wp-content\/uploads\/2024\/05\/Featured_Investment-advice.png","datePublished":"2024-05-22T09:00:34+00:00","dateModified":"2024-08-22T10:04:46+00:00","description":"Es ist NICHT erlaubt, eine Anlageberatung anzubieten, aber was ist eine Anlageberatung?","breadcrumb":{"@id":"https:\/\/etoropartners.com\/de\/anlageberatung\/#breadcrumb"},"inLanguage":"de-DE","potentialAction":[{"@type":"ReadAction","target":["https:\/\/etoropartners.com\/de\/anlageberatung\/"]}]},{"@type":"ImageObject","inLanguage":"de-DE","@id":"https:\/\/etoropartners.com\/de\/anlageberatung\/#primaryimage","url":"https:\/\/etoropartners.com\/wp-content\/uploads\/2024\/05\/Featured_Investment-advice.png","contentUrl":"https:\/\/etoropartners.com\/wp-content\/uploads\/2024\/05\/Featured_Investment-advice.png","width":1200,"height":630},{"@type":"BreadcrumbList","@id":"https:\/\/etoropartners.com\/de\/anlageberatung\/#breadcrumb","itemListElement":[{"@type":"ListItem","position":1,"name":"Home","item":"https:\/\/etoropartners.com\/de\/"},{"@type":"ListItem","position":2,"name":"Anlageberatung"}]},{"@type":"WebSite","@id":"https:\/\/etoropartners.com\/de\/#website","url":"https:\/\/etoropartners.com\/de\/","name":"eToro Partners","description":"","potentialAction":[{"@type":"SearchAction","target":{"@type":"EntryPoint","urlTemplate":"https:\/\/etoropartners.com\/de\/?s={search_term_string}"},"query-input":{"@type":"PropertyValueSpecification","valueRequired":true,"valueName":"search_term_string"}}],"inLanguage":"de-DE"}]}},"_links":{"self":[{"href":"https:\/\/etoropartners.com\/de\/wp-json\/wp\/v2\/pages\/8754","targetHints":{"allow":["GET"]}}],"collection":[{"href":"https:\/\/etoropartners.com\/de\/wp-json\/wp\/v2\/pages"}],"about":[{"href":"https:\/\/etoropartners.com\/de\/wp-json\/wp\/v2\/types\/page"}],"author":[{"embeddable":true,"href":"https:\/\/etoropartners.com\/de\/wp-json\/wp\/v2\/users\/11"}],"replies":[{"embeddable":true,"href":"https:\/\/etoropartners.com\/de\/wp-json\/wp\/v2\/comments?post=8754"}],"version-history":[{"count":0,"href":"https:\/\/etoropartners.com\/de\/wp-json\/wp\/v2\/pages\/8754\/revisions"}],"wp:featuredmedia":[{"embeddable":true,"href":"https:\/\/etoropartners.com\/de\/wp-json\/wp\/v2\/media\/8201"}],"wp:attachment":[{"href":"https:\/\/etoropartners.com\/de\/wp-json\/wp\/v2\/media?parent=8754"}],"curies":[{"name":"wp","href":"https:\/\/api.w.org\/{rel}","templated":true}]}}