{"id":8736,"date":"2024-05-22T09:50:03","date_gmt":"2024-05-22T07:50:03","guid":{"rendered":"https:\/\/etoropartners.com\/be-accurate\/"},"modified":"2024-08-26T10:41:09","modified_gmt":"2024-08-26T08:41:09","slug":"be-accurate","status":"publish","type":"page","link":"https:\/\/etoropartners.com\/de\/be-accurate\/","title":{"rendered":"How to be accurate, balanced, and not misleading"},"content":{"rendered":"\n<section class=\"wp-block-group wp-block-group-boxed wp-block-group-small-top-padding wp-block-group-small-bottom-padding\"><div class=\"wp-block-group-inner is-layout-flow wp-block-group-is-layout-flow\">\n<div class=\"wp-block-columns are-vertically-aligned-top wp-block-columns-1 is-layout-flex wp-container-core-columns-is-layout-9d6595d7 wp-block-columns-is-layout-flex\">\n<div class=\"wp-block-column wp-block-column-align-desktop-center wp-block-column-align-mobile-center is-layout-flow wp-block-column-is-layout-flow\">\n<h2 class=\"wp-block-heading has-text-align-center\">Wie man pr\u00e4zise, angemessen und nicht irref\u00fchrend vorgeht<\/h2>\n\n\n\n<figure class=\"wp-block-image size-full\"><img loading=\"lazy\" decoding=\"async\" width=\"1600\" height=\"400\" src=\"https:\/\/etoropartners.com\/wp-content\/uploads\/2024\/05\/Cover_be-accurate.jpg\" alt=\"\" class=\"wp-image-8091 wp-image-desktop\" srcset=\"https:\/\/etoropartners.com\/wp-content\/uploads\/2024\/05\/Cover_be-accurate.jpg 1600w, https:\/\/etoropartners.com\/wp-content\/uploads\/2024\/05\/Cover_be-accurate-300x75.jpg 300w, https:\/\/etoropartners.com\/wp-content\/uploads\/2024\/05\/Cover_be-accurate-1024x256.jpg 1024w, https:\/\/etoropartners.com\/wp-content\/uploads\/2024\/05\/Cover_be-accurate-768x192.jpg 768w, https:\/\/etoropartners.com\/wp-content\/uploads\/2024\/05\/Cover_be-accurate-1536x384.jpg 1536w\" sizes=\"auto, (max-width: 1600px) 100vw, 1600px\" \/><\/figure>\n<\/div>\n<\/div>\n<\/div><\/section>\n\n\n\n<section class=\"wp-block-group wp-block-group-boxed wp-block-group-small-top-padding wp-block-group-small-bottom-padding\"><div class=\"wp-block-group-inner is-layout-flow wp-block-group-is-layout-flow\">\n<div class=\"wp-block-columns are-vertically-aligned-top wp-block-columns-1 is-layout-flex wp-container-core-columns-is-layout-9d6595d7 wp-block-columns-is-layout-flex\">\n<div class=\"wp-block-column is-layout-flow wp-block-column-is-layout-flow\">\n<p>Eine der wichtigsten Compliance-Regeln besagt, dass Ihre Werbung pr\u00e4zise, angemessen und nicht irref\u00fchrend sein muss. Nachfolgend finden Sie einige Beispiele, die genau veranschaulichen, was dies bedeutet.<\/p>\n\n\n\n<p class=\"is-style-heading-2\">4\u00a0 Dinge, bei denen Sie pr\u00e4zise sein sollten:<\/p>\n\n\n\n<p>1. Geben Sie sich nicht als jemand anderes aus: Geben Sie nicht vor, eToro zu vertreten, und verwenden Sie eToro nicht in Ihrem Dom\u00e4nennamen.<\/p>\n\n\n\n<p>2. Stellen Sie eToro nicht als lokale Marke dar, wenn es das nicht ist. Beispiel: Ein Satz wie \u201eDer beste franz\u00f6sische Broker\u201c ist nicht konform. Obwohl eToro in Frankreich verf\u00fcgbar sein mag, ist es kein franz\u00f6sischer Broker. Vermeiden Sie es also, es als solchen zu beschreiben.<\/p>\n\n\n\n<p>3. Werben Sie nicht f\u00fcr nicht verf\u00fcgbare Instrumente, Werbeaktionen oder Zahlungsmethoden.<\/p>\n\n\n\n<p>4. Informieren Sie sich genau \u00fcber Zahlungsoptionen, Geb\u00fchren und den maximalen Hebel (abh\u00e4ngig vom Basiswert) und pr\u00fcfen Sie auf jeden Fall die Geb\u00fchrentabelle auf der eToro-Website, um die aktuellsten Informationen zu erhalten.<\/p>\n\n\n\n<p>Links zu allen Informationen, die Sie zum Verfassen pr\u00e4ziser Kampagnen ben\u00f6tigen, finden Sie im Abschnitt \u201e<a href=\"https:\/\/etoropartners.com\/de\/find-out-more\/\">Mehr Info<\/a>\u201c im eToro Partner-Hub.<br><\/p>\n<\/div>\n<\/div>\n<\/div><\/section>\n\n\n\n<section class=\"wp-block-group wp-block-group-boxed wp-block-group-small-top-padding wp-block-group-small-bottom-padding\"><div class=\"wp-block-group-inner is-layout-flow wp-block-group-is-layout-flow\">\n<div class=\"wp-block-columns are-vertically-aligned-top wp-block-columns-1 is-layout-flex wp-container-core-columns-is-layout-9d6595d7 wp-block-columns-is-layout-flex\">\n<div class=\"wp-block-column wp-block-column-align-desktop-center wp-block-column-align-mobile-center is-layout-flow wp-block-column-is-layout-flow\">\n<figure class=\"wp-block-embed is-type-rich is-provider-embed-handler wp-block-embed-embed-handler wp-embed-aspect-4-3 wp-has-aspect-ratio\"><div class=\"wp-block-embed__wrapper\">\n<div class=\"ec-video\"><iframe loading=\"lazy\" title=\"DE-Compliance training video 2 - 1:1 - Hot to be accurate, fair, not misleading\" width=\"500\" height=\"375\" src=\"https:\/\/www.youtube.com\/embed\/96DwnnUYrR0?feature=oembed\" frameborder=\"0\" allow=\"accelerometer; autoplay; clipboard-write; encrypted-media; gyroscope; picture-in-picture; web-share\" referrerpolicy=\"strict-origin-when-cross-origin\" allowfullscreen><\/iframe><\/div>\n<\/div><\/figure>\n<\/div>\n<\/div>\n<\/div><\/section>\n\n\n\n<section class=\"wp-block-group wp-block-group-boxed wp-block-group-small-top-padding wp-block-group-small-bottom-padding\"><div class=\"wp-block-group-inner is-layout-flow wp-block-group-is-layout-flow\">\n<div class=\"wp-block-columns are-vertically-aligned-top wp-block-columns-1 is-layout-flex wp-container-core-columns-is-layout-9d6595d7 wp-block-columns-is-layout-flex\">\n<div class=\"wp-block-column is-layout-flow wp-block-column-is-layout-flow\">\n<p class=\"is-style-heading-2\">Ihre Werbung sollte angemessen sein:<\/p>\n\n\n\n<p>1. Achten Sie darauf, dass Ihre Werbebotschaft angemessen ist: Wenn Sie m\u00f6gliche Gewinne erw\u00e4hnen, sollten Sie immer auch die damit verbundenen Risiken und m\u00f6glichen Verluste erw\u00e4hnen. Wenn Sie erw\u00e4hnen, dass Leverage zur Erh\u00f6hung der Gewinne eingesetzt werden kann, sollten Sie auch erw\u00e4hnen, dass damit auch potenzielle Verluste steigen k\u00f6nnen.&nbsp;<\/p>\n\n\n\n<p>2. Verwenden Sie bitte keine Bilder, die einen Nutzen wie Geld, Luxusautos usw. andeuten.<\/p>\n\n\n\n<p>3. Wenn Sie f\u00fcr Popular Investoren werben, bezeichnen Sie diese bitte nicht als \u201eprofessionelle Trader\u201c oder \u201edie besten Trader der Welt\u201c. Sie k\u00f6nnen genauere Beschreibungen verwenden, wie etwa \u201edie besten Trader auf eToro\u201c, \u201eerfahrene Trader\u201c oder \u201eTrader mit Top-Performance\u201c.<\/p>\n\n\n\n<p>4. Wenn Sie f\u00fcr CopyTrading werben, machen Sie bitte keine Aussagen wie \u201eSie brauchen keine Kenntnisse\u201c oder \u201eLehnen Sie sich zur\u00fcck und entspannen Sie sich, w\u00e4hrend andere die Arbeit f\u00fcr Sie erledigen.\u201c Denken Sie daran, dass CopyTrading immer noch Trading ist und immer noch Risiken und Verluste entstehen k\u00f6nnen.<\/p>\n\n\n\n<p>5. Bitte vermeiden Sie es, den Aktienmarkt als \u201eeinfach\u201c zu bezeichnen. Das Trading ist nicht einfach. Vermeiden Sie daher bitte S\u00e4tze wie \u201eDas Trading ist bei eToro einfach\u201c oder \u201eeToro ist f\u00fcr Anf\u00e4nger\u201c. Heben Sie stattdessen hervor, dass eToro benutzerfreundlich ist und eine intuitive Plattform bietet.<\/p>\n\n\n\n<p class=\"is-style-heading-2\"><br>Und zu guter Letzt: Nicht irref\u00fchrend<\/p>\n\n\n\n<p>Wenn etwas weder klar noch angemessen ist, kann es einen Kunden dazu verleiten, eine Kaufentscheidung zu treffen. Vermeiden Sie daher bitte S\u00e4tze wie:<\/p>\n\n\n\n<ul class=\"wp-block-list wp-block-list wp-block-list-circle\">\n<li>\u201eTrading war noch nie so einfach\u201c<\/li>\n\n\n\n<li>\u201eStarten Sie jetzt Ihre Karriere als Trader\u201c<\/li>\n\n\n\n<li>\u201eMit dem Trading k\u00f6nnen Sie sich ein zus\u00e4tzliches Einkommen verschaffen und Ihre Schulden schneller abbezahlen.\u201c<\/li>\n<\/ul>\n\n\n\n<p>Zusammenfassend l\u00e4sst sich sagen, dass die Einhaltung von Vorschriften eine Herausforderung sein kann. Wenden Sie sich im Zweifelsfall an Ihren Affiliate-Manager oder vereinbaren Sie \u00fcber Calendly ein pers\u00f6nliches Compliance-Meeting.<br><\/p>\n<\/div>\n<\/div>\n<\/div><\/section>\n","protected":false},"excerpt":{"rendered":"<p>Wie man pr\u00e4zise, angemessen und nicht irref\u00fchrend vorgeht Eine der wichtigsten Compliance-Regeln besagt, dass Ihre Werbung pr\u00e4zise, angemessen und nicht irref\u00fchrend sein muss. Nachfolgend finden Sie einige Beispiele, die genau veranschaulichen, was dies bedeutet. 4\u00a0 Dinge, bei denen Sie pr\u00e4zise sein sollten: 1. Geben Sie sich nicht als jemand anderes aus: Geben Sie nicht vor, [&hellip;]<\/p>\n","protected":false},"author":11,"featured_media":8084,"parent":0,"menu_order":0,"comment_status":"closed","ping_status":"closed","template":"","meta":{"_acf_changed":false,"sticky_cta_settings":"","footnotes":""},"class_list":["post-8736","page","type-page","status-publish","has-post-thumbnail","hentry"],"acf":[],"yoast_head":"<!-- This site is optimized with the Yoast SEO plugin v27.3 - https:\/\/yoast.com\/product\/yoast-seo-wordpress\/ -->\n<title>Wie man pr\u00e4zise, angemessen und nicht irref\u00fchrend vorgeht<\/title>\n<meta name=\"description\" content=\"Eine der wichtigsten Compliance-Regeln besagt, dass Ihre Werbung pr\u00e4zise, angemessen und nicht irref\u00fchrend sein muss. Nachfolgend finden Sie einige Beispiele.\" \/>\n<meta name=\"robots\" content=\"index, follow, max-snippet:-1, max-image-preview:large, max-video-preview:-1\" \/>\n<link rel=\"canonical\" href=\"https:\/\/etoropartners.com\/de\/be-accurate\/\" \/>\n<meta property=\"og:locale\" content=\"de_DE\" \/>\n<meta property=\"og:type\" content=\"article\" \/>\n<meta property=\"og:title\" content=\"Wie man pr\u00e4zise, angemessen und nicht irref\u00fchrend vorgeht\" \/>\n<meta property=\"og:description\" content=\"Eine der wichtigsten Compliance-Regeln besagt, dass Ihre Werbung pr\u00e4zise, angemessen und nicht irref\u00fchrend sein muss. Nachfolgend finden Sie einige Beispiele.\" \/>\n<meta property=\"og:url\" content=\"https:\/\/etoropartners.com\/de\/be-accurate\/\" \/>\n<meta property=\"og:site_name\" content=\"eToro Partners\" \/>\n<meta property=\"article:modified_time\" content=\"2024-08-26T08:41:09+00:00\" \/>\n<meta property=\"og:image\" content=\"https:\/\/etoropartners.com\/wp-content\/uploads\/2024\/05\/Featured_be-accurate.png\" \/>\n\t<meta property=\"og:image:width\" content=\"1200\" \/>\n\t<meta property=\"og:image:height\" content=\"630\" \/>\n\t<meta property=\"og:image:type\" content=\"image\/png\" \/>\n<meta name=\"twitter:card\" content=\"summary_large_image\" \/>\n<meta name=\"twitter:label1\" content=\"Gesch\u00e4tzte Lesezeit\" \/>\n\t<meta name=\"twitter:data1\" content=\"3 Minuten\" \/>\n<script type=\"application\/ld+json\" class=\"yoast-schema-graph\">{\"@context\":\"https:\\\/\\\/schema.org\",\"@graph\":[{\"@type\":\"WebPage\",\"@id\":\"https:\\\/\\\/etoropartners.com\\\/de\\\/be-accurate\\\/\",\"url\":\"https:\\\/\\\/etoropartners.com\\\/de\\\/be-accurate\\\/\",\"name\":\"Wie man pr\u00e4zise, angemessen und nicht irref\u00fchrend vorgeht\",\"isPartOf\":{\"@id\":\"https:\\\/\\\/etoropartners.com\\\/de\\\/#website\"},\"primaryImageOfPage\":{\"@id\":\"https:\\\/\\\/etoropartners.com\\\/de\\\/be-accurate\\\/#primaryimage\"},\"image\":{\"@id\":\"https:\\\/\\\/etoropartners.com\\\/de\\\/be-accurate\\\/#primaryimage\"},\"thumbnailUrl\":\"https:\\\/\\\/etoropartners.com\\\/wp-content\\\/uploads\\\/2024\\\/05\\\/Featured_be-accurate.png\",\"datePublished\":\"2024-05-22T07:50:03+00:00\",\"dateModified\":\"2024-08-26T08:41:09+00:00\",\"description\":\"Eine der wichtigsten Compliance-Regeln besagt, dass Ihre Werbung pr\u00e4zise, angemessen und nicht irref\u00fchrend sein muss. Nachfolgend finden Sie einige Beispiele.\",\"breadcrumb\":{\"@id\":\"https:\\\/\\\/etoropartners.com\\\/de\\\/be-accurate\\\/#breadcrumb\"},\"inLanguage\":\"de-DE\",\"potentialAction\":[{\"@type\":\"ReadAction\",\"target\":[\"https:\\\/\\\/etoropartners.com\\\/de\\\/be-accurate\\\/\"]}]},{\"@type\":\"ImageObject\",\"inLanguage\":\"de-DE\",\"@id\":\"https:\\\/\\\/etoropartners.com\\\/de\\\/be-accurate\\\/#primaryimage\",\"url\":\"https:\\\/\\\/etoropartners.com\\\/wp-content\\\/uploads\\\/2024\\\/05\\\/Featured_be-accurate.png\",\"contentUrl\":\"https:\\\/\\\/etoropartners.com\\\/wp-content\\\/uploads\\\/2024\\\/05\\\/Featured_be-accurate.png\",\"width\":1200,\"height\":630,\"caption\":\"Be accurate\"},{\"@type\":\"BreadcrumbList\",\"@id\":\"https:\\\/\\\/etoropartners.com\\\/de\\\/be-accurate\\\/#breadcrumb\",\"itemListElement\":[{\"@type\":\"ListItem\",\"position\":1,\"name\":\"Home\",\"item\":\"https:\\\/\\\/etoropartners.com\\\/de\\\/\"},{\"@type\":\"ListItem\",\"position\":2,\"name\":\"How to be accurate, balanced, and not misleading\"}]},{\"@type\":\"WebSite\",\"@id\":\"https:\\\/\\\/etoropartners.com\\\/de\\\/#website\",\"url\":\"https:\\\/\\\/etoropartners.com\\\/de\\\/\",\"name\":\"eToro Partners\",\"description\":\"\",\"potentialAction\":[{\"@type\":\"SearchAction\",\"target\":{\"@type\":\"EntryPoint\",\"urlTemplate\":\"https:\\\/\\\/etoropartners.com\\\/de\\\/?s={search_term_string}\"},\"query-input\":{\"@type\":\"PropertyValueSpecification\",\"valueRequired\":true,\"valueName\":\"search_term_string\"}}],\"inLanguage\":\"de-DE\"}]}<\/script>\n<!-- \/ Yoast SEO plugin. -->","yoast_head_json":{"title":"Wie man pr\u00e4zise, angemessen und nicht irref\u00fchrend vorgeht","description":"Eine der wichtigsten Compliance-Regeln besagt, dass Ihre Werbung pr\u00e4zise, angemessen und nicht irref\u00fchrend sein muss. Nachfolgend finden Sie einige Beispiele.","robots":{"index":"index","follow":"follow","max-snippet":"max-snippet:-1","max-image-preview":"max-image-preview:large","max-video-preview":"max-video-preview:-1"},"canonical":"https:\/\/etoropartners.com\/de\/be-accurate\/","og_locale":"de_DE","og_type":"article","og_title":"Wie man pr\u00e4zise, angemessen und nicht irref\u00fchrend vorgeht","og_description":"Eine der wichtigsten Compliance-Regeln besagt, dass Ihre Werbung pr\u00e4zise, angemessen und nicht irref\u00fchrend sein muss. Nachfolgend finden Sie einige Beispiele.","og_url":"https:\/\/etoropartners.com\/de\/be-accurate\/","og_site_name":"eToro Partners","article_modified_time":"2024-08-26T08:41:09+00:00","og_image":[{"width":1200,"height":630,"url":"https:\/\/etoropartners.com\/wp-content\/uploads\/2024\/05\/Featured_be-accurate.png","type":"image\/png"}],"twitter_card":"summary_large_image","twitter_misc":{"Gesch\u00e4tzte Lesezeit":"3 Minuten"},"schema":{"@context":"https:\/\/schema.org","@graph":[{"@type":"WebPage","@id":"https:\/\/etoropartners.com\/de\/be-accurate\/","url":"https:\/\/etoropartners.com\/de\/be-accurate\/","name":"Wie man pr\u00e4zise, angemessen und nicht irref\u00fchrend vorgeht","isPartOf":{"@id":"https:\/\/etoropartners.com\/de\/#website"},"primaryImageOfPage":{"@id":"https:\/\/etoropartners.com\/de\/be-accurate\/#primaryimage"},"image":{"@id":"https:\/\/etoropartners.com\/de\/be-accurate\/#primaryimage"},"thumbnailUrl":"https:\/\/etoropartners.com\/wp-content\/uploads\/2024\/05\/Featured_be-accurate.png","datePublished":"2024-05-22T07:50:03+00:00","dateModified":"2024-08-26T08:41:09+00:00","description":"Eine der wichtigsten Compliance-Regeln besagt, dass Ihre Werbung pr\u00e4zise, angemessen und nicht irref\u00fchrend sein muss. Nachfolgend finden Sie einige Beispiele.","breadcrumb":{"@id":"https:\/\/etoropartners.com\/de\/be-accurate\/#breadcrumb"},"inLanguage":"de-DE","potentialAction":[{"@type":"ReadAction","target":["https:\/\/etoropartners.com\/de\/be-accurate\/"]}]},{"@type":"ImageObject","inLanguage":"de-DE","@id":"https:\/\/etoropartners.com\/de\/be-accurate\/#primaryimage","url":"https:\/\/etoropartners.com\/wp-content\/uploads\/2024\/05\/Featured_be-accurate.png","contentUrl":"https:\/\/etoropartners.com\/wp-content\/uploads\/2024\/05\/Featured_be-accurate.png","width":1200,"height":630,"caption":"Be accurate"},{"@type":"BreadcrumbList","@id":"https:\/\/etoropartners.com\/de\/be-accurate\/#breadcrumb","itemListElement":[{"@type":"ListItem","position":1,"name":"Home","item":"https:\/\/etoropartners.com\/de\/"},{"@type":"ListItem","position":2,"name":"How to be accurate, balanced, and not misleading"}]},{"@type":"WebSite","@id":"https:\/\/etoropartners.com\/de\/#website","url":"https:\/\/etoropartners.com\/de\/","name":"eToro Partners","description":"","potentialAction":[{"@type":"SearchAction","target":{"@type":"EntryPoint","urlTemplate":"https:\/\/etoropartners.com\/de\/?s={search_term_string}"},"query-input":{"@type":"PropertyValueSpecification","valueRequired":true,"valueName":"search_term_string"}}],"inLanguage":"de-DE"}]}},"_links":{"self":[{"href":"https:\/\/etoropartners.com\/de\/wp-json\/wp\/v2\/pages\/8736","targetHints":{"allow":["GET"]}}],"collection":[{"href":"https:\/\/etoropartners.com\/de\/wp-json\/wp\/v2\/pages"}],"about":[{"href":"https:\/\/etoropartners.com\/de\/wp-json\/wp\/v2\/types\/page"}],"author":[{"embeddable":true,"href":"https:\/\/etoropartners.com\/de\/wp-json\/wp\/v2\/users\/11"}],"replies":[{"embeddable":true,"href":"https:\/\/etoropartners.com\/de\/wp-json\/wp\/v2\/comments?post=8736"}],"version-history":[{"count":0,"href":"https:\/\/etoropartners.com\/de\/wp-json\/wp\/v2\/pages\/8736\/revisions"}],"wp:featuredmedia":[{"embeddable":true,"href":"https:\/\/etoropartners.com\/de\/wp-json\/wp\/v2\/media\/8084"}],"wp:attachment":[{"href":"https:\/\/etoropartners.com\/de\/wp-json\/wp\/v2\/media?parent=8736"}],"curies":[{"name":"wp","href":"https:\/\/api.w.org\/{rel}","templated":true}]}}