{"id":8706,"date":"2024-05-22T10:18:48","date_gmt":"2024-05-22T08:18:48","guid":{"rendered":"https:\/\/etoropartners.com\/multi-regulated-platform\/"},"modified":"2024-08-21T15:06:13","modified_gmt":"2024-08-21T13:06:13","slug":"multi-regulated-platform","status":"publish","type":"page","link":"https:\/\/etoropartners.com\/de\/multi-regulated-platform\/","title":{"rendered":"Promoting a multi-regulated platform"},"content":{"rendered":"\n<section class=\"wp-block-group wp-block-group-boxed wp-block-group-small-top-padding wp-block-group-small-bottom-padding\"><div class=\"wp-block-group-inner is-layout-flow wp-block-group-is-layout-flow\">\n<div class=\"wp-block-columns are-vertically-aligned-top wp-block-columns-1 is-layout-flex wp-container-core-columns-is-layout-9d6595d7 wp-block-columns-is-layout-flex\">\n<div class=\"wp-block-column wp-block-column-align-desktop-center wp-block-column-align-mobile-center is-layout-flow wp-block-column-is-layout-flow\">\n<h2 class=\"wp-block-heading has-text-align-center\">Werbung f\u00fcr eine mehrfach regulierte Plattform<\/h2>\n\n\n\n<figure class=\"wp-block-image size-full\"><img loading=\"lazy\" decoding=\"async\" width=\"1600\" height=\"400\" src=\"https:\/\/etoropartners.com\/wp-content\/uploads\/2024\/05\/Cover_multi-regulated-platform-1.jpg\" alt=\"\" class=\"wp-image-8144 wp-image-desktop\" srcset=\"https:\/\/etoropartners.com\/wp-content\/uploads\/2024\/05\/Cover_multi-regulated-platform-1.jpg 1600w, https:\/\/etoropartners.com\/wp-content\/uploads\/2024\/05\/Cover_multi-regulated-platform-1-300x75.jpg 300w, https:\/\/etoropartners.com\/wp-content\/uploads\/2024\/05\/Cover_multi-regulated-platform-1-1024x256.jpg 1024w, https:\/\/etoropartners.com\/wp-content\/uploads\/2024\/05\/Cover_multi-regulated-platform-1-768x192.jpg 768w, https:\/\/etoropartners.com\/wp-content\/uploads\/2024\/05\/Cover_multi-regulated-platform-1-1536x384.jpg 1536w\" sizes=\"auto, (max-width: 1600px) 100vw, 1600px\" \/><\/figure>\n<\/div>\n<\/div>\n<\/div><\/section>\n\n\n\n<section class=\"wp-block-group wp-block-group-boxed wp-block-group-small-top-padding wp-block-group-small-bottom-padding\"><div class=\"wp-block-group-inner is-layout-flow wp-block-group-is-layout-flow\">\n<div class=\"wp-block-columns are-vertically-aligned-top wp-block-columns-1 is-layout-flex wp-container-core-columns-is-layout-9d6595d7 wp-block-columns-is-layout-flex\">\n<div class=\"wp-block-column is-layout-flow wp-block-column-is-layout-flow\">\n<p>Die Unternehmen der eToro-Gruppe werden von unterschiedlichen Beh\u00f6rden reguliert. Daher gelten f\u00fcr verschiedene L\u00e4nder unterschiedliche Anforderungen und Regeln, und nicht alle Verm\u00f6genswerte k\u00f6nnen in jedem Land beworben werden. Die Regulierung wird durch das Land Ihrer Zielgruppe bestimmt, aber auch durch die Sprache, die Sie auf Ihrer Website verwenden, die URL-Erweiterung und die Erw\u00e4hnung bestimmter L\u00e4nder oder l\u00e4nderbezogener Angaben wie lokaler W\u00e4hrungen.<br><\/p>\n<\/div>\n<\/div>\n<\/div><\/section>\n\n\n\n<section class=\"wp-block-group wp-block-group-boxed wp-block-group-small-top-padding wp-block-group-small-bottom-padding\"><div class=\"wp-block-group-inner is-layout-flow wp-block-group-is-layout-flow\">\n<div class=\"wp-block-columns are-vertically-aligned-top wp-block-columns-1 is-layout-flex wp-container-core-columns-is-layout-9d6595d7 wp-block-columns-is-layout-flex\">\n<div class=\"wp-block-column wp-block-column-align-desktop-center wp-block-column-align-mobile-center is-layout-flow wp-block-column-is-layout-flow\">\n<figure class=\"wp-block-embed is-type-rich is-provider-embed-handler wp-block-embed-embed-handler wp-embed-aspect-4-3 wp-has-aspect-ratio\"><div class=\"wp-block-embed__wrapper\">\n<div class=\"ec-video\"><iframe loading=\"lazy\" title=\"DE-Compliance training video 3 - 1:1 - How to promote a multiregulated platform\" width=\"500\" height=\"375\" src=\"https:\/\/www.youtube.com\/embed\/nZvf0DOp0zw?feature=oembed\" frameborder=\"0\" allow=\"accelerometer; autoplay; clipboard-write; encrypted-media; gyroscope; picture-in-picture; web-share\" referrerpolicy=\"strict-origin-when-cross-origin\" allowfullscreen><\/iframe><\/div>\n<\/div><\/figure>\n<\/div>\n<\/div>\n<\/div><\/section>\n\n\n\n<section class=\"wp-block-group wp-block-group-boxed wp-block-group-small-top-padding wp-block-group-small-bottom-padding\"><div class=\"wp-block-group-inner is-layout-flow wp-block-group-is-layout-flow\">\n<div class=\"wp-block-columns are-vertically-aligned-top wp-block-columns-1 is-layout-flex wp-container-core-columns-is-layout-9d6595d7 wp-block-columns-is-layout-flex\">\n<div class=\"wp-block-column is-layout-flow wp-block-column-is-layout-flow\">\n<p>Also &#8211; das Wichtigste zuerst &#8211; stellen Sie bitte sicher, dass Sie <strong>nicht in einem eingeschr\u00e4nkten Land f\u00fcr eToro werben<\/strong>, da Sie nicht nur keine CPA f\u00fcr diese L\u00e4nder verdienen werden, sondern die Werbung f\u00fcr eToro in einem eingeschr\u00e4nkten Land ein ernsthafter Versto\u00df ist, der zur Beendigung unserer Partnerschaft f\u00fchren kann. Bitte beachten Sie dies.<\/p>\n\n\n\n<p>Stellen Sie au\u00dferdem sicher, dass Sie <strong>f\u00fcr Verm\u00f6genswerte werben, die in dem Zielland beworben werden k\u00f6nnen<\/strong>. Beachten Sie, dass in einigen L\u00e4ndern Einschr\u00e4nkungen f\u00fcr die Bewerbung bestimmter Verm\u00f6genswerte gelten. Stellen Sie daher sicher, dass Sie sich dar\u00fcber im Klaren sind, welche Verm\u00f6genswerte Sie bewerben d\u00fcrfen und welche nicht. Konkrete Beispiele finden Sie in den Richtlinien.<br><br>In den USA k\u00f6nnen Sie beispielsweise f\u00fcr Kryptow\u00e4hrungen werben. Wenn Sie eine Sondergenehmigung haben, k\u00f6nnen Sie auch f\u00fcr Aktien, ETFs und Optionen werben. CFDs sind in den USA jedoch NICHT verf\u00fcgbar und daher sind Forex, Rohstoffe, Leerverk\u00e4ufe und Leverage nicht verf\u00fcgbar und k\u00f6nnen in den USA nicht beworben werden.<br><\/p>\n\n\n\n<p>Alle&nbsp; l\u00e4nder- und produktspezifischen Werbebeschr\u00e4nkungen finden Sie in unserem Abschnitt <a href=\"https:\/\/etoropartners.com\/de\/guidelines\/\">\u201eRichtlinien\u201c<\/a>. Bitte denken Sie daran, dass diese Richtlinien st\u00e4ndig aktualisiert werden.<\/p>\n\n\n\n<p>Es ist auch wichtig zu wissen, <strong>welches Unternehmen welches Produkt anbietet<\/strong>. In den USA bietet beispielsweise eToro USA LLC eine Plattform f\u00fcr US-Kunden zum Kaufen und Verkaufen von Kryptow\u00e4hrungen und wird von der FinCen reguliert; und eToro USA Securities Inc. ist ein von der FINRA regulierter Broker-Dealer, der den Handel mit Aktien, ETFs und Optionen erm\u00f6glicht. Bitte verwechseln Sie die beiden nicht.<\/p>\n\n\n\n<p>Die vollst\u00e4ndige Liste der Unternehmen, Produktangebote und Lizenzen finden Sie auf der Seite <a href=\"https:\/\/www.etoro.com\/de\/customer-service\/regulation-license\/\">\u201eRegulierung und Lizenz\u201c<\/a> von eToro.<\/p>\n\n\n\n<p>Als n\u00e4chstes: <strong>Achten Sie auf die Risikowarnungen<\/strong>. Die Risikohinweise, die Sie verwenden m\u00fcssen, richten sich nach den L\u00e4ndern, in denen Sie f\u00fcr eToro werben, sowie nach den Verm\u00f6genswerten, f\u00fcr die Sie werben. Sehen Sie sich unser Tutorial zu Risikohinweisen im Abschnitt <a href=\"https:\/\/etoropartners.com\/de\/guidelines\/\">\u201eRichtlinien\u201c<\/a> an, um zu erfahren, welche Risikohinweise Sie wann verwenden sollten.<\/p>\n\n\n\n<p>Wenn Sie f\u00fcr mehrere Verm\u00f6genswerte werben, verwenden Sie bitte alle zutreffenden Risikohinweise.&nbsp;<\/p>\n\n\n\n<p>Manchmal gelten mehrere Vorschriften. Wenn Sie beispielsweise auf Spanisch oder Englisch werben, kann Ihre Zielgruppe aus verschiedenen L\u00e4ndern stammen. In diesen F\u00e4llen m\u00fcssen Sie die Regeln aller relevanten Regulierungsbeh\u00f6rden einhalten.<\/p>\n<\/div>\n<\/div>\n<\/div><\/section>\n","protected":false},"excerpt":{"rendered":"<p>Werbung f\u00fcr eine mehrfach regulierte Plattform Die Unternehmen der eToro-Gruppe werden von unterschiedlichen Beh\u00f6rden reguliert. Daher gelten f\u00fcr verschiedene L\u00e4nder unterschiedliche Anforderungen und Regeln, und nicht alle Verm\u00f6genswerte k\u00f6nnen in jedem Land beworben werden. Die Regulierung wird durch das Land Ihrer Zielgruppe bestimmt, aber auch durch die Sprache, die Sie auf Ihrer Website verwenden, die [&hellip;]<\/p>\n","protected":false},"author":11,"featured_media":8122,"parent":0,"menu_order":0,"comment_status":"closed","ping_status":"closed","template":"","meta":{"_acf_changed":false,"sticky_cta_settings":"","footnotes":""},"class_list":["post-8706","page","type-page","status-publish","has-post-thumbnail","hentry"],"acf":[],"yoast_head":"<!-- This site is optimized with the Yoast SEO plugin v27.3 - https:\/\/yoast.com\/product\/yoast-seo-wordpress\/ -->\n<title>Werbung f\u00fcr eine mehrfach regulierte Plattform<\/title>\n<meta name=\"description\" content=\"Die Unternehmen der eToro-Gruppe werden von unterschiedlichen Beh\u00f6rden reguliert. Daher gelten f\u00fcr verschiedene L\u00e4nder unterschiedliche Anforderungen und Regeln.\" \/>\n<meta name=\"robots\" content=\"index, follow, max-snippet:-1, max-image-preview:large, max-video-preview:-1\" \/>\n<link rel=\"canonical\" href=\"https:\/\/etoropartners.com\/de\/multi-regulated-platform\/\" \/>\n<meta property=\"og:locale\" content=\"de_DE\" \/>\n<meta property=\"og:type\" content=\"article\" \/>\n<meta property=\"og:title\" content=\"Werbung f\u00fcr eine mehrfach regulierte Plattform\" \/>\n<meta property=\"og:description\" content=\"Die Unternehmen der eToro-Gruppe werden von unterschiedlichen Beh\u00f6rden reguliert. Daher gelten f\u00fcr verschiedene L\u00e4nder unterschiedliche Anforderungen und Regeln.\" \/>\n<meta property=\"og:url\" content=\"https:\/\/etoropartners.com\/de\/multi-regulated-platform\/\" \/>\n<meta property=\"og:site_name\" content=\"eToro Partners\" \/>\n<meta property=\"article:modified_time\" content=\"2024-08-21T13:06:13+00:00\" \/>\n<meta property=\"og:image\" content=\"https:\/\/etoropartners.com\/wp-content\/uploads\/2024\/05\/Featured_multi-regulated-platform.png\" \/>\n\t<meta property=\"og:image:width\" content=\"1200\" \/>\n\t<meta property=\"og:image:height\" content=\"630\" \/>\n\t<meta property=\"og:image:type\" content=\"image\/png\" \/>\n<meta name=\"twitter:card\" content=\"summary_large_image\" \/>\n<meta name=\"twitter:label1\" content=\"Gesch\u00e4tzte Lesezeit\" \/>\n\t<meta name=\"twitter:data1\" content=\"3 Minuten\" \/>\n<script type=\"application\/ld+json\" class=\"yoast-schema-graph\">{\"@context\":\"https:\\\/\\\/schema.org\",\"@graph\":[{\"@type\":\"WebPage\",\"@id\":\"https:\\\/\\\/etoropartners.com\\\/de\\\/multi-regulated-platform\\\/\",\"url\":\"https:\\\/\\\/etoropartners.com\\\/de\\\/multi-regulated-platform\\\/\",\"name\":\"Werbung f\u00fcr eine mehrfach regulierte Plattform\",\"isPartOf\":{\"@id\":\"https:\\\/\\\/etoropartners.com\\\/de\\\/#website\"},\"primaryImageOfPage\":{\"@id\":\"https:\\\/\\\/etoropartners.com\\\/de\\\/multi-regulated-platform\\\/#primaryimage\"},\"image\":{\"@id\":\"https:\\\/\\\/etoropartners.com\\\/de\\\/multi-regulated-platform\\\/#primaryimage\"},\"thumbnailUrl\":\"https:\\\/\\\/etoropartners.com\\\/wp-content\\\/uploads\\\/2024\\\/05\\\/Featured_multi-regulated-platform.png\",\"datePublished\":\"2024-05-22T08:18:48+00:00\",\"dateModified\":\"2024-08-21T13:06:13+00:00\",\"description\":\"Die Unternehmen der eToro-Gruppe werden von unterschiedlichen Beh\u00f6rden reguliert. Daher gelten f\u00fcr verschiedene L\u00e4nder unterschiedliche Anforderungen und Regeln.\",\"breadcrumb\":{\"@id\":\"https:\\\/\\\/etoropartners.com\\\/de\\\/multi-regulated-platform\\\/#breadcrumb\"},\"inLanguage\":\"de-DE\",\"potentialAction\":[{\"@type\":\"ReadAction\",\"target\":[\"https:\\\/\\\/etoropartners.com\\\/de\\\/multi-regulated-platform\\\/\"]}]},{\"@type\":\"ImageObject\",\"inLanguage\":\"de-DE\",\"@id\":\"https:\\\/\\\/etoropartners.com\\\/de\\\/multi-regulated-platform\\\/#primaryimage\",\"url\":\"https:\\\/\\\/etoropartners.com\\\/wp-content\\\/uploads\\\/2024\\\/05\\\/Featured_multi-regulated-platform.png\",\"contentUrl\":\"https:\\\/\\\/etoropartners.com\\\/wp-content\\\/uploads\\\/2024\\\/05\\\/Featured_multi-regulated-platform.png\",\"width\":1200,\"height\":630},{\"@type\":\"BreadcrumbList\",\"@id\":\"https:\\\/\\\/etoropartners.com\\\/de\\\/multi-regulated-platform\\\/#breadcrumb\",\"itemListElement\":[{\"@type\":\"ListItem\",\"position\":1,\"name\":\"Home\",\"item\":\"https:\\\/\\\/etoropartners.com\\\/de\\\/\"},{\"@type\":\"ListItem\",\"position\":2,\"name\":\"Promoting a multi-regulated platform\"}]},{\"@type\":\"WebSite\",\"@id\":\"https:\\\/\\\/etoropartners.com\\\/de\\\/#website\",\"url\":\"https:\\\/\\\/etoropartners.com\\\/de\\\/\",\"name\":\"eToro Partners\",\"description\":\"\",\"potentialAction\":[{\"@type\":\"SearchAction\",\"target\":{\"@type\":\"EntryPoint\",\"urlTemplate\":\"https:\\\/\\\/etoropartners.com\\\/de\\\/?s={search_term_string}\"},\"query-input\":{\"@type\":\"PropertyValueSpecification\",\"valueRequired\":true,\"valueName\":\"search_term_string\"}}],\"inLanguage\":\"de-DE\"}]}<\/script>\n<!-- \/ Yoast SEO plugin. -->","yoast_head_json":{"title":"Werbung f\u00fcr eine mehrfach regulierte Plattform","description":"Die Unternehmen der eToro-Gruppe werden von unterschiedlichen Beh\u00f6rden reguliert. Daher gelten f\u00fcr verschiedene L\u00e4nder unterschiedliche Anforderungen und Regeln.","robots":{"index":"index","follow":"follow","max-snippet":"max-snippet:-1","max-image-preview":"max-image-preview:large","max-video-preview":"max-video-preview:-1"},"canonical":"https:\/\/etoropartners.com\/de\/multi-regulated-platform\/","og_locale":"de_DE","og_type":"article","og_title":"Werbung f\u00fcr eine mehrfach regulierte Plattform","og_description":"Die Unternehmen der eToro-Gruppe werden von unterschiedlichen Beh\u00f6rden reguliert. Daher gelten f\u00fcr verschiedene L\u00e4nder unterschiedliche Anforderungen und Regeln.","og_url":"https:\/\/etoropartners.com\/de\/multi-regulated-platform\/","og_site_name":"eToro Partners","article_modified_time":"2024-08-21T13:06:13+00:00","og_image":[{"width":1200,"height":630,"url":"https:\/\/etoropartners.com\/wp-content\/uploads\/2024\/05\/Featured_multi-regulated-platform.png","type":"image\/png"}],"twitter_card":"summary_large_image","twitter_misc":{"Gesch\u00e4tzte Lesezeit":"3 Minuten"},"schema":{"@context":"https:\/\/schema.org","@graph":[{"@type":"WebPage","@id":"https:\/\/etoropartners.com\/de\/multi-regulated-platform\/","url":"https:\/\/etoropartners.com\/de\/multi-regulated-platform\/","name":"Werbung f\u00fcr eine mehrfach regulierte Plattform","isPartOf":{"@id":"https:\/\/etoropartners.com\/de\/#website"},"primaryImageOfPage":{"@id":"https:\/\/etoropartners.com\/de\/multi-regulated-platform\/#primaryimage"},"image":{"@id":"https:\/\/etoropartners.com\/de\/multi-regulated-platform\/#primaryimage"},"thumbnailUrl":"https:\/\/etoropartners.com\/wp-content\/uploads\/2024\/05\/Featured_multi-regulated-platform.png","datePublished":"2024-05-22T08:18:48+00:00","dateModified":"2024-08-21T13:06:13+00:00","description":"Die Unternehmen der eToro-Gruppe werden von unterschiedlichen Beh\u00f6rden reguliert. Daher gelten f\u00fcr verschiedene L\u00e4nder unterschiedliche Anforderungen und Regeln.","breadcrumb":{"@id":"https:\/\/etoropartners.com\/de\/multi-regulated-platform\/#breadcrumb"},"inLanguage":"de-DE","potentialAction":[{"@type":"ReadAction","target":["https:\/\/etoropartners.com\/de\/multi-regulated-platform\/"]}]},{"@type":"ImageObject","inLanguage":"de-DE","@id":"https:\/\/etoropartners.com\/de\/multi-regulated-platform\/#primaryimage","url":"https:\/\/etoropartners.com\/wp-content\/uploads\/2024\/05\/Featured_multi-regulated-platform.png","contentUrl":"https:\/\/etoropartners.com\/wp-content\/uploads\/2024\/05\/Featured_multi-regulated-platform.png","width":1200,"height":630},{"@type":"BreadcrumbList","@id":"https:\/\/etoropartners.com\/de\/multi-regulated-platform\/#breadcrumb","itemListElement":[{"@type":"ListItem","position":1,"name":"Home","item":"https:\/\/etoropartners.com\/de\/"},{"@type":"ListItem","position":2,"name":"Promoting a multi-regulated platform"}]},{"@type":"WebSite","@id":"https:\/\/etoropartners.com\/de\/#website","url":"https:\/\/etoropartners.com\/de\/","name":"eToro Partners","description":"","potentialAction":[{"@type":"SearchAction","target":{"@type":"EntryPoint","urlTemplate":"https:\/\/etoropartners.com\/de\/?s={search_term_string}"},"query-input":{"@type":"PropertyValueSpecification","valueRequired":true,"valueName":"search_term_string"}}],"inLanguage":"de-DE"}]}},"_links":{"self":[{"href":"https:\/\/etoropartners.com\/de\/wp-json\/wp\/v2\/pages\/8706","targetHints":{"allow":["GET"]}}],"collection":[{"href":"https:\/\/etoropartners.com\/de\/wp-json\/wp\/v2\/pages"}],"about":[{"href":"https:\/\/etoropartners.com\/de\/wp-json\/wp\/v2\/types\/page"}],"author":[{"embeddable":true,"href":"https:\/\/etoropartners.com\/de\/wp-json\/wp\/v2\/users\/11"}],"replies":[{"embeddable":true,"href":"https:\/\/etoropartners.com\/de\/wp-json\/wp\/v2\/comments?post=8706"}],"version-history":[{"count":0,"href":"https:\/\/etoropartners.com\/de\/wp-json\/wp\/v2\/pages\/8706\/revisions"}],"wp:featuredmedia":[{"embeddable":true,"href":"https:\/\/etoropartners.com\/de\/wp-json\/wp\/v2\/media\/8122"}],"wp:attachment":[{"href":"https:\/\/etoropartners.com\/de\/wp-json\/wp\/v2\/media?parent=8706"}],"curies":[{"name":"wp","href":"https:\/\/api.w.org\/{rel}","templated":true}]}}