{"id":8674,"date":"2024-05-22T08:47:21","date_gmt":"2024-05-22T06:47:21","guid":{"rendered":"https:\/\/etoropartners.com\/8-most-important-things\/"},"modified":"2024-08-20T12:07:54","modified_gmt":"2024-08-20T10:07:54","slug":"8-most-important-things","status":"publish","type":"page","link":"https:\/\/etoropartners.com\/de\/8-most-important-things\/","title":{"rendered":"8 most important things to consider when creating a compliant campaign"},"content":{"rendered":"\n<section class=\"wp-block-group wp-block-group-boxed wp-block-group-small-top-padding wp-block-group-small-bottom-padding\"><div class=\"wp-block-group-inner is-layout-flow wp-block-group-is-layout-flow\">\n<div class=\"wp-block-columns are-vertically-aligned-top wp-block-columns-1 is-layout-flex wp-container-core-columns-is-layout-9d6595d7 wp-block-columns-is-layout-flex\">\n<div class=\"wp-block-column wp-block-column-align-desktop-center wp-block-column-align-mobile-center is-layout-flow wp-block-column-is-layout-flow\">\n<h2 class=\"wp-block-heading has-text-align-center\"><strong>Die 8 wichtigsten Punkte, die bei der Erstellung einer konformen Kampagne zu beachten sind<\/strong><\/h2>\n\n\n\n<figure class=\"wp-block-image size-full\"><img loading=\"lazy\" decoding=\"async\" width=\"1600\" height=\"400\" src=\"https:\/\/etoropartners.com\/wp-content\/uploads\/2024\/05\/Cover_8-most-important-things.jpg\" alt=\"8 most important things to consider when creating a compliant campaign\" class=\"wp-image-8016 wp-image-desktop\" srcset=\"https:\/\/etoropartners.com\/wp-content\/uploads\/2024\/05\/Cover_8-most-important-things.jpg 1600w, https:\/\/etoropartners.com\/wp-content\/uploads\/2024\/05\/Cover_8-most-important-things-300x75.jpg 300w, https:\/\/etoropartners.com\/wp-content\/uploads\/2024\/05\/Cover_8-most-important-things-1024x256.jpg 1024w, https:\/\/etoropartners.com\/wp-content\/uploads\/2024\/05\/Cover_8-most-important-things-768x192.jpg 768w, https:\/\/etoropartners.com\/wp-content\/uploads\/2024\/05\/Cover_8-most-important-things-1536x384.jpg 1536w\" sizes=\"auto, (max-width: 1600px) 100vw, 1600px\" \/><\/figure>\n<\/div>\n<\/div>\n<\/div><\/section>\n\n\n\n<section class=\"wp-block-group wp-block-group-boxed wp-block-group-small-top-padding wp-block-group-small-bottom-padding\"><div class=\"wp-block-group-inner is-layout-flow wp-block-group-is-layout-flow\">\n<div class=\"wp-block-columns are-vertically-aligned-top wp-block-columns-1 is-layout-flex wp-container-core-columns-is-layout-9d6595d7 wp-block-columns-is-layout-flex\">\n<div class=\"wp-block-column is-layout-flow wp-block-column-is-layout-flow\">\n<p class=\"has-text-align-left\">eToro ist eine renommierte Marke, die Tradern und Investoren aus der ganzen Welt eine sichere und regulierte Handelsumgebung bietet. Es ist daher von gr\u00f6\u00dfter Wichtigkeit, dass Sie eine Kampagne erstellen, die mit den regulatorischen Anforderungen und den Richtlinien der Gerichtsbarkeit, in der Sie f\u00fcr eToro werben, \u00fcbereinstimmt.<\/p>\n\n\n\n<p>Befolgen Sie die <a href=\"https:\/\/etoropartners.com\/de\/guidelines\/\">Affiliate-Richtlinien<\/a> und die untenstehenden Regeln und Sie sind auf dem richtigen Weg, eine konforme Partnerschaft aufzubauen. Bitte beachten Sie, dass wir Partner sanktionieren, die eToro auf eine nicht-konforme Weise bewerben. Im Falle von <strong>Compliance-Verst\u00f6\u00dfen <\/strong>oder mangelnder Kooperation werden wir Ihr Konto deaktivieren, <strong>Ihre Zahlungen stornieren und die Partnerschaft beenden<\/strong>.<\/p>\n\n\n\n<p>Bitte denken Sie daran, Ihre Kampagnen regelm\u00e4\u00dfig zu \u00fcberpr\u00fcfen. Wir arbeiten im schnellen Tempo und passen uns an Vorschriften und Marktver\u00e4nderungen an und werden bei Bedarf Korrekturen und\/oder \u00c4nderungen verlangen.\u00a0<\/p>\n<\/div>\n<\/div>\n<\/div><\/section>\n\n\n\n<section class=\"wp-block-group wp-block-group-boxed wp-block-group-small-top-padding wp-block-group-small-bottom-padding\"><div class=\"wp-block-group-inner is-layout-flow wp-block-group-is-layout-flow\">\n<div class=\"wp-block-columns are-vertically-aligned-top wp-block-columns-1 is-layout-flex wp-container-core-columns-is-layout-9d6595d7 wp-block-columns-is-layout-flex\">\n<div class=\"wp-block-column wp-block-column-align-desktop-center wp-block-column-align-mobile-center is-layout-flow wp-block-column-is-layout-flow\">\n<figure class=\"wp-block-embed is-type-rich is-provider-embed-handler wp-block-embed-embed-handler wp-embed-aspect-16-9 wp-has-aspect-ratio\"><div class=\"wp-block-embed__wrapper\">\n<div class=\"ec-video\"><iframe loading=\"lazy\" title=\"DE-Compliance Training Video 1 - 8 most important things\" width=\"500\" height=\"281\" src=\"https:\/\/www.youtube.com\/embed\/T5uxcCfodmE?feature=oembed\" frameborder=\"0\" allow=\"accelerometer; autoplay; clipboard-write; encrypted-media; gyroscope; picture-in-picture; web-share\" referrerpolicy=\"strict-origin-when-cross-origin\" allowfullscreen><\/iframe><\/div>\n<\/div><\/figure>\n<\/div>\n<\/div>\n<\/div><\/section>\n\n\n\n<section class=\"wp-block-group wp-block-group-boxed wp-block-group-small-top-padding wp-block-group-small-bottom-padding\"><div class=\"wp-block-group-inner is-layout-flow wp-block-group-is-layout-flow\">\n<div class=\"wp-block-columns are-vertically-aligned-top wp-block-columns-1 is-layout-flex wp-container-core-columns-is-layout-9d6595d7 wp-block-columns-is-layout-flex\">\n<div class=\"wp-block-column is-layout-flow wp-block-column-is-layout-flow\">\n<p class=\"is-style-heading-2\"><strong>Geben Sie Ihre URLs an<\/strong><\/p>\n\n\n\n<p>Stellen Sie sicher, dass Sie f\u00fcr eToro NUR auf Websites werben, die Sie eToro angegeben haben. Wenn Sie f\u00fcr eToro \u00fcber einen neuen Kanal oder eine neue Website werben m\u00f6chten, m\u00fcssen Sie dies zuerst zur Genehmigung an Ihren Affiliate-Manager senden. Wir m\u00fcssen wissen, wie und wo eToro beworben wird.<\/p>\n\n\n\n<p class=\"is-style-heading-2\"><strong>Pr\u00e4zise, angemessen und nicht irref\u00fchrend<\/strong><\/p>\n\n\n\n<p>Seien Sie pr\u00e4zise, angemessen und nicht irref\u00fchrend. Vergewissern Sie sich, dass alle Informationen korrekt und auf dem neuesten Stand sind. Denken Sie immer daran, die Risiken zu erw\u00e4hnen. Stellen Sie das Investieren nicht als einfach dar und machen Sie keine falschen Versprechungen oder irref\u00fchrenden Aussagen. Verwenden Sie eToro nicht in Ihrem Domainnamen und geben Sie nicht an, dass Sie eToro vertreten oder f\u00fcr eToro arbeiten.<\/p>\n\n\n\n<p class=\"is-style-heading-2\"><strong>L\u00e4nderspezifische Werbebeschr\u00e4nkungen<\/strong><\/p>\n\n\n\n<p>Machen Sie keine Werbung f\u00fcr eToro in <a href=\"https:\/\/etoropartners.com\/de\/guidelines\/\">eingeschr\u00e4nkten L\u00e4ndern<\/a>. Denken Sie daran, dass wir f\u00fcr diese Werbung nicht bezahlen. Sie k\u00f6nnen die Liste der eingeschr\u00e4nkten L\u00e4nder in den Richtlinien finden. Achten Sie darauf, dass Sie das Land nicht in der URL oder der L\u00e4ndererweiterung, Sprache oder Erw\u00e4hnung des Landes auf der Seite verwenden.<\/p>\n\n\n\n<p class=\"is-style-heading-2\"><strong>Produktspezifische Werbebeschr\u00e4nkungen<\/strong><\/p>\n\n\n\n<p>Achten Sie auf die <a href=\"https:\/\/etoropartners.com\/de\/guidelines\/\">produktspezifischen Werbebeschr\u00e4nkungen<\/a>: Bestimmte Arten von Verm\u00f6genswerten k\u00f6nnen Sie in bestimmten L\u00e4ndern nicht werben. Wenn Sie weltweit werben, stellen Sie sicher, dass Sie erw\u00e4hnen, was wo verf\u00fcgbar ist bzw. was nicht; zum Beispiel: \u201eTraden Sie Kryptow\u00e4hrungen, Aktien, Rohstoffe und Devisen bei eToro (Rohstoffe und Devisen sind in den USA nicht verf\u00fcgbar)\u201c. Die Vorschriften k\u00f6nnen sich \u00e4ndern, also stellen Sie sicher, dass Sie Einschr\u00e4nkungen ber\u00fccksichtigen.<\/p>\n\n\n\n<p class=\"is-style-heading-2\"><strong>Keine Anlageberatung<\/strong><\/p>\n\n\n\n<p>Erw\u00e4hnen Sie eToro nicht in Inhalten, die Anlageberatung anbieten.<\/p>\n\n\n\n<p class=\"is-style-heading-2\"><strong>Risikowarnungen<\/strong><\/p>\n\n\n\n<p>Achten Sie immer darauf, die richtige <a href=\"https:\/\/etoropartners.com\/de\/guidelines\/\">Risikowarnung <\/a>an der richtigen Stelle und in derselben Gr\u00f6\u00dfe wie den \u00fcbrigen Text einzuf\u00fcgen. Sie k\u00f6nnen die Risikowarnungen im Abschnitt Richtlinien finden. Die Haftungsausschl\u00fcsse m\u00fcssen in der N\u00e4he jedes Links stehen, der zu eToro weiterleitet, sowie in Bewertungen und Artikeln, in Videos und deren Beschreibungen.<\/p>\n\n\n\n<p class=\"is-style-heading-2\"><strong>Erzeugen Sie kein Gef\u00fchl der Dringlichkeit<\/strong><\/p>\n\n\n\n<p>Vermitteln Sie nicht den Eindruck, dass es dringend notwendig ist, bestimmte Instrumente zu kaufen.<\/p>\n\n\n\n<p class=\"is-style-heading-2\"><strong>Keine Offenlegung von KYC-bezogenen Informationen, kein Betrug\u00a0<\/strong><\/p>\n\n\n\n<p>Geben Sie keine vertraulichen Informationen preis und helfen Sie Tradern nicht dabei, eToro zu betr\u00fcgen. Beraten Sie Trader nicht bei der Beantwortung der KYC-Anfragen und bieten Sie ihnen keine Anreize, auf der Plattform zu handeln.<\/p>\n<\/div>\n<\/div>\n<\/div><\/section>\n","protected":false},"excerpt":{"rendered":"<p>Die 8 wichtigsten Punkte, die bei der Erstellung einer konformen Kampagne zu beachten sind eToro ist eine renommierte Marke, die Tradern und Investoren aus der ganzen Welt eine sichere und regulierte Handelsumgebung bietet. Es ist daher von gr\u00f6\u00dfter Wichtigkeit, dass Sie eine Kampagne erstellen, die mit den regulatorischen Anforderungen und den Richtlinien der Gerichtsbarkeit, in [&hellip;]<\/p>\n","protected":false},"author":11,"featured_media":8069,"parent":0,"menu_order":0,"comment_status":"closed","ping_status":"closed","template":"","meta":{"_acf_changed":false,"sticky_cta_settings":"","footnotes":""},"class_list":["post-8674","page","type-page","status-publish","has-post-thumbnail","hentry"],"acf":[],"yoast_head":"<!-- This site is optimized with the Yoast SEO plugin v27.3 - https:\/\/yoast.com\/product\/yoast-seo-wordpress\/ -->\n<title>Die 8 wichtigsten Punkte f\u00fcr eine konforme Kampagne<\/title>\n<meta name=\"description\" content=\"eToro ist eine renommierte Marke, die Tradern und Investoren aus der ganzen Welt eine sichere und regulierte Handelsumgebung bietet. Es ist daher von gr\u00f6\u00dfter Wichtigkeit, dass Sie eine Kampagne erstellen, die mit den regulatorischen Anforderungen \u00fcbereinstimmt.\" \/>\n<meta name=\"robots\" content=\"index, follow, max-snippet:-1, max-image-preview:large, max-video-preview:-1\" \/>\n<link rel=\"canonical\" href=\"https:\/\/etoropartners.com\/de\/8-most-important-things\/\" \/>\n<meta property=\"og:locale\" content=\"de_DE\" \/>\n<meta property=\"og:type\" content=\"article\" \/>\n<meta property=\"og:title\" content=\"Die 8 wichtigsten Punkte f\u00fcr eine konforme Kampagne\" \/>\n<meta property=\"og:description\" content=\"eToro ist eine renommierte Marke, die Tradern und Investoren aus der ganzen Welt eine sichere und regulierte Handelsumgebung bietet. Es ist daher von gr\u00f6\u00dfter Wichtigkeit, dass Sie eine Kampagne erstellen, die mit den regulatorischen Anforderungen \u00fcbereinstimmt.\" \/>\n<meta property=\"og:url\" content=\"https:\/\/etoropartners.com\/de\/8-most-important-things\/\" \/>\n<meta property=\"og:site_name\" content=\"eToro Partners\" \/>\n<meta property=\"article:modified_time\" content=\"2024-08-20T10:07:54+00:00\" \/>\n<meta property=\"og:image\" content=\"https:\/\/etoropartners.com\/wp-content\/uploads\/2024\/05\/Featured_8-most-important-things.png\" \/>\n\t<meta property=\"og:image:width\" content=\"1200\" \/>\n\t<meta property=\"og:image:height\" content=\"630\" \/>\n\t<meta property=\"og:image:type\" content=\"image\/png\" \/>\n<meta name=\"twitter:card\" content=\"summary_large_image\" \/>\n<meta name=\"twitter:label1\" content=\"Gesch\u00e4tzte Lesezeit\" \/>\n\t<meta name=\"twitter:data1\" content=\"4 Minuten\" \/>\n<script type=\"application\/ld+json\" class=\"yoast-schema-graph\">{\"@context\":\"https:\\\/\\\/schema.org\",\"@graph\":[{\"@type\":\"WebPage\",\"@id\":\"https:\\\/\\\/etoropartners.com\\\/de\\\/8-most-important-things\\\/\",\"url\":\"https:\\\/\\\/etoropartners.com\\\/de\\\/8-most-important-things\\\/\",\"name\":\"Die 8 wichtigsten Punkte f\u00fcr eine konforme Kampagne\",\"isPartOf\":{\"@id\":\"https:\\\/\\\/etoropartners.com\\\/de\\\/#website\"},\"primaryImageOfPage\":{\"@id\":\"https:\\\/\\\/etoropartners.com\\\/de\\\/8-most-important-things\\\/#primaryimage\"},\"image\":{\"@id\":\"https:\\\/\\\/etoropartners.com\\\/de\\\/8-most-important-things\\\/#primaryimage\"},\"thumbnailUrl\":\"https:\\\/\\\/etoropartners.com\\\/wp-content\\\/uploads\\\/2024\\\/05\\\/Featured_8-most-important-things.png\",\"datePublished\":\"2024-05-22T06:47:21+00:00\",\"dateModified\":\"2024-08-20T10:07:54+00:00\",\"description\":\"eToro ist eine renommierte Marke, die Tradern und Investoren aus der ganzen Welt eine sichere und regulierte Handelsumgebung bietet. Es ist daher von gr\u00f6\u00dfter Wichtigkeit, dass Sie eine Kampagne erstellen, die mit den regulatorischen Anforderungen \u00fcbereinstimmt.\",\"breadcrumb\":{\"@id\":\"https:\\\/\\\/etoropartners.com\\\/de\\\/8-most-important-things\\\/#breadcrumb\"},\"inLanguage\":\"de-DE\",\"potentialAction\":[{\"@type\":\"ReadAction\",\"target\":[\"https:\\\/\\\/etoropartners.com\\\/de\\\/8-most-important-things\\\/\"]}]},{\"@type\":\"ImageObject\",\"inLanguage\":\"de-DE\",\"@id\":\"https:\\\/\\\/etoropartners.com\\\/de\\\/8-most-important-things\\\/#primaryimage\",\"url\":\"https:\\\/\\\/etoropartners.com\\\/wp-content\\\/uploads\\\/2024\\\/05\\\/Featured_8-most-important-things.png\",\"contentUrl\":\"https:\\\/\\\/etoropartners.com\\\/wp-content\\\/uploads\\\/2024\\\/05\\\/Featured_8-most-important-things.png\",\"width\":1200,\"height\":630,\"caption\":\"8 most important things to consider when creating a compliant campaign\"},{\"@type\":\"BreadcrumbList\",\"@id\":\"https:\\\/\\\/etoropartners.com\\\/de\\\/8-most-important-things\\\/#breadcrumb\",\"itemListElement\":[{\"@type\":\"ListItem\",\"position\":1,\"name\":\"Home\",\"item\":\"https:\\\/\\\/etoropartners.com\\\/de\\\/\"},{\"@type\":\"ListItem\",\"position\":2,\"name\":\"8 most important things to consider when creating a compliant campaign\"}]},{\"@type\":\"WebSite\",\"@id\":\"https:\\\/\\\/etoropartners.com\\\/de\\\/#website\",\"url\":\"https:\\\/\\\/etoropartners.com\\\/de\\\/\",\"name\":\"eToro Partners\",\"description\":\"\",\"potentialAction\":[{\"@type\":\"SearchAction\",\"target\":{\"@type\":\"EntryPoint\",\"urlTemplate\":\"https:\\\/\\\/etoropartners.com\\\/de\\\/?s={search_term_string}\"},\"query-input\":{\"@type\":\"PropertyValueSpecification\",\"valueRequired\":true,\"valueName\":\"search_term_string\"}}],\"inLanguage\":\"de-DE\"}]}<\/script>\n<!-- \/ Yoast SEO plugin. -->","yoast_head_json":{"title":"Die 8 wichtigsten Punkte f\u00fcr eine konforme Kampagne","description":"eToro ist eine renommierte Marke, die Tradern und Investoren aus der ganzen Welt eine sichere und regulierte Handelsumgebung bietet. Es ist daher von gr\u00f6\u00dfter Wichtigkeit, dass Sie eine Kampagne erstellen, die mit den regulatorischen Anforderungen \u00fcbereinstimmt.","robots":{"index":"index","follow":"follow","max-snippet":"max-snippet:-1","max-image-preview":"max-image-preview:large","max-video-preview":"max-video-preview:-1"},"canonical":"https:\/\/etoropartners.com\/de\/8-most-important-things\/","og_locale":"de_DE","og_type":"article","og_title":"Die 8 wichtigsten Punkte f\u00fcr eine konforme Kampagne","og_description":"eToro ist eine renommierte Marke, die Tradern und Investoren aus der ganzen Welt eine sichere und regulierte Handelsumgebung bietet. Es ist daher von gr\u00f6\u00dfter Wichtigkeit, dass Sie eine Kampagne erstellen, die mit den regulatorischen Anforderungen \u00fcbereinstimmt.","og_url":"https:\/\/etoropartners.com\/de\/8-most-important-things\/","og_site_name":"eToro Partners","article_modified_time":"2024-08-20T10:07:54+00:00","og_image":[{"width":1200,"height":630,"url":"https:\/\/etoropartners.com\/wp-content\/uploads\/2024\/05\/Featured_8-most-important-things.png","type":"image\/png"}],"twitter_card":"summary_large_image","twitter_misc":{"Gesch\u00e4tzte Lesezeit":"4 Minuten"},"schema":{"@context":"https:\/\/schema.org","@graph":[{"@type":"WebPage","@id":"https:\/\/etoropartners.com\/de\/8-most-important-things\/","url":"https:\/\/etoropartners.com\/de\/8-most-important-things\/","name":"Die 8 wichtigsten Punkte f\u00fcr eine konforme Kampagne","isPartOf":{"@id":"https:\/\/etoropartners.com\/de\/#website"},"primaryImageOfPage":{"@id":"https:\/\/etoropartners.com\/de\/8-most-important-things\/#primaryimage"},"image":{"@id":"https:\/\/etoropartners.com\/de\/8-most-important-things\/#primaryimage"},"thumbnailUrl":"https:\/\/etoropartners.com\/wp-content\/uploads\/2024\/05\/Featured_8-most-important-things.png","datePublished":"2024-05-22T06:47:21+00:00","dateModified":"2024-08-20T10:07:54+00:00","description":"eToro ist eine renommierte Marke, die Tradern und Investoren aus der ganzen Welt eine sichere und regulierte Handelsumgebung bietet. Es ist daher von gr\u00f6\u00dfter Wichtigkeit, dass Sie eine Kampagne erstellen, die mit den regulatorischen Anforderungen \u00fcbereinstimmt.","breadcrumb":{"@id":"https:\/\/etoropartners.com\/de\/8-most-important-things\/#breadcrumb"},"inLanguage":"de-DE","potentialAction":[{"@type":"ReadAction","target":["https:\/\/etoropartners.com\/de\/8-most-important-things\/"]}]},{"@type":"ImageObject","inLanguage":"de-DE","@id":"https:\/\/etoropartners.com\/de\/8-most-important-things\/#primaryimage","url":"https:\/\/etoropartners.com\/wp-content\/uploads\/2024\/05\/Featured_8-most-important-things.png","contentUrl":"https:\/\/etoropartners.com\/wp-content\/uploads\/2024\/05\/Featured_8-most-important-things.png","width":1200,"height":630,"caption":"8 most important things to consider when creating a compliant campaign"},{"@type":"BreadcrumbList","@id":"https:\/\/etoropartners.com\/de\/8-most-important-things\/#breadcrumb","itemListElement":[{"@type":"ListItem","position":1,"name":"Home","item":"https:\/\/etoropartners.com\/de\/"},{"@type":"ListItem","position":2,"name":"8 most important things to consider when creating a compliant campaign"}]},{"@type":"WebSite","@id":"https:\/\/etoropartners.com\/de\/#website","url":"https:\/\/etoropartners.com\/de\/","name":"eToro Partners","description":"","potentialAction":[{"@type":"SearchAction","target":{"@type":"EntryPoint","urlTemplate":"https:\/\/etoropartners.com\/de\/?s={search_term_string}"},"query-input":{"@type":"PropertyValueSpecification","valueRequired":true,"valueName":"search_term_string"}}],"inLanguage":"de-DE"}]}},"_links":{"self":[{"href":"https:\/\/etoropartners.com\/de\/wp-json\/wp\/v2\/pages\/8674","targetHints":{"allow":["GET"]}}],"collection":[{"href":"https:\/\/etoropartners.com\/de\/wp-json\/wp\/v2\/pages"}],"about":[{"href":"https:\/\/etoropartners.com\/de\/wp-json\/wp\/v2\/types\/page"}],"author":[{"embeddable":true,"href":"https:\/\/etoropartners.com\/de\/wp-json\/wp\/v2\/users\/11"}],"replies":[{"embeddable":true,"href":"https:\/\/etoropartners.com\/de\/wp-json\/wp\/v2\/comments?post=8674"}],"version-history":[{"count":0,"href":"https:\/\/etoropartners.com\/de\/wp-json\/wp\/v2\/pages\/8674\/revisions"}],"wp:featuredmedia":[{"embeddable":true,"href":"https:\/\/etoropartners.com\/de\/wp-json\/wp\/v2\/media\/8069"}],"wp:attachment":[{"href":"https:\/\/etoropartners.com\/de\/wp-json\/wp\/v2\/media?parent=8674"}],"curies":[{"name":"wp","href":"https:\/\/api.w.org\/{rel}","templated":true}]}}