{"id":8623,"date":"2024-05-22T13:20:48","date_gmt":"2024-05-22T11:20:48","guid":{"rendered":"https:\/\/etoropartners.com\/youtube-guidelines\/"},"modified":"2026-02-02T13:35:52","modified_gmt":"2026-02-02T11:35:52","slug":"youtube-guidelines","status":"publish","type":"page","link":"https:\/\/etoropartners.com\/de\/youtube-guidelines\/","title":{"rendered":"Leitfaden zur Influencer-Compliance"},"content":{"rendered":"\n<section class=\"wp-block-group wp-block-group-boxed wp-block-group-small-top-padding wp-block-group-small-bottom-padding\"><div class=\"wp-block-group-inner is-layout-flow wp-block-group-is-layout-flow\">\n<div class=\"wp-block-columns are-vertically-aligned-top wp-block-columns-1 is-layout-flex wp-container-core-columns-is-layout-9d6595d7 wp-block-columns-is-layout-flex\">\n<div class=\"wp-block-column wp-block-column-align-desktop-center wp-block-column-align-mobile-center is-layout-flow wp-block-column-is-layout-flow\">\n<h2 class=\"wp-block-heading\">Leitfaden zur Influencer-Compliance<\/h2>\n\n\n\n<figure class=\"wp-block-image size-large\"><img loading=\"lazy\" decoding=\"async\" width=\"1024\" height=\"256\" src=\"https:\/\/etoropartners.com\/wp-content\/uploads\/2026\/01\/4301-12.10.25-eToro-Affiliate-Program-Influencer-compliance-guide-Header-1600x400px-V2-1024x256.jpg\" alt=\"\" class=\"wp-image-9306 wp-image-desktop\" srcset=\"https:\/\/etoropartners.com\/wp-content\/uploads\/2026\/01\/4301-12.10.25-eToro-Affiliate-Program-Influencer-compliance-guide-Header-1600x400px-V2-1024x256.jpg 1024w, https:\/\/etoropartners.com\/wp-content\/uploads\/2026\/01\/4301-12.10.25-eToro-Affiliate-Program-Influencer-compliance-guide-Header-1600x400px-V2-300x75.jpg 300w, https:\/\/etoropartners.com\/wp-content\/uploads\/2026\/01\/4301-12.10.25-eToro-Affiliate-Program-Influencer-compliance-guide-Header-1600x400px-V2-768x192.jpg 768w, https:\/\/etoropartners.com\/wp-content\/uploads\/2026\/01\/4301-12.10.25-eToro-Affiliate-Program-Influencer-compliance-guide-Header-1600x400px-V2-1536x384.jpg 1536w, https:\/\/etoropartners.com\/wp-content\/uploads\/2026\/01\/4301-12.10.25-eToro-Affiliate-Program-Influencer-compliance-guide-Header-1600x400px-V2.jpg 1600w\" sizes=\"auto, (max-width: 1024px) 100vw, 1024px\" \/><\/figure>\n<\/div>\n<\/div>\n<\/div><\/section>\n\n\n\n<section class=\"wp-block-group wp-block-group-boxed wp-block-group-small-top-padding wp-block-group-small-bottom-padding\"><div class=\"wp-block-group-inner is-layout-flow wp-block-group-is-layout-flow\">\n<div class=\"wp-block-columns are-vertically-aligned-top wp-block-columns-1 is-layout-flex wp-container-core-columns-is-layout-9d6595d7 wp-block-columns-is-layout-flex\">\n<div class=\"wp-block-column is-layout-flow wp-block-column-is-layout-flow\">\n<p>eToro ist eine renommierte Marke, die Tradern und Investoren aus der ganzen Welt ein sicheres und reguliertes Handelserlebnis bietet. Wir verpflichten uns zu transparenten, fairen und verantwortungsvollen Marketingpraktiken und wahren die Integrit\u00e4t des Finanzsystems. Als Influencer spielen Sie eine entscheidende Rolle bei der Aufrechterhaltung dieses Vertrauens. Es ist daher von gr\u00f6\u00dfter Bedeutung, dass jede von Ihnen erstellte Kampagne vollst\u00e4ndig den regulatorischen Anforderungen und den Richtlinien der Gerichtsbarkeit entspricht, in der Sie f\u00fcr eToro werben oder werben m\u00f6chten. Dieser Leitfaden beschreibt zus\u00e4tzlich zu den <a href=\"https:\/\/etoropartners.com\/de\/compliance-guidelines\/\">hier <\/a>\u00a0verf\u00fcgbaren Richtlinien die wichtigsten Compliance-Anforderungen f\u00fcr Influencer, die f\u00fcr eToro werben.<\/p>\n\n\n\n<p><\/p>\n\n\n\n<p><strong>Erste \u00dcberpr\u00fcfung des Inhalts:<\/strong> Bevor Sie Inhalte \u00fcber eToro ver\u00f6ffentlichen, m\u00fcssen Sie Ihren Inhalt oder Ihr Skript zur \u00dcberpr\u00fcfung bei Ihrem Partnermanager einreichen. Dieser Prozess stellt sicher, dass das gesamte Werbematerial vor der Ver\u00f6ffentlichung den Richtlinien\/Leitfaden von eToro und den beh\u00f6rdlichen Anforderungen entspricht.<\/p>\n\n\n\n<p><\/p>\n\n\n\n<p><strong>Werbung in verschiedenen L\u00e4ndern:<\/strong> eToro ist in \u00fcber 100 L\u00e4ndern weltweit t\u00e4tig. F\u00fcr die Aktion von eToro-Dienstleistungen und bestimmte Produkte in bestimmten Regionen gelten jedoch regulatorische Einschr\u00e4nkungen. Wenn Sie f\u00fcr eToro werben, vermeiden Sie es, eingeschr\u00e4nkte L\u00e4nder zu erw\u00e4hnen oder anzusprechen, und verwenden Sie auch bestimmte Sprachen oder W\u00e4hrungen, die mit diesen L\u00e4ndern verbunden sind, die Aktion in einer eingeschr\u00e4nkten Region implizieren k\u00f6nnten. Vermeiden Sie au\u00dferdem die Werbung f\u00fcr Produkte, die in dem Land, auf das Sie abzielen, eingeschr\u00e4nkt sind. Detaillierte Informationen finden Sie in unseren <a href=\"https:\/\/etoropartners.com\/de\/compliance-guidelines\/\">Leitlinien.<\/a><\/p>\n\n\n\n<p><\/p>\n\n\n\n<p><strong>Werbung in den Vereinigten Staaten:<\/strong> In den Vereinigten Staaten m\u00fcssen Sie f\u00fcr eToro mit einem US-Konto werben, und zwar erst, nachdem Ihr Konto und Ihr Inhalt vom US-Compliance-Team genehmigt wurden. Befolgen Sie die <a href=\"https:\/\/docs.google.com\/presentation\/d\/1U5-1DmQStR6pC0GPSti47MVmm_ucMxmz1t-ZmNSzSb0\/edit?slide=id.g3452ee07848_1_2#slide=id.g3452ee07848_1_2\">US-spezifischen Richtlinien<\/a>, um gesetzeskonforme Inhalte zu erstellen. Beachten Sie, dass globale Konten nicht f\u00fcr US-H\u00e4ndler verg\u00fctet werden und US-Konten nur f\u00fcr US-H\u00e4ndler verg\u00fctet werden.<\/p>\n\n\n\n<p><\/p>\n\n\n\n<p><strong>Wichtige Compliance-Anforderungen:<\/strong><\/p>\n\n\n\n<ol class=\"wp-block-list wp-block-list\">\n<li><strong>Legen Sie Ihre URLs offen:\u00a0<\/strong>\n<ul class=\"wp-block-list wp-block-list wp-block-list-circle\">\n<li>Werben Sie f\u00fcr eToro nur auf Websites und Kan\u00e4len, die Sie eToro mitgeteilt haben. Wenn Sie einen neuen Kanal oder eine neue Website nutzen m\u00f6chten, senden Sie diese zur Genehmigung an Ihren Partnermanager. Wir m\u00fcssen wissen, wie und wo eToro beworben wird.<\/li>\n<\/ul>\n<\/li>\n\n\n\n<li><strong>Genauigkeit und nicht irref\u00fchrende Informationen:\u00a0<\/strong>\n<ul class=\"wp-block-list wp-block-list wp-block-list-circle\">\n<li>Stellen Sie sicher, dass alle Informationen <a href=\"https:\/\/etoropartners.com\/de\/be-accurate\/\">genau, ausgewogen und aktuell sind<\/a>. Erw\u00e4hnen Sie die Risiken, die mit dem Investieren verbunden sind. Vermeiden Sie es, das Investieren einfach klingen zu lassen, falsche Versprechungen zu machen oder irref\u00fchrende Angaben zu machen. Verwenden Sie keine Bilder oder Emojis, die auf Wohlstand oder Aufw\u00e4rtstrends hindeuten (z. B. Geldstapel, teure Autos, Raketen). Verwenden Sie eToro nicht in Ihrem Domain-Namen oder geben Sie an, dass Sie eToro vertreten oder f\u00fcr Sie arbeiten.<\/li>\n<\/ul>\n<\/li>\n\n\n\n<li><strong>Keine Anlageberatung:\u00a0<\/strong>\n<ul class=\"wp-block-list wp-block-list wp-block-list-circle\">\n<li>Nehmen Sie eToro nicht in Inhalte auf, die Anlageberatung anbieten.<\/li>\n<\/ul>\n<\/li>\n\n\n\n<li><strong>Vermeiden Sie es, ein Gef\u00fchl der Dringlichkeit zu erzeugen:\u00a0<\/strong>\n<ul class=\"wp-block-list wp-block-list wp-block-list-circle\">\n<li>Erzeugen Sie kein Gef\u00fchl der Dringlichkeit, bestimmte Instrumente zu kaufen.<\/li>\n<\/ul>\n<\/li>\n\n\n\n<li><strong>Vertraulichkeit und Betrugsvermeidung:\u00a0<\/strong>\n<ul class=\"wp-block-list wp-block-list wp-block-list-circle\">\n<li>Geben Sie keine vertraulichen Informationen weiter und unterst\u00fctzen Sie keine H\u00e4ndler dabei, eToro zu betr\u00fcgen. Helfen Sie H\u00e4ndlern nicht bei der Beantwortung von KYC-Fragen und bieten Sie ihnen keine Anreize, auf der Plattform zu handeln.<\/li>\n<\/ul>\n<\/li>\n<\/ol>\n\n\n\n<p><strong>Risikowarnungen:<\/strong> Stellen Sie immer sicher, dass Sie den richtigen <a href=\"https:\/\/etoropartners.com\/de\/risk-warnings\/\">Risikohinweis<\/a> f\u00fcr die beworbenen Verm\u00f6gensgegenst\u00e4nde und das Land, das Sie ansprechen, in einer lesbaren Gr\u00f6\u00dfe hinzuf\u00fcgen. Verwenden Sie f\u00fcr soziale Medien den Risikohinweis \u201eAllgemein\u201c. Wenn es in Ihrem Beitrag nur um Krypto geht, verwenden Sie stattdessen die Krypto-Risikowarnung. Der Risikohinweis muss in der N\u00e4he jedes Links, der auf eToro weiterleitet, und in jedem Beitrag \u00fcber eToro platziert werden. Bei Videocontent sollte die Warnung am Ende der Videos \u00fcber eToro 10 Sekunden lang auf dem Bildschirm sichtbar sein und auch in den Videobeschreibungen neben dem eToro-Link erscheinen. Auf Plattformen wie TikTok und Instagram k\u00f6nnen Sie aufgrund der Zeichenbeschr\u00e4nkungen die Kurzversion der Risikowarnung \u201eAktien und ETFs\u201c verwenden.<\/p>\n\n\n\n<p><br><strong>Offenlegung:<\/strong> Stellen Sie bei sozialen Medien sicher, dass Ihr Material eindeutig als Werbung erkennbar ist. Das kann so einfach sein wie das Hinzuf\u00fcgen eines Hinweises wie \u201e#advert\u201c.<\/p>\n\n\n\n<p><br><strong>Regelm\u00e4\u00dfige \u00dcberpr\u00fcfung des Inhalts und deren Einhaltung:<\/strong> eToro wird Ihren Werbe-Content in regelm\u00e4\u00dfigen Abst\u00e4nden \u00fcberpr\u00fcfen, um die anhaltende \u00dcbereinstimmung mit den internen Richtlinien und dem geltenden regulatorischen Rahmen sicherzustellen. Sie sind verpflichtet, bei jeder Compliance-\u00dcberpr\u00fcfung voll zu kooperieren und angeforderte \u00c4nderungen umgehend umzusetzen. Die Nichteinhaltung der Richtlinien von eToro kann zur K\u00fcndigung Ihres Kontos\/Ihrer Partnerschaft mit uns f\u00fchren.<\/p>\n\n\n\n<p><\/p>\n\n\n\n<p><strong>Vielen Dank, dass Sie die hohen Standards von eToro einhalten. Wir freuen uns auf Ihren fantastischen Content!<\/strong><\/p>\n\n\n\n<p>eToro ist eine Multi-Asset-Anlageplattform. Der Wert Ihrer Investments kann steigen oder fallen.&nbsp; Ihr Kapital ist gef\u00e4hrdet.<\/p>\n\n\n\n<p>eToro AUS Capital Limited AFSL 491139. eToro ist eine Multi-Asset-Anlageplattform. Der Wert Ihrer Anlagen kann steigen oder fallen. Ihr Kapital ist gef\u00e4hrdet. Siehe PDS und TMD<\/p>\n<\/div>\n<\/div>\n<\/div><\/section>\n","protected":false},"excerpt":{"rendered":"<p>Leitfaden zur Influencer-Compliance eToro ist eine renommierte Marke, die Tradern und Investoren aus der ganzen Welt ein sicheres und reguliertes Handelserlebnis bietet. Wir verpflichten uns zu transparenten, fairen und verantwortungsvollen Marketingpraktiken und wahren die Integrit\u00e4t des Finanzsystems. Als Influencer spielen Sie eine entscheidende Rolle bei der Aufrechterhaltung dieses Vertrauens. Es ist daher von gr\u00f6\u00dfter Bedeutung, [&hellip;]<\/p>\n","protected":false},"author":11,"featured_media":0,"parent":0,"menu_order":0,"comment_status":"closed","ping_status":"closed","template":"","meta":{"_acf_changed":false,"sticky_cta_settings":"","footnotes":""},"class_list":["post-8623","page","type-page","status-publish","hentry"],"acf":[],"yoast_head":"<!-- This site is optimized with the Yoast SEO plugin v27.3 - https:\/\/yoast.com\/product\/yoast-seo-wordpress\/ -->\n<title>YouTube-Richtlinien<\/title>\n<meta name=\"description\" content=\"Erfahren Sie hier mehr \u00fcber die Richtlinien f\u00fcr Ihre YouTube-Kampagnen\" \/>\n<meta name=\"robots\" content=\"index, follow, max-snippet:-1, max-image-preview:large, max-video-preview:-1\" \/>\n<link rel=\"canonical\" href=\"https:\/\/etoropartners.com\/de\/youtube-guidelines\/\" \/>\n<meta property=\"og:locale\" content=\"de_DE\" \/>\n<meta property=\"og:type\" content=\"article\" \/>\n<meta property=\"og:title\" content=\"YouTube-Richtlinien\" \/>\n<meta property=\"og:description\" content=\"Erfahren Sie hier mehr \u00fcber die Richtlinien f\u00fcr Ihre YouTube-Kampagnen\" \/>\n<meta property=\"og:url\" content=\"https:\/\/etoropartners.com\/de\/youtube-guidelines\/\" \/>\n<meta property=\"og:site_name\" content=\"eToro Partners\" \/>\n<meta property=\"article:modified_time\" content=\"2026-02-02T11:35:52+00:00\" \/>\n<meta property=\"og:image\" content=\"https:\/\/etoropartners.com\/wp-content\/uploads\/2026\/01\/4301-12.10.25-eToro-Affiliate-Program-Influencer-compliance-guide-Header-1600x400px-V2.jpg\" \/>\n\t<meta property=\"og:image:width\" content=\"1600\" \/>\n\t<meta property=\"og:image:height\" content=\"400\" \/>\n\t<meta property=\"og:image:type\" content=\"image\/jpeg\" \/>\n<meta name=\"twitter:card\" content=\"summary_large_image\" \/>\n<meta name=\"twitter:label1\" content=\"Gesch\u00e4tzte Lesezeit\" \/>\n\t<meta name=\"twitter:data1\" content=\"4 Minuten\" \/>\n<script type=\"application\/ld+json\" class=\"yoast-schema-graph\">{\"@context\":\"https:\\\/\\\/schema.org\",\"@graph\":[{\"@type\":\"WebPage\",\"@id\":\"https:\\\/\\\/etoropartners.com\\\/de\\\/youtube-guidelines\\\/\",\"url\":\"https:\\\/\\\/etoropartners.com\\\/de\\\/youtube-guidelines\\\/\",\"name\":\"YouTube-Richtlinien\",\"isPartOf\":{\"@id\":\"https:\\\/\\\/etoropartners.com\\\/de\\\/#website\"},\"primaryImageOfPage\":{\"@id\":\"https:\\\/\\\/etoropartners.com\\\/de\\\/youtube-guidelines\\\/#primaryimage\"},\"image\":{\"@id\":\"https:\\\/\\\/etoropartners.com\\\/de\\\/youtube-guidelines\\\/#primaryimage\"},\"thumbnailUrl\":\"https:\\\/\\\/etoropartners.com\\\/wp-content\\\/uploads\\\/2026\\\/01\\\/4301-12.10.25-eToro-Affiliate-Program-Influencer-compliance-guide-Header-1600x400px-V2-1024x256.jpg\",\"datePublished\":\"2024-05-22T11:20:48+00:00\",\"dateModified\":\"2026-02-02T11:35:52+00:00\",\"description\":\"Erfahren Sie hier mehr \u00fcber die Richtlinien f\u00fcr Ihre YouTube-Kampagnen\",\"breadcrumb\":{\"@id\":\"https:\\\/\\\/etoropartners.com\\\/de\\\/youtube-guidelines\\\/#breadcrumb\"},\"inLanguage\":\"de-DE\",\"potentialAction\":[{\"@type\":\"ReadAction\",\"target\":[\"https:\\\/\\\/etoropartners.com\\\/de\\\/youtube-guidelines\\\/\"]}]},{\"@type\":\"ImageObject\",\"inLanguage\":\"de-DE\",\"@id\":\"https:\\\/\\\/etoropartners.com\\\/de\\\/youtube-guidelines\\\/#primaryimage\",\"url\":\"https:\\\/\\\/etoropartners.com\\\/wp-content\\\/uploads\\\/2026\\\/01\\\/4301-12.10.25-eToro-Affiliate-Program-Influencer-compliance-guide-Header-1600x400px-V2-1024x256.jpg\",\"contentUrl\":\"https:\\\/\\\/etoropartners.com\\\/wp-content\\\/uploads\\\/2026\\\/01\\\/4301-12.10.25-eToro-Affiliate-Program-Influencer-compliance-guide-Header-1600x400px-V2-1024x256.jpg\"},{\"@type\":\"BreadcrumbList\",\"@id\":\"https:\\\/\\\/etoropartners.com\\\/de\\\/youtube-guidelines\\\/#breadcrumb\",\"itemListElement\":[{\"@type\":\"ListItem\",\"position\":1,\"name\":\"Home\",\"item\":\"https:\\\/\\\/etoropartners.com\\\/de\\\/\"},{\"@type\":\"ListItem\",\"position\":2,\"name\":\"Leitfaden zur Influencer-Compliance\"}]},{\"@type\":\"WebSite\",\"@id\":\"https:\\\/\\\/etoropartners.com\\\/de\\\/#website\",\"url\":\"https:\\\/\\\/etoropartners.com\\\/de\\\/\",\"name\":\"eToro Partners\",\"description\":\"\",\"potentialAction\":[{\"@type\":\"SearchAction\",\"target\":{\"@type\":\"EntryPoint\",\"urlTemplate\":\"https:\\\/\\\/etoropartners.com\\\/de\\\/?s={search_term_string}\"},\"query-input\":{\"@type\":\"PropertyValueSpecification\",\"valueRequired\":true,\"valueName\":\"search_term_string\"}}],\"inLanguage\":\"de-DE\"}]}<\/script>\n<!-- \/ Yoast SEO plugin. -->","yoast_head_json":{"title":"YouTube-Richtlinien","description":"Erfahren Sie hier mehr \u00fcber die Richtlinien f\u00fcr Ihre YouTube-Kampagnen","robots":{"index":"index","follow":"follow","max-snippet":"max-snippet:-1","max-image-preview":"max-image-preview:large","max-video-preview":"max-video-preview:-1"},"canonical":"https:\/\/etoropartners.com\/de\/youtube-guidelines\/","og_locale":"de_DE","og_type":"article","og_title":"YouTube-Richtlinien","og_description":"Erfahren Sie hier mehr \u00fcber die Richtlinien f\u00fcr Ihre YouTube-Kampagnen","og_url":"https:\/\/etoropartners.com\/de\/youtube-guidelines\/","og_site_name":"eToro Partners","article_modified_time":"2026-02-02T11:35:52+00:00","og_image":[{"width":1600,"height":400,"url":"https:\/\/etoropartners.com\/wp-content\/uploads\/2026\/01\/4301-12.10.25-eToro-Affiliate-Program-Influencer-compliance-guide-Header-1600x400px-V2.jpg","type":"image\/jpeg"}],"twitter_card":"summary_large_image","twitter_misc":{"Gesch\u00e4tzte Lesezeit":"4 Minuten"},"schema":{"@context":"https:\/\/schema.org","@graph":[{"@type":"WebPage","@id":"https:\/\/etoropartners.com\/de\/youtube-guidelines\/","url":"https:\/\/etoropartners.com\/de\/youtube-guidelines\/","name":"YouTube-Richtlinien","isPartOf":{"@id":"https:\/\/etoropartners.com\/de\/#website"},"primaryImageOfPage":{"@id":"https:\/\/etoropartners.com\/de\/youtube-guidelines\/#primaryimage"},"image":{"@id":"https:\/\/etoropartners.com\/de\/youtube-guidelines\/#primaryimage"},"thumbnailUrl":"https:\/\/etoropartners.com\/wp-content\/uploads\/2026\/01\/4301-12.10.25-eToro-Affiliate-Program-Influencer-compliance-guide-Header-1600x400px-V2-1024x256.jpg","datePublished":"2024-05-22T11:20:48+00:00","dateModified":"2026-02-02T11:35:52+00:00","description":"Erfahren Sie hier mehr \u00fcber die Richtlinien f\u00fcr Ihre YouTube-Kampagnen","breadcrumb":{"@id":"https:\/\/etoropartners.com\/de\/youtube-guidelines\/#breadcrumb"},"inLanguage":"de-DE","potentialAction":[{"@type":"ReadAction","target":["https:\/\/etoropartners.com\/de\/youtube-guidelines\/"]}]},{"@type":"ImageObject","inLanguage":"de-DE","@id":"https:\/\/etoropartners.com\/de\/youtube-guidelines\/#primaryimage","url":"https:\/\/etoropartners.com\/wp-content\/uploads\/2026\/01\/4301-12.10.25-eToro-Affiliate-Program-Influencer-compliance-guide-Header-1600x400px-V2-1024x256.jpg","contentUrl":"https:\/\/etoropartners.com\/wp-content\/uploads\/2026\/01\/4301-12.10.25-eToro-Affiliate-Program-Influencer-compliance-guide-Header-1600x400px-V2-1024x256.jpg"},{"@type":"BreadcrumbList","@id":"https:\/\/etoropartners.com\/de\/youtube-guidelines\/#breadcrumb","itemListElement":[{"@type":"ListItem","position":1,"name":"Home","item":"https:\/\/etoropartners.com\/de\/"},{"@type":"ListItem","position":2,"name":"Leitfaden zur Influencer-Compliance"}]},{"@type":"WebSite","@id":"https:\/\/etoropartners.com\/de\/#website","url":"https:\/\/etoropartners.com\/de\/","name":"eToro Partners","description":"","potentialAction":[{"@type":"SearchAction","target":{"@type":"EntryPoint","urlTemplate":"https:\/\/etoropartners.com\/de\/?s={search_term_string}"},"query-input":{"@type":"PropertyValueSpecification","valueRequired":true,"valueName":"search_term_string"}}],"inLanguage":"de-DE"}]}},"_links":{"self":[{"href":"https:\/\/etoropartners.com\/de\/wp-json\/wp\/v2\/pages\/8623","targetHints":{"allow":["GET"]}}],"collection":[{"href":"https:\/\/etoropartners.com\/de\/wp-json\/wp\/v2\/pages"}],"about":[{"href":"https:\/\/etoropartners.com\/de\/wp-json\/wp\/v2\/types\/page"}],"author":[{"embeddable":true,"href":"https:\/\/etoropartners.com\/de\/wp-json\/wp\/v2\/users\/11"}],"replies":[{"embeddable":true,"href":"https:\/\/etoropartners.com\/de\/wp-json\/wp\/v2\/comments?post=8623"}],"version-history":[{"count":0,"href":"https:\/\/etoropartners.com\/de\/wp-json\/wp\/v2\/pages\/8623\/revisions"}],"wp:attachment":[{"href":"https:\/\/etoropartners.com\/de\/wp-json\/wp\/v2\/media?parent=8623"}],"curies":[{"name":"wp","href":"https:\/\/api.w.org\/{rel}","templated":true}]}}