{"id":2886,"date":"2021-11-23T10:37:10","date_gmt":"2021-11-23T10:37:10","guid":{"rendered":"https:\/\/etoropartners.wpengine.com\/find-out-more\/"},"modified":"2023-05-24T11:48:37","modified_gmt":"2023-05-24T09:48:37","slug":"find-out-more","status":"publish","type":"page","link":"https:\/\/etoropartners.com\/de\/find-out-more\/","title":{"rendered":"Find out more"},"content":{"rendered":"","protected":false},"excerpt":{"rendered":"","protected":false},"author":5,"featured_media":0,"parent":0,"menu_order":0,"comment_status":"closed","ping_status":"closed","template":"","meta":{"_acf_changed":false,"sticky_cta_settings":"","footnotes":""},"class_list":["post-2886","page","type-page","status-publish","hentry"],"acf":[],"yoast_head":"<!-- This site is optimized with the Yoast SEO plugin v27.3 - https:\/\/yoast.com\/product\/yoast-seo-wordpress\/ -->\n<title>Erfahren Sie mehr \u00fcber eToro Partners<\/title>\n<meta name=\"description\" content=\"Je mehr Informationen Sie \u00fcber eToro haben, desto besser sind Sie f\u00fcr die Erstellung hochwertiger Kampagnen.\" \/>\n<meta name=\"robots\" content=\"index, follow, max-snippet:-1, max-image-preview:large, max-video-preview:-1\" \/>\n<link rel=\"canonical\" href=\"https:\/\/etoropartners.com\/de\/find-out-more\/\" \/>\n<meta property=\"og:locale\" content=\"de_DE\" \/>\n<meta property=\"og:type\" content=\"article\" \/>\n<meta property=\"og:title\" content=\"Erfahren Sie mehr \u00fcber eToro Partners\" \/>\n<meta property=\"og:description\" content=\"Je mehr Informationen Sie \u00fcber eToro haben, desto besser sind Sie f\u00fcr die Erstellung hochwertiger Kampagnen.\" \/>\n<meta property=\"og:url\" content=\"https:\/\/etoropartners.com\/de\/find-out-more\/\" \/>\n<meta property=\"og:site_name\" content=\"eToro Partners\" \/>\n<meta property=\"article:modified_time\" content=\"2023-05-24T09:48:37+00:00\" \/>\n<meta name=\"twitter:card\" content=\"summary_large_image\" \/>\n<script type=\"application\/ld+json\" class=\"yoast-schema-graph\">{\"@context\":\"https:\\\/\\\/schema.org\",\"@graph\":[{\"@type\":\"WebPage\",\"@id\":\"https:\\\/\\\/etoropartners.com\\\/de\\\/find-out-more\\\/\",\"url\":\"https:\\\/\\\/etoropartners.com\\\/de\\\/find-out-more\\\/\",\"name\":\"Erfahren Sie mehr \u00fcber eToro Partners\",\"isPartOf\":{\"@id\":\"https:\\\/\\\/etoropartners.com\\\/de\\\/#website\"},\"datePublished\":\"2021-11-23T10:37:10+00:00\",\"dateModified\":\"2023-05-24T09:48:37+00:00\",\"description\":\"Je mehr Informationen Sie \u00fcber eToro haben, desto besser sind Sie f\u00fcr die Erstellung hochwertiger Kampagnen.\",\"breadcrumb\":{\"@id\":\"https:\\\/\\\/etoropartners.com\\\/de\\\/find-out-more\\\/#breadcrumb\"},\"inLanguage\":\"de-DE\",\"potentialAction\":[{\"@type\":\"ReadAction\",\"target\":[\"https:\\\/\\\/etoropartners.com\\\/de\\\/find-out-more\\\/\"]}]},{\"@type\":\"BreadcrumbList\",\"@id\":\"https:\\\/\\\/etoropartners.com\\\/de\\\/find-out-more\\\/#breadcrumb\",\"itemListElement\":[{\"@type\":\"ListItem\",\"position\":1,\"name\":\"Home\",\"item\":\"https:\\\/\\\/etoropartners.com\\\/de\\\/\"},{\"@type\":\"ListItem\",\"position\":2,\"name\":\"Find out more\"}]},{\"@type\":\"WebSite\",\"@id\":\"https:\\\/\\\/etoropartners.com\\\/de\\\/#website\",\"url\":\"https:\\\/\\\/etoropartners.com\\\/de\\\/\",\"name\":\"eToro Partners\",\"description\":\"\",\"potentialAction\":[{\"@type\":\"SearchAction\",\"target\":{\"@type\":\"EntryPoint\",\"urlTemplate\":\"https:\\\/\\\/etoropartners.com\\\/de\\\/?s={search_term_string}\"},\"query-input\":{\"@type\":\"PropertyValueSpecification\",\"valueRequired\":true,\"valueName\":\"search_term_string\"}}],\"inLanguage\":\"de-DE\"}]}<\/script>\n<!-- \/ Yoast SEO plugin. -->","yoast_head_json":{"title":"Erfahren Sie mehr \u00fcber eToro Partners","description":"Je mehr Informationen Sie \u00fcber eToro haben, desto besser sind Sie f\u00fcr die Erstellung hochwertiger Kampagnen.","robots":{"index":"index","follow":"follow","max-snippet":"max-snippet:-1","max-image-preview":"max-image-preview:large","max-video-preview":"max-video-preview:-1"},"canonical":"https:\/\/etoropartners.com\/de\/find-out-more\/","og_locale":"de_DE","og_type":"article","og_title":"Erfahren Sie mehr \u00fcber eToro Partners","og_description":"Je mehr Informationen Sie \u00fcber eToro haben, desto besser sind Sie f\u00fcr die Erstellung hochwertiger Kampagnen.","og_url":"https:\/\/etoropartners.com\/de\/find-out-more\/","og_site_name":"eToro Partners","article_modified_time":"2023-05-24T09:48:37+00:00","twitter_card":"summary_large_image","schema":{"@context":"https:\/\/schema.org","@graph":[{"@type":"WebPage","@id":"https:\/\/etoropartners.com\/de\/find-out-more\/","url":"https:\/\/etoropartners.com\/de\/find-out-more\/","name":"Erfahren Sie mehr \u00fcber eToro Partners","isPartOf":{"@id":"https:\/\/etoropartners.com\/de\/#website"},"datePublished":"2021-11-23T10:37:10+00:00","dateModified":"2023-05-24T09:48:37+00:00","description":"Je mehr Informationen Sie \u00fcber eToro haben, desto besser sind Sie f\u00fcr die Erstellung hochwertiger Kampagnen.","breadcrumb":{"@id":"https:\/\/etoropartners.com\/de\/find-out-more\/#breadcrumb"},"inLanguage":"de-DE","potentialAction":[{"@type":"ReadAction","target":["https:\/\/etoropartners.com\/de\/find-out-more\/"]}]},{"@type":"BreadcrumbList","@id":"https:\/\/etoropartners.com\/de\/find-out-more\/#breadcrumb","itemListElement":[{"@type":"ListItem","position":1,"name":"Home","item":"https:\/\/etoropartners.com\/de\/"},{"@type":"ListItem","position":2,"name":"Find out more"}]},{"@type":"WebSite","@id":"https:\/\/etoropartners.com\/de\/#website","url":"https:\/\/etoropartners.com\/de\/","name":"eToro Partners","description":"","potentialAction":[{"@type":"SearchAction","target":{"@type":"EntryPoint","urlTemplate":"https:\/\/etoropartners.com\/de\/?s={search_term_string}"},"query-input":{"@type":"PropertyValueSpecification","valueRequired":true,"valueName":"search_term_string"}}],"inLanguage":"de-DE"}]}},"_links":{"self":[{"href":"https:\/\/etoropartners.com\/de\/wp-json\/wp\/v2\/pages\/2886","targetHints":{"allow":["GET"]}}],"collection":[{"href":"https:\/\/etoropartners.com\/de\/wp-json\/wp\/v2\/pages"}],"about":[{"href":"https:\/\/etoropartners.com\/de\/wp-json\/wp\/v2\/types\/page"}],"author":[{"embeddable":true,"href":"https:\/\/etoropartners.com\/de\/wp-json\/wp\/v2\/users\/5"}],"replies":[{"embeddable":true,"href":"https:\/\/etoropartners.com\/de\/wp-json\/wp\/v2\/comments?post=2886"}],"version-history":[{"count":0,"href":"https:\/\/etoropartners.com\/de\/wp-json\/wp\/v2\/pages\/2886\/revisions"}],"wp:attachment":[{"href":"https:\/\/etoropartners.com\/de\/wp-json\/wp\/v2\/media?parent=2886"}],"curies":[{"name":"wp","href":"https:\/\/api.w.org\/{rel}","templated":true}]}}