{"id":2869,"date":"2021-10-19T08:25:25","date_gmt":"2021-10-19T08:25:25","guid":{"rendered":"https:\/\/etoropartners.wpengine.com\/example-review\/"},"modified":"2026-01-13T11:14:33","modified_gmt":"2026-01-13T09:14:33","slug":"example-review","status":"publish","type":"page","link":"https:\/\/etoropartners.com\/de\/example-review\/","title":{"rendered":"Example Review"},"content":{"rendered":"","protected":false},"excerpt":{"rendered":"","protected":false},"author":5,"featured_media":3922,"parent":0,"menu_order":0,"comment_status":"closed","ping_status":"closed","template":"","meta":{"_acf_changed":false,"sticky_cta_settings":"","footnotes":""},"class_list":["post-2869","page","type-page","status-publish","has-post-thumbnail","hentry"],"acf":[],"yoast_head":"<!-- This site is optimized with the Yoast SEO plugin v27.3 - https:\/\/yoast.com\/product\/yoast-seo-wordpress\/ -->\n<title>eToro Beispielbericht f\u00fcr eToro Affiliates<\/title>\n<meta name=\"description\" content=\"Eine der beliebtesten Methoden zur Bewerbung von eToro ist das Schreiben einer Rezension auf Ihrer Website. Im Inneren finden Sie ein Beispiel f\u00fcr eine solche \u00dcberpr\u00fcfung.\" \/>\n<meta name=\"robots\" content=\"index, follow, max-snippet:-1, max-image-preview:large, max-video-preview:-1\" \/>\n<link rel=\"canonical\" href=\"https:\/\/etoropartners.com\/de\/example-review\/\" \/>\n<meta property=\"og:locale\" content=\"de_DE\" \/>\n<meta property=\"og:type\" content=\"article\" \/>\n<meta property=\"og:title\" content=\"eToro Beispielbericht f\u00fcr eToro Affiliates\" \/>\n<meta property=\"og:description\" content=\"Eine der beliebtesten Methoden zur Bewerbung von eToro ist das Schreiben einer Rezension auf Ihrer Website. Im Inneren finden Sie ein Beispiel f\u00fcr eine solche \u00dcberpr\u00fcfung.\" \/>\n<meta property=\"og:url\" content=\"https:\/\/etoropartners.com\/de\/example-review\/\" \/>\n<meta property=\"og:site_name\" content=\"eToro Partners\" \/>\n<meta property=\"article:modified_time\" content=\"2026-01-13T09:14:33+00:00\" \/>\n<meta property=\"og:image\" content=\"https:\/\/etoropartners.com\/wp-content\/uploads\/2023\/02\/Example-review.png\" \/>\n\t<meta property=\"og:image:width\" content=\"1600\" \/>\n\t<meta property=\"og:image:height\" content=\"400\" \/>\n\t<meta property=\"og:image:type\" content=\"image\/png\" \/>\n<meta name=\"twitter:card\" content=\"summary_large_image\" \/>\n<meta name=\"twitter:label1\" content=\"Gesch\u00e4tzte Lesezeit\" \/>\n\t<meta name=\"twitter:data1\" content=\"1 Minute\" \/>\n<script type=\"application\/ld+json\" class=\"yoast-schema-graph\">{\"@context\":\"https:\\\/\\\/schema.org\",\"@graph\":[{\"@type\":\"WebPage\",\"@id\":\"https:\\\/\\\/etoropartners.com\\\/de\\\/example-review\\\/\",\"url\":\"https:\\\/\\\/etoropartners.com\\\/de\\\/example-review\\\/\",\"name\":\"eToro Beispielbericht f\u00fcr eToro Affiliates\",\"isPartOf\":{\"@id\":\"https:\\\/\\\/etoropartners.com\\\/de\\\/#website\"},\"primaryImageOfPage\":{\"@id\":\"https:\\\/\\\/etoropartners.com\\\/de\\\/example-review\\\/#primaryimage\"},\"image\":{\"@id\":\"https:\\\/\\\/etoropartners.com\\\/de\\\/example-review\\\/#primaryimage\"},\"thumbnailUrl\":\"https:\\\/\\\/etoropartners.com\\\/wp-content\\\/uploads\\\/2023\\\/02\\\/Example-review.png\",\"datePublished\":\"2021-10-19T08:25:25+00:00\",\"dateModified\":\"2026-01-13T09:14:33+00:00\",\"description\":\"Eine der beliebtesten Methoden zur Bewerbung von eToro ist das Schreiben einer Rezension auf Ihrer Website. Im Inneren finden Sie ein Beispiel f\u00fcr eine solche \u00dcberpr\u00fcfung.\",\"breadcrumb\":{\"@id\":\"https:\\\/\\\/etoropartners.com\\\/de\\\/example-review\\\/#breadcrumb\"},\"inLanguage\":\"de-DE\",\"potentialAction\":[{\"@type\":\"ReadAction\",\"target\":[\"https:\\\/\\\/etoropartners.com\\\/de\\\/example-review\\\/\"]}]},{\"@type\":\"ImageObject\",\"inLanguage\":\"de-DE\",\"@id\":\"https:\\\/\\\/etoropartners.com\\\/de\\\/example-review\\\/#primaryimage\",\"url\":\"https:\\\/\\\/etoropartners.com\\\/wp-content\\\/uploads\\\/2023\\\/02\\\/Example-review.png\",\"contentUrl\":\"https:\\\/\\\/etoropartners.com\\\/wp-content\\\/uploads\\\/2023\\\/02\\\/Example-review.png\",\"width\":1600,\"height\":400},{\"@type\":\"BreadcrumbList\",\"@id\":\"https:\\\/\\\/etoropartners.com\\\/de\\\/example-review\\\/#breadcrumb\",\"itemListElement\":[{\"@type\":\"ListItem\",\"position\":1,\"name\":\"Home\",\"item\":\"https:\\\/\\\/etoropartners.com\\\/de\\\/\"},{\"@type\":\"ListItem\",\"position\":2,\"name\":\"Example Review\"}]},{\"@type\":\"WebSite\",\"@id\":\"https:\\\/\\\/etoropartners.com\\\/de\\\/#website\",\"url\":\"https:\\\/\\\/etoropartners.com\\\/de\\\/\",\"name\":\"eToro Partners\",\"description\":\"\",\"potentialAction\":[{\"@type\":\"SearchAction\",\"target\":{\"@type\":\"EntryPoint\",\"urlTemplate\":\"https:\\\/\\\/etoropartners.com\\\/de\\\/?s={search_term_string}\"},\"query-input\":{\"@type\":\"PropertyValueSpecification\",\"valueRequired\":true,\"valueName\":\"search_term_string\"}}],\"inLanguage\":\"de-DE\"}]}<\/script>\n<!-- \/ Yoast SEO plugin. -->","yoast_head_json":{"title":"eToro Beispielbericht f\u00fcr eToro Affiliates","description":"Eine der beliebtesten Methoden zur Bewerbung von eToro ist das Schreiben einer Rezension auf Ihrer Website. Im Inneren finden Sie ein Beispiel f\u00fcr eine solche \u00dcberpr\u00fcfung.","robots":{"index":"index","follow":"follow","max-snippet":"max-snippet:-1","max-image-preview":"max-image-preview:large","max-video-preview":"max-video-preview:-1"},"canonical":"https:\/\/etoropartners.com\/de\/example-review\/","og_locale":"de_DE","og_type":"article","og_title":"eToro Beispielbericht f\u00fcr eToro Affiliates","og_description":"Eine der beliebtesten Methoden zur Bewerbung von eToro ist das Schreiben einer Rezension auf Ihrer Website. Im Inneren finden Sie ein Beispiel f\u00fcr eine solche \u00dcberpr\u00fcfung.","og_url":"https:\/\/etoropartners.com\/de\/example-review\/","og_site_name":"eToro Partners","article_modified_time":"2026-01-13T09:14:33+00:00","og_image":[{"width":1600,"height":400,"url":"https:\/\/etoropartners.com\/wp-content\/uploads\/2023\/02\/Example-review.png","type":"image\/png"}],"twitter_card":"summary_large_image","twitter_misc":{"Gesch\u00e4tzte Lesezeit":"1 Minute"},"schema":{"@context":"https:\/\/schema.org","@graph":[{"@type":"WebPage","@id":"https:\/\/etoropartners.com\/de\/example-review\/","url":"https:\/\/etoropartners.com\/de\/example-review\/","name":"eToro Beispielbericht f\u00fcr eToro Affiliates","isPartOf":{"@id":"https:\/\/etoropartners.com\/de\/#website"},"primaryImageOfPage":{"@id":"https:\/\/etoropartners.com\/de\/example-review\/#primaryimage"},"image":{"@id":"https:\/\/etoropartners.com\/de\/example-review\/#primaryimage"},"thumbnailUrl":"https:\/\/etoropartners.com\/wp-content\/uploads\/2023\/02\/Example-review.png","datePublished":"2021-10-19T08:25:25+00:00","dateModified":"2026-01-13T09:14:33+00:00","description":"Eine der beliebtesten Methoden zur Bewerbung von eToro ist das Schreiben einer Rezension auf Ihrer Website. Im Inneren finden Sie ein Beispiel f\u00fcr eine solche \u00dcberpr\u00fcfung.","breadcrumb":{"@id":"https:\/\/etoropartners.com\/de\/example-review\/#breadcrumb"},"inLanguage":"de-DE","potentialAction":[{"@type":"ReadAction","target":["https:\/\/etoropartners.com\/de\/example-review\/"]}]},{"@type":"ImageObject","inLanguage":"de-DE","@id":"https:\/\/etoropartners.com\/de\/example-review\/#primaryimage","url":"https:\/\/etoropartners.com\/wp-content\/uploads\/2023\/02\/Example-review.png","contentUrl":"https:\/\/etoropartners.com\/wp-content\/uploads\/2023\/02\/Example-review.png","width":1600,"height":400},{"@type":"BreadcrumbList","@id":"https:\/\/etoropartners.com\/de\/example-review\/#breadcrumb","itemListElement":[{"@type":"ListItem","position":1,"name":"Home","item":"https:\/\/etoropartners.com\/de\/"},{"@type":"ListItem","position":2,"name":"Example Review"}]},{"@type":"WebSite","@id":"https:\/\/etoropartners.com\/de\/#website","url":"https:\/\/etoropartners.com\/de\/","name":"eToro Partners","description":"","potentialAction":[{"@type":"SearchAction","target":{"@type":"EntryPoint","urlTemplate":"https:\/\/etoropartners.com\/de\/?s={search_term_string}"},"query-input":{"@type":"PropertyValueSpecification","valueRequired":true,"valueName":"search_term_string"}}],"inLanguage":"de-DE"}]}},"_links":{"self":[{"href":"https:\/\/etoropartners.com\/de\/wp-json\/wp\/v2\/pages\/2869","targetHints":{"allow":["GET"]}}],"collection":[{"href":"https:\/\/etoropartners.com\/de\/wp-json\/wp\/v2\/pages"}],"about":[{"href":"https:\/\/etoropartners.com\/de\/wp-json\/wp\/v2\/types\/page"}],"author":[{"embeddable":true,"href":"https:\/\/etoropartners.com\/de\/wp-json\/wp\/v2\/users\/5"}],"replies":[{"embeddable":true,"href":"https:\/\/etoropartners.com\/de\/wp-json\/wp\/v2\/comments?post=2869"}],"version-history":[{"count":0,"href":"https:\/\/etoropartners.com\/de\/wp-json\/wp\/v2\/pages\/2869\/revisions"}],"wp:featuredmedia":[{"embeddable":true,"href":"https:\/\/etoropartners.com\/de\/wp-json\/wp\/v2\/media\/3922"}],"wp:attachment":[{"href":"https:\/\/etoropartners.com\/de\/wp-json\/wp\/v2\/media?parent=2869"}],"curies":[{"name":"wp","href":"https:\/\/api.w.org\/{rel}","templated":true}]}}