{"id":2829,"date":"2021-10-19T07:28:36","date_gmt":"2021-10-19T07:28:36","guid":{"rendered":"https:\/\/etoropartners.wpengine.com\/key-features-for-etoro-partners\/"},"modified":"2026-01-13T10:42:14","modified_gmt":"2026-01-13T08:42:14","slug":"key-features-for-etoro-partners","status":"publish","type":"page","link":"https:\/\/etoropartners.com\/de\/key-features-for-etoro-partners\/","title":{"rendered":"Key Features"},"content":{"rendered":"<p>eToro ist in vielen verschiedenen L\u00e4ndern verf\u00fcgbar. Da die Vorschriften von Land zu Land unterschiedlich sind, haben wir unten angegeben, wo ein bestimmter Verm\u00f6genswert oder eine Funktion eingeschr\u00e4nkt ist. Bitte beachten Sie die relevante Verf\u00fcgbarkeit f\u00fcr Ihr spezielles Publikum.<\/p>\n","protected":false},"excerpt":{"rendered":"<p>eToro ist in vielen verschiedenen L\u00e4ndern verf\u00fcgbar. Da die Vorschriften von Land zu Land unterschiedlich sind, haben wir unten angegeben, wo ein bestimmter Verm\u00f6genswert oder eine Funktion eingeschr\u00e4nkt ist. Bitte beachten Sie die relevante Verf\u00fcgbarkeit f\u00fcr Ihr spezielles Publikum.<\/p>\n","protected":false},"author":5,"featured_media":3978,"parent":0,"menu_order":0,"comment_status":"closed","ping_status":"closed","template":"","meta":{"_acf_changed":false,"sticky_cta_settings":"","footnotes":""},"class_list":["post-2829","page","type-page","status-publish","has-post-thumbnail","hentry"],"acf":[],"yoast_head":"<!-- This site is optimized with the Yoast SEO plugin v27.3 - https:\/\/yoast.com\/product\/yoast-seo-wordpress\/ -->\n<title>Hauptfunktionen f\u00fcr eToro Partners<\/title>\n<meta name=\"description\" content=\"eToro ist in vielen L\u00e4ndern verf\u00fcgbar. Da die Vorschriften von Land zu Land unterschiedlich sind, haben wir erw\u00e4hnt, wo ein bestimmter Verm\u00f6genswert oder eine Funktion eingeschr\u00e4nkt ist\" \/>\n<meta name=\"robots\" content=\"index, follow, max-snippet:-1, max-image-preview:large, max-video-preview:-1\" \/>\n<link rel=\"canonical\" href=\"https:\/\/etoropartners.com\/de\/key-features-for-etoro-partners\/\" \/>\n<meta property=\"og:locale\" content=\"de_DE\" \/>\n<meta property=\"og:type\" content=\"article\" \/>\n<meta property=\"og:title\" content=\"Hauptfunktionen f\u00fcr eToro Partners\" \/>\n<meta property=\"og:description\" content=\"eToro ist in vielen L\u00e4ndern verf\u00fcgbar. Da die Vorschriften von Land zu Land unterschiedlich sind, haben wir erw\u00e4hnt, wo ein bestimmter Verm\u00f6genswert oder eine Funktion eingeschr\u00e4nkt ist\" \/>\n<meta property=\"og:url\" content=\"https:\/\/etoropartners.com\/de\/key-features-for-etoro-partners\/\" \/>\n<meta property=\"og:site_name\" content=\"eToro Partners\" \/>\n<meta property=\"article:modified_time\" content=\"2026-01-13T08:42:14+00:00\" \/>\n<meta property=\"og:image\" content=\"https:\/\/etoropartners.com\/wp-content\/uploads\/2023\/02\/Key-Features-for-eToro-Partners.png\" \/>\n\t<meta property=\"og:image:width\" content=\"1600\" \/>\n\t<meta property=\"og:image:height\" content=\"400\" \/>\n\t<meta property=\"og:image:type\" content=\"image\/png\" \/>\n<meta name=\"twitter:card\" content=\"summary_large_image\" \/>\n<meta name=\"twitter:label1\" content=\"Gesch\u00e4tzte Lesezeit\" \/>\n\t<meta name=\"twitter:data1\" content=\"1 Minute\" \/>\n<script type=\"application\/ld+json\" class=\"yoast-schema-graph\">{\"@context\":\"https:\\\/\\\/schema.org\",\"@graph\":[{\"@type\":\"WebPage\",\"@id\":\"https:\\\/\\\/etoropartners.com\\\/de\\\/key-features-for-etoro-partners\\\/\",\"url\":\"https:\\\/\\\/etoropartners.com\\\/de\\\/key-features-for-etoro-partners\\\/\",\"name\":\"Hauptfunktionen f\u00fcr eToro Partners\",\"isPartOf\":{\"@id\":\"https:\\\/\\\/etoropartners.com\\\/de\\\/#website\"},\"primaryImageOfPage\":{\"@id\":\"https:\\\/\\\/etoropartners.com\\\/de\\\/key-features-for-etoro-partners\\\/#primaryimage\"},\"image\":{\"@id\":\"https:\\\/\\\/etoropartners.com\\\/de\\\/key-features-for-etoro-partners\\\/#primaryimage\"},\"thumbnailUrl\":\"https:\\\/\\\/etoropartners.com\\\/wp-content\\\/uploads\\\/2023\\\/02\\\/Key-Features-for-eToro-Partners.png\",\"datePublished\":\"2021-10-19T07:28:36+00:00\",\"dateModified\":\"2026-01-13T08:42:14+00:00\",\"description\":\"eToro ist in vielen L\u00e4ndern verf\u00fcgbar. Da die Vorschriften von Land zu Land unterschiedlich sind, haben wir erw\u00e4hnt, wo ein bestimmter Verm\u00f6genswert oder eine Funktion eingeschr\u00e4nkt ist\",\"breadcrumb\":{\"@id\":\"https:\\\/\\\/etoropartners.com\\\/de\\\/key-features-for-etoro-partners\\\/#breadcrumb\"},\"inLanguage\":\"de-DE\",\"potentialAction\":[{\"@type\":\"ReadAction\",\"target\":[\"https:\\\/\\\/etoropartners.com\\\/de\\\/key-features-for-etoro-partners\\\/\"]}]},{\"@type\":\"ImageObject\",\"inLanguage\":\"de-DE\",\"@id\":\"https:\\\/\\\/etoropartners.com\\\/de\\\/key-features-for-etoro-partners\\\/#primaryimage\",\"url\":\"https:\\\/\\\/etoropartners.com\\\/wp-content\\\/uploads\\\/2023\\\/02\\\/Key-Features-for-eToro-Partners.png\",\"contentUrl\":\"https:\\\/\\\/etoropartners.com\\\/wp-content\\\/uploads\\\/2023\\\/02\\\/Key-Features-for-eToro-Partners.png\",\"width\":1600,\"height\":400},{\"@type\":\"BreadcrumbList\",\"@id\":\"https:\\\/\\\/etoropartners.com\\\/de\\\/key-features-for-etoro-partners\\\/#breadcrumb\",\"itemListElement\":[{\"@type\":\"ListItem\",\"position\":1,\"name\":\"Home\",\"item\":\"https:\\\/\\\/etoropartners.com\\\/de\\\/\"},{\"@type\":\"ListItem\",\"position\":2,\"name\":\"Key Features\"}]},{\"@type\":\"WebSite\",\"@id\":\"https:\\\/\\\/etoropartners.com\\\/de\\\/#website\",\"url\":\"https:\\\/\\\/etoropartners.com\\\/de\\\/\",\"name\":\"eToro Partners\",\"description\":\"\",\"potentialAction\":[{\"@type\":\"SearchAction\",\"target\":{\"@type\":\"EntryPoint\",\"urlTemplate\":\"https:\\\/\\\/etoropartners.com\\\/de\\\/?s={search_term_string}\"},\"query-input\":{\"@type\":\"PropertyValueSpecification\",\"valueRequired\":true,\"valueName\":\"search_term_string\"}}],\"inLanguage\":\"de-DE\"}]}<\/script>\n<!-- \/ Yoast SEO plugin. -->","yoast_head_json":{"title":"Hauptfunktionen f\u00fcr eToro Partners","description":"eToro ist in vielen L\u00e4ndern verf\u00fcgbar. Da die Vorschriften von Land zu Land unterschiedlich sind, haben wir erw\u00e4hnt, wo ein bestimmter Verm\u00f6genswert oder eine Funktion eingeschr\u00e4nkt ist","robots":{"index":"index","follow":"follow","max-snippet":"max-snippet:-1","max-image-preview":"max-image-preview:large","max-video-preview":"max-video-preview:-1"},"canonical":"https:\/\/etoropartners.com\/de\/key-features-for-etoro-partners\/","og_locale":"de_DE","og_type":"article","og_title":"Hauptfunktionen f\u00fcr eToro Partners","og_description":"eToro ist in vielen L\u00e4ndern verf\u00fcgbar. Da die Vorschriften von Land zu Land unterschiedlich sind, haben wir erw\u00e4hnt, wo ein bestimmter Verm\u00f6genswert oder eine Funktion eingeschr\u00e4nkt ist","og_url":"https:\/\/etoropartners.com\/de\/key-features-for-etoro-partners\/","og_site_name":"eToro Partners","article_modified_time":"2026-01-13T08:42:14+00:00","og_image":[{"width":1600,"height":400,"url":"https:\/\/etoropartners.com\/wp-content\/uploads\/2023\/02\/Key-Features-for-eToro-Partners.png","type":"image\/png"}],"twitter_card":"summary_large_image","twitter_misc":{"Gesch\u00e4tzte Lesezeit":"1 Minute"},"schema":{"@context":"https:\/\/schema.org","@graph":[{"@type":"WebPage","@id":"https:\/\/etoropartners.com\/de\/key-features-for-etoro-partners\/","url":"https:\/\/etoropartners.com\/de\/key-features-for-etoro-partners\/","name":"Hauptfunktionen f\u00fcr eToro Partners","isPartOf":{"@id":"https:\/\/etoropartners.com\/de\/#website"},"primaryImageOfPage":{"@id":"https:\/\/etoropartners.com\/de\/key-features-for-etoro-partners\/#primaryimage"},"image":{"@id":"https:\/\/etoropartners.com\/de\/key-features-for-etoro-partners\/#primaryimage"},"thumbnailUrl":"https:\/\/etoropartners.com\/wp-content\/uploads\/2023\/02\/Key-Features-for-eToro-Partners.png","datePublished":"2021-10-19T07:28:36+00:00","dateModified":"2026-01-13T08:42:14+00:00","description":"eToro ist in vielen L\u00e4ndern verf\u00fcgbar. Da die Vorschriften von Land zu Land unterschiedlich sind, haben wir erw\u00e4hnt, wo ein bestimmter Verm\u00f6genswert oder eine Funktion eingeschr\u00e4nkt ist","breadcrumb":{"@id":"https:\/\/etoropartners.com\/de\/key-features-for-etoro-partners\/#breadcrumb"},"inLanguage":"de-DE","potentialAction":[{"@type":"ReadAction","target":["https:\/\/etoropartners.com\/de\/key-features-for-etoro-partners\/"]}]},{"@type":"ImageObject","inLanguage":"de-DE","@id":"https:\/\/etoropartners.com\/de\/key-features-for-etoro-partners\/#primaryimage","url":"https:\/\/etoropartners.com\/wp-content\/uploads\/2023\/02\/Key-Features-for-eToro-Partners.png","contentUrl":"https:\/\/etoropartners.com\/wp-content\/uploads\/2023\/02\/Key-Features-for-eToro-Partners.png","width":1600,"height":400},{"@type":"BreadcrumbList","@id":"https:\/\/etoropartners.com\/de\/key-features-for-etoro-partners\/#breadcrumb","itemListElement":[{"@type":"ListItem","position":1,"name":"Home","item":"https:\/\/etoropartners.com\/de\/"},{"@type":"ListItem","position":2,"name":"Key Features"}]},{"@type":"WebSite","@id":"https:\/\/etoropartners.com\/de\/#website","url":"https:\/\/etoropartners.com\/de\/","name":"eToro Partners","description":"","potentialAction":[{"@type":"SearchAction","target":{"@type":"EntryPoint","urlTemplate":"https:\/\/etoropartners.com\/de\/?s={search_term_string}"},"query-input":{"@type":"PropertyValueSpecification","valueRequired":true,"valueName":"search_term_string"}}],"inLanguage":"de-DE"}]}},"_links":{"self":[{"href":"https:\/\/etoropartners.com\/de\/wp-json\/wp\/v2\/pages\/2829","targetHints":{"allow":["GET"]}}],"collection":[{"href":"https:\/\/etoropartners.com\/de\/wp-json\/wp\/v2\/pages"}],"about":[{"href":"https:\/\/etoropartners.com\/de\/wp-json\/wp\/v2\/types\/page"}],"author":[{"embeddable":true,"href":"https:\/\/etoropartners.com\/de\/wp-json\/wp\/v2\/users\/5"}],"replies":[{"embeddable":true,"href":"https:\/\/etoropartners.com\/de\/wp-json\/wp\/v2\/comments?post=2829"}],"version-history":[{"count":0,"href":"https:\/\/etoropartners.com\/de\/wp-json\/wp\/v2\/pages\/2829\/revisions"}],"wp:featuredmedia":[{"embeddable":true,"href":"https:\/\/etoropartners.com\/de\/wp-json\/wp\/v2\/media\/3978"}],"wp:attachment":[{"href":"https:\/\/etoropartners.com\/de\/wp-json\/wp\/v2\/media?parent=2829"}],"curies":[{"name":"wp","href":"https:\/\/api.w.org\/{rel}","templated":true}]}}