{"id":8845,"date":"2024-05-22T13:12:03","date_gmt":"2024-05-22T11:12:03","guid":{"rendered":"https:\/\/etoropartners.com\/payment-methods\/"},"modified":"2024-08-27T14:36:44","modified_gmt":"2024-08-27T12:36:44","slug":"betalingsmetoder","status":"publish","type":"page","link":"https:\/\/etoropartners.com\/da\/betalingsmetoder\/","title":{"rendered":"Betalingsmetoder"},"content":{"rendered":"\n<section class=\"wp-block-group wp-block-group-boxed wp-block-group-small-top-padding wp-block-group-small-bottom-padding\"><div class=\"wp-block-group-inner is-layout-flow wp-block-group-is-layout-flow\">\n<div class=\"wp-block-columns are-vertically-aligned-top wp-block-columns-1 is-layout-flex wp-container-core-columns-is-layout-9d6595d7 wp-block-columns-is-layout-flex\">\n<div class=\"wp-block-column wp-block-column-align-desktop-center wp-block-column-align-mobile-center is-layout-flow wp-block-column-is-layout-flow\">\n<h2 class=\"wp-block-heading\">Betalingsmetoder<\/h2>\n\n\n\n<figure class=\"wp-block-image size-full\"><img loading=\"lazy\" decoding=\"async\" width=\"1600\" height=\"400\" src=\"https:\/\/etoropartners.com\/wp-content\/uploads\/2024\/05\/Cover_PAYMENT-METHODS.jpg\" alt=\"\" class=\"wp-image-8271 wp-image-desktop\" srcset=\"https:\/\/etoropartners.com\/wp-content\/uploads\/2024\/05\/Cover_PAYMENT-METHODS.jpg 1600w, https:\/\/etoropartners.com\/wp-content\/uploads\/2024\/05\/Cover_PAYMENT-METHODS-300x75.jpg 300w, https:\/\/etoropartners.com\/wp-content\/uploads\/2024\/05\/Cover_PAYMENT-METHODS-1024x256.jpg 1024w, https:\/\/etoropartners.com\/wp-content\/uploads\/2024\/05\/Cover_PAYMENT-METHODS-768x192.jpg 768w, https:\/\/etoropartners.com\/wp-content\/uploads\/2024\/05\/Cover_PAYMENT-METHODS-1536x384.jpg 1536w\" sizes=\"auto, (max-width: 1600px) 100vw, 1600px\" \/><\/figure>\n<\/div>\n<\/div>\n<\/div><\/section>\n\n\n\n<section class=\"wp-block-group wp-block-group-boxed wp-block-group-small-top-padding wp-block-group-small-bottom-padding\"><div class=\"wp-block-group-inner is-layout-flow wp-block-group-is-layout-flow\">\n<div class=\"wp-block-columns are-vertically-aligned-top wp-block-columns-1 is-layout-flex wp-container-core-columns-is-layout-9d6595d7 wp-block-columns-is-layout-flex\">\n<div class=\"wp-block-column is-layout-flow wp-block-column-is-layout-flow\">\n<h2 class=\"wp-block-heading is-style-heading-1\">Hvad skal du v\u00e6re opm\u00e6rksom p\u00e5, n\u00e5r du n\u00e6vner betalingsmetoder?\u00a0<\/h2>\n\n\n\n<p class=\"is-style-heading-2\">V\u00e6r pr\u00e6cis<\/p>\n\n\n\n<p>N\u00e5r du n\u00e6vner betalingsmetoder, skal du s\u00f8rge for, at de er tilg\u00e6ngelige i det land, hvor du promoverer eToro. Du kan finde informationer om betalingsmetoder og begr\u00e6nsninger p\u00e5 <a href=\"https:\/\/www.etoro.com\/da-dk\/customer-service\/deposit-faq\/\">siden om indbetaling af penge<\/a> p\u00e5 eToro.<\/p>\n\n\n\n<p class=\"is-style-heading-2\">Eksempler p\u00e5 almindelige fejl:<\/p>\n\n\n\n<p>PayPal er ikke tilg\u00e6ngeligt i visse lande (fx Storbritannien) og er kun tilg\u00e6ngelig efter f\u00f8rste indbetaling i andre lande (fxHolland). Eftersom handlende ikke kan foretage deres f\u00f8rste indbetaling med PayPal i disse lande, b\u00f8r PayPal ikke n\u00e6vnes som en betalingsmetode, n\u00e5r du promoverer eToro i disse lande. Hvis din trafik er blandet, og du m\u00e5lretter din markedsf\u00f8ring mod lande, hvor PayPal er tilg\u00e6ngeligt og andre lande, hvor det ikke er, skal du n\u00e6vne listen over lande, hvor det ikke er tilg\u00e6ngeligt, og listen over lande, hvor det ikke er tilg\u00e6ngeligt for den f\u00f8rste indbetaling.<br><\/p>\n\n\n\n<p class=\"is-style-heading-2\">Kreditkort<\/p>\n\n\n\n<p>Storbritannien og Spanien: Kreditkort kan ikke bruges til at indbetale midler i Storbritannien eller i Spanien (debetkort er dog tilg\u00e6ngelige).<\/p>\n<\/div>\n<\/div>\n<\/div><\/section>\n","protected":false},"excerpt":{"rendered":"<p>Betalingsmetoder Hvad skal du v\u00e6re opm\u00e6rksom p\u00e5, n\u00e5r du n\u00e6vner betalingsmetoder?\u00a0 V\u00e6r pr\u00e6cis N\u00e5r du n\u00e6vner betalingsmetoder, skal du s\u00f8rge for, at de er tilg\u00e6ngelige i det land, hvor du promoverer eToro. Du kan finde informationer om betalingsmetoder og begr\u00e6nsninger p\u00e5 siden om indbetaling af penge p\u00e5 eToro. Eksempler p\u00e5 almindelige fejl: PayPal er ikke [&hellip;]<\/p>\n","protected":false},"author":11,"featured_media":8260,"parent":0,"menu_order":0,"comment_status":"closed","ping_status":"closed","template":"","meta":{"_acf_changed":false,"sticky_cta_settings":"","footnotes":""},"class_list":["post-8845","page","type-page","status-publish","has-post-thumbnail","hentry"],"acf":[],"yoast_head":"<!-- This site is optimized with the Yoast SEO plugin v27.3 - https:\/\/yoast.com\/product\/yoast-seo-wordpress\/ -->\n<title>Betalingsmetoder<\/title>\n<meta name=\"description\" content=\"What should you pay attention to when mentioning payment methods?\" \/>\n<meta name=\"robots\" content=\"index, follow, max-snippet:-1, max-image-preview:large, max-video-preview:-1\" \/>\n<link rel=\"canonical\" href=\"https:\/\/etoropartners.com\/da\/betalingsmetoder\/\" \/>\n<meta property=\"og:locale\" content=\"da_DK\" \/>\n<meta property=\"og:type\" content=\"article\" \/>\n<meta property=\"og:title\" content=\"Betalingsmetoder\" \/>\n<meta property=\"og:description\" content=\"What should you pay attention to when mentioning payment methods?\" \/>\n<meta property=\"og:url\" content=\"https:\/\/etoropartners.com\/da\/betalingsmetoder\/\" \/>\n<meta property=\"og:site_name\" content=\"eToro Partners\" \/>\n<meta property=\"article:modified_time\" content=\"2024-08-27T12:36:44+00:00\" \/>\n<meta property=\"og:image\" content=\"https:\/\/etoropartners.com\/wp-content\/uploads\/2024\/05\/Featured_PAYMENT-METHODS.png\" \/>\n\t<meta property=\"og:image:width\" content=\"1200\" \/>\n\t<meta property=\"og:image:height\" content=\"630\" \/>\n\t<meta property=\"og:image:type\" content=\"image\/png\" \/>\n<meta name=\"twitter:card\" content=\"summary_large_image\" \/>\n<meta name=\"twitter:label1\" content=\"Estimeret l\u00e6setid\" \/>\n\t<meta name=\"twitter:data1\" content=\"2 minutter\" \/>\n<script type=\"application\/ld+json\" class=\"yoast-schema-graph\">{\"@context\":\"https:\\\/\\\/schema.org\",\"@graph\":[{\"@type\":\"WebPage\",\"@id\":\"https:\\\/\\\/etoropartners.com\\\/da\\\/betalingsmetoder\\\/\",\"url\":\"https:\\\/\\\/etoropartners.com\\\/da\\\/betalingsmetoder\\\/\",\"name\":\"Betalingsmetoder\",\"isPartOf\":{\"@id\":\"https:\\\/\\\/etoropartners.com\\\/da\\\/#website\"},\"primaryImageOfPage\":{\"@id\":\"https:\\\/\\\/etoropartners.com\\\/da\\\/betalingsmetoder\\\/#primaryimage\"},\"image\":{\"@id\":\"https:\\\/\\\/etoropartners.com\\\/da\\\/betalingsmetoder\\\/#primaryimage\"},\"thumbnailUrl\":\"https:\\\/\\\/etoropartners.com\\\/wp-content\\\/uploads\\\/2024\\\/05\\\/Featured_PAYMENT-METHODS.png\",\"datePublished\":\"2024-05-22T11:12:03+00:00\",\"dateModified\":\"2024-08-27T12:36:44+00:00\",\"description\":\"What should you pay attention to when mentioning payment methods?\",\"breadcrumb\":{\"@id\":\"https:\\\/\\\/etoropartners.com\\\/da\\\/betalingsmetoder\\\/#breadcrumb\"},\"inLanguage\":\"da-DK\",\"potentialAction\":[{\"@type\":\"ReadAction\",\"target\":[\"https:\\\/\\\/etoropartners.com\\\/da\\\/betalingsmetoder\\\/\"]}]},{\"@type\":\"ImageObject\",\"inLanguage\":\"da-DK\",\"@id\":\"https:\\\/\\\/etoropartners.com\\\/da\\\/betalingsmetoder\\\/#primaryimage\",\"url\":\"https:\\\/\\\/etoropartners.com\\\/wp-content\\\/uploads\\\/2024\\\/05\\\/Featured_PAYMENT-METHODS.png\",\"contentUrl\":\"https:\\\/\\\/etoropartners.com\\\/wp-content\\\/uploads\\\/2024\\\/05\\\/Featured_PAYMENT-METHODS.png\",\"width\":1200,\"height\":630},{\"@type\":\"BreadcrumbList\",\"@id\":\"https:\\\/\\\/etoropartners.com\\\/da\\\/betalingsmetoder\\\/#breadcrumb\",\"itemListElement\":[{\"@type\":\"ListItem\",\"position\":1,\"name\":\"Home\",\"item\":\"https:\\\/\\\/etoropartners.wpengine.com\\\/da\\\/\"},{\"@type\":\"ListItem\",\"position\":2,\"name\":\"Betalingsmetoder\"}]},{\"@type\":\"WebSite\",\"@id\":\"https:\\\/\\\/etoropartners.com\\\/da\\\/#website\",\"url\":\"https:\\\/\\\/etoropartners.com\\\/da\\\/\",\"name\":\"eToro Partners\",\"description\":\"\",\"potentialAction\":[{\"@type\":\"SearchAction\",\"target\":{\"@type\":\"EntryPoint\",\"urlTemplate\":\"https:\\\/\\\/etoropartners.com\\\/da\\\/?s={search_term_string}\"},\"query-input\":{\"@type\":\"PropertyValueSpecification\",\"valueRequired\":true,\"valueName\":\"search_term_string\"}}],\"inLanguage\":\"da-DK\"}]}<\/script>\n<!-- \/ Yoast SEO plugin. -->","yoast_head_json":{"title":"Betalingsmetoder","description":"What should you pay attention to when mentioning payment methods?","robots":{"index":"index","follow":"follow","max-snippet":"max-snippet:-1","max-image-preview":"max-image-preview:large","max-video-preview":"max-video-preview:-1"},"canonical":"https:\/\/etoropartners.com\/da\/betalingsmetoder\/","og_locale":"da_DK","og_type":"article","og_title":"Betalingsmetoder","og_description":"What should you pay attention to when mentioning payment methods?","og_url":"https:\/\/etoropartners.com\/da\/betalingsmetoder\/","og_site_name":"eToro Partners","article_modified_time":"2024-08-27T12:36:44+00:00","og_image":[{"width":1200,"height":630,"url":"https:\/\/etoropartners.com\/wp-content\/uploads\/2024\/05\/Featured_PAYMENT-METHODS.png","type":"image\/png"}],"twitter_card":"summary_large_image","twitter_misc":{"Estimeret l\u00e6setid":"2 minutter"},"schema":{"@context":"https:\/\/schema.org","@graph":[{"@type":"WebPage","@id":"https:\/\/etoropartners.com\/da\/betalingsmetoder\/","url":"https:\/\/etoropartners.com\/da\/betalingsmetoder\/","name":"Betalingsmetoder","isPartOf":{"@id":"https:\/\/etoropartners.com\/da\/#website"},"primaryImageOfPage":{"@id":"https:\/\/etoropartners.com\/da\/betalingsmetoder\/#primaryimage"},"image":{"@id":"https:\/\/etoropartners.com\/da\/betalingsmetoder\/#primaryimage"},"thumbnailUrl":"https:\/\/etoropartners.com\/wp-content\/uploads\/2024\/05\/Featured_PAYMENT-METHODS.png","datePublished":"2024-05-22T11:12:03+00:00","dateModified":"2024-08-27T12:36:44+00:00","description":"What should you pay attention to when mentioning payment methods?","breadcrumb":{"@id":"https:\/\/etoropartners.com\/da\/betalingsmetoder\/#breadcrumb"},"inLanguage":"da-DK","potentialAction":[{"@type":"ReadAction","target":["https:\/\/etoropartners.com\/da\/betalingsmetoder\/"]}]},{"@type":"ImageObject","inLanguage":"da-DK","@id":"https:\/\/etoropartners.com\/da\/betalingsmetoder\/#primaryimage","url":"https:\/\/etoropartners.com\/wp-content\/uploads\/2024\/05\/Featured_PAYMENT-METHODS.png","contentUrl":"https:\/\/etoropartners.com\/wp-content\/uploads\/2024\/05\/Featured_PAYMENT-METHODS.png","width":1200,"height":630},{"@type":"BreadcrumbList","@id":"https:\/\/etoropartners.com\/da\/betalingsmetoder\/#breadcrumb","itemListElement":[{"@type":"ListItem","position":1,"name":"Home","item":"https:\/\/etoropartners.wpengine.com\/da\/"},{"@type":"ListItem","position":2,"name":"Betalingsmetoder"}]},{"@type":"WebSite","@id":"https:\/\/etoropartners.com\/da\/#website","url":"https:\/\/etoropartners.com\/da\/","name":"eToro Partners","description":"","potentialAction":[{"@type":"SearchAction","target":{"@type":"EntryPoint","urlTemplate":"https:\/\/etoropartners.com\/da\/?s={search_term_string}"},"query-input":{"@type":"PropertyValueSpecification","valueRequired":true,"valueName":"search_term_string"}}],"inLanguage":"da-DK"}]}},"_links":{"self":[{"href":"https:\/\/etoropartners.com\/da\/wp-json\/wp\/v2\/pages\/8845","targetHints":{"allow":["GET"]}}],"collection":[{"href":"https:\/\/etoropartners.com\/da\/wp-json\/wp\/v2\/pages"}],"about":[{"href":"https:\/\/etoropartners.com\/da\/wp-json\/wp\/v2\/types\/page"}],"author":[{"embeddable":true,"href":"https:\/\/etoropartners.com\/da\/wp-json\/wp\/v2\/users\/11"}],"replies":[{"embeddable":true,"href":"https:\/\/etoropartners.com\/da\/wp-json\/wp\/v2\/comments?post=8845"}],"version-history":[{"count":0,"href":"https:\/\/etoropartners.com\/da\/wp-json\/wp\/v2\/pages\/8845\/revisions"}],"wp:featuredmedia":[{"embeddable":true,"href":"https:\/\/etoropartners.com\/da\/wp-json\/wp\/v2\/media\/8260"}],"wp:attachment":[{"href":"https:\/\/etoropartners.com\/da\/wp-json\/wp\/v2\/media?parent=8845"}],"curies":[{"name":"wp","href":"https:\/\/api.w.org\/{rel}","templated":true}]}}