{"id":8813,"date":"2024-05-22T13:05:01","date_gmt":"2024-05-22T11:05:01","guid":{"rendered":"https:\/\/etoropartners.com\/regulators\/"},"modified":"2024-08-26T15:46:08","modified_gmt":"2024-08-26T13:46:08","slug":"regulators","status":"publish","type":"page","link":"https:\/\/etoropartners.com\/da\/regulators\/","title":{"rendered":"Regulatorer"},"content":{"rendered":"\n<section class=\"wp-block-group wp-block-group-boxed wp-block-group-small-top-padding wp-block-group-small-bottom-padding has-white-background-color has-background\"><div class=\"wp-block-group-inner is-layout-flow wp-block-group-is-layout-flow\">\n<div class=\"wp-block-columns are-vertically-aligned-top wp-block-columns-1 is-layout-flex wp-container-core-columns-is-layout-9d6595d7 wp-block-columns-is-layout-flex\">\n<div class=\"wp-block-column wp-block-column-align-desktop-center wp-block-column-align-mobile-center is-layout-flow wp-block-column-is-layout-flow\">\n<h2 class=\"wp-block-heading\">Regulatorer<\/h2>\n\n\n\n<figure class=\"wp-block-image size-full\"><img loading=\"lazy\" decoding=\"async\" width=\"1600\" height=\"400\" src=\"https:\/\/etoropartners.com\/wp-content\/uploads\/2024\/05\/Cover_OUR-REGULATION.jpg\" alt=\"\" class=\"wp-image-8239 wp-image-desktop\" srcset=\"https:\/\/etoropartners.com\/wp-content\/uploads\/2024\/05\/Cover_OUR-REGULATION.jpg 1600w, https:\/\/etoropartners.com\/wp-content\/uploads\/2024\/05\/Cover_OUR-REGULATION-300x75.jpg 300w, https:\/\/etoropartners.com\/wp-content\/uploads\/2024\/05\/Cover_OUR-REGULATION-1024x256.jpg 1024w, https:\/\/etoropartners.com\/wp-content\/uploads\/2024\/05\/Cover_OUR-REGULATION-768x192.jpg 768w, https:\/\/etoropartners.com\/wp-content\/uploads\/2024\/05\/Cover_OUR-REGULATION-1536x384.jpg 1536w\" sizes=\"auto, (max-width: 1600px) 100vw, 1600px\" \/><\/figure>\n<\/div>\n<\/div>\n<\/div><\/section>\n\n\n\n<section class=\"wp-block-group wp-block-group-boxed wp-block-group-small-top-padding wp-block-group-small-bottom-padding has-white-background-color has-background\"><div class=\"wp-block-group-inner is-layout-flow wp-block-group-is-layout-flow\">\n<div class=\"wp-block-columns are-vertically-aligned-top wp-block-columns-1 is-layout-flex wp-container-core-columns-is-layout-9d6595d7 wp-block-columns-is-layout-flex\">\n<div class=\"wp-block-column is-layout-flow wp-block-column-is-layout-flow\">\n<p>eToro er reguleret i adskillige jurisdiktioner. <a href=\"https:\/\/www.etoro.com\/da-dk\/customer-service\/regulation-license\/\">Klik her<\/a> for at l\u00e6re mere omkring vores licenser og reguleringer.\u00a0<\/p>\n\n\n\n<p class=\"is-style-heading-2\"><strong>Kan du n\u00e6vne regulatorerne?\u00a0<\/strong><\/p>\n\n\n\n<p>Regulatorerne m\u00e5 ikke bruges som et salgspunkt. Det betyder, at du skal v\u00e6re forsigtig med, hvordan du n\u00e6vner dem. Nedenfor er et par eksempler p\u00e5, hvordan du IKKE M\u00c5 n\u00e6vne regulatorerne:<\/p>\n\n\n\n<ul class=\"wp-block-list wp-block-list wp-block-list-circle\">\n<li>Skrive eller foresl\u00e5, at folk skal handle p\u00e5 eToro fordi det er et reguleret brand<\/li>\n\n\n\n<li>N\u00e6vne reguleringerne som \u201cPro\u201d<\/li>\n\n\n\n<li>Sammenligne eToro med et andet brand ved at bruge regulatorerne som en fordel ved eToro over andre<\/li>\n\n\n\n<li>Bruge regulatorens logo<\/li>\n\n\n\n<li>Bruge regulatorens navn i bannere<\/li>\n<\/ul>\n\n\n\n<p class=\"is-style-heading-2\"><strong>S\u00e5 hvad er tilladt?\u00a0<\/strong><\/p>\n\n\n\n<p>Det er OK at n\u00e6vne, at eToro er reguleret og af hvilke enheder, n\u00e5r du bare n\u00e6vner en kendsgerning, for eksempel som en af mange punkter i beskrivelsen af eToro og dets funktioner (fx i en anmeldelse)..<\/p>\n\n\n\n<p class=\"is-style-heading-2\"><strong>V\u00e6r pr\u00e6cis\u00a0<\/strong><\/p>\n\n\n\n<p><strong>Kryptovalutaer:&nbsp; <\/strong>Kryptovalutaer er ikke-regulerede instrumenter, s\u00e5 det ville v\u00e6re vildledende at n\u00e6vne regulatorerne, eller at eToro er reguleret i en artikel eller side omkring krypto. Undg\u00e5 at g\u00f8re det eller n\u00e6vne eksplicit, at kryptovalutaer ikke er regulerede (medmindre du m\u00e5lretter mod et amerikansk publikum, s\u00e5 er der ikke behov for at tilf\u00f8je det).<\/p>\n\n\n\n<p><strong>USA:<\/strong> I USA tilbyder eToro USA LLC en platform til amerikanske kunder, hvor de kan k\u00f8be og s\u00e6lge krypto, og er reguleret af FinCen, og eToro USA Securities Inc. er en m\u00e6gler-forhandler, der er reguleret af FINRA, som tillader handel med aktier, ETF\u2019er og optioner. Forveksl ikke de to.<\/p>\n<\/div>\n<\/div>\n<\/div><\/section>\n","protected":false},"excerpt":{"rendered":"<p>Regulatorer eToro er reguleret i adskillige jurisdiktioner. Klik her for at l\u00e6re mere omkring vores licenser og reguleringer.\u00a0 Kan du n\u00e6vne regulatorerne?\u00a0 Regulatorerne m\u00e5 ikke bruges som et salgspunkt. Det betyder, at du skal v\u00e6re forsigtig med, hvordan du n\u00e6vner dem. Nedenfor er et par eksempler p\u00e5, hvordan du IKKE M\u00c5 n\u00e6vne regulatorerne: S\u00e5 hvad [&hellip;]<\/p>\n","protected":false},"author":11,"featured_media":8228,"parent":0,"menu_order":0,"comment_status":"closed","ping_status":"closed","template":"","meta":{"_acf_changed":false,"sticky_cta_settings":"","footnotes":""},"class_list":["post-8813","page","type-page","status-publish","has-post-thumbnail","hentry"],"acf":[],"yoast_head":"<!-- This site is optimized with the Yoast SEO plugin v27.3 - https:\/\/yoast.com\/product\/yoast-seo-wordpress\/ -->\n<title>Regulatorer<\/title>\n<meta name=\"description\" content=\"eToro er reguleret i adskillige jurisdiktioner, klik her for at l\u00e6re mere om vores licenser og regler.\" \/>\n<meta name=\"robots\" content=\"index, follow, max-snippet:-1, max-image-preview:large, max-video-preview:-1\" \/>\n<link rel=\"canonical\" href=\"https:\/\/etoropartners.com\/da\/regulators\/\" \/>\n<meta property=\"og:locale\" content=\"da_DK\" \/>\n<meta property=\"og:type\" content=\"article\" \/>\n<meta property=\"og:title\" content=\"Regulatorer\" \/>\n<meta property=\"og:description\" content=\"eToro er reguleret i adskillige jurisdiktioner, klik her for at l\u00e6re mere om vores licenser og regler.\" \/>\n<meta property=\"og:url\" content=\"https:\/\/etoropartners.com\/da\/regulators\/\" \/>\n<meta property=\"og:site_name\" content=\"eToro Partners\" \/>\n<meta property=\"article:modified_time\" content=\"2024-08-26T13:46:08+00:00\" \/>\n<meta property=\"og:image\" content=\"https:\/\/etoropartners.com\/wp-content\/uploads\/2024\/05\/Featured_OUR-REGULATION.png\" \/>\n\t<meta property=\"og:image:width\" content=\"1200\" \/>\n\t<meta property=\"og:image:height\" content=\"630\" \/>\n\t<meta property=\"og:image:type\" content=\"image\/png\" \/>\n<meta name=\"twitter:card\" content=\"summary_large_image\" \/>\n<meta name=\"twitter:label1\" content=\"Estimeret l\u00e6setid\" \/>\n\t<meta name=\"twitter:data1\" content=\"2 minutter\" \/>\n<script type=\"application\/ld+json\" class=\"yoast-schema-graph\">{\"@context\":\"https:\\\/\\\/schema.org\",\"@graph\":[{\"@type\":\"WebPage\",\"@id\":\"https:\\\/\\\/etoropartners.com\\\/da\\\/regulators\\\/\",\"url\":\"https:\\\/\\\/etoropartners.com\\\/da\\\/regulators\\\/\",\"name\":\"Regulatorer\",\"isPartOf\":{\"@id\":\"https:\\\/\\\/etoropartners.com\\\/da\\\/#website\"},\"primaryImageOfPage\":{\"@id\":\"https:\\\/\\\/etoropartners.com\\\/da\\\/regulators\\\/#primaryimage\"},\"image\":{\"@id\":\"https:\\\/\\\/etoropartners.com\\\/da\\\/regulators\\\/#primaryimage\"},\"thumbnailUrl\":\"https:\\\/\\\/etoropartners.com\\\/wp-content\\\/uploads\\\/2024\\\/05\\\/Featured_OUR-REGULATION.png\",\"datePublished\":\"2024-05-22T11:05:01+00:00\",\"dateModified\":\"2024-08-26T13:46:08+00:00\",\"description\":\"eToro er reguleret i adskillige jurisdiktioner, klik her for at l\u00e6re mere om vores licenser og regler.\",\"breadcrumb\":{\"@id\":\"https:\\\/\\\/etoropartners.com\\\/da\\\/regulators\\\/#breadcrumb\"},\"inLanguage\":\"da-DK\",\"potentialAction\":[{\"@type\":\"ReadAction\",\"target\":[\"https:\\\/\\\/etoropartners.com\\\/da\\\/regulators\\\/\"]}]},{\"@type\":\"ImageObject\",\"inLanguage\":\"da-DK\",\"@id\":\"https:\\\/\\\/etoropartners.com\\\/da\\\/regulators\\\/#primaryimage\",\"url\":\"https:\\\/\\\/etoropartners.com\\\/wp-content\\\/uploads\\\/2024\\\/05\\\/Featured_OUR-REGULATION.png\",\"contentUrl\":\"https:\\\/\\\/etoropartners.com\\\/wp-content\\\/uploads\\\/2024\\\/05\\\/Featured_OUR-REGULATION.png\",\"width\":1200,\"height\":630},{\"@type\":\"BreadcrumbList\",\"@id\":\"https:\\\/\\\/etoropartners.com\\\/da\\\/regulators\\\/#breadcrumb\",\"itemListElement\":[{\"@type\":\"ListItem\",\"position\":1,\"name\":\"Home\",\"item\":\"https:\\\/\\\/etoropartners.wpengine.com\\\/da\\\/\"},{\"@type\":\"ListItem\",\"position\":2,\"name\":\"Regulatorer\"}]},{\"@type\":\"WebSite\",\"@id\":\"https:\\\/\\\/etoropartners.com\\\/da\\\/#website\",\"url\":\"https:\\\/\\\/etoropartners.com\\\/da\\\/\",\"name\":\"eToro Partners\",\"description\":\"\",\"potentialAction\":[{\"@type\":\"SearchAction\",\"target\":{\"@type\":\"EntryPoint\",\"urlTemplate\":\"https:\\\/\\\/etoropartners.com\\\/da\\\/?s={search_term_string}\"},\"query-input\":{\"@type\":\"PropertyValueSpecification\",\"valueRequired\":true,\"valueName\":\"search_term_string\"}}],\"inLanguage\":\"da-DK\"}]}<\/script>\n<!-- \/ Yoast SEO plugin. -->","yoast_head_json":{"title":"Regulatorer","description":"eToro er reguleret i adskillige jurisdiktioner, klik her for at l\u00e6re mere om vores licenser og regler.","robots":{"index":"index","follow":"follow","max-snippet":"max-snippet:-1","max-image-preview":"max-image-preview:large","max-video-preview":"max-video-preview:-1"},"canonical":"https:\/\/etoropartners.com\/da\/regulators\/","og_locale":"da_DK","og_type":"article","og_title":"Regulatorer","og_description":"eToro er reguleret i adskillige jurisdiktioner, klik her for at l\u00e6re mere om vores licenser og regler.","og_url":"https:\/\/etoropartners.com\/da\/regulators\/","og_site_name":"eToro Partners","article_modified_time":"2024-08-26T13:46:08+00:00","og_image":[{"width":1200,"height":630,"url":"https:\/\/etoropartners.com\/wp-content\/uploads\/2024\/05\/Featured_OUR-REGULATION.png","type":"image\/png"}],"twitter_card":"summary_large_image","twitter_misc":{"Estimeret l\u00e6setid":"2 minutter"},"schema":{"@context":"https:\/\/schema.org","@graph":[{"@type":"WebPage","@id":"https:\/\/etoropartners.com\/da\/regulators\/","url":"https:\/\/etoropartners.com\/da\/regulators\/","name":"Regulatorer","isPartOf":{"@id":"https:\/\/etoropartners.com\/da\/#website"},"primaryImageOfPage":{"@id":"https:\/\/etoropartners.com\/da\/regulators\/#primaryimage"},"image":{"@id":"https:\/\/etoropartners.com\/da\/regulators\/#primaryimage"},"thumbnailUrl":"https:\/\/etoropartners.com\/wp-content\/uploads\/2024\/05\/Featured_OUR-REGULATION.png","datePublished":"2024-05-22T11:05:01+00:00","dateModified":"2024-08-26T13:46:08+00:00","description":"eToro er reguleret i adskillige jurisdiktioner, klik her for at l\u00e6re mere om vores licenser og regler.","breadcrumb":{"@id":"https:\/\/etoropartners.com\/da\/regulators\/#breadcrumb"},"inLanguage":"da-DK","potentialAction":[{"@type":"ReadAction","target":["https:\/\/etoropartners.com\/da\/regulators\/"]}]},{"@type":"ImageObject","inLanguage":"da-DK","@id":"https:\/\/etoropartners.com\/da\/regulators\/#primaryimage","url":"https:\/\/etoropartners.com\/wp-content\/uploads\/2024\/05\/Featured_OUR-REGULATION.png","contentUrl":"https:\/\/etoropartners.com\/wp-content\/uploads\/2024\/05\/Featured_OUR-REGULATION.png","width":1200,"height":630},{"@type":"BreadcrumbList","@id":"https:\/\/etoropartners.com\/da\/regulators\/#breadcrumb","itemListElement":[{"@type":"ListItem","position":1,"name":"Home","item":"https:\/\/etoropartners.wpengine.com\/da\/"},{"@type":"ListItem","position":2,"name":"Regulatorer"}]},{"@type":"WebSite","@id":"https:\/\/etoropartners.com\/da\/#website","url":"https:\/\/etoropartners.com\/da\/","name":"eToro Partners","description":"","potentialAction":[{"@type":"SearchAction","target":{"@type":"EntryPoint","urlTemplate":"https:\/\/etoropartners.com\/da\/?s={search_term_string}"},"query-input":{"@type":"PropertyValueSpecification","valueRequired":true,"valueName":"search_term_string"}}],"inLanguage":"da-DK"}]}},"_links":{"self":[{"href":"https:\/\/etoropartners.com\/da\/wp-json\/wp\/v2\/pages\/8813","targetHints":{"allow":["GET"]}}],"collection":[{"href":"https:\/\/etoropartners.com\/da\/wp-json\/wp\/v2\/pages"}],"about":[{"href":"https:\/\/etoropartners.com\/da\/wp-json\/wp\/v2\/types\/page"}],"author":[{"embeddable":true,"href":"https:\/\/etoropartners.com\/da\/wp-json\/wp\/v2\/users\/11"}],"replies":[{"embeddable":true,"href":"https:\/\/etoropartners.com\/da\/wp-json\/wp\/v2\/comments?post=8813"}],"version-history":[{"count":0,"href":"https:\/\/etoropartners.com\/da\/wp-json\/wp\/v2\/pages\/8813\/revisions"}],"wp:featuredmedia":[{"embeddable":true,"href":"https:\/\/etoropartners.com\/da\/wp-json\/wp\/v2\/media\/8228"}],"wp:attachment":[{"href":"https:\/\/etoropartners.com\/da\/wp-json\/wp\/v2\/media?parent=8813"}],"curies":[{"name":"wp","href":"https:\/\/api.w.org\/{rel}","templated":true}]}}