{"id":8781,"date":"2024-05-22T10:54:03","date_gmt":"2024-05-22T08:54:03","guid":{"rendered":"https:\/\/etoropartners.com\/how-to-add-risk-warnings\/"},"modified":"2024-08-26T13:14:41","modified_gmt":"2024-08-26T11:14:41","slug":"how-to-add-risk-warnings","status":"publish","type":"page","link":"https:\/\/etoropartners.com\/da\/how-to-add-risk-warnings\/","title":{"rendered":"How to add risk warnings"},"content":{"rendered":"\n<section class=\"wp-block-group wp-block-group-boxed wp-block-group-small-top-padding wp-block-group-small-bottom-padding\"><div class=\"wp-block-group-inner is-layout-flow wp-block-group-is-layout-flow\">\n<div class=\"wp-block-columns are-vertically-aligned-top wp-block-columns-1 is-layout-flex wp-container-core-columns-is-layout-9d6595d7 wp-block-columns-is-layout-flex\">\n<div class=\"wp-block-column wp-block-column-align-desktop-center wp-block-column-align-mobile-center is-layout-flow wp-block-column-is-layout-flow\">\n<h2 class=\"wp-block-heading has-text-align-center\">S\u00e5dan tilf\u00f8jer du risikoadvarsler\u00a0<\/h2>\n\n\n\n<figure class=\"wp-block-image size-full\"><img loading=\"lazy\" decoding=\"async\" width=\"1600\" height=\"400\" src=\"https:\/\/etoropartners.com\/wp-content\/uploads\/2024\/05\/Cover_how-to-add-risk-warnings.jpg\" alt=\"\" class=\"wp-image-8176 wp-image-desktop\" srcset=\"https:\/\/etoropartners.com\/wp-content\/uploads\/2024\/05\/Cover_how-to-add-risk-warnings.jpg 1600w, https:\/\/etoropartners.com\/wp-content\/uploads\/2024\/05\/Cover_how-to-add-risk-warnings-300x75.jpg 300w, https:\/\/etoropartners.com\/wp-content\/uploads\/2024\/05\/Cover_how-to-add-risk-warnings-1024x256.jpg 1024w, https:\/\/etoropartners.com\/wp-content\/uploads\/2024\/05\/Cover_how-to-add-risk-warnings-768x192.jpg 768w, https:\/\/etoropartners.com\/wp-content\/uploads\/2024\/05\/Cover_how-to-add-risk-warnings-1536x384.jpg 1536w\" sizes=\"auto, (max-width: 1600px) 100vw, 1600px\" \/><\/figure>\n<\/div>\n<\/div>\n<\/div><\/section>\n\n\n\n<section class=\"wp-block-group wp-block-group-boxed wp-block-group-small-top-padding wp-block-group-small-bottom-padding\"><div class=\"wp-block-group-inner is-layout-flow wp-block-group-is-layout-flow\">\n<div class=\"wp-block-columns are-vertically-aligned-top wp-block-columns-1 is-layout-flex wp-container-core-columns-is-layout-9d6595d7 wp-block-columns-is-layout-flex\">\n<div class=\"wp-block-column is-layout-flow wp-block-column-is-layout-flow\">\n<p>Advarsler om risici skal fremg\u00e5 tydeligt, s\u00e5 forbrugeren nemt kan l\u00e6se og forst\u00e5 dem.<\/p>\n\n\n\n<p class=\"is-style-heading-2\">Hvor skal der placeres advarsler om risici?<\/p>\n\n\n\n<p>De skal tilf\u00f8jes til alle eToro-annoncer, ved siden af ethvert link til eToro eller CAT (call to action).<\/p>\n\n\n\n<p>I eToro-anmeldelser eller -artikler, der n\u00e6vner eToro, skal advarsler om risici tilf\u00f8jes i begyndelsen af teksten. Men hvis du har separate sektioner p\u00e5 samme side, fx bannere eller andre elementer, der linker til eToro, skal de have deres egne advarsler om risici, t\u00e6t ved linket eller deres call to action.&nbsp;<\/p>\n\n\n\n<p>I en video, kan du inkorporere advarsler om risici gennem hele videoens l\u00e6ngde eller have en fuld sk\u00e6rm med ansvarsfraskrivelsen i 10 sekunder i begyndelsen af videoen. Beskrivelsen af videoen skal ogs\u00e5 altid indeholde risikoadvarslen.<\/p>\n\n\n\n<p>Bem\u00e6rk, at hvis der ikke er plads til en fuld advarsel om risici i disse elementer, kan du bruge den kortere version af advarslen om risici, hvor det er muligt.<\/p>\n\n\n\n<p>Hvis du har brug for at tilf\u00f8je flere advarsler om risici p\u00e5 forskellige steder p\u00e5 siden, kan du ogs\u00e5 g\u00f8re dette ved at tilf\u00f8je en sv\u00e6vende advarsel om risici, der altid er synlig p\u00e5 siden.<\/p>\n<\/div>\n<\/div>\n<\/div><\/section>\n\n\n\n<section class=\"wp-block-group wp-block-group-boxed wp-block-group-small-top-padding wp-block-group-small-bottom-padding\"><div class=\"wp-block-group-inner is-layout-flow wp-block-group-is-layout-flow\">\n<div class=\"wp-block-columns are-vertically-aligned-top wp-block-columns-1 is-layout-flex wp-container-core-columns-is-layout-9d6595d7 wp-block-columns-is-layout-flex\">\n<div class=\"wp-block-column wp-block-column-align-desktop-center wp-block-column-align-mobile-center is-layout-flow wp-block-column-is-layout-flow\">\n<figure class=\"wp-block-embed is-type-rich is-provider-embed-handler wp-block-embed-embed-handler wp-embed-aspect-16-9 wp-has-aspect-ratio\"><div class=\"wp-block-embed__wrapper\">\n<div class=\"ec-video\"><iframe loading=\"lazy\" title=\"Compliance training video 4- 16:9 - How to  add risk warnings\" width=\"500\" height=\"281\" src=\"https:\/\/www.youtube.com\/embed\/Ar9eFGOq1xg?feature=oembed\" frameborder=\"0\" allow=\"accelerometer; autoplay; clipboard-write; encrypted-media; gyroscope; picture-in-picture; web-share\" referrerpolicy=\"strict-origin-when-cross-origin\" allowfullscreen><\/iframe><\/div>\n<\/div><\/figure>\n<\/div>\n<\/div>\n<\/div><\/section>\n\n\n\n<section class=\"wp-block-group wp-block-group-boxed wp-block-group-small-top-padding wp-block-group-small-bottom-padding\"><div class=\"wp-block-group-inner is-layout-flow wp-block-group-is-layout-flow\">\n<div class=\"wp-block-columns are-vertically-aligned-top wp-block-columns-1 is-layout-flex wp-container-core-columns-is-layout-9d6595d7 wp-block-columns-is-layout-flex\">\n<div class=\"wp-block-column is-layout-flow wp-block-column-is-layout-flow\">\n<p class=\"is-style-heading-2\">Hvordan finder du de relevante advarsler om risici?<\/p>\n\n\n\n<p>Advarslerne om risici, du skal bruge, er bestemt af landene, du m\u00e5lretter mod, og af de produkter, du n\u00e6vner. I <a href=\"https:\/\/etoropartners.com\/da\/guidelines\/\">retningslinjerne<\/a> kan du finde de relevante advarsler om risici sorteret p\u00e5 land og kategori.<\/p>\n\n\n\n<p>Hvis du m\u00e5lretter mod forskellige lande og i forskellige kategorier, s\u00e5 skal du bruge alle relevante ansvarsfraskrivelser om risici.<\/p>\n\n\n\n<p class=\"is-style-heading-2\"><br>Der er tre ting, du skal huske p\u00e5:<\/p>\n\n\n\n<p class=\"is-style-default\"><br><strong>Nummer 1.<\/strong> V\u00e6r opm\u00e6rksom p\u00e5, at visse lande som fx Spanien og Storbritannien har specifikke advarsler om risici ved krypto.<\/p>\n\n\n\n<p><strong>Nummer 2.<\/strong> Hvis du promoverer p\u00e5 sociale medier, skal du n\u00e6vne, at du er en affiliate-samarbejdspartner, eller at det er en betalt annonce. Det kan v\u00e6re noget s\u00e5 simpelt som at tilf\u00f8je hashtagget #advert (eller hvad det relevante ord er for det bestemte marked).<br><br><strong>Nummer 3.<\/strong> N\u00e5r du m\u00e5lretter mod markeder i USA, skal en samarbejdspartner (affiliate) altid oplyse om betalinger, de kan modtage fra affiliate-annoncer.<\/p>\n\n\n\n<p><strong>Til sidst, men ikke mindst<\/strong>\u2026 Det er vigtigt at n\u00e6vne, at de fleste af advarslerne om risici ved CFD har en procentsats, og vi er forpligtet til at \u00e6ndre denne procentsats hver 3. m\u00e5ned. Vi vil fremsende en foresp\u00f8rgsel p\u00e5 at \u00e6ndre procenten i nyhedssektionen p\u00e5 eToro Partners hjemmesiden, n\u00e5r det kr\u00e6ves. Vi anbefaler dog kraftigt, at du bruger det <a href=\"https:\/\/docs.google.com\/presentation\/d\/12qK8XF8UURt3y9hTFKDv3f0nudVZez_BNxgC2ZsvhFo\/edit#slide=id.g1c27c6d4ca5_0_0\">v\u00e6rkt\u00f8jet til ansvarsfraskrivelse om dynamisk procentsats<\/a>. Hvis du implementerer dette v\u00e6rkt\u00f8j, fremviser du den korrekte procentsats automatisk, og det sparer dig for en masse tid og arbejde.<\/p>\n<\/div>\n<\/div>\n<\/div><\/section>\n","protected":false},"excerpt":{"rendered":"<p>S\u00e5dan tilf\u00f8jer du risikoadvarsler\u00a0 Advarsler om risici skal fremg\u00e5 tydeligt, s\u00e5 forbrugeren nemt kan l\u00e6se og forst\u00e5 dem. Hvor skal der placeres advarsler om risici? De skal tilf\u00f8jes til alle eToro-annoncer, ved siden af ethvert link til eToro eller CAT (call to action). I eToro-anmeldelser eller -artikler, der n\u00e6vner eToro, skal advarsler om risici tilf\u00f8jes [&hellip;]<\/p>\n","protected":false},"author":11,"featured_media":8165,"parent":0,"menu_order":0,"comment_status":"closed","ping_status":"closed","template":"","meta":{"_acf_changed":false,"sticky_cta_settings":"","footnotes":""},"class_list":["post-8781","page","type-page","status-publish","has-post-thumbnail","hentry"],"acf":[],"yoast_head":"<!-- This site is optimized with the Yoast SEO plugin v27.3 - https:\/\/yoast.com\/product\/yoast-seo-wordpress\/ -->\n<title>Hvordan man tilf\u00f8jer advarsler om risici<\/title>\n<meta name=\"description\" content=\"Advarsler om risici skal v\u00e6re prominent fremvist s\u00e5 forbrugere nemt kan l\u00e6se og forst\u00e5 dem, s\u00e5 hvor skal de tilf\u00f8jes?\" \/>\n<meta name=\"robots\" content=\"index, follow, max-snippet:-1, max-image-preview:large, max-video-preview:-1\" \/>\n<link rel=\"canonical\" href=\"https:\/\/etoropartners.com\/da\/how-to-add-risk-warnings\/\" \/>\n<meta property=\"og:locale\" content=\"da_DK\" \/>\n<meta property=\"og:type\" content=\"article\" \/>\n<meta property=\"og:title\" content=\"Hvordan man tilf\u00f8jer advarsler om risici\" \/>\n<meta property=\"og:description\" content=\"Advarsler om risici skal v\u00e6re prominent fremvist s\u00e5 forbrugere nemt kan l\u00e6se og forst\u00e5 dem, s\u00e5 hvor skal de tilf\u00f8jes?\" \/>\n<meta property=\"og:url\" content=\"https:\/\/etoropartners.com\/da\/how-to-add-risk-warnings\/\" \/>\n<meta property=\"og:site_name\" content=\"eToro Partners\" \/>\n<meta property=\"article:modified_time\" content=\"2024-08-26T11:14:41+00:00\" \/>\n<meta property=\"og:image\" content=\"https:\/\/etoropartners.com\/wp-content\/uploads\/2024\/05\/Featured_how-to-add-risk-warnings.png\" \/>\n\t<meta property=\"og:image:width\" content=\"1200\" \/>\n\t<meta property=\"og:image:height\" content=\"630\" \/>\n\t<meta property=\"og:image:type\" content=\"image\/png\" \/>\n<meta name=\"twitter:card\" content=\"summary_large_image\" \/>\n<meta name=\"twitter:label1\" content=\"Estimeret l\u00e6setid\" \/>\n\t<meta name=\"twitter:data1\" content=\"3 minutter\" \/>\n<script type=\"application\/ld+json\" class=\"yoast-schema-graph\">{\"@context\":\"https:\\\/\\\/schema.org\",\"@graph\":[{\"@type\":\"WebPage\",\"@id\":\"https:\\\/\\\/etoropartners.com\\\/da\\\/how-to-add-risk-warnings\\\/\",\"url\":\"https:\\\/\\\/etoropartners.com\\\/da\\\/how-to-add-risk-warnings\\\/\",\"name\":\"Hvordan man tilf\u00f8jer advarsler om risici\",\"isPartOf\":{\"@id\":\"https:\\\/\\\/etoropartners.com\\\/da\\\/#website\"},\"primaryImageOfPage\":{\"@id\":\"https:\\\/\\\/etoropartners.com\\\/da\\\/how-to-add-risk-warnings\\\/#primaryimage\"},\"image\":{\"@id\":\"https:\\\/\\\/etoropartners.com\\\/da\\\/how-to-add-risk-warnings\\\/#primaryimage\"},\"thumbnailUrl\":\"https:\\\/\\\/etoropartners.com\\\/wp-content\\\/uploads\\\/2024\\\/05\\\/Featured_how-to-add-risk-warnings.png\",\"datePublished\":\"2024-05-22T08:54:03+00:00\",\"dateModified\":\"2024-08-26T11:14:41+00:00\",\"description\":\"Advarsler om risici skal v\u00e6re prominent fremvist s\u00e5 forbrugere nemt kan l\u00e6se og forst\u00e5 dem, s\u00e5 hvor skal de tilf\u00f8jes?\",\"breadcrumb\":{\"@id\":\"https:\\\/\\\/etoropartners.com\\\/da\\\/how-to-add-risk-warnings\\\/#breadcrumb\"},\"inLanguage\":\"da-DK\",\"potentialAction\":[{\"@type\":\"ReadAction\",\"target\":[\"https:\\\/\\\/etoropartners.com\\\/da\\\/how-to-add-risk-warnings\\\/\"]}]},{\"@type\":\"ImageObject\",\"inLanguage\":\"da-DK\",\"@id\":\"https:\\\/\\\/etoropartners.com\\\/da\\\/how-to-add-risk-warnings\\\/#primaryimage\",\"url\":\"https:\\\/\\\/etoropartners.com\\\/wp-content\\\/uploads\\\/2024\\\/05\\\/Featured_how-to-add-risk-warnings.png\",\"contentUrl\":\"https:\\\/\\\/etoropartners.com\\\/wp-content\\\/uploads\\\/2024\\\/05\\\/Featured_how-to-add-risk-warnings.png\",\"width\":1200,\"height\":630},{\"@type\":\"BreadcrumbList\",\"@id\":\"https:\\\/\\\/etoropartners.com\\\/da\\\/how-to-add-risk-warnings\\\/#breadcrumb\",\"itemListElement\":[{\"@type\":\"ListItem\",\"position\":1,\"name\":\"Home\",\"item\":\"https:\\\/\\\/etoropartners.wpengine.com\\\/da\\\/\"},{\"@type\":\"ListItem\",\"position\":2,\"name\":\"How to add risk warnings\"}]},{\"@type\":\"WebSite\",\"@id\":\"https:\\\/\\\/etoropartners.com\\\/da\\\/#website\",\"url\":\"https:\\\/\\\/etoropartners.com\\\/da\\\/\",\"name\":\"eToro Partners\",\"description\":\"\",\"potentialAction\":[{\"@type\":\"SearchAction\",\"target\":{\"@type\":\"EntryPoint\",\"urlTemplate\":\"https:\\\/\\\/etoropartners.com\\\/da\\\/?s={search_term_string}\"},\"query-input\":{\"@type\":\"PropertyValueSpecification\",\"valueRequired\":true,\"valueName\":\"search_term_string\"}}],\"inLanguage\":\"da-DK\"}]}<\/script>\n<!-- \/ Yoast SEO plugin. -->","yoast_head_json":{"title":"Hvordan man tilf\u00f8jer advarsler om risici","description":"Advarsler om risici skal v\u00e6re prominent fremvist s\u00e5 forbrugere nemt kan l\u00e6se og forst\u00e5 dem, s\u00e5 hvor skal de tilf\u00f8jes?","robots":{"index":"index","follow":"follow","max-snippet":"max-snippet:-1","max-image-preview":"max-image-preview:large","max-video-preview":"max-video-preview:-1"},"canonical":"https:\/\/etoropartners.com\/da\/how-to-add-risk-warnings\/","og_locale":"da_DK","og_type":"article","og_title":"Hvordan man tilf\u00f8jer advarsler om risici","og_description":"Advarsler om risici skal v\u00e6re prominent fremvist s\u00e5 forbrugere nemt kan l\u00e6se og forst\u00e5 dem, s\u00e5 hvor skal de tilf\u00f8jes?","og_url":"https:\/\/etoropartners.com\/da\/how-to-add-risk-warnings\/","og_site_name":"eToro Partners","article_modified_time":"2024-08-26T11:14:41+00:00","og_image":[{"width":1200,"height":630,"url":"https:\/\/etoropartners.com\/wp-content\/uploads\/2024\/05\/Featured_how-to-add-risk-warnings.png","type":"image\/png"}],"twitter_card":"summary_large_image","twitter_misc":{"Estimeret l\u00e6setid":"3 minutter"},"schema":{"@context":"https:\/\/schema.org","@graph":[{"@type":"WebPage","@id":"https:\/\/etoropartners.com\/da\/how-to-add-risk-warnings\/","url":"https:\/\/etoropartners.com\/da\/how-to-add-risk-warnings\/","name":"Hvordan man tilf\u00f8jer advarsler om risici","isPartOf":{"@id":"https:\/\/etoropartners.com\/da\/#website"},"primaryImageOfPage":{"@id":"https:\/\/etoropartners.com\/da\/how-to-add-risk-warnings\/#primaryimage"},"image":{"@id":"https:\/\/etoropartners.com\/da\/how-to-add-risk-warnings\/#primaryimage"},"thumbnailUrl":"https:\/\/etoropartners.com\/wp-content\/uploads\/2024\/05\/Featured_how-to-add-risk-warnings.png","datePublished":"2024-05-22T08:54:03+00:00","dateModified":"2024-08-26T11:14:41+00:00","description":"Advarsler om risici skal v\u00e6re prominent fremvist s\u00e5 forbrugere nemt kan l\u00e6se og forst\u00e5 dem, s\u00e5 hvor skal de tilf\u00f8jes?","breadcrumb":{"@id":"https:\/\/etoropartners.com\/da\/how-to-add-risk-warnings\/#breadcrumb"},"inLanguage":"da-DK","potentialAction":[{"@type":"ReadAction","target":["https:\/\/etoropartners.com\/da\/how-to-add-risk-warnings\/"]}]},{"@type":"ImageObject","inLanguage":"da-DK","@id":"https:\/\/etoropartners.com\/da\/how-to-add-risk-warnings\/#primaryimage","url":"https:\/\/etoropartners.com\/wp-content\/uploads\/2024\/05\/Featured_how-to-add-risk-warnings.png","contentUrl":"https:\/\/etoropartners.com\/wp-content\/uploads\/2024\/05\/Featured_how-to-add-risk-warnings.png","width":1200,"height":630},{"@type":"BreadcrumbList","@id":"https:\/\/etoropartners.com\/da\/how-to-add-risk-warnings\/#breadcrumb","itemListElement":[{"@type":"ListItem","position":1,"name":"Home","item":"https:\/\/etoropartners.wpengine.com\/da\/"},{"@type":"ListItem","position":2,"name":"How to add risk warnings"}]},{"@type":"WebSite","@id":"https:\/\/etoropartners.com\/da\/#website","url":"https:\/\/etoropartners.com\/da\/","name":"eToro Partners","description":"","potentialAction":[{"@type":"SearchAction","target":{"@type":"EntryPoint","urlTemplate":"https:\/\/etoropartners.com\/da\/?s={search_term_string}"},"query-input":{"@type":"PropertyValueSpecification","valueRequired":true,"valueName":"search_term_string"}}],"inLanguage":"da-DK"}]}},"_links":{"self":[{"href":"https:\/\/etoropartners.com\/da\/wp-json\/wp\/v2\/pages\/8781","targetHints":{"allow":["GET"]}}],"collection":[{"href":"https:\/\/etoropartners.com\/da\/wp-json\/wp\/v2\/pages"}],"about":[{"href":"https:\/\/etoropartners.com\/da\/wp-json\/wp\/v2\/types\/page"}],"author":[{"embeddable":true,"href":"https:\/\/etoropartners.com\/da\/wp-json\/wp\/v2\/users\/11"}],"replies":[{"embeddable":true,"href":"https:\/\/etoropartners.com\/da\/wp-json\/wp\/v2\/comments?post=8781"}],"version-history":[{"count":0,"href":"https:\/\/etoropartners.com\/da\/wp-json\/wp\/v2\/pages\/8781\/revisions"}],"wp:featuredmedia":[{"embeddable":true,"href":"https:\/\/etoropartners.com\/da\/wp-json\/wp\/v2\/media\/8165"}],"wp:attachment":[{"href":"https:\/\/etoropartners.com\/da\/wp-json\/wp\/v2\/media?parent=8781"}],"curies":[{"name":"wp","href":"https:\/\/api.w.org\/{rel}","templated":true}]}}