{"id":8750,"date":"2024-05-22T11:00:34","date_gmt":"2024-05-22T09:00:34","guid":{"rendered":"https:\/\/etoropartners.com\/investment-advice\/"},"modified":"2024-08-22T12:15:13","modified_gmt":"2024-08-22T10:15:13","slug":"investeringsraadgivning","status":"publish","type":"page","link":"https:\/\/etoropartners.com\/da\/investeringsraadgivning\/","title":{"rendered":"Iinvesteringsr\u00e5dgivning"},"content":{"rendered":"\n<section class=\"wp-block-group wp-block-group-boxed wp-block-group-small-top-padding wp-block-group-small-bottom-padding\"><div class=\"wp-block-group-inner is-layout-flow wp-block-group-is-layout-flow\">\n<div class=\"wp-block-columns are-vertically-aligned-top wp-block-columns-1 is-layout-flex wp-container-core-columns-is-layout-9d6595d7 wp-block-columns-is-layout-flex\">\n<div class=\"wp-block-column wp-block-column-align-desktop-center wp-block-column-align-mobile-center is-layout-flow wp-block-column-is-layout-flow\">\n<h2 class=\"wp-block-heading has-text-align-center\">investeringsr\u00e5dgivning<\/h2>\n<\/div>\n<\/div>\n\n\n\n<figure class=\"wp-block-image size-full\"><img loading=\"lazy\" decoding=\"async\" width=\"1600\" height=\"400\" src=\"https:\/\/etoropartners.com\/wp-content\/uploads\/2024\/05\/Cover_Investment-advice.jpg\" alt=\"\" class=\"wp-image-8208 wp-image-desktop\" srcset=\"https:\/\/etoropartners.com\/wp-content\/uploads\/2024\/05\/Cover_Investment-advice.jpg 1600w, https:\/\/etoropartners.com\/wp-content\/uploads\/2024\/05\/Cover_Investment-advice-300x75.jpg 300w, https:\/\/etoropartners.com\/wp-content\/uploads\/2024\/05\/Cover_Investment-advice-1024x256.jpg 1024w, https:\/\/etoropartners.com\/wp-content\/uploads\/2024\/05\/Cover_Investment-advice-768x192.jpg 768w, https:\/\/etoropartners.com\/wp-content\/uploads\/2024\/05\/Cover_Investment-advice-1536x384.jpg 1536w\" sizes=\"auto, (max-width: 1600px) 100vw, 1600px\" \/><\/figure>\n<\/div><\/section>\n\n\n\n<section class=\"wp-block-group wp-block-group-boxed wp-block-group-small-top-padding wp-block-group-small-bottom-padding\"><div class=\"wp-block-group-inner is-layout-flow wp-block-group-is-layout-flow\">\n<div class=\"wp-block-columns are-vertically-aligned-top wp-block-columns-1 is-layout-flex wp-container-core-columns-is-layout-9d6595d7 wp-block-columns-is-layout-flex\">\n<div class=\"wp-block-column is-layout-flow wp-block-column-is-layout-flow\">\n<p>Det er IKKE tilladt at tilbyde investeringsr\u00e5dgivning, men hvad er investeringsr\u00e5dgivning egentlig?<\/p>\n\n\n\n<p class=\"is-style-heading-2\">Hvad betragtes som v\u00e6rende investeringsr\u00e5dgivning?<\/p>\n\n\n\n<p>Investeringsr\u00e5dgivning er enhver form for anbefaling eller vejledning, der fors\u00f8ger at uddanne, informere eller guide en investor ang\u00e5ende et bestemt investeringsprodukt eller en serie af produkter.<\/p>\n\n\n\n<p>Det er ikke tilladt at r\u00e5dgive bes\u00f8gende til at k\u00f8be et instrument eller at anbefale specifikke investeringer, hverken implicit eller eksplicit.&nbsp;<\/p>\n\n\n\n<p>Til geng\u00e6ld kan analyser eller prognoser p\u00e5 instrumenter deles som investerings research og skal v\u00e6re generiske, baseret p\u00e5 offentlig tilg\u00e6ngelig information og ikke m\u00e5lrettet en specifik person eller gruppe af personer.<\/p>\n\n\n\n<p class=\"is-style-heading-2\">Advarsel om risici<\/p>\n\n\n\n<p>N\u00e5r du skriveren analyse eller prognose for et instrument, skal de f\u00f8lgende ansvarsfraskrivelser tilf\u00f8jes (udover de advarsler om risici, du kan finde under sektionen om advarsler om risici i <a href=\"https:\/\/etoropartners.com\/da\/guidelines\/\">retningslinjerne<\/a>):<\/p>\n\n\n\n<p>Denne kommunikation er kun til informations- og uddannelsesform\u00e5l og skal ikke betragtes som investeringsr\u00e5dgivning, en personlig anbefaling eller et tilbud om eller opfordring til at k\u00f8be eller s\u00e6lge nogen finansielle instrumenter. <strong>Dette materiale er udarbejdet uden hensyntagen nogen specifik modtagers investeringsm\u00e5l eller finansielle situation, og det er ikke blevet udarbejdet i overensstemmelse med de lovpligtige og regulative krav til at promovere selvst\u00e6ndig research. <\/strong>Tidligere eller fremtidig pr\u00e6station af et finansielt instrument, indeks eller et investeringsprodukt som pakkel\u00f8sning er ikke og b\u00f8r ikke betragtes som en trov\u00e6rdig indikator for fremtidige resultater. eToro har ingen repr\u00e6sentanter og p\u00e5tager sig intet ansvar i forhold til pr\u00e6cisionen eller fyldestg\u00f8relsen af indholdet i denne publikation.<\/p>\n\n\n\n<p class=\"is-style-heading-2\">V\u00e6r opm\u00e6rksom<\/p>\n\n\n\n<p><strong>USA:<\/strong> I USA m\u00e5 du ikke promovere eToro i prisprognoser. Det er tilladt at promovere eToro i instrument analyser, der ikke indeholder en prognose.<\/p>\n\n\n\n<p><strong>Norge og Schweiz:<\/strong> I Norge og Schweiz er det ikke tilladt at n\u00e6vne noget specifikt instrument. eToro kan heller ikke promoveres i artikler, der n\u00e6vner specifikke instrumenter. Du m\u00e5 gerne n\u00e6vne instrumentgrupper som fx aktier, CFD&#8217;er eller krypto, men ikke specifikke som fx Tesla eller Apple.Hvis du er i tvivl, skal du kontakte din Affiliate Manager eller <a href=\"mailto:lioraed@etoro.com\">Liora Edelstein<\/a> eller <a href=\"https:\/\/calendly.com\/lioraed\">booke et m\u00f8de<\/a>.<\/p>\n<\/div>\n<\/div>\n<\/div><\/section>\n","protected":false},"excerpt":{"rendered":"<p>investeringsr\u00e5dgivning Det er IKKE tilladt at tilbyde investeringsr\u00e5dgivning, men hvad er investeringsr\u00e5dgivning egentlig? Hvad betragtes som v\u00e6rende investeringsr\u00e5dgivning? Investeringsr\u00e5dgivning er enhver form for anbefaling eller vejledning, der fors\u00f8ger at uddanne, informere eller guide en investor ang\u00e5ende et bestemt investeringsprodukt eller en serie af produkter. Det er ikke tilladt at r\u00e5dgive bes\u00f8gende til at k\u00f8be et [&hellip;]<\/p>\n","protected":false},"author":11,"featured_media":8197,"parent":0,"menu_order":0,"comment_status":"closed","ping_status":"closed","template":"","meta":{"_acf_changed":false,"sticky_cta_settings":"","footnotes":""},"class_list":["post-8750","page","type-page","status-publish","has-post-thumbnail","hentry"],"acf":[],"yoast_head":"<!-- This site is optimized with the Yoast SEO plugin v27.3 - https:\/\/yoast.com\/product\/yoast-seo-wordpress\/ -->\n<title>investeringsr\u00e5dgivning<\/title>\n<meta name=\"description\" content=\"Det er IKKE tilladt at tilbyde investeringsr\u00e5dgivning, men hvad er investeringsr\u00e5dgivning egentlig?\" \/>\n<meta name=\"robots\" content=\"index, follow, max-snippet:-1, max-image-preview:large, max-video-preview:-1\" \/>\n<link rel=\"canonical\" href=\"https:\/\/etoropartners.com\/da\/investeringsraadgivning\/\" \/>\n<meta property=\"og:locale\" content=\"da_DK\" \/>\n<meta property=\"og:type\" content=\"article\" \/>\n<meta property=\"og:title\" content=\"investeringsr\u00e5dgivning\" \/>\n<meta property=\"og:description\" content=\"Det er IKKE tilladt at tilbyde investeringsr\u00e5dgivning, men hvad er investeringsr\u00e5dgivning egentlig?\" \/>\n<meta property=\"og:url\" content=\"https:\/\/etoropartners.com\/da\/investeringsraadgivning\/\" \/>\n<meta property=\"og:site_name\" content=\"eToro Partners\" \/>\n<meta property=\"article:modified_time\" content=\"2024-08-22T10:15:13+00:00\" \/>\n<meta property=\"og:image\" content=\"https:\/\/etoropartners.com\/wp-content\/uploads\/2024\/05\/Featured_Investment-advice.png\" \/>\n\t<meta property=\"og:image:width\" content=\"1200\" \/>\n\t<meta property=\"og:image:height\" content=\"630\" \/>\n\t<meta property=\"og:image:type\" content=\"image\/png\" \/>\n<meta name=\"twitter:card\" content=\"summary_large_image\" \/>\n<meta name=\"twitter:label1\" content=\"Estimeret l\u00e6setid\" \/>\n\t<meta name=\"twitter:data1\" content=\"2 minutter\" \/>\n<script type=\"application\/ld+json\" class=\"yoast-schema-graph\">{\"@context\":\"https:\\\/\\\/schema.org\",\"@graph\":[{\"@type\":\"WebPage\",\"@id\":\"https:\\\/\\\/etoropartners.com\\\/da\\\/investeringsraadgivning\\\/\",\"url\":\"https:\\\/\\\/etoropartners.com\\\/da\\\/investeringsraadgivning\\\/\",\"name\":\"investeringsr\u00e5dgivning\",\"isPartOf\":{\"@id\":\"https:\\\/\\\/etoropartners.com\\\/da\\\/#website\"},\"primaryImageOfPage\":{\"@id\":\"https:\\\/\\\/etoropartners.com\\\/da\\\/investeringsraadgivning\\\/#primaryimage\"},\"image\":{\"@id\":\"https:\\\/\\\/etoropartners.com\\\/da\\\/investeringsraadgivning\\\/#primaryimage\"},\"thumbnailUrl\":\"https:\\\/\\\/etoropartners.com\\\/wp-content\\\/uploads\\\/2024\\\/05\\\/Featured_Investment-advice.png\",\"datePublished\":\"2024-05-22T09:00:34+00:00\",\"dateModified\":\"2024-08-22T10:15:13+00:00\",\"description\":\"Det er IKKE tilladt at tilbyde investeringsr\u00e5dgivning, men hvad er investeringsr\u00e5dgivning egentlig?\",\"breadcrumb\":{\"@id\":\"https:\\\/\\\/etoropartners.com\\\/da\\\/investeringsraadgivning\\\/#breadcrumb\"},\"inLanguage\":\"da-DK\",\"potentialAction\":[{\"@type\":\"ReadAction\",\"target\":[\"https:\\\/\\\/etoropartners.com\\\/da\\\/investeringsraadgivning\\\/\"]}]},{\"@type\":\"ImageObject\",\"inLanguage\":\"da-DK\",\"@id\":\"https:\\\/\\\/etoropartners.com\\\/da\\\/investeringsraadgivning\\\/#primaryimage\",\"url\":\"https:\\\/\\\/etoropartners.com\\\/wp-content\\\/uploads\\\/2024\\\/05\\\/Featured_Investment-advice.png\",\"contentUrl\":\"https:\\\/\\\/etoropartners.com\\\/wp-content\\\/uploads\\\/2024\\\/05\\\/Featured_Investment-advice.png\",\"width\":1200,\"height\":630},{\"@type\":\"BreadcrumbList\",\"@id\":\"https:\\\/\\\/etoropartners.com\\\/da\\\/investeringsraadgivning\\\/#breadcrumb\",\"itemListElement\":[{\"@type\":\"ListItem\",\"position\":1,\"name\":\"Home\",\"item\":\"https:\\\/\\\/etoropartners.wpengine.com\\\/da\\\/\"},{\"@type\":\"ListItem\",\"position\":2,\"name\":\"Iinvesteringsr\u00e5dgivning\"}]},{\"@type\":\"WebSite\",\"@id\":\"https:\\\/\\\/etoropartners.com\\\/da\\\/#website\",\"url\":\"https:\\\/\\\/etoropartners.com\\\/da\\\/\",\"name\":\"eToro Partners\",\"description\":\"\",\"potentialAction\":[{\"@type\":\"SearchAction\",\"target\":{\"@type\":\"EntryPoint\",\"urlTemplate\":\"https:\\\/\\\/etoropartners.com\\\/da\\\/?s={search_term_string}\"},\"query-input\":{\"@type\":\"PropertyValueSpecification\",\"valueRequired\":true,\"valueName\":\"search_term_string\"}}],\"inLanguage\":\"da-DK\"}]}<\/script>\n<!-- \/ Yoast SEO plugin. -->","yoast_head_json":{"title":"investeringsr\u00e5dgivning","description":"Det er IKKE tilladt at tilbyde investeringsr\u00e5dgivning, men hvad er investeringsr\u00e5dgivning egentlig?","robots":{"index":"index","follow":"follow","max-snippet":"max-snippet:-1","max-image-preview":"max-image-preview:large","max-video-preview":"max-video-preview:-1"},"canonical":"https:\/\/etoropartners.com\/da\/investeringsraadgivning\/","og_locale":"da_DK","og_type":"article","og_title":"investeringsr\u00e5dgivning","og_description":"Det er IKKE tilladt at tilbyde investeringsr\u00e5dgivning, men hvad er investeringsr\u00e5dgivning egentlig?","og_url":"https:\/\/etoropartners.com\/da\/investeringsraadgivning\/","og_site_name":"eToro Partners","article_modified_time":"2024-08-22T10:15:13+00:00","og_image":[{"width":1200,"height":630,"url":"https:\/\/etoropartners.com\/wp-content\/uploads\/2024\/05\/Featured_Investment-advice.png","type":"image\/png"}],"twitter_card":"summary_large_image","twitter_misc":{"Estimeret l\u00e6setid":"2 minutter"},"schema":{"@context":"https:\/\/schema.org","@graph":[{"@type":"WebPage","@id":"https:\/\/etoropartners.com\/da\/investeringsraadgivning\/","url":"https:\/\/etoropartners.com\/da\/investeringsraadgivning\/","name":"investeringsr\u00e5dgivning","isPartOf":{"@id":"https:\/\/etoropartners.com\/da\/#website"},"primaryImageOfPage":{"@id":"https:\/\/etoropartners.com\/da\/investeringsraadgivning\/#primaryimage"},"image":{"@id":"https:\/\/etoropartners.com\/da\/investeringsraadgivning\/#primaryimage"},"thumbnailUrl":"https:\/\/etoropartners.com\/wp-content\/uploads\/2024\/05\/Featured_Investment-advice.png","datePublished":"2024-05-22T09:00:34+00:00","dateModified":"2024-08-22T10:15:13+00:00","description":"Det er IKKE tilladt at tilbyde investeringsr\u00e5dgivning, men hvad er investeringsr\u00e5dgivning egentlig?","breadcrumb":{"@id":"https:\/\/etoropartners.com\/da\/investeringsraadgivning\/#breadcrumb"},"inLanguage":"da-DK","potentialAction":[{"@type":"ReadAction","target":["https:\/\/etoropartners.com\/da\/investeringsraadgivning\/"]}]},{"@type":"ImageObject","inLanguage":"da-DK","@id":"https:\/\/etoropartners.com\/da\/investeringsraadgivning\/#primaryimage","url":"https:\/\/etoropartners.com\/wp-content\/uploads\/2024\/05\/Featured_Investment-advice.png","contentUrl":"https:\/\/etoropartners.com\/wp-content\/uploads\/2024\/05\/Featured_Investment-advice.png","width":1200,"height":630},{"@type":"BreadcrumbList","@id":"https:\/\/etoropartners.com\/da\/investeringsraadgivning\/#breadcrumb","itemListElement":[{"@type":"ListItem","position":1,"name":"Home","item":"https:\/\/etoropartners.wpengine.com\/da\/"},{"@type":"ListItem","position":2,"name":"Iinvesteringsr\u00e5dgivning"}]},{"@type":"WebSite","@id":"https:\/\/etoropartners.com\/da\/#website","url":"https:\/\/etoropartners.com\/da\/","name":"eToro Partners","description":"","potentialAction":[{"@type":"SearchAction","target":{"@type":"EntryPoint","urlTemplate":"https:\/\/etoropartners.com\/da\/?s={search_term_string}"},"query-input":{"@type":"PropertyValueSpecification","valueRequired":true,"valueName":"search_term_string"}}],"inLanguage":"da-DK"}]}},"_links":{"self":[{"href":"https:\/\/etoropartners.com\/da\/wp-json\/wp\/v2\/pages\/8750","targetHints":{"allow":["GET"]}}],"collection":[{"href":"https:\/\/etoropartners.com\/da\/wp-json\/wp\/v2\/pages"}],"about":[{"href":"https:\/\/etoropartners.com\/da\/wp-json\/wp\/v2\/types\/page"}],"author":[{"embeddable":true,"href":"https:\/\/etoropartners.com\/da\/wp-json\/wp\/v2\/users\/11"}],"replies":[{"embeddable":true,"href":"https:\/\/etoropartners.com\/da\/wp-json\/wp\/v2\/comments?post=8750"}],"version-history":[{"count":0,"href":"https:\/\/etoropartners.com\/da\/wp-json\/wp\/v2\/pages\/8750\/revisions"}],"wp:featuredmedia":[{"embeddable":true,"href":"https:\/\/etoropartners.com\/da\/wp-json\/wp\/v2\/media\/8197"}],"wp:attachment":[{"href":"https:\/\/etoropartners.com\/da\/wp-json\/wp\/v2\/media?parent=8750"}],"curies":[{"name":"wp","href":"https:\/\/api.w.org\/{rel}","templated":true}]}}